{"id":41,"date":"2021-10-13T11:45:22","date_gmt":"2021-10-13T09:45:22","guid":{"rendered":"https:\/\/pb.edu.pl\/maturanek\/?page_id=41"},"modified":"2025-10-28T11:36:08","modified_gmt":"2025-10-28T10:36:08","slug":"program","status":"publish","type":"page","link":"https:\/\/pb.edu.pl\/maturanek\/program\/","title":{"rendered":"Program"},"content":{"rendered":"<p>To b\u0119dzie prawdziwy konkret maturalny! Dzi\u0119ki wiedzy naszych ekspert\u00f3w z \u0142atwo\u015bci\u0105 poradzisz sobie nawet z najtrudniejszymi zadaniami na egzaminie dojrza\u0142o\u015bci!<\/p>\n<p>Sprawd\u017a, co dla Ciebie przygotowali\u015bmy! Zapisz si\u0119 na spotkania z ekspertami &#8211; liczba miejsc ograniczona!<br \/>\n&nbsp;<\/p>\n<div class=\"h2\">Maturanek 2025 &#8211; program wydarzenia:<\/div>\n<p>? 9:00 \u2013 Wszystko, co powinien wiedzie\u0107 ucze\u0144 o maturze w 2026 roku \/ dr Agnieszka Barbara Muzyk \u2013 Dyrektor OKE w \u0141om\u017cy (Aula I WE)<\/p>\n<p>? 10:00 \u2013 O maturze z matematyki na poziomie podstawowym \/ Ireneusz Dzida \u2013 OKE w \u0141om\u017cy (Aula I WE)<\/p>\n<p>? 10:00 \u2013 O maturze z j\u0119zyka angielskiego \/ Mariusz Zysk \u2013 OKE w \u0141om\u017cy (Aula III WE)<\/p>\n<p>? 11:00 \u2013 O maturze z matematyki na poziomie rozszerzonym \/ Ireneusz Dzida \u2013 OKE w \u0141om\u017cy (Aula III WE)<\/p>\n<p>? 11:00 \u2013 O maturze z j\u0119zyka polskiego \/ Zbigniew Kosi\u0144ski \u2013 OKE w \u0141om\u017cy (Aula I WE)<\/p>\n<p>? 12:00 \u2013 Jak nie dowodzi\u0107 na maturze ! \/ dr in\u017c. Rajmund Stasiewicz z <a title=\"\" href=\"https:\/\/wi.pb.edu.pl\/\">Wydzia\u0142u Informatyki Politechniki Bia\u0142ostockiej<\/a> (Aula I WE)<br \/>\n&nbsp;<\/p>\n<p><strong><span style=\"color: #eb0000\">UWAGA!<\/span><\/strong><\/p>\n<p>Wydarzenie odbywa si\u0119 na <strong>Wydziale Elektrycznym Politechniki Bia\u0142ostockiej<\/strong> (ul. Wiejska 45E, 15-351 Bia\u0142ystok)<\/p>\n<p>Na miejscu, prosimy uda\u0107 si\u0119 do punktu rejestracyjnego, kt\u00f3rego obs\u0142uga kieruje uczestnik\u00f3w do odpowiedniej auli, w kt\u00f3rej odbywaj\u0105 si\u0119 wyk\u0142ady.<\/p>\n<p>&nbsp;<br \/>\n&nbsp;<\/p>\n<div class=\"image\"><a href=\"https:\/\/pb.edu.pl\/maturanek\/zapisy\/\"><img loading=\"lazy\" decoding=\"async\" class=\"aligncenter wp-image-68 size-full\" src=\"https:\/\/pb.edu.pl\/maturanek\/wp-content\/uploads\/sites\/71\/2023\/10\/baner_zapisz-sie.png\" alt=\"ZAPISZ SI\u0118\" width=\"1451\" height=\"67\"><\/a><\/div>\n","protected":false},"excerpt":{"rendered":"<p>To b\u0119dzie prawdziwy konkret maturalny! Dzi\u0119ki wiedzy naszych ekspert\u00f3w z \u0142atwo\u015bci\u0105 poradzisz sobie nawet z<\/p>\n","protected":false},"author":2,"featured_media":0,"parent":0,"menu_order":2,"comment_status":"closed","ping_status":"closed","template":"","meta":{"_acf_changed":false,"ngg_post_thumbnail":0,"footnotes":""},"class_list":["post-41","page","type-page","status-publish","hentry"],"acf":[],"yoast_head":"<!-- This site is optimized with the Yoast SEO plugin v27.0 - https:\/\/yoast.com\/product\/yoast-seo-wordpress\/ -->\n<title>Program - #maturanekPB<\/title>\n<meta name=\"description\" content=\"To b\u0119dzie prawdziwy konkret maturalny! Dzi\u0119ki wiedzy naszych ekspert\u00f3w z \u0142atwo\u015bci\u0105 poradzisz sobie nawet z najtrudniejszymi zadaniami na egzaminie\" \/>\n<meta name=\"robots\" content=\"index, follow, max-snippet:-1, max-image-preview:large, max-video-preview:-1\" \/>\n<link rel=\"canonical\" href=\"https:\/\/pb.edu.pl\/maturanek\/program\/\" \/>\n<meta property=\"og:locale\" content=\"pl_PL\" \/>\n<meta property=\"og:type\" content=\"article\" \/>\n<meta property=\"og:title\" content=\"Program - #maturanekPB\" \/>\n<meta property=\"og:description\" content=\"To b\u0119dzie prawdziwy konkret maturalny! Dzi\u0119ki wiedzy naszych ekspert\u00f3w z \u0142atwo\u015bci\u0105 poradzisz sobie nawet z najtrudniejszymi zadaniami na egzaminie\" \/>\n<meta property=\"og:url\" content=\"https:\/\/pb.edu.pl\/maturanek\/program\/\" \/>\n<meta property=\"og:site_name\" content=\"#maturanekPB\" \/>\n<meta property=\"article:modified_time\" content=\"2025-10-28T10:36:08+00:00\" \/>\n<meta property=\"og:image\" content=\"https:\/\/pb.edu.pl\/maturanek\/wp-content\/uploads\/sites\/71\/2023\/10\/baner_zapisz-sie.png\" \/>\n<meta name=\"twitter:card\" content=\"summary_large_image\" \/>\n<meta name=\"twitter:label1\" content=\"Szacowany czas czytania\" \/>\n\t<meta name=\"twitter:data1\" content=\"1 minuta\" \/>\n<script type=\"application\/ld+json\" class=\"yoast-schema-graph\">{\"@context\":\"https:\/\/schema.org\",\"@graph\":[{\"@type\":\"WebPage\",\"@id\":\"https:\/\/pb.edu.pl\/maturanek\/program\/\",\"url\":\"https:\/\/pb.edu.pl\/maturanek\/program\/\",\"name\":\"Program - #maturanekPB\",\"isPartOf\":{\"@id\":\"https:\/\/pb.edu.pl\/maturanek\/#website\"},\"primaryImageOfPage\":{\"@id\":\"https:\/\/pb.edu.pl\/maturanek\/program\/#primaryimage\"},\"image\":{\"@id\":\"https:\/\/pb.edu.pl\/maturanek\/program\/#primaryimage\"},\"thumbnailUrl\":\"https:\/\/pb.edu.pl\/maturanek\/wp-content\/uploads\/sites\/71\/2023\/10\/baner_zapisz-sie.png\",\"datePublished\":\"2021-10-13T09:45:22+00:00\",\"dateModified\":\"2025-10-28T10:36:08+00:00\",\"description\":\"To b\u0119dzie prawdziwy konkret maturalny! Dzi\u0119ki wiedzy naszych ekspert\u00f3w z \u0142atwo\u015bci\u0105 poradzisz sobie nawet z najtrudniejszymi zadaniami na egzaminie\",\"breadcrumb\":{\"@id\":\"https:\/\/pb.edu.pl\/maturanek\/program\/#breadcrumb\"},\"inLanguage\":\"pl-PL\",\"potentialAction\":[{\"@type\":\"ReadAction\",\"target\":[\"https:\/\/pb.edu.pl\/maturanek\/program\/\"]}]},{\"@type\":\"ImageObject\",\"inLanguage\":\"pl-PL\",\"@id\":\"https:\/\/pb.edu.pl\/maturanek\/program\/#primaryimage\",\"url\":\"https:\/\/pb.edu.pl\/maturanek\/wp-content\/uploads\/sites\/71\/2023\/10\/baner_zapisz-sie.png\",\"contentUrl\":\"https:\/\/pb.edu.pl\/maturanek\/wp-content\/uploads\/sites\/71\/2023\/10\/baner_zapisz-sie.png\"},{\"@type\":\"BreadcrumbList\",\"@id\":\"https:\/\/pb.edu.pl\/maturanek\/program\/#breadcrumb\",\"itemListElement\":[{\"@type\":\"ListItem\",\"position\":1,\"name\":\"Strona g\u0142\u00f3wna\",\"item\":\"https:\/\/pb.edu.pl\/maturanek\/\"},{\"@type\":\"ListItem\",\"position\":2,\"name\":\"Program\"}]},{\"@type\":\"WebSite\",\"@id\":\"https:\/\/pb.edu.pl\/maturanek\/#website\",\"url\":\"https:\/\/pb.edu.pl\/maturanek\/\",\"name\":\"#maturanekPB\",\"description\":\"\",\"potentialAction\":[{\"@type\":\"SearchAction\",\"target\":{\"@type\":\"EntryPoint\",\"urlTemplate\":\"https:\/\/pb.edu.pl\/maturanek\/?s={search_term_string}\"},\"query-input\":{\"@type\":\"PropertyValueSpecification\",\"valueRequired\":true,\"valueName\":\"search_term_string\"}}],\"inLanguage\":\"pl-PL\"}]}<\/script>\n<!-- \/ Yoast SEO plugin. -->","yoast_head_json":{"title":"Program - #maturanekPB","description":"To b\u0119dzie prawdziwy konkret maturalny! Dzi\u0119ki wiedzy naszych ekspert\u00f3w z \u0142atwo\u015bci\u0105 poradzisz sobie nawet z najtrudniejszymi zadaniami na egzaminie","robots":{"index":"index","follow":"follow","max-snippet":"max-snippet:-1","max-image-preview":"max-image-preview:large","max-video-preview":"max-video-preview:-1"},"canonical":"https:\/\/pb.edu.pl\/maturanek\/program\/","og_locale":"pl_PL","og_type":"article","og_title":"Program - #maturanekPB","og_description":"To b\u0119dzie prawdziwy konkret maturalny! Dzi\u0119ki wiedzy naszych ekspert\u00f3w z \u0142atwo\u015bci\u0105 poradzisz sobie nawet z najtrudniejszymi zadaniami na egzaminie","og_url":"https:\/\/pb.edu.pl\/maturanek\/program\/","og_site_name":"#maturanekPB","article_modified_time":"2025-10-28T10:36:08+00:00","og_image":[{"url":"https:\/\/pb.edu.pl\/maturanek\/wp-content\/uploads\/sites\/71\/2023\/10\/baner_zapisz-sie.png","type":"","width":"","height":""}],"twitter_card":"summary_large_image","twitter_misc":{"Szacowany czas czytania":"1 minuta"},"schema":{"@context":"https:\/\/schema.org","@graph":[{"@type":"WebPage","@id":"https:\/\/pb.edu.pl\/maturanek\/program\/","url":"https:\/\/pb.edu.pl\/maturanek\/program\/","name":"Program - #maturanekPB","isPartOf":{"@id":"https:\/\/pb.edu.pl\/maturanek\/#website"},"primaryImageOfPage":{"@id":"https:\/\/pb.edu.pl\/maturanek\/program\/#primaryimage"},"image":{"@id":"https:\/\/pb.edu.pl\/maturanek\/program\/#primaryimage"},"thumbnailUrl":"https:\/\/pb.edu.pl\/maturanek\/wp-content\/uploads\/sites\/71\/2023\/10\/baner_zapisz-sie.png","datePublished":"2021-10-13T09:45:22+00:00","dateModified":"2025-10-28T10:36:08+00:00","description":"To b\u0119dzie prawdziwy konkret maturalny! Dzi\u0119ki wiedzy naszych ekspert\u00f3w z \u0142atwo\u015bci\u0105 poradzisz sobie nawet z najtrudniejszymi zadaniami na egzaminie","breadcrumb":{"@id":"https:\/\/pb.edu.pl\/maturanek\/program\/#breadcrumb"},"inLanguage":"pl-PL","potentialAction":[{"@type":"ReadAction","target":["https:\/\/pb.edu.pl\/maturanek\/program\/"]}]},{"@type":"ImageObject","inLanguage":"pl-PL","@id":"https:\/\/pb.edu.pl\/maturanek\/program\/#primaryimage","url":"https:\/\/pb.edu.pl\/maturanek\/wp-content\/uploads\/sites\/71\/2023\/10\/baner_zapisz-sie.png","contentUrl":"https:\/\/pb.edu.pl\/maturanek\/wp-content\/uploads\/sites\/71\/2023\/10\/baner_zapisz-sie.png"},{"@type":"BreadcrumbList","@id":"https:\/\/pb.edu.pl\/maturanek\/program\/#breadcrumb","itemListElement":[{"@type":"ListItem","position":1,"name":"Strona g\u0142\u00f3wna","item":"https:\/\/pb.edu.pl\/maturanek\/"},{"@type":"ListItem","position":2,"name":"Program"}]},{"@type":"WebSite","@id":"https:\/\/pb.edu.pl\/maturanek\/#website","url":"https:\/\/pb.edu.pl\/maturanek\/","name":"#maturanekPB","description":"","potentialAction":[{"@type":"SearchAction","target":{"@type":"EntryPoint","urlTemplate":"https:\/\/pb.edu.pl\/maturanek\/?s={search_term_string}"},"query-input":{"@type":"PropertyValueSpecification","valueRequired":true,"valueName":"search_term_string"}}],"inLanguage":"pl-PL"}]}},"_links":{"self":[{"href":"https:\/\/pb.edu.pl\/maturanek\/wp-json\/wp\/v2\/pages\/41","targetHints":{"allow":["GET"]}}],"collection":[{"href":"https:\/\/pb.edu.pl\/maturanek\/wp-json\/wp\/v2\/pages"}],"about":[{"href":"https:\/\/pb.edu.pl\/maturanek\/wp-json\/wp\/v2\/types\/page"}],"author":[{"embeddable":true,"href":"https:\/\/pb.edu.pl\/maturanek\/wp-json\/wp\/v2\/users\/2"}],"replies":[{"embeddable":true,"href":"https:\/\/pb.edu.pl\/maturanek\/wp-json\/wp\/v2\/comments?post=41"}],"version-history":[{"count":0,"href":"https:\/\/pb.edu.pl\/maturanek\/wp-json\/wp\/v2\/pages\/41\/revisions"}],"wp:attachment":[{"href":"https:\/\/pb.edu.pl\/maturanek\/wp-json\/wp\/v2\/media?parent=41"}],"curies":[{"name":"wp","href":"https:\/\/api.w.org\/{rel}","templated":true}]}}