{"id":313,"date":"2021-11-12T16:39:53","date_gmt":"2021-11-12T15:39:53","guid":{"rendered":"https:\/\/pb.edu.pl\/maturanek\/?page_id=313"},"modified":"2021-11-12T16:46:21","modified_gmt":"2021-11-12T15:46:21","slug":"aktualnosci","status":"publish","type":"page","link":"https:\/\/pb.edu.pl\/maturanek\/aktualnosci\/","title":{"rendered":"Aktualno\u015bci"},"content":{"rendered":"\t\t<div class=\"box news-box \">\n\t\t<div class=\"row\">\n\t\t\t\n\t\t\t\n\t\t\t\t\n\t\t\t\t\t\t\t\t\t\t<div class=\"col-sm-3\">\n\t\t\t\t\t\t\t\n<article class=\"format-standard\">\n    <span class=\"date text-right\"><i class=\"fal fa-calendar-alt\"><\/i> 25-10-2024<\/span>\n    <a href=\"https:\/\/pb.edu.pl\/maturanek\/2024\/10\/25\/1500-przyszlych-maturzystow-przyszlo-na-maturanek-pranek-maturzysty-2024-w-politechnice-bialostockiej\/\">\n      <div class=\"article-image\">\n        <img loading=\"lazy\" decoding=\"async\" width=\"480\" height=\"300\" src=\"https:\/\/pb.edu.pl\/maturanek\/wp-content\/uploads\/sites\/71\/2024\/10\/2024-10-25-Maturanek-fot-Dariusz-Piekut-1-480x300.jpg\" class=\"attachment-medium-image-16x10 size-medium-image-16x10 wp-post-image\" alt=\"\" srcset=\"https:\/\/pb.edu.pl\/maturanek\/wp-content\/uploads\/sites\/71\/2024\/10\/2024-10-25-Maturanek-fot-Dariusz-Piekut-1-480x300.jpg 480w, https:\/\/pb.edu.pl\/maturanek\/wp-content\/uploads\/sites\/71\/2024\/10\/2024-10-25-Maturanek-fot-Dariusz-Piekut-1-300x188.jpg 300w, https:\/\/pb.edu.pl\/maturanek\/wp-content\/uploads\/sites\/71\/2024\/10\/2024-10-25-Maturanek-fot-Dariusz-Piekut-1-1024x640.jpg 1024w, https:\/\/pb.edu.pl\/maturanek\/wp-content\/uploads\/sites\/71\/2024\/10\/2024-10-25-Maturanek-fot-Dariusz-Piekut-1-768x480.jpg 768w, https:\/\/pb.edu.pl\/maturanek\/wp-content\/uploads\/sites\/71\/2024\/10\/2024-10-25-Maturanek-fot-Dariusz-Piekut-1-1536x960.jpg 1536w, https:\/\/pb.edu.pl\/maturanek\/wp-content\/uploads\/sites\/71\/2024\/10\/2024-10-25-Maturanek-fot-Dariusz-Piekut-1-2048x1280.jpg 2048w\" sizes=\"auto, (max-width: 480px) 100vw, 480px\" \/>      <\/div>\n      <h3>1500 przysz\u0142ych maturzyst\u00f3w przysz\u0142o na Maturanek \u2013 Poranek Maturzysty 2024 w Politechnice Bia\u0142ostockiej<\/h3>\n      Za nami 6 wyk\u0142ad\u00f3w ekspert\u00f3w z OKE w \u0141om\u017cy i Politechniki    <\/a>\n<\/article>\t\t\t\t\t\t<\/div>\n\t\t\t\t\t\t\t\t\t\t\t<div class=\"col-sm-3\">\n\t\t\t\t\t\t\t\n<article class=\"format-standard\">\n    <span class=\"date text-right\"><i class=\"fal fa-calendar-alt\"><\/i> 09-10-2024<\/span>\n    <a href=\"https:\/\/pb.edu.pl\/maturanek\/2024\/10\/09\/25-pazdziernika-zapraszamy-przyszlych-maturzystow-na-maturanek-poranek-maturzysty\/\">\n      <div class=\"article-image\">\n        <img loading=\"lazy\" decoding=\"async\" width=\"480\" height=\"300\" src=\"https:\/\/pb.edu.pl\/maturanek\/wp-content\/uploads\/sites\/71\/2024\/10\/2024-10_www_1080x685px-ogolna-480x300.jpg\" class=\"attachment-medium-image-16x10 size-medium-image-16x10 wp-post-image\" alt=\"\" \/>      <\/div>\n      <h3>25 pa\u017adziernika 2024 zapraszamy przysz\u0142ych maturzyst\u00f3w na MATURANEK \u2013 Poranek Maturzysty!<\/h3>\n      Ruszy\u0142y zapisy na wydarzenie!    <\/a>\n<\/article>\t\t\t\t\t\t<\/div>\n\t\t\t\t\t\t\t\t\t\t\t<div class=\"col-sm-3\">\n\t\t\t\t\t\t\t\n<article class=\"format-standard\">\n    <span class=\"date text-right\"><i class=\"fal fa-calendar-alt\"><\/i> 30-10-2023<\/span>\n    <a href=\"https:\/\/pb.edu.pl\/maturanek\/2023\/10\/30\/na-maturanek-2023-przyszlo-blisko-600-maturzystow-wspolnie-poznawalismy-szczegoly-majowych-egzaminow\/\">\n      <div class=\"article-image\">\n        <img loading=\"lazy\" decoding=\"async\" width=\"480\" height=\"300\" src=\"https:\/\/pb.edu.pl\/maturanek\/wp-content\/uploads\/sites\/71\/2023\/10\/2023.10.25_Maturanek_-fot.-Dariusz-Piekut_PB-52-480x300.jpg\" class=\"attachment-medium-image-16x10 size-medium-image-16x10 wp-post-image\" alt=\"\" srcset=\"https:\/\/pb.edu.pl\/maturanek\/wp-content\/uploads\/sites\/71\/2023\/10\/2023.10.25_Maturanek_-fot.-Dariusz-Piekut_PB-52-480x300.jpg 480w, https:\/\/pb.edu.pl\/maturanek\/wp-content\/uploads\/sites\/71\/2023\/10\/2023.10.25_Maturanek_-fot.-Dariusz-Piekut_PB-52-300x188.jpg 300w, https:\/\/pb.edu.pl\/maturanek\/wp-content\/uploads\/sites\/71\/2023\/10\/2023.10.25_Maturanek_-fot.-Dariusz-Piekut_PB-52-1024x640.jpg 1024w, https:\/\/pb.edu.pl\/maturanek\/wp-content\/uploads\/sites\/71\/2023\/10\/2023.10.25_Maturanek_-fot.-Dariusz-Piekut_PB-52-768x480.jpg 768w, https:\/\/pb.edu.pl\/maturanek\/wp-content\/uploads\/sites\/71\/2023\/10\/2023.10.25_Maturanek_-fot.-Dariusz-Piekut_PB-52-1536x960.jpg 1536w, https:\/\/pb.edu.pl\/maturanek\/wp-content\/uploads\/sites\/71\/2023\/10\/2023.10.25_Maturanek_-fot.-Dariusz-Piekut_PB-52-2048x1280.jpg 2048w\" sizes=\"auto, (max-width: 480px) 100vw, 480px\" \/>      <\/div>\n      <h3>Na Maturanek 2023 przysz\u0142o blisko 600 maturzyst\u00f3w!<\/h3>\n      Wsp\u00f3lnie poznawali\u015bmy szczeg\u00f3\u0142y majowych egzamin\u00f3w    <\/a>\n<\/article>\t\t\t\t\t\t<\/div>\n\t\t\t\t\t\t\t\t\t\t\t<div class=\"col-sm-3\">\n\t\t\t\t\t\t\t\n<article class=\"format-standard\">\n    <span class=\"date text-right\"><i class=\"fal fa-calendar-alt\"><\/i> 03-10-2023<\/span>\n    <a href=\"https:\/\/pb.edu.pl\/maturanek\/2023\/10\/03\/zapraszamy-na-maturanek-2023\/\">\n      <div class=\"article-image\">\n        <img loading=\"lazy\" decoding=\"async\" width=\"480\" height=\"300\" src=\"https:\/\/pb.edu.pl\/maturanek\/wp-content\/uploads\/sites\/71\/2023\/10\/2023_09_grafika_www_baner_pb_1080x685px-480x300.png\" class=\"attachment-medium-image-16x10 size-medium-image-16x10 wp-post-image\" alt=\"\" \/>      <\/div>\n      <h3>Zapraszamy na MATURANEK 2023!<\/h3>\n      25 pa\u017adziernika widzimy si\u0119 na Politechnice Bia\u0142ostockiej! Zapisz si\u0119 ju\u017c dzi\u015b    <\/a>\n<\/article>\t\t\t\t\t\t<\/div>\n\t\t\t\t\t\n\t\t\t\t\n\t\t\t\t\t<\/div>\n\t\t\t\t\t<\/div>\n\n","protected":false},"excerpt":{"rendered":"","protected":false},"author":2,"featured_media":0,"parent":0,"menu_order":0,"comment_status":"closed","ping_status":"closed","template":"","meta":{"_acf_changed":false,"ngg_post_thumbnail":0,"footnotes":""},"class_list":["post-313","page","type-page","status-publish","hentry"],"acf":[],"yoast_head":"<!-- This site is optimized with the Yoast SEO plugin v27.0 - https:\/\/yoast.com\/product\/yoast-seo-wordpress\/ -->\n<title>Aktualno\u015bci - #maturanekPB<\/title>\n<meta name=\"robots\" content=\"index, follow, max-snippet:-1, max-image-preview:large, max-video-preview:-1\" \/>\n<link rel=\"canonical\" href=\"https:\/\/pb.edu.pl\/maturanek\/aktualnosci\/\" \/>\n<meta property=\"og:locale\" content=\"pl_PL\" \/>\n<meta property=\"og:type\" content=\"article\" \/>\n<meta property=\"og:title\" content=\"Aktualno\u015bci - #maturanekPB\" \/>\n<meta property=\"og:url\" content=\"https:\/\/pb.edu.pl\/maturanek\/aktualnosci\/\" \/>\n<meta property=\"og:site_name\" content=\"#maturanekPB\" \/>\n<meta property=\"article:modified_time\" content=\"2021-11-12T15:46:21+00:00\" \/>\n<meta name=\"twitter:card\" content=\"summary_large_image\" \/>\n<script type=\"application\/ld+json\" class=\"yoast-schema-graph\">{\"@context\":\"https:\/\/schema.org\",\"@graph\":[{\"@type\":\"WebPage\",\"@id\":\"https:\/\/pb.edu.pl\/maturanek\/aktualnosci\/\",\"url\":\"https:\/\/pb.edu.pl\/maturanek\/aktualnosci\/\",\"name\":\"Aktualno\u015bci - #maturanekPB\",\"isPartOf\":{\"@id\":\"https:\/\/pb.edu.pl\/maturanek\/#website\"},\"datePublished\":\"2021-11-12T15:39:53+00:00\",\"dateModified\":\"2021-11-12T15:46:21+00:00\",\"breadcrumb\":{\"@id\":\"https:\/\/pb.edu.pl\/maturanek\/aktualnosci\/#breadcrumb\"},\"inLanguage\":\"pl-PL\",\"potentialAction\":[{\"@type\":\"ReadAction\",\"target\":[\"https:\/\/pb.edu.pl\/maturanek\/aktualnosci\/\"]}]},{\"@type\":\"BreadcrumbList\",\"@id\":\"https:\/\/pb.edu.pl\/maturanek\/aktualnosci\/#breadcrumb\",\"itemListElement\":[{\"@type\":\"ListItem\",\"position\":1,\"name\":\"Strona g\u0142\u00f3wna\",\"item\":\"https:\/\/pb.edu.pl\/maturanek\/\"},{\"@type\":\"ListItem\",\"position\":2,\"name\":\"Aktualno\u015bci\"}]},{\"@type\":\"WebSite\",\"@id\":\"https:\/\/pb.edu.pl\/maturanek\/#website\",\"url\":\"https:\/\/pb.edu.pl\/maturanek\/\",\"name\":\"#maturanekPB\",\"description\":\"\",\"potentialAction\":[{\"@type\":\"SearchAction\",\"target\":{\"@type\":\"EntryPoint\",\"urlTemplate\":\"https:\/\/pb.edu.pl\/maturanek\/?s={search_term_string}\"},\"query-input\":{\"@type\":\"PropertyValueSpecification\",\"valueRequired\":true,\"valueName\":\"search_term_string\"}}],\"inLanguage\":\"pl-PL\"}]}<\/script>\n<!-- \/ Yoast SEO plugin. -->","yoast_head_json":{"title":"Aktualno\u015bci - #maturanekPB","robots":{"index":"index","follow":"follow","max-snippet":"max-snippet:-1","max-image-preview":"max-image-preview:large","max-video-preview":"max-video-preview:-1"},"canonical":"https:\/\/pb.edu.pl\/maturanek\/aktualnosci\/","og_locale":"pl_PL","og_type":"article","og_title":"Aktualno\u015bci - #maturanekPB","og_url":"https:\/\/pb.edu.pl\/maturanek\/aktualnosci\/","og_site_name":"#maturanekPB","article_modified_time":"2021-11-12T15:46:21+00:00","twitter_card":"summary_large_image","schema":{"@context":"https:\/\/schema.org","@graph":[{"@type":"WebPage","@id":"https:\/\/pb.edu.pl\/maturanek\/aktualnosci\/","url":"https:\/\/pb.edu.pl\/maturanek\/aktualnosci\/","name":"Aktualno\u015bci - #maturanekPB","isPartOf":{"@id":"https:\/\/pb.edu.pl\/maturanek\/#website"},"datePublished":"2021-11-12T15:39:53+00:00","dateModified":"2021-11-12T15:46:21+00:00","breadcrumb":{"@id":"https:\/\/pb.edu.pl\/maturanek\/aktualnosci\/#breadcrumb"},"inLanguage":"pl-PL","potentialAction":[{"@type":"ReadAction","target":["https:\/\/pb.edu.pl\/maturanek\/aktualnosci\/"]}]},{"@type":"BreadcrumbList","@id":"https:\/\/pb.edu.pl\/maturanek\/aktualnosci\/#breadcrumb","itemListElement":[{"@type":"ListItem","position":1,"name":"Strona g\u0142\u00f3wna","item":"https:\/\/pb.edu.pl\/maturanek\/"},{"@type":"ListItem","position":2,"name":"Aktualno\u015bci"}]},{"@type":"WebSite","@id":"https:\/\/pb.edu.pl\/maturanek\/#website","url":"https:\/\/pb.edu.pl\/maturanek\/","name":"#maturanekPB","description":"","potentialAction":[{"@type":"SearchAction","target":{"@type":"EntryPoint","urlTemplate":"https:\/\/pb.edu.pl\/maturanek\/?s={search_term_string}"},"query-input":{"@type":"PropertyValueSpecification","valueRequired":true,"valueName":"search_term_string"}}],"inLanguage":"pl-PL"}]}},"_links":{"self":[{"href":"https:\/\/pb.edu.pl\/maturanek\/wp-json\/wp\/v2\/pages\/313","targetHints":{"allow":["GET"]}}],"collection":[{"href":"https:\/\/pb.edu.pl\/maturanek\/wp-json\/wp\/v2\/pages"}],"about":[{"href":"https:\/\/pb.edu.pl\/maturanek\/wp-json\/wp\/v2\/types\/page"}],"author":[{"embeddable":true,"href":"https:\/\/pb.edu.pl\/maturanek\/wp-json\/wp\/v2\/users\/2"}],"replies":[{"embeddable":true,"href":"https:\/\/pb.edu.pl\/maturanek\/wp-json\/wp\/v2\/comments?post=313"}],"version-history":[{"count":0,"href":"https:\/\/pb.edu.pl\/maturanek\/wp-json\/wp\/v2\/pages\/313\/revisions"}],"wp:attachment":[{"href":"https:\/\/pb.edu.pl\/maturanek\/wp-json\/wp\/v2\/media?parent=313"}],"curies":[{"name":"wp","href":"https:\/\/api.w.org\/{rel}","templated":true}]}}