{"id":299,"date":"2021-11-12T16:13:45","date_gmt":"2021-11-12T15:13:45","guid":{"rendered":"https:\/\/pb.edu.pl\/maturanek\/?page_id=299"},"modified":"2025-11-05T12:09:26","modified_gmt":"2025-11-05T11:09:26","slug":"o-maturanku","status":"publish","type":"page","link":"https:\/\/pb.edu.pl\/maturanek\/o-maturanku\/","title":{"rendered":"O Maturanku"},"content":{"rendered":"<div class=\"h3\">? Zdajesz matur\u0119? We\u017a udzia\u0142 w MATURANKU \u2013 Poranku Maturzysty!<\/div>\n<div>&nbsp;<\/div>\n<p>Praktyczne wskaz\u00f3wki i spotkania z ekspertami! Spotkaj si\u0119 z nami na Poranku Maturzysty w Politechnice Bia\u0142ostockiej.<\/p>\n<p>MATURANEK to cykliczne wydarzenie skierowane do uczni\u00f3w ze szk\u00f3\u0142 ponadpodstawowych, kt\u00f3rym pomagamy w przygotowaniach do matury.&nbsp;<\/p>\n<p>Udzia\u0142 w wydarzeniu to wi\u0119ksze szanse na lepszy wynik na maturze.<\/p>\n<p>Dzi\u0119ki naszym spotkaniom dowiesz si\u0119, jakie zasady obowi\u0105zuj\u0105 na maturze w 2026 r. i otrzymasz praktyczne wskaz\u00f3wki dotycz\u0105ce egzaminu dojrza\u0142o\u015bci.<\/p>\n<p>Przy okazji poznasz najwi\u0119ksz\u0105 uczelni\u0119 techniczn\u0105 w p\u00f3\u0142nocno-wschodniej Polsce, w kt\u00f3rej masz do wyboru 34 kierunki studi\u00f3w.<\/p>\n<p>Udzia\u0142 w Poranku Maturzysty jest bezp\u0142atny! <a href=\"https:\/\/pb.edu.pl\/maturanek\/zapisy\/\">Zapisz si\u0119<\/a> &#8211; im wcze\u015bniej tym lepiej. Liczba miejsc ograniczona!<\/p>\n<p>&nbsp;<\/p>\n<div class=\"h3\">? Przygotuj si\u0119 do matury z naszymi wyk\u0142adowcami!<\/div>\n<p>&nbsp;<\/p>\n<p>We\u017a udzia\u0142 w wyk\u0142adach prowadzonych przez ekspert\u00f3w Okr\u0119gowej Komisji Egzaminacyjnej w \u0141om\u017cy oraz Politechniki Bia\u0142ostockiej.<\/p>\n<p>Wyk\u0142ady to merytoryczne informacje w pigu\u0142ce! Przybli\u017caj\u0105 wiedz\u0119 z takich przedmiot\u00f3w maturalnych jak: matematyka, j\u0119zyk polski, j\u0119zyk obcy nowo\u017cytny.<\/p>\n<p>To okazja, by czerpa\u0107 informacje od do\u015bwiadczonych ekspert\u00f3w, kt\u00f3rzy podpowiedz\u0105 Ci, jakie zagadnienia mog\u0105 pojawi\u0107 si\u0119 na maturze i na co zwr\u00f3ci\u0107 uwag\u0119.<\/p>\n<p>Oni naprawd\u0119 wiedz\u0105, jak osi\u0105gn\u0105\u0107 sukces na egzaminie dojrza\u0142o\u015bci!<\/p>\n<p>&nbsp;<\/p>\n<div class=\"h3\">? A po maturze, jakie studia wybierzesz?<\/div>\n<div>&nbsp;<\/div>\n<p><img loading=\"lazy\" decoding=\"async\" class=\"wp-image-670 size-full\" style=\"margin: 0\" src=\"https:\/\/pb.edu.pl\/maturanek\/wp-content\/uploads\/sites\/71\/2025\/10\/2025-10-maturanek-button-kandydaci.jpg\" alt=\"2025-10-maturanek-button-kandydaci\" width=\"1451\" height=\"67\" srcset=\"https:\/\/pb.edu.pl\/maturanek\/wp-content\/uploads\/sites\/71\/2025\/10\/2025-10-maturanek-button-kandydaci.jpg 1451w, https:\/\/pb.edu.pl\/maturanek\/wp-content\/uploads\/sites\/71\/2025\/10\/2025-10-maturanek-button-kandydaci-300x14.jpg 300w, https:\/\/pb.edu.pl\/maturanek\/wp-content\/uploads\/sites\/71\/2025\/10\/2025-10-maturanek-button-kandydaci-1024x47.jpg 1024w, https:\/\/pb.edu.pl\/maturanek\/wp-content\/uploads\/sites\/71\/2025\/10\/2025-10-maturanek-button-kandydaci-768x35.jpg 768w\" sizes=\"auto, (max-width: 1451px) 100vw, 1451px\" \/><\/p>\n<p>&nbsp;<\/p>\n<p>Jak ju\u017c ogarniesz tematy maturalne, pomy\u015bl o studiach! Pomo\u017cemy Ci w wyborze!<\/p>\n<p>Przyjd\u017a na MATURANEK i poznaj Politechnik\u0119 Bia\u0142ostock\u0105.<\/p>\n<p>Na stoisku informacyjnym uczelni spotkasz przedstawicieli Centrum Spraw Studenckich, Dydaktyki i Rekrutacji.<span style=\"font-size: 1.5rem\">&nbsp;<\/span><span style=\"font-size: 1.5rem\">Odpowiedz\u0105 na Twoje pytania dotycz\u0105ce oferty studi\u00f3w i rekrutacji. Otrzymasz materia\u0142y informacyjne.<\/span><\/p>\n<p>&nbsp;<\/p>\n<ul>\n<li>Politechnika Bia\u0142ostocka to najwi\u0119ksza uczelnia techniczna w p\u00f3\u0142nocno-wschodniej Polsce.<\/li>\n<li>\u0141\u0105czymy wiedz\u0119 z praktyk\u0105, a rozw\u00f3j z pasj\u0105.<\/li>\n<li>Kszta\u0142cimy wybitnych specjalist\u00f3w poszukiwanych na rynku pracy.<\/li>\n<li><a href=\"https:\/\/www.youtube.com\/hashtag\/jestemin%C5%BCynierempb\">Ju\u017c po 7 semestrach studi\u00f3w masz zaw\u00f3d i tytu\u0142 in\u017cyniera!<\/a><\/li>\n<li>Mamy a\u017c <a href=\"https:\/\/pb.edu.pl\/kandydaci\/rekrutacja-studia-1-i-2-stopnia\/kierunki-studiow\/\">34 kierunki studi\u00f3w in\u017cynierskich i magisterskich na 6 wydzia\u0142ach<\/a>!<\/li>\n<li>Posiadamy <a href=\"https:\/\/kandydacipb.edu.pl\/rekrutacja\/studia-podyplomowe\/\">bogat\u0105 ofert\u0119 studi\u00f3w podyplomowych<\/a>.<\/li>\n<li>Prowadzimy interdyscyplinarn\u0105 <a href=\"https:\/\/sdpb.pb.edu.pl\/\">Szko\u0142\u0119 Doktorsk\u0105<\/a>.<\/li>\n<\/ul>\n<div>Wi\u0119cej informacji o naszej uczelni znajdziesz w serwisie na stronie &#8211; <a href=\"https:\/\/kandydacipb.edu.pl\/\">wejd\u017a!&nbsp;<\/a><\/div>\n<div>&nbsp;<\/div>\n<p>&nbsp;<\/p>\n<div class=\"image\"><a href=\"https:\/\/www.youtube.com\/watch?v=7LSf9MNG-jU&amp;list=PLSWFQy6lDc74RhRAdTx5p8su1T9dsMj0f&amp;pp=iAQB\"><img loading=\"lazy\" decoding=\"async\" class=\"aligncenter wp-image-68 size-full\" src=\"https:\/\/pb.edu.pl\/maturanek\/wp-content\/uploads\/sites\/71\/2021\/10\/poznaj_maturanek_passek-kopia.jpg\" alt=\"Poznaj Politechnik\u0119 Bia\u0142ostock\u0105! Obejrzyj wideo!\" width=\"1451\" height=\"67\" srcset=\"https:\/\/pb.edu.pl\/maturanek\/wp-content\/uploads\/sites\/71\/2021\/10\/poznaj_maturanek_passek-kopia.jpg 1451w, https:\/\/pb.edu.pl\/maturanek\/wp-content\/uploads\/sites\/71\/2021\/10\/poznaj_maturanek_passek-kopia-300x14.jpg 300w, https:\/\/pb.edu.pl\/maturanek\/wp-content\/uploads\/sites\/71\/2021\/10\/poznaj_maturanek_passek-kopia-1024x47.jpg 1024w, https:\/\/pb.edu.pl\/maturanek\/wp-content\/uploads\/sites\/71\/2021\/10\/poznaj_maturanek_passek-kopia-768x35.jpg 768w\" sizes=\"auto, (max-width: 1451px) 100vw, 1451px\" \/><\/a><\/div>\n<div>&nbsp;<\/div>\n<div>&nbsp;<\/div>\n<div>\n<div class=\"h2\">Informacje<\/div>\n<p>Chcesz dowiedzie\u0107 si\u0119 wi\u0119cej o Maturanku? Napisz lub zadzwo\u0144 do nas!<\/p>\n<p>Specjalista ds. wspierania edukacji<br \/>\nmgr in\u017c. Anna Kondracka<br \/>\ne-mail: maturanek@pb.edu.pl<br \/>\ntel.: +48 85 746 72 27<\/p>\n<\/div>\n<p>#maturanekPB &nbsp; #studiujdlasiebie #studiujnaPB #matura2027<\/p>\n","protected":false},"excerpt":{"rendered":"<p>? Zdajesz matur\u0119? We\u017a udzia\u0142 w MATURANKU \u2013 Poranku Maturzysty! &nbsp; Praktyczne wskaz\u00f3wki i spotkania<\/p>\n","protected":false},"author":2,"featured_media":0,"parent":0,"menu_order":1,"comment_status":"closed","ping_status":"closed","template":"","meta":{"_acf_changed":false,"ngg_post_thumbnail":0,"footnotes":""},"class_list":["post-299","page","type-page","status-publish","hentry"],"acf":[],"yoast_head":"<!-- This site is optimized with the Yoast SEO plugin v27.0 - https:\/\/yoast.com\/product\/yoast-seo-wordpress\/ -->\n<title>O Maturanku - #maturanekPB<\/title>\n<meta name=\"description\" content=\"? Zdajesz matur\u0119? We\u017a udzia\u0142 w MATURANKU \u2013 Poranku Maturzysty! &nbsp; Praktyczne wskaz\u00f3wki i spotkania z ekspertami! Spotkaj si\u0119 z nami na Poranku\" \/>\n<meta name=\"robots\" content=\"index, follow, max-snippet:-1, max-image-preview:large, max-video-preview:-1\" \/>\n<link rel=\"canonical\" href=\"https:\/\/pb.edu.pl\/maturanek\/o-maturanku\/\" \/>\n<meta property=\"og:locale\" content=\"pl_PL\" \/>\n<meta property=\"og:type\" content=\"article\" \/>\n<meta property=\"og:title\" content=\"O Maturanku - #maturanekPB\" \/>\n<meta property=\"og:description\" content=\"? Zdajesz matur\u0119? We\u017a udzia\u0142 w MATURANKU \u2013 Poranku Maturzysty! &nbsp; Praktyczne wskaz\u00f3wki i spotkania z ekspertami! Spotkaj si\u0119 z nami na Poranku\" \/>\n<meta property=\"og:url\" content=\"https:\/\/pb.edu.pl\/maturanek\/o-maturanku\/\" \/>\n<meta property=\"og:site_name\" content=\"#maturanekPB\" \/>\n<meta property=\"article:modified_time\" content=\"2025-11-05T11:09:26+00:00\" \/>\n<meta property=\"og:image\" content=\"https:\/\/pb.edu.pl\/maturanek\/wp-content\/uploads\/sites\/71\/2025\/10\/2025-10-maturanek-button-kandydaci.jpg\" \/>\n<meta name=\"twitter:card\" content=\"summary_large_image\" \/>\n<meta name=\"twitter:label1\" content=\"Szacowany czas czytania\" \/>\n\t<meta name=\"twitter:data1\" content=\"2 minuty\" \/>\n<script type=\"application\/ld+json\" class=\"yoast-schema-graph\">{\"@context\":\"https:\/\/schema.org\",\"@graph\":[{\"@type\":\"WebPage\",\"@id\":\"https:\/\/pb.edu.pl\/maturanek\/o-maturanku\/\",\"url\":\"https:\/\/pb.edu.pl\/maturanek\/o-maturanku\/\",\"name\":\"O Maturanku - #maturanekPB\",\"isPartOf\":{\"@id\":\"https:\/\/pb.edu.pl\/maturanek\/#website\"},\"primaryImageOfPage\":{\"@id\":\"https:\/\/pb.edu.pl\/maturanek\/o-maturanku\/#primaryimage\"},\"image\":{\"@id\":\"https:\/\/pb.edu.pl\/maturanek\/o-maturanku\/#primaryimage\"},\"thumbnailUrl\":\"https:\/\/pb.edu.pl\/maturanek\/wp-content\/uploads\/sites\/71\/2025\/10\/2025-10-maturanek-button-kandydaci.jpg\",\"datePublished\":\"2021-11-12T15:13:45+00:00\",\"dateModified\":\"2025-11-05T11:09:26+00:00\",\"description\":\"? Zdajesz matur\u0119? We\u017a udzia\u0142 w MATURANKU \u2013 Poranku Maturzysty! &nbsp; Praktyczne wskaz\u00f3wki i spotkania z ekspertami! Spotkaj si\u0119 z nami na Poranku\",\"breadcrumb\":{\"@id\":\"https:\/\/pb.edu.pl\/maturanek\/o-maturanku\/#breadcrumb\"},\"inLanguage\":\"pl-PL\",\"potentialAction\":[{\"@type\":\"ReadAction\",\"target\":[\"https:\/\/pb.edu.pl\/maturanek\/o-maturanku\/\"]}]},{\"@type\":\"ImageObject\",\"inLanguage\":\"pl-PL\",\"@id\":\"https:\/\/pb.edu.pl\/maturanek\/o-maturanku\/#primaryimage\",\"url\":\"https:\/\/pb.edu.pl\/maturanek\/wp-content\/uploads\/sites\/71\/2025\/10\/2025-10-maturanek-button-kandydaci.jpg\",\"contentUrl\":\"https:\/\/pb.edu.pl\/maturanek\/wp-content\/uploads\/sites\/71\/2025\/10\/2025-10-maturanek-button-kandydaci.jpg\",\"width\":1451,\"height\":67,\"caption\":\"2025-10-maturanek-button-kandydaci\"},{\"@type\":\"BreadcrumbList\",\"@id\":\"https:\/\/pb.edu.pl\/maturanek\/o-maturanku\/#breadcrumb\",\"itemListElement\":[{\"@type\":\"ListItem\",\"position\":1,\"name\":\"Strona g\u0142\u00f3wna\",\"item\":\"https:\/\/pb.edu.pl\/maturanek\/\"},{\"@type\":\"ListItem\",\"position\":2,\"name\":\"O Maturanku\"}]},{\"@type\":\"WebSite\",\"@id\":\"https:\/\/pb.edu.pl\/maturanek\/#website\",\"url\":\"https:\/\/pb.edu.pl\/maturanek\/\",\"name\":\"#maturanekPB\",\"description\":\"\",\"potentialAction\":[{\"@type\":\"SearchAction\",\"target\":{\"@type\":\"EntryPoint\",\"urlTemplate\":\"https:\/\/pb.edu.pl\/maturanek\/?s={search_term_string}\"},\"query-input\":{\"@type\":\"PropertyValueSpecification\",\"valueRequired\":true,\"valueName\":\"search_term_string\"}}],\"inLanguage\":\"pl-PL\"}]}<\/script>\n<!-- \/ Yoast SEO plugin. -->","yoast_head_json":{"title":"O Maturanku - #maturanekPB","description":"? Zdajesz matur\u0119? We\u017a udzia\u0142 w MATURANKU \u2013 Poranku Maturzysty! &nbsp; Praktyczne wskaz\u00f3wki i spotkania z ekspertami! Spotkaj si\u0119 z nami na Poranku","robots":{"index":"index","follow":"follow","max-snippet":"max-snippet:-1","max-image-preview":"max-image-preview:large","max-video-preview":"max-video-preview:-1"},"canonical":"https:\/\/pb.edu.pl\/maturanek\/o-maturanku\/","og_locale":"pl_PL","og_type":"article","og_title":"O Maturanku - #maturanekPB","og_description":"? Zdajesz matur\u0119? We\u017a udzia\u0142 w MATURANKU \u2013 Poranku Maturzysty! &nbsp; Praktyczne wskaz\u00f3wki i spotkania z ekspertami! Spotkaj si\u0119 z nami na Poranku","og_url":"https:\/\/pb.edu.pl\/maturanek\/o-maturanku\/","og_site_name":"#maturanekPB","article_modified_time":"2025-11-05T11:09:26+00:00","og_image":[{"url":"https:\/\/pb.edu.pl\/maturanek\/wp-content\/uploads\/sites\/71\/2025\/10\/2025-10-maturanek-button-kandydaci.jpg","type":"","width":"","height":""}],"twitter_card":"summary_large_image","twitter_misc":{"Szacowany czas czytania":"2 minuty"},"schema":{"@context":"https:\/\/schema.org","@graph":[{"@type":"WebPage","@id":"https:\/\/pb.edu.pl\/maturanek\/o-maturanku\/","url":"https:\/\/pb.edu.pl\/maturanek\/o-maturanku\/","name":"O Maturanku - #maturanekPB","isPartOf":{"@id":"https:\/\/pb.edu.pl\/maturanek\/#website"},"primaryImageOfPage":{"@id":"https:\/\/pb.edu.pl\/maturanek\/o-maturanku\/#primaryimage"},"image":{"@id":"https:\/\/pb.edu.pl\/maturanek\/o-maturanku\/#primaryimage"},"thumbnailUrl":"https:\/\/pb.edu.pl\/maturanek\/wp-content\/uploads\/sites\/71\/2025\/10\/2025-10-maturanek-button-kandydaci.jpg","datePublished":"2021-11-12T15:13:45+00:00","dateModified":"2025-11-05T11:09:26+00:00","description":"? Zdajesz matur\u0119? We\u017a udzia\u0142 w MATURANKU \u2013 Poranku Maturzysty! &nbsp; Praktyczne wskaz\u00f3wki i spotkania z ekspertami! Spotkaj si\u0119 z nami na Poranku","breadcrumb":{"@id":"https:\/\/pb.edu.pl\/maturanek\/o-maturanku\/#breadcrumb"},"inLanguage":"pl-PL","potentialAction":[{"@type":"ReadAction","target":["https:\/\/pb.edu.pl\/maturanek\/o-maturanku\/"]}]},{"@type":"ImageObject","inLanguage":"pl-PL","@id":"https:\/\/pb.edu.pl\/maturanek\/o-maturanku\/#primaryimage","url":"https:\/\/pb.edu.pl\/maturanek\/wp-content\/uploads\/sites\/71\/2025\/10\/2025-10-maturanek-button-kandydaci.jpg","contentUrl":"https:\/\/pb.edu.pl\/maturanek\/wp-content\/uploads\/sites\/71\/2025\/10\/2025-10-maturanek-button-kandydaci.jpg","width":1451,"height":67,"caption":"2025-10-maturanek-button-kandydaci"},{"@type":"BreadcrumbList","@id":"https:\/\/pb.edu.pl\/maturanek\/o-maturanku\/#breadcrumb","itemListElement":[{"@type":"ListItem","position":1,"name":"Strona g\u0142\u00f3wna","item":"https:\/\/pb.edu.pl\/maturanek\/"},{"@type":"ListItem","position":2,"name":"O Maturanku"}]},{"@type":"WebSite","@id":"https:\/\/pb.edu.pl\/maturanek\/#website","url":"https:\/\/pb.edu.pl\/maturanek\/","name":"#maturanekPB","description":"","potentialAction":[{"@type":"SearchAction","target":{"@type":"EntryPoint","urlTemplate":"https:\/\/pb.edu.pl\/maturanek\/?s={search_term_string}"},"query-input":{"@type":"PropertyValueSpecification","valueRequired":true,"valueName":"search_term_string"}}],"inLanguage":"pl-PL"}]}},"_links":{"self":[{"href":"https:\/\/pb.edu.pl\/maturanek\/wp-json\/wp\/v2\/pages\/299","targetHints":{"allow":["GET"]}}],"collection":[{"href":"https:\/\/pb.edu.pl\/maturanek\/wp-json\/wp\/v2\/pages"}],"about":[{"href":"https:\/\/pb.edu.pl\/maturanek\/wp-json\/wp\/v2\/types\/page"}],"author":[{"embeddable":true,"href":"https:\/\/pb.edu.pl\/maturanek\/wp-json\/wp\/v2\/users\/2"}],"replies":[{"embeddable":true,"href":"https:\/\/pb.edu.pl\/maturanek\/wp-json\/wp\/v2\/comments?post=299"}],"version-history":[{"count":0,"href":"https:\/\/pb.edu.pl\/maturanek\/wp-json\/wp\/v2\/pages\/299\/revisions"}],"wp:attachment":[{"href":"https:\/\/pb.edu.pl\/maturanek\/wp-json\/wp\/v2\/media?parent=299"}],"curies":[{"name":"wp","href":"https:\/\/api.w.org\/{rel}","templated":true}]}}