{"id":2,"date":"2021-10-13T10:58:56","date_gmt":"2021-10-13T08:58:56","guid":{"rendered":"https:\/\/pb.edu.pl\/maturanek\/?page_id=2"},"modified":"2025-10-27T15:02:59","modified_gmt":"2025-10-27T14:02:59","slug":"maturanek","status":"publish","type":"page","link":"https:\/\/pb.edu.pl\/maturanek\/","title":{"rendered":""},"content":{"rendered":"<div id=\"aktualnosci\" class=\"href\">&nbsp;<\/div>\n<p><a name=\"tu-skacz\"><\/a><\/p>\n<p><a class=\"h1 color\" style=\"text-decoration: none\" title=\"Aktualno\u015bci\" href=\"\/maturanek\/aktualnosci\/\">Aktualno\u015bci <i class=\"fa fa-caret-right\" aria-hidden=\"true\"><\/i><\/a><br \/>\n\t\t<div class=\"box news-box \">\n\t\t<div class=\"row\">\n\t\t\t\n\t\t\t\n\t\t\t\t\n\t\t\t\t\t\t\t\t\t\t<div class=\"col-sm-3\">\n\t\t\t\t\t\t\t\n<article class=\"format-standard\">\n    <span class=\"date text-right\"><i class=\"fal fa-calendar-alt\"><\/i> 25-10-2024<\/span>\n    <a href=\"https:\/\/pb.edu.pl\/maturanek\/2024\/10\/25\/1500-przyszlych-maturzystow-przyszlo-na-maturanek-pranek-maturzysty-2024-w-politechnice-bialostockiej\/\">\n      <div class=\"article-image\">\n        <img loading=\"lazy\" decoding=\"async\" width=\"480\" height=\"300\" src=\"https:\/\/pb.edu.pl\/maturanek\/wp-content\/uploads\/sites\/71\/2024\/10\/2024-10-25-Maturanek-fot-Dariusz-Piekut-1-480x300.jpg\" class=\"attachment-medium-image-16x10 size-medium-image-16x10 wp-post-image\" alt=\"\" srcset=\"https:\/\/pb.edu.pl\/maturanek\/wp-content\/uploads\/sites\/71\/2024\/10\/2024-10-25-Maturanek-fot-Dariusz-Piekut-1-480x300.jpg 480w, https:\/\/pb.edu.pl\/maturanek\/wp-content\/uploads\/sites\/71\/2024\/10\/2024-10-25-Maturanek-fot-Dariusz-Piekut-1-300x188.jpg 300w, https:\/\/pb.edu.pl\/maturanek\/wp-content\/uploads\/sites\/71\/2024\/10\/2024-10-25-Maturanek-fot-Dariusz-Piekut-1-1024x640.jpg 1024w, https:\/\/pb.edu.pl\/maturanek\/wp-content\/uploads\/sites\/71\/2024\/10\/2024-10-25-Maturanek-fot-Dariusz-Piekut-1-768x480.jpg 768w, https:\/\/pb.edu.pl\/maturanek\/wp-content\/uploads\/sites\/71\/2024\/10\/2024-10-25-Maturanek-fot-Dariusz-Piekut-1-1536x960.jpg 1536w, https:\/\/pb.edu.pl\/maturanek\/wp-content\/uploads\/sites\/71\/2024\/10\/2024-10-25-Maturanek-fot-Dariusz-Piekut-1-2048x1280.jpg 2048w\" sizes=\"auto, (max-width: 480px) 100vw, 480px\" \/>      <\/div>\n      <h3>1500 przysz\u0142ych maturzyst\u00f3w przysz\u0142o na Maturanek \u2013 Poranek Maturzysty 2024 w Politechnice Bia\u0142ostockiej<\/h3>\n      Za nami 6 wyk\u0142ad\u00f3w ekspert\u00f3w z OKE w \u0141om\u017cy i Politechniki    <\/a>\n<\/article>\t\t\t\t\t\t<\/div>\n\t\t\t\t\t\t\t\t\t\t\t<div class=\"col-sm-3\">\n\t\t\t\t\t\t\t\n<article class=\"format-standard\">\n    <span class=\"date text-right\"><i class=\"fal fa-calendar-alt\"><\/i> 09-10-2024<\/span>\n    <a href=\"https:\/\/pb.edu.pl\/maturanek\/2024\/10\/09\/25-pazdziernika-zapraszamy-przyszlych-maturzystow-na-maturanek-poranek-maturzysty\/\">\n      <div class=\"article-image\">\n        <img loading=\"lazy\" decoding=\"async\" width=\"480\" height=\"300\" src=\"https:\/\/pb.edu.pl\/maturanek\/wp-content\/uploads\/sites\/71\/2024\/10\/2024-10_www_1080x685px-ogolna-480x300.jpg\" class=\"attachment-medium-image-16x10 size-medium-image-16x10 wp-post-image\" alt=\"\" \/>      <\/div>\n      <h3>25 pa\u017adziernika 2024 zapraszamy przysz\u0142ych maturzyst\u00f3w na MATURANEK \u2013 Poranek Maturzysty!<\/h3>\n      Ruszy\u0142y zapisy na wydarzenie!    <\/a>\n<\/article>\t\t\t\t\t\t<\/div>\n\t\t\t\t\t\t\t\t\t\t\t<div class=\"col-sm-3\">\n\t\t\t\t\t\t\t\n<article class=\"format-standard\">\n    <span class=\"date text-right\"><i class=\"fal fa-calendar-alt\"><\/i> 30-10-2023<\/span>\n    <a href=\"https:\/\/pb.edu.pl\/maturanek\/2023\/10\/30\/na-maturanek-2023-przyszlo-blisko-600-maturzystow-wspolnie-poznawalismy-szczegoly-majowych-egzaminow\/\">\n      <div class=\"article-image\">\n        <img loading=\"lazy\" decoding=\"async\" width=\"480\" height=\"300\" src=\"https:\/\/pb.edu.pl\/maturanek\/wp-content\/uploads\/sites\/71\/2023\/10\/2023.10.25_Maturanek_-fot.-Dariusz-Piekut_PB-52-480x300.jpg\" class=\"attachment-medium-image-16x10 size-medium-image-16x10 wp-post-image\" alt=\"\" srcset=\"https:\/\/pb.edu.pl\/maturanek\/wp-content\/uploads\/sites\/71\/2023\/10\/2023.10.25_Maturanek_-fot.-Dariusz-Piekut_PB-52-480x300.jpg 480w, https:\/\/pb.edu.pl\/maturanek\/wp-content\/uploads\/sites\/71\/2023\/10\/2023.10.25_Maturanek_-fot.-Dariusz-Piekut_PB-52-300x188.jpg 300w, https:\/\/pb.edu.pl\/maturanek\/wp-content\/uploads\/sites\/71\/2023\/10\/2023.10.25_Maturanek_-fot.-Dariusz-Piekut_PB-52-1024x640.jpg 1024w, https:\/\/pb.edu.pl\/maturanek\/wp-content\/uploads\/sites\/71\/2023\/10\/2023.10.25_Maturanek_-fot.-Dariusz-Piekut_PB-52-768x480.jpg 768w, https:\/\/pb.edu.pl\/maturanek\/wp-content\/uploads\/sites\/71\/2023\/10\/2023.10.25_Maturanek_-fot.-Dariusz-Piekut_PB-52-1536x960.jpg 1536w, https:\/\/pb.edu.pl\/maturanek\/wp-content\/uploads\/sites\/71\/2023\/10\/2023.10.25_Maturanek_-fot.-Dariusz-Piekut_PB-52-2048x1280.jpg 2048w\" sizes=\"auto, (max-width: 480px) 100vw, 480px\" \/>      <\/div>\n      <h3>Na Maturanek 2023 przysz\u0142o blisko 600 maturzyst\u00f3w!<\/h3>\n      Wsp\u00f3lnie poznawali\u015bmy szczeg\u00f3\u0142y majowych egzamin\u00f3w    <\/a>\n<\/article>\t\t\t\t\t\t<\/div>\n\t\t\t\t\t\t\t\t\t\t\t<div class=\"col-sm-3\">\n\t\t\t\t\t\t\t\n<article class=\"format-standard\">\n    <span class=\"date text-right\"><i class=\"fal fa-calendar-alt\"><\/i> 03-10-2023<\/span>\n    <a href=\"https:\/\/pb.edu.pl\/maturanek\/2023\/10\/03\/zapraszamy-na-maturanek-2023\/\">\n      <div class=\"article-image\">\n        <img loading=\"lazy\" decoding=\"async\" width=\"480\" height=\"300\" src=\"https:\/\/pb.edu.pl\/maturanek\/wp-content\/uploads\/sites\/71\/2023\/10\/2023_09_grafika_www_baner_pb_1080x685px-480x300.png\" class=\"attachment-medium-image-16x10 size-medium-image-16x10 wp-post-image\" alt=\"\" \/>      <\/div>\n      <h3>Zapraszamy na MATURANEK 2023!<\/h3>\n      25 pa\u017adziernika widzimy si\u0119 na Politechnice Bia\u0142ostockiej! Zapisz si\u0119 ju\u017c dzi\u015b    <\/a>\n<\/article>\t\t\t\t\t\t<\/div>\n\t\t\t\t\t\n\t\t\t\t\n\t\t\t\t\t<\/div>\n\t\t\t\t\t<\/div>\n\n&nbsp;<\/p>\n<div id=\"box-menu\" class=\"href\">&nbsp;<\/div>\n<div id=\"page-menu\" class=\"row\">\n<div class=\"col-md-4 image\"><a href=\"\/maturanek\/o-maturanku\/\"><img loading=\"lazy\" decoding=\"async\" class=\"aligncenter size-full wp-image-389\" src=\"https:\/\/pb.edu.pl\/maturanek\/wp-content\/uploads\/sites\/71\/2021\/11\/BOX_O-maturanku-OK.jpg\" alt=\"O maturanku\" width=\"1140\" height=\"600\" srcset=\"https:\/\/pb.edu.pl\/maturanek\/wp-content\/uploads\/sites\/71\/2021\/11\/BOX_O-maturanku-OK.jpg 1140w, https:\/\/pb.edu.pl\/maturanek\/wp-content\/uploads\/sites\/71\/2021\/11\/BOX_O-maturanku-OK-300x158.jpg 300w, https:\/\/pb.edu.pl\/maturanek\/wp-content\/uploads\/sites\/71\/2021\/11\/BOX_O-maturanku-OK-1024x539.jpg 1024w, https:\/\/pb.edu.pl\/maturanek\/wp-content\/uploads\/sites\/71\/2021\/11\/BOX_O-maturanku-OK-768x404.jpg 768w\" sizes=\"auto, (max-width: 1140px) 100vw, 1140px\" \/><\/a><\/div>\n<div class=\"col-md-4 image\"><a href=\"\/maturanek\/program\/\"><img loading=\"lazy\" decoding=\"async\" class=\"aligncenter size-full wp-image-345\" src=\"https:\/\/pb.edu.pl\/maturanek\/wp-content\/uploads\/sites\/71\/2021\/11\/BOX_Program.jpg\" alt=\"Program\" width=\"1140\" height=\"600\" srcset=\"https:\/\/pb.edu.pl\/maturanek\/wp-content\/uploads\/sites\/71\/2021\/11\/BOX_Program.jpg 1140w, https:\/\/pb.edu.pl\/maturanek\/wp-content\/uploads\/sites\/71\/2021\/11\/BOX_Program-300x158.jpg 300w, https:\/\/pb.edu.pl\/maturanek\/wp-content\/uploads\/sites\/71\/2021\/11\/BOX_Program-1024x539.jpg 1024w, https:\/\/pb.edu.pl\/maturanek\/wp-content\/uploads\/sites\/71\/2021\/11\/BOX_Program-768x404.jpg 768w\" sizes=\"auto, (max-width: 1140px) 100vw, 1140px\" \/><\/a><\/div>\n<div class=\"col-md-4 image\"><a title=\"Regulamin\" href=\"\/maturanek\/regulamin\/\"><img loading=\"lazy\" decoding=\"async\" class=\"aligncenter size-full wp-image-346\" src=\"https:\/\/pb.edu.pl\/maturanek\/wp-content\/uploads\/sites\/71\/2021\/11\/BOX_REGULAMIN.jpg\" alt=\"Regulamin\" width=\"1140\" height=\"600\" srcset=\"https:\/\/pb.edu.pl\/maturanek\/wp-content\/uploads\/sites\/71\/2021\/11\/BOX_REGULAMIN.jpg 1140w, https:\/\/pb.edu.pl\/maturanek\/wp-content\/uploads\/sites\/71\/2021\/11\/BOX_REGULAMIN-300x158.jpg 300w, https:\/\/pb.edu.pl\/maturanek\/wp-content\/uploads\/sites\/71\/2021\/11\/BOX_REGULAMIN-1024x539.jpg 1024w, https:\/\/pb.edu.pl\/maturanek\/wp-content\/uploads\/sites\/71\/2021\/11\/BOX_REGULAMIN-768x404.jpg 768w\" sizes=\"auto, (max-width: 1140px) 100vw, 1140px\" \/><\/a><\/div>\n<\/div>\n<div id=\"page-menu\" class=\"row\">\n<div class=\"col-md-2\">&nbsp;<\/div>\n<div class=\"col-md-4 image\"><a href=\"\/maturanek\/patronaty\/\"><img loading=\"lazy\" decoding=\"async\" class=\"aligncenter size-full wp-image-344\" src=\"https:\/\/pb.edu.pl\/maturanek\/wp-content\/uploads\/sites\/71\/2021\/11\/BOX_PATRONATY.jpg\" alt=\"Patronaty\" width=\"1140\" height=\"600\" srcset=\"https:\/\/pb.edu.pl\/maturanek\/wp-content\/uploads\/sites\/71\/2021\/11\/BOX_PATRONATY.jpg 1140w, https:\/\/pb.edu.pl\/maturanek\/wp-content\/uploads\/sites\/71\/2021\/11\/BOX_PATRONATY-300x158.jpg 300w, https:\/\/pb.edu.pl\/maturanek\/wp-content\/uploads\/sites\/71\/2021\/11\/BOX_PATRONATY-1024x539.jpg 1024w, https:\/\/pb.edu.pl\/maturanek\/wp-content\/uploads\/sites\/71\/2021\/11\/BOX_PATRONATY-768x404.jpg 768w\" sizes=\"auto, (max-width: 1140px) 100vw, 1140px\" \/><\/a><\/div>\n<div class=\"col-md-4 image\"><a href=\"\/maturanek\/zapisy\/\"><img loading=\"lazy\" decoding=\"async\" class=\"aligncenter size-full wp-image-391\" src=\"https:\/\/pb.edu.pl\/maturanek\/wp-content\/uploads\/sites\/71\/2021\/11\/BOX_zapisy-OK.jpg\" alt=\"Zapisy\" width=\"1140\" height=\"600\" srcset=\"https:\/\/pb.edu.pl\/maturanek\/wp-content\/uploads\/sites\/71\/2021\/11\/BOX_zapisy-OK.jpg 1140w, https:\/\/pb.edu.pl\/maturanek\/wp-content\/uploads\/sites\/71\/2021\/11\/BOX_zapisy-OK-300x158.jpg 300w, https:\/\/pb.edu.pl\/maturanek\/wp-content\/uploads\/sites\/71\/2021\/11\/BOX_zapisy-OK-1024x539.jpg 1024w, https:\/\/pb.edu.pl\/maturanek\/wp-content\/uploads\/sites\/71\/2021\/11\/BOX_zapisy-OK-768x404.jpg 768w\" sizes=\"auto, (max-width: 1140px) 100vw, 1140px\" \/><\/a><\/div>\n<div class=\"col-md-2\">&nbsp;<\/div>\n<\/div>\n<p>&nbsp;<br \/>\n&nbsp;<\/p>\n","protected":false},"excerpt":{"rendered":"<p>&nbsp; Aktualno\u015bci &nbsp; &nbsp; &nbsp; &nbsp; &nbsp; &nbsp;<\/p>\n","protected":false},"author":2,"featured_media":668,"parent":0,"menu_order":1,"comment_status":"closed","ping_status":"closed","template":"templates\/reprezentacyjna-4_8.php","meta":{"_acf_changed":false,"ngg_post_thumbnail":0,"footnotes":""},"class_list":["post-2","page","type-page","status-publish","has-post-thumbnail","hentry"],"acf":[],"yoast_head":"<!-- This site is optimized with the Yoast SEO plugin v27.0 - https:\/\/yoast.com\/product\/yoast-seo-wordpress\/ -->\n<title>Przygotuj si\u0119 do matury! Przyjd\u017a na Maturanek - Politechnika Bia\u0142ostocka<\/title>\n<meta name=\"description\" content=\"#maturanekPB \u2013 Poranek Maturzysty to merytoryczna wiedza, praktyczne wskaz\u00f3wki dotycz\u0105ce egzaminu dojrza\u0142o\u015bci oraz mo\u017cliwo\u015b\u0107 poznania jednej z najwi\u0119kszych uczelni technicznych w p\u00f3\u0142nocno-wschodniej Polsce\" \/>\n<meta name=\"robots\" content=\"index, follow, max-snippet:-1, max-image-preview:large, max-video-preview:-1\" \/>\n<link rel=\"canonical\" href=\"https:\/\/pb.edu.pl\/maturanek\/\" \/>\n<meta property=\"og:locale\" content=\"pl_PL\" \/>\n<meta property=\"og:type\" content=\"article\" \/>\n<meta property=\"og:title\" content=\"Przygotuj si\u0119 do matury! Przyjd\u017a na Maturanek - Politechnika Bia\u0142ostocka\" \/>\n<meta property=\"og:description\" content=\"#maturanekPB \u2013 Poranek Maturzysty to merytoryczna wiedza, praktyczne wskaz\u00f3wki dotycz\u0105ce egzaminu dojrza\u0142o\u015bci oraz mo\u017cliwo\u015b\u0107 poznania jednej z najwi\u0119kszych uczelni technicznych w p\u00f3\u0142nocno-wschodniej Polsce\" \/>\n<meta property=\"og:url\" content=\"https:\/\/pb.edu.pl\/maturanek\/\" \/>\n<meta property=\"og:site_name\" content=\"#maturanekPB\" \/>\n<meta property=\"article:modified_time\" content=\"2025-10-27T14:02:59+00:00\" \/>\n<meta property=\"og:image\" content=\"https:\/\/pb.edu.pl\/maturanek\/wp-content\/uploads\/sites\/71\/2025\/10\/2025-10-grafika-strona-baner-pb.jpg\" \/>\n\t<meta property=\"og:image:width\" content=\"1300\" \/>\n\t<meta property=\"og:image:height\" content=\"755\" \/>\n\t<meta property=\"og:image:type\" content=\"image\/jpeg\" \/>\n<meta name=\"twitter:card\" content=\"summary_large_image\" \/>\n<script type=\"application\/ld+json\" class=\"yoast-schema-graph\">{\"@context\":\"https:\/\/schema.org\",\"@graph\":[{\"@type\":\"WebPage\",\"@id\":\"https:\/\/pb.edu.pl\/maturanek\/\",\"url\":\"https:\/\/pb.edu.pl\/maturanek\/\",\"name\":\"Przygotuj si\u0119 do matury! Przyjd\u017a na Maturanek - Politechnika Bia\u0142ostocka\",\"isPartOf\":{\"@id\":\"https:\/\/pb.edu.pl\/maturanek\/#website\"},\"primaryImageOfPage\":{\"@id\":\"https:\/\/pb.edu.pl\/maturanek\/#primaryimage\"},\"image\":{\"@id\":\"https:\/\/pb.edu.pl\/maturanek\/#primaryimage\"},\"thumbnailUrl\":\"https:\/\/pb.edu.pl\/maturanek\/wp-content\/uploads\/sites\/71\/2025\/10\/2025-10-grafika-strona-baner-pb.jpg\",\"datePublished\":\"2021-10-13T08:58:56+00:00\",\"dateModified\":\"2025-10-27T14:02:59+00:00\",\"description\":\"#maturanekPB \u2013 Poranek Maturzysty to merytoryczna wiedza, praktyczne wskaz\u00f3wki dotycz\u0105ce egzaminu dojrza\u0142o\u015bci oraz mo\u017cliwo\u015b\u0107 poznania jednej z najwi\u0119kszych uczelni technicznych w p\u00f3\u0142nocno-wschodniej Polsce\",\"inLanguage\":\"pl-PL\",\"potentialAction\":[{\"@type\":\"ReadAction\",\"target\":[\"https:\/\/pb.edu.pl\/maturanek\/\"]}]},{\"@type\":\"ImageObject\",\"inLanguage\":\"pl-PL\",\"@id\":\"https:\/\/pb.edu.pl\/maturanek\/#primaryimage\",\"url\":\"https:\/\/pb.edu.pl\/maturanek\/wp-content\/uploads\/sites\/71\/2025\/10\/2025-10-grafika-strona-baner-pb.jpg\",\"contentUrl\":\"https:\/\/pb.edu.pl\/maturanek\/wp-content\/uploads\/sites\/71\/2025\/10\/2025-10-grafika-strona-baner-pb.jpg\",\"width\":1300,\"height\":755,\"caption\":\"025-10-grafika-strona-baner-pb\"},{\"@type\":\"WebSite\",\"@id\":\"https:\/\/pb.edu.pl\/maturanek\/#website\",\"url\":\"https:\/\/pb.edu.pl\/maturanek\/\",\"name\":\"#maturanekPB\",\"description\":\"\",\"potentialAction\":[{\"@type\":\"SearchAction\",\"target\":{\"@type\":\"EntryPoint\",\"urlTemplate\":\"https:\/\/pb.edu.pl\/maturanek\/?s={search_term_string}\"},\"query-input\":{\"@type\":\"PropertyValueSpecification\",\"valueRequired\":true,\"valueName\":\"search_term_string\"}}],\"inLanguage\":\"pl-PL\"}]}<\/script>\n<!-- \/ Yoast SEO plugin. -->","yoast_head_json":{"title":"Przygotuj si\u0119 do matury! Przyjd\u017a na Maturanek - Politechnika Bia\u0142ostocka","description":"#maturanekPB \u2013 Poranek Maturzysty to merytoryczna wiedza, praktyczne wskaz\u00f3wki dotycz\u0105ce egzaminu dojrza\u0142o\u015bci oraz mo\u017cliwo\u015b\u0107 poznania jednej z najwi\u0119kszych uczelni technicznych w p\u00f3\u0142nocno-wschodniej Polsce","robots":{"index":"index","follow":"follow","max-snippet":"max-snippet:-1","max-image-preview":"max-image-preview:large","max-video-preview":"max-video-preview:-1"},"canonical":"https:\/\/pb.edu.pl\/maturanek\/","og_locale":"pl_PL","og_type":"article","og_title":"Przygotuj si\u0119 do matury! Przyjd\u017a na Maturanek - Politechnika Bia\u0142ostocka","og_description":"#maturanekPB \u2013 Poranek Maturzysty to merytoryczna wiedza, praktyczne wskaz\u00f3wki dotycz\u0105ce egzaminu dojrza\u0142o\u015bci oraz mo\u017cliwo\u015b\u0107 poznania jednej z najwi\u0119kszych uczelni technicznych w p\u00f3\u0142nocno-wschodniej Polsce","og_url":"https:\/\/pb.edu.pl\/maturanek\/","og_site_name":"#maturanekPB","article_modified_time":"2025-10-27T14:02:59+00:00","og_image":[{"width":1300,"height":755,"url":"https:\/\/pb.edu.pl\/maturanek\/wp-content\/uploads\/sites\/71\/2025\/10\/2025-10-grafika-strona-baner-pb.jpg","type":"image\/jpeg"}],"twitter_card":"summary_large_image","schema":{"@context":"https:\/\/schema.org","@graph":[{"@type":"WebPage","@id":"https:\/\/pb.edu.pl\/maturanek\/","url":"https:\/\/pb.edu.pl\/maturanek\/","name":"Przygotuj si\u0119 do matury! Przyjd\u017a na Maturanek - Politechnika Bia\u0142ostocka","isPartOf":{"@id":"https:\/\/pb.edu.pl\/maturanek\/#website"},"primaryImageOfPage":{"@id":"https:\/\/pb.edu.pl\/maturanek\/#primaryimage"},"image":{"@id":"https:\/\/pb.edu.pl\/maturanek\/#primaryimage"},"thumbnailUrl":"https:\/\/pb.edu.pl\/maturanek\/wp-content\/uploads\/sites\/71\/2025\/10\/2025-10-grafika-strona-baner-pb.jpg","datePublished":"2021-10-13T08:58:56+00:00","dateModified":"2025-10-27T14:02:59+00:00","description":"#maturanekPB \u2013 Poranek Maturzysty to merytoryczna wiedza, praktyczne wskaz\u00f3wki dotycz\u0105ce egzaminu dojrza\u0142o\u015bci oraz mo\u017cliwo\u015b\u0107 poznania jednej z najwi\u0119kszych uczelni technicznych w p\u00f3\u0142nocno-wschodniej Polsce","inLanguage":"pl-PL","potentialAction":[{"@type":"ReadAction","target":["https:\/\/pb.edu.pl\/maturanek\/"]}]},{"@type":"ImageObject","inLanguage":"pl-PL","@id":"https:\/\/pb.edu.pl\/maturanek\/#primaryimage","url":"https:\/\/pb.edu.pl\/maturanek\/wp-content\/uploads\/sites\/71\/2025\/10\/2025-10-grafika-strona-baner-pb.jpg","contentUrl":"https:\/\/pb.edu.pl\/maturanek\/wp-content\/uploads\/sites\/71\/2025\/10\/2025-10-grafika-strona-baner-pb.jpg","width":1300,"height":755,"caption":"025-10-grafika-strona-baner-pb"},{"@type":"WebSite","@id":"https:\/\/pb.edu.pl\/maturanek\/#website","url":"https:\/\/pb.edu.pl\/maturanek\/","name":"#maturanekPB","description":"","potentialAction":[{"@type":"SearchAction","target":{"@type":"EntryPoint","urlTemplate":"https:\/\/pb.edu.pl\/maturanek\/?s={search_term_string}"},"query-input":{"@type":"PropertyValueSpecification","valueRequired":true,"valueName":"search_term_string"}}],"inLanguage":"pl-PL"}]}},"_links":{"self":[{"href":"https:\/\/pb.edu.pl\/maturanek\/wp-json\/wp\/v2\/pages\/2","targetHints":{"allow":["GET"]}}],"collection":[{"href":"https:\/\/pb.edu.pl\/maturanek\/wp-json\/wp\/v2\/pages"}],"about":[{"href":"https:\/\/pb.edu.pl\/maturanek\/wp-json\/wp\/v2\/types\/page"}],"author":[{"embeddable":true,"href":"https:\/\/pb.edu.pl\/maturanek\/wp-json\/wp\/v2\/users\/2"}],"replies":[{"embeddable":true,"href":"https:\/\/pb.edu.pl\/maturanek\/wp-json\/wp\/v2\/comments?post=2"}],"version-history":[{"count":0,"href":"https:\/\/pb.edu.pl\/maturanek\/wp-json\/wp\/v2\/pages\/2\/revisions"}],"wp:featuredmedia":[{"embeddable":true,"href":"https:\/\/pb.edu.pl\/maturanek\/wp-json\/wp\/v2\/media\/668"}],"wp:attachment":[{"href":"https:\/\/pb.edu.pl\/maturanek\/wp-json\/wp\/v2\/media?parent=2"}],"curies":[{"name":"wp","href":"https:\/\/api.w.org\/{rel}","templated":true}]}}