{"id":272,"date":"2020-05-20T22:41:10","date_gmt":"2020-05-20T20:41:10","guid":{"rendered":"https:\/\/pb.edu.pl\/limacon\/?page_id=272"},"modified":"2023-09-28T16:54:40","modified_gmt":"2023-09-28T14:54:40","slug":"information-clause-gdpr","status":"publish","type":"page","link":"https:\/\/pb.edu.pl\/limacon\/registration\/information-clause-gdpr\/","title":{"rendered":"Information clause (GDPR)"},"content":{"rendered":"<p style=\"text-align: center;\"><strong>Information on the basic content of the joint arrangements of the Joint Controllers, together with information on the processing of personal data<\/strong><\/p>\n<p>Pursuant to art. 13 and art. 26 Regulation (EU) 2016\/679 of the European Parliament and of the Council of 27 April 2016 on the protection of persons with regard to the processing of personal data and on the free movement of such data, and repealing Directive 95\/46\/EC (General Data Protection Regulation), hereinafter referred to as GDPR, we would like to inform you that we jointly process your personal data and the basic content of our joint arrangements as Joint Controllers.<\/p>\n<ol>\n<li>Joint management of personal data pursuant to Art. 26 section 1 GDPR does not affect your rights under the GDPR. In accordance with the arrangements between the Joint Controllers, each of the Joint Controllers is the entity responsible for the processing of personal data in accordance with the GDPR.<\/li>\n<li>The joint controllers did not designate a separate contact point. In matters relating to the processing of personal data, you can contact any of the Joint Controllers.<\/li>\n<\/ol>\n<p><strong>I. CO-CONTROLLERS OF PERSONAL DATA<\/strong><\/p>\n<p>We would like to inform you that the joint controllers of your personal data are:<\/p>\n<ol>\n<li>Bialystok University of Technology, 45A Wiejska Str., 15-351 Bialystok, www.pb.edu.pl (hereinafter referred to as the University), tel.: 85 746 90 00, www.bip.pb.edu.pl,<br \/>\ne-mail: rektorat@pb.edu.pl<\/li>\n<li>Foundation for the development of the Bialystok University of Technology, 15-312 Bialystok, 6 Zwierzyniecka Str., VAT no.: 542-274-49-49,<\/li>\n<li>Polish Advisory and Consulting Association, Coordinator of the Polish Construction Cluster, 11 Pulkowa Str., 15-143 Bialystok, VAT no.: 542-290-15-67.<\/li>\n<\/ol>\n<p> \t<strong>II. DATA PROTECTION INSPECTORS<\/strong><\/p>\n<p>Each of the Joint Controllers has appointed a Data Protection Inspector who can be contacted in writing, by e-mail or by traditional mail to the above-mentioned addresses of the Controllers.<\/p>\n<ol>\n<li>Data Protection Inspector of the Bialystok University of Technology: <a href=\"mailto:iod@pb.edu.pl\">iod@pb.edu.pl<\/a>,<\/li>\n<li>Contact person at the Foundation for the development of the Bialystok University of Technology: <a href=\"mailto:fundacja@pb.bialystok.pl\">fundacja@pb.bialystok.pl<\/a>,<\/li>\n<li>Data Protection Inspector of the Polish Advisory and Consulting Association, Coordinator of the Polish Construction Cluster: andrzej.boltryk@adwokatura.pl.<\/li>\n<\/ol>\n<p><strong>III. PURPOSES AND BASIS OF PROCESSING<\/strong><\/p>\n<p>The joint controllers process personal data for the purposes of:<\/p>\n<ol>\n<li>registering and organizing the conference: Advanced hybrid lightweight materials and technologies for global circular economy &#8211; based on &#8211; Art. 6 section 1 letter e GDPR;<\/li>\n<li>promoting and documenting the course of the event through a photographic report in which the image of participants will be processed &#8211; based on the consent granted &#8211; Art. 6 section 1 letter a GDPR;<\/li>\n<li>settlement of the event &#8211; pursuant to applicable legal provisions in this regard &#8211; Art. 6 section 1 letter c GDPR;<\/li>\n<\/ol>\n<p><strong>IV. DATA STORAGE PERIOD<\/strong><\/p>\n<p>Your personal data will be stored for the period necessary to achieve the purpose referred to in point III of this Information. In the case of personal data processing based on consent, personal data will be processed until you withdraw your consent.<\/p>\n<p><strong>V. DATA RECIPIENTS<\/strong><\/p>\n<p>Your personal data may be made available, if necessary, to entities authorized to receive your data under applicable law.<\/p>\n<p>The joint controllers declare that in each case the provision or transfer of personal data for processing is based on an agreement on the joint administration of personal data &#8211; based on a legal obligation or an agreement on entrusting data processing.<\/p>\n<p>The image may be published on the websites of the Co-organizers and on social networking sites where the Co-organizers have an account.<\/p>\n<p><strong>VI. THIRD COUNTRIES OR INTERNATIONAL ORGANIZATIONS<\/strong><\/p>\n<p>Personal data will not be transferred to a third country or international organization.<\/p>\n<p><strong>VII. RIGHTS OF PERSONS TO WHOM THE DATA CONCERN<\/strong><\/p>\n<ol>\n<li>You have the right to access your data and, subject to legal provisions, you have the right to:<\/li>\n<li>rectification of data;<\/li>\n<li>deletion of data;<\/li>\n<li>restrictions on data processing;<\/li>\n<li>data transfer;<\/li>\n<li>withdraw the consent granted, provided that the withdrawal of consent does not affect the lawfulness of the processing carried out on the basis of consent before its withdrawal.<\/li>\n<li>object to the processing of personal data;<\/li>\n<li>You have the right to lodge a complaint with the supervisory authority &#8211; the President of the Office for Personal Data Protection &#8211; if you believe that the processing of personal data violates generally applicable provisions in this regard.<\/li>\n<\/ol>\n<p><strong>VIII. PROVIDING DATA<\/strong><\/p>\n<p>Providing your data is voluntary, but necessary to participate in the event.<\/p>\n<p>IX. The collected data will not be subject to automated processing or profiling referred to in Art. 22 GDPR.<\/li>\n<hr>\n<p><strong>Informacja o zasadniczej tre\u015bci wsp\u00f3lnych uzgodnie\u0144 Wsp\u00f3\u0142administrator\u00f3w wraz z informacj\u0105 o przetwarzaniu danych osobowych<\/strong><\/p>\n<p>Zgodnie z tre\u015bci\u0105 art. 13 i art. 26 Rozporz\u0105dzenia Parlamentu Europejskiego i Rady (UE) 2016\/679 z dnia 27 kwietnia 2016 r. w sprawie ochrony os\u00f3b fizycznych w zwi\u0105zku z przetwarzaniem danych osobowych i w sprawie swobodnego przep\u0142ywu takich danych oraz uchylenia dyrektywy 95\/46\/WE (og\u00f3lne rozporz\u0105dzenie o ochronie danych), zwanego dalej RODO, informujemy, \u017ce wsp\u00f3lnie przetwarzamy Pani\/Pana dane osobowe oraz o zasadniczej tre\u015bci naszych wsp\u00f3lnych uzgodnie\u0144 jako Wsp\u00f3\u0142administrator\u00f3w.<\/p>\n<p>1) Wsp\u00f3lne administrowanie danymi osobowymi na podstawie art. 26 ust. 1 RODO nie ma wp\u0142ywu na realizacj\u0119 uprawnie\u0144 przys\u0142uguj\u0105cych Pani\/Panu na podstawie RODO. Zgodnie z ustaleniami mi\u0119dzy Wsp\u00f3\u0142administratorami ka\u017cdy ze Wsp\u00f3\u0142administrator\u00f3w jest podmiotem odpowiedzialnym za zgodne z RODO przetwarzanie danych osobowych.<\/p>\n<p>2) Wsp\u00f3\u0142administratorzy nie wyznaczali odr\u0119bnego punktu kontaktowego. W sprawach dotycz\u0105cych przetwarzania danych osobowych mo\u017cna si\u0119 kontaktowa\u0107 z ka\u017cdym ze Wsp\u00f3\u0142administrator\u00f3w.<\/p>\n<p><strong>I. WSP\u00d3\u0141ADMINISTRATORZY DANYCH OSOBOWYCH<\/strong><\/p>\n<p>Informujemy, \u017ce Wsp\u00f3\u0142administratorami Pani\/Pana danych osobowych s\u0105:<\/p>\n<ol>\n<li>Politechnika Bia\u0142ostocka, ul. Wiejska 45A, 15-351 Bia\u0142ystok, <a href=\"http:\/\/www.pb.edu.pl\">pb.edu.pl<\/a> (zwana dalej Uczelni\u0105), tel. : 85&nbsp;746 90 00, <a href=\"http:\/\/www.bip.pb.edu.pl\">www.bip.pb.edu.pl<\/a>, e-mail:rektorat@pb.edu.pl.<\/li>\n<li>Fundacja na rzecz rozwoju Politechniki Bia\u0142ostockiej, 15-312 Bia\u0142ystok, ul. Zwierzyniecka 6, NIP: 542-274-49-49,<\/li>\n<li>Polskie Stowarzyszenie Doradcze i Konsultingowe, Koordynator Polskiego Klastra Budowlanego, ul. Pu\u0142kowa 11, 15-143 Bia\u0142ystok, NIP: 542-290-15-67.<\/li>\n<\/ol>\n<p><strong>II. INSPEKTORZY OCHRONY DANYCH<\/strong><\/p>\n<p>Ka\u017cdy ze Wsp\u00f3\u0142administrator\u00f3w wyznaczy\u0142 Inspektora Ochrony Danych, z kt\u00f3rym mo\u017cna si\u0119 kontaktowa\u0107 pisemnie, za pomoc\u0105 poczty e-mail lub poczt\u0105 tradycyjn\u0105 na w\/w adresy Administrator\u00f3w.<\/p>\n<ol>\n<li>Inspektor Ochrony Danych Politechniki Bia\u0142ostockiej: iod@pb.edu.pl,<\/li>\n<li>Osoba wyznaczona do kontaktu w Fundacji na rzecz rozwoju Politechniki Bia\u0142ostockiej: fundacja@pb.bialystok.pl,<\/li>\n<li>Inspektor Ochrony Danych Polskiego Stowarzyszenia Doradczego i Konsultingowego, Koordynator Polskiego Klastra Budowlanego: andrzej.boltryk@adwokatura.pl.<\/li>\n<\/ol>\n<p><strong>III. CELE I PODSTAWY PRZETWARZANIA<\/strong><\/p>\n<p>Wsp\u00f3\u0142administratorzy przetwarzaj\u0105&nbsp; dane osobowe w&nbsp; celu:<\/p>\n<ol>\n<li>przeprowadzenia rejestracji i organizacji konferencji: Advanced hybrid lightweight materials and technologies for global circular economy &#8211; &nbsp;na podstawie &#8211; art. 6 ust. 1 lit. e RODO;<\/li>\n<li>promocji i dokumentowania przebiegu wydarzenia poprzez relacj\u0119 fotograficzn\u0105 w ramach kt\u00f3rej przetwarzany b\u0119dzie wizerunek uczestnik\u00f3w \u2013 na podstawie udzielonej zgody &#8211; art. 6 ust. 1 lit. a RODO;<\/li>\n<li>rozliczenia wydarzenia \u2013 na podstawie obowi\u0105zuj\u0105cych przepis\u00f3w prawa&nbsp; w tym zakresie \u2013 art. 6 ust. 1 lit. c RODO;<\/li>\n<\/ol>\n<p><strong>IV. OKRES PRZECHOWYWANIA DANYCH<\/strong><\/p>\n<p>Pani\/Pana dane osobowe b\u0119d\u0105 przechowywane przez okres niezb\u0119dny do realizacji celu, o kt\u00f3rym mowa w pkt III niniejszej Informacji. W przypadku przetwarzania danych osobowych na podstawie zgody dane osobowe b\u0119d\u0105 przetwarzane do czasu cofni\u0119cia przez Pani\u0105\/Pana zgody.<\/p>\n<p><strong>V. ODBIORCY DANYCH<\/strong><\/p>\n<p>Pani\/Pana dane osobowe mog\u0105 zosta\u0107 udost\u0119pnione w przypadku zaistnia\u0142ej konieczno\u015bci podmiotom uprawnionym do otrzymania Pani\/Pana danych na podstawie obowi\u0105zuj\u0105cych przepis\u00f3w prawa.<\/p>\n<p>Wsp\u00f3\u0142administratorzy o\u015bwiadczaj\u0105, \u017ce w ka\u017cdym przypadku udost\u0119pnienie lub przekazanie danych osobowych do przetwarzania odbywa si\u0119 w oparciu o umow\u0119 o wsp\u00f3\u0142administrowaniu danych osobowych &#8211; w oparciu o obowi\u0105zek prawny lub umow\u0119 powierzenia przetwarzania danych.<\/p>\n<p>Wizerunek mo\u017ce by\u0107 publikowany na stronach internetowych Wsp\u00f3\u0142organizator\u00f3w oraz na portalach spo\u0142eczno\u015bciowych, na kt\u00f3rych Wsp\u00f3\u0142organizatorzy posiadaj\u0105 konto.<\/p>\n<p><strong>VI. PA\u0143STWA TRZECIE LUB ORGANIZACJE MI\u0118DZYNARODOWE<\/strong><\/p>\n<p>Dane osobowe nie b\u0119d\u0105 przekazywane do pa\u0144stwa trzeciego lub organizacji mi\u0119dzynarodowej.<\/p>\n<p><strong>VII. PRAWA OS\u00d3B, KT\u00d3RYCH DANE DOTYCZ\u0104<\/strong><\/p>\n<ol>\n<li>Przys\u0142uguje Pani\/Panu prawo dost\u0119pu do tre\u015bci swoich danych oraz z&nbsp;zastrze\u017ceniem przepis\u00f3w prawa przys\u0142uguje Pani\/Panu prawo do:<\/li>\n<li>sprostowania danych;<\/li>\n<li>usuni\u0119cia danych;<\/li>\n<li>ograniczenia przetwarzania danych;<\/li>\n<li>przenoszenia danych;<\/li>\n<li>cofni\u0119cia udzielonej zgody, z zastrze\u017ceniem, \u017ce wycofanie zgody nie wp\u0142ywa na zgodno\u015b\u0107 z prawem przetwarzania, kt\u00f3rego dokonano na podstawie zgody przed jej wycofaniem.<\/li>\n<li>wniesienia sprzeciwu wobec przetwarzania danych osobowych;<\/li>\n<li>Przys\u0142uguje Pani\/Panu prawo do wniesienia skargi do organu nadzorczego \u2013 Prezesa Urz\u0119du Ochrony Danych Osobowych, gdy uzna Pani\/Pan, \u017ce przetwarzanie danych osobowych narusza powszechnie obowi\u0105zuj\u0105ce przepisy w tym zakresie.<\/li>\n<\/ol>\n<p><strong>VIII. PODANIE DANYCH<\/strong><\/p>\n<p>Podanie&nbsp; przez&nbsp; Pani\u0105\/Pana&nbsp; danych jest dobrowolne, jednak konieczne do wzi\u0119cia udzia\u0142u w&nbsp;wydarzeniu.<\/p>\n<p>IX. Zebrane dane nie b\u0119d\u0105 podlega\u0142y zautomatyzowanemu przetwarzaniu, ani profilowaniu, o kt\u00f3rym mowa w art. 22 RODO.<\/p>\n<p><!--\n\n<strong>Informacja o przetwarzaniu danych osobowych uczestnik\u00f3w konferencji Advanced hybrid lightweight materials and technologies for global circular economy<\/strong>\n\n<span data-contrast=\"auto\">W celu informacyjno-promocyjnym organizowanej konferencji dokonujemy rejestracji jej przebiegu za pomoc\u0105 relacji fotograficznych oraz audio-video. Wybrane fragmenty Konferencji mog\u0105 by\u0107 upublicznione na naszej stronie internetowej. Dokonuj\u0105c rejestracji wyra\u017caj\u0105 Pa\u0144stwo zgod\u0119 na dokonywanie utrwalanie Pa\u0144stwa wizerunku zarejestrowanego podczas konferencji.&nbsp;<\/span><span data-ccp-props=\"{&quot;134245417&quot;:false,&quot;335551550&quot;:6,&quot;335551620&quot;:6,&quot;335559685&quot;:-142,&quot;335559739&quot;:0}\">&nbsp;<\/span>\n\n<span data-contrast=\"auto\">Informacja Administratora \u2013 zgodnie z art. 13 ust. 1 i 2 og\u00f3lnego rozporz\u0105dzenia o ochronie danych osobowych nr 2016\/679 z dnia 27 kwietnia 2016 r. (dalej RODO)<\/span><span data-ccp-props=\"{&quot;335551550&quot;:6,&quot;335551620&quot;:6,&quot;335559739&quot;:0}\">&nbsp;<\/span>\n\n\n<ol>\n \t\n\n<li><span data-contrast=\"auto\">Administratorem Pani\/Pana danych osobowych jest Politechnika Bia\u0142ostocka, ul. Wiejska 45A, 15-351 Bia\u0142ystok, tel.: 85\u202f746 90 00, <\/span><a href=\"https:\/\/www.pb.edu.pl\/\"><span data-contrast=\"auto\">https:\/\/www.pb.edu.pl<\/span><\/a><span data-contrast=\"auto\"> (dalej Uczelnia).&nbsp;<\/span><\/li>\n\n\n \t\n\n<li><span style=\"font-size: 1.5rem;\" data-contrast=\"auto\">Administrator, zgodnie z art. 37 ust. 1 lit. a RODO, powo\u0142a\u0142 Inspektora Ochrony Danych, z\u202fkt\u00f3rym w sprawach zwi\u0105zanych z przetwarzaniem danych osobowych mo\u017ce si\u0119 Pani\/Pan kontaktowa\u0107 za pomoc\u0105 poczty elektronicznej pod\u202fadresem: <\/span><a style=\"font-size: 1.5rem;\" href=\"mailto:iod@pb.edu.pl\"><span data-contrast=\"auto\">iod@pb.edu.pl<\/span><\/a><span style=\"font-size: 1.5rem;\" data-contrast=\"auto\">.&nbsp;<\/span><\/li>\n\n\n \t\n\n<li><span data-contrast=\"auto\">Pani\/Pana dane osobowe przetwarzane b\u0119d\u0105 w celu:<\/span><span data-ccp-props=\"{&quot;134233279&quot;:true,&quot;134245417&quot;:false,&quot;335551550&quot;:6,&quot;335551620&quot;:6,&quot;335559739&quot;:0}\">&nbsp;\n<\/span><span data-contrast=\"auto\">a. rejestracji uczestnictwa i organizacji konferencji,\n<\/span><span data-contrast=\"auto\">b. <\/span><span data-contrast=\"auto\">komunikowania si\u0119 z Uczestnikami w sprawach zwi\u0105zanych z konferencj\u0105 i udokumentowania jej przebiegu <\/span><span data-ccp-props=\"{&quot;134233279&quot;:true,&quot;134245417&quot;:false,&quot;335551550&quot;:6,&quot;335551620&quot;:6,&quot;335559739&quot;:0}\">&nbsp;\n<\/span><span style=\"font-size: 1.5rem;\" data-contrast=\"auto\">-&nbsp; na podstawie art. 6 ust. 1 lit. e RODO, gdy\u017c jest to niezb\u0119dne do wykonania zadania realizowanego w interesie publicznym w zwi\u0105zku z misj\u0105 systemu szkolnictwa wy\u017cszego i nauki w zakresie kszta\u0142cenia, dzia\u0142alno\u015bci naukowej, kszta\u0142towania postaw obywatelskich,<\/span><span style=\"font-size: 1.5rem;\" data-ccp-props=\"{&quot;134233279&quot;:true,&quot;134245417&quot;:false,&quot;335551550&quot;:6,&quot;335551620&quot;:6,&quot;335559685&quot;:1080,&quot;335559739&quot;:0}\">&nbsp;\n<\/span><span data-contrast=\"auto\">c. promocyjnym i informacyjnym \u2013 przetwarzanie danych osobowych Uczestnik\u00f3w odbywa si\u0119 na podstawie art. 6 ust. 1 lit. e RODO oraz na podstawie art. 6 ust. 1 lit. a RODO w zakresie utrwalania wizerunku.<\/span><span data-ccp-props=\"{&quot;134233279&quot;:true,&quot;134245417&quot;:false,&quot;335551550&quot;:1,&quot;335551620&quot;:1,&quot;335559739&quot;:0}\">&nbsp;<\/span><\/li>\n\n\n \t\n\n<li><span data-contrast=\"auto\">Odbiorcami Pani\/Pana danych osobowych mog\u0105 by\u0107 <\/span><span data-contrast=\"none\">podmioty realizuj\u0105ce us\u0142ugi na rzecz Uczelni m.in. dostawcy us\u0142ug informatycznych<\/span><span data-contrast=\"auto\">, <\/span><span data-contrast=\"none\">obs\u0142uga prawna oraz inne podmioty uprawnione na podstawie przepis\u00f3w prawa.<\/span><span data-ccp-props=\"{&quot;134233279&quot;:true,&quot;134245417&quot;:false,&quot;201341983&quot;:0,&quot;335551550&quot;:6,&quot;335551620&quot;:6,&quot;335559739&quot;:0,&quot;335559740&quot;:276}\">&nbsp;<\/span><\/li>\n\n\n \t\n\n<li><span data-contrast=\"auto\">Pani\/Pana dane osobowe b\u0119d\u0105 przechowywane okres niezb\u0119dny do prawid\u0142owej organizacji konferencji a nast\u0119pnie <\/span><span data-contrast=\"none\">przez okres wynikaj\u0105cy z przepis\u00f3w prawa dotycz\u0105cy archiwizacji.<\/span><span data-ccp-props=\"{&quot;134233117&quot;:false,&quot;335551550&quot;:6,&quot;335551620&quot;:6,&quot;335559738&quot;:0,&quot;335559739&quot;:0}\">&nbsp;<\/span><\/li>\n\n\n \t\n\n<li><span data-contrast=\"auto\">Przys\u0142uguje Pani\/Panu prawo dost\u0119pu do tre\u015bci swoich danych oraz\u202fz zastrze\u017ceniem przepis\u00f3w prawa przys\u0142uguje Pani\/Panu prawo do:<\/span><span data-ccp-props=\"{&quot;134233117&quot;:false,&quot;335551550&quot;:6,&quot;335551620&quot;:6,&quot;335559738&quot;:0,&quot;335559739&quot;:0}\">\na. <\/span><span data-contrast=\"auto\">cofni\u0119cia udzielonej zgody, z zastrze\u017ceniem, \u017ce cofni\u0119cie zgody nie b\u0119dzie wp\u0142ywa\u0107 ma zgodno\u015b\u0107 z prawem przetwarzania, kt\u00f3rego dokonano na podstawie Pani\/Pana zgody przed jej wycofaniem;<\/span><span data-ccp-props=\"{&quot;134233117&quot;:true,&quot;134233118&quot;:true,&quot;335551550&quot;:6,&quot;335551620&quot;:6,&quot;335559685&quot;:1134,&quot;335559739&quot;:60}\">&nbsp;\n<\/span><span data-contrast=\"auto\">b. sprostowania danych,<\/span><span data-ccp-props=\"{&quot;335551550&quot;:6,&quot;335551620&quot;:6,&quot;335559685&quot;:1134,&quot;335559739&quot;:0}\">&nbsp;\n<\/span><span data-contrast=\"auto\">c. usuni\u0119cia danych,<\/span><span data-ccp-props=\"{&quot;335551550&quot;:6,&quot;335551620&quot;:6,&quot;335559685&quot;:1134,&quot;335559739&quot;:0}\">&nbsp;\n<\/span><span data-contrast=\"auto\">d. ograniczenia przetwarzania danych,<\/span><span data-ccp-props=\"{&quot;335551550&quot;:6,&quot;335551620&quot;:6,&quot;335559685&quot;:1134,&quot;335559739&quot;:0}\">&nbsp;\n<\/span><span data-contrast=\"auto\">e. wniesienia sprzeciwu wobec przetwarzania danych osobowych.<\/span><\/li>\n\n\n \t\n\n<li><span data-contrast=\"auto\">Gdy uzna Pani\/Pan, \u017ce przetwarzanie danych osobowych narusza powszechnie obowi\u0105zuj\u0105ce przepisy w tym zakresie przys\u0142uguje Pani\/Panu prawo do wniesienia skargi do organu nadzorczego. W Polsce jest to Prezes Urz\u0119du Ochrony Danych Osobowych.<\/span><\/li>\n\n\n \t\n\n<li><span data-contrast=\"auto\">Podanie danych osobowych jest dobrowolne, lecz niezb\u0119dne w celu rejestracji i udzia\u0142u w konferencji. Konsekwencj\u0105 niepodania danych osobowych b\u0119dzie brak mo\u017cliwo\u015bci uczestniczenia w ww. konferencji.<\/span><span data-ccp-props=\"{&quot;335551550&quot;:6,&quot;335551620&quot;:6,&quot;335559685&quot;:709,&quot;335559739&quot;:0}\">&nbsp;<\/span><\/li>\n\n\n \t\n\n<li><span data-contrast=\"auto\">Pani\/Pana dane osobowe nie b\u0119d\u0105 wykorzystywane do zautomatyzowanego podejmowania decyzji ani profilowania, o kt\u00f3rym mowa w art. 22 rozporz\u0105dzenia.<\/span><span data-ccp-props=\"{&quot;134245417&quot;:true,&quot;335551550&quot;:6,&quot;335551620&quot;:6,&quot;335559685&quot;:709,&quot;335559739&quot;:0}\">&nbsp;<\/span><\/li>\n\n\n<\/ol>\n\n\n&nbsp;\n--><\/p>\n","protected":false},"excerpt":{"rendered":"<p>Information on the basic content of the joint arrangements of the Joint Controllers, together with<\/p>\n","protected":false},"author":2,"featured_media":0,"parent":30,"menu_order":1,"comment_status":"closed","ping_status":"closed","template":"","meta":{"_acf_changed":false,"ngg_post_thumbnail":0,"footnotes":""},"class_list":["post-272","page","type-page","status-publish","hentry"],"acf":[],"_links":{"self":[{"href":"https:\/\/pb.edu.pl\/limacon\/wp-json\/wp\/v2\/pages\/272","targetHints":{"allow":["GET"]}}],"collection":[{"href":"https:\/\/pb.edu.pl\/limacon\/wp-json\/wp\/v2\/pages"}],"about":[{"href":"https:\/\/pb.edu.pl\/limacon\/wp-json\/wp\/v2\/types\/page"}],"author":[{"embeddable":true,"href":"https:\/\/pb.edu.pl\/limacon\/wp-json\/wp\/v2\/users\/2"}],"replies":[{"embeddable":true,"href":"https:\/\/pb.edu.pl\/limacon\/wp-json\/wp\/v2\/comments?post=272"}],"version-history":[{"count":0,"href":"https:\/\/pb.edu.pl\/limacon\/wp-json\/wp\/v2\/pages\/272\/revisions"}],"up":[{"embeddable":true,"href":"https:\/\/pb.edu.pl\/limacon\/wp-json\/wp\/v2\/pages\/30"}],"wp:attachment":[{"href":"https:\/\/pb.edu.pl\/limacon\/wp-json\/wp\/v2\/media?parent=272"}],"curies":[{"name":"wp","href":"https:\/\/api.w.org\/{rel}","templated":true}]}}