{"id":93,"date":"2017-11-13T22:49:46","date_gmt":"2017-11-13T21:49:46","guid":{"rendered":"https:\/\/pb.edu.pl\/liceum-ogolnoksztalcace\/?page_id=93"},"modified":"2026-03-31T14:56:24","modified_gmt":"2026-03-31T12:56:24","slug":"zebrania-z-rodzicami","status":"publish","type":"page","link":"https:\/\/pb.edu.pl\/liceum-ogolnoksztalcace\/dla-rodzica\/zebrania-z-rodzicami\/","title":{"rendered":"Zebrania z rodzicami"},"content":{"rendered":"<div class=\"h3\" style=\"text-align: center\">Najbli\u017csze spotkania wychowawc\u00f3w z rodzicami<\/div>\n<div style=\"text-align: center\"><strong>&nbsp;<\/strong><\/div>\n<div class=\"h3\">\n<p style=\"text-align: center\">Spotkania z rodzicami: <span class=\"OYPEnA font-feature-liga-off font-feature-clig-off font-feature-calt-off text-decoration-none text-strikethrough-none\">31.03.2026r. (wtorek)<\/span><\/p>\n<ul>\n<li><span class=\"OYPEnA font-feature-liga-off font-feature-clig-off font-feature-calt-off text-decoration-none text-strikethrough-none\">Zebrania w klasach z wychowawcami 17:30-18:00<\/span><\/li>\n<li><span class=\"OYPEnA font-feature-liga-off font-feature-clig-off font-feature-calt-off text-decoration-none text-strikethrough-none\">Konsultacje z nauczycielami 18:00-19:00<\/span><\/li>\n<\/ul>\n<\/div>\n","protected":false},"excerpt":{"rendered":"<p>Najbli\u017csze spotkania wychowawc\u00f3w z rodzicami &nbsp; Spotkania z rodzicami: 31.03.2026r. (wtorek) Zebrania w klasach z<\/p>\n","protected":false},"author":2,"featured_media":0,"parent":22,"menu_order":4,"comment_status":"closed","ping_status":"closed","template":"","meta":{"_acf_changed":false,"ngg_post_thumbnail":0,"footnotes":""},"class_list":["post-93","page","type-page","status-publish","hentry"],"acf":[],"yoast_head":"<!-- This site is optimized with the Yoast SEO plugin v27.0 - https:\/\/yoast.com\/product\/yoast-seo-wordpress\/ -->\n<title>Akademickie Liceum Og\u00f3lnokszta\u0142c\u0105ce Politechniki Bia\u0142ostockiej - Zebrania z rodzicami<\/title>\n<meta name=\"description\" content=\"Najbli\u017csze spotkania wychowawc\u00f3w z rodzicami &nbsp; Spotkania z rodzicami: 31.03.2026r. (wtorek) Zebrania w klasach z wychowawcami 17:30-18:00 Konsultacje\" \/>\n<meta name=\"robots\" content=\"index, follow, max-snippet:-1, max-image-preview:large, max-video-preview:-1\" \/>\n<link rel=\"canonical\" href=\"https:\/\/pb.edu.pl\/liceum-ogolnoksztalcace\/dla-rodzica\/zebrania-z-rodzicami\/\" \/>\n<meta name=\"twitter:label1\" content=\"Szacowany czas czytania\" \/>\n\t<meta name=\"twitter:data1\" content=\"1 minuta\" \/>\n<script type=\"application\/ld+json\" class=\"yoast-schema-graph\">{\"@context\":\"https:\/\/schema.org\",\"@graph\":[{\"@type\":\"WebPage\",\"@id\":\"https:\/\/pb.edu.pl\/liceum-ogolnoksztalcace\/dla-rodzica\/zebrania-z-rodzicami\/\",\"url\":\"https:\/\/pb.edu.pl\/liceum-ogolnoksztalcace\/dla-rodzica\/zebrania-z-rodzicami\/\",\"name\":\"Akademickie Liceum Og\u00f3lnokszta\u0142c\u0105ce Politechniki Bia\u0142ostockiej - Zebrania z rodzicami\",\"isPartOf\":{\"@id\":\"https:\/\/pb.edu.pl\/liceum-ogolnoksztalcace\/#website\"},\"datePublished\":\"2017-11-13T21:49:46+00:00\",\"dateModified\":\"2026-03-31T12:56:24+00:00\",\"description\":\"Najbli\u017csze spotkania wychowawc\u00f3w z rodzicami &nbsp; Spotkania z rodzicami: 31.03.2026r. (wtorek) Zebrania w klasach z wychowawcami 17:30-18:00 Konsultacje\",\"breadcrumb\":{\"@id\":\"https:\/\/pb.edu.pl\/liceum-ogolnoksztalcace\/dla-rodzica\/zebrania-z-rodzicami\/#breadcrumb\"},\"inLanguage\":\"pl-PL\",\"potentialAction\":[{\"@type\":\"ReadAction\",\"target\":[\"https:\/\/pb.edu.pl\/liceum-ogolnoksztalcace\/dla-rodzica\/zebrania-z-rodzicami\/\"]}]},{\"@type\":\"BreadcrumbList\",\"@id\":\"https:\/\/pb.edu.pl\/liceum-ogolnoksztalcace\/dla-rodzica\/zebrania-z-rodzicami\/#breadcrumb\",\"itemListElement\":[{\"@type\":\"ListItem\",\"position\":1,\"name\":\"Home\",\"item\":\"https:\/\/pb.edu.pl\/liceum-ogolnoksztalcace\/\"},{\"@type\":\"ListItem\",\"position\":2,\"name\":\"Dla rodzica\",\"item\":\"https:\/\/pb.edu.pl\/liceum-ogolnoksztalcace\/dla-rodzica\/\"},{\"@type\":\"ListItem\",\"position\":3,\"name\":\"Zebrania z rodzicami\"}]},{\"@type\":\"WebSite\",\"@id\":\"https:\/\/pb.edu.pl\/liceum-ogolnoksztalcace\/#website\",\"url\":\"https:\/\/pb.edu.pl\/liceum-ogolnoksztalcace\/\",\"name\":\"Akademickie Liceum Og\u00f3lnokszta\u0142c\u0105ce Politechniki Bia\u0142ostockiej\",\"description\":\"\",\"potentialAction\":[{\"@type\":\"SearchAction\",\"target\":{\"@type\":\"EntryPoint\",\"urlTemplate\":\"https:\/\/pb.edu.pl\/liceum-ogolnoksztalcace\/?s={search_term_string}\"},\"query-input\":{\"@type\":\"PropertyValueSpecification\",\"valueRequired\":true,\"valueName\":\"search_term_string\"}}],\"inLanguage\":\"pl-PL\"}]}<\/script>\n<!-- \/ Yoast SEO plugin. -->","yoast_head_json":{"title":"Akademickie Liceum Og\u00f3lnokszta\u0142c\u0105ce Politechniki Bia\u0142ostockiej - Zebrania z rodzicami","description":"Najbli\u017csze spotkania wychowawc\u00f3w z rodzicami &nbsp; Spotkania z rodzicami: 31.03.2026r. (wtorek) Zebrania w klasach z wychowawcami 17:30-18:00 Konsultacje","robots":{"index":"index","follow":"follow","max-snippet":"max-snippet:-1","max-image-preview":"max-image-preview:large","max-video-preview":"max-video-preview:-1"},"canonical":"https:\/\/pb.edu.pl\/liceum-ogolnoksztalcace\/dla-rodzica\/zebrania-z-rodzicami\/","twitter_misc":{"Szacowany czas czytania":"1 minuta"},"schema":{"@context":"https:\/\/schema.org","@graph":[{"@type":"WebPage","@id":"https:\/\/pb.edu.pl\/liceum-ogolnoksztalcace\/dla-rodzica\/zebrania-z-rodzicami\/","url":"https:\/\/pb.edu.pl\/liceum-ogolnoksztalcace\/dla-rodzica\/zebrania-z-rodzicami\/","name":"Akademickie Liceum Og\u00f3lnokszta\u0142c\u0105ce Politechniki Bia\u0142ostockiej - Zebrania z rodzicami","isPartOf":{"@id":"https:\/\/pb.edu.pl\/liceum-ogolnoksztalcace\/#website"},"datePublished":"2017-11-13T21:49:46+00:00","dateModified":"2026-03-31T12:56:24+00:00","description":"Najbli\u017csze spotkania wychowawc\u00f3w z rodzicami &nbsp; Spotkania z rodzicami: 31.03.2026r. (wtorek) Zebrania w klasach z wychowawcami 17:30-18:00 Konsultacje","breadcrumb":{"@id":"https:\/\/pb.edu.pl\/liceum-ogolnoksztalcace\/dla-rodzica\/zebrania-z-rodzicami\/#breadcrumb"},"inLanguage":"pl-PL","potentialAction":[{"@type":"ReadAction","target":["https:\/\/pb.edu.pl\/liceum-ogolnoksztalcace\/dla-rodzica\/zebrania-z-rodzicami\/"]}]},{"@type":"BreadcrumbList","@id":"https:\/\/pb.edu.pl\/liceum-ogolnoksztalcace\/dla-rodzica\/zebrania-z-rodzicami\/#breadcrumb","itemListElement":[{"@type":"ListItem","position":1,"name":"Home","item":"https:\/\/pb.edu.pl\/liceum-ogolnoksztalcace\/"},{"@type":"ListItem","position":2,"name":"Dla rodzica","item":"https:\/\/pb.edu.pl\/liceum-ogolnoksztalcace\/dla-rodzica\/"},{"@type":"ListItem","position":3,"name":"Zebrania z rodzicami"}]},{"@type":"WebSite","@id":"https:\/\/pb.edu.pl\/liceum-ogolnoksztalcace\/#website","url":"https:\/\/pb.edu.pl\/liceum-ogolnoksztalcace\/","name":"Akademickie Liceum Og\u00f3lnokszta\u0142c\u0105ce Politechniki Bia\u0142ostockiej","description":"","potentialAction":[{"@type":"SearchAction","target":{"@type":"EntryPoint","urlTemplate":"https:\/\/pb.edu.pl\/liceum-ogolnoksztalcace\/?s={search_term_string}"},"query-input":{"@type":"PropertyValueSpecification","valueRequired":true,"valueName":"search_term_string"}}],"inLanguage":"pl-PL"}]}},"_links":{"self":[{"href":"https:\/\/pb.edu.pl\/liceum-ogolnoksztalcace\/wp-json\/wp\/v2\/pages\/93","targetHints":{"allow":["GET"]}}],"collection":[{"href":"https:\/\/pb.edu.pl\/liceum-ogolnoksztalcace\/wp-json\/wp\/v2\/pages"}],"about":[{"href":"https:\/\/pb.edu.pl\/liceum-ogolnoksztalcace\/wp-json\/wp\/v2\/types\/page"}],"author":[{"embeddable":true,"href":"https:\/\/pb.edu.pl\/liceum-ogolnoksztalcace\/wp-json\/wp\/v2\/users\/2"}],"replies":[{"embeddable":true,"href":"https:\/\/pb.edu.pl\/liceum-ogolnoksztalcace\/wp-json\/wp\/v2\/comments?post=93"}],"version-history":[{"count":1,"href":"https:\/\/pb.edu.pl\/liceum-ogolnoksztalcace\/wp-json\/wp\/v2\/pages\/93\/revisions"}],"predecessor-version":[{"id":20138,"href":"https:\/\/pb.edu.pl\/liceum-ogolnoksztalcace\/wp-json\/wp\/v2\/pages\/93\/revisions\/20138"}],"up":[{"embeddable":true,"href":"https:\/\/pb.edu.pl\/liceum-ogolnoksztalcace\/wp-json\/wp\/v2\/pages\/22"}],"wp:attachment":[{"href":"https:\/\/pb.edu.pl\/liceum-ogolnoksztalcace\/wp-json\/wp\/v2\/media?parent=93"}],"curies":[{"name":"wp","href":"https:\/\/api.w.org\/{rel}","templated":true}]}}