{"id":91,"date":"2017-11-13T22:49:07","date_gmt":"2017-11-13T21:49:07","guid":{"rendered":"https:\/\/pb.edu.pl\/liceum-ogolnoksztalcace\/?page_id=91"},"modified":"2025-10-18T09:42:00","modified_gmt":"2025-10-18T07:42:00","slug":"pedagog-szkolny","status":"publish","type":"page","link":"https:\/\/pb.edu.pl\/liceum-ogolnoksztalcace\/dla-rodzica\/pedagog-szkolny\/","title":{"rendered":"Pedagog, pedagog specjalny i psycholog szkolny"},"content":{"rendered":"<div class=\"h2\" align=\"center\">Szanowny Rodzicu!<\/div>\n<ul>\n<li>Je\u015bli masz trudno\u015bci w porozumieniu si\u0119 ze swoim dzieckiem,<\/li>\n<li>Je\u015bli martwisz si\u0119 o nie, czy o jego zachowanie,<\/li>\n<li>Je\u015bli czujesz si\u0119 przyt\u0142oczony problemami&nbsp; i nie masz z kim o nich porozmawia\u0107,<\/li>\n<li>lub je\u015bli jeste\u015b ciekawy jak sobie daje rad\u0119 Twoja latoro\u015bl w szkole i chcia\u0142by\u015b us\u0142ysze\u0107 kilka mi\u0142ych s\u0142\u00f3w na jego temat&#8230;<\/li>\n<\/ul>\n<p>to <strong>SERDECZNIE ZAPRASZAMY<\/strong> na spotkanie.<\/p>\n<h3 align=\"center\">Godziny pracy pedagoga szkolnego Heleny Sajewicz, tel. 85 74 67 132.<\/h3>\n<p align=\"center\">&nbsp;w roku szkolnym 2025\/2026<\/p>\n<div class=\"table-responsive\">\n<table class=\"table table-striped borderless\" style=\"text-align: center;vertical-align: center\">\n<tbody>\n<tr>\n<td>Poniedzia\u0142ek<\/td>\n<td>Wtorek<\/td>\n<td>\u015aroda<\/td>\n<td>Czwartek<\/td>\n<td>Pi\u0105tek<\/td>\n<\/tr>\n<tr>\n<td>08:00-12:30<\/td>\n<td><span style=\"font-size: 16px\">8:00-13:30<\/span><\/td>\n<td>09:00-15:30<\/td>\n<td>8:00-13:30<\/td>\n<td>&#8212;&#8212;&#8212;-<\/td>\n<\/tr>\n<\/tbody>\n<\/table>\n<\/div>\n<p><strong>Doradztwo zawodowe dla uczni\u00f3w wg. ustale\u0144 indywidualnych, grupowych i\/lub klasowych.<br \/>\nKonsultacje dla Rodzic\u00f3w \u2013 w godzinach pracy lub po wcze\u015bniejszym um\u00f3wieniu terminu, tel. 85 7467132.<\/strong><\/p>\n<p>Serdecznie zapraszam na strony:<\/p>\n<p><a href=\"https:\/\/portal.librus.pl\/rodzina\/artykuly\/bezpieczny-nowy-rok-szkolny-wytyczne-mein-mz-i-gis\">https:\/\/portal.librus.pl\/rodzina\/artykuly\/bezpieczny-nowy-rok-szkolny-wytyczne-mein-mz-i-gis<\/a><\/p>\n<p><a href=\"https:\/\/portal.librus.pl\/szkola\/artykuly\/wspieramy-relacje-bezplatne-szkolenia-dla-szkol-i-rodzicow#rodzic\">https:\/\/portal.librus.pl\/szkola\/artykuly\/wspieramy-relacje-bezplatne-szkolenia-dla-szkol-i-rodzicow#rodzic<\/a><\/p>\n<p><a href=\"https:\/\/www.gov.pl\/web\/edukacja-i-nauka\/pomoc-psychologiczno-pedagogiczna-dla-uczniow-i-rodzicow\">https:\/\/www.gov.pl\/web\/edukacja-i-nauka\/pomoc-psychologiczno-pedagogiczna-dla-uczniow-i-rodzicow<\/a><\/p>\n<p>&nbsp;<\/p>\n<p><a href=\"http:\/\/4lo.bialystok.pl\/wp-content\/uploads\/grabowska\/pdf\/Informator_o_plac%C3%B3wkach.pdf\">INFORMATOR o plac\u00f3wkach i organizacjach wspieraj\u0105cych dziecko, rodzin\u0119 i szko\u0142\u0119<\/a><\/p>\n<p>Wsparcie psychologiczne po pandemii:<\/p>\n<p>Informujemy, \u017ce w ramach finansowanego przez MEiN \u201eProgramu Wsparcia Psychologiczno-Pedagogicznego&#8221; przygotowana zosta\u0142a&nbsp;Internetowa Platforma Specjalistyczno-Doradcza dla uczni\u00f3w, rodzic\u00f3w i nauczycieli.<br \/>\nJest ona dost\u0119pna na pod adresem:&nbsp;<a href=\"https:\/\/pwpp.uksw.edu.pl\/\">https:\/\/www.pwpp.uksw.edu.pl\/<\/a><\/p>\n<p>Wsparcie ma charakter indywidualnych spotka\u0144 ze specjalist\u0105 w formie on-line. G\u0142\u00f3wnym celem programu jest pomoc w zwalczaniu skutk\u00f3w pandemii COVID-19 oraz wzmocnienie dobrostanu psychicznego uczestnik\u00f3w procesu kszta\u0142cenia.<\/p>\n<h3 align=\"center\">Godziny pracy pedagoga specjalnego Emilii Sawickiej-Grygorczuk<\/h3>\n<p align=\"center\">w roku szkolnym 2025\/2026<\/p>\n<p><strong>&nbsp;<\/strong><\/p>\n<table>\n<tbody>\n<tr>\n<td width=\"93\"><strong>godzina<\/strong><\/td>\n<td width=\"106\"><strong>poniedzia\u0142ek<\/strong><\/p>\n<p>12.45-15.15<\/td>\n<td width=\"98\"><strong>wtorek<\/strong><\/p>\n<p>7.45-15.15<\/td>\n<td width=\"93\"><strong>\u015broda<\/strong><\/p>\n<p>14.25-15.55<\/td>\n<td width=\"116\"><strong>czwartek<\/strong><\/p>\n<p>11.40-13.15<\/td>\n<td width=\"98\"><strong>pi\u0105tek<\/strong><\/p>\n<p>7.45-16.40<\/td>\n<\/tr>\n<tr>\n<td width=\"93\"><strong>&nbsp;<\/strong><\/p>\n<p><strong>7.45-8.45<\/strong><\/td>\n<td width=\"106\">&nbsp;<\/td>\n<td width=\"98\">rewalidacja<\/td>\n<td width=\"93\"><strong>&nbsp;<\/strong><\/td>\n<td width=\"116\">&nbsp;<\/td>\n<td width=\"98\">rewalidacja<\/td>\n<\/tr>\n<tr>\n<td width=\"93\"><strong>&nbsp;<\/strong><\/p>\n<p><strong>8.50-9.35<\/strong><\/td>\n<td width=\"106\"><strong>&nbsp;<\/strong><\/td>\n<td width=\"98\">pedagog specjalny<\/td>\n<td width=\"93\"><strong>&nbsp;<\/strong><\/td>\n<td width=\"116\">&nbsp;<\/td>\n<td width=\"98\">rewalidacja<\/td>\n<\/tr>\n<tr>\n<td width=\"93\"><strong>&nbsp;<\/strong><\/p>\n<p><strong>9.45-10.30<\/strong><\/td>\n<td width=\"106\"><strong>&nbsp;<\/strong><\/td>\n<td width=\"98\">rewalidacja<\/td>\n<td width=\"93\"><strong>&nbsp;<\/strong><\/td>\n<td width=\"116\">&nbsp;<\/td>\n<td width=\"98\">pedagog specjalny<\/td>\n<\/tr>\n<tr>\n<td width=\"93\"><strong>&nbsp;<\/strong><\/p>\n<p><strong>10.35-11.20<\/strong><\/td>\n<td width=\"106\"><strong>&nbsp;<\/strong><\/td>\n<td width=\"98\">rewalidacja<\/td>\n<td width=\"93\"><strong>&nbsp;<\/strong><\/td>\n<td width=\"116\">&nbsp;<\/td>\n<td width=\"98\">pedagog specjalny<\/td>\n<\/tr>\n<tr>\n<td width=\"93\"><strong>&nbsp;<\/strong><\/p>\n<p><strong>11.40-12.25<\/strong><\/td>\n<td width=\"106\">&nbsp;<\/td>\n<td width=\"98\">pedagog specjalny<\/td>\n<td width=\"93\"><strong>&nbsp;<\/strong><\/td>\n<td width=\"116\">pedagog specjalny<\/td>\n<td width=\"98\">pedagog<\/p>\n<p>specjalny<\/td>\n<\/tr>\n<tr>\n<td width=\"93\"><strong>&nbsp;<\/strong><\/p>\n<p><strong>12.30-13.15<\/strong><\/td>\n<td width=\"106\">pedagog specjalny<\/td>\n<td width=\"98\">pedagog specjalny<\/td>\n<td width=\"93\"><strong>&nbsp;<\/strong><\/td>\n<td width=\"116\">pedagog specjalny<\/td>\n<td width=\"98\">pedagog specjalny<\/td>\n<\/tr>\n<tr>\n<td width=\"93\"><strong>&nbsp;<\/strong><\/p>\n<p><strong>13.25-14.10<\/strong><\/td>\n<td width=\"106\">rewalidacja<\/td>\n<td width=\"98\">rewalidacja<\/td>\n<td width=\"93\"><strong>&nbsp;<\/strong><\/td>\n<td width=\"116\">&nbsp;<\/td>\n<td width=\"98\">rewalidacja<\/td>\n<\/tr>\n<tr>\n<td width=\"93\"><strong>&nbsp;<\/strong><\/p>\n<p><strong>&nbsp;<\/strong><\/p>\n<p><strong>14.15-15.00<\/strong><\/td>\n<td width=\"106\">rewalidacja<\/td>\n<td width=\"98\">rewalidacja<\/td>\n<td width=\"93\">TUS kl.3+4<\/p>\n<p>(PPP)<\/p>\n<p>pedagog specjalny<\/td>\n<td width=\"116\">&nbsp;<\/td>\n<td width=\"98\">trening pewno\u015bci siebie<\/td>\n<\/tr>\n<tr>\n<td width=\"93\"><strong>&nbsp;<\/strong><\/p>\n<p><strong>15.05-15.50<\/strong><\/td>\n<td width=\"106\">&nbsp;<\/td>\n<td width=\"98\"><strong>&nbsp;<\/strong><\/td>\n<td width=\"93\">TUS kl.3+4<\/p>\n<p>(PPP) pedagog specjalny<\/td>\n<td width=\"116\">&nbsp;<\/td>\n<td width=\"98\">TUS kl.1+2<\/p>\n<p>(PPP)<\/p>\n<p>pedagog specjalny<\/td>\n<\/tr>\n<tr>\n<td width=\"93\"><strong>&nbsp;<\/strong><\/p>\n<p><strong>15.55-16.40<\/strong><\/td>\n<td width=\"106\"><strong>&nbsp;<\/strong><\/td>\n<td width=\"98\"><strong>&nbsp;<\/strong><\/td>\n<td width=\"93\"><strong>&nbsp;<\/strong><\/td>\n<td width=\"116\">&nbsp;<\/td>\n<td width=\"98\">TUS kl. 1+2<\/p>\n<p>(PPP)<\/p>\n<p>pedagog specjalny<\/td>\n<\/tr>\n<\/tbody>\n<\/table>\n<p>&nbsp;<\/p>\n<h3 align=\"center\">Godziny pracy psychologa szkolnego Beaty Paszukow<\/h3>\n<p align=\"center\">w roku szkolnym 2025\/2026<\/p>\n<div class=\"table-responsive\">\n<table class=\"table table-striped borderless\" style=\"text-align: center;width: 100%\">\n<tbody>\n<tr>\n<td style=\"width: 20.7831%\">Poniedzia\u0142ek<\/td>\n<td style=\"width: 23.4939%\">Wtorek<\/td>\n<td style=\"width: 17.8715%\">\u015aroda<\/td>\n<td style=\"width: 23.3936%\">Czwartek<\/td>\n<td style=\"width: 14.257%\">Pi\u0105tek<\/td>\n<\/tr>\n<tr>\n<td style=\"width: 20.7831%\">&#8212;&#8212;-<\/p>\n<p>&nbsp;<\/td>\n<td style=\"width: 23.4939%\">12:05-15:05<\/td>\n<td style=\"width: 17.8715%\">08:00-12:30<\/td>\n<td style=\"width: 23.3936%\">9:40-13:10<\/td>\n<td style=\"width: 14.257%\">&#8212;&#8212;&#8211;<\/td>\n<\/tr>\n<\/tbody>\n<\/table>\n<\/div>\n","protected":false},"excerpt":{"rendered":"<p>Szanowny Rodzicu! Je\u015bli masz trudno\u015bci w porozumieniu si\u0119 ze swoim dzieckiem, Je\u015bli martwisz si\u0119 o<\/p>\n","protected":false},"author":2,"featured_media":0,"parent":22,"menu_order":3,"comment_status":"closed","ping_status":"closed","template":"","meta":{"_acf_changed":false,"ngg_post_thumbnail":0,"footnotes":""},"class_list":["post-91","page","type-page","status-publish","hentry"],"acf":[],"yoast_head":"<!-- This site is optimized with the Yoast SEO plugin v27.0 - https:\/\/yoast.com\/product\/yoast-seo-wordpress\/ -->\n<title>Akademickie Liceum Og\u00f3lnokszta\u0142c\u0105ce Politechniki Bia\u0142ostockiej - Pedagog, pedagog specjalny i psycholog szkolny<\/title>\n<meta name=\"description\" content=\"Szanowny Rodzicu! Je\u015bli masz trudno\u015bci w porozumieniu si\u0119 ze swoim dzieckiem, Je\u015bli martwisz si\u0119 o nie, czy o jego zachowanie, Je\u015bli czujesz si\u0119\" \/>\n<meta name=\"robots\" content=\"index, follow, max-snippet:-1, max-image-preview:large, max-video-preview:-1\" \/>\n<link rel=\"canonical\" href=\"https:\/\/pb.edu.pl\/liceum-ogolnoksztalcace\/dla-rodzica\/pedagog-szkolny\/\" \/>\n<meta name=\"twitter:label1\" content=\"Szacowany czas czytania\" \/>\n\t<meta name=\"twitter:data1\" content=\"2 minuty\" \/>\n<script type=\"application\/ld+json\" class=\"yoast-schema-graph\">{\"@context\":\"https:\/\/schema.org\",\"@graph\":[{\"@type\":\"WebPage\",\"@id\":\"https:\/\/pb.edu.pl\/liceum-ogolnoksztalcace\/dla-rodzica\/pedagog-szkolny\/\",\"url\":\"https:\/\/pb.edu.pl\/liceum-ogolnoksztalcace\/dla-rodzica\/pedagog-szkolny\/\",\"name\":\"Akademickie Liceum Og\u00f3lnokszta\u0142c\u0105ce Politechniki Bia\u0142ostockiej - Pedagog, pedagog specjalny i psycholog szkolny\",\"isPartOf\":{\"@id\":\"https:\/\/pb.edu.pl\/liceum-ogolnoksztalcace\/#website\"},\"datePublished\":\"2017-11-13T21:49:07+00:00\",\"dateModified\":\"2025-10-18T07:42:00+00:00\",\"description\":\"Szanowny Rodzicu! Je\u015bli masz trudno\u015bci w porozumieniu si\u0119 ze swoim dzieckiem, Je\u015bli martwisz si\u0119 o nie, czy o jego zachowanie, Je\u015bli czujesz si\u0119\",\"breadcrumb\":{\"@id\":\"https:\/\/pb.edu.pl\/liceum-ogolnoksztalcace\/dla-rodzica\/pedagog-szkolny\/#breadcrumb\"},\"inLanguage\":\"pl-PL\",\"potentialAction\":[{\"@type\":\"ReadAction\",\"target\":[\"https:\/\/pb.edu.pl\/liceum-ogolnoksztalcace\/dla-rodzica\/pedagog-szkolny\/\"]}]},{\"@type\":\"BreadcrumbList\",\"@id\":\"https:\/\/pb.edu.pl\/liceum-ogolnoksztalcace\/dla-rodzica\/pedagog-szkolny\/#breadcrumb\",\"itemListElement\":[{\"@type\":\"ListItem\",\"position\":1,\"name\":\"Home\",\"item\":\"https:\/\/pb.edu.pl\/liceum-ogolnoksztalcace\/\"},{\"@type\":\"ListItem\",\"position\":2,\"name\":\"Dla rodzica\",\"item\":\"https:\/\/pb.edu.pl\/liceum-ogolnoksztalcace\/dla-rodzica\/\"},{\"@type\":\"ListItem\",\"position\":3,\"name\":\"Pedagog, pedagog specjalny i psycholog szkolny\"}]},{\"@type\":\"WebSite\",\"@id\":\"https:\/\/pb.edu.pl\/liceum-ogolnoksztalcace\/#website\",\"url\":\"https:\/\/pb.edu.pl\/liceum-ogolnoksztalcace\/\",\"name\":\"Akademickie Liceum Og\u00f3lnokszta\u0142c\u0105ce Politechniki Bia\u0142ostockiej\",\"description\":\"\",\"potentialAction\":[{\"@type\":\"SearchAction\",\"target\":{\"@type\":\"EntryPoint\",\"urlTemplate\":\"https:\/\/pb.edu.pl\/liceum-ogolnoksztalcace\/?s={search_term_string}\"},\"query-input\":{\"@type\":\"PropertyValueSpecification\",\"valueRequired\":true,\"valueName\":\"search_term_string\"}}],\"inLanguage\":\"pl-PL\"}]}<\/script>\n<!-- \/ Yoast SEO plugin. -->","yoast_head_json":{"title":"Akademickie Liceum Og\u00f3lnokszta\u0142c\u0105ce Politechniki Bia\u0142ostockiej - Pedagog, pedagog specjalny i psycholog szkolny","description":"Szanowny Rodzicu! Je\u015bli masz trudno\u015bci w porozumieniu si\u0119 ze swoim dzieckiem, Je\u015bli martwisz si\u0119 o nie, czy o jego zachowanie, Je\u015bli czujesz si\u0119","robots":{"index":"index","follow":"follow","max-snippet":"max-snippet:-1","max-image-preview":"max-image-preview:large","max-video-preview":"max-video-preview:-1"},"canonical":"https:\/\/pb.edu.pl\/liceum-ogolnoksztalcace\/dla-rodzica\/pedagog-szkolny\/","twitter_misc":{"Szacowany czas czytania":"2 minuty"},"schema":{"@context":"https:\/\/schema.org","@graph":[{"@type":"WebPage","@id":"https:\/\/pb.edu.pl\/liceum-ogolnoksztalcace\/dla-rodzica\/pedagog-szkolny\/","url":"https:\/\/pb.edu.pl\/liceum-ogolnoksztalcace\/dla-rodzica\/pedagog-szkolny\/","name":"Akademickie Liceum Og\u00f3lnokszta\u0142c\u0105ce Politechniki Bia\u0142ostockiej - Pedagog, pedagog specjalny i psycholog szkolny","isPartOf":{"@id":"https:\/\/pb.edu.pl\/liceum-ogolnoksztalcace\/#website"},"datePublished":"2017-11-13T21:49:07+00:00","dateModified":"2025-10-18T07:42:00+00:00","description":"Szanowny Rodzicu! Je\u015bli masz trudno\u015bci w porozumieniu si\u0119 ze swoim dzieckiem, Je\u015bli martwisz si\u0119 o nie, czy o jego zachowanie, Je\u015bli czujesz si\u0119","breadcrumb":{"@id":"https:\/\/pb.edu.pl\/liceum-ogolnoksztalcace\/dla-rodzica\/pedagog-szkolny\/#breadcrumb"},"inLanguage":"pl-PL","potentialAction":[{"@type":"ReadAction","target":["https:\/\/pb.edu.pl\/liceum-ogolnoksztalcace\/dla-rodzica\/pedagog-szkolny\/"]}]},{"@type":"BreadcrumbList","@id":"https:\/\/pb.edu.pl\/liceum-ogolnoksztalcace\/dla-rodzica\/pedagog-szkolny\/#breadcrumb","itemListElement":[{"@type":"ListItem","position":1,"name":"Home","item":"https:\/\/pb.edu.pl\/liceum-ogolnoksztalcace\/"},{"@type":"ListItem","position":2,"name":"Dla rodzica","item":"https:\/\/pb.edu.pl\/liceum-ogolnoksztalcace\/dla-rodzica\/"},{"@type":"ListItem","position":3,"name":"Pedagog, pedagog specjalny i psycholog szkolny"}]},{"@type":"WebSite","@id":"https:\/\/pb.edu.pl\/liceum-ogolnoksztalcace\/#website","url":"https:\/\/pb.edu.pl\/liceum-ogolnoksztalcace\/","name":"Akademickie Liceum Og\u00f3lnokszta\u0142c\u0105ce Politechniki Bia\u0142ostockiej","description":"","potentialAction":[{"@type":"SearchAction","target":{"@type":"EntryPoint","urlTemplate":"https:\/\/pb.edu.pl\/liceum-ogolnoksztalcace\/?s={search_term_string}"},"query-input":{"@type":"PropertyValueSpecification","valueRequired":true,"valueName":"search_term_string"}}],"inLanguage":"pl-PL"}]}},"_links":{"self":[{"href":"https:\/\/pb.edu.pl\/liceum-ogolnoksztalcace\/wp-json\/wp\/v2\/pages\/91","targetHints":{"allow":["GET"]}}],"collection":[{"href":"https:\/\/pb.edu.pl\/liceum-ogolnoksztalcace\/wp-json\/wp\/v2\/pages"}],"about":[{"href":"https:\/\/pb.edu.pl\/liceum-ogolnoksztalcace\/wp-json\/wp\/v2\/types\/page"}],"author":[{"embeddable":true,"href":"https:\/\/pb.edu.pl\/liceum-ogolnoksztalcace\/wp-json\/wp\/v2\/users\/2"}],"replies":[{"embeddable":true,"href":"https:\/\/pb.edu.pl\/liceum-ogolnoksztalcace\/wp-json\/wp\/v2\/comments?post=91"}],"version-history":[{"count":0,"href":"https:\/\/pb.edu.pl\/liceum-ogolnoksztalcace\/wp-json\/wp\/v2\/pages\/91\/revisions"}],"up":[{"embeddable":true,"href":"https:\/\/pb.edu.pl\/liceum-ogolnoksztalcace\/wp-json\/wp\/v2\/pages\/22"}],"wp:attachment":[{"href":"https:\/\/pb.edu.pl\/liceum-ogolnoksztalcace\/wp-json\/wp\/v2\/media?parent=91"}],"curies":[{"name":"wp","href":"https:\/\/api.w.org\/{rel}","templated":true}]}}