{"id":78,"date":"2017-11-13T22:43:50","date_gmt":"2017-11-13T21:43:50","guid":{"rendered":"https:\/\/pb.edu.pl\/liceum-ogolnoksztalcace\/?page_id=78"},"modified":"2025-10-02T11:07:57","modified_gmt":"2025-10-02T09:07:57","slug":"pedagog-w-szkole","status":"publish","type":"page","link":"https:\/\/pb.edu.pl\/liceum-ogolnoksztalcace\/dla-ucznia\/pedagog-w-szkole\/","title":{"rendered":"Pedagog, pedagog specjalny i psycholog szkolny"},"content":{"rendered":"<div class=\"h2\" align=\"center\">Drogi Uczniu!<\/div>\n<ul>\n<li>Je\u015bli znalaz\u0142e\u015b si\u0119 w trudnej sytuacji i nie bardzo wiesz, jak mo\u017cesz sobie z ni\u0105 poradzi\u0107,<\/li>\n<li>je\u015bli jest Ci ci\u0119\u017cko i nie masz komu o tym powiedzie\u0107,<\/li>\n<li>je\u015bli jest Ci \u017ale i czujesz, \u017ce nikt Ci\u0119 nie rozumie,<\/li>\n<li>Je\u015bli widzisz, \u017ce komu\u015b dzieje si\u0119 krzywda,<\/li>\n<li>a mo\u017ce&#8230; tak zwyczajnie i po prostu chcesz porozmawia\u0107, pochwali\u0107 si\u0119 czym\u015b, zaproponowa\u0107 co\u015b ciekawego lub posiedzie\u0107 i pomilcze\u0107&#8230;<\/li>\n<\/ul>\n<p>to <strong>SERDECZNIE ZAPRASZAMY<\/strong> na spotkanie.<\/p>\n<h3 align=\"center\">Godziny pracy pedagoga szkolnego Heleny Sajewicz tel. 85 74 67 132<\/h3>\n<p align=\"center\">w roku szkolnym 2025\/2026<\/p>\n<div class=\"table-responsive\">\n<table class=\"table table-striped borderless\" style=\"text-align: center;vertical-align: center\">\n<tbody>\n<tr>\n<td>Poniedzia\u0142ek<\/td>\n<td>Wtorek<\/td>\n<td>\u015aroda<\/td>\n<td>Czwartek<\/td>\n<td>Pi\u0105tek<\/td>\n<\/tr>\n<tr>\n<td>08:00-12:30<\/td>\n<td>8:00-13:30<\/td>\n<td>09:00-15:30<\/td>\n<td>8:00-13:30<\/td>\n<td>&#8212;&#8212;<\/td>\n<\/tr>\n<\/tbody>\n<\/table>\n<\/div>\n<h3 align=\"center\">Godziny pracy pedagoga specjalnego Emilii Sawickiej-Grygorczuk<\/h3>\n<p align=\"center\">w roku szkolnym 2024\/2025<\/p>\n<div class=\"table-responsive\">\n<table class=\"table table-striped borderless\" style=\"text-align: center;width: 100%;height: 86px\">\n<tbody>\n<tr style=\"height: 38px\">\n<td style=\"width: 27.7109%;height: 38px\">Poniedzia\u0142ek<\/td>\n<td style=\"width: 24.6988%;height: 38px\">Wtorek<\/td>\n<td style=\"width: 10.5422%;height: 38px\">\u015aroda<\/td>\n<td style=\"width: 17.8715%;height: 38px\">Czwartek<\/td>\n<td style=\"width: 19.0763%;height: 38px\">Pi\u0105tek<\/td>\n<\/tr>\n<tr style=\"height: 48px\">\n<td style=\"width: 27.7109%;height: 48px\">12:30-13:30<\/td>\n<td style=\"width: 24.6988%;height: 48px\">9:45-14:15<\/td>\n<td style=\"width: 10.5422%;height: 48px\">&#8212;&#8212;&#8212;&#8211;<\/td>\n<td style=\"width: 17.8715%;height: 48px\">&#8212;&#8212;&#8212;&#8211;<\/td>\n<td style=\"width: 19.0763%;height: 48px\">8:00-13:30<\/td>\n<\/tr>\n<\/tbody>\n<\/table>\n<\/div>\n<h3 align=\"center\">Godziny pracy psychologa szkolnego Beaty Paszukow<\/h3>\n<p align=\"center\">w roku szkolnym 2025\/2026<\/p>\n<div class=\"table-responsive\">\n<table class=\"table table-striped borderless\" style=\"text-align: center;width: 100%\">\n<tbody>\n<tr>\n<td style=\"width: 20.7831%\">Poniedzia\u0142ek<\/td>\n<td style=\"width: 23.4939%\">Wtorek<\/td>\n<td style=\"width: 17.8715%\">\u015aroda<\/td>\n<td style=\"width: 23.3936%\">Czwartek<\/td>\n<td style=\"width: 14.257%\">Pi\u0105tek<\/td>\n<\/tr>\n<tr>\n<td style=\"width: 20.7831%\">&#8212;&#8212;&#8212;<\/td>\n<td style=\"width: 23.4939%\">12:05-15:05<\/td>\n<td style=\"width: 17.8715%\">08:00-12:30<\/td>\n<td style=\"width: 23.3936%\">9:40-13:10<\/td>\n<td style=\"width: 14.257%\">&#8212;&#8212;&#8212;-<\/td>\n<\/tr>\n<\/tbody>\n<\/table>\n<\/div>\n","protected":false},"excerpt":{"rendered":"<p>Drogi Uczniu! Je\u015bli znalaz\u0142e\u015b si\u0119 w trudnej sytuacji i nie bardzo wiesz, jak mo\u017cesz sobie<\/p>\n","protected":false},"author":2,"featured_media":0,"parent":20,"menu_order":7,"comment_status":"closed","ping_status":"closed","template":"","meta":{"_acf_changed":false,"ngg_post_thumbnail":0,"footnotes":""},"class_list":["post-78","page","type-page","status-publish","hentry"],"acf":[],"yoast_head":"<!-- This site is optimized with the Yoast SEO plugin v27.0 - https:\/\/yoast.com\/product\/yoast-seo-wordpress\/ -->\n<title>Akademickie Liceum Og\u00f3lnokszta\u0142c\u0105ce Politechniki Bia\u0142ostockiej - Pedagog, pedagog specjalny i psycholog szkolny<\/title>\n<meta name=\"description\" content=\"Drogi Uczniu! Je\u015bli znalaz\u0142e\u015b si\u0119 w trudnej sytuacji i nie bardzo wiesz, jak mo\u017cesz sobie z ni\u0105 poradzi\u0107, je\u015bli jest Ci ci\u0119\u017cko i nie masz komu o tym\" \/>\n<meta name=\"robots\" content=\"index, follow, max-snippet:-1, max-image-preview:large, max-video-preview:-1\" \/>\n<link rel=\"canonical\" href=\"https:\/\/pb.edu.pl\/liceum-ogolnoksztalcace\/dla-ucznia\/pedagog-w-szkole\/\" \/>\n<meta name=\"twitter:label1\" content=\"Szacowany czas czytania\" \/>\n\t<meta name=\"twitter:data1\" content=\"2 minuty\" \/>\n<script type=\"application\/ld+json\" class=\"yoast-schema-graph\">{\"@context\":\"https:\/\/schema.org\",\"@graph\":[{\"@type\":\"WebPage\",\"@id\":\"https:\/\/pb.edu.pl\/liceum-ogolnoksztalcace\/dla-ucznia\/pedagog-w-szkole\/\",\"url\":\"https:\/\/pb.edu.pl\/liceum-ogolnoksztalcace\/dla-ucznia\/pedagog-w-szkole\/\",\"name\":\"Akademickie Liceum Og\u00f3lnokszta\u0142c\u0105ce Politechniki Bia\u0142ostockiej - Pedagog, pedagog specjalny i psycholog szkolny\",\"isPartOf\":{\"@id\":\"https:\/\/pb.edu.pl\/liceum-ogolnoksztalcace\/#website\"},\"datePublished\":\"2017-11-13T21:43:50+00:00\",\"dateModified\":\"2025-10-02T09:07:57+00:00\",\"description\":\"Drogi Uczniu! Je\u015bli znalaz\u0142e\u015b si\u0119 w trudnej sytuacji i nie bardzo wiesz, jak mo\u017cesz sobie z ni\u0105 poradzi\u0107, je\u015bli jest Ci ci\u0119\u017cko i nie masz komu o tym\",\"breadcrumb\":{\"@id\":\"https:\/\/pb.edu.pl\/liceum-ogolnoksztalcace\/dla-ucznia\/pedagog-w-szkole\/#breadcrumb\"},\"inLanguage\":\"pl-PL\",\"potentialAction\":[{\"@type\":\"ReadAction\",\"target\":[\"https:\/\/pb.edu.pl\/liceum-ogolnoksztalcace\/dla-ucznia\/pedagog-w-szkole\/\"]}]},{\"@type\":\"BreadcrumbList\",\"@id\":\"https:\/\/pb.edu.pl\/liceum-ogolnoksztalcace\/dla-ucznia\/pedagog-w-szkole\/#breadcrumb\",\"itemListElement\":[{\"@type\":\"ListItem\",\"position\":1,\"name\":\"Home\",\"item\":\"https:\/\/pb.edu.pl\/liceum-ogolnoksztalcace\/\"},{\"@type\":\"ListItem\",\"position\":2,\"name\":\"Dla ucznia\",\"item\":\"https:\/\/pb.edu.pl\/liceum-ogolnoksztalcace\/dla-ucznia\/\"},{\"@type\":\"ListItem\",\"position\":3,\"name\":\"Pedagog, pedagog specjalny i psycholog szkolny\"}]},{\"@type\":\"WebSite\",\"@id\":\"https:\/\/pb.edu.pl\/liceum-ogolnoksztalcace\/#website\",\"url\":\"https:\/\/pb.edu.pl\/liceum-ogolnoksztalcace\/\",\"name\":\"Akademickie Liceum Og\u00f3lnokszta\u0142c\u0105ce Politechniki Bia\u0142ostockiej\",\"description\":\"\",\"potentialAction\":[{\"@type\":\"SearchAction\",\"target\":{\"@type\":\"EntryPoint\",\"urlTemplate\":\"https:\/\/pb.edu.pl\/liceum-ogolnoksztalcace\/?s={search_term_string}\"},\"query-input\":{\"@type\":\"PropertyValueSpecification\",\"valueRequired\":true,\"valueName\":\"search_term_string\"}}],\"inLanguage\":\"pl-PL\"}]}<\/script>\n<!-- \/ Yoast SEO plugin. -->","yoast_head_json":{"title":"Akademickie Liceum Og\u00f3lnokszta\u0142c\u0105ce Politechniki Bia\u0142ostockiej - Pedagog, pedagog specjalny i psycholog szkolny","description":"Drogi Uczniu! Je\u015bli znalaz\u0142e\u015b si\u0119 w trudnej sytuacji i nie bardzo wiesz, jak mo\u017cesz sobie z ni\u0105 poradzi\u0107, je\u015bli jest Ci ci\u0119\u017cko i nie masz komu o tym","robots":{"index":"index","follow":"follow","max-snippet":"max-snippet:-1","max-image-preview":"max-image-preview:large","max-video-preview":"max-video-preview:-1"},"canonical":"https:\/\/pb.edu.pl\/liceum-ogolnoksztalcace\/dla-ucznia\/pedagog-w-szkole\/","twitter_misc":{"Szacowany czas czytania":"2 minuty"},"schema":{"@context":"https:\/\/schema.org","@graph":[{"@type":"WebPage","@id":"https:\/\/pb.edu.pl\/liceum-ogolnoksztalcace\/dla-ucznia\/pedagog-w-szkole\/","url":"https:\/\/pb.edu.pl\/liceum-ogolnoksztalcace\/dla-ucznia\/pedagog-w-szkole\/","name":"Akademickie Liceum Og\u00f3lnokszta\u0142c\u0105ce Politechniki Bia\u0142ostockiej - Pedagog, pedagog specjalny i psycholog szkolny","isPartOf":{"@id":"https:\/\/pb.edu.pl\/liceum-ogolnoksztalcace\/#website"},"datePublished":"2017-11-13T21:43:50+00:00","dateModified":"2025-10-02T09:07:57+00:00","description":"Drogi Uczniu! Je\u015bli znalaz\u0142e\u015b si\u0119 w trudnej sytuacji i nie bardzo wiesz, jak mo\u017cesz sobie z ni\u0105 poradzi\u0107, je\u015bli jest Ci ci\u0119\u017cko i nie masz komu o tym","breadcrumb":{"@id":"https:\/\/pb.edu.pl\/liceum-ogolnoksztalcace\/dla-ucznia\/pedagog-w-szkole\/#breadcrumb"},"inLanguage":"pl-PL","potentialAction":[{"@type":"ReadAction","target":["https:\/\/pb.edu.pl\/liceum-ogolnoksztalcace\/dla-ucznia\/pedagog-w-szkole\/"]}]},{"@type":"BreadcrumbList","@id":"https:\/\/pb.edu.pl\/liceum-ogolnoksztalcace\/dla-ucznia\/pedagog-w-szkole\/#breadcrumb","itemListElement":[{"@type":"ListItem","position":1,"name":"Home","item":"https:\/\/pb.edu.pl\/liceum-ogolnoksztalcace\/"},{"@type":"ListItem","position":2,"name":"Dla ucznia","item":"https:\/\/pb.edu.pl\/liceum-ogolnoksztalcace\/dla-ucznia\/"},{"@type":"ListItem","position":3,"name":"Pedagog, pedagog specjalny i psycholog szkolny"}]},{"@type":"WebSite","@id":"https:\/\/pb.edu.pl\/liceum-ogolnoksztalcace\/#website","url":"https:\/\/pb.edu.pl\/liceum-ogolnoksztalcace\/","name":"Akademickie Liceum Og\u00f3lnokszta\u0142c\u0105ce Politechniki Bia\u0142ostockiej","description":"","potentialAction":[{"@type":"SearchAction","target":{"@type":"EntryPoint","urlTemplate":"https:\/\/pb.edu.pl\/liceum-ogolnoksztalcace\/?s={search_term_string}"},"query-input":{"@type":"PropertyValueSpecification","valueRequired":true,"valueName":"search_term_string"}}],"inLanguage":"pl-PL"}]}},"_links":{"self":[{"href":"https:\/\/pb.edu.pl\/liceum-ogolnoksztalcace\/wp-json\/wp\/v2\/pages\/78","targetHints":{"allow":["GET"]}}],"collection":[{"href":"https:\/\/pb.edu.pl\/liceum-ogolnoksztalcace\/wp-json\/wp\/v2\/pages"}],"about":[{"href":"https:\/\/pb.edu.pl\/liceum-ogolnoksztalcace\/wp-json\/wp\/v2\/types\/page"}],"author":[{"embeddable":true,"href":"https:\/\/pb.edu.pl\/liceum-ogolnoksztalcace\/wp-json\/wp\/v2\/users\/2"}],"replies":[{"embeddable":true,"href":"https:\/\/pb.edu.pl\/liceum-ogolnoksztalcace\/wp-json\/wp\/v2\/comments?post=78"}],"version-history":[{"count":0,"href":"https:\/\/pb.edu.pl\/liceum-ogolnoksztalcace\/wp-json\/wp\/v2\/pages\/78\/revisions"}],"up":[{"embeddable":true,"href":"https:\/\/pb.edu.pl\/liceum-ogolnoksztalcace\/wp-json\/wp\/v2\/pages\/20"}],"wp:attachment":[{"href":"https:\/\/pb.edu.pl\/liceum-ogolnoksztalcace\/wp-json\/wp\/v2\/media?parent=78"}],"curies":[{"name":"wp","href":"https:\/\/api.w.org\/{rel}","templated":true}]}}