{"id":74,"date":"2017-11-13T22:42:23","date_gmt":"2017-11-13T21:42:23","guid":{"rendered":"https:\/\/pb.edu.pl\/liceum-ogolnoksztalcace\/?page_id=74"},"modified":"2025-05-30T00:05:55","modified_gmt":"2025-05-29T22:05:55","slug":"zajecia-projektowe","status":"publish","type":"page","link":"https:\/\/pb.edu.pl\/liceum-ogolnoksztalcace\/dla-ucznia\/zajecia-projektowe\/","title":{"rendered":"Zaj\u0119cia projektowe"},"content":{"rendered":"<div class=\"row\">\n<div class=\"col-sm-3 text-center\" style=\"margin-bottom: 25px\"><a class=\"button\" style=\"width: 100%;padding: 0px 5px 10px 5px\" href=\"\/liceum-ogolnoksztalcace\/dla-ucznia\/zajecia-projektowe\/robotyka\/\"><img loading=\"lazy\" decoding=\"async\" class=\"aligncenter size-full wp-image-459\" src=\"https:\/\/pb.edu.pl\/liceum-ogolnoksztalcace\/wp-content\/uploads\/sites\/10\/2017\/12\/mars-67522_640.jpg\" alt=\"\" width=\"640\" height=\"378\"><span class=\"h3\">Robotyka<\/span><\/a><\/div>\n<div class=\"col-sm-3 text-center\" style=\"margin-bottom: 25px\"><a class=\"button\" style=\"width: 100%;padding: 0px 5px 10px 5px\" href=\"\/liceum-ogolnoksztalcace\/dla-ucznia\/zajecia-projektowe\/matematyczne\"><img loading=\"lazy\" decoding=\"async\" class=\"aligncenter wp-image-451 size-full\" src=\"https:\/\/pb.edu.pl\/liceum-ogolnoksztalcace\/wp-content\/uploads\/sites\/10\/2017\/12\/board-1103721_1280.jpg\" alt=\"\" width=\"640\" height=\"378\" srcset=\"https:\/\/pb.edu.pl\/liceum-ogolnoksztalcace\/wp-content\/uploads\/sites\/10\/2017\/12\/board-1103721_1280.jpg 640w, https:\/\/pb.edu.pl\/liceum-ogolnoksztalcace\/wp-content\/uploads\/sites\/10\/2017\/12\/board-1103721_1280-300x177.jpg 300w\" sizes=\"auto, (max-width: 640px) 100vw, 640px\" \/><span class=\"h3\">Ko\u0142o matematyczne<\/span><\/a><\/div>\n<div class=\"col-sm-3 text-center\" style=\"margin-bottom: 25px\"><a class=\"button\" style=\"width: 100%;padding: 0px 5px 10px 5px\" href=\"\/liceum-ogolnoksztalcace\/dla-ucznia\/zajecia-projektowe\/fizyczne\"><img loading=\"lazy\" decoding=\"async\" class=\"aligncenter size-full wp-image-810\" src=\"https:\/\/pb.edu.pl\/liceum-ogolnoksztalcace\/wp-content\/uploads\/sites\/10\/2018\/03\/fizyka-box.jpg\" alt=\"pryzmat\" width=\"600\" height=\"354\"><span class=\"h3\">Ko\u0142o fizyczne<\/span><\/a><\/div>\n<div class=\"col-sm-3 text-center\" style=\"margin-bottom: 25px\"><a class=\"button\" style=\"width: 100%;padding: 0px 5px 10px 5px\" href=\"\/liceum-ogolnoksztalcace\/dla-ucznia\/zajecia-projektowe\/programowanie\"><img loading=\"lazy\" decoding=\"async\" width=\"600\" height=\"354\" class=\"aligncenter size-full wp-image-809\" src=\"https:\/\/pb.edu.pl\/liceum-ogolnoksztalcace\/wp-content\/uploads\/sites\/10\/2018\/03\/programowanie-box.jpg\" alt=\"monitor laptopa z kodem\" srcset=\"https:\/\/pb.edu.pl\/liceum-ogolnoksztalcace\/wp-content\/uploads\/sites\/10\/2018\/03\/programowanie-box.jpg 600w, https:\/\/pb.edu.pl\/liceum-ogolnoksztalcace\/wp-content\/uploads\/sites\/10\/2018\/03\/programowanie-box-300x177.jpg 300w\" sizes=\"auto, (max-width: 600px) 100vw, 600px\" \/><span class=\"h3\">Programowanie<\/span><\/a><\/div>\n<\/div>\n<div class=\"row\">\n<div class=\"col-sm-3 text-center\" style=\"margin-bottom: 25px\"><a class=\"button\" style=\"width: 100%;padding: 0px 5px 10px 5px\" href=\"\/liceum-ogolnoksztalcace\/dla-ucznia\/zajecia-projektowe\/kologierlogicznych\/\"><img loading=\"lazy\" decoding=\"async\" src=\"https:\/\/pb.edu.pl\/liceum-ogolnoksztalcace\/wp-content\/uploads\/sites\/10\/2024\/04\/kolo_gier_politechniki_bialostockiej_szare.png\" alt=\"\" width=\"640\" height=\"378\" class=\"aligncenter size-full wp-image-12047\" \/><span class=\"h3\">Ko\u0142o Gier Logicznych<\/span><\/a><\/div>\n<div class=\"col-sm-3 text-center\" style=\"margin-bottom: 25px\"><a class=\"button\" style=\"width: 100%;padding: 0px 5px 10px 5px\" href=\"\/liceum-ogolnoksztalcace\/dla-ucznia\/zajecia-projektowe\/kolo-szachowe\/\"><img loading=\"lazy\" decoding=\"async\" src=\"https:\/\/pb.edu.pl\/liceum-ogolnoksztalcace\/wp-content\/uploads\/sites\/10\/2024\/09\/szachy.png\" alt=\"\" width=\"1336\" height=\"750\" class=\"aligncenter size-full wp-image-12998\" srcset=\"https:\/\/pb.edu.pl\/liceum-ogolnoksztalcace\/wp-content\/uploads\/sites\/10\/2024\/09\/szachy.png 1336w, https:\/\/pb.edu.pl\/liceum-ogolnoksztalcace\/wp-content\/uploads\/sites\/10\/2024\/09\/szachy-300x168.png 300w, https:\/\/pb.edu.pl\/liceum-ogolnoksztalcace\/wp-content\/uploads\/sites\/10\/2024\/09\/szachy-1024x575.png 1024w, https:\/\/pb.edu.pl\/liceum-ogolnoksztalcace\/wp-content\/uploads\/sites\/10\/2024\/09\/szachy-768x431.png 768w\" sizes=\"auto, (max-width: 1336px) 100vw, 1336px\" \/><span class=\"h3\">Ko\u0142o Szachowe<\/span><\/a><\/div>\n<div class=\"col-sm-3 text-center\" style=\"margin-bottom: 25px\"><a class=\"button\" style=\"width: 100%;padding: 0px 5px 10px 5px\" href=\"\/liceum-ogolnoksztalcace\/dla-ucznia\/zajecia-projektowe\/szkolne-kolo-wolontariatu\/\"><img loading=\"lazy\" decoding=\"async\" src=\"https:\/\/pb.edu.pl\/liceum-ogolnoksztalcace\/wp-content\/uploads\/sites\/10\/2024\/09\/www-kolo-wolontariatu.png\" alt=\"\" width=\"640\" height=\"378\" class=\"aligncenter size-full wp-image-13014\" srcset=\"https:\/\/pb.edu.pl\/liceum-ogolnoksztalcace\/wp-content\/uploads\/sites\/10\/2024\/09\/www-kolo-wolontariatu.png 640w, https:\/\/pb.edu.pl\/liceum-ogolnoksztalcace\/wp-content\/uploads\/sites\/10\/2024\/09\/www-kolo-wolontariatu-300x177.png 300w\" sizes=\"auto, (max-width: 640px) 100vw, 640px\" \/><span class=\"h3\">Szkolne Ko\u0142o Wolontariatu<\/span><\/a><\/div>\n<div class=\"col-sm-3 text-center\" style=\"margin-bottom: 25px\"><a class=\"button\" style=\"width: 100%;padding: 0px 5px 10px 5px\" href=\"\/liceum-ogolnoksztalcace\/dla-ucznia\/zajecia-projektowe\/szkolne-kolo-sportowe-sks\/\"><img loading=\"lazy\" decoding=\"async\" src=\"https:\/\/pb.edu.pl\/liceum-ogolnoksztalcace\/wp-content\/uploads\/sites\/10\/2023\/12\/DSC0125.jpg\" alt=\"\" width=\"640\" height=\"378\" class=\"aligncenter size-full wp-image-11048\" \/><span class=\"h3\">Szkolne Ko\u0142o Sportowe<\/span><\/a><\/div>\n<\/div>\n","protected":false},"excerpt":{"rendered":"<p>Robotyka Ko\u0142o matematyczne Ko\u0142o fizyczne Programowanie Ko\u0142o Gier Logicznych Ko\u0142o Szachowe Szkolne Ko\u0142o Wolontariatu Szkolne<\/p>\n","protected":false},"author":2,"featured_media":0,"parent":20,"menu_order":6,"comment_status":"closed","ping_status":"closed","template":"","meta":{"_acf_changed":false,"ngg_post_thumbnail":0,"footnotes":""},"class_list":["post-74","page","type-page","status-publish","hentry"],"acf":[],"yoast_head":"<!-- This site is optimized with the Yoast SEO plugin v27.0 - https:\/\/yoast.com\/product\/yoast-seo-wordpress\/ -->\n<title>Akademickie Liceum Og\u00f3lnokszta\u0142c\u0105ce Politechniki Bia\u0142ostockiej - Zaj\u0119cia projektowe<\/title>\n<meta name=\"description\" content=\"Robotyka Ko\u0142o matematyczne Ko\u0142o fizyczne Programowanie   Ko\u0142o Gier Logicznych Ko\u0142o Szachowe Szkolne Ko\u0142o Wolontariatu Szkolne Ko\u0142o Sportowe\" \/>\n<meta name=\"robots\" content=\"index, follow, max-snippet:-1, max-image-preview:large, max-video-preview:-1\" \/>\n<link rel=\"canonical\" href=\"https:\/\/pb.edu.pl\/liceum-ogolnoksztalcace\/dla-ucznia\/zajecia-projektowe\/\" \/>\n<meta name=\"twitter:label1\" content=\"Szacowany czas czytania\" \/>\n\t<meta name=\"twitter:data1\" content=\"2 minuty\" \/>\n<script type=\"application\/ld+json\" class=\"yoast-schema-graph\">{\"@context\":\"https:\/\/schema.org\",\"@graph\":[{\"@type\":\"WebPage\",\"@id\":\"https:\/\/pb.edu.pl\/liceum-ogolnoksztalcace\/dla-ucznia\/zajecia-projektowe\/\",\"url\":\"https:\/\/pb.edu.pl\/liceum-ogolnoksztalcace\/dla-ucznia\/zajecia-projektowe\/\",\"name\":\"Akademickie Liceum Og\u00f3lnokszta\u0142c\u0105ce Politechniki Bia\u0142ostockiej - Zaj\u0119cia projektowe\",\"isPartOf\":{\"@id\":\"https:\/\/pb.edu.pl\/liceum-ogolnoksztalcace\/#website\"},\"primaryImageOfPage\":{\"@id\":\"https:\/\/pb.edu.pl\/liceum-ogolnoksztalcace\/dla-ucznia\/zajecia-projektowe\/#primaryimage\"},\"image\":{\"@id\":\"https:\/\/pb.edu.pl\/liceum-ogolnoksztalcace\/dla-ucznia\/zajecia-projektowe\/#primaryimage\"},\"thumbnailUrl\":\"https:\/\/pb.edu.pl\/liceum-ogolnoksztalcace\/wp-content\/uploads\/sites\/10\/2017\/12\/mars-67522_640.jpg\",\"datePublished\":\"2017-11-13T21:42:23+00:00\",\"dateModified\":\"2025-05-29T22:05:55+00:00\",\"description\":\"Robotyka Ko\u0142o matematyczne Ko\u0142o fizyczne Programowanie Ko\u0142o Gier Logicznych Ko\u0142o Szachowe Szkolne Ko\u0142o Wolontariatu Szkolne Ko\u0142o Sportowe\",\"breadcrumb\":{\"@id\":\"https:\/\/pb.edu.pl\/liceum-ogolnoksztalcace\/dla-ucznia\/zajecia-projektowe\/#breadcrumb\"},\"inLanguage\":\"pl-PL\",\"potentialAction\":[{\"@type\":\"ReadAction\",\"target\":[\"https:\/\/pb.edu.pl\/liceum-ogolnoksztalcace\/dla-ucznia\/zajecia-projektowe\/\"]}]},{\"@type\":\"ImageObject\",\"inLanguage\":\"pl-PL\",\"@id\":\"https:\/\/pb.edu.pl\/liceum-ogolnoksztalcace\/dla-ucznia\/zajecia-projektowe\/#primaryimage\",\"url\":\"https:\/\/pb.edu.pl\/liceum-ogolnoksztalcace\/wp-content\/uploads\/sites\/10\/2017\/12\/mars-67522_640.jpg\",\"contentUrl\":\"https:\/\/pb.edu.pl\/liceum-ogolnoksztalcace\/wp-content\/uploads\/sites\/10\/2017\/12\/mars-67522_640.jpg\",\"width\":640,\"height\":378},{\"@type\":\"BreadcrumbList\",\"@id\":\"https:\/\/pb.edu.pl\/liceum-ogolnoksztalcace\/dla-ucznia\/zajecia-projektowe\/#breadcrumb\",\"itemListElement\":[{\"@type\":\"ListItem\",\"position\":1,\"name\":\"Home\",\"item\":\"https:\/\/pb.edu.pl\/liceum-ogolnoksztalcace\/\"},{\"@type\":\"ListItem\",\"position\":2,\"name\":\"Dla ucznia\",\"item\":\"https:\/\/pb.edu.pl\/liceum-ogolnoksztalcace\/dla-ucznia\/\"},{\"@type\":\"ListItem\",\"position\":3,\"name\":\"Zaj\u0119cia projektowe\"}]},{\"@type\":\"WebSite\",\"@id\":\"https:\/\/pb.edu.pl\/liceum-ogolnoksztalcace\/#website\",\"url\":\"https:\/\/pb.edu.pl\/liceum-ogolnoksztalcace\/\",\"name\":\"Akademickie Liceum Og\u00f3lnokszta\u0142c\u0105ce Politechniki Bia\u0142ostockiej\",\"description\":\"\",\"potentialAction\":[{\"@type\":\"SearchAction\",\"target\":{\"@type\":\"EntryPoint\",\"urlTemplate\":\"https:\/\/pb.edu.pl\/liceum-ogolnoksztalcace\/?s={search_term_string}\"},\"query-input\":{\"@type\":\"PropertyValueSpecification\",\"valueRequired\":true,\"valueName\":\"search_term_string\"}}],\"inLanguage\":\"pl-PL\"}]}<\/script>\n<!-- \/ Yoast SEO plugin. -->","yoast_head_json":{"title":"Akademickie Liceum Og\u00f3lnokszta\u0142c\u0105ce Politechniki Bia\u0142ostockiej - Zaj\u0119cia projektowe","description":"Robotyka Ko\u0142o matematyczne Ko\u0142o fizyczne Programowanie   Ko\u0142o Gier Logicznych Ko\u0142o Szachowe Szkolne Ko\u0142o Wolontariatu Szkolne Ko\u0142o Sportowe","robots":{"index":"index","follow":"follow","max-snippet":"max-snippet:-1","max-image-preview":"max-image-preview:large","max-video-preview":"max-video-preview:-1"},"canonical":"https:\/\/pb.edu.pl\/liceum-ogolnoksztalcace\/dla-ucznia\/zajecia-projektowe\/","twitter_misc":{"Szacowany czas czytania":"2 minuty"},"schema":{"@context":"https:\/\/schema.org","@graph":[{"@type":"WebPage","@id":"https:\/\/pb.edu.pl\/liceum-ogolnoksztalcace\/dla-ucznia\/zajecia-projektowe\/","url":"https:\/\/pb.edu.pl\/liceum-ogolnoksztalcace\/dla-ucznia\/zajecia-projektowe\/","name":"Akademickie Liceum Og\u00f3lnokszta\u0142c\u0105ce Politechniki Bia\u0142ostockiej - Zaj\u0119cia projektowe","isPartOf":{"@id":"https:\/\/pb.edu.pl\/liceum-ogolnoksztalcace\/#website"},"primaryImageOfPage":{"@id":"https:\/\/pb.edu.pl\/liceum-ogolnoksztalcace\/dla-ucznia\/zajecia-projektowe\/#primaryimage"},"image":{"@id":"https:\/\/pb.edu.pl\/liceum-ogolnoksztalcace\/dla-ucznia\/zajecia-projektowe\/#primaryimage"},"thumbnailUrl":"https:\/\/pb.edu.pl\/liceum-ogolnoksztalcace\/wp-content\/uploads\/sites\/10\/2017\/12\/mars-67522_640.jpg","datePublished":"2017-11-13T21:42:23+00:00","dateModified":"2025-05-29T22:05:55+00:00","description":"Robotyka Ko\u0142o matematyczne Ko\u0142o fizyczne Programowanie Ko\u0142o Gier Logicznych Ko\u0142o Szachowe Szkolne Ko\u0142o Wolontariatu Szkolne Ko\u0142o Sportowe","breadcrumb":{"@id":"https:\/\/pb.edu.pl\/liceum-ogolnoksztalcace\/dla-ucznia\/zajecia-projektowe\/#breadcrumb"},"inLanguage":"pl-PL","potentialAction":[{"@type":"ReadAction","target":["https:\/\/pb.edu.pl\/liceum-ogolnoksztalcace\/dla-ucznia\/zajecia-projektowe\/"]}]},{"@type":"ImageObject","inLanguage":"pl-PL","@id":"https:\/\/pb.edu.pl\/liceum-ogolnoksztalcace\/dla-ucznia\/zajecia-projektowe\/#primaryimage","url":"https:\/\/pb.edu.pl\/liceum-ogolnoksztalcace\/wp-content\/uploads\/sites\/10\/2017\/12\/mars-67522_640.jpg","contentUrl":"https:\/\/pb.edu.pl\/liceum-ogolnoksztalcace\/wp-content\/uploads\/sites\/10\/2017\/12\/mars-67522_640.jpg","width":640,"height":378},{"@type":"BreadcrumbList","@id":"https:\/\/pb.edu.pl\/liceum-ogolnoksztalcace\/dla-ucznia\/zajecia-projektowe\/#breadcrumb","itemListElement":[{"@type":"ListItem","position":1,"name":"Home","item":"https:\/\/pb.edu.pl\/liceum-ogolnoksztalcace\/"},{"@type":"ListItem","position":2,"name":"Dla ucznia","item":"https:\/\/pb.edu.pl\/liceum-ogolnoksztalcace\/dla-ucznia\/"},{"@type":"ListItem","position":3,"name":"Zaj\u0119cia projektowe"}]},{"@type":"WebSite","@id":"https:\/\/pb.edu.pl\/liceum-ogolnoksztalcace\/#website","url":"https:\/\/pb.edu.pl\/liceum-ogolnoksztalcace\/","name":"Akademickie Liceum Og\u00f3lnokszta\u0142c\u0105ce Politechniki Bia\u0142ostockiej","description":"","potentialAction":[{"@type":"SearchAction","target":{"@type":"EntryPoint","urlTemplate":"https:\/\/pb.edu.pl\/liceum-ogolnoksztalcace\/?s={search_term_string}"},"query-input":{"@type":"PropertyValueSpecification","valueRequired":true,"valueName":"search_term_string"}}],"inLanguage":"pl-PL"}]}},"_links":{"self":[{"href":"https:\/\/pb.edu.pl\/liceum-ogolnoksztalcace\/wp-json\/wp\/v2\/pages\/74","targetHints":{"allow":["GET"]}}],"collection":[{"href":"https:\/\/pb.edu.pl\/liceum-ogolnoksztalcace\/wp-json\/wp\/v2\/pages"}],"about":[{"href":"https:\/\/pb.edu.pl\/liceum-ogolnoksztalcace\/wp-json\/wp\/v2\/types\/page"}],"author":[{"embeddable":true,"href":"https:\/\/pb.edu.pl\/liceum-ogolnoksztalcace\/wp-json\/wp\/v2\/users\/2"}],"replies":[{"embeddable":true,"href":"https:\/\/pb.edu.pl\/liceum-ogolnoksztalcace\/wp-json\/wp\/v2\/comments?post=74"}],"version-history":[{"count":0,"href":"https:\/\/pb.edu.pl\/liceum-ogolnoksztalcace\/wp-json\/wp\/v2\/pages\/74\/revisions"}],"up":[{"embeddable":true,"href":"https:\/\/pb.edu.pl\/liceum-ogolnoksztalcace\/wp-json\/wp\/v2\/pages\/20"}],"wp:attachment":[{"href":"https:\/\/pb.edu.pl\/liceum-ogolnoksztalcace\/wp-json\/wp\/v2\/media?parent=74"}],"curies":[{"name":"wp","href":"https:\/\/api.w.org\/{rel}","templated":true}]}}