{"id":7240,"date":"2022-02-28T13:21:04","date_gmt":"2022-02-28T12:21:04","guid":{"rendered":"https:\/\/pb.edu.pl\/liceum-ogolnoksztalcace\/?page_id=7240"},"modified":"2024-02-16T21:36:58","modified_gmt":"2024-02-16T20:36:58","slug":"projekt-mint","status":"publish","type":"page","link":"https:\/\/pb.edu.pl\/liceum-ogolnoksztalcace\/projekty\/projekt-mint\/","title":{"rendered":"Projekt MINT"},"content":{"rendered":"<p><img loading=\"lazy\" decoding=\"async\" class=\"aligncenter size-thumbnail wp-image-6845\" src=\"https:\/\/pb.edu.pl\/liceum-ogolnoksztalcace\/wp-content\/uploads\/sites\/10\/2021\/11\/Logo-PNWM-PION-RGB-do-internetu-z-dopiskiem_Easy-Resize.com_-300x200.jpg\" alt=\"logo\" width=\"300\" height=\"200\" srcset=\"https:\/\/pb.edu.pl\/liceum-ogolnoksztalcace\/wp-content\/uploads\/sites\/10\/2021\/11\/Logo-PNWM-PION-RGB-do-internetu-z-dopiskiem_Easy-Resize.com_-300x200.jpg 300w, https:\/\/pb.edu.pl\/liceum-ogolnoksztalcace\/wp-content\/uploads\/sites\/10\/2021\/11\/Logo-PNWM-PION-RGB-do-internetu-z-dopiskiem_Easy-Resize.com_-480x320.jpg 480w\" sizes=\"auto, (max-width: 300px) 100vw, 300px\" \/><\/p>\n<p><a class=\"h3\" href=\"https:\/\/pb.edu.pl\/mint\/\">Projekt MINT &#8211; serwis www<\/a><br \/>\n&nbsp;<br \/>\nCelem naszego wsp\u00f3lnego projektu jest nawi\u0105zanie i pog\u0142\u0119bienie d\u0142ugotrwa\u0142ej i owocnej wsp\u00f3\u0142pracy pomi\u0119dzy uczniami szk\u00f3\u0142 polskich i niemieckich. Chcemy uczy\u0107 si\u0119 od siebie nawzajem, wymienia\u0107 opinie i pomys\u0142y, komunikowa\u0107 si\u0119 i wsp\u00f3lnie rozwija\u0107. Opr\u00f3cz celu czysto naukowego &#8211; wypracowanie jednolitej metodologii bada\u0144, wsp\u00f3lne opracowanie wynik\u00f3w bada\u0144 dotycz\u0105cych zanieczyszcze\u0144 wody, powietrza i gleby oraz stworzenie strony internetowej (w j\u0119zyku angielskim, niemieckim i polskim) z zebranymi wynikami bada\u0144 &#8211; chcemy przyczyni\u0107 si\u0119 do wzajemnego poznania swojego kraju, kultury, historii i obyczaj\u00f3w.<\/p>\n<p>Projekt obejmuje wsp\u00f3lne spotkania online oraz asynchroniczne fazy pracy. Do komunikacji u\u017cywamy Microsoft Teams oraz szkolnych adres\u00f3w e-mail. 15 polskich i 15 niemieckich uczni\u00f3w tworzy grupy robocze i pracuje nad wybranym przez siebie zadaniem badawczym.<\/p>\n<p>Opiekunami projektu po stronie polskiej s\u0105: Artur Ku\u017amicz, Anetta Pogrebniak, Marzena Smolewska.<\/p>\n<hr>\n<p>Das Ziel unseres gemeinsamen Projekts ist es, eine langfristige und fruchtbare Zusammenarbeit zwischen Sch\u00fclerinnen und Sch\u00fclern polnischer und deutscher Schulen aufzubauen und zu vertiefen. Wir wollen voneinander lernen, Meinungen und Ideen austauschen, kommunizieren und uns gemeinsam weiterentwickeln. Neben dem rein wissenschaftlichen Ziel &#8211; eine einheitliche Forschungsmethodik zu entwickeln, gemeinsam Forschungsergebnisse zur Wasser-, Luft- und Bodenverschmutzung zusammenzutragen und eine Website (in Englisch, Deutsch und Polnisch) mit den zusammengetragenen Forschungsergebnissen zu erstellen &#8211; wollen wir dazu beitragen, das Land, die Kultur, die Geschichte und die Br\u00e4uche des jeweils anderen kennenzulernen.<\/p>\n<p>Das Projekt umfasst gemeinsame online-Termine und asynchrone Arbeitsphasen (in Deutschland jeweils im Rahmen des VNU mittwochs, 14:00 Uhr bis 15:30 Uhr). Wir verwenden Microsoft-Teams und die Schul-Email-Adressen f\u00fcr die Kommunikation. 15 polnischer und 15 deutscher Sch\u00fclerinnen und Sch\u00fcler bilden Arbeitsgruppen und bearbeiten ihren selbst gew\u00e4hlten Forschungsauftrag.<\/p>\n<p>Opiekunami projektu po stronie niemieckiej s\u0105: Steffen Kreutzmann, Anja Uebeler-Wehowsky, Axel Thomiczny.<\/p>\n","protected":false},"excerpt":{"rendered":"<p>Projekt MINT &#8211; serwis www &nbsp; Celem naszego wsp\u00f3lnego projektu jest nawi\u0105zanie i pog\u0142\u0119bienie d\u0142ugotrwa\u0142ej<\/p>\n","protected":false},"author":99,"featured_media":0,"parent":7254,"menu_order":1,"comment_status":"closed","ping_status":"closed","template":"","meta":{"_acf_changed":false,"ngg_post_thumbnail":0,"footnotes":""},"class_list":["post-7240","page","type-page","status-publish","hentry"],"acf":[],"yoast_head":"<!-- This site is optimized with the Yoast SEO plugin v27.0 - https:\/\/yoast.com\/product\/yoast-seo-wordpress\/ -->\n<title>Akademickie Liceum Og\u00f3lnokszta\u0142c\u0105ce Politechniki Bia\u0142ostockiej - Projekt MINT<\/title>\n<meta name=\"description\" content=\"Projekt MINT - serwis www &nbsp; Celem naszego wsp\u00f3lnego projektu jest nawi\u0105zanie i pog\u0142\u0119bienie d\u0142ugotrwa\u0142ej i owocnej wsp\u00f3\u0142pracy pomi\u0119dzy uczniami szk\u00f3\u0142\" \/>\n<meta name=\"robots\" content=\"index, follow, max-snippet:-1, max-image-preview:large, max-video-preview:-1\" \/>\n<link rel=\"canonical\" href=\"https:\/\/pb.edu.pl\/liceum-ogolnoksztalcace\/projekty\/projekt-mint\/\" \/>\n<meta name=\"twitter:label1\" content=\"Szacowany czas czytania\" \/>\n\t<meta name=\"twitter:data1\" content=\"2 minuty\" \/>\n<script type=\"application\/ld+json\" class=\"yoast-schema-graph\">{\"@context\":\"https:\/\/schema.org\",\"@graph\":[{\"@type\":\"WebPage\",\"@id\":\"https:\/\/pb.edu.pl\/liceum-ogolnoksztalcace\/projekty\/projekt-mint\/\",\"url\":\"https:\/\/pb.edu.pl\/liceum-ogolnoksztalcace\/projekty\/projekt-mint\/\",\"name\":\"Akademickie Liceum Og\u00f3lnokszta\u0142c\u0105ce Politechniki Bia\u0142ostockiej - Projekt MINT\",\"isPartOf\":{\"@id\":\"https:\/\/pb.edu.pl\/liceum-ogolnoksztalcace\/#website\"},\"primaryImageOfPage\":{\"@id\":\"https:\/\/pb.edu.pl\/liceum-ogolnoksztalcace\/projekty\/projekt-mint\/#primaryimage\"},\"image\":{\"@id\":\"https:\/\/pb.edu.pl\/liceum-ogolnoksztalcace\/projekty\/projekt-mint\/#primaryimage\"},\"thumbnailUrl\":\"https:\/\/pb.edu.pl\/liceum-ogolnoksztalcace\/wp-content\/uploads\/sites\/10\/2021\/11\/Logo-PNWM-PION-RGB-do-internetu-z-dopiskiem_Easy-Resize.com_-300x200.jpg\",\"datePublished\":\"2022-02-28T12:21:04+00:00\",\"dateModified\":\"2024-02-16T20:36:58+00:00\",\"description\":\"Projekt MINT - serwis www &nbsp; Celem naszego wsp\u00f3lnego projektu jest nawi\u0105zanie i pog\u0142\u0119bienie d\u0142ugotrwa\u0142ej i owocnej wsp\u00f3\u0142pracy pomi\u0119dzy uczniami szk\u00f3\u0142\",\"breadcrumb\":{\"@id\":\"https:\/\/pb.edu.pl\/liceum-ogolnoksztalcace\/projekty\/projekt-mint\/#breadcrumb\"},\"inLanguage\":\"pl-PL\",\"potentialAction\":[{\"@type\":\"ReadAction\",\"target\":[\"https:\/\/pb.edu.pl\/liceum-ogolnoksztalcace\/projekty\/projekt-mint\/\"]}]},{\"@type\":\"ImageObject\",\"inLanguage\":\"pl-PL\",\"@id\":\"https:\/\/pb.edu.pl\/liceum-ogolnoksztalcace\/projekty\/projekt-mint\/#primaryimage\",\"url\":\"https:\/\/pb.edu.pl\/liceum-ogolnoksztalcace\/wp-content\/uploads\/sites\/10\/2021\/11\/Logo-PNWM-PION-RGB-do-internetu-z-dopiskiem_Easy-Resize.com_.jpg\",\"contentUrl\":\"https:\/\/pb.edu.pl\/liceum-ogolnoksztalcace\/wp-content\/uploads\/sites\/10\/2021\/11\/Logo-PNWM-PION-RGB-do-internetu-z-dopiskiem_Easy-Resize.com_.jpg\",\"width\":1280,\"height\":727,\"caption\":\"logo\"},{\"@type\":\"BreadcrumbList\",\"@id\":\"https:\/\/pb.edu.pl\/liceum-ogolnoksztalcace\/projekty\/projekt-mint\/#breadcrumb\",\"itemListElement\":[{\"@type\":\"ListItem\",\"position\":1,\"name\":\"Home\",\"item\":\"https:\/\/pb.edu.pl\/liceum-ogolnoksztalcace\/\"},{\"@type\":\"ListItem\",\"position\":2,\"name\":\"Projekty\",\"item\":\"https:\/\/pb.edu.pl\/liceum-ogolnoksztalcace\/projekty\/\"},{\"@type\":\"ListItem\",\"position\":3,\"name\":\"Projekt MINT\"}]},{\"@type\":\"WebSite\",\"@id\":\"https:\/\/pb.edu.pl\/liceum-ogolnoksztalcace\/#website\",\"url\":\"https:\/\/pb.edu.pl\/liceum-ogolnoksztalcace\/\",\"name\":\"Akademickie Liceum Og\u00f3lnokszta\u0142c\u0105ce Politechniki Bia\u0142ostockiej\",\"description\":\"\",\"potentialAction\":[{\"@type\":\"SearchAction\",\"target\":{\"@type\":\"EntryPoint\",\"urlTemplate\":\"https:\/\/pb.edu.pl\/liceum-ogolnoksztalcace\/?s={search_term_string}\"},\"query-input\":{\"@type\":\"PropertyValueSpecification\",\"valueRequired\":true,\"valueName\":\"search_term_string\"}}],\"inLanguage\":\"pl-PL\"}]}<\/script>\n<!-- \/ Yoast SEO plugin. -->","yoast_head_json":{"title":"Akademickie Liceum Og\u00f3lnokszta\u0142c\u0105ce Politechniki Bia\u0142ostockiej - Projekt MINT","description":"Projekt MINT - serwis www &nbsp; Celem naszego wsp\u00f3lnego projektu jest nawi\u0105zanie i pog\u0142\u0119bienie d\u0142ugotrwa\u0142ej i owocnej wsp\u00f3\u0142pracy pomi\u0119dzy uczniami szk\u00f3\u0142","robots":{"index":"index","follow":"follow","max-snippet":"max-snippet:-1","max-image-preview":"max-image-preview:large","max-video-preview":"max-video-preview:-1"},"canonical":"https:\/\/pb.edu.pl\/liceum-ogolnoksztalcace\/projekty\/projekt-mint\/","twitter_misc":{"Szacowany czas czytania":"2 minuty"},"schema":{"@context":"https:\/\/schema.org","@graph":[{"@type":"WebPage","@id":"https:\/\/pb.edu.pl\/liceum-ogolnoksztalcace\/projekty\/projekt-mint\/","url":"https:\/\/pb.edu.pl\/liceum-ogolnoksztalcace\/projekty\/projekt-mint\/","name":"Akademickie Liceum Og\u00f3lnokszta\u0142c\u0105ce Politechniki Bia\u0142ostockiej - Projekt MINT","isPartOf":{"@id":"https:\/\/pb.edu.pl\/liceum-ogolnoksztalcace\/#website"},"primaryImageOfPage":{"@id":"https:\/\/pb.edu.pl\/liceum-ogolnoksztalcace\/projekty\/projekt-mint\/#primaryimage"},"image":{"@id":"https:\/\/pb.edu.pl\/liceum-ogolnoksztalcace\/projekty\/projekt-mint\/#primaryimage"},"thumbnailUrl":"https:\/\/pb.edu.pl\/liceum-ogolnoksztalcace\/wp-content\/uploads\/sites\/10\/2021\/11\/Logo-PNWM-PION-RGB-do-internetu-z-dopiskiem_Easy-Resize.com_-300x200.jpg","datePublished":"2022-02-28T12:21:04+00:00","dateModified":"2024-02-16T20:36:58+00:00","description":"Projekt MINT - serwis www &nbsp; Celem naszego wsp\u00f3lnego projektu jest nawi\u0105zanie i pog\u0142\u0119bienie d\u0142ugotrwa\u0142ej i owocnej wsp\u00f3\u0142pracy pomi\u0119dzy uczniami szk\u00f3\u0142","breadcrumb":{"@id":"https:\/\/pb.edu.pl\/liceum-ogolnoksztalcace\/projekty\/projekt-mint\/#breadcrumb"},"inLanguage":"pl-PL","potentialAction":[{"@type":"ReadAction","target":["https:\/\/pb.edu.pl\/liceum-ogolnoksztalcace\/projekty\/projekt-mint\/"]}]},{"@type":"ImageObject","inLanguage":"pl-PL","@id":"https:\/\/pb.edu.pl\/liceum-ogolnoksztalcace\/projekty\/projekt-mint\/#primaryimage","url":"https:\/\/pb.edu.pl\/liceum-ogolnoksztalcace\/wp-content\/uploads\/sites\/10\/2021\/11\/Logo-PNWM-PION-RGB-do-internetu-z-dopiskiem_Easy-Resize.com_.jpg","contentUrl":"https:\/\/pb.edu.pl\/liceum-ogolnoksztalcace\/wp-content\/uploads\/sites\/10\/2021\/11\/Logo-PNWM-PION-RGB-do-internetu-z-dopiskiem_Easy-Resize.com_.jpg","width":1280,"height":727,"caption":"logo"},{"@type":"BreadcrumbList","@id":"https:\/\/pb.edu.pl\/liceum-ogolnoksztalcace\/projekty\/projekt-mint\/#breadcrumb","itemListElement":[{"@type":"ListItem","position":1,"name":"Home","item":"https:\/\/pb.edu.pl\/liceum-ogolnoksztalcace\/"},{"@type":"ListItem","position":2,"name":"Projekty","item":"https:\/\/pb.edu.pl\/liceum-ogolnoksztalcace\/projekty\/"},{"@type":"ListItem","position":3,"name":"Projekt MINT"}]},{"@type":"WebSite","@id":"https:\/\/pb.edu.pl\/liceum-ogolnoksztalcace\/#website","url":"https:\/\/pb.edu.pl\/liceum-ogolnoksztalcace\/","name":"Akademickie Liceum Og\u00f3lnokszta\u0142c\u0105ce Politechniki Bia\u0142ostockiej","description":"","potentialAction":[{"@type":"SearchAction","target":{"@type":"EntryPoint","urlTemplate":"https:\/\/pb.edu.pl\/liceum-ogolnoksztalcace\/?s={search_term_string}"},"query-input":{"@type":"PropertyValueSpecification","valueRequired":true,"valueName":"search_term_string"}}],"inLanguage":"pl-PL"}]}},"_links":{"self":[{"href":"https:\/\/pb.edu.pl\/liceum-ogolnoksztalcace\/wp-json\/wp\/v2\/pages\/7240","targetHints":{"allow":["GET"]}}],"collection":[{"href":"https:\/\/pb.edu.pl\/liceum-ogolnoksztalcace\/wp-json\/wp\/v2\/pages"}],"about":[{"href":"https:\/\/pb.edu.pl\/liceum-ogolnoksztalcace\/wp-json\/wp\/v2\/types\/page"}],"author":[{"embeddable":true,"href":"https:\/\/pb.edu.pl\/liceum-ogolnoksztalcace\/wp-json\/wp\/v2\/users\/99"}],"replies":[{"embeddable":true,"href":"https:\/\/pb.edu.pl\/liceum-ogolnoksztalcace\/wp-json\/wp\/v2\/comments?post=7240"}],"version-history":[{"count":0,"href":"https:\/\/pb.edu.pl\/liceum-ogolnoksztalcace\/wp-json\/wp\/v2\/pages\/7240\/revisions"}],"up":[{"embeddable":true,"href":"https:\/\/pb.edu.pl\/liceum-ogolnoksztalcace\/wp-json\/wp\/v2\/pages\/7254"}],"wp:attachment":[{"href":"https:\/\/pb.edu.pl\/liceum-ogolnoksztalcace\/wp-json\/wp\/v2\/media?parent=7240"}],"curies":[{"name":"wp","href":"https:\/\/api.w.org\/{rel}","templated":true}]}}