{"id":72,"date":"2017-11-13T22:40:58","date_gmt":"2017-11-13T21:40:58","guid":{"rendered":"https:\/\/pb.edu.pl\/liceum-ogolnoksztalcace\/?page_id=72"},"modified":"2021-10-19T20:47:38","modified_gmt":"2021-10-19T18:47:38","slug":"lekcje-i-przerwy","status":"publish","type":"page","link":"https:\/\/pb.edu.pl\/liceum-ogolnoksztalcace\/dla-ucznia\/lekcje-i-przerwy\/","title":{"rendered":"Lekcje i przerwy"},"content":{"rendered":"<div class=\"table-responsive\">\n<table class=\"table table-striped borderless\" style=\"margin-left: auto;margin-right: auto\">\n<tbody style=\"text-align: center\">\n<tr>\n<td style=\"width: 33.3%\">\n<div class=\"h4\">Godzina lekcyjna<\/div>\n<\/td>\n<td style=\"width: 33.4%\">\n<div class=\"h4\">Lekcja<\/div>\n<\/td>\n<td style=\"width: 33.3%\">\n<div class=\"h4\">Przerwa<\/div>\n<\/td>\n<\/tr>\n<tr>\n<td>1<\/td>\n<td>08:00 &#8211; 08:45<\/td>\n<td>5 min<\/td>\n<\/tr>\n<tr>\n<td>2<\/td>\n<td>08:50 &#8211; 09:35<\/td>\n<td>10 min<\/td>\n<\/tr>\n<tr>\n<td>3<\/td>\n<td>09:45 &#8211; 10:30<\/td>\n<td>5 min<\/td>\n<\/tr>\n<tr>\n<td>4<\/td>\n<td>10:35 &#8211; 11:20<\/td>\n<td>20 min<\/td>\n<\/tr>\n<tr>\n<td>5<\/td>\n<td>11:40 &#8211; 12:25<\/td>\n<td>5 min<\/td>\n<\/tr>\n<tr>\n<td>6<\/td>\n<td>12:30 &#8211; 13:15<\/td>\n<td>10 min<\/td>\n<\/tr>\n<tr>\n<td>7<\/td>\n<td>13:25 &#8211; 14:10<\/td>\n<td>5 min<\/td>\n<\/tr>\n<tr>\n<td>8<\/td>\n<td>14:15 &#8211; 15:00<\/td>\n<td>5 min<\/td>\n<\/tr>\n<tr>\n<td>9<\/td>\n<td>15:05 &#8211; 15:50<\/td>\n<td>5 min<\/td>\n<\/tr>\n<tr>\n<td>10<\/td>\n<td>15:55 &#8211; 16:40<\/td>\n<td>5 min<\/td>\n<\/tr>\n<\/tbody>\n<\/table>\n<\/div>\n","protected":false},"excerpt":{"rendered":"<p>Godzina lekcyjna Lekcja Przerwa 1 08:00 &#8211; 08:45 5 min 2 08:50 &#8211; 09:35 10<\/p>\n","protected":false},"author":2,"featured_media":0,"parent":20,"menu_order":5,"comment_status":"closed","ping_status":"closed","template":"","meta":{"_acf_changed":false,"ngg_post_thumbnail":0,"footnotes":""},"class_list":["post-72","page","type-page","status-publish","hentry"],"acf":[],"yoast_head":"<!-- This site is optimized with the Yoast SEO plugin v27.0 - https:\/\/yoast.com\/product\/yoast-seo-wordpress\/ -->\n<title>Akademickie Liceum Og\u00f3lnokszta\u0142c\u0105ce Politechniki Bia\u0142ostockiej - Lekcje i przerwy<\/title>\n<meta name=\"description\" content=\"Godzina lekcyjna Lekcja Przerwa 1 08:00 - 08:45 5 min 2 08:50 - 09:35 10 min 3 09:45 - 10:30 5 min 4 10:35 - 11:20 20 min 5 11:40 - 12:25 5 min 6 12:30 -\" \/>\n<meta name=\"robots\" content=\"index, follow, max-snippet:-1, max-image-preview:large, max-video-preview:-1\" \/>\n<link rel=\"canonical\" href=\"https:\/\/pb.edu.pl\/liceum-ogolnoksztalcace\/dla-ucznia\/lekcje-i-przerwy\/\" \/>\n<script type=\"application\/ld+json\" class=\"yoast-schema-graph\">{\"@context\":\"https:\/\/schema.org\",\"@graph\":[{\"@type\":\"WebPage\",\"@id\":\"https:\/\/pb.edu.pl\/liceum-ogolnoksztalcace\/dla-ucznia\/lekcje-i-przerwy\/\",\"url\":\"https:\/\/pb.edu.pl\/liceum-ogolnoksztalcace\/dla-ucznia\/lekcje-i-przerwy\/\",\"name\":\"Akademickie Liceum Og\u00f3lnokszta\u0142c\u0105ce Politechniki Bia\u0142ostockiej - Lekcje i przerwy\",\"isPartOf\":{\"@id\":\"https:\/\/pb.edu.pl\/liceum-ogolnoksztalcace\/#website\"},\"datePublished\":\"2017-11-13T21:40:58+00:00\",\"dateModified\":\"2021-10-19T18:47:38+00:00\",\"description\":\"Godzina lekcyjna Lekcja Przerwa 1 08:00 - 08:45 5 min 2 08:50 - 09:35 10 min 3 09:45 - 10:30 5 min 4 10:35 - 11:20 20 min 5 11:40 - 12:25 5 min 6 12:30 -\",\"breadcrumb\":{\"@id\":\"https:\/\/pb.edu.pl\/liceum-ogolnoksztalcace\/dla-ucznia\/lekcje-i-przerwy\/#breadcrumb\"},\"inLanguage\":\"pl-PL\",\"potentialAction\":[{\"@type\":\"ReadAction\",\"target\":[\"https:\/\/pb.edu.pl\/liceum-ogolnoksztalcace\/dla-ucznia\/lekcje-i-przerwy\/\"]}]},{\"@type\":\"BreadcrumbList\",\"@id\":\"https:\/\/pb.edu.pl\/liceum-ogolnoksztalcace\/dla-ucznia\/lekcje-i-przerwy\/#breadcrumb\",\"itemListElement\":[{\"@type\":\"ListItem\",\"position\":1,\"name\":\"Home\",\"item\":\"https:\/\/pb.edu.pl\/liceum-ogolnoksztalcace\/\"},{\"@type\":\"ListItem\",\"position\":2,\"name\":\"Dla ucznia\",\"item\":\"https:\/\/pb.edu.pl\/liceum-ogolnoksztalcace\/dla-ucznia\/\"},{\"@type\":\"ListItem\",\"position\":3,\"name\":\"Lekcje i przerwy\"}]},{\"@type\":\"WebSite\",\"@id\":\"https:\/\/pb.edu.pl\/liceum-ogolnoksztalcace\/#website\",\"url\":\"https:\/\/pb.edu.pl\/liceum-ogolnoksztalcace\/\",\"name\":\"Akademickie Liceum Og\u00f3lnokszta\u0142c\u0105ce Politechniki Bia\u0142ostockiej\",\"description\":\"\",\"potentialAction\":[{\"@type\":\"SearchAction\",\"target\":{\"@type\":\"EntryPoint\",\"urlTemplate\":\"https:\/\/pb.edu.pl\/liceum-ogolnoksztalcace\/?s={search_term_string}\"},\"query-input\":{\"@type\":\"PropertyValueSpecification\",\"valueRequired\":true,\"valueName\":\"search_term_string\"}}],\"inLanguage\":\"pl-PL\"}]}<\/script>\n<!-- \/ Yoast SEO plugin. -->","yoast_head_json":{"title":"Akademickie Liceum Og\u00f3lnokszta\u0142c\u0105ce Politechniki Bia\u0142ostockiej - Lekcje i przerwy","description":"Godzina lekcyjna Lekcja Przerwa 1 08:00 - 08:45 5 min 2 08:50 - 09:35 10 min 3 09:45 - 10:30 5 min 4 10:35 - 11:20 20 min 5 11:40 - 12:25 5 min 6 12:30 -","robots":{"index":"index","follow":"follow","max-snippet":"max-snippet:-1","max-image-preview":"max-image-preview:large","max-video-preview":"max-video-preview:-1"},"canonical":"https:\/\/pb.edu.pl\/liceum-ogolnoksztalcace\/dla-ucznia\/lekcje-i-przerwy\/","schema":{"@context":"https:\/\/schema.org","@graph":[{"@type":"WebPage","@id":"https:\/\/pb.edu.pl\/liceum-ogolnoksztalcace\/dla-ucznia\/lekcje-i-przerwy\/","url":"https:\/\/pb.edu.pl\/liceum-ogolnoksztalcace\/dla-ucznia\/lekcje-i-przerwy\/","name":"Akademickie Liceum Og\u00f3lnokszta\u0142c\u0105ce Politechniki Bia\u0142ostockiej - Lekcje i przerwy","isPartOf":{"@id":"https:\/\/pb.edu.pl\/liceum-ogolnoksztalcace\/#website"},"datePublished":"2017-11-13T21:40:58+00:00","dateModified":"2021-10-19T18:47:38+00:00","description":"Godzina lekcyjna Lekcja Przerwa 1 08:00 - 08:45 5 min 2 08:50 - 09:35 10 min 3 09:45 - 10:30 5 min 4 10:35 - 11:20 20 min 5 11:40 - 12:25 5 min 6 12:30 -","breadcrumb":{"@id":"https:\/\/pb.edu.pl\/liceum-ogolnoksztalcace\/dla-ucznia\/lekcje-i-przerwy\/#breadcrumb"},"inLanguage":"pl-PL","potentialAction":[{"@type":"ReadAction","target":["https:\/\/pb.edu.pl\/liceum-ogolnoksztalcace\/dla-ucznia\/lekcje-i-przerwy\/"]}]},{"@type":"BreadcrumbList","@id":"https:\/\/pb.edu.pl\/liceum-ogolnoksztalcace\/dla-ucznia\/lekcje-i-przerwy\/#breadcrumb","itemListElement":[{"@type":"ListItem","position":1,"name":"Home","item":"https:\/\/pb.edu.pl\/liceum-ogolnoksztalcace\/"},{"@type":"ListItem","position":2,"name":"Dla ucznia","item":"https:\/\/pb.edu.pl\/liceum-ogolnoksztalcace\/dla-ucznia\/"},{"@type":"ListItem","position":3,"name":"Lekcje i przerwy"}]},{"@type":"WebSite","@id":"https:\/\/pb.edu.pl\/liceum-ogolnoksztalcace\/#website","url":"https:\/\/pb.edu.pl\/liceum-ogolnoksztalcace\/","name":"Akademickie Liceum Og\u00f3lnokszta\u0142c\u0105ce Politechniki Bia\u0142ostockiej","description":"","potentialAction":[{"@type":"SearchAction","target":{"@type":"EntryPoint","urlTemplate":"https:\/\/pb.edu.pl\/liceum-ogolnoksztalcace\/?s={search_term_string}"},"query-input":{"@type":"PropertyValueSpecification","valueRequired":true,"valueName":"search_term_string"}}],"inLanguage":"pl-PL"}]}},"_links":{"self":[{"href":"https:\/\/pb.edu.pl\/liceum-ogolnoksztalcace\/wp-json\/wp\/v2\/pages\/72","targetHints":{"allow":["GET"]}}],"collection":[{"href":"https:\/\/pb.edu.pl\/liceum-ogolnoksztalcace\/wp-json\/wp\/v2\/pages"}],"about":[{"href":"https:\/\/pb.edu.pl\/liceum-ogolnoksztalcace\/wp-json\/wp\/v2\/types\/page"}],"author":[{"embeddable":true,"href":"https:\/\/pb.edu.pl\/liceum-ogolnoksztalcace\/wp-json\/wp\/v2\/users\/2"}],"replies":[{"embeddable":true,"href":"https:\/\/pb.edu.pl\/liceum-ogolnoksztalcace\/wp-json\/wp\/v2\/comments?post=72"}],"version-history":[{"count":0,"href":"https:\/\/pb.edu.pl\/liceum-ogolnoksztalcace\/wp-json\/wp\/v2\/pages\/72\/revisions"}],"up":[{"embeddable":true,"href":"https:\/\/pb.edu.pl\/liceum-ogolnoksztalcace\/wp-json\/wp\/v2\/pages\/20"}],"wp:attachment":[{"href":"https:\/\/pb.edu.pl\/liceum-ogolnoksztalcace\/wp-json\/wp\/v2\/media?parent=72"}],"curies":[{"name":"wp","href":"https:\/\/api.w.org\/{rel}","templated":true}]}}