{"id":701,"date":"2018-03-10T15:09:24","date_gmt":"2018-03-10T14:09:24","guid":{"rendered":"https:\/\/pb.edu.pl\/liceum-ogolnoksztalcace\/?page_id=701"},"modified":"2021-04-21T12:40:22","modified_gmt":"2021-04-21T10:40:22","slug":"fizyczne","status":"publish","type":"page","link":"https:\/\/pb.edu.pl\/liceum-ogolnoksztalcace\/dla-ucznia\/zajecia-projektowe\/fizyczne\/","title":{"rendered":"Ko\u0142o fizyczne"},"content":{"rendered":"<p><img loading=\"lazy\" decoding=\"async\" class=\"wp-image-5860 alignleft\" src=\"https:\/\/pb.edu.pl\/liceum-ogolnoksztalcace\/wp-content\/uploads\/sites\/10\/2021\/03\/geekstok_nowoczesna_szkola_TOP-300x162.jpg\" alt=\"\" width=\"428\" height=\"231\" srcset=\"https:\/\/pb.edu.pl\/liceum-ogolnoksztalcace\/wp-content\/uploads\/sites\/10\/2021\/03\/geekstok_nowoczesna_szkola_TOP-300x162.jpg 300w, https:\/\/pb.edu.pl\/liceum-ogolnoksztalcace\/wp-content\/uploads\/sites\/10\/2021\/03\/geekstok_nowoczesna_szkola_TOP.jpg 740w\" sizes=\"auto, (max-width: 428px) 100vw, 428px\" \/><\/p>\n<p>Czy wsp\u00f3\u0142czesny cz\u0142owiek potrafi\u0142by prze\u017cy\u0107 bez komputera, samochodu, samolotu, telefonu czy pralki? Ucz\u0105c si\u0119 fizyki mo\u017cna zrozumie\u0107, jak te urz\u0105dzenia dzia\u0142aj\u0105. Mo\u017cna dowiedzie\u0107 si\u0119 dlaczego lataj\u0105 samoloty, p\u0142ywaj\u0105 statki, kr\u0105\u017c\u0105 wok\u00f3\u0142 Ziemi satelity, jak mo\u017cna nagrywa\u0107 p\u0142yty DVD, przesy\u0142a\u0107 na odleg\u0142o\u015b\u0107 informacje, jak podgrzewa si\u0119 jedzenie w kuchence mikrofalowej, jak dzia\u0142a lod\u00f3wka, dlaczego \u015bwieci \u017car\u00f3wka, jak dzia\u0142a aparat USG czy tomograf komputerowy?&nbsp;Jak ruszy\u0107 z miejsca ci\u0119\u017cki kamie\u0144? Jak wyci\u0105gn\u0105\u0107 pojazd z b\u0142ota? Jak rozpali\u0107 ogie\u0144 bez zapa\u0142ek lub zapalniczki? W jaki spos\u00f3b porusza\u0107 si\u0119 po g\u0142\u0119bokim \u015bniegu? Jak podzieli\u0107 na cz\u0119\u015bci kamienny blok? Odpowiedzi na te pytania szukali nasi przodkowie i szukamy czasami r\u00f3wnie\u017c my, a odpowiedzi udziela nam fizyka.<\/p>\n<p>Dzi\u0119ki nauce fizyki poznajemy prawa rz\u0105dz\u0105ce przyrod\u0105. Na lekcji fizyki dowiemy si\u0119 jak powstaje t\u0119cza, czym jest d\u017awi\u0119k, dlaczego \u015bwieci S\u0142o\u0144ce, jak powsta\u0142y gwiazdy, dlaczego w wysokich g\u00f3rach trudno zaparzy\u0107 herbat\u0119, dlaczego owady mog\u0105 spacerowa\u0107 po powierzchni wody, dlaczego nie mo\u017cna lepi\u0107 \u015bnie\u017cek, gdy jest bardzo zimno, dlaczego basen z wod\u0105 wydaje si\u0119 p\u0142ytszy ni\u017c w rzeczywisto\u015bci, dlaczego nietoperze mog\u0105 lata\u0107 i polowa\u0107 w ca\u0142kowitych ciemno\u015bciach, dlaczego widzimy &#8222;z\u0142aman\u0105&#8221; \u0142y\u017ceczk\u0119, gdy w\u0142o\u017cymy j\u0105 sko\u015bnie do wody?<\/p>\n","protected":false},"excerpt":{"rendered":"<p>Czy wsp\u00f3\u0142czesny cz\u0142owiek potrafi\u0142by prze\u017cy\u0107 bez komputera, samochodu, samolotu, telefonu czy pralki? Ucz\u0105c si\u0119 fizyki<\/p>\n","protected":false},"author":13,"featured_media":0,"parent":74,"menu_order":3,"comment_status":"closed","ping_status":"closed","template":"","meta":{"_acf_changed":false,"ngg_post_thumbnail":0,"footnotes":""},"class_list":["post-701","page","type-page","status-publish","hentry"],"acf":[],"yoast_head":"<!-- This site is optimized with the Yoast SEO plugin v27.0 - https:\/\/yoast.com\/product\/yoast-seo-wordpress\/ -->\n<title>Akademickie Liceum Og\u00f3lnokszta\u0142c\u0105ce Politechniki Bia\u0142ostockiej - Ko\u0142o fizyczne<\/title>\n<meta name=\"description\" content=\"Czy wsp\u00f3\u0142czesny cz\u0142owiek potrafi\u0142by prze\u017cy\u0107 bez komputera, samochodu, samolotu, telefonu czy pralki? Ucz\u0105c si\u0119 fizyki mo\u017cna zrozumie\u0107, jak te urz\u0105dzenia\" \/>\n<meta name=\"robots\" content=\"index, follow, max-snippet:-1, max-image-preview:large, max-video-preview:-1\" \/>\n<link rel=\"canonical\" href=\"https:\/\/pb.edu.pl\/liceum-ogolnoksztalcace\/dla-ucznia\/zajecia-projektowe\/fizyczne\/\" \/>\n<meta name=\"twitter:label1\" content=\"Szacowany czas czytania\" \/>\n\t<meta name=\"twitter:data1\" content=\"2 minuty\" \/>\n<script type=\"application\/ld+json\" class=\"yoast-schema-graph\">{\"@context\":\"https:\/\/schema.org\",\"@graph\":[{\"@type\":\"WebPage\",\"@id\":\"https:\/\/pb.edu.pl\/liceum-ogolnoksztalcace\/dla-ucznia\/zajecia-projektowe\/fizyczne\/\",\"url\":\"https:\/\/pb.edu.pl\/liceum-ogolnoksztalcace\/dla-ucznia\/zajecia-projektowe\/fizyczne\/\",\"name\":\"Akademickie Liceum Og\u00f3lnokszta\u0142c\u0105ce Politechniki Bia\u0142ostockiej - Ko\u0142o fizyczne\",\"isPartOf\":{\"@id\":\"https:\/\/pb.edu.pl\/liceum-ogolnoksztalcace\/#website\"},\"primaryImageOfPage\":{\"@id\":\"https:\/\/pb.edu.pl\/liceum-ogolnoksztalcace\/dla-ucznia\/zajecia-projektowe\/fizyczne\/#primaryimage\"},\"image\":{\"@id\":\"https:\/\/pb.edu.pl\/liceum-ogolnoksztalcace\/dla-ucznia\/zajecia-projektowe\/fizyczne\/#primaryimage\"},\"thumbnailUrl\":\"https:\/\/pb.edu.pl\/liceum-ogolnoksztalcace\/wp-content\/uploads\/sites\/10\/2021\/03\/geekstok_nowoczesna_szkola_TOP-300x162.jpg\",\"datePublished\":\"2018-03-10T14:09:24+00:00\",\"dateModified\":\"2021-04-21T10:40:22+00:00\",\"description\":\"Czy wsp\u00f3\u0142czesny cz\u0142owiek potrafi\u0142by prze\u017cy\u0107 bez komputera, samochodu, samolotu, telefonu czy pralki? Ucz\u0105c si\u0119 fizyki mo\u017cna zrozumie\u0107, jak te urz\u0105dzenia\",\"breadcrumb\":{\"@id\":\"https:\/\/pb.edu.pl\/liceum-ogolnoksztalcace\/dla-ucznia\/zajecia-projektowe\/fizyczne\/#breadcrumb\"},\"inLanguage\":\"pl-PL\",\"potentialAction\":[{\"@type\":\"ReadAction\",\"target\":[\"https:\/\/pb.edu.pl\/liceum-ogolnoksztalcace\/dla-ucznia\/zajecia-projektowe\/fizyczne\/\"]}]},{\"@type\":\"ImageObject\",\"inLanguage\":\"pl-PL\",\"@id\":\"https:\/\/pb.edu.pl\/liceum-ogolnoksztalcace\/dla-ucznia\/zajecia-projektowe\/fizyczne\/#primaryimage\",\"url\":\"https:\/\/pb.edu.pl\/liceum-ogolnoksztalcace\/wp-content\/uploads\/sites\/10\/2021\/03\/geekstok_nowoczesna_szkola_TOP.jpg\",\"contentUrl\":\"https:\/\/pb.edu.pl\/liceum-ogolnoksztalcace\/wp-content\/uploads\/sites\/10\/2021\/03\/geekstok_nowoczesna_szkola_TOP.jpg\",\"width\":740,\"height\":400},{\"@type\":\"BreadcrumbList\",\"@id\":\"https:\/\/pb.edu.pl\/liceum-ogolnoksztalcace\/dla-ucznia\/zajecia-projektowe\/fizyczne\/#breadcrumb\",\"itemListElement\":[{\"@type\":\"ListItem\",\"position\":1,\"name\":\"Home\",\"item\":\"https:\/\/pb.edu.pl\/liceum-ogolnoksztalcace\/\"},{\"@type\":\"ListItem\",\"position\":2,\"name\":\"Dla ucznia\",\"item\":\"https:\/\/pb.edu.pl\/liceum-ogolnoksztalcace\/dla-ucznia\/\"},{\"@type\":\"ListItem\",\"position\":3,\"name\":\"Zaj\u0119cia projektowe\",\"item\":\"https:\/\/pb.edu.pl\/liceum-ogolnoksztalcace\/dla-ucznia\/zajecia-projektowe\/\"},{\"@type\":\"ListItem\",\"position\":4,\"name\":\"Ko\u0142o fizyczne\"}]},{\"@type\":\"WebSite\",\"@id\":\"https:\/\/pb.edu.pl\/liceum-ogolnoksztalcace\/#website\",\"url\":\"https:\/\/pb.edu.pl\/liceum-ogolnoksztalcace\/\",\"name\":\"Akademickie Liceum Og\u00f3lnokszta\u0142c\u0105ce Politechniki Bia\u0142ostockiej\",\"description\":\"\",\"potentialAction\":[{\"@type\":\"SearchAction\",\"target\":{\"@type\":\"EntryPoint\",\"urlTemplate\":\"https:\/\/pb.edu.pl\/liceum-ogolnoksztalcace\/?s={search_term_string}\"},\"query-input\":{\"@type\":\"PropertyValueSpecification\",\"valueRequired\":true,\"valueName\":\"search_term_string\"}}],\"inLanguage\":\"pl-PL\"}]}<\/script>\n<!-- \/ Yoast SEO plugin. -->","yoast_head_json":{"title":"Akademickie Liceum Og\u00f3lnokszta\u0142c\u0105ce Politechniki Bia\u0142ostockiej - Ko\u0142o fizyczne","description":"Czy wsp\u00f3\u0142czesny cz\u0142owiek potrafi\u0142by prze\u017cy\u0107 bez komputera, samochodu, samolotu, telefonu czy pralki? Ucz\u0105c si\u0119 fizyki mo\u017cna zrozumie\u0107, jak te urz\u0105dzenia","robots":{"index":"index","follow":"follow","max-snippet":"max-snippet:-1","max-image-preview":"max-image-preview:large","max-video-preview":"max-video-preview:-1"},"canonical":"https:\/\/pb.edu.pl\/liceum-ogolnoksztalcace\/dla-ucznia\/zajecia-projektowe\/fizyczne\/","twitter_misc":{"Szacowany czas czytania":"2 minuty"},"schema":{"@context":"https:\/\/schema.org","@graph":[{"@type":"WebPage","@id":"https:\/\/pb.edu.pl\/liceum-ogolnoksztalcace\/dla-ucznia\/zajecia-projektowe\/fizyczne\/","url":"https:\/\/pb.edu.pl\/liceum-ogolnoksztalcace\/dla-ucznia\/zajecia-projektowe\/fizyczne\/","name":"Akademickie Liceum Og\u00f3lnokszta\u0142c\u0105ce Politechniki Bia\u0142ostockiej - Ko\u0142o fizyczne","isPartOf":{"@id":"https:\/\/pb.edu.pl\/liceum-ogolnoksztalcace\/#website"},"primaryImageOfPage":{"@id":"https:\/\/pb.edu.pl\/liceum-ogolnoksztalcace\/dla-ucznia\/zajecia-projektowe\/fizyczne\/#primaryimage"},"image":{"@id":"https:\/\/pb.edu.pl\/liceum-ogolnoksztalcace\/dla-ucznia\/zajecia-projektowe\/fizyczne\/#primaryimage"},"thumbnailUrl":"https:\/\/pb.edu.pl\/liceum-ogolnoksztalcace\/wp-content\/uploads\/sites\/10\/2021\/03\/geekstok_nowoczesna_szkola_TOP-300x162.jpg","datePublished":"2018-03-10T14:09:24+00:00","dateModified":"2021-04-21T10:40:22+00:00","description":"Czy wsp\u00f3\u0142czesny cz\u0142owiek potrafi\u0142by prze\u017cy\u0107 bez komputera, samochodu, samolotu, telefonu czy pralki? Ucz\u0105c si\u0119 fizyki mo\u017cna zrozumie\u0107, jak te urz\u0105dzenia","breadcrumb":{"@id":"https:\/\/pb.edu.pl\/liceum-ogolnoksztalcace\/dla-ucznia\/zajecia-projektowe\/fizyczne\/#breadcrumb"},"inLanguage":"pl-PL","potentialAction":[{"@type":"ReadAction","target":["https:\/\/pb.edu.pl\/liceum-ogolnoksztalcace\/dla-ucznia\/zajecia-projektowe\/fizyczne\/"]}]},{"@type":"ImageObject","inLanguage":"pl-PL","@id":"https:\/\/pb.edu.pl\/liceum-ogolnoksztalcace\/dla-ucznia\/zajecia-projektowe\/fizyczne\/#primaryimage","url":"https:\/\/pb.edu.pl\/liceum-ogolnoksztalcace\/wp-content\/uploads\/sites\/10\/2021\/03\/geekstok_nowoczesna_szkola_TOP.jpg","contentUrl":"https:\/\/pb.edu.pl\/liceum-ogolnoksztalcace\/wp-content\/uploads\/sites\/10\/2021\/03\/geekstok_nowoczesna_szkola_TOP.jpg","width":740,"height":400},{"@type":"BreadcrumbList","@id":"https:\/\/pb.edu.pl\/liceum-ogolnoksztalcace\/dla-ucznia\/zajecia-projektowe\/fizyczne\/#breadcrumb","itemListElement":[{"@type":"ListItem","position":1,"name":"Home","item":"https:\/\/pb.edu.pl\/liceum-ogolnoksztalcace\/"},{"@type":"ListItem","position":2,"name":"Dla ucznia","item":"https:\/\/pb.edu.pl\/liceum-ogolnoksztalcace\/dla-ucznia\/"},{"@type":"ListItem","position":3,"name":"Zaj\u0119cia projektowe","item":"https:\/\/pb.edu.pl\/liceum-ogolnoksztalcace\/dla-ucznia\/zajecia-projektowe\/"},{"@type":"ListItem","position":4,"name":"Ko\u0142o fizyczne"}]},{"@type":"WebSite","@id":"https:\/\/pb.edu.pl\/liceum-ogolnoksztalcace\/#website","url":"https:\/\/pb.edu.pl\/liceum-ogolnoksztalcace\/","name":"Akademickie Liceum Og\u00f3lnokszta\u0142c\u0105ce Politechniki Bia\u0142ostockiej","description":"","potentialAction":[{"@type":"SearchAction","target":{"@type":"EntryPoint","urlTemplate":"https:\/\/pb.edu.pl\/liceum-ogolnoksztalcace\/?s={search_term_string}"},"query-input":{"@type":"PropertyValueSpecification","valueRequired":true,"valueName":"search_term_string"}}],"inLanguage":"pl-PL"}]}},"_links":{"self":[{"href":"https:\/\/pb.edu.pl\/liceum-ogolnoksztalcace\/wp-json\/wp\/v2\/pages\/701","targetHints":{"allow":["GET"]}}],"collection":[{"href":"https:\/\/pb.edu.pl\/liceum-ogolnoksztalcace\/wp-json\/wp\/v2\/pages"}],"about":[{"href":"https:\/\/pb.edu.pl\/liceum-ogolnoksztalcace\/wp-json\/wp\/v2\/types\/page"}],"author":[{"embeddable":true,"href":"https:\/\/pb.edu.pl\/liceum-ogolnoksztalcace\/wp-json\/wp\/v2\/users\/13"}],"replies":[{"embeddable":true,"href":"https:\/\/pb.edu.pl\/liceum-ogolnoksztalcace\/wp-json\/wp\/v2\/comments?post=701"}],"version-history":[{"count":0,"href":"https:\/\/pb.edu.pl\/liceum-ogolnoksztalcace\/wp-json\/wp\/v2\/pages\/701\/revisions"}],"up":[{"embeddable":true,"href":"https:\/\/pb.edu.pl\/liceum-ogolnoksztalcace\/wp-json\/wp\/v2\/pages\/74"}],"wp:attachment":[{"href":"https:\/\/pb.edu.pl\/liceum-ogolnoksztalcace\/wp-json\/wp\/v2\/media?parent=701"}],"curies":[{"name":"wp","href":"https:\/\/api.w.org\/{rel}","templated":true}]}}