{"id":692,"date":"2018-03-10T14:59:26","date_gmt":"2018-03-10T13:59:26","guid":{"rendered":"https:\/\/pb.edu.pl\/liceum-ogolnoksztalcace\/?page_id=692"},"modified":"2022-04-06T20:47:12","modified_gmt":"2022-04-06T18:47:12","slug":"programowanie","status":"publish","type":"page","link":"https:\/\/pb.edu.pl\/liceum-ogolnoksztalcace\/dla-ucznia\/zajecia-projektowe\/programowanie\/","title":{"rendered":"Programowanie"},"content":{"rendered":"<p>Zaj\u0119cia z programowania maj\u0105 pokaza\u0107, na czym polega wsp\u00f3\u0142czesne programowanie.<\/p>\n<p>Je\u015bli chcesz pozna\u0107 jego tajniki, jak krok po kroku przebi\u0107 si\u0119 do pierwszej linii milionowej armii wsp\u00f3\u0142czesnych programist\u00f3w ZAPRASZAM.<\/p>\n<p>W trakcie kursu poznacie od podstaw jeden z j\u0119zyk\u00f3w programowania wysokiego poziomu oraz rozwiniecie analityczne i logiczne my\u015blenie. Om\u00f3wimy wszystkie niezb\u0119dne i podstawowe konstrukcje j\u0119zyk\u00f3w programowania, takie jak zmienne, wczytywanie i wypisywanie, dzia\u0142ania matematyczne, warunki, p\u0119tle, tablice, napisy i funkcje, co pozwoli Wam napisa\u0107 w\u0142asny z\u0142o\u017cony program. Poznane konstrukcje j\u0119zyka b\u0119dziecie wykorzystywa\u0107 w rozwi\u0105zywaniu problem\u00f3w \u017cycia codziennego jak r\u00f3wnie\u017c zada\u0144 konkursowych. Udoskonalicie r\u00f3wnie\u017c swoj\u0105 wiedz\u0119 z zakresu matematyki i j\u0119zyka angielskiego. Poznacie tak\u017ce korzy\u015bci p\u0142yn\u0105ce z pracy w grupie.<\/p>\n<p>dr in\u017c. Anna \u0141upi\u0144ska-Dubicka<\/p>\n<hr>\n<p><img loading=\"lazy\" decoding=\"async\" src=\"https:\/\/pb.edu.pl\/liceum-ogolnoksztalcace\/wp-content\/uploads\/sites\/10\/2022\/04\/CMI-logo-300x125.png\" alt=\"\" width=\"300\" height=\"125\" class=\"aligncenter size-medium wp-image-7394\" srcset=\"https:\/\/pb.edu.pl\/liceum-ogolnoksztalcace\/wp-content\/uploads\/sites\/10\/2022\/04\/CMI-logo-300x125.png 300w, https:\/\/pb.edu.pl\/liceum-ogolnoksztalcace\/wp-content\/uploads\/sites\/10\/2022\/04\/CMI-logo.png 373w\" sizes=\"auto, (max-width: 300px) 100vw, 300px\" \/><\/p>\n<p>Centrum Mistrzostwa Informatycznego to projekt realizowany przez Politechniki: \u0141\u00f3dzk\u0105, Warszawsk\u0105, Gda\u0144sk\u0105, Wroc\u0142awsk\u0105 oraz Akademi\u0119 G\u00f3rniczo\u2013Hutnicz\u0105 z Krakowa. Projekt CMI stanowi kompleksow\u0105 koncepcj\u0119 wzmocnienia polskiej edukacji informatycznej ukierunkowanej na kszta\u0142cenie uzdolnionych uczni\u00f3w przy zaanga\u017cowaniu najlepszych uczelni technicznych w kraju. Projekt przyczynia si\u0119 do rozwoju zainteresowa\u0144 z zakresu algorytmiki i programowania, upowszechnienia idei konkurs\u00f3w informatycznych oraz wy\u0142ania zespo\u0142y zdolne do podj\u0119cia rywalizacji w zawodach informatycznych na poziomie krajowym oraz og\u00f3lno\u015bwiatowym.<\/p>\n<p>Program zaj\u0119\u0107 ko\u0142a CMI w ALOPB wykracza poza standardowy program nauczania informatyki w szkole ponadpodstawowej. Zajmujemy si\u0119 strukturami danych typu listy, s\u0142owniki, drzewa, kolejki, stosy oraz teori\u0105 graf\u00f3w.<\/p>\n<p><img loading=\"lazy\" decoding=\"async\" src=\"https:\/\/pb.edu.pl\/liceum-ogolnoksztalcace\/wp-content\/uploads\/sites\/10\/2022\/04\/graf1-300x212.png\" alt=\"\" width=\"300\" height=\"212\" class=\"aligncenter size-medium wp-image-7397\" srcset=\"https:\/\/pb.edu.pl\/liceum-ogolnoksztalcace\/wp-content\/uploads\/sites\/10\/2022\/04\/graf1-300x212.png 300w, https:\/\/pb.edu.pl\/liceum-ogolnoksztalcace\/wp-content\/uploads\/sites\/10\/2022\/04\/graf1.png 644w\" sizes=\"auto, (max-width: 300px) 100vw, 300px\" \/><\/p>\n<p>Potwierdzeniem naszych kompetencji w zakresie programowania i algorytmiki jest zdobycie w roku szkolnym 2020\/2021 I miejsca w Og\u00f3lnopolskich Zawodach Algorytmicznych przez zesp\u00f3\u0142 w sk\u0142adzie: Hubert Klimowicz, Adam Maciejczuk, \u0141ukasz \u0141api\u0144ski oraz zaj\u0119cie czo\u0142owych miejsc (III i VIII) przez zespo\u0142y uczestnicz\u0105ce w Og\u00f3lnopolskiej Lidze Algorytmicznej w dw\u00f3ch kategoriach: Gremliny i Gnomy.<\/p>\n<p><strong>Ko\u0142o Centrum Mistrzostwa Informatycznego spotyka si\u0119 we \u015brody o godz. 15:00.<\/strong><\/p>\n<p>mgr Zdzis\u0142aw Babicz<\/p>\n","protected":false},"excerpt":{"rendered":"<p>Zaj\u0119cia z programowania maj\u0105 pokaza\u0107, na czym polega wsp\u00f3\u0142czesne programowanie. Je\u015bli chcesz pozna\u0107 jego tajniki,<\/p>\n","protected":false},"author":13,"featured_media":0,"parent":74,"menu_order":4,"comment_status":"closed","ping_status":"closed","template":"","meta":{"_acf_changed":false,"ngg_post_thumbnail":0,"footnotes":""},"class_list":["post-692","page","type-page","status-publish","hentry"],"acf":[],"yoast_head":"<!-- This site is optimized with the Yoast SEO plugin v27.0 - https:\/\/yoast.com\/product\/yoast-seo-wordpress\/ -->\n<title>Akademickie Liceum Og\u00f3lnokszta\u0142c\u0105ce Politechniki Bia\u0142ostockiej - Programowanie<\/title>\n<meta name=\"description\" content=\"Zaj\u0119cia z programowania maj\u0105 pokaza\u0107, na czym polega wsp\u00f3\u0142czesne programowanie. Je\u015bli chcesz pozna\u0107 jego tajniki, jak krok po kroku przebi\u0107 si\u0119 do\" \/>\n<meta name=\"robots\" content=\"index, follow, max-snippet:-1, max-image-preview:large, max-video-preview:-1\" \/>\n<link rel=\"canonical\" href=\"https:\/\/pb.edu.pl\/liceum-ogolnoksztalcace\/dla-ucznia\/zajecia-projektowe\/programowanie\/\" \/>\n<meta name=\"twitter:label1\" content=\"Szacowany czas czytania\" \/>\n\t<meta name=\"twitter:data1\" content=\"2 minuty\" \/>\n<script type=\"application\/ld+json\" class=\"yoast-schema-graph\">{\"@context\":\"https:\/\/schema.org\",\"@graph\":[{\"@type\":\"WebPage\",\"@id\":\"https:\/\/pb.edu.pl\/liceum-ogolnoksztalcace\/dla-ucznia\/zajecia-projektowe\/programowanie\/\",\"url\":\"https:\/\/pb.edu.pl\/liceum-ogolnoksztalcace\/dla-ucznia\/zajecia-projektowe\/programowanie\/\",\"name\":\"Akademickie Liceum Og\u00f3lnokszta\u0142c\u0105ce Politechniki Bia\u0142ostockiej - Programowanie\",\"isPartOf\":{\"@id\":\"https:\/\/pb.edu.pl\/liceum-ogolnoksztalcace\/#website\"},\"primaryImageOfPage\":{\"@id\":\"https:\/\/pb.edu.pl\/liceum-ogolnoksztalcace\/dla-ucznia\/zajecia-projektowe\/programowanie\/#primaryimage\"},\"image\":{\"@id\":\"https:\/\/pb.edu.pl\/liceum-ogolnoksztalcace\/dla-ucznia\/zajecia-projektowe\/programowanie\/#primaryimage\"},\"thumbnailUrl\":\"https:\/\/pb.edu.pl\/liceum-ogolnoksztalcace\/wp-content\/uploads\/sites\/10\/2022\/04\/CMI-logo-300x125.png\",\"datePublished\":\"2018-03-10T13:59:26+00:00\",\"dateModified\":\"2022-04-06T18:47:12+00:00\",\"description\":\"Zaj\u0119cia z programowania maj\u0105 pokaza\u0107, na czym polega wsp\u00f3\u0142czesne programowanie. Je\u015bli chcesz pozna\u0107 jego tajniki, jak krok po kroku przebi\u0107 si\u0119 do\",\"breadcrumb\":{\"@id\":\"https:\/\/pb.edu.pl\/liceum-ogolnoksztalcace\/dla-ucznia\/zajecia-projektowe\/programowanie\/#breadcrumb\"},\"inLanguage\":\"pl-PL\",\"potentialAction\":[{\"@type\":\"ReadAction\",\"target\":[\"https:\/\/pb.edu.pl\/liceum-ogolnoksztalcace\/dla-ucznia\/zajecia-projektowe\/programowanie\/\"]}]},{\"@type\":\"ImageObject\",\"inLanguage\":\"pl-PL\",\"@id\":\"https:\/\/pb.edu.pl\/liceum-ogolnoksztalcace\/dla-ucznia\/zajecia-projektowe\/programowanie\/#primaryimage\",\"url\":\"https:\/\/pb.edu.pl\/liceum-ogolnoksztalcace\/wp-content\/uploads\/sites\/10\/2022\/04\/CMI-logo.png\",\"contentUrl\":\"https:\/\/pb.edu.pl\/liceum-ogolnoksztalcace\/wp-content\/uploads\/sites\/10\/2022\/04\/CMI-logo.png\",\"width\":373,\"height\":156},{\"@type\":\"BreadcrumbList\",\"@id\":\"https:\/\/pb.edu.pl\/liceum-ogolnoksztalcace\/dla-ucznia\/zajecia-projektowe\/programowanie\/#breadcrumb\",\"itemListElement\":[{\"@type\":\"ListItem\",\"position\":1,\"name\":\"Home\",\"item\":\"https:\/\/pb.edu.pl\/liceum-ogolnoksztalcace\/\"},{\"@type\":\"ListItem\",\"position\":2,\"name\":\"Dla ucznia\",\"item\":\"https:\/\/pb.edu.pl\/liceum-ogolnoksztalcace\/dla-ucznia\/\"},{\"@type\":\"ListItem\",\"position\":3,\"name\":\"Zaj\u0119cia projektowe\",\"item\":\"https:\/\/pb.edu.pl\/liceum-ogolnoksztalcace\/dla-ucznia\/zajecia-projektowe\/\"},{\"@type\":\"ListItem\",\"position\":4,\"name\":\"Programowanie\"}]},{\"@type\":\"WebSite\",\"@id\":\"https:\/\/pb.edu.pl\/liceum-ogolnoksztalcace\/#website\",\"url\":\"https:\/\/pb.edu.pl\/liceum-ogolnoksztalcace\/\",\"name\":\"Akademickie Liceum Og\u00f3lnokszta\u0142c\u0105ce Politechniki Bia\u0142ostockiej\",\"description\":\"\",\"potentialAction\":[{\"@type\":\"SearchAction\",\"target\":{\"@type\":\"EntryPoint\",\"urlTemplate\":\"https:\/\/pb.edu.pl\/liceum-ogolnoksztalcace\/?s={search_term_string}\"},\"query-input\":{\"@type\":\"PropertyValueSpecification\",\"valueRequired\":true,\"valueName\":\"search_term_string\"}}],\"inLanguage\":\"pl-PL\"}]}<\/script>\n<!-- \/ Yoast SEO plugin. -->","yoast_head_json":{"title":"Akademickie Liceum Og\u00f3lnokszta\u0142c\u0105ce Politechniki Bia\u0142ostockiej - Programowanie","description":"Zaj\u0119cia z programowania maj\u0105 pokaza\u0107, na czym polega wsp\u00f3\u0142czesne programowanie. Je\u015bli chcesz pozna\u0107 jego tajniki, jak krok po kroku przebi\u0107 si\u0119 do","robots":{"index":"index","follow":"follow","max-snippet":"max-snippet:-1","max-image-preview":"max-image-preview:large","max-video-preview":"max-video-preview:-1"},"canonical":"https:\/\/pb.edu.pl\/liceum-ogolnoksztalcace\/dla-ucznia\/zajecia-projektowe\/programowanie\/","twitter_misc":{"Szacowany czas czytania":"2 minuty"},"schema":{"@context":"https:\/\/schema.org","@graph":[{"@type":"WebPage","@id":"https:\/\/pb.edu.pl\/liceum-ogolnoksztalcace\/dla-ucznia\/zajecia-projektowe\/programowanie\/","url":"https:\/\/pb.edu.pl\/liceum-ogolnoksztalcace\/dla-ucznia\/zajecia-projektowe\/programowanie\/","name":"Akademickie Liceum Og\u00f3lnokszta\u0142c\u0105ce Politechniki Bia\u0142ostockiej - Programowanie","isPartOf":{"@id":"https:\/\/pb.edu.pl\/liceum-ogolnoksztalcace\/#website"},"primaryImageOfPage":{"@id":"https:\/\/pb.edu.pl\/liceum-ogolnoksztalcace\/dla-ucznia\/zajecia-projektowe\/programowanie\/#primaryimage"},"image":{"@id":"https:\/\/pb.edu.pl\/liceum-ogolnoksztalcace\/dla-ucznia\/zajecia-projektowe\/programowanie\/#primaryimage"},"thumbnailUrl":"https:\/\/pb.edu.pl\/liceum-ogolnoksztalcace\/wp-content\/uploads\/sites\/10\/2022\/04\/CMI-logo-300x125.png","datePublished":"2018-03-10T13:59:26+00:00","dateModified":"2022-04-06T18:47:12+00:00","description":"Zaj\u0119cia z programowania maj\u0105 pokaza\u0107, na czym polega wsp\u00f3\u0142czesne programowanie. Je\u015bli chcesz pozna\u0107 jego tajniki, jak krok po kroku przebi\u0107 si\u0119 do","breadcrumb":{"@id":"https:\/\/pb.edu.pl\/liceum-ogolnoksztalcace\/dla-ucznia\/zajecia-projektowe\/programowanie\/#breadcrumb"},"inLanguage":"pl-PL","potentialAction":[{"@type":"ReadAction","target":["https:\/\/pb.edu.pl\/liceum-ogolnoksztalcace\/dla-ucznia\/zajecia-projektowe\/programowanie\/"]}]},{"@type":"ImageObject","inLanguage":"pl-PL","@id":"https:\/\/pb.edu.pl\/liceum-ogolnoksztalcace\/dla-ucznia\/zajecia-projektowe\/programowanie\/#primaryimage","url":"https:\/\/pb.edu.pl\/liceum-ogolnoksztalcace\/wp-content\/uploads\/sites\/10\/2022\/04\/CMI-logo.png","contentUrl":"https:\/\/pb.edu.pl\/liceum-ogolnoksztalcace\/wp-content\/uploads\/sites\/10\/2022\/04\/CMI-logo.png","width":373,"height":156},{"@type":"BreadcrumbList","@id":"https:\/\/pb.edu.pl\/liceum-ogolnoksztalcace\/dla-ucznia\/zajecia-projektowe\/programowanie\/#breadcrumb","itemListElement":[{"@type":"ListItem","position":1,"name":"Home","item":"https:\/\/pb.edu.pl\/liceum-ogolnoksztalcace\/"},{"@type":"ListItem","position":2,"name":"Dla ucznia","item":"https:\/\/pb.edu.pl\/liceum-ogolnoksztalcace\/dla-ucznia\/"},{"@type":"ListItem","position":3,"name":"Zaj\u0119cia projektowe","item":"https:\/\/pb.edu.pl\/liceum-ogolnoksztalcace\/dla-ucznia\/zajecia-projektowe\/"},{"@type":"ListItem","position":4,"name":"Programowanie"}]},{"@type":"WebSite","@id":"https:\/\/pb.edu.pl\/liceum-ogolnoksztalcace\/#website","url":"https:\/\/pb.edu.pl\/liceum-ogolnoksztalcace\/","name":"Akademickie Liceum Og\u00f3lnokszta\u0142c\u0105ce Politechniki Bia\u0142ostockiej","description":"","potentialAction":[{"@type":"SearchAction","target":{"@type":"EntryPoint","urlTemplate":"https:\/\/pb.edu.pl\/liceum-ogolnoksztalcace\/?s={search_term_string}"},"query-input":{"@type":"PropertyValueSpecification","valueRequired":true,"valueName":"search_term_string"}}],"inLanguage":"pl-PL"}]}},"_links":{"self":[{"href":"https:\/\/pb.edu.pl\/liceum-ogolnoksztalcace\/wp-json\/wp\/v2\/pages\/692","targetHints":{"allow":["GET"]}}],"collection":[{"href":"https:\/\/pb.edu.pl\/liceum-ogolnoksztalcace\/wp-json\/wp\/v2\/pages"}],"about":[{"href":"https:\/\/pb.edu.pl\/liceum-ogolnoksztalcace\/wp-json\/wp\/v2\/types\/page"}],"author":[{"embeddable":true,"href":"https:\/\/pb.edu.pl\/liceum-ogolnoksztalcace\/wp-json\/wp\/v2\/users\/13"}],"replies":[{"embeddable":true,"href":"https:\/\/pb.edu.pl\/liceum-ogolnoksztalcace\/wp-json\/wp\/v2\/comments?post=692"}],"version-history":[{"count":0,"href":"https:\/\/pb.edu.pl\/liceum-ogolnoksztalcace\/wp-json\/wp\/v2\/pages\/692\/revisions"}],"up":[{"embeddable":true,"href":"https:\/\/pb.edu.pl\/liceum-ogolnoksztalcace\/wp-json\/wp\/v2\/pages\/74"}],"wp:attachment":[{"href":"https:\/\/pb.edu.pl\/liceum-ogolnoksztalcace\/wp-json\/wp\/v2\/media?parent=692"}],"curies":[{"name":"wp","href":"https:\/\/api.w.org\/{rel}","templated":true}]}}