{"id":6305,"date":"2021-07-12T11:37:57","date_gmt":"2021-07-12T09:37:57","guid":{"rendered":"https:\/\/pb.edu.pl\/liceum-ogolnoksztalcace\/?page_id=6305"},"modified":"2023-07-05T15:01:21","modified_gmt":"2023-07-05T13:01:21","slug":"uber-die-schule","status":"publish","type":"page","link":"https:\/\/pb.edu.pl\/liceum-ogolnoksztalcace\/uber-die-schule\/","title":{"rendered":"\u00dcber die Schule"},"content":{"rendered":"<div class=\"row\">\n<div class=\"col-md-6\">\n<h1>\u00dcber die Schule<\/h1>\n<\/div>\n<div class=\"col-md-6\">\n<div class=\"text-right\"><a class=\"lang pl\" title=\"switch to Polish\" href=\"\/liceum-ogolnoksztalcace\/o-szkole\/sukcesy\/\">PL<\/a> <a class=\"lang en\" title=\"switch to English\" href=\"\/liceum-ogolnoksztalcace\/about-school\/\">EN<\/a> <a class=\"lang ru\" title=\"switch to Russian\" href=\"\/liceum-ogolnoksztalcace\/\u043e-\u0448\u043a\u043e\u043b\u0435\/\">RU<\/a> <a class=\"lang de disabled\" title=\"German\" href=\"\/liceum-ogolnoksztalcace\/uber-die-schule\/\">DE<\/a><\/div>\n<\/div><\/div>\n<p><strong>ALOPB <\/strong>ist eine nicht-\u00f6ffentliche Schule mit den Privilegien einer \u00f6ffentlichen Schule f\u00fcr Jugendliche zwischen 14 und 18 Jahren, die innerhalb der Strukturen der Universit\u00e4t funktioniert. Sie wurde im Jahr 2016 f\u00fcr talentierte und ehrgeizige Sch\u00fcler gegr\u00fcndet, die sich f\u00fcr Naturwissenschaft interessieren, die moderne Technologien und die gut ausgestattete Lehrbasis der Technischen Universit\u00e4t Bia\u0142ystok nutzen wollen. Die Schule konzentriert sich auf eine erweiterte Ausbildung in Mathematik, Informatik, Physik, Chemie, Biologie und Englisch. Als zweite Fremdsprache k\u00f6nnen unsere Sch\u00fcler Deutsch oder Russisch w\u00e4hlen.<\/p>\n<div class=\"h3\">Ab dem Schuljahr 2021\/2022 bietet die Schule folgende Profile:<\/div>\n<ul>\n<li>Architektur und Bauwesen<\/li>\n<li>Bioengineering<\/li>\n<li>Industrie der Zukunft<\/li>\n<li>Informatik<\/li>\n<li>Programmierung<\/li>\n<\/ul>\n<div class=\"h3\">Unsere Sch\u00fcler k\u00f6nnen stolz sein auf:<\/div>\n<ul>\n<li>Studentenb\u00fccher f\u00fcr Hochschulen, die bereits im ersten Unterrichtsjahr an der ALOPB erworben wurden (u.a. Technische Universit\u00e4t Bia\u0142ystok, Medizinische Universit\u00e4t Danzig, Technische Universit\u00e4t Danzig, Technische Universit\u00e4t Warschau),<\/li>\n<li>zahlreiche Stipendien des Premierministers, Stipendien f\u00fcr kunstbegabte Sch\u00fcler, Stipendien f\u00fcr innovatives technisches Denken, Stipendien des Programms &#8222;Entdecker der Diamanten&#8221; und des Kopernikus-Wissenschaftszentrums,<\/li>\n<li>viele Titel von Gewinnern oder Finalisten nationaler Fachwettbewerbe,<\/li>\n<li>Preistr\u00e4ger- und Finalisten-Titel, die bei verschiedenen nationalen Wettbewerben gewonnen wurden &#8211; in den Bereichen Technik, IT, Wissenschaft, Sprachen, Soziales und sogar Recht und Kunst (z. B. Projekt mit Klasse, El-Robo-Mech, Young Innovator, Education Designers, Nationaler Wettbewerb f\u00fcr Wirtschaftswissen und Unternehmertum, Buchmission, Nationale Olympiade des Wissens \u00fcber Sch\u00fclerrechte, Angewandte Mathematik, internationale Mathematikwettbewerbe N\u00e1boj, Galileo und vieles mehr).<\/li>\n<\/ul>\n<div class=\"h3\">Kontakt:<\/div>\n<p>liceum@pb.edu.pl<br \/>\n+48 85 746 7131<br \/>\nul. Wiejska 45A<br \/>\n15-351 Bia\u0142ystok<\/p>\n","protected":false},"excerpt":{"rendered":"<p>ALOPB ist eine nicht-\u00f6ffentliche Schule mit den Privilegien einer \u00f6ffentlichen Schule f\u00fcr Jugendliche zwischen 14<\/p>\n","protected":false},"author":2,"featured_media":0,"parent":0,"menu_order":101,"comment_status":"closed","ping_status":"closed","template":"templates\/dzial.php","meta":{"_acf_changed":false,"ngg_post_thumbnail":0,"footnotes":""},"class_list":["post-6305","page","type-page","status-publish","hentry"],"acf":[],"yoast_head":"<!-- This site is optimized with the Yoast SEO plugin v27.0 - https:\/\/yoast.com\/product\/yoast-seo-wordpress\/ -->\n<title>Akademickie Liceum Og\u00f3lnokszta\u0142c\u0105ce Politechniki Bia\u0142ostockiej - \u00dcber die Schule<\/title>\n<meta name=\"description\" content=\"ALOPB ist eine nicht-\u00f6ffentliche Schule mit den Privilegien einer \u00f6ffentlichen Schule f\u00fcr Jugendliche zwischen 14 und 18 Jahren, die innerhalb der\" \/>\n<meta name=\"robots\" content=\"index, follow, max-snippet:-1, max-image-preview:large, max-video-preview:-1\" \/>\n<link rel=\"canonical\" href=\"https:\/\/pb.edu.pl\/liceum-ogolnoksztalcace\/uber-die-schule\/\" \/>\n<meta name=\"twitter:label1\" content=\"Szacowany czas czytania\" \/>\n\t<meta name=\"twitter:data1\" content=\"2 minuty\" \/>\n<script type=\"application\/ld+json\" class=\"yoast-schema-graph\">{\"@context\":\"https:\/\/schema.org\",\"@graph\":[{\"@type\":\"WebPage\",\"@id\":\"https:\/\/pb.edu.pl\/liceum-ogolnoksztalcace\/uber-die-schule\/\",\"url\":\"https:\/\/pb.edu.pl\/liceum-ogolnoksztalcace\/uber-die-schule\/\",\"name\":\"Akademickie Liceum Og\u00f3lnokszta\u0142c\u0105ce Politechniki Bia\u0142ostockiej - \u00dcber die Schule\",\"isPartOf\":{\"@id\":\"https:\/\/pb.edu.pl\/liceum-ogolnoksztalcace\/#website\"},\"datePublished\":\"2021-07-12T09:37:57+00:00\",\"dateModified\":\"2023-07-05T13:01:21+00:00\",\"description\":\"ALOPB ist eine nicht-\u00f6ffentliche Schule mit den Privilegien einer \u00f6ffentlichen Schule f\u00fcr Jugendliche zwischen 14 und 18 Jahren, die innerhalb der\",\"breadcrumb\":{\"@id\":\"https:\/\/pb.edu.pl\/liceum-ogolnoksztalcace\/uber-die-schule\/#breadcrumb\"},\"inLanguage\":\"pl-PL\",\"potentialAction\":[{\"@type\":\"ReadAction\",\"target\":[\"https:\/\/pb.edu.pl\/liceum-ogolnoksztalcace\/uber-die-schule\/\"]}]},{\"@type\":\"BreadcrumbList\",\"@id\":\"https:\/\/pb.edu.pl\/liceum-ogolnoksztalcace\/uber-die-schule\/#breadcrumb\",\"itemListElement\":[{\"@type\":\"ListItem\",\"position\":1,\"name\":\"Home\",\"item\":\"https:\/\/pb.edu.pl\/liceum-ogolnoksztalcace\/\"},{\"@type\":\"ListItem\",\"position\":2,\"name\":\"\u00dcber die Schule\"}]},{\"@type\":\"WebSite\",\"@id\":\"https:\/\/pb.edu.pl\/liceum-ogolnoksztalcace\/#website\",\"url\":\"https:\/\/pb.edu.pl\/liceum-ogolnoksztalcace\/\",\"name\":\"Akademickie Liceum Og\u00f3lnokszta\u0142c\u0105ce Politechniki Bia\u0142ostockiej\",\"description\":\"\",\"potentialAction\":[{\"@type\":\"SearchAction\",\"target\":{\"@type\":\"EntryPoint\",\"urlTemplate\":\"https:\/\/pb.edu.pl\/liceum-ogolnoksztalcace\/?s={search_term_string}\"},\"query-input\":{\"@type\":\"PropertyValueSpecification\",\"valueRequired\":true,\"valueName\":\"search_term_string\"}}],\"inLanguage\":\"pl-PL\"}]}<\/script>\n<!-- \/ Yoast SEO plugin. -->","yoast_head_json":{"title":"Akademickie Liceum Og\u00f3lnokszta\u0142c\u0105ce Politechniki Bia\u0142ostockiej - \u00dcber die Schule","description":"ALOPB ist eine nicht-\u00f6ffentliche Schule mit den Privilegien einer \u00f6ffentlichen Schule f\u00fcr Jugendliche zwischen 14 und 18 Jahren, die innerhalb der","robots":{"index":"index","follow":"follow","max-snippet":"max-snippet:-1","max-image-preview":"max-image-preview:large","max-video-preview":"max-video-preview:-1"},"canonical":"https:\/\/pb.edu.pl\/liceum-ogolnoksztalcace\/uber-die-schule\/","twitter_misc":{"Szacowany czas czytania":"2 minuty"},"schema":{"@context":"https:\/\/schema.org","@graph":[{"@type":"WebPage","@id":"https:\/\/pb.edu.pl\/liceum-ogolnoksztalcace\/uber-die-schule\/","url":"https:\/\/pb.edu.pl\/liceum-ogolnoksztalcace\/uber-die-schule\/","name":"Akademickie Liceum Og\u00f3lnokszta\u0142c\u0105ce Politechniki Bia\u0142ostockiej - \u00dcber die Schule","isPartOf":{"@id":"https:\/\/pb.edu.pl\/liceum-ogolnoksztalcace\/#website"},"datePublished":"2021-07-12T09:37:57+00:00","dateModified":"2023-07-05T13:01:21+00:00","description":"ALOPB ist eine nicht-\u00f6ffentliche Schule mit den Privilegien einer \u00f6ffentlichen Schule f\u00fcr Jugendliche zwischen 14 und 18 Jahren, die innerhalb der","breadcrumb":{"@id":"https:\/\/pb.edu.pl\/liceum-ogolnoksztalcace\/uber-die-schule\/#breadcrumb"},"inLanguage":"pl-PL","potentialAction":[{"@type":"ReadAction","target":["https:\/\/pb.edu.pl\/liceum-ogolnoksztalcace\/uber-die-schule\/"]}]},{"@type":"BreadcrumbList","@id":"https:\/\/pb.edu.pl\/liceum-ogolnoksztalcace\/uber-die-schule\/#breadcrumb","itemListElement":[{"@type":"ListItem","position":1,"name":"Home","item":"https:\/\/pb.edu.pl\/liceum-ogolnoksztalcace\/"},{"@type":"ListItem","position":2,"name":"\u00dcber die Schule"}]},{"@type":"WebSite","@id":"https:\/\/pb.edu.pl\/liceum-ogolnoksztalcace\/#website","url":"https:\/\/pb.edu.pl\/liceum-ogolnoksztalcace\/","name":"Akademickie Liceum Og\u00f3lnokszta\u0142c\u0105ce Politechniki Bia\u0142ostockiej","description":"","potentialAction":[{"@type":"SearchAction","target":{"@type":"EntryPoint","urlTemplate":"https:\/\/pb.edu.pl\/liceum-ogolnoksztalcace\/?s={search_term_string}"},"query-input":{"@type":"PropertyValueSpecification","valueRequired":true,"valueName":"search_term_string"}}],"inLanguage":"pl-PL"}]}},"_links":{"self":[{"href":"https:\/\/pb.edu.pl\/liceum-ogolnoksztalcace\/wp-json\/wp\/v2\/pages\/6305","targetHints":{"allow":["GET"]}}],"collection":[{"href":"https:\/\/pb.edu.pl\/liceum-ogolnoksztalcace\/wp-json\/wp\/v2\/pages"}],"about":[{"href":"https:\/\/pb.edu.pl\/liceum-ogolnoksztalcace\/wp-json\/wp\/v2\/types\/page"}],"author":[{"embeddable":true,"href":"https:\/\/pb.edu.pl\/liceum-ogolnoksztalcace\/wp-json\/wp\/v2\/users\/2"}],"replies":[{"embeddable":true,"href":"https:\/\/pb.edu.pl\/liceum-ogolnoksztalcace\/wp-json\/wp\/v2\/comments?post=6305"}],"version-history":[{"count":0,"href":"https:\/\/pb.edu.pl\/liceum-ogolnoksztalcace\/wp-json\/wp\/v2\/pages\/6305\/revisions"}],"wp:attachment":[{"href":"https:\/\/pb.edu.pl\/liceum-ogolnoksztalcace\/wp-json\/wp\/v2\/media?parent=6305"}],"curies":[{"name":"wp","href":"https:\/\/api.w.org\/{rel}","templated":true}]}}