{"id":6298,"date":"2021-07-08T23:34:05","date_gmt":"2021-07-08T21:34:05","guid":{"rendered":"https:\/\/pb.edu.pl\/liceum-ogolnoksztalcace\/?page_id=6298"},"modified":"2023-07-05T15:12:00","modified_gmt":"2023-07-05T13:12:00","slug":"about-school","status":"publish","type":"page","link":"https:\/\/pb.edu.pl\/liceum-ogolnoksztalcace\/about-school\/","title":{"rendered":"About School"},"content":{"rendered":"<div class=\"row\">\n<div class=\"col-md-6\">\n<h1>About School<\/h1>\n<\/div>\n<div class=\"col-md-6\">\n<div class=\"text-right\"><a class=\"lang pl\" title=\"switch to Polish\" href=\"\/liceum-ogolnoksztalcace\/o-szkole\/sukcesy\/\">PL<\/a> <a class=\"lang en disabled\" title=\"English\" href=\"\/liceum-ogolnoksztalcace\/about-school\/\">EN<\/a> <a class=\"lang ru\" title=\"switch to Russian\" href=\"https:\/\/pb.edu.pl\/liceum-ogolnoksztalcace\/\u043e-\u0448\u043a\u043e\u043b\u0435\/\">RU<\/a> <a class=\"lang de\" title=\"switch to German\" href=\"\/liceum-ogolnoksztalcace\/uber-die-schule\/\">DE<\/a><\/div>\n<\/div><\/div>\n<p><strong>ALOPB <\/strong>is a non-state secondary school for 14-18-year-olds, which operates within the rules and regulations of a state school, and is a part of Bialystok University of Technology. The school was established in 2016 and was addressed to high-aspiring and talented students willing to pursue their education in the field of sciences with the use of modern technologies and fully-equipped science labs that our school offers. The main focus of ALOPB are extended courses in Mathematics, IT, Physics, Chemistry, Biology, and English. German or Russian can be chosen as the second foreign language.<\/p>\n<div class=\"h3\">Since 2020\/2021 there are the following majors at our school:<\/div>\n<ul>\n<li>architecture and civil engineering<\/li>\n<li>bio-engineering<\/li>\n<li>future industries<\/li>\n<li>information technology<\/li>\n<li>programming<\/li>\n<\/ul>\n<div class=\"h3\">Our students pride themselves in:<\/div>\n<ul>\n<li>winning university places even during their first year of studying at our school (among them at Bia\u0142ystok University of Technology, Medical University in Gdansk, University of Technology in Warsaw, University of Technology in Gdansk)<\/li>\n<li>having received multiple grants and scholarships such as Prime Minister\u2019s Award, artistic awards, The most Innovative Technology Award, \u2018Discoverers of Diamonds\u2019 Award, and Copernicus Science Center Award<\/li>\n<li>numerous top places in national academic competitions, the so called \u2018Olympiads\u2019<\/li>\n<li>having achieved high-ranking places in other national competitions \u2013 technical, IT, science, linguistic, social and even legal and artistic (e.g. \u2018Project with my class\u2019, El-Robo-Mech, Young Innovator, Designers of Education, National Competition in economics and entrepreneurship, Mission Book, National Competition in knowledge about students\u2019 rights, Applied Mathematics, international math competition Naboj, Galileo)<\/li>\n<\/ul>\n<div class=\"h3\">Contact:<\/div>\n<p>AKADEMICKIE LICEUM OG\u00d3LNOKSZTA\u0141C\u0104CE<br \/>\nPOLITECHNIKI BIA\u0141OSTOCKIEJ<br \/>\n<i class=\"fa fa-phone\" aria-hidden=\"true\"><\/i> 85 746 71 31<br \/>\nul. Wiejska 45A, 15-351 Bia\u0142ystok<\/p>\n","protected":false},"excerpt":{"rendered":"<p>ALOPB is a non-state secondary school for 14-18-year-olds, which operates within the rules and regulations<\/p>\n","protected":false},"author":2,"featured_media":0,"parent":0,"menu_order":100,"comment_status":"closed","ping_status":"closed","template":"templates\/dzial.php","meta":{"_acf_changed":false,"ngg_post_thumbnail":0,"footnotes":""},"class_list":["post-6298","page","type-page","status-publish","hentry"],"acf":[],"yoast_head":"<!-- This site is optimized with the Yoast SEO plugin v27.0 - https:\/\/yoast.com\/product\/yoast-seo-wordpress\/ -->\n<title>Akademickie Liceum Og\u00f3lnokszta\u0142c\u0105ce Politechniki Bia\u0142ostockiej - About School<\/title>\n<meta name=\"description\" content=\"ALOPB is a non-state secondary school for 14-18-year-olds, which operates within the rules and regulations of a state school, and is a part of Bialystok\" \/>\n<meta name=\"robots\" content=\"index, follow, max-snippet:-1, max-image-preview:large, max-video-preview:-1\" \/>\n<link rel=\"canonical\" href=\"https:\/\/pb.edu.pl\/liceum-ogolnoksztalcace\/about-school\/\" \/>\n<meta name=\"twitter:label1\" content=\"Szacowany czas czytania\" \/>\n\t<meta name=\"twitter:data1\" content=\"2 minuty\" \/>\n<script type=\"application\/ld+json\" class=\"yoast-schema-graph\">{\"@context\":\"https:\/\/schema.org\",\"@graph\":[{\"@type\":\"WebPage\",\"@id\":\"https:\/\/pb.edu.pl\/liceum-ogolnoksztalcace\/about-school\/\",\"url\":\"https:\/\/pb.edu.pl\/liceum-ogolnoksztalcace\/about-school\/\",\"name\":\"Akademickie Liceum Og\u00f3lnokszta\u0142c\u0105ce Politechniki Bia\u0142ostockiej - About School\",\"isPartOf\":{\"@id\":\"https:\/\/pb.edu.pl\/liceum-ogolnoksztalcace\/#website\"},\"datePublished\":\"2021-07-08T21:34:05+00:00\",\"dateModified\":\"2023-07-05T13:12:00+00:00\",\"description\":\"ALOPB is a non-state secondary school for 14-18-year-olds, which operates within the rules and regulations of a state school, and is a part of Bialystok\",\"breadcrumb\":{\"@id\":\"https:\/\/pb.edu.pl\/liceum-ogolnoksztalcace\/about-school\/#breadcrumb\"},\"inLanguage\":\"pl-PL\",\"potentialAction\":[{\"@type\":\"ReadAction\",\"target\":[\"https:\/\/pb.edu.pl\/liceum-ogolnoksztalcace\/about-school\/\"]}]},{\"@type\":\"BreadcrumbList\",\"@id\":\"https:\/\/pb.edu.pl\/liceum-ogolnoksztalcace\/about-school\/#breadcrumb\",\"itemListElement\":[{\"@type\":\"ListItem\",\"position\":1,\"name\":\"Home\",\"item\":\"https:\/\/pb.edu.pl\/liceum-ogolnoksztalcace\/\"},{\"@type\":\"ListItem\",\"position\":2,\"name\":\"About School\"}]},{\"@type\":\"WebSite\",\"@id\":\"https:\/\/pb.edu.pl\/liceum-ogolnoksztalcace\/#website\",\"url\":\"https:\/\/pb.edu.pl\/liceum-ogolnoksztalcace\/\",\"name\":\"Akademickie Liceum Og\u00f3lnokszta\u0142c\u0105ce Politechniki Bia\u0142ostockiej\",\"description\":\"\",\"potentialAction\":[{\"@type\":\"SearchAction\",\"target\":{\"@type\":\"EntryPoint\",\"urlTemplate\":\"https:\/\/pb.edu.pl\/liceum-ogolnoksztalcace\/?s={search_term_string}\"},\"query-input\":{\"@type\":\"PropertyValueSpecification\",\"valueRequired\":true,\"valueName\":\"search_term_string\"}}],\"inLanguage\":\"pl-PL\"}]}<\/script>\n<!-- \/ Yoast SEO plugin. -->","yoast_head_json":{"title":"Akademickie Liceum Og\u00f3lnokszta\u0142c\u0105ce Politechniki Bia\u0142ostockiej - About School","description":"ALOPB is a non-state secondary school for 14-18-year-olds, which operates within the rules and regulations of a state school, and is a part of Bialystok","robots":{"index":"index","follow":"follow","max-snippet":"max-snippet:-1","max-image-preview":"max-image-preview:large","max-video-preview":"max-video-preview:-1"},"canonical":"https:\/\/pb.edu.pl\/liceum-ogolnoksztalcace\/about-school\/","twitter_misc":{"Szacowany czas czytania":"2 minuty"},"schema":{"@context":"https:\/\/schema.org","@graph":[{"@type":"WebPage","@id":"https:\/\/pb.edu.pl\/liceum-ogolnoksztalcace\/about-school\/","url":"https:\/\/pb.edu.pl\/liceum-ogolnoksztalcace\/about-school\/","name":"Akademickie Liceum Og\u00f3lnokszta\u0142c\u0105ce Politechniki Bia\u0142ostockiej - About School","isPartOf":{"@id":"https:\/\/pb.edu.pl\/liceum-ogolnoksztalcace\/#website"},"datePublished":"2021-07-08T21:34:05+00:00","dateModified":"2023-07-05T13:12:00+00:00","description":"ALOPB is a non-state secondary school for 14-18-year-olds, which operates within the rules and regulations of a state school, and is a part of Bialystok","breadcrumb":{"@id":"https:\/\/pb.edu.pl\/liceum-ogolnoksztalcace\/about-school\/#breadcrumb"},"inLanguage":"pl-PL","potentialAction":[{"@type":"ReadAction","target":["https:\/\/pb.edu.pl\/liceum-ogolnoksztalcace\/about-school\/"]}]},{"@type":"BreadcrumbList","@id":"https:\/\/pb.edu.pl\/liceum-ogolnoksztalcace\/about-school\/#breadcrumb","itemListElement":[{"@type":"ListItem","position":1,"name":"Home","item":"https:\/\/pb.edu.pl\/liceum-ogolnoksztalcace\/"},{"@type":"ListItem","position":2,"name":"About School"}]},{"@type":"WebSite","@id":"https:\/\/pb.edu.pl\/liceum-ogolnoksztalcace\/#website","url":"https:\/\/pb.edu.pl\/liceum-ogolnoksztalcace\/","name":"Akademickie Liceum Og\u00f3lnokszta\u0142c\u0105ce Politechniki Bia\u0142ostockiej","description":"","potentialAction":[{"@type":"SearchAction","target":{"@type":"EntryPoint","urlTemplate":"https:\/\/pb.edu.pl\/liceum-ogolnoksztalcace\/?s={search_term_string}"},"query-input":{"@type":"PropertyValueSpecification","valueRequired":true,"valueName":"search_term_string"}}],"inLanguage":"pl-PL"}]}},"_links":{"self":[{"href":"https:\/\/pb.edu.pl\/liceum-ogolnoksztalcace\/wp-json\/wp\/v2\/pages\/6298","targetHints":{"allow":["GET"]}}],"collection":[{"href":"https:\/\/pb.edu.pl\/liceum-ogolnoksztalcace\/wp-json\/wp\/v2\/pages"}],"about":[{"href":"https:\/\/pb.edu.pl\/liceum-ogolnoksztalcace\/wp-json\/wp\/v2\/types\/page"}],"author":[{"embeddable":true,"href":"https:\/\/pb.edu.pl\/liceum-ogolnoksztalcace\/wp-json\/wp\/v2\/users\/2"}],"replies":[{"embeddable":true,"href":"https:\/\/pb.edu.pl\/liceum-ogolnoksztalcace\/wp-json\/wp\/v2\/comments?post=6298"}],"version-history":[{"count":0,"href":"https:\/\/pb.edu.pl\/liceum-ogolnoksztalcace\/wp-json\/wp\/v2\/pages\/6298\/revisions"}],"wp:attachment":[{"href":"https:\/\/pb.edu.pl\/liceum-ogolnoksztalcace\/wp-json\/wp\/v2\/media?parent=6298"}],"curies":[{"name":"wp","href":"https:\/\/api.w.org\/{rel}","templated":true}]}}