{"id":613,"date":"2018-03-04T14:13:46","date_gmt":"2018-03-04T13:13:46","guid":{"rendered":"https:\/\/pb.edu.pl\/liceum-ogolnoksztalcace\/?page_id=613"},"modified":"2022-09-08T19:46:14","modified_gmt":"2022-09-08T17:46:14","slug":"matematyczne","status":"publish","type":"page","link":"https:\/\/pb.edu.pl\/liceum-ogolnoksztalcace\/dla-ucznia\/zajecia-projektowe\/matematyczne\/","title":{"rendered":"Ko\u0142o matematyczne"},"content":{"rendered":"<p>Zaj\u0119cia s\u0105 skierowane na przygotowanie do konkurs\u00f3w matematycznych odbywaj\u0105cych si\u0119 w ca\u0142ej Polsce. Celujemy przede wszystkim w konkursy, kt\u00f3re zapewniaj\u0105 wst\u0119p na studia. Pragniemy ma\u0142ymi krokami zbli\u017ca\u0107 si\u0119 do celu, jakim jest zdobycie najlepszych miejsc w konkursach. Poznajemy r\u00f3\u017cne zadania i specyfik\u0119 poszczeg\u00f3lnych konkurs\u00f3w. Znajomo\u015b\u0107 technik potrzebnych do rozwi\u0105zywania tych zada\u0144 jest konieczna. Materia\u0142 zdecydowanie wykracza poza programy szkolne.<\/p>\n<p>W inauguruj\u0105cym roku szkolnym 2016\/2017 przygotowali\u015bmy si\u0119 do Konkursu Matematyka Stosowana na PB. Utworzy\u0142 si\u0119 jeden zesp\u00f3\u0142 z \u00f3wczesnych klas pierwszych i du\u017cym sukcesem by\u0142o dostanie si\u0119 do fina\u0142owej cz\u0119\u015bci. W kolejnym roku &nbsp;przygotowa\u0142o si\u0119 9 zespo\u0142\u00f3w: dwa drugoklasist\u00f3w, jeden zesp\u00f3\u0142 mieszany (uczniowie z I i II klasy) oraz sze\u015b\u0107 zespo\u0142\u00f3w z I klas. Do fina\u0142owego konkursu zakwalifikowa\u0142o si\u0119 5 zespo\u0142\u00f3w: dwa drugoklasist\u00f3w, zesp\u00f3\u0142 mieszany i dwa zespo\u0142y uczni\u00f3w z I klasy. Poza tym konkursem, uczniowie wystartowali w konkursie MINI (wi\u0119cej na stronie <a href=\"https:\/\/konkurs.mini.pw.edu.pl\/\" target=\"_blank\" rel=\"noopener noreferrer\">https:\/\/konkurs.mini.pw.edu.pl\/<\/a> ).&nbsp;<\/p>\n<p><strong>Ko\u0142o olimpijskie spotyka si\u0119 w poniedzia\u0142ki w godzinach 8:00-9:30, w sali 29B<\/strong><\/p>\n<p>Zaj\u0119cia prowadzi mgr Hubert Anisimowicz<\/p>\n","protected":false},"excerpt":{"rendered":"<p>Zaj\u0119cia s\u0105 skierowane na przygotowanie do konkurs\u00f3w matematycznych odbywaj\u0105cych si\u0119 w ca\u0142ej Polsce. Celujemy przede<\/p>\n","protected":false},"author":13,"featured_media":0,"parent":74,"menu_order":2,"comment_status":"closed","ping_status":"closed","template":"","meta":{"_acf_changed":false,"ngg_post_thumbnail":0,"footnotes":""},"class_list":["post-613","page","type-page","status-publish","hentry"],"acf":[],"yoast_head":"<!-- This site is optimized with the Yoast SEO plugin v27.0 - https:\/\/yoast.com\/product\/yoast-seo-wordpress\/ -->\n<title>Akademickie Liceum Og\u00f3lnokszta\u0142c\u0105ce Politechniki Bia\u0142ostockiej - Ko\u0142o matematyczne<\/title>\n<meta name=\"description\" content=\"Zaj\u0119cia s\u0105 skierowane na przygotowanie do konkurs\u00f3w matematycznych odbywaj\u0105cych si\u0119 w ca\u0142ej Polsce. Celujemy przede wszystkim w konkursy, kt\u00f3re zapewniaj\u0105\" \/>\n<meta name=\"robots\" content=\"index, follow, max-snippet:-1, max-image-preview:large, max-video-preview:-1\" \/>\n<link rel=\"canonical\" href=\"https:\/\/pb.edu.pl\/liceum-ogolnoksztalcace\/dla-ucznia\/zajecia-projektowe\/matematyczne\/\" \/>\n<meta name=\"twitter:label1\" content=\"Szacowany czas czytania\" \/>\n\t<meta name=\"twitter:data1\" content=\"1 minuta\" \/>\n<script type=\"application\/ld+json\" class=\"yoast-schema-graph\">{\"@context\":\"https:\/\/schema.org\",\"@graph\":[{\"@type\":\"WebPage\",\"@id\":\"https:\/\/pb.edu.pl\/liceum-ogolnoksztalcace\/dla-ucznia\/zajecia-projektowe\/matematyczne\/\",\"url\":\"https:\/\/pb.edu.pl\/liceum-ogolnoksztalcace\/dla-ucznia\/zajecia-projektowe\/matematyczne\/\",\"name\":\"Akademickie Liceum Og\u00f3lnokszta\u0142c\u0105ce Politechniki Bia\u0142ostockiej - Ko\u0142o matematyczne\",\"isPartOf\":{\"@id\":\"https:\/\/pb.edu.pl\/liceum-ogolnoksztalcace\/#website\"},\"datePublished\":\"2018-03-04T13:13:46+00:00\",\"dateModified\":\"2022-09-08T17:46:14+00:00\",\"description\":\"Zaj\u0119cia s\u0105 skierowane na przygotowanie do konkurs\u00f3w matematycznych odbywaj\u0105cych si\u0119 w ca\u0142ej Polsce. Celujemy przede wszystkim w konkursy, kt\u00f3re zapewniaj\u0105\",\"breadcrumb\":{\"@id\":\"https:\/\/pb.edu.pl\/liceum-ogolnoksztalcace\/dla-ucznia\/zajecia-projektowe\/matematyczne\/#breadcrumb\"},\"inLanguage\":\"pl-PL\",\"potentialAction\":[{\"@type\":\"ReadAction\",\"target\":[\"https:\/\/pb.edu.pl\/liceum-ogolnoksztalcace\/dla-ucznia\/zajecia-projektowe\/matematyczne\/\"]}]},{\"@type\":\"BreadcrumbList\",\"@id\":\"https:\/\/pb.edu.pl\/liceum-ogolnoksztalcace\/dla-ucznia\/zajecia-projektowe\/matematyczne\/#breadcrumb\",\"itemListElement\":[{\"@type\":\"ListItem\",\"position\":1,\"name\":\"Home\",\"item\":\"https:\/\/pb.edu.pl\/liceum-ogolnoksztalcace\/\"},{\"@type\":\"ListItem\",\"position\":2,\"name\":\"Dla ucznia\",\"item\":\"https:\/\/pb.edu.pl\/liceum-ogolnoksztalcace\/dla-ucznia\/\"},{\"@type\":\"ListItem\",\"position\":3,\"name\":\"Zaj\u0119cia projektowe\",\"item\":\"https:\/\/pb.edu.pl\/liceum-ogolnoksztalcace\/dla-ucznia\/zajecia-projektowe\/\"},{\"@type\":\"ListItem\",\"position\":4,\"name\":\"Ko\u0142o matematyczne\"}]},{\"@type\":\"WebSite\",\"@id\":\"https:\/\/pb.edu.pl\/liceum-ogolnoksztalcace\/#website\",\"url\":\"https:\/\/pb.edu.pl\/liceum-ogolnoksztalcace\/\",\"name\":\"Akademickie Liceum Og\u00f3lnokszta\u0142c\u0105ce Politechniki Bia\u0142ostockiej\",\"description\":\"\",\"potentialAction\":[{\"@type\":\"SearchAction\",\"target\":{\"@type\":\"EntryPoint\",\"urlTemplate\":\"https:\/\/pb.edu.pl\/liceum-ogolnoksztalcace\/?s={search_term_string}\"},\"query-input\":{\"@type\":\"PropertyValueSpecification\",\"valueRequired\":true,\"valueName\":\"search_term_string\"}}],\"inLanguage\":\"pl-PL\"}]}<\/script>\n<!-- \/ Yoast SEO plugin. -->","yoast_head_json":{"title":"Akademickie Liceum Og\u00f3lnokszta\u0142c\u0105ce Politechniki Bia\u0142ostockiej - Ko\u0142o matematyczne","description":"Zaj\u0119cia s\u0105 skierowane na przygotowanie do konkurs\u00f3w matematycznych odbywaj\u0105cych si\u0119 w ca\u0142ej Polsce. Celujemy przede wszystkim w konkursy, kt\u00f3re zapewniaj\u0105","robots":{"index":"index","follow":"follow","max-snippet":"max-snippet:-1","max-image-preview":"max-image-preview:large","max-video-preview":"max-video-preview:-1"},"canonical":"https:\/\/pb.edu.pl\/liceum-ogolnoksztalcace\/dla-ucznia\/zajecia-projektowe\/matematyczne\/","twitter_misc":{"Szacowany czas czytania":"1 minuta"},"schema":{"@context":"https:\/\/schema.org","@graph":[{"@type":"WebPage","@id":"https:\/\/pb.edu.pl\/liceum-ogolnoksztalcace\/dla-ucznia\/zajecia-projektowe\/matematyczne\/","url":"https:\/\/pb.edu.pl\/liceum-ogolnoksztalcace\/dla-ucznia\/zajecia-projektowe\/matematyczne\/","name":"Akademickie Liceum Og\u00f3lnokszta\u0142c\u0105ce Politechniki Bia\u0142ostockiej - Ko\u0142o matematyczne","isPartOf":{"@id":"https:\/\/pb.edu.pl\/liceum-ogolnoksztalcace\/#website"},"datePublished":"2018-03-04T13:13:46+00:00","dateModified":"2022-09-08T17:46:14+00:00","description":"Zaj\u0119cia s\u0105 skierowane na przygotowanie do konkurs\u00f3w matematycznych odbywaj\u0105cych si\u0119 w ca\u0142ej Polsce. Celujemy przede wszystkim w konkursy, kt\u00f3re zapewniaj\u0105","breadcrumb":{"@id":"https:\/\/pb.edu.pl\/liceum-ogolnoksztalcace\/dla-ucznia\/zajecia-projektowe\/matematyczne\/#breadcrumb"},"inLanguage":"pl-PL","potentialAction":[{"@type":"ReadAction","target":["https:\/\/pb.edu.pl\/liceum-ogolnoksztalcace\/dla-ucznia\/zajecia-projektowe\/matematyczne\/"]}]},{"@type":"BreadcrumbList","@id":"https:\/\/pb.edu.pl\/liceum-ogolnoksztalcace\/dla-ucznia\/zajecia-projektowe\/matematyczne\/#breadcrumb","itemListElement":[{"@type":"ListItem","position":1,"name":"Home","item":"https:\/\/pb.edu.pl\/liceum-ogolnoksztalcace\/"},{"@type":"ListItem","position":2,"name":"Dla ucznia","item":"https:\/\/pb.edu.pl\/liceum-ogolnoksztalcace\/dla-ucznia\/"},{"@type":"ListItem","position":3,"name":"Zaj\u0119cia projektowe","item":"https:\/\/pb.edu.pl\/liceum-ogolnoksztalcace\/dla-ucznia\/zajecia-projektowe\/"},{"@type":"ListItem","position":4,"name":"Ko\u0142o matematyczne"}]},{"@type":"WebSite","@id":"https:\/\/pb.edu.pl\/liceum-ogolnoksztalcace\/#website","url":"https:\/\/pb.edu.pl\/liceum-ogolnoksztalcace\/","name":"Akademickie Liceum Og\u00f3lnokszta\u0142c\u0105ce Politechniki Bia\u0142ostockiej","description":"","potentialAction":[{"@type":"SearchAction","target":{"@type":"EntryPoint","urlTemplate":"https:\/\/pb.edu.pl\/liceum-ogolnoksztalcace\/?s={search_term_string}"},"query-input":{"@type":"PropertyValueSpecification","valueRequired":true,"valueName":"search_term_string"}}],"inLanguage":"pl-PL"}]}},"_links":{"self":[{"href":"https:\/\/pb.edu.pl\/liceum-ogolnoksztalcace\/wp-json\/wp\/v2\/pages\/613","targetHints":{"allow":["GET"]}}],"collection":[{"href":"https:\/\/pb.edu.pl\/liceum-ogolnoksztalcace\/wp-json\/wp\/v2\/pages"}],"about":[{"href":"https:\/\/pb.edu.pl\/liceum-ogolnoksztalcace\/wp-json\/wp\/v2\/types\/page"}],"author":[{"embeddable":true,"href":"https:\/\/pb.edu.pl\/liceum-ogolnoksztalcace\/wp-json\/wp\/v2\/users\/13"}],"replies":[{"embeddable":true,"href":"https:\/\/pb.edu.pl\/liceum-ogolnoksztalcace\/wp-json\/wp\/v2\/comments?post=613"}],"version-history":[{"count":0,"href":"https:\/\/pb.edu.pl\/liceum-ogolnoksztalcace\/wp-json\/wp\/v2\/pages\/613\/revisions"}],"up":[{"embeddable":true,"href":"https:\/\/pb.edu.pl\/liceum-ogolnoksztalcace\/wp-json\/wp\/v2\/pages\/74"}],"wp:attachment":[{"href":"https:\/\/pb.edu.pl\/liceum-ogolnoksztalcace\/wp-json\/wp\/v2\/media?parent=613"}],"curies":[{"name":"wp","href":"https:\/\/api.w.org\/{rel}","templated":true}]}}