{"id":5701,"date":"2021-03-04T14:25:44","date_gmt":"2021-03-04T13:25:44","guid":{"rendered":"https:\/\/pb.edu.pl\/liceum-ogolnoksztalcace\/?page_id=5701"},"modified":"2022-02-06T19:49:44","modified_gmt":"2022-02-06T18:49:44","slug":"gazetka-halo","status":"publish","type":"page","link":"https:\/\/pb.edu.pl\/liceum-ogolnoksztalcace\/samorzad-uczniowski\/gazetka-halo\/","title":{"rendered":"Gazetka HALO"},"content":{"rendered":"<p>Zach\u0119camy do si\u0119gni\u0119cia po magazyn wydawany przez Uczni\u00f3w ALOPB!<\/p>\n<div class=\"h3\">HALO nr 6 &#8222;Antyk&#8221;<\/div>\n<div class=\"row\">\n<div class=\"col-xs-12 col-sm-3\"><img loading=\"lazy\" decoding=\"async\" src=\"https:\/\/pb.edu.pl\/liceum-ogolnoksztalcace\/wp-content\/uploads\/sites\/10\/2022\/02\/okladka_halo_6_2022-212x300.png\" alt=\"\" width=\"212\" height=\"300\" class=\"alignnone size-medium wp-image-7199\" srcset=\"https:\/\/pb.edu.pl\/liceum-ogolnoksztalcace\/wp-content\/uploads\/sites\/10\/2022\/02\/okladka_halo_6_2022-212x300.png 212w, https:\/\/pb.edu.pl\/liceum-ogolnoksztalcace\/wp-content\/uploads\/sites\/10\/2022\/02\/okladka_halo_6_2022-724x1024.png 724w, https:\/\/pb.edu.pl\/liceum-ogolnoksztalcace\/wp-content\/uploads\/sites\/10\/2022\/02\/okladka_halo_6_2022-768x1086.png 768w, https:\/\/pb.edu.pl\/liceum-ogolnoksztalcace\/wp-content\/uploads\/sites\/10\/2022\/02\/okladka_halo_6_2022-1086x1536.png 1086w, https:\/\/pb.edu.pl\/liceum-ogolnoksztalcace\/wp-content\/uploads\/sites\/10\/2022\/02\/okladka_halo_6_2022-1448x2048.png 1448w\" sizes=\"auto, (max-width: 212px) 100vw, 212px\" \/><\/div>\n<div class=\"col-xs-12 col-sm-9\">\n<p>Sz\u00f3sty numer magazynu HALO w ca\u0142o\u015bci dotyczy kultury antyku. Autorzy skupili si\u0119 na greckim wychowaniu, \u015bmierci i wierzeniach, j\u0119zyku \u0142aci\u0144skim oraz mitologii nordyckiej. Ponadto opublikowana zosta\u0142a ankieta: Co uczniowie my\u015bl\u0105 o antyku? Uczniowie przygl\u0105dali si\u0119 z zaciekawieniem zmaganiom szkolnym, wi\u0119c konkurs E(x)plory r\u00f3wnie\u017c znalaz\u0142 swoje miejsce i to wraz z fotorelacj\u0105. Nie zabrak\u0142o opowiadania zainspirowanego kultura antyczn\u0105. Wszystkie artyku\u0142y zwie\u0144czy\u0142 wiersz pt. &#8222;Prometeusz&#8221; Leopolda Staffa.<\/p>\n<p><a title=\"otworzy si\u0119 w nowej karcie\" class=\"pdf\" href=\"https:\/\/pb.edu.pl\/liceum-ogolnoksztalcace\/wp-content\/uploads\/sites\/10\/2022\/02\/HALO_6_2022.pdf\" target=\"_blank\" data-id=\"7201\" rel=\"noopener\">HALO_6_2022 <span>(PDF, wersja dost\u0119pna cyfrowo, 16 MB)<\/span><\/a><\/p>\n<\/div>\n<\/div>\n<div class=\"h3\">HALO nr 5 &#8222;Podr\u00f3\u017ce po kulturze&#8221;<\/div>\n<div class=\"row\">\n<div class=\"col-xs-12 col-sm-3\"><img loading=\"lazy\" decoding=\"async\" class=\"alignnone wp-image-6842 size-medium\" src=\"https:\/\/pb.edu.pl\/liceum-ogolnoksztalcace\/wp-content\/uploads\/sites\/10\/2021\/12\/halo_5-216x300.jpg\" alt=\"\" width=\"216\" height=\"300\" srcset=\"https:\/\/pb.edu.pl\/liceum-ogolnoksztalcace\/wp-content\/uploads\/sites\/10\/2021\/12\/halo_5-216x300.jpg 216w, https:\/\/pb.edu.pl\/liceum-ogolnoksztalcace\/wp-content\/uploads\/sites\/10\/2021\/12\/halo_5-738x1024.jpg 738w, https:\/\/pb.edu.pl\/liceum-ogolnoksztalcace\/wp-content\/uploads\/sites\/10\/2021\/12\/halo_5-768x1065.jpg 768w, https:\/\/pb.edu.pl\/liceum-ogolnoksztalcace\/wp-content\/uploads\/sites\/10\/2021\/12\/halo_5-1108x1536.jpg 1108w, https:\/\/pb.edu.pl\/liceum-ogolnoksztalcace\/wp-content\/uploads\/sites\/10\/2021\/12\/halo_5-1477x2048.jpg 1477w, https:\/\/pb.edu.pl\/liceum-ogolnoksztalcace\/wp-content\/uploads\/sites\/10\/2021\/12\/halo_5-scaled.jpg 1846w\" sizes=\"auto, (max-width: 216px) 100vw, 216px\" \/><\/div>\n<div class=\"col-xs-12 col-sm-9\">\n<p>Grudniowy numer gazetki \u201eHALO&#8221; powsta\u0142 w nowym roku szkolnym. M\u0142odzie\u017c ch\u0119tna do pracy napisa\u0142a artyku\u0142y zwi\u0105zane z kultur\u0105 &#8211; w uj\u0119ciu szerokim i w\u0105skim. Znajdziemy tam tre\u015bci dotycz\u0105ce poj\u0119cia kultury, bahaizmu, kulturze 4chanu, spiskowych teorii magazynu \u201eThe Economist&#8221;, kontrowersyjnych dzia\u0142a\u0144 w kulturze chi\u0144skiej, skandali na gruncie literatury. Na pocz\u0105tku podr\u00f3\u017cy po kulturze wyja\u015bniamy czym jest to trudne do zdefiniowania poj\u0119cie. Okazuje si\u0119, \u017ce unikanie etnocentryzmu jest bardzo trudne, poniewa\u017c jeste\u015bmy w danej kulturze i my\u015blimy o niej, jak o najlepszej. Kolejnym artyku\u0142em jest opis wyznawc\u00f3w boskich pos\u0142a\u0144c\u00f3w. Bahaizm ma w Polsce tylko trzystu wyznawc\u00f3w, a na \u015bwiecie prawie 8 milion\u00f3w. Czym si\u0119 zajmuj\u0105? W kogo wierz\u0105? Jakie \u015bwi\u0119ta maj\u0105? Nast\u0119pny artyku\u0142 dotyczy kultury internetowej. 4chan to anonimowy board, kt\u00f3ry najcz\u0119\u015bciej dotyczy trollingowaniu. Znalaz\u0142 si\u0119 tam nawet akcent polityczny. Autorkaopisuj\u0105ca dzia\u0142ania chi\u0144skiego rz\u0105du zaj\u0119\u0142a si\u0119 tematem blokowania us\u0142ug technologicznych oraz nadmiernej kontroli. Wielu obywateli wybiera publikowanie swoich artystycznych dzie\u0142 na innych platformach, zapewniaj\u0105c wtedy sobie popularno\u015b\u0107, a nie ci\u0105gle ataki i zawieszenia. Kultura alternatywna lubi skandale &#8211; autor opisuje czytelnikom w kolejnym artykule literackie kontrowersje i publikuje nawet fragmenty ich tw\u00f3rczo\u015bci. Zosta\u0142 tak\u017ce opublikowany wiersz Jaros\u0142awa Borszewicza, kt\u00f3ry w doskona\u0142y spos\u00f3b w kr\u00f3tkim utworze zawar\u0142 wsp\u00f3\u0142czesn\u0105 prawd\u0119 o cz\u0142owieku. Mamy r\u00f3wnie\u017c fotorelacj\u0119 z \u017cywic\u0105 szko\u0142y &#8211; \u015bwi\u0119towanie Dnia Niepodleg\u0142o\u015bci. Na koniec proponujemy kalendarium kulturalne, czyli wydarzenia, na kt\u00f3re warto si\u0119 wybra\u0107 z Opery i Filharmonii Podlaskiej i Teatru Dramatycznego.<\/p>\n<p><a class=\"pdf\" title=\"otworzy si\u0119 w nowej karcie\" href=\"https:\/\/pb.edu.pl\/liceum-ogolnoksztalcace\/wp-content\/uploads\/sites\/10\/2021\/12\/HALO_5_2021.pdf\" target=\"_blank\" rel=\"noopener\" data-id=\"6837\">HALO_5_2021 (PDF, wersja dost\u0119pna cyfrowo, 13 MB)<\/a><\/p>\n<\/div>\n<\/div>\n<div class=\"h3\">HALO nr 4 &#8222;Wy\u017cyny inteligencji&#8221;<\/div>\n<div class=\"row\">\n<div class=\"col-xs-12 col-sm-3\"><img loading=\"lazy\" decoding=\"async\" class=\"size-medium wp-image-6273 alignleft\" src=\"https:\/\/pb.edu.pl\/liceum-ogolnoksztalcace\/wp-content\/uploads\/sites\/10\/2021\/06\/HALO_4_2021-01-212x300.jpg\" alt=\"\" width=\"212\" height=\"300\" srcset=\"https:\/\/pb.edu.pl\/liceum-ogolnoksztalcace\/wp-content\/uploads\/sites\/10\/2021\/06\/HALO_4_2021-01-212x300.jpg 212w, https:\/\/pb.edu.pl\/liceum-ogolnoksztalcace\/wp-content\/uploads\/sites\/10\/2021\/06\/HALO_4_2021-01-724x1024.jpg 724w, https:\/\/pb.edu.pl\/liceum-ogolnoksztalcace\/wp-content\/uploads\/sites\/10\/2021\/06\/HALO_4_2021-01-768x1086.jpg 768w, https:\/\/pb.edu.pl\/liceum-ogolnoksztalcace\/wp-content\/uploads\/sites\/10\/2021\/06\/HALO_4_2021-01-1086x1536.jpg 1086w, https:\/\/pb.edu.pl\/liceum-ogolnoksztalcace\/wp-content\/uploads\/sites\/10\/2021\/06\/HALO_4_2021-01-1448x2048.jpg 1448w, https:\/\/pb.edu.pl\/liceum-ogolnoksztalcace\/wp-content\/uploads\/sites\/10\/2021\/06\/HALO_4_2021-01.jpg 1654w\" sizes=\"auto, (max-width: 212px) 100vw, 212px\" \/><\/div>\n<div class=\"col-xs-12 col-sm-9\">\n<p>Wakacyjny numer magazynu \u201eHALO\u201d mo\u017cna zar\u00f3wno nazwa\u0107 kontynuacj\u0105 numeru majowego, jak i preludium spotkania z Petrosem Psyllosem, kt\u00f3re odb\u0119dzie si\u0119 ju\u017c nied\u0142ugo. Postawili\u015bmy tu na lekk\u0105 form\u0119, ze wzgl\u0119du na to, i\u017c wszyscy ju\u017c zapewne my\u015blimy o dniach wolnych.Pr\u00f3cz sta\u0142ych sekcji, w kt\u00f3rych om\u00f3wili\u015bmy szeroko poj\u0119t\u0105 tematyk\u0119 zwi\u0105zan\u0105 ze sztuczn\u0105 inteligencj\u0105, w sekcji Poezja zago\u015bci\u0142y wiersze uczni\u00f3w klasy I A. Zosta\u0142y one napisane na lekcjach polskiego podczas omawiania epoki baroku.<\/p>\n<p>Tymczasem, dzi\u0119kujemy wam za ostatnie cztery miesi\u0105ce i mamy nadziej\u0119, \u017ce w nast\u0119pnym roku szkolnym powr\u00f3cimy do was z jeszcze ciekawszymi numerami magazynu \u201eHALO\u201d.<\/p>\n<p><a class=\"pdf\" title=\"otworzy si\u0119 w nowej karcie\" href=\"https:\/\/pb.edu.pl\/liceum-ogolnoksztalcace\/wp-content\/uploads\/sites\/10\/2021\/06\/HALO_4_2021.pdf\" target=\"_blank\" rel=\"noopener\" data-id=\"6274\">HALO_4_2021 (PDF, 4 MB)<\/a><\/p>\n<p><a title=\"otworzy si\u0119 w nowej karcie\" href=\"https:\/\/www.flipbookpdf.net\/web\/site\/30b11721d647cbf19f74991d1f9ca288ec6c9df8202106.pdf.html\" target=\"_blank\" rel=\"noopener\">FLIPBOOK<\/a><\/p>\n<\/div>\n<\/div>\n<div class=\"h3\">HALO nr 3 &#8222;Kwanty science fiction&#8221;<\/div>\n<div class=\"row\">\n<div class=\"col-xs-12 col-sm-3\"><img loading=\"lazy\" decoding=\"async\" class=\"size-medium wp-image-6196 alignleft\" src=\"https:\/\/pb.edu.pl\/liceum-ogolnoksztalcace\/wp-content\/uploads\/sites\/10\/2021\/05\/HALO_3_2021-01-212x300.jpg\" alt=\"\" width=\"212\" height=\"300\" srcset=\"https:\/\/pb.edu.pl\/liceum-ogolnoksztalcace\/wp-content\/uploads\/sites\/10\/2021\/05\/HALO_3_2021-01-212x300.jpg 212w, https:\/\/pb.edu.pl\/liceum-ogolnoksztalcace\/wp-content\/uploads\/sites\/10\/2021\/05\/HALO_3_2021-01-724x1024.jpg 724w, https:\/\/pb.edu.pl\/liceum-ogolnoksztalcace\/wp-content\/uploads\/sites\/10\/2021\/05\/HALO_3_2021-01-768x1086.jpg 768w, https:\/\/pb.edu.pl\/liceum-ogolnoksztalcace\/wp-content\/uploads\/sites\/10\/2021\/05\/HALO_3_2021-01-1086x1536.jpg 1086w, https:\/\/pb.edu.pl\/liceum-ogolnoksztalcace\/wp-content\/uploads\/sites\/10\/2021\/05\/HALO_3_2021-01-1448x2048.jpg 1448w, https:\/\/pb.edu.pl\/liceum-ogolnoksztalcace\/wp-content\/uploads\/sites\/10\/2021\/05\/HALO_3_2021-01.jpg 1654w\" sizes=\"auto, (max-width: 212px) 100vw, 212px\" \/><\/div>\n<div class=\"col-xs-12 col-sm-9\"><a class=\"pdf\" title=\"otworzy si\u0119 w nowej karcie\" href=\"https:\/\/pb.edu.pl\/liceum-ogolnoksztalcace\/wp-content\/uploads\/sites\/10\/2021\/05\/HALO_3_2021.pdf\" target=\"_blank\" rel=\"noopener\" data-id=\"6197\">HALO_nr_3_2021 (PDF, 10 MB)<\/a><br \/>\n&nbsp;<br \/>\n<a title=\"otworzy si\u0119 w nowej karcie\" href=\"https:\/\/flipbookpdf.net\/web\/site\/b670c28b5400ac53d3706f6670e342d32405ef43202105.pdf.html\" target=\"_blank\" rel=\"noopener\">FLIPBOOK<\/a><\/div>\n<\/div>\n<div class=\"h3\">HALO nr 2<\/div>\n<div class=\"row\">\n<div class=\"col-xs-12 col-sm-3\"><img loading=\"lazy\" decoding=\"async\" class=\"wp-image-5896 size-medium alignleft\" src=\"https:\/\/pb.edu.pl\/liceum-ogolnoksztalcace\/wp-content\/uploads\/sites\/10\/2021\/04\/HALO_2_2021-01-212x300.jpg\" alt=\"\" width=\"212\" height=\"300\" srcset=\"https:\/\/pb.edu.pl\/liceum-ogolnoksztalcace\/wp-content\/uploads\/sites\/10\/2021\/04\/HALO_2_2021-01-212x300.jpg 212w, https:\/\/pb.edu.pl\/liceum-ogolnoksztalcace\/wp-content\/uploads\/sites\/10\/2021\/04\/HALO_2_2021-01-724x1024.jpg 724w, https:\/\/pb.edu.pl\/liceum-ogolnoksztalcace\/wp-content\/uploads\/sites\/10\/2021\/04\/HALO_2_2021-01-768x1086.jpg 768w, https:\/\/pb.edu.pl\/liceum-ogolnoksztalcace\/wp-content\/uploads\/sites\/10\/2021\/04\/HALO_2_2021-01-1086x1536.jpg 1086w, https:\/\/pb.edu.pl\/liceum-ogolnoksztalcace\/wp-content\/uploads\/sites\/10\/2021\/04\/HALO_2_2021-01-1448x2048.jpg 1448w, https:\/\/pb.edu.pl\/liceum-ogolnoksztalcace\/wp-content\/uploads\/sites\/10\/2021\/04\/HALO_2_2021-01.jpg 1654w\" sizes=\"auto, (max-width: 212px) 100vw, 212px\" \/><\/div>\n<div class=\"col-xs-12 col-sm-9\">\n<p>Kwietniowy numer po\u015bwiecili\u015bmy tematowi poezji. Zdajemy sobie spraw\u0119 z tego, jak cz\u0119sto powoduje ona kontrowersje, szczeg\u00f3lnie w\u015br\u00f3d uczni\u00f3w. Dlatego chcemy wam ten temat przybli\u017cy\u0107 i, je\u017celi si\u0119 to uda, zach\u0119ci\u0107 was do jej poznawania. O tym dlaczego warto czyta\u0107 poezj\u0119 pisze Katarzyna Wilczewska w swoim felietonie otwieraj\u0105cym numer.Temat ten zosta\u0142 wybrany ze wzgl\u0119du na \u015bmier\u0107 Adama Zagajewskiego \u2013 polskiego poety, eseisty i prozaika. Dlatego te\u017c przygotowali\u015bmy specjaln\u0105 sekcj\u0119 jemu po\u015bwi\u0119con\u0105.<\/p>\n<p>Ponadto, b\u0119dziecie mogli te\u017c przeczyta\u0107 artyku\u0142y o wp\u0142ywie poet\u00f3w na pozytywist\u00f3w, poezji japo\u0144skiej z epoki Heian, a tak\u017ce pozna\u0107 tw\u00f3rczo\u015b\u0107 naszych uczni\u00f3w.<\/p>\n<p>Ok\u0142adka tego numeru prezentuje greck\u0105 muz\u0119 \u2013 Euterpe (gr. E\u1f50\u03c4\u03ad\u03c1\u03c0\u03b7 \u2018dobrze si\u0119 ciesz\u0105ca\u2019) \u2013 opiekunk\u0119 poezji lirycznej, kt\u00f3rej atrybutem jest aulos, jeden z najpopularniejszych greckich instrument\u00f3w.<\/p>\n<p>Zapraszamy do lektury i \u017cyczymy ciekawych przyg\u00f3d z poezj\u0105!<\/p>\n<p><a class=\"pdf\" title=\"otworzy si\u0119 w nowej karcie\" href=\"https:\/\/pb.edu.pl\/liceum-ogolnoksztalcace\/wp-content\/uploads\/sites\/10\/2021\/04\/HALO_2_2021.pdf\" target=\"_blank\" rel=\"noopener\" data-id=\"5897\">HALO_nr_2_kwiecien 2021 (PDF, 4 MB)<\/a><\/p>\n<p><a title=\"otworzy si\u0119 w nowej karcie\" href=\"https:\/\/flipbookpdf.net\/web\/site\/f6c5f83b11dcc427889a2bf51a4e96b5f25cca81202105.pdf.html\" target=\"_blank\" rel=\"noopener\">FLIPBOOK<\/a><\/p>\n<\/div>\n<\/div>\n<div class=\"h3\">HALO nr 1 &#8222;Podr\u00f3\u017ce bez wstawania z krzes\u0142a&#8221;<\/div>\n<div class=\"row\">\n<div class=\"col-xs-12 col-sm-3\"><img loading=\"lazy\" decoding=\"async\" class=\"size-medium wp-image-5899 alignleft\" src=\"https:\/\/pb.edu.pl\/liceum-ogolnoksztalcace\/wp-content\/uploads\/sites\/10\/2021\/04\/HALO_1_2021_marzec_Podroze_bez_wstawania_z_krzesla-01-212x300.jpg\" alt=\"\" width=\"212\" height=\"300\" srcset=\"https:\/\/pb.edu.pl\/liceum-ogolnoksztalcace\/wp-content\/uploads\/sites\/10\/2021\/04\/HALO_1_2021_marzec_Podroze_bez_wstawania_z_krzesla-01-212x300.jpg 212w, https:\/\/pb.edu.pl\/liceum-ogolnoksztalcace\/wp-content\/uploads\/sites\/10\/2021\/04\/HALO_1_2021_marzec_Podroze_bez_wstawania_z_krzesla-01-724x1024.jpg 724w, https:\/\/pb.edu.pl\/liceum-ogolnoksztalcace\/wp-content\/uploads\/sites\/10\/2021\/04\/HALO_1_2021_marzec_Podroze_bez_wstawania_z_krzesla-01-768x1086.jpg 768w, https:\/\/pb.edu.pl\/liceum-ogolnoksztalcace\/wp-content\/uploads\/sites\/10\/2021\/04\/HALO_1_2021_marzec_Podroze_bez_wstawania_z_krzesla-01-1086x1536.jpg 1086w, https:\/\/pb.edu.pl\/liceum-ogolnoksztalcace\/wp-content\/uploads\/sites\/10\/2021\/04\/HALO_1_2021_marzec_Podroze_bez_wstawania_z_krzesla-01-1448x2048.jpg 1448w, https:\/\/pb.edu.pl\/liceum-ogolnoksztalcace\/wp-content\/uploads\/sites\/10\/2021\/04\/HALO_1_2021_marzec_Podroze_bez_wstawania_z_krzesla-01.jpg 1654w\" sizes=\"auto, (max-width: 212px) 100vw, 212px\" \/><\/div>\n<div class=\"col-xs-12 col-sm-9\">\n<p>Pomys\u0142 na uruchomienie gazetki szkolnej, lub jak wolimy to nazywa\u0107 magazynu (brzmi powa\u017cniej), pojawi\u0142 si\u0119 ju\u017c na pocz\u0105tku nowej kadencji Samorz\u0105du Uczniowskiego. Niestety pandemia pokrzy\u017cowa\u0142a nasze plany szybkiego jej stworzenia. Na szcz\u0119\u015bcie uda\u0142o nam si\u0119 przezwyci\u0119\u017cy\u0107 wszelkie trudno\u015bci i oto prezentujemy pierwszy w historii numer magazynu HALO.Podr\u00f3\u017ce bez wstawania z krzes\u0142a to temat numeru marcowego. Jako \u017ce nie mo\u017cemy swobodnie i bezpiecznie podr\u00f3\u017cowa\u0107, zapewnimy wam tak\u0105 rozrywk\u0119 w mo\u017cliwie najbezpieczniejszy spos\u00f3b. Poka\u017cemy wam, \u017ce na okres pandemii da si\u0119 spojrze\u0107 pozytywnie i sp\u0119dzi\u0107 go w ciekawy spos\u00f3b. Zabierzemy was te\u017c w podr\u00f3\u017c kosmiczn\u0105 na Marsa z \u0142azikiem, a tak\u017ce przybli\u017cymy wam pewien ciekawy aspekt kultury Japonii. Zajrzymy te\u017c do teatru Wierszalin.<\/p>\n<p>Chcemy, by by\u0142o to miejsce, w kt\u00f3rym ka\u017cdy ucze\u0144 mo\u017ce zaprezentowa\u0107 swoj\u0105 tw\u00f3rczo\u015b\u0107. Zapraszamy osoby pisz\u0105ce, rysuj\u0105ce, m\u0142odych poet\u00f3w i prozaik\u00f3w, a tak\u017ce zainteresowanych wsp\u00f3\u0142prac\u0105 do naszej redakcji. Przyjmiemy was z otwartymi r\u0119kami.<\/p>\n<p>Wi\u0119c nie przed\u0142u\u017caj\u0105c ju\u017c, dzi\u0119kujemy za zainteresowanie si\u0119 naszym projektem i \u017cyczymy mi\u0142ej lektury.<\/p>\n<p><a class=\"pdf\" title=\"otworzy si\u0119 w nowej karcie\" href=\"https:\/\/pb.edu.pl\/liceum-ogolnoksztalcace\/wp-content\/uploads\/sites\/10\/2021\/03\/HALO_1_2021_marzec_Podroze_bez_wstawania_z_krzesla.pdf\" target=\"_blank\" rel=\"noopener\" data-id=\"5711\">HALO_nr 1_marzec 2021 (PDF, 17 MB)<\/a><\/p>\n<p><a title=\"otworzy si\u0119 w nowej karcie\" href=\"https:\/\/www.flipbookpdf.net\/web\/site\/65a2d1e6742a6b04c4a9f1dae6b78399d42a4df9202105.pdf.html\" target=\"_blank\" rel=\"noopener\">FLIPBOOK<\/a><\/p>\n<\/div>\n<\/div>\n","protected":false},"excerpt":{"rendered":"<p>Zach\u0119camy do si\u0119gni\u0119cia po magazyn wydawany przez Uczni\u00f3w ALOPB! HALO nr 6 &#8222;Antyk&#8221; Sz\u00f3sty numer<\/p>\n","protected":false},"author":13,"featured_media":0,"parent":5703,"menu_order":2,"comment_status":"closed","ping_status":"closed","template":"","meta":{"_acf_changed":false,"ngg_post_thumbnail":0,"footnotes":""},"class_list":["post-5701","page","type-page","status-publish","hentry"],"acf":[],"yoast_head":"<!-- This site is optimized with the Yoast SEO plugin v27.0 - https:\/\/yoast.com\/product\/yoast-seo-wordpress\/ -->\n<title>Akademickie Liceum Og\u00f3lnokszta\u0142c\u0105ce Politechniki Bia\u0142ostockiej - Gazetka HALO<\/title>\n<meta name=\"description\" content=\"Zach\u0119camy do si\u0119gni\u0119cia po magazyn wydawany przez Uczni\u00f3w ALOPB! HALO nr 6 &quot;Antyk&quot; Sz\u00f3sty numer magazynu HALO w ca\u0142o\u015bci dotyczy kultury antyku. Autorzy\" \/>\n<meta name=\"robots\" content=\"index, follow, max-snippet:-1, max-image-preview:large, max-video-preview:-1\" \/>\n<link rel=\"canonical\" href=\"https:\/\/pb.edu.pl\/liceum-ogolnoksztalcace\/samorzad-uczniowski\/gazetka-halo\/\" \/>\n<meta name=\"twitter:label1\" content=\"Szacowany czas czytania\" \/>\n\t<meta name=\"twitter:data1\" content=\"4 minuty\" \/>\n<script type=\"application\/ld+json\" class=\"yoast-schema-graph\">{\"@context\":\"https:\/\/schema.org\",\"@graph\":[{\"@type\":\"WebPage\",\"@id\":\"https:\/\/pb.edu.pl\/liceum-ogolnoksztalcace\/samorzad-uczniowski\/gazetka-halo\/\",\"url\":\"https:\/\/pb.edu.pl\/liceum-ogolnoksztalcace\/samorzad-uczniowski\/gazetka-halo\/\",\"name\":\"Akademickie Liceum Og\u00f3lnokszta\u0142c\u0105ce Politechniki Bia\u0142ostockiej - Gazetka HALO\",\"isPartOf\":{\"@id\":\"https:\/\/pb.edu.pl\/liceum-ogolnoksztalcace\/#website\"},\"primaryImageOfPage\":{\"@id\":\"https:\/\/pb.edu.pl\/liceum-ogolnoksztalcace\/samorzad-uczniowski\/gazetka-halo\/#primaryimage\"},\"image\":{\"@id\":\"https:\/\/pb.edu.pl\/liceum-ogolnoksztalcace\/samorzad-uczniowski\/gazetka-halo\/#primaryimage\"},\"thumbnailUrl\":\"https:\/\/pb.edu.pl\/liceum-ogolnoksztalcace\/wp-content\/uploads\/sites\/10\/2022\/02\/okladka_halo_6_2022-212x300.png\",\"datePublished\":\"2021-03-04T13:25:44+00:00\",\"dateModified\":\"2022-02-06T18:49:44+00:00\",\"description\":\"Zach\u0119camy do si\u0119gni\u0119cia po magazyn wydawany przez Uczni\u00f3w ALOPB! HALO nr 6 \\\"Antyk\\\" Sz\u00f3sty numer magazynu HALO w ca\u0142o\u015bci dotyczy kultury antyku. Autorzy\",\"breadcrumb\":{\"@id\":\"https:\/\/pb.edu.pl\/liceum-ogolnoksztalcace\/samorzad-uczniowski\/gazetka-halo\/#breadcrumb\"},\"inLanguage\":\"pl-PL\",\"potentialAction\":[{\"@type\":\"ReadAction\",\"target\":[\"https:\/\/pb.edu.pl\/liceum-ogolnoksztalcace\/samorzad-uczniowski\/gazetka-halo\/\"]}]},{\"@type\":\"ImageObject\",\"inLanguage\":\"pl-PL\",\"@id\":\"https:\/\/pb.edu.pl\/liceum-ogolnoksztalcace\/samorzad-uczniowski\/gazetka-halo\/#primaryimage\",\"url\":\"https:\/\/pb.edu.pl\/liceum-ogolnoksztalcace\/wp-content\/uploads\/sites\/10\/2022\/02\/okladka_halo_6_2022.png\",\"contentUrl\":\"https:\/\/pb.edu.pl\/liceum-ogolnoksztalcace\/wp-content\/uploads\/sites\/10\/2022\/02\/okladka_halo_6_2022.png\",\"width\":2481,\"height\":3508},{\"@type\":\"BreadcrumbList\",\"@id\":\"https:\/\/pb.edu.pl\/liceum-ogolnoksztalcace\/samorzad-uczniowski\/gazetka-halo\/#breadcrumb\",\"itemListElement\":[{\"@type\":\"ListItem\",\"position\":1,\"name\":\"Home\",\"item\":\"https:\/\/pb.edu.pl\/liceum-ogolnoksztalcace\/\"},{\"@type\":\"ListItem\",\"position\":2,\"name\":\"Samorz\u0105d Uczniowski (SU)\",\"item\":\"https:\/\/pb.edu.pl\/liceum-ogolnoksztalcace\/samorzad-uczniowski\/\"},{\"@type\":\"ListItem\",\"position\":3,\"name\":\"Gazetka HALO\"}]},{\"@type\":\"WebSite\",\"@id\":\"https:\/\/pb.edu.pl\/liceum-ogolnoksztalcace\/#website\",\"url\":\"https:\/\/pb.edu.pl\/liceum-ogolnoksztalcace\/\",\"name\":\"Akademickie Liceum Og\u00f3lnokszta\u0142c\u0105ce Politechniki Bia\u0142ostockiej\",\"description\":\"\",\"potentialAction\":[{\"@type\":\"SearchAction\",\"target\":{\"@type\":\"EntryPoint\",\"urlTemplate\":\"https:\/\/pb.edu.pl\/liceum-ogolnoksztalcace\/?s={search_term_string}\"},\"query-input\":{\"@type\":\"PropertyValueSpecification\",\"valueRequired\":true,\"valueName\":\"search_term_string\"}}],\"inLanguage\":\"pl-PL\"}]}<\/script>\n<!-- \/ Yoast SEO plugin. -->","yoast_head_json":{"title":"Akademickie Liceum Og\u00f3lnokszta\u0142c\u0105ce Politechniki Bia\u0142ostockiej - Gazetka HALO","description":"Zach\u0119camy do si\u0119gni\u0119cia po magazyn wydawany przez Uczni\u00f3w ALOPB! HALO nr 6 \"Antyk\" Sz\u00f3sty numer magazynu HALO w ca\u0142o\u015bci dotyczy kultury antyku. Autorzy","robots":{"index":"index","follow":"follow","max-snippet":"max-snippet:-1","max-image-preview":"max-image-preview:large","max-video-preview":"max-video-preview:-1"},"canonical":"https:\/\/pb.edu.pl\/liceum-ogolnoksztalcace\/samorzad-uczniowski\/gazetka-halo\/","twitter_misc":{"Szacowany czas czytania":"4 minuty"},"schema":{"@context":"https:\/\/schema.org","@graph":[{"@type":"WebPage","@id":"https:\/\/pb.edu.pl\/liceum-ogolnoksztalcace\/samorzad-uczniowski\/gazetka-halo\/","url":"https:\/\/pb.edu.pl\/liceum-ogolnoksztalcace\/samorzad-uczniowski\/gazetka-halo\/","name":"Akademickie Liceum Og\u00f3lnokszta\u0142c\u0105ce Politechniki Bia\u0142ostockiej - Gazetka HALO","isPartOf":{"@id":"https:\/\/pb.edu.pl\/liceum-ogolnoksztalcace\/#website"},"primaryImageOfPage":{"@id":"https:\/\/pb.edu.pl\/liceum-ogolnoksztalcace\/samorzad-uczniowski\/gazetka-halo\/#primaryimage"},"image":{"@id":"https:\/\/pb.edu.pl\/liceum-ogolnoksztalcace\/samorzad-uczniowski\/gazetka-halo\/#primaryimage"},"thumbnailUrl":"https:\/\/pb.edu.pl\/liceum-ogolnoksztalcace\/wp-content\/uploads\/sites\/10\/2022\/02\/okladka_halo_6_2022-212x300.png","datePublished":"2021-03-04T13:25:44+00:00","dateModified":"2022-02-06T18:49:44+00:00","description":"Zach\u0119camy do si\u0119gni\u0119cia po magazyn wydawany przez Uczni\u00f3w ALOPB! HALO nr 6 \"Antyk\" Sz\u00f3sty numer magazynu HALO w ca\u0142o\u015bci dotyczy kultury antyku. Autorzy","breadcrumb":{"@id":"https:\/\/pb.edu.pl\/liceum-ogolnoksztalcace\/samorzad-uczniowski\/gazetka-halo\/#breadcrumb"},"inLanguage":"pl-PL","potentialAction":[{"@type":"ReadAction","target":["https:\/\/pb.edu.pl\/liceum-ogolnoksztalcace\/samorzad-uczniowski\/gazetka-halo\/"]}]},{"@type":"ImageObject","inLanguage":"pl-PL","@id":"https:\/\/pb.edu.pl\/liceum-ogolnoksztalcace\/samorzad-uczniowski\/gazetka-halo\/#primaryimage","url":"https:\/\/pb.edu.pl\/liceum-ogolnoksztalcace\/wp-content\/uploads\/sites\/10\/2022\/02\/okladka_halo_6_2022.png","contentUrl":"https:\/\/pb.edu.pl\/liceum-ogolnoksztalcace\/wp-content\/uploads\/sites\/10\/2022\/02\/okladka_halo_6_2022.png","width":2481,"height":3508},{"@type":"BreadcrumbList","@id":"https:\/\/pb.edu.pl\/liceum-ogolnoksztalcace\/samorzad-uczniowski\/gazetka-halo\/#breadcrumb","itemListElement":[{"@type":"ListItem","position":1,"name":"Home","item":"https:\/\/pb.edu.pl\/liceum-ogolnoksztalcace\/"},{"@type":"ListItem","position":2,"name":"Samorz\u0105d Uczniowski (SU)","item":"https:\/\/pb.edu.pl\/liceum-ogolnoksztalcace\/samorzad-uczniowski\/"},{"@type":"ListItem","position":3,"name":"Gazetka HALO"}]},{"@type":"WebSite","@id":"https:\/\/pb.edu.pl\/liceum-ogolnoksztalcace\/#website","url":"https:\/\/pb.edu.pl\/liceum-ogolnoksztalcace\/","name":"Akademickie Liceum Og\u00f3lnokszta\u0142c\u0105ce Politechniki Bia\u0142ostockiej","description":"","potentialAction":[{"@type":"SearchAction","target":{"@type":"EntryPoint","urlTemplate":"https:\/\/pb.edu.pl\/liceum-ogolnoksztalcace\/?s={search_term_string}"},"query-input":{"@type":"PropertyValueSpecification","valueRequired":true,"valueName":"search_term_string"}}],"inLanguage":"pl-PL"}]}},"_links":{"self":[{"href":"https:\/\/pb.edu.pl\/liceum-ogolnoksztalcace\/wp-json\/wp\/v2\/pages\/5701","targetHints":{"allow":["GET"]}}],"collection":[{"href":"https:\/\/pb.edu.pl\/liceum-ogolnoksztalcace\/wp-json\/wp\/v2\/pages"}],"about":[{"href":"https:\/\/pb.edu.pl\/liceum-ogolnoksztalcace\/wp-json\/wp\/v2\/types\/page"}],"author":[{"embeddable":true,"href":"https:\/\/pb.edu.pl\/liceum-ogolnoksztalcace\/wp-json\/wp\/v2\/users\/13"}],"replies":[{"embeddable":true,"href":"https:\/\/pb.edu.pl\/liceum-ogolnoksztalcace\/wp-json\/wp\/v2\/comments?post=5701"}],"version-history":[{"count":0,"href":"https:\/\/pb.edu.pl\/liceum-ogolnoksztalcace\/wp-json\/wp\/v2\/pages\/5701\/revisions"}],"up":[{"embeddable":true,"href":"https:\/\/pb.edu.pl\/liceum-ogolnoksztalcace\/wp-json\/wp\/v2\/pages\/5703"}],"wp:attachment":[{"href":"https:\/\/pb.edu.pl\/liceum-ogolnoksztalcace\/wp-json\/wp\/v2\/media?parent=5701"}],"curies":[{"name":"wp","href":"https:\/\/api.w.org\/{rel}","templated":true}]}}