{"id":5046,"date":"2020-09-04T13:55:35","date_gmt":"2020-09-04T11:55:35","guid":{"rendered":"https:\/\/pb.edu.pl\/liceum-ogolnoksztalcace\/?page_id=5046"},"modified":"2024-03-01T10:41:13","modified_gmt":"2024-03-01T09:41:13","slug":"deklaracje","status":"publish","type":"page","link":"https:\/\/pb.edu.pl\/liceum-ogolnoksztalcace\/matura\/deklaracje\/","title":{"rendered":"Deklaracje maturalne 2024"},"content":{"rendered":"<p>Prosimy o uwa\u017cne zapoznanie si\u0119 z zamieszczonymi poni\u017cej informacjami. Dotycz\u0105 one uczni\u00f3w, kt\u00f3rzy w roku szkolnym <strong>2023\/2024<\/strong>&nbsp;uko\u0144cz\u0105 szko\u0142\u0119 i przyst\u0105pi\u0105 do egzaminu maturalnego.<\/p>\n<p>&nbsp;<\/p>\n<ul>\n<li>Druk deklaracji maturalnych dla uczni\u00f3w ALOPB mo\u017cna pobra\u0107 tutaj: <a href=\"https:\/\/pb.edu.pl\/liceum-ogolnoksztalcace\/wp-content\/uploads\/sites\/10\/2024\/03\/oke_waw_5188EM-2024-Zalacznik-1a-Deklaracja-A-p2.pdf-1.pdf\">oke_waw_5188EM-2024-Zalacznik-1a-Deklaracja-A-p2.pdf-1<\/a><\/li>\n<li>Przed wype\u0142nieniem deklaracji zapoznaj si\u0119 z instrukcj\u0105 wype\u0142niania deklaracji, kt\u00f3ra znajduje si\u0119 na pierwszej stronie dokumentu.<\/li>\n<li>Wype\u0142nion\u0105 deklaracj\u0119 nale\u017cy przekaza\u0107 wychowawcy klasy.<\/li>\n<\/ul>\n<p>SZCZEG\u00d3\u0141OWE INFORMACJE O EGZAMINIE MATURALNYM ZNAJDUJ\u0104 SI\u0118 W KOMUNIKATACH I INFORMACJACH DOST\u0118PNYCH NA STRONACH:<\/p>\n<p><a href=\"https:\/\/cke.gov.pl\/egzamin-maturalny\/egzamin-maturalny-w-formule-2023\/harmonogram-komunikaty-i-informacje\/\">Centralnej Komisji Egzaminacyjnej (CKE)<\/a>.<\/p>\n","protected":false},"excerpt":{"rendered":"<p>Prosimy o uwa\u017cne zapoznanie si\u0119 z zamieszczonymi poni\u017cej informacjami. Dotycz\u0105 one uczni\u00f3w, kt\u00f3rzy w roku<\/p>\n","protected":false},"author":13,"featured_media":0,"parent":1552,"menu_order":1,"comment_status":"closed","ping_status":"closed","template":"","meta":{"_acf_changed":false,"ngg_post_thumbnail":0,"footnotes":""},"class_list":["post-5046","page","type-page","status-publish","hentry"],"acf":[],"yoast_head":"<!-- This site is optimized with the Yoast SEO plugin v27.0 - https:\/\/yoast.com\/product\/yoast-seo-wordpress\/ -->\n<title>Akademickie Liceum Og\u00f3lnokszta\u0142c\u0105ce Politechniki Bia\u0142ostockiej - Deklaracje maturalne 2024<\/title>\n<meta name=\"description\" content=\"Prosimy o uwa\u017cne zapoznanie si\u0119 z zamieszczonymi poni\u017cej informacjami. Dotycz\u0105 one uczni\u00f3w, kt\u00f3rzy w roku szkolnym 2023\/2024&nbsp;uko\u0144cz\u0105 szko\u0142\u0119 i\" \/>\n<meta name=\"robots\" content=\"index, follow, max-snippet:-1, max-image-preview:large, max-video-preview:-1\" \/>\n<link rel=\"canonical\" href=\"https:\/\/pb.edu.pl\/liceum-ogolnoksztalcace\/matura\/deklaracje\/\" \/>\n<meta name=\"twitter:label1\" content=\"Szacowany czas czytania\" \/>\n\t<meta name=\"twitter:data1\" content=\"1 minuta\" \/>\n<script type=\"application\/ld+json\" class=\"yoast-schema-graph\">{\"@context\":\"https:\/\/schema.org\",\"@graph\":[{\"@type\":\"WebPage\",\"@id\":\"https:\/\/pb.edu.pl\/liceum-ogolnoksztalcace\/matura\/deklaracje\/\",\"url\":\"https:\/\/pb.edu.pl\/liceum-ogolnoksztalcace\/matura\/deklaracje\/\",\"name\":\"Akademickie Liceum Og\u00f3lnokszta\u0142c\u0105ce Politechniki Bia\u0142ostockiej - Deklaracje maturalne 2024\",\"isPartOf\":{\"@id\":\"https:\/\/pb.edu.pl\/liceum-ogolnoksztalcace\/#website\"},\"datePublished\":\"2020-09-04T11:55:35+00:00\",\"dateModified\":\"2024-03-01T09:41:13+00:00\",\"description\":\"Prosimy o uwa\u017cne zapoznanie si\u0119 z zamieszczonymi poni\u017cej informacjami. Dotycz\u0105 one uczni\u00f3w, kt\u00f3rzy w roku szkolnym 2023\/2024&nbsp;uko\u0144cz\u0105 szko\u0142\u0119 i\",\"breadcrumb\":{\"@id\":\"https:\/\/pb.edu.pl\/liceum-ogolnoksztalcace\/matura\/deklaracje\/#breadcrumb\"},\"inLanguage\":\"pl-PL\",\"potentialAction\":[{\"@type\":\"ReadAction\",\"target\":[\"https:\/\/pb.edu.pl\/liceum-ogolnoksztalcace\/matura\/deklaracje\/\"]}]},{\"@type\":\"BreadcrumbList\",\"@id\":\"https:\/\/pb.edu.pl\/liceum-ogolnoksztalcace\/matura\/deklaracje\/#breadcrumb\",\"itemListElement\":[{\"@type\":\"ListItem\",\"position\":1,\"name\":\"Home\",\"item\":\"https:\/\/pb.edu.pl\/liceum-ogolnoksztalcace\/\"},{\"@type\":\"ListItem\",\"position\":2,\"name\":\"Matura\",\"item\":\"https:\/\/pb.edu.pl\/liceum-ogolnoksztalcace\/matura\/\"},{\"@type\":\"ListItem\",\"position\":3,\"name\":\"Deklaracje maturalne 2024\"}]},{\"@type\":\"WebSite\",\"@id\":\"https:\/\/pb.edu.pl\/liceum-ogolnoksztalcace\/#website\",\"url\":\"https:\/\/pb.edu.pl\/liceum-ogolnoksztalcace\/\",\"name\":\"Akademickie Liceum Og\u00f3lnokszta\u0142c\u0105ce Politechniki Bia\u0142ostockiej\",\"description\":\"\",\"potentialAction\":[{\"@type\":\"SearchAction\",\"target\":{\"@type\":\"EntryPoint\",\"urlTemplate\":\"https:\/\/pb.edu.pl\/liceum-ogolnoksztalcace\/?s={search_term_string}\"},\"query-input\":{\"@type\":\"PropertyValueSpecification\",\"valueRequired\":true,\"valueName\":\"search_term_string\"}}],\"inLanguage\":\"pl-PL\"}]}<\/script>\n<!-- \/ Yoast SEO plugin. -->","yoast_head_json":{"title":"Akademickie Liceum Og\u00f3lnokszta\u0142c\u0105ce Politechniki Bia\u0142ostockiej - Deklaracje maturalne 2024","description":"Prosimy o uwa\u017cne zapoznanie si\u0119 z zamieszczonymi poni\u017cej informacjami. Dotycz\u0105 one uczni\u00f3w, kt\u00f3rzy w roku szkolnym 2023\/2024&nbsp;uko\u0144cz\u0105 szko\u0142\u0119 i","robots":{"index":"index","follow":"follow","max-snippet":"max-snippet:-1","max-image-preview":"max-image-preview:large","max-video-preview":"max-video-preview:-1"},"canonical":"https:\/\/pb.edu.pl\/liceum-ogolnoksztalcace\/matura\/deklaracje\/","twitter_misc":{"Szacowany czas czytania":"1 minuta"},"schema":{"@context":"https:\/\/schema.org","@graph":[{"@type":"WebPage","@id":"https:\/\/pb.edu.pl\/liceum-ogolnoksztalcace\/matura\/deklaracje\/","url":"https:\/\/pb.edu.pl\/liceum-ogolnoksztalcace\/matura\/deklaracje\/","name":"Akademickie Liceum Og\u00f3lnokszta\u0142c\u0105ce Politechniki Bia\u0142ostockiej - Deklaracje maturalne 2024","isPartOf":{"@id":"https:\/\/pb.edu.pl\/liceum-ogolnoksztalcace\/#website"},"datePublished":"2020-09-04T11:55:35+00:00","dateModified":"2024-03-01T09:41:13+00:00","description":"Prosimy o uwa\u017cne zapoznanie si\u0119 z zamieszczonymi poni\u017cej informacjami. Dotycz\u0105 one uczni\u00f3w, kt\u00f3rzy w roku szkolnym 2023\/2024&nbsp;uko\u0144cz\u0105 szko\u0142\u0119 i","breadcrumb":{"@id":"https:\/\/pb.edu.pl\/liceum-ogolnoksztalcace\/matura\/deklaracje\/#breadcrumb"},"inLanguage":"pl-PL","potentialAction":[{"@type":"ReadAction","target":["https:\/\/pb.edu.pl\/liceum-ogolnoksztalcace\/matura\/deklaracje\/"]}]},{"@type":"BreadcrumbList","@id":"https:\/\/pb.edu.pl\/liceum-ogolnoksztalcace\/matura\/deklaracje\/#breadcrumb","itemListElement":[{"@type":"ListItem","position":1,"name":"Home","item":"https:\/\/pb.edu.pl\/liceum-ogolnoksztalcace\/"},{"@type":"ListItem","position":2,"name":"Matura","item":"https:\/\/pb.edu.pl\/liceum-ogolnoksztalcace\/matura\/"},{"@type":"ListItem","position":3,"name":"Deklaracje maturalne 2024"}]},{"@type":"WebSite","@id":"https:\/\/pb.edu.pl\/liceum-ogolnoksztalcace\/#website","url":"https:\/\/pb.edu.pl\/liceum-ogolnoksztalcace\/","name":"Akademickie Liceum Og\u00f3lnokszta\u0142c\u0105ce Politechniki Bia\u0142ostockiej","description":"","potentialAction":[{"@type":"SearchAction","target":{"@type":"EntryPoint","urlTemplate":"https:\/\/pb.edu.pl\/liceum-ogolnoksztalcace\/?s={search_term_string}"},"query-input":{"@type":"PropertyValueSpecification","valueRequired":true,"valueName":"search_term_string"}}],"inLanguage":"pl-PL"}]}},"_links":{"self":[{"href":"https:\/\/pb.edu.pl\/liceum-ogolnoksztalcace\/wp-json\/wp\/v2\/pages\/5046","targetHints":{"allow":["GET"]}}],"collection":[{"href":"https:\/\/pb.edu.pl\/liceum-ogolnoksztalcace\/wp-json\/wp\/v2\/pages"}],"about":[{"href":"https:\/\/pb.edu.pl\/liceum-ogolnoksztalcace\/wp-json\/wp\/v2\/types\/page"}],"author":[{"embeddable":true,"href":"https:\/\/pb.edu.pl\/liceum-ogolnoksztalcace\/wp-json\/wp\/v2\/users\/13"}],"replies":[{"embeddable":true,"href":"https:\/\/pb.edu.pl\/liceum-ogolnoksztalcace\/wp-json\/wp\/v2\/comments?post=5046"}],"version-history":[{"count":0,"href":"https:\/\/pb.edu.pl\/liceum-ogolnoksztalcace\/wp-json\/wp\/v2\/pages\/5046\/revisions"}],"up":[{"embeddable":true,"href":"https:\/\/pb.edu.pl\/liceum-ogolnoksztalcace\/wp-json\/wp\/v2\/pages\/1552"}],"wp:attachment":[{"href":"https:\/\/pb.edu.pl\/liceum-ogolnoksztalcace\/wp-json\/wp\/v2\/media?parent=5046"}],"curies":[{"name":"wp","href":"https:\/\/api.w.org\/{rel}","templated":true}]}}