{"id":50,"date":"2017-11-13T22:28:28","date_gmt":"2017-11-13T21:28:28","guid":{"rendered":"https:\/\/pb.edu.pl\/liceum-ogolnoksztalcace\/?page_id=50"},"modified":"2025-09-16T12:02:02","modified_gmt":"2025-09-16T10:02:02","slug":"dokumenty-szkoly","status":"publish","type":"page","link":"https:\/\/pb.edu.pl\/liceum-ogolnoksztalcace\/o-szkole\/dokumenty-szkoly\/","title":{"rendered":"Dokumenty szko\u0142y"},"content":{"rendered":"<p><a href=\"https:\/\/pb.edu.pl\/liceum-ogolnoksztalcace\/wp-content\/uploads\/sites\/10\/2025\/07\/Statut-ALO-PB-tekst-jednolity-z-dnia-30.03.2023.pdf\">Statut ALO PB tekst jednolity z dnia 30.03.2023<\/a><\/p>\n<p><a href=\"https:\/\/pb.edu.pl\/liceum-ogolnoksztalcace\/wp-content\/uploads\/sites\/10\/2024\/09\/Standardy-Ochrony-Uczniow-ALO-PB.pdf\">Standardy Ochrony Uczni\u00f3w ALO PB<\/a><\/p>\n<p><a href=\"https:\/\/pb.edu.pl\/liceum-ogolnoksztalcace\/wp-content\/uploads\/sites\/10\/2025\/09\/Regulamin-usprawiedliwien-od-25-26.docx\">Regulamin usprawiedliwie\u0144 od 25-26<\/a><\/p>\n<p><a class=\"pdf\" title=\"otworzy si\u0119 w nowej karcie\" href=\"https:\/\/pb.edu.pl\/liceum-ogolnoksztalcace\/wp-content\/uploads\/sites\/10\/2020\/08\/2020.08.28-Procedury-funkcjonowania-ALOPB-w-czasie-epidemii.pdf\" target=\"_blank\" rel=\"noopener noreferrer\" data-id=\"5005\">Procedury funkcjonowania ALO PB w czasie epidemii (PDF, wersja dost\u0119pna cyfrowo, 238 KB)<\/a><\/p>\n<p><a class=\"pdf\" title=\"otworzy si\u0119 w nowej karcie\" href=\"https:\/\/pb.edu.pl\/liceum-ogolnoksztalcace\/wp-content\/uploads\/sites\/10\/2020\/08\/2020.08.28-Procedury-bezpiecze\u0144stwa-na-zaj\u0119ciach-lekcjach-wychowania-fizycznego.pdf\" target=\"_blank\" rel=\"noopener noreferrer\" data-id=\"5004\">Procedury bezpiecze\u0144stwa na zaj\u0119ciach lekcjach wychowania fizycznego (PDF, wersja dost\u0119pna cyfrowo, 418 KB)<\/a><\/p>\n","protected":false},"excerpt":{"rendered":"<p>Statut ALO PB tekst jednolity z dnia 30.03.2023 Standardy Ochrony Uczni\u00f3w ALO PB Regulamin usprawiedliwie\u0144<\/p>\n","protected":false},"author":2,"featured_media":0,"parent":18,"menu_order":7,"comment_status":"closed","ping_status":"closed","template":"","meta":{"_acf_changed":false,"ngg_post_thumbnail":0,"footnotes":""},"class_list":["post-50","page","type-page","status-publish","hentry"],"acf":[],"yoast_head":"<!-- This site is optimized with the Yoast SEO plugin v27.0 - https:\/\/yoast.com\/product\/yoast-seo-wordpress\/ -->\n<title>Akademickie Liceum Og\u00f3lnokszta\u0142c\u0105ce Politechniki Bia\u0142ostockiej - Dokumenty szko\u0142y<\/title>\n<meta name=\"description\" content=\"Statut ALO PB tekst jednolity z dnia 30.03.2023 Standardy Ochrony Uczni\u00f3w ALO PB Regulamin usprawiedliwie\u0144 od 25-26 Procedury funkcjonowania ALO PB w\" \/>\n<meta name=\"robots\" content=\"index, follow, max-snippet:-1, max-image-preview:large, max-video-preview:-1\" \/>\n<link rel=\"canonical\" href=\"https:\/\/pb.edu.pl\/liceum-ogolnoksztalcace\/o-szkole\/dokumenty-szkoly\/\" \/>\n<meta name=\"twitter:label1\" content=\"Szacowany czas czytania\" \/>\n\t<meta name=\"twitter:data1\" content=\"1 minuta\" \/>\n<script type=\"application\/ld+json\" class=\"yoast-schema-graph\">{\"@context\":\"https:\/\/schema.org\",\"@graph\":[{\"@type\":\"WebPage\",\"@id\":\"https:\/\/pb.edu.pl\/liceum-ogolnoksztalcace\/o-szkole\/dokumenty-szkoly\/\",\"url\":\"https:\/\/pb.edu.pl\/liceum-ogolnoksztalcace\/o-szkole\/dokumenty-szkoly\/\",\"name\":\"Akademickie Liceum Og\u00f3lnokszta\u0142c\u0105ce Politechniki Bia\u0142ostockiej - Dokumenty szko\u0142y\",\"isPartOf\":{\"@id\":\"https:\/\/pb.edu.pl\/liceum-ogolnoksztalcace\/#website\"},\"datePublished\":\"2017-11-13T21:28:28+00:00\",\"dateModified\":\"2025-09-16T10:02:02+00:00\",\"description\":\"Statut ALO PB tekst jednolity z dnia 30.03.2023 Standardy Ochrony Uczni\u00f3w ALO PB Regulamin usprawiedliwie\u0144 od 25-26 Procedury funkcjonowania ALO PB w\",\"breadcrumb\":{\"@id\":\"https:\/\/pb.edu.pl\/liceum-ogolnoksztalcace\/o-szkole\/dokumenty-szkoly\/#breadcrumb\"},\"inLanguage\":\"pl-PL\",\"potentialAction\":[{\"@type\":\"ReadAction\",\"target\":[\"https:\/\/pb.edu.pl\/liceum-ogolnoksztalcace\/o-szkole\/dokumenty-szkoly\/\"]}]},{\"@type\":\"BreadcrumbList\",\"@id\":\"https:\/\/pb.edu.pl\/liceum-ogolnoksztalcace\/o-szkole\/dokumenty-szkoly\/#breadcrumb\",\"itemListElement\":[{\"@type\":\"ListItem\",\"position\":1,\"name\":\"Home\",\"item\":\"https:\/\/pb.edu.pl\/liceum-ogolnoksztalcace\/\"},{\"@type\":\"ListItem\",\"position\":2,\"name\":\"Szko\u0142a\",\"item\":\"https:\/\/pb.edu.pl\/liceum-ogolnoksztalcace\/o-szkole\/\"},{\"@type\":\"ListItem\",\"position\":3,\"name\":\"Dokumenty szko\u0142y\"}]},{\"@type\":\"WebSite\",\"@id\":\"https:\/\/pb.edu.pl\/liceum-ogolnoksztalcace\/#website\",\"url\":\"https:\/\/pb.edu.pl\/liceum-ogolnoksztalcace\/\",\"name\":\"Akademickie Liceum Og\u00f3lnokszta\u0142c\u0105ce Politechniki Bia\u0142ostockiej\",\"description\":\"\",\"potentialAction\":[{\"@type\":\"SearchAction\",\"target\":{\"@type\":\"EntryPoint\",\"urlTemplate\":\"https:\/\/pb.edu.pl\/liceum-ogolnoksztalcace\/?s={search_term_string}\"},\"query-input\":{\"@type\":\"PropertyValueSpecification\",\"valueRequired\":true,\"valueName\":\"search_term_string\"}}],\"inLanguage\":\"pl-PL\"}]}<\/script>\n<!-- \/ Yoast SEO plugin. -->","yoast_head_json":{"title":"Akademickie Liceum Og\u00f3lnokszta\u0142c\u0105ce Politechniki Bia\u0142ostockiej - Dokumenty szko\u0142y","description":"Statut ALO PB tekst jednolity z dnia 30.03.2023 Standardy Ochrony Uczni\u00f3w ALO PB Regulamin usprawiedliwie\u0144 od 25-26 Procedury funkcjonowania ALO PB w","robots":{"index":"index","follow":"follow","max-snippet":"max-snippet:-1","max-image-preview":"max-image-preview:large","max-video-preview":"max-video-preview:-1"},"canonical":"https:\/\/pb.edu.pl\/liceum-ogolnoksztalcace\/o-szkole\/dokumenty-szkoly\/","twitter_misc":{"Szacowany czas czytania":"1 minuta"},"schema":{"@context":"https:\/\/schema.org","@graph":[{"@type":"WebPage","@id":"https:\/\/pb.edu.pl\/liceum-ogolnoksztalcace\/o-szkole\/dokumenty-szkoly\/","url":"https:\/\/pb.edu.pl\/liceum-ogolnoksztalcace\/o-szkole\/dokumenty-szkoly\/","name":"Akademickie Liceum Og\u00f3lnokszta\u0142c\u0105ce Politechniki Bia\u0142ostockiej - Dokumenty szko\u0142y","isPartOf":{"@id":"https:\/\/pb.edu.pl\/liceum-ogolnoksztalcace\/#website"},"datePublished":"2017-11-13T21:28:28+00:00","dateModified":"2025-09-16T10:02:02+00:00","description":"Statut ALO PB tekst jednolity z dnia 30.03.2023 Standardy Ochrony Uczni\u00f3w ALO PB Regulamin usprawiedliwie\u0144 od 25-26 Procedury funkcjonowania ALO PB w","breadcrumb":{"@id":"https:\/\/pb.edu.pl\/liceum-ogolnoksztalcace\/o-szkole\/dokumenty-szkoly\/#breadcrumb"},"inLanguage":"pl-PL","potentialAction":[{"@type":"ReadAction","target":["https:\/\/pb.edu.pl\/liceum-ogolnoksztalcace\/o-szkole\/dokumenty-szkoly\/"]}]},{"@type":"BreadcrumbList","@id":"https:\/\/pb.edu.pl\/liceum-ogolnoksztalcace\/o-szkole\/dokumenty-szkoly\/#breadcrumb","itemListElement":[{"@type":"ListItem","position":1,"name":"Home","item":"https:\/\/pb.edu.pl\/liceum-ogolnoksztalcace\/"},{"@type":"ListItem","position":2,"name":"Szko\u0142a","item":"https:\/\/pb.edu.pl\/liceum-ogolnoksztalcace\/o-szkole\/"},{"@type":"ListItem","position":3,"name":"Dokumenty szko\u0142y"}]},{"@type":"WebSite","@id":"https:\/\/pb.edu.pl\/liceum-ogolnoksztalcace\/#website","url":"https:\/\/pb.edu.pl\/liceum-ogolnoksztalcace\/","name":"Akademickie Liceum Og\u00f3lnokszta\u0142c\u0105ce Politechniki Bia\u0142ostockiej","description":"","potentialAction":[{"@type":"SearchAction","target":{"@type":"EntryPoint","urlTemplate":"https:\/\/pb.edu.pl\/liceum-ogolnoksztalcace\/?s={search_term_string}"},"query-input":{"@type":"PropertyValueSpecification","valueRequired":true,"valueName":"search_term_string"}}],"inLanguage":"pl-PL"}]}},"_links":{"self":[{"href":"https:\/\/pb.edu.pl\/liceum-ogolnoksztalcace\/wp-json\/wp\/v2\/pages\/50","targetHints":{"allow":["GET"]}}],"collection":[{"href":"https:\/\/pb.edu.pl\/liceum-ogolnoksztalcace\/wp-json\/wp\/v2\/pages"}],"about":[{"href":"https:\/\/pb.edu.pl\/liceum-ogolnoksztalcace\/wp-json\/wp\/v2\/types\/page"}],"author":[{"embeddable":true,"href":"https:\/\/pb.edu.pl\/liceum-ogolnoksztalcace\/wp-json\/wp\/v2\/users\/2"}],"replies":[{"embeddable":true,"href":"https:\/\/pb.edu.pl\/liceum-ogolnoksztalcace\/wp-json\/wp\/v2\/comments?post=50"}],"version-history":[{"count":0,"href":"https:\/\/pb.edu.pl\/liceum-ogolnoksztalcace\/wp-json\/wp\/v2\/pages\/50\/revisions"}],"up":[{"embeddable":true,"href":"https:\/\/pb.edu.pl\/liceum-ogolnoksztalcace\/wp-json\/wp\/v2\/pages\/18"}],"wp:attachment":[{"href":"https:\/\/pb.edu.pl\/liceum-ogolnoksztalcace\/wp-json\/wp\/v2\/media?parent=50"}],"curies":[{"name":"wp","href":"https:\/\/api.w.org\/{rel}","templated":true}]}}