{"id":48,"date":"2017-11-13T22:27:01","date_gmt":"2017-11-13T21:27:01","guid":{"rendered":"https:\/\/pb.edu.pl\/liceum-ogolnoksztalcace\/?page_id=48"},"modified":"2020-09-02T12:04:31","modified_gmt":"2020-09-02T10:04:31","slug":"hymn-szkoly","status":"publish","type":"page","link":"https:\/\/pb.edu.pl\/liceum-ogolnoksztalcace\/o-szkole\/hymn-szkoly\/","title":{"rendered":"Hymn szko\u0142y"},"content":{"rendered":"<p>HYMN AKADEMICKIEGO LICEUM OG\u00d3LNOKSZTA\u0141C\u0104CEGO POLITECHNIKI BIA\u0141OSTOCKIEJ<br \/>\nna podstawie wiersza Adama Asnyka: &#8222;Miejcie nadziej\u0119&#8221;,<br \/>\nna melodi\u0119 Z. Preisnera.<\/p>\n<p><em>Miejcie nadziej\u0119!&#8230; Nie t\u0119 lich\u0105, marn\u0105<br \/>\nCo rdze\u0144 spr\u00f3chnia\u0142y w w\u0105t\u0142y kwiat ubiera,<br \/>\nLecz t\u0119 niez\u0142omn\u0105, kt\u00f3ra tkwi jak ziarno<br \/>\nPrzysz\u0142ych po\u015bwi\u0119ce\u0144 w duszy bohatera.<\/p>\n<p>Ka\u017cdy z nas b\u0119dzie bohaterem \u017cycia,<br \/>\ngdy w \u015bwiat p\u00f3jdziemy umocnieni w walce<br \/>\nze sw\u0105 s\u0142abo\u015bci\u0105 i bezsensem bycia,<br \/>\ngdy rozpacz grodzi od rado\u015bci sza\u0144cem.<\/p>\n<p>Lekarstwem na rozdarcie ka\u017cdej m\u0142odej duszy<br \/>\njest ta spo\u0142eczno\u015b\u0107 naszej ma\u0142ej szko\u0142y,<br \/>\n\/gdy nowy etap rok kolejny ruszy<br \/>\np\u00f3jdziemy razem w te trudy i mozo\u0142y. \/x2<\/p>\n<p>Codzienny trud, wysi\u0142ek tu wk\u0142adamy,<br \/>\nby sami sobie nie sprawi\u0107 zawodu.<br \/>\n\/Pracowa\u0107 pilnie obowi\u0105zek mamy,<br \/>\nby sta\u0107 si\u0119 godn\u0105 przysz\u0142o\u015bci\u0105 narodu.\/x2<\/p>\n<p>I nie przesta\u0144my czci\u0107 warto\u015bci swoje<br \/>\nI przechowywa\u0107 idea\u0142\u00f3w czysto\u015b\u0107 .<br \/>\n\/Do nas nale\u017cy da\u0107 im moc i zbroj\u0119,<br \/>\nBy z kraju marze\u0144 przesz\u0142y w rzeczywisto\u015b\u0107.\/x2<\/p>\n<p>Miejcie nadziej\u0119!&#8230; Nie t\u0119 lich\u0105, marn\u0105<br \/>\nCo rdze\u0144 spr\u00f3chnia\u0142y w w\u0105t\u0142y kwiat ubiera,<br \/>\n\/Lecz t\u0119 niez\u0142omn\u0105, kt\u00f3ra tkwi jak ziarno<br \/>\nPrzysz\u0142ych po\u015bwi\u0119ce\u0144 w duszy bohatera.\/x2<\/em><\/p>\n","protected":false},"excerpt":{"rendered":"<p>HYMN AKADEMICKIEGO LICEUM OG\u00d3LNOKSZTA\u0141C\u0104CEGO POLITECHNIKI BIA\u0141OSTOCKIEJ na podstawie wiersza Adama Asnyka: &#8222;Miejcie nadziej\u0119&#8221;, na melodi\u0119<\/p>\n","protected":false},"author":2,"featured_media":0,"parent":18,"menu_order":6,"comment_status":"closed","ping_status":"closed","template":"","meta":{"_acf_changed":false,"ngg_post_thumbnail":0,"footnotes":""},"class_list":["post-48","page","type-page","status-publish","hentry"],"acf":[],"yoast_head":"<!-- This site is optimized with the Yoast SEO plugin v27.0 - https:\/\/yoast.com\/product\/yoast-seo-wordpress\/ -->\n<title>Akademickie Liceum Og\u00f3lnokszta\u0142c\u0105ce Politechniki Bia\u0142ostockiej - Hymn szko\u0142y<\/title>\n<meta name=\"description\" content=\"HYMN AKADEMICKIEGO LICEUM OG\u00d3LNOKSZTA\u0141C\u0104CEGO POLITECHNIKI BIA\u0141OSTOCKIEJ na podstawie wiersza Adama Asnyka: &quot;Miejcie nadziej\u0119&quot;, na melodi\u0119 Z. Preisnera.\" \/>\n<meta name=\"robots\" content=\"index, follow, max-snippet:-1, max-image-preview:large, max-video-preview:-1\" \/>\n<link rel=\"canonical\" href=\"https:\/\/pb.edu.pl\/liceum-ogolnoksztalcace\/o-szkole\/hymn-szkoly\/\" \/>\n<meta name=\"twitter:label1\" content=\"Szacowany czas czytania\" \/>\n\t<meta name=\"twitter:data1\" content=\"1 minuta\" \/>\n<script type=\"application\/ld+json\" class=\"yoast-schema-graph\">{\"@context\":\"https:\/\/schema.org\",\"@graph\":[{\"@type\":\"WebPage\",\"@id\":\"https:\/\/pb.edu.pl\/liceum-ogolnoksztalcace\/o-szkole\/hymn-szkoly\/\",\"url\":\"https:\/\/pb.edu.pl\/liceum-ogolnoksztalcace\/o-szkole\/hymn-szkoly\/\",\"name\":\"Akademickie Liceum Og\u00f3lnokszta\u0142c\u0105ce Politechniki Bia\u0142ostockiej - Hymn szko\u0142y\",\"isPartOf\":{\"@id\":\"https:\/\/pb.edu.pl\/liceum-ogolnoksztalcace\/#website\"},\"datePublished\":\"2017-11-13T21:27:01+00:00\",\"dateModified\":\"2020-09-02T10:04:31+00:00\",\"description\":\"HYMN AKADEMICKIEGO LICEUM OG\u00d3LNOKSZTA\u0141C\u0104CEGO POLITECHNIKI BIA\u0141OSTOCKIEJ na podstawie wiersza Adama Asnyka: \\\"Miejcie nadziej\u0119\\\", na melodi\u0119 Z. Preisnera.\",\"breadcrumb\":{\"@id\":\"https:\/\/pb.edu.pl\/liceum-ogolnoksztalcace\/o-szkole\/hymn-szkoly\/#breadcrumb\"},\"inLanguage\":\"pl-PL\",\"potentialAction\":[{\"@type\":\"ReadAction\",\"target\":[\"https:\/\/pb.edu.pl\/liceum-ogolnoksztalcace\/o-szkole\/hymn-szkoly\/\"]}]},{\"@type\":\"BreadcrumbList\",\"@id\":\"https:\/\/pb.edu.pl\/liceum-ogolnoksztalcace\/o-szkole\/hymn-szkoly\/#breadcrumb\",\"itemListElement\":[{\"@type\":\"ListItem\",\"position\":1,\"name\":\"Home\",\"item\":\"https:\/\/pb.edu.pl\/liceum-ogolnoksztalcace\/\"},{\"@type\":\"ListItem\",\"position\":2,\"name\":\"Szko\u0142a\",\"item\":\"https:\/\/pb.edu.pl\/liceum-ogolnoksztalcace\/o-szkole\/\"},{\"@type\":\"ListItem\",\"position\":3,\"name\":\"Hymn szko\u0142y\"}]},{\"@type\":\"WebSite\",\"@id\":\"https:\/\/pb.edu.pl\/liceum-ogolnoksztalcace\/#website\",\"url\":\"https:\/\/pb.edu.pl\/liceum-ogolnoksztalcace\/\",\"name\":\"Akademickie Liceum Og\u00f3lnokszta\u0142c\u0105ce Politechniki Bia\u0142ostockiej\",\"description\":\"\",\"potentialAction\":[{\"@type\":\"SearchAction\",\"target\":{\"@type\":\"EntryPoint\",\"urlTemplate\":\"https:\/\/pb.edu.pl\/liceum-ogolnoksztalcace\/?s={search_term_string}\"},\"query-input\":{\"@type\":\"PropertyValueSpecification\",\"valueRequired\":true,\"valueName\":\"search_term_string\"}}],\"inLanguage\":\"pl-PL\"}]}<\/script>\n<!-- \/ Yoast SEO plugin. -->","yoast_head_json":{"title":"Akademickie Liceum Og\u00f3lnokszta\u0142c\u0105ce Politechniki Bia\u0142ostockiej - Hymn szko\u0142y","description":"HYMN AKADEMICKIEGO LICEUM OG\u00d3LNOKSZTA\u0141C\u0104CEGO POLITECHNIKI BIA\u0141OSTOCKIEJ na podstawie wiersza Adama Asnyka: \"Miejcie nadziej\u0119\", na melodi\u0119 Z. Preisnera.","robots":{"index":"index","follow":"follow","max-snippet":"max-snippet:-1","max-image-preview":"max-image-preview:large","max-video-preview":"max-video-preview:-1"},"canonical":"https:\/\/pb.edu.pl\/liceum-ogolnoksztalcace\/o-szkole\/hymn-szkoly\/","twitter_misc":{"Szacowany czas czytania":"1 minuta"},"schema":{"@context":"https:\/\/schema.org","@graph":[{"@type":"WebPage","@id":"https:\/\/pb.edu.pl\/liceum-ogolnoksztalcace\/o-szkole\/hymn-szkoly\/","url":"https:\/\/pb.edu.pl\/liceum-ogolnoksztalcace\/o-szkole\/hymn-szkoly\/","name":"Akademickie Liceum Og\u00f3lnokszta\u0142c\u0105ce Politechniki Bia\u0142ostockiej - Hymn szko\u0142y","isPartOf":{"@id":"https:\/\/pb.edu.pl\/liceum-ogolnoksztalcace\/#website"},"datePublished":"2017-11-13T21:27:01+00:00","dateModified":"2020-09-02T10:04:31+00:00","description":"HYMN AKADEMICKIEGO LICEUM OG\u00d3LNOKSZTA\u0141C\u0104CEGO POLITECHNIKI BIA\u0141OSTOCKIEJ na podstawie wiersza Adama Asnyka: \"Miejcie nadziej\u0119\", na melodi\u0119 Z. Preisnera.","breadcrumb":{"@id":"https:\/\/pb.edu.pl\/liceum-ogolnoksztalcace\/o-szkole\/hymn-szkoly\/#breadcrumb"},"inLanguage":"pl-PL","potentialAction":[{"@type":"ReadAction","target":["https:\/\/pb.edu.pl\/liceum-ogolnoksztalcace\/o-szkole\/hymn-szkoly\/"]}]},{"@type":"BreadcrumbList","@id":"https:\/\/pb.edu.pl\/liceum-ogolnoksztalcace\/o-szkole\/hymn-szkoly\/#breadcrumb","itemListElement":[{"@type":"ListItem","position":1,"name":"Home","item":"https:\/\/pb.edu.pl\/liceum-ogolnoksztalcace\/"},{"@type":"ListItem","position":2,"name":"Szko\u0142a","item":"https:\/\/pb.edu.pl\/liceum-ogolnoksztalcace\/o-szkole\/"},{"@type":"ListItem","position":3,"name":"Hymn szko\u0142y"}]},{"@type":"WebSite","@id":"https:\/\/pb.edu.pl\/liceum-ogolnoksztalcace\/#website","url":"https:\/\/pb.edu.pl\/liceum-ogolnoksztalcace\/","name":"Akademickie Liceum Og\u00f3lnokszta\u0142c\u0105ce Politechniki Bia\u0142ostockiej","description":"","potentialAction":[{"@type":"SearchAction","target":{"@type":"EntryPoint","urlTemplate":"https:\/\/pb.edu.pl\/liceum-ogolnoksztalcace\/?s={search_term_string}"},"query-input":{"@type":"PropertyValueSpecification","valueRequired":true,"valueName":"search_term_string"}}],"inLanguage":"pl-PL"}]}},"_links":{"self":[{"href":"https:\/\/pb.edu.pl\/liceum-ogolnoksztalcace\/wp-json\/wp\/v2\/pages\/48","targetHints":{"allow":["GET"]}}],"collection":[{"href":"https:\/\/pb.edu.pl\/liceum-ogolnoksztalcace\/wp-json\/wp\/v2\/pages"}],"about":[{"href":"https:\/\/pb.edu.pl\/liceum-ogolnoksztalcace\/wp-json\/wp\/v2\/types\/page"}],"author":[{"embeddable":true,"href":"https:\/\/pb.edu.pl\/liceum-ogolnoksztalcace\/wp-json\/wp\/v2\/users\/2"}],"replies":[{"embeddable":true,"href":"https:\/\/pb.edu.pl\/liceum-ogolnoksztalcace\/wp-json\/wp\/v2\/comments?post=48"}],"version-history":[{"count":0,"href":"https:\/\/pb.edu.pl\/liceum-ogolnoksztalcace\/wp-json\/wp\/v2\/pages\/48\/revisions"}],"up":[{"embeddable":true,"href":"https:\/\/pb.edu.pl\/liceum-ogolnoksztalcace\/wp-json\/wp\/v2\/pages\/18"}],"wp:attachment":[{"href":"https:\/\/pb.edu.pl\/liceum-ogolnoksztalcace\/wp-json\/wp\/v2\/media?parent=48"}],"curies":[{"name":"wp","href":"https:\/\/api.w.org\/{rel}","templated":true}]}}