{"id":4538,"date":"2020-05-26T22:07:41","date_gmt":"2020-05-26T20:07:41","guid":{"rendered":"https:\/\/pb.edu.pl\/liceum-ogolnoksztalcace\/?page_id=4538"},"modified":"2022-03-17T15:45:39","modified_gmt":"2022-03-17T14:45:39","slug":"dzien-otwarty","status":"publish","type":"page","link":"https:\/\/pb.edu.pl\/liceum-ogolnoksztalcace\/dzien-otwarty\/","title":{"rendered":"Dzie\u0144 Otwarty &#8211; #poznajALOPB"},"content":{"rendered":"<p>Wydarzenie #poznajALOPB to wirtualne drzwi otwarte, kt\u00f3re odby\u0142y si\u0119 <span style=\"font-size: 1.5rem\">w naszej szkole <\/span><span style=\"font-size: 1.5rem\">w roku 2021. Uczniowie i absolwenci ALOPB opowiedzieli o czasie sp\u0119dzonym w szkole, mo\u017cliwo\u015bciach, jakie daje im nauka przy najwi\u0119kszej uczelni technicznej w p\u00f3\u0142nocno-wschodniej Polsce oraz atmosferze, kt\u00f3ra tutaj panuje.<\/span><\/p>\n<p>W tym roku Dzie\u0144 Otwarty odb\u0119dzie si\u0119 ju\u017c stacjonarnie &#8211; 1 czerwca 2022 r., ale z<span style=\"font-size: 1.5rem\">apraszamy jeszcze raz do obejrzenia wszystkich film\u00f3w z poprzedniego roku z naszymi uczniami i absolwentami.<\/span><\/p>\n<p>JULIA I ALEKSANDRA &#8211; uczennice klas pierwszych:<\/p>\n<div class=\"embed-responsive embed-responsive-16by9\"><iframe loading=\"lazy\" title=\"#poznajALOPB - Pierwszoklasi\u015bci o Akademickim Liceum Og\u00f3lnokszta\u0142c\u0105cym Politechniki Bia\u0142ostockiej\" width=\"500\" height=\"281\" src=\"https:\/\/www.youtube.com\/embed\/tczf7sstCsg?feature=oembed\" frameborder=\"0\" allow=\"accelerometer; autoplay; clipboard-write; encrypted-media; gyroscope; picture-in-picture; web-share\" referrerpolicy=\"strict-origin-when-cross-origin\" allowfullscreen><\/iframe><\/div>\n<p><a><br \/>\n<\/a><br \/>\nKASIA I KAMIL &#8211; przedstawiciele Samorz\u0105du Uczniowskiego:<\/p>\n<div class=\"embed-responsive embed-responsive-16by9\"><iframe loading=\"lazy\" title=\"#poznajALOPB - Kamil i Kasia, czyli przewodnicz\u0105cy SU i redaktorka naczelna gazetki HALO\" width=\"500\" height=\"281\" src=\"https:\/\/www.youtube.com\/embed\/tOfLOhCCr1M?feature=oembed\" frameborder=\"0\" allow=\"accelerometer; autoplay; clipboard-write; encrypted-media; gyroscope; picture-in-picture; web-share\" referrerpolicy=\"strict-origin-when-cross-origin\" allowfullscreen><\/iframe><\/div>\n<p><a><br \/>\n<\/a><br \/>\nJULIA I JACEK &#8211; tegoroczni maturzy\u015bci:<\/p>\n<div class=\"embed-responsive embed-responsive-16by9\"><iframe loading=\"lazy\" title=\"#poznajALOPB - Maturzy\u015bci polecaj\u0105 Akademickie Liceum Og\u00f3lnokszta\u0142c\u0105ce Politechniki Bia\u0142ostockiej\" width=\"500\" height=\"281\" src=\"https:\/\/www.youtube.com\/embed\/mZ5adRWXuGA?feature=oembed\" frameborder=\"0\" allow=\"accelerometer; autoplay; clipboard-write; encrypted-media; gyroscope; picture-in-picture; web-share\" referrerpolicy=\"strict-origin-when-cross-origin\" allowfullscreen><\/iframe><\/div>\n<p><a><br \/>\n<\/a><br \/>\nJULIA I DAWID &#8211; pierwsi absolwenci ALOPB:<\/p>\n<div class=\"embed-responsive embed-responsive-16by9\"><iframe loading=\"lazy\" title=\"#poznajALOPB - Pierwsi absolwenci wspominaj\u0105 jak to drzewiej bywa\u0142o\" width=\"500\" height=\"281\" src=\"https:\/\/www.youtube.com\/embed\/NPKTJix8kF0?feature=oembed\" frameborder=\"0\" allow=\"accelerometer; autoplay; clipboard-write; encrypted-media; gyroscope; picture-in-picture; web-share\" referrerpolicy=\"strict-origin-when-cross-origin\" allowfullscreen><\/iframe><\/div>\n<p><a><br \/>\n<\/a><br \/>\nSANDRA, SERGIUSZ I MATEUSZ &#8211; klasy drugie, laureaci wielu konkurs\u00f3w robotycznych:<\/p>\n<div class=\"embed-responsive embed-responsive-16by9\"><iframe loading=\"lazy\" title=\"#poznajALOPB - Sandra, Sergiusz, Mateusz i... robotyka na wy\u017cszym poziomie\" width=\"500\" height=\"281\" src=\"https:\/\/www.youtube.com\/embed\/MDS2hNxdQPo?feature=oembed\" frameborder=\"0\" allow=\"accelerometer; autoplay; clipboard-write; encrypted-media; gyroscope; picture-in-picture; web-share\" referrerpolicy=\"strict-origin-when-cross-origin\" allowfullscreen><\/iframe><\/div>\n","protected":false},"excerpt":{"rendered":"<p>Wydarzenie #poznajALOPB to wirtualne drzwi otwarte, kt\u00f3re odby\u0142y si\u0119 w naszej szkole w roku 2021.<\/p>\n","protected":false},"author":2,"featured_media":0,"parent":0,"menu_order":1000,"comment_status":"closed","ping_status":"closed","template":"","meta":{"_acf_changed":false,"ngg_post_thumbnail":0,"footnotes":""},"class_list":["post-4538","page","type-page","status-publish","hentry"],"acf":[],"yoast_head":"<!-- This site is optimized with the Yoast SEO plugin v27.0 - https:\/\/yoast.com\/product\/yoast-seo-wordpress\/ -->\n<title>Akademickie Liceum Og\u00f3lnokszta\u0142c\u0105ce Politechniki Bia\u0142ostockiej - #poznajALOPB<\/title>\n<meta name=\"description\" content=\"Wydarzenie #poznajALOPB to wirtualne drzwi otwarte w jednym z najlepszych lice\u00f3w w wojew\u00f3dztwie podlaskim.\" \/>\n<meta name=\"robots\" content=\"index, follow, max-snippet:-1, max-image-preview:large, max-video-preview:-1\" \/>\n<link rel=\"canonical\" href=\"https:\/\/pb.edu.pl\/liceum-ogolnoksztalcace\/dzien-otwarty\/\" \/>\n<meta name=\"twitter:label1\" content=\"Szacowany czas czytania\" \/>\n\t<meta name=\"twitter:data1\" content=\"1 minuta\" \/>\n<script type=\"application\/ld+json\" class=\"yoast-schema-graph\">{\"@context\":\"https:\/\/schema.org\",\"@graph\":[{\"@type\":\"WebPage\",\"@id\":\"https:\/\/pb.edu.pl\/liceum-ogolnoksztalcace\/dzien-otwarty\/\",\"url\":\"https:\/\/pb.edu.pl\/liceum-ogolnoksztalcace\/dzien-otwarty\/\",\"name\":\"Akademickie Liceum Og\u00f3lnokszta\u0142c\u0105ce Politechniki Bia\u0142ostockiej - #poznajALOPB\",\"isPartOf\":{\"@id\":\"https:\/\/pb.edu.pl\/liceum-ogolnoksztalcace\/#website\"},\"datePublished\":\"2020-05-26T20:07:41+00:00\",\"dateModified\":\"2022-03-17T14:45:39+00:00\",\"description\":\"Wydarzenie #poznajALOPB to wirtualne drzwi otwarte w jednym z najlepszych lice\u00f3w w wojew\u00f3dztwie podlaskim.\",\"breadcrumb\":{\"@id\":\"https:\/\/pb.edu.pl\/liceum-ogolnoksztalcace\/dzien-otwarty\/#breadcrumb\"},\"inLanguage\":\"pl-PL\",\"potentialAction\":[{\"@type\":\"ReadAction\",\"target\":[\"https:\/\/pb.edu.pl\/liceum-ogolnoksztalcace\/dzien-otwarty\/\"]}]},{\"@type\":\"BreadcrumbList\",\"@id\":\"https:\/\/pb.edu.pl\/liceum-ogolnoksztalcace\/dzien-otwarty\/#breadcrumb\",\"itemListElement\":[{\"@type\":\"ListItem\",\"position\":1,\"name\":\"Home\",\"item\":\"https:\/\/pb.edu.pl\/liceum-ogolnoksztalcace\/\"},{\"@type\":\"ListItem\",\"position\":2,\"name\":\"Dzie\u0144 Otwarty &#8211; #poznajALOPB\"}]},{\"@type\":\"WebSite\",\"@id\":\"https:\/\/pb.edu.pl\/liceum-ogolnoksztalcace\/#website\",\"url\":\"https:\/\/pb.edu.pl\/liceum-ogolnoksztalcace\/\",\"name\":\"Akademickie Liceum Og\u00f3lnokszta\u0142c\u0105ce Politechniki Bia\u0142ostockiej\",\"description\":\"\",\"potentialAction\":[{\"@type\":\"SearchAction\",\"target\":{\"@type\":\"EntryPoint\",\"urlTemplate\":\"https:\/\/pb.edu.pl\/liceum-ogolnoksztalcace\/?s={search_term_string}\"},\"query-input\":{\"@type\":\"PropertyValueSpecification\",\"valueRequired\":true,\"valueName\":\"search_term_string\"}}],\"inLanguage\":\"pl-PL\"}]}<\/script>\n<!-- \/ Yoast SEO plugin. -->","yoast_head_json":{"title":"Akademickie Liceum Og\u00f3lnokszta\u0142c\u0105ce Politechniki Bia\u0142ostockiej - #poznajALOPB","description":"Wydarzenie #poznajALOPB to wirtualne drzwi otwarte w jednym z najlepszych lice\u00f3w w wojew\u00f3dztwie podlaskim.","robots":{"index":"index","follow":"follow","max-snippet":"max-snippet:-1","max-image-preview":"max-image-preview:large","max-video-preview":"max-video-preview:-1"},"canonical":"https:\/\/pb.edu.pl\/liceum-ogolnoksztalcace\/dzien-otwarty\/","twitter_misc":{"Szacowany czas czytania":"1 minuta"},"schema":{"@context":"https:\/\/schema.org","@graph":[{"@type":"WebPage","@id":"https:\/\/pb.edu.pl\/liceum-ogolnoksztalcace\/dzien-otwarty\/","url":"https:\/\/pb.edu.pl\/liceum-ogolnoksztalcace\/dzien-otwarty\/","name":"Akademickie Liceum Og\u00f3lnokszta\u0142c\u0105ce Politechniki Bia\u0142ostockiej - #poznajALOPB","isPartOf":{"@id":"https:\/\/pb.edu.pl\/liceum-ogolnoksztalcace\/#website"},"datePublished":"2020-05-26T20:07:41+00:00","dateModified":"2022-03-17T14:45:39+00:00","description":"Wydarzenie #poznajALOPB to wirtualne drzwi otwarte w jednym z najlepszych lice\u00f3w w wojew\u00f3dztwie podlaskim.","breadcrumb":{"@id":"https:\/\/pb.edu.pl\/liceum-ogolnoksztalcace\/dzien-otwarty\/#breadcrumb"},"inLanguage":"pl-PL","potentialAction":[{"@type":"ReadAction","target":["https:\/\/pb.edu.pl\/liceum-ogolnoksztalcace\/dzien-otwarty\/"]}]},{"@type":"BreadcrumbList","@id":"https:\/\/pb.edu.pl\/liceum-ogolnoksztalcace\/dzien-otwarty\/#breadcrumb","itemListElement":[{"@type":"ListItem","position":1,"name":"Home","item":"https:\/\/pb.edu.pl\/liceum-ogolnoksztalcace\/"},{"@type":"ListItem","position":2,"name":"Dzie\u0144 Otwarty &#8211; #poznajALOPB"}]},{"@type":"WebSite","@id":"https:\/\/pb.edu.pl\/liceum-ogolnoksztalcace\/#website","url":"https:\/\/pb.edu.pl\/liceum-ogolnoksztalcace\/","name":"Akademickie Liceum Og\u00f3lnokszta\u0142c\u0105ce Politechniki Bia\u0142ostockiej","description":"","potentialAction":[{"@type":"SearchAction","target":{"@type":"EntryPoint","urlTemplate":"https:\/\/pb.edu.pl\/liceum-ogolnoksztalcace\/?s={search_term_string}"},"query-input":{"@type":"PropertyValueSpecification","valueRequired":true,"valueName":"search_term_string"}}],"inLanguage":"pl-PL"}]}},"_links":{"self":[{"href":"https:\/\/pb.edu.pl\/liceum-ogolnoksztalcace\/wp-json\/wp\/v2\/pages\/4538","targetHints":{"allow":["GET"]}}],"collection":[{"href":"https:\/\/pb.edu.pl\/liceum-ogolnoksztalcace\/wp-json\/wp\/v2\/pages"}],"about":[{"href":"https:\/\/pb.edu.pl\/liceum-ogolnoksztalcace\/wp-json\/wp\/v2\/types\/page"}],"author":[{"embeddable":true,"href":"https:\/\/pb.edu.pl\/liceum-ogolnoksztalcace\/wp-json\/wp\/v2\/users\/2"}],"replies":[{"embeddable":true,"href":"https:\/\/pb.edu.pl\/liceum-ogolnoksztalcace\/wp-json\/wp\/v2\/comments?post=4538"}],"version-history":[{"count":0,"href":"https:\/\/pb.edu.pl\/liceum-ogolnoksztalcace\/wp-json\/wp\/v2\/pages\/4538\/revisions"}],"wp:attachment":[{"href":"https:\/\/pb.edu.pl\/liceum-ogolnoksztalcace\/wp-json\/wp\/v2\/media?parent=4538"}],"curies":[{"name":"wp","href":"https:\/\/api.w.org\/{rel}","templated":true}]}}