{"id":4259,"date":"2020-03-11T13:55:42","date_gmt":"2020-03-11T12:55:42","guid":{"rendered":"https:\/\/pb.edu.pl\/liceum-ogolnoksztalcace\/?page_id=4259"},"modified":"2022-01-23T18:46:51","modified_gmt":"2022-01-23T17:46:51","slug":"pb-zajecia-dla-ucznia","status":"publish","type":"page","link":"https:\/\/pb.edu.pl\/liceum-ogolnoksztalcace\/dla-ucznia\/pb-zajecia-dla-ucznia\/","title":{"rendered":"PB &#8211; zaj\u0119cia dla ucznia"},"content":{"rendered":"<p>Politechnika Bia\u0142ostocka popularyzuje nauki techniczne i \u015bcis\u0142e w\u015br\u00f3d m\u0142odych ludzi, dlatego jest otwarta na wizyty uczni\u00f3w &#8211; zaczynaj\u0105c od najm\u0142odszych klas szko\u0142y podstawowej, a\u017c po klasy maturalne. Podczas pobytu u nas oferujemy zaj\u0119cia popularnonaukowe, jak i specjalistyczne warsztaty w naszych laboratoriach. Wachlarz proponowanych zaj\u0119\u0107 jest szeroki i ka\u017cdorazowo dostosowujemy go do zapotrzebowania uczni\u00f3w odwiedzaj\u0105cych nasz\u0105 uczelni\u0119.<\/p>\n<div class=\"row\" style=\"margin-top: 25px\">\n<div class=\"col-sm-12 text-center\"><a class=\"button text-center animated zoomIn lead\" style=\"width:100%\" href=\"https:\/\/wa.pb.edu.pl\/wspolpraca\/oferta-dla-szkol\/\" title=\"otworzy si\u0119 w nowej karcie\" target=\"_blank\" rel=\"noopener\"><span class=\"h2\">Wydzia\u0142 Architektury<\/span><\/a><\/div>\n<div class=\"col-sm-12 text-center\"><a class=\"button text-center animated zoomIn lead\" style=\"width:100%\" href=\"https:\/\/wb.pb.edu.pl\/wspolpraca\/oferta-dla-szkol\/\" title=\"otworzy si\u0119 w nowej karcie\" target=\"_blank\" rel=\"noopener\"><span class=\"h2\">Wydzia\u0142 Budownictwa i Nauk o \u015arodowisku<\/span><\/a><\/div>\n<div class=\"col-sm-12 text-center\"><a class=\"button text-center animated zoomIn lead\" style=\"width:100%\" href=\"https:\/\/we.pb.edu.pl\/wspolpraca\/oferta-dla-szkol\/\" title=\"otworzy si\u0119 w nowej karcie\" target=\"_blank\" rel=\"noopener\"><span class=\"h2\">Wydzia\u0142 Elektryczny<\/span><\/a><\/div>\n<div class=\"col-sm-12 text-center\"><a class=\"button text-center animated zoomIn lead\" style=\"width:100%\" href=\"https:\/\/wi.pb.edu.pl\/wspolpraca\/wspolpraca-ze-szkolami\/\" title=\"otworzy si\u0119 w nowej karcie\" target=\"_blank\" rel=\"noopener\"><span class=\"h2\">Wydzia\u0142 Informatyki<\/span><\/a><\/div>\n<div class=\"col-sm-12 text-center\"><a class=\"button text-center animated zoomIn lead\" style=\"width:100%\" href=\"https:\/\/wm.pb.edu.pl\/wspolpraca\/oferta-dla-szkol\/\" title=\"otworzy si\u0119 w nowej karcie\" target=\"_blank\" rel=\"noopener\"><span class=\"h2\">Wydzia\u0142 Mechaniczny<\/span><\/a><\/div>\n<\/div>\n","protected":false},"excerpt":{"rendered":"<p>Politechnika Bia\u0142ostocka popularyzuje nauki techniczne i \u015bcis\u0142e w\u015br\u00f3d m\u0142odych ludzi, dlatego jest otwarta na wizyty<\/p>\n","protected":false},"author":2,"featured_media":0,"parent":20,"menu_order":8,"comment_status":"closed","ping_status":"closed","template":"","meta":{"_acf_changed":false,"ngg_post_thumbnail":0,"footnotes":""},"class_list":["post-4259","page","type-page","status-publish","hentry"],"acf":[],"yoast_head":"<!-- This site is optimized with the Yoast SEO plugin v27.0 - https:\/\/yoast.com\/product\/yoast-seo-wordpress\/ -->\n<title>Akademickie Liceum Og\u00f3lnokszta\u0142c\u0105ce Politechniki Bia\u0142ostockiej - PB - zaj\u0119cia dla ucznia<\/title>\n<meta name=\"description\" content=\"Politechnika Bia\u0142ostocka popularyzuje nauki techniczne i \u015bcis\u0142e w\u015br\u00f3d m\u0142odych ludzi, dlatego jest otwarta na wizyty uczni\u00f3w - zaczynaj\u0105c od najm\u0142odszych\" \/>\n<meta name=\"robots\" content=\"index, follow, max-snippet:-1, max-image-preview:large, max-video-preview:-1\" \/>\n<link rel=\"canonical\" href=\"https:\/\/pb.edu.pl\/liceum-ogolnoksztalcace\/dla-ucznia\/pb-zajecia-dla-ucznia\/\" \/>\n<meta name=\"twitter:label1\" content=\"Szacowany czas czytania\" \/>\n\t<meta name=\"twitter:data1\" content=\"1 minuta\" \/>\n<script type=\"application\/ld+json\" class=\"yoast-schema-graph\">{\"@context\":\"https:\/\/schema.org\",\"@graph\":[{\"@type\":\"WebPage\",\"@id\":\"https:\/\/pb.edu.pl\/liceum-ogolnoksztalcace\/dla-ucznia\/pb-zajecia-dla-ucznia\/\",\"url\":\"https:\/\/pb.edu.pl\/liceum-ogolnoksztalcace\/dla-ucznia\/pb-zajecia-dla-ucznia\/\",\"name\":\"Akademickie Liceum Og\u00f3lnokszta\u0142c\u0105ce Politechniki Bia\u0142ostockiej - PB - zaj\u0119cia dla ucznia\",\"isPartOf\":{\"@id\":\"https:\/\/pb.edu.pl\/liceum-ogolnoksztalcace\/#website\"},\"datePublished\":\"2020-03-11T12:55:42+00:00\",\"dateModified\":\"2022-01-23T17:46:51+00:00\",\"description\":\"Politechnika Bia\u0142ostocka popularyzuje nauki techniczne i \u015bcis\u0142e w\u015br\u00f3d m\u0142odych ludzi, dlatego jest otwarta na wizyty uczni\u00f3w - zaczynaj\u0105c od najm\u0142odszych\",\"breadcrumb\":{\"@id\":\"https:\/\/pb.edu.pl\/liceum-ogolnoksztalcace\/dla-ucznia\/pb-zajecia-dla-ucznia\/#breadcrumb\"},\"inLanguage\":\"pl-PL\",\"potentialAction\":[{\"@type\":\"ReadAction\",\"target\":[\"https:\/\/pb.edu.pl\/liceum-ogolnoksztalcace\/dla-ucznia\/pb-zajecia-dla-ucznia\/\"]}]},{\"@type\":\"BreadcrumbList\",\"@id\":\"https:\/\/pb.edu.pl\/liceum-ogolnoksztalcace\/dla-ucznia\/pb-zajecia-dla-ucznia\/#breadcrumb\",\"itemListElement\":[{\"@type\":\"ListItem\",\"position\":1,\"name\":\"Home\",\"item\":\"https:\/\/pb.edu.pl\/liceum-ogolnoksztalcace\/\"},{\"@type\":\"ListItem\",\"position\":2,\"name\":\"Dla ucznia\",\"item\":\"https:\/\/pb.edu.pl\/liceum-ogolnoksztalcace\/dla-ucznia\/\"},{\"@type\":\"ListItem\",\"position\":3,\"name\":\"PB &#8211; zaj\u0119cia dla ucznia\"}]},{\"@type\":\"WebSite\",\"@id\":\"https:\/\/pb.edu.pl\/liceum-ogolnoksztalcace\/#website\",\"url\":\"https:\/\/pb.edu.pl\/liceum-ogolnoksztalcace\/\",\"name\":\"Akademickie Liceum Og\u00f3lnokszta\u0142c\u0105ce Politechniki Bia\u0142ostockiej\",\"description\":\"\",\"potentialAction\":[{\"@type\":\"SearchAction\",\"target\":{\"@type\":\"EntryPoint\",\"urlTemplate\":\"https:\/\/pb.edu.pl\/liceum-ogolnoksztalcace\/?s={search_term_string}\"},\"query-input\":{\"@type\":\"PropertyValueSpecification\",\"valueRequired\":true,\"valueName\":\"search_term_string\"}}],\"inLanguage\":\"pl-PL\"}]}<\/script>\n<!-- \/ Yoast SEO plugin. -->","yoast_head_json":{"title":"Akademickie Liceum Og\u00f3lnokszta\u0142c\u0105ce Politechniki Bia\u0142ostockiej - PB - zaj\u0119cia dla ucznia","description":"Politechnika Bia\u0142ostocka popularyzuje nauki techniczne i \u015bcis\u0142e w\u015br\u00f3d m\u0142odych ludzi, dlatego jest otwarta na wizyty uczni\u00f3w - zaczynaj\u0105c od najm\u0142odszych","robots":{"index":"index","follow":"follow","max-snippet":"max-snippet:-1","max-image-preview":"max-image-preview:large","max-video-preview":"max-video-preview:-1"},"canonical":"https:\/\/pb.edu.pl\/liceum-ogolnoksztalcace\/dla-ucznia\/pb-zajecia-dla-ucznia\/","twitter_misc":{"Szacowany czas czytania":"1 minuta"},"schema":{"@context":"https:\/\/schema.org","@graph":[{"@type":"WebPage","@id":"https:\/\/pb.edu.pl\/liceum-ogolnoksztalcace\/dla-ucznia\/pb-zajecia-dla-ucznia\/","url":"https:\/\/pb.edu.pl\/liceum-ogolnoksztalcace\/dla-ucznia\/pb-zajecia-dla-ucznia\/","name":"Akademickie Liceum Og\u00f3lnokszta\u0142c\u0105ce Politechniki Bia\u0142ostockiej - PB - zaj\u0119cia dla ucznia","isPartOf":{"@id":"https:\/\/pb.edu.pl\/liceum-ogolnoksztalcace\/#website"},"datePublished":"2020-03-11T12:55:42+00:00","dateModified":"2022-01-23T17:46:51+00:00","description":"Politechnika Bia\u0142ostocka popularyzuje nauki techniczne i \u015bcis\u0142e w\u015br\u00f3d m\u0142odych ludzi, dlatego jest otwarta na wizyty uczni\u00f3w - zaczynaj\u0105c od najm\u0142odszych","breadcrumb":{"@id":"https:\/\/pb.edu.pl\/liceum-ogolnoksztalcace\/dla-ucznia\/pb-zajecia-dla-ucznia\/#breadcrumb"},"inLanguage":"pl-PL","potentialAction":[{"@type":"ReadAction","target":["https:\/\/pb.edu.pl\/liceum-ogolnoksztalcace\/dla-ucznia\/pb-zajecia-dla-ucznia\/"]}]},{"@type":"BreadcrumbList","@id":"https:\/\/pb.edu.pl\/liceum-ogolnoksztalcace\/dla-ucznia\/pb-zajecia-dla-ucznia\/#breadcrumb","itemListElement":[{"@type":"ListItem","position":1,"name":"Home","item":"https:\/\/pb.edu.pl\/liceum-ogolnoksztalcace\/"},{"@type":"ListItem","position":2,"name":"Dla ucznia","item":"https:\/\/pb.edu.pl\/liceum-ogolnoksztalcace\/dla-ucznia\/"},{"@type":"ListItem","position":3,"name":"PB &#8211; zaj\u0119cia dla ucznia"}]},{"@type":"WebSite","@id":"https:\/\/pb.edu.pl\/liceum-ogolnoksztalcace\/#website","url":"https:\/\/pb.edu.pl\/liceum-ogolnoksztalcace\/","name":"Akademickie Liceum Og\u00f3lnokszta\u0142c\u0105ce Politechniki Bia\u0142ostockiej","description":"","potentialAction":[{"@type":"SearchAction","target":{"@type":"EntryPoint","urlTemplate":"https:\/\/pb.edu.pl\/liceum-ogolnoksztalcace\/?s={search_term_string}"},"query-input":{"@type":"PropertyValueSpecification","valueRequired":true,"valueName":"search_term_string"}}],"inLanguage":"pl-PL"}]}},"_links":{"self":[{"href":"https:\/\/pb.edu.pl\/liceum-ogolnoksztalcace\/wp-json\/wp\/v2\/pages\/4259","targetHints":{"allow":["GET"]}}],"collection":[{"href":"https:\/\/pb.edu.pl\/liceum-ogolnoksztalcace\/wp-json\/wp\/v2\/pages"}],"about":[{"href":"https:\/\/pb.edu.pl\/liceum-ogolnoksztalcace\/wp-json\/wp\/v2\/types\/page"}],"author":[{"embeddable":true,"href":"https:\/\/pb.edu.pl\/liceum-ogolnoksztalcace\/wp-json\/wp\/v2\/users\/2"}],"replies":[{"embeddable":true,"href":"https:\/\/pb.edu.pl\/liceum-ogolnoksztalcace\/wp-json\/wp\/v2\/comments?post=4259"}],"version-history":[{"count":0,"href":"https:\/\/pb.edu.pl\/liceum-ogolnoksztalcace\/wp-json\/wp\/v2\/pages\/4259\/revisions"}],"up":[{"embeddable":true,"href":"https:\/\/pb.edu.pl\/liceum-ogolnoksztalcace\/wp-json\/wp\/v2\/pages\/20"}],"wp:attachment":[{"href":"https:\/\/pb.edu.pl\/liceum-ogolnoksztalcace\/wp-json\/wp\/v2\/media?parent=4259"}],"curies":[{"name":"wp","href":"https:\/\/api.w.org\/{rel}","templated":true}]}}