{"id":4141,"date":"2020-01-24T11:27:30","date_gmt":"2020-01-24T10:27:30","guid":{"rendered":"https:\/\/pb.edu.pl\/liceum-ogolnoksztalcace\/?page_id=4141"},"modified":"2024-04-14T11:30:32","modified_gmt":"2024-04-14T09:30:32","slug":"kolo-szachowe","status":"publish","type":"page","link":"https:\/\/pb.edu.pl\/liceum-ogolnoksztalcace\/dla-ucznia\/zajecia-projektowe\/kolo-szachowe\/","title":{"rendered":"Ko\u0142o szachowe"},"content":{"rendered":"<p><strong>SZACHY<\/strong><\/p>\n<ul>\n<li><strong>doskonal\u0105<\/strong>&nbsp;logiczne my\u015blenie: ka\u017cdy ruch powoduje okre\u015blone konsekwencje na szachownicy dla graj\u0105cego<\/li>\n<li><strong>wyrabiaj\u0105<\/strong>&nbsp;umiej\u0119tno\u015b\u0107 sp\u00f3jnego dzia\u0142ania: ruchy graj\u0105cego obejmuj\u0105 ca\u0142\u0105 szachownic\u0119, a mi\u0119dzy figurami zachodz\u0105 okre\u015blone relacje &#8211; pojawiaj\u0105 si\u0119 szanse, kt\u00f3re mo\u017cna wykorzysta\u0107 dzi\u0119ki silnym stronom ustawienia w\u0142asnych bierek oraz zagro\u017cenia, wynikaj\u0105ce ze s\u0142abo\u015bci tego ustawienia<\/li>\n<li><strong>ucz\u0105<\/strong>&nbsp;racjonalnego planowania i kreatywnego rozwi\u0105zywania problem\u00f3w: ka\u017cdy zamiar musi by\u0107 poparty ch\u0142odn\u0105 kalkulacj\u0105, ale niekiedy to w\u0142a\u015bnie nieszablonowe zagrania prowadz\u0105 do ko\u0144cowego sukcesu.<\/li>\n<\/ul>\n<p><strong>Inne cele:<\/strong><\/p>\n<ul>\n<li>&nbsp; &nbsp; &nbsp; opanowanie zasad gry w szachy, podstaw wiedzy szachowej oraz s\u0142ownictwa szachowego,<\/li>\n<li>&nbsp; &nbsp; &nbsp; umiej\u0119tne stosowanie podstaw gry w debiucie, ko\u0144c\u00f3wkach i grze \u015brodkowej,<\/li>\n<li>&nbsp; &nbsp; &nbsp; pog\u0142\u0119bianie wiedzy szachowej,<\/li>\n<li>&nbsp; &nbsp; &nbsp; rozbudowanie repertuaru debiut\u00f3w, ko\u0144c\u00f3wek, element\u00f3w gry \u015brodkowej,<\/li>\n<li>&nbsp; &nbsp; &nbsp; doskonalenie strategii gry,<\/li>\n<li>&nbsp; &nbsp; &nbsp; \u0107wiczenie logicznego my\u015blenia, tw\u00f3rczego rozwi\u0105zywania problem\u00f3w oraz zada\u0144 szachowych,<\/li>\n<li>&nbsp; &nbsp; &nbsp; popularyzacja szach\u00f3w jako dyscypliny sportowej zw\u0142aszcza w\u015br\u00f3d dzieci i m\u0142odzie\u017cy,<\/li>\n<li>&nbsp; &nbsp; &nbsp; propagowanie w\u015br\u00f3d m\u0142odzie\u017cy zasad etyki szachowej i postaw fair play.<\/li>\n<\/ul>\n","protected":false},"excerpt":{"rendered":"<p>SZACHY doskonal\u0105&nbsp;logiczne my\u015blenie: ka\u017cdy ruch powoduje okre\u015blone konsekwencje na szachownicy dla graj\u0105cego wyrabiaj\u0105&nbsp;umiej\u0119tno\u015b\u0107 sp\u00f3jnego dzia\u0142ania:<\/p>\n","protected":false},"author":55,"featured_media":0,"parent":74,"menu_order":0,"comment_status":"closed","ping_status":"closed","template":"","meta":{"_acf_changed":false,"ngg_post_thumbnail":0,"footnotes":""},"class_list":["post-4141","page","type-page","status-publish","hentry"],"acf":[],"yoast_head":"<!-- This site is optimized with the Yoast SEO plugin v27.0 - https:\/\/yoast.com\/product\/yoast-seo-wordpress\/ -->\n<title>Akademickie Liceum Og\u00f3lnokszta\u0142c\u0105ce Politechniki Bia\u0142ostockiej - Ko\u0142o szachowe<\/title>\n<meta name=\"description\" content=\"SZACHY doskonal\u0105&nbsp;logiczne my\u015blenie: ka\u017cdy ruch powoduje okre\u015blone konsekwencje na szachownicy dla graj\u0105cego wyrabiaj\u0105&nbsp;umiej\u0119tno\u015b\u0107 sp\u00f3jnego\" \/>\n<meta name=\"robots\" content=\"index, follow, max-snippet:-1, max-image-preview:large, max-video-preview:-1\" \/>\n<link rel=\"canonical\" href=\"https:\/\/pb.edu.pl\/liceum-ogolnoksztalcace\/dla-ucznia\/zajecia-projektowe\/kolo-szachowe\/\" \/>\n<meta name=\"twitter:label1\" content=\"Szacowany czas czytania\" \/>\n\t<meta name=\"twitter:data1\" content=\"1 minuta\" \/>\n<script type=\"application\/ld+json\" class=\"yoast-schema-graph\">{\"@context\":\"https:\/\/schema.org\",\"@graph\":[{\"@type\":\"WebPage\",\"@id\":\"https:\/\/pb.edu.pl\/liceum-ogolnoksztalcace\/dla-ucznia\/zajecia-projektowe\/kolo-szachowe\/\",\"url\":\"https:\/\/pb.edu.pl\/liceum-ogolnoksztalcace\/dla-ucznia\/zajecia-projektowe\/kolo-szachowe\/\",\"name\":\"Akademickie Liceum Og\u00f3lnokszta\u0142c\u0105ce Politechniki Bia\u0142ostockiej - Ko\u0142o szachowe\",\"isPartOf\":{\"@id\":\"https:\/\/pb.edu.pl\/liceum-ogolnoksztalcace\/#website\"},\"datePublished\":\"2020-01-24T10:27:30+00:00\",\"dateModified\":\"2024-04-14T09:30:32+00:00\",\"description\":\"SZACHY doskonal\u0105&nbsp;logiczne my\u015blenie: ka\u017cdy ruch powoduje okre\u015blone konsekwencje na szachownicy dla graj\u0105cego wyrabiaj\u0105&nbsp;umiej\u0119tno\u015b\u0107 sp\u00f3jnego\",\"breadcrumb\":{\"@id\":\"https:\/\/pb.edu.pl\/liceum-ogolnoksztalcace\/dla-ucznia\/zajecia-projektowe\/kolo-szachowe\/#breadcrumb\"},\"inLanguage\":\"pl-PL\",\"potentialAction\":[{\"@type\":\"ReadAction\",\"target\":[\"https:\/\/pb.edu.pl\/liceum-ogolnoksztalcace\/dla-ucznia\/zajecia-projektowe\/kolo-szachowe\/\"]}]},{\"@type\":\"BreadcrumbList\",\"@id\":\"https:\/\/pb.edu.pl\/liceum-ogolnoksztalcace\/dla-ucznia\/zajecia-projektowe\/kolo-szachowe\/#breadcrumb\",\"itemListElement\":[{\"@type\":\"ListItem\",\"position\":1,\"name\":\"Home\",\"item\":\"https:\/\/pb.edu.pl\/liceum-ogolnoksztalcace\/\"},{\"@type\":\"ListItem\",\"position\":2,\"name\":\"Dla ucznia\",\"item\":\"https:\/\/pb.edu.pl\/liceum-ogolnoksztalcace\/dla-ucznia\/\"},{\"@type\":\"ListItem\",\"position\":3,\"name\":\"Zaj\u0119cia projektowe\",\"item\":\"https:\/\/pb.edu.pl\/liceum-ogolnoksztalcace\/dla-ucznia\/zajecia-projektowe\/\"},{\"@type\":\"ListItem\",\"position\":4,\"name\":\"Ko\u0142o szachowe\"}]},{\"@type\":\"WebSite\",\"@id\":\"https:\/\/pb.edu.pl\/liceum-ogolnoksztalcace\/#website\",\"url\":\"https:\/\/pb.edu.pl\/liceum-ogolnoksztalcace\/\",\"name\":\"Akademickie Liceum Og\u00f3lnokszta\u0142c\u0105ce Politechniki Bia\u0142ostockiej\",\"description\":\"\",\"potentialAction\":[{\"@type\":\"SearchAction\",\"target\":{\"@type\":\"EntryPoint\",\"urlTemplate\":\"https:\/\/pb.edu.pl\/liceum-ogolnoksztalcace\/?s={search_term_string}\"},\"query-input\":{\"@type\":\"PropertyValueSpecification\",\"valueRequired\":true,\"valueName\":\"search_term_string\"}}],\"inLanguage\":\"pl-PL\"}]}<\/script>\n<!-- \/ Yoast SEO plugin. -->","yoast_head_json":{"title":"Akademickie Liceum Og\u00f3lnokszta\u0142c\u0105ce Politechniki Bia\u0142ostockiej - Ko\u0142o szachowe","description":"SZACHY doskonal\u0105&nbsp;logiczne my\u015blenie: ka\u017cdy ruch powoduje okre\u015blone konsekwencje na szachownicy dla graj\u0105cego wyrabiaj\u0105&nbsp;umiej\u0119tno\u015b\u0107 sp\u00f3jnego","robots":{"index":"index","follow":"follow","max-snippet":"max-snippet:-1","max-image-preview":"max-image-preview:large","max-video-preview":"max-video-preview:-1"},"canonical":"https:\/\/pb.edu.pl\/liceum-ogolnoksztalcace\/dla-ucznia\/zajecia-projektowe\/kolo-szachowe\/","twitter_misc":{"Szacowany czas czytania":"1 minuta"},"schema":{"@context":"https:\/\/schema.org","@graph":[{"@type":"WebPage","@id":"https:\/\/pb.edu.pl\/liceum-ogolnoksztalcace\/dla-ucznia\/zajecia-projektowe\/kolo-szachowe\/","url":"https:\/\/pb.edu.pl\/liceum-ogolnoksztalcace\/dla-ucznia\/zajecia-projektowe\/kolo-szachowe\/","name":"Akademickie Liceum Og\u00f3lnokszta\u0142c\u0105ce Politechniki Bia\u0142ostockiej - Ko\u0142o szachowe","isPartOf":{"@id":"https:\/\/pb.edu.pl\/liceum-ogolnoksztalcace\/#website"},"datePublished":"2020-01-24T10:27:30+00:00","dateModified":"2024-04-14T09:30:32+00:00","description":"SZACHY doskonal\u0105&nbsp;logiczne my\u015blenie: ka\u017cdy ruch powoduje okre\u015blone konsekwencje na szachownicy dla graj\u0105cego wyrabiaj\u0105&nbsp;umiej\u0119tno\u015b\u0107 sp\u00f3jnego","breadcrumb":{"@id":"https:\/\/pb.edu.pl\/liceum-ogolnoksztalcace\/dla-ucznia\/zajecia-projektowe\/kolo-szachowe\/#breadcrumb"},"inLanguage":"pl-PL","potentialAction":[{"@type":"ReadAction","target":["https:\/\/pb.edu.pl\/liceum-ogolnoksztalcace\/dla-ucznia\/zajecia-projektowe\/kolo-szachowe\/"]}]},{"@type":"BreadcrumbList","@id":"https:\/\/pb.edu.pl\/liceum-ogolnoksztalcace\/dla-ucznia\/zajecia-projektowe\/kolo-szachowe\/#breadcrumb","itemListElement":[{"@type":"ListItem","position":1,"name":"Home","item":"https:\/\/pb.edu.pl\/liceum-ogolnoksztalcace\/"},{"@type":"ListItem","position":2,"name":"Dla ucznia","item":"https:\/\/pb.edu.pl\/liceum-ogolnoksztalcace\/dla-ucznia\/"},{"@type":"ListItem","position":3,"name":"Zaj\u0119cia projektowe","item":"https:\/\/pb.edu.pl\/liceum-ogolnoksztalcace\/dla-ucznia\/zajecia-projektowe\/"},{"@type":"ListItem","position":4,"name":"Ko\u0142o szachowe"}]},{"@type":"WebSite","@id":"https:\/\/pb.edu.pl\/liceum-ogolnoksztalcace\/#website","url":"https:\/\/pb.edu.pl\/liceum-ogolnoksztalcace\/","name":"Akademickie Liceum Og\u00f3lnokszta\u0142c\u0105ce Politechniki Bia\u0142ostockiej","description":"","potentialAction":[{"@type":"SearchAction","target":{"@type":"EntryPoint","urlTemplate":"https:\/\/pb.edu.pl\/liceum-ogolnoksztalcace\/?s={search_term_string}"},"query-input":{"@type":"PropertyValueSpecification","valueRequired":true,"valueName":"search_term_string"}}],"inLanguage":"pl-PL"}]}},"_links":{"self":[{"href":"https:\/\/pb.edu.pl\/liceum-ogolnoksztalcace\/wp-json\/wp\/v2\/pages\/4141","targetHints":{"allow":["GET"]}}],"collection":[{"href":"https:\/\/pb.edu.pl\/liceum-ogolnoksztalcace\/wp-json\/wp\/v2\/pages"}],"about":[{"href":"https:\/\/pb.edu.pl\/liceum-ogolnoksztalcace\/wp-json\/wp\/v2\/types\/page"}],"author":[{"embeddable":true,"href":"https:\/\/pb.edu.pl\/liceum-ogolnoksztalcace\/wp-json\/wp\/v2\/users\/55"}],"replies":[{"embeddable":true,"href":"https:\/\/pb.edu.pl\/liceum-ogolnoksztalcace\/wp-json\/wp\/v2\/comments?post=4141"}],"version-history":[{"count":0,"href":"https:\/\/pb.edu.pl\/liceum-ogolnoksztalcace\/wp-json\/wp\/v2\/pages\/4141\/revisions"}],"up":[{"embeddable":true,"href":"https:\/\/pb.edu.pl\/liceum-ogolnoksztalcace\/wp-json\/wp\/v2\/pages\/74"}],"wp:attachment":[{"href":"https:\/\/pb.edu.pl\/liceum-ogolnoksztalcace\/wp-json\/wp\/v2\/media?parent=4141"}],"curies":[{"name":"wp","href":"https:\/\/api.w.org\/{rel}","templated":true}]}}