{"id":4129,"date":"2020-01-23T11:29:45","date_gmt":"2020-01-23T10:29:45","guid":{"rendered":"https:\/\/pb.edu.pl\/liceum-ogolnoksztalcace\/?page_id=4129"},"modified":"2024-12-06T10:44:49","modified_gmt":"2024-12-06T09:44:49","slug":"szkolne-kolo-wolontariatu","status":"publish","type":"page","link":"https:\/\/pb.edu.pl\/liceum-ogolnoksztalcace\/dla-ucznia\/zajecia-projektowe\/szkolne-kolo-wolontariatu\/","title":{"rendered":"Szkolne Ko\u0142o Wolontariatu"},"content":{"rendered":"<p>Dzia\u0142alno\u015b\u0107 wolontarystyczna te\u017c mo\u017ce by\u0107 dobr\u0105 zabaw\u0105. Szkolne Ko\u0142o Wolontariatu ma na celu otworzenie uczni\u00f3w na losy ludzi potrzebuj\u0105cych.<\/p>\n<p>Praca w ramach SzKW polega na organizowaniu r\u00f3\u017cnych akcji charytatywnych na terenie szko\u0142y oraz uczestniczeniu w akcjach przygotowywanych przez instytucje zewn\u0119trzne. Cz\u0142onkowie Ko\u0142a bior\u0105 aktywny udzia\u0142 m.in. w og\u00f3lnopolskiej akcji Szlachetna Paczka, w kwestowaniu na rzecz WO\u015aP i Bia\u0142ostockiego Domowego Hospicjum dla Dzieci oraz w zbi\u00f3rce nakr\u0119tek na leczenie i rehabilitacj\u0119 Emilki. Dzi\u0119ki takiej wsp\u00f3\u0142pracy nasi uczniowie maj\u0105 mo\u017cliwo\u015b\u0107 rozwoju osobistego. Zdobywaj\u0105 nowe do\u015bwiadczenia, poznaj\u0105 swoje mo\u017cliwo\u015bci, rozwijaj\u0105 swoj\u0105 kreatywno\u015b\u0107, ucz\u0105 si\u0119 i kszta\u0142tuj\u0105 odpowiedzialno\u015b\u0107 za siebie i za drugiego cz\u0142owieka. Uczestnicz\u0105 w szkoleniach, dzi\u0119ki czemu staj\u0105 si\u0119 liderami wielu nowych przedsi\u0119wzi\u0119\u0107. Organizuj\u0105 i koordynuj\u0105 akcje prozdrowotne, wsp\u00f3\u0142pracuj\u0105 z instytucjami wspieraj\u0105cymi akcje woluntarystyczne.<\/p>\n<p>Je\u015bli jeste\u015b wra\u017cliwy na los drugiego cz\u0142owieka i nie chcesz by\u0107 oboj\u0119tny, masz ciekawe pomys\u0142y i ch\u0119\u0107 do dzia\u0142ania to bardzo serdecznie zapraszamy do wsp\u00f3\u0142pracy. Pami\u0119taj r\u00f3wnie\u017c, \u017ce warto po\u015bwi\u0119ci\u0107 chwil\u0119 swojego czasu drugiemu cz\u0142owiekowi, bo mo\u017cesz wywo\u0142a\u0107 u\u015bmiech na jego twarzy.<\/p>\n<p><strong>Spotkania Szkolnego Ko\u0142a Wolontariatu odbywaj\u0105 si\u0119 w zale\u017cno\u015bci od potrzeb i akcji, kt\u00f3re organizuj\u0105.<\/strong><\/p>\n<p>mgr Helena Sajewicz<\/p>\n","protected":false},"excerpt":{"rendered":"<p>Dzia\u0142alno\u015b\u0107 wolontarystyczna te\u017c mo\u017ce by\u0107 dobr\u0105 zabaw\u0105. Szkolne Ko\u0142o Wolontariatu ma na celu otworzenie uczni\u00f3w<\/p>\n","protected":false},"author":42,"featured_media":0,"parent":74,"menu_order":0,"comment_status":"closed","ping_status":"closed","template":"","meta":{"_acf_changed":false,"ngg_post_thumbnail":0,"footnotes":""},"class_list":["post-4129","page","type-page","status-publish","hentry"],"acf":[],"yoast_head":"<!-- This site is optimized with the Yoast SEO plugin v27.0 - https:\/\/yoast.com\/product\/yoast-seo-wordpress\/ -->\n<title>Akademickie Liceum Og\u00f3lnokszta\u0142c\u0105ce Politechniki Bia\u0142ostockiej - Szkolne Ko\u0142o Wolontariatu<\/title>\n<meta name=\"description\" content=\"Dzia\u0142alno\u015b\u0107 wolontarystyczna te\u017c mo\u017ce by\u0107 dobr\u0105 zabaw\u0105. Szkolne Ko\u0142o Wolontariatu ma na celu otworzenie uczni\u00f3w na losy ludzi potrzebuj\u0105cych. Praca w\" \/>\n<meta name=\"robots\" content=\"index, follow, max-snippet:-1, max-image-preview:large, max-video-preview:-1\" \/>\n<link rel=\"canonical\" href=\"https:\/\/pb.edu.pl\/liceum-ogolnoksztalcace\/dla-ucznia\/zajecia-projektowe\/szkolne-kolo-wolontariatu\/\" \/>\n<meta name=\"twitter:label1\" content=\"Szacowany czas czytania\" \/>\n\t<meta name=\"twitter:data1\" content=\"2 minuty\" \/>\n<script type=\"application\/ld+json\" class=\"yoast-schema-graph\">{\"@context\":\"https:\/\/schema.org\",\"@graph\":[{\"@type\":\"WebPage\",\"@id\":\"https:\/\/pb.edu.pl\/liceum-ogolnoksztalcace\/dla-ucznia\/zajecia-projektowe\/szkolne-kolo-wolontariatu\/\",\"url\":\"https:\/\/pb.edu.pl\/liceum-ogolnoksztalcace\/dla-ucznia\/zajecia-projektowe\/szkolne-kolo-wolontariatu\/\",\"name\":\"Akademickie Liceum Og\u00f3lnokszta\u0142c\u0105ce Politechniki Bia\u0142ostockiej - Szkolne Ko\u0142o Wolontariatu\",\"isPartOf\":{\"@id\":\"https:\/\/pb.edu.pl\/liceum-ogolnoksztalcace\/#website\"},\"datePublished\":\"2020-01-23T10:29:45+00:00\",\"dateModified\":\"2024-12-06T09:44:49+00:00\",\"description\":\"Dzia\u0142alno\u015b\u0107 wolontarystyczna te\u017c mo\u017ce by\u0107 dobr\u0105 zabaw\u0105. Szkolne Ko\u0142o Wolontariatu ma na celu otworzenie uczni\u00f3w na losy ludzi potrzebuj\u0105cych. Praca w\",\"breadcrumb\":{\"@id\":\"https:\/\/pb.edu.pl\/liceum-ogolnoksztalcace\/dla-ucznia\/zajecia-projektowe\/szkolne-kolo-wolontariatu\/#breadcrumb\"},\"inLanguage\":\"pl-PL\",\"potentialAction\":[{\"@type\":\"ReadAction\",\"target\":[\"https:\/\/pb.edu.pl\/liceum-ogolnoksztalcace\/dla-ucznia\/zajecia-projektowe\/szkolne-kolo-wolontariatu\/\"]}]},{\"@type\":\"BreadcrumbList\",\"@id\":\"https:\/\/pb.edu.pl\/liceum-ogolnoksztalcace\/dla-ucznia\/zajecia-projektowe\/szkolne-kolo-wolontariatu\/#breadcrumb\",\"itemListElement\":[{\"@type\":\"ListItem\",\"position\":1,\"name\":\"Home\",\"item\":\"https:\/\/pb.edu.pl\/liceum-ogolnoksztalcace\/\"},{\"@type\":\"ListItem\",\"position\":2,\"name\":\"Dla ucznia\",\"item\":\"https:\/\/pb.edu.pl\/liceum-ogolnoksztalcace\/dla-ucznia\/\"},{\"@type\":\"ListItem\",\"position\":3,\"name\":\"Zaj\u0119cia projektowe\",\"item\":\"https:\/\/pb.edu.pl\/liceum-ogolnoksztalcace\/dla-ucznia\/zajecia-projektowe\/\"},{\"@type\":\"ListItem\",\"position\":4,\"name\":\"Szkolne Ko\u0142o Wolontariatu\"}]},{\"@type\":\"WebSite\",\"@id\":\"https:\/\/pb.edu.pl\/liceum-ogolnoksztalcace\/#website\",\"url\":\"https:\/\/pb.edu.pl\/liceum-ogolnoksztalcace\/\",\"name\":\"Akademickie Liceum Og\u00f3lnokszta\u0142c\u0105ce Politechniki Bia\u0142ostockiej\",\"description\":\"\",\"potentialAction\":[{\"@type\":\"SearchAction\",\"target\":{\"@type\":\"EntryPoint\",\"urlTemplate\":\"https:\/\/pb.edu.pl\/liceum-ogolnoksztalcace\/?s={search_term_string}\"},\"query-input\":{\"@type\":\"PropertyValueSpecification\",\"valueRequired\":true,\"valueName\":\"search_term_string\"}}],\"inLanguage\":\"pl-PL\"}]}<\/script>\n<!-- \/ Yoast SEO plugin. -->","yoast_head_json":{"title":"Akademickie Liceum Og\u00f3lnokszta\u0142c\u0105ce Politechniki Bia\u0142ostockiej - Szkolne Ko\u0142o Wolontariatu","description":"Dzia\u0142alno\u015b\u0107 wolontarystyczna te\u017c mo\u017ce by\u0107 dobr\u0105 zabaw\u0105. Szkolne Ko\u0142o Wolontariatu ma na celu otworzenie uczni\u00f3w na losy ludzi potrzebuj\u0105cych. Praca w","robots":{"index":"index","follow":"follow","max-snippet":"max-snippet:-1","max-image-preview":"max-image-preview:large","max-video-preview":"max-video-preview:-1"},"canonical":"https:\/\/pb.edu.pl\/liceum-ogolnoksztalcace\/dla-ucznia\/zajecia-projektowe\/szkolne-kolo-wolontariatu\/","twitter_misc":{"Szacowany czas czytania":"2 minuty"},"schema":{"@context":"https:\/\/schema.org","@graph":[{"@type":"WebPage","@id":"https:\/\/pb.edu.pl\/liceum-ogolnoksztalcace\/dla-ucznia\/zajecia-projektowe\/szkolne-kolo-wolontariatu\/","url":"https:\/\/pb.edu.pl\/liceum-ogolnoksztalcace\/dla-ucznia\/zajecia-projektowe\/szkolne-kolo-wolontariatu\/","name":"Akademickie Liceum Og\u00f3lnokszta\u0142c\u0105ce Politechniki Bia\u0142ostockiej - Szkolne Ko\u0142o Wolontariatu","isPartOf":{"@id":"https:\/\/pb.edu.pl\/liceum-ogolnoksztalcace\/#website"},"datePublished":"2020-01-23T10:29:45+00:00","dateModified":"2024-12-06T09:44:49+00:00","description":"Dzia\u0142alno\u015b\u0107 wolontarystyczna te\u017c mo\u017ce by\u0107 dobr\u0105 zabaw\u0105. Szkolne Ko\u0142o Wolontariatu ma na celu otworzenie uczni\u00f3w na losy ludzi potrzebuj\u0105cych. Praca w","breadcrumb":{"@id":"https:\/\/pb.edu.pl\/liceum-ogolnoksztalcace\/dla-ucznia\/zajecia-projektowe\/szkolne-kolo-wolontariatu\/#breadcrumb"},"inLanguage":"pl-PL","potentialAction":[{"@type":"ReadAction","target":["https:\/\/pb.edu.pl\/liceum-ogolnoksztalcace\/dla-ucznia\/zajecia-projektowe\/szkolne-kolo-wolontariatu\/"]}]},{"@type":"BreadcrumbList","@id":"https:\/\/pb.edu.pl\/liceum-ogolnoksztalcace\/dla-ucznia\/zajecia-projektowe\/szkolne-kolo-wolontariatu\/#breadcrumb","itemListElement":[{"@type":"ListItem","position":1,"name":"Home","item":"https:\/\/pb.edu.pl\/liceum-ogolnoksztalcace\/"},{"@type":"ListItem","position":2,"name":"Dla ucznia","item":"https:\/\/pb.edu.pl\/liceum-ogolnoksztalcace\/dla-ucznia\/"},{"@type":"ListItem","position":3,"name":"Zaj\u0119cia projektowe","item":"https:\/\/pb.edu.pl\/liceum-ogolnoksztalcace\/dla-ucznia\/zajecia-projektowe\/"},{"@type":"ListItem","position":4,"name":"Szkolne Ko\u0142o Wolontariatu"}]},{"@type":"WebSite","@id":"https:\/\/pb.edu.pl\/liceum-ogolnoksztalcace\/#website","url":"https:\/\/pb.edu.pl\/liceum-ogolnoksztalcace\/","name":"Akademickie Liceum Og\u00f3lnokszta\u0142c\u0105ce Politechniki Bia\u0142ostockiej","description":"","potentialAction":[{"@type":"SearchAction","target":{"@type":"EntryPoint","urlTemplate":"https:\/\/pb.edu.pl\/liceum-ogolnoksztalcace\/?s={search_term_string}"},"query-input":{"@type":"PropertyValueSpecification","valueRequired":true,"valueName":"search_term_string"}}],"inLanguage":"pl-PL"}]}},"_links":{"self":[{"href":"https:\/\/pb.edu.pl\/liceum-ogolnoksztalcace\/wp-json\/wp\/v2\/pages\/4129","targetHints":{"allow":["GET"]}}],"collection":[{"href":"https:\/\/pb.edu.pl\/liceum-ogolnoksztalcace\/wp-json\/wp\/v2\/pages"}],"about":[{"href":"https:\/\/pb.edu.pl\/liceum-ogolnoksztalcace\/wp-json\/wp\/v2\/types\/page"}],"author":[{"embeddable":true,"href":"https:\/\/pb.edu.pl\/liceum-ogolnoksztalcace\/wp-json\/wp\/v2\/users\/42"}],"replies":[{"embeddable":true,"href":"https:\/\/pb.edu.pl\/liceum-ogolnoksztalcace\/wp-json\/wp\/v2\/comments?post=4129"}],"version-history":[{"count":0,"href":"https:\/\/pb.edu.pl\/liceum-ogolnoksztalcace\/wp-json\/wp\/v2\/pages\/4129\/revisions"}],"up":[{"embeddable":true,"href":"https:\/\/pb.edu.pl\/liceum-ogolnoksztalcace\/wp-json\/wp\/v2\/pages\/74"}],"wp:attachment":[{"href":"https:\/\/pb.edu.pl\/liceum-ogolnoksztalcace\/wp-json\/wp\/v2\/media?parent=4129"}],"curies":[{"name":"wp","href":"https:\/\/api.w.org\/{rel}","templated":true}]}}