{"id":28,"date":"2017-11-13T22:07:17","date_gmt":"2017-11-13T21:07:17","guid":{"rendered":"https:\/\/pb.edu.pl\/liceum-ogolnoksztalcace\/?page_id=28"},"modified":"2017-11-14T21:23:23","modified_gmt":"2017-11-14T20:23:23","slug":"aktualnosci","status":"publish","type":"page","link":"https:\/\/pb.edu.pl\/liceum-ogolnoksztalcace\/aktualnosci\/","title":{"rendered":"Aktualno\u015bci"},"content":{"rendered":"\t\t<div class=\"box news-box \">\n\t\t<div class=\"row\">\n\t\t\t\n\t\t\t\n\t\t\t\t\n\t\t\t\t\t\t\t\t\t\t<div class=\"col-sm-3\">\n\t\t\t\t\t\t\t\n<article class=\"format-standard\">\n    <span class=\"date text-right\"><i class=\"fal fa-calendar-alt\"><\/i> 04-02-2026<\/span>\n    <a href=\"https:\/\/pb.edu.pl\/liceum-ogolnoksztalcace\/2026\/02\/04\/iii-miejsce-perspektyw\/\">\n      <div class=\"article-image\">\n        <img loading=\"lazy\" decoding=\"async\" width=\"480\" height=\"300\" src=\"https:\/\/pb.edu.pl\/liceum-ogolnoksztalcace\/wp-content\/uploads\/sites\/10\/2026\/02\/8ceba811-6618-403a-89cc-733e0590de62-480x300.jpg\" class=\"attachment-medium-image-16x10 size-medium-image-16x10 wp-post-image\" alt=\"\" \/>      <\/div>\n      <h3>III miejsce Perspektyw <\/h3>\n      Dyrekcja wraz z uczniami ALO PB odebrali wyr\u00f3\u017cnienie III miejsca Rankingu    <\/a>\n<\/article>\t\t\t\t\t\t<\/div>\n\t\t\t\t\t\t\t\t\t\t\t<div class=\"col-sm-3\">\n\t\t\t\t\t\t\t\n<article class=\"format-standard\">\n    <span class=\"date text-right\"><i class=\"fal fa-calendar-alt\"><\/i> 15-01-2026<\/span>\n    <a href=\"https:\/\/pb.edu.pl\/liceum-ogolnoksztalcace\/2026\/01\/15\/alo-pb-w-top-3-podlaskich-liceow\/\">\n      <div class=\"article-image\">\n        <img loading=\"lazy\" decoding=\"async\" width=\"480\" height=\"300\" src=\"https:\/\/pb.edu.pl\/liceum-ogolnoksztalcace\/wp-content\/uploads\/sites\/10\/2026\/01\/616632301_1302417065255560_3890022511041506071_n-480x300.jpg\" class=\"attachment-medium-image-16x10 size-medium-image-16x10 wp-post-image\" alt=\"\" \/>      <\/div>\n      <h3>ALO PB w TOP 3 podlaskich lice\u00f3w<\/h3>\n      Akademickie Liceum Og\u00f3lnokszta\u0142c\u0105ce Politechniki Bia\u0142ostockiej ponownie awansowa\u0142o w Rankingu Lice\u00f3w Perspektywy.    <\/a>\n<\/article>\t\t\t\t\t\t<\/div>\n\t\t\t\t\t\t\t\t\t\t\t<div class=\"col-sm-3\">\n\t\t\t\t\t\t\t\n<article class=\"format-standard\">\n    <span class=\"date text-right\"><i class=\"fal fa-calendar-alt\"><\/i> 23-04-2026<\/span>\n    <a href=\"https:\/\/pb.edu.pl\/liceum-ogolnoksztalcace\/2026\/04\/23\/dzien-otwarty-alo\/\">\n      <div class=\"article-image\">\n        <img loading=\"lazy\" decoding=\"async\" width=\"480\" height=\"300\" src=\"https:\/\/pb.edu.pl\/liceum-ogolnoksztalcace\/wp-content\/uploads\/sites\/10\/2026\/04\/ALO-PB_1400x900-v2-480x300.jpg\" class=\"attachment-medium-image-16x10 size-medium-image-16x10 wp-post-image\" alt=\"\" \/>      <\/div>\n      <h3>DZIE\u0143 OTWARTY ALO<\/h3>\n      Serdecznie zapraszamy na Dzie\u0144 Otwarty ALO PB, kt\u00f3ry odb\u0119dzie si\u0119 26    <\/a>\n<\/article>\t\t\t\t\t\t<\/div>\n\t\t\t\t\t\t\t\t\t\t\t<div class=\"col-sm-3\">\n\t\t\t\t\t\t\t\n<article class=\"format-standard\">\n    <span class=\"date text-right\"><i class=\"fal fa-calendar-alt\"><\/i> 30-04-2026<\/span>\n    <a href=\"https:\/\/pb.edu.pl\/liceum-ogolnoksztalcace\/2026\/04\/30\/wyklad-o-zdrowym-zywieniu\/\">\n      <div class=\"article-image\">\n        <img loading=\"lazy\" decoding=\"async\" width=\"480\" height=\"300\" src=\"https:\/\/pb.edu.pl\/liceum-ogolnoksztalcace\/wp-content\/uploads\/sites\/10\/2026\/04\/8cbd3a86-5bf1-4837-b8ce-8e4190c0efd7-480x300.jpg\" class=\"attachment-medium-image-16x10 size-medium-image-16x10 wp-post-image\" alt=\"\" \/>      <\/div>\n      <h3>Wyk\u0142ad o zdrowym \u017cywieniu<\/h3>\n      Dzisiaj w klasach 3B i 3A odby\u0142 si\u0119 dzi\u015b ciekawy wyk\u0142ad    <\/a>\n<\/article>\t\t\t\t\t\t<\/div>\n\t\t\t\t\t\t\t\t\t\t\t<div class=\"col-sm-3\">\n\t\t\t\t\t\t\t\n<article class=\"format-standard\">\n    <span class=\"date text-right\"><i class=\"fal fa-calendar-alt\"><\/i> 29-04-2026<\/span>\n    <a href=\"https:\/\/pb.edu.pl\/liceum-ogolnoksztalcace\/2026\/04\/29\/mamy-ogromne-serca\/\">\n      <div class=\"article-image\">\n        <img loading=\"lazy\" decoding=\"async\" width=\"480\" height=\"300\" src=\"https:\/\/pb.edu.pl\/liceum-ogolnoksztalcace\/wp-content\/uploads\/sites\/10\/2026\/04\/684417981_1570977857824086_1708596642877214530_n-480x300.jpg\" class=\"attachment-medium-image-16x10 size-medium-image-16x10 wp-post-image\" alt=\"\" \/>      <\/div>\n      <h3>Mamy ogromne serca<\/h3>\n      Z ogromn\u0105 dum\u0105 og\u0142aszamy, \u017ce dzi\u0119ki wsp\u00f3lnej energii i zaanga\u017cowaniu ca\u0142ej    <\/a>\n<\/article>\t\t\t\t\t\t<\/div>\n\t\t\t\t\t\t\t\t\t\t\t<div class=\"col-sm-3\">\n\t\t\t\t\t\t\t\n<article class=\"format-standard\">\n    <span class=\"date text-right\"><i class=\"fal fa-calendar-alt\"><\/i> 27-04-2026<\/span>\n    <a href=\"https:\/\/pb.edu.pl\/liceum-ogolnoksztalcace\/2026\/04\/27\/u-nas-tworza-sie-przyjaznie\/\">\n      <div class=\"article-image\">\n        <img loading=\"lazy\" decoding=\"async\" width=\"480\" height=\"300\" src=\"https:\/\/pb.edu.pl\/liceum-ogolnoksztalcace\/wp-content\/uploads\/sites\/10\/2026\/04\/you-5-480x300.png\" class=\"attachment-medium-image-16x10 size-medium-image-16x10 wp-post-image\" alt=\"\" \/>      <\/div>\n      <h3>U nas tworz\u0105 si\u0119 przyja\u017anie<\/h3>\n      W dzisiejszym \u015bwiecie, gdzie tempo \u017cycia stale ro\u015bnie, a kontakty mi\u0119dzyludzkie    <\/a>\n<\/article>\t\t\t\t\t\t<\/div>\n\t\t\t\t\t\t\t\t\t\t\t<div class=\"col-sm-3\">\n\t\t\t\t\t\t\t\n<article class=\"format-standard\">\n    <span class=\"date text-right\"><i class=\"fal fa-calendar-alt\"><\/i> 25-04-2026<\/span>\n    <a href=\"https:\/\/pb.edu.pl\/liceum-ogolnoksztalcace\/2026\/04\/25\/pamiatkowe-fotografie-z-absolwentami-i-rodzicami\/\">\n      <div class=\"article-image\">\n        <img loading=\"lazy\" decoding=\"async\" width=\"480\" height=\"300\" src=\"https:\/\/pb.edu.pl\/liceum-ogolnoksztalcace\/wp-content\/uploads\/sites\/10\/2026\/04\/Maturzysci2026-2-1-480x300.jpg\" class=\"attachment-medium-image-16x10 size-medium-image-16x10 wp-post-image\" alt=\"\" \/>      <\/div>\n      <h3>Pami\u0105tkowe fotografie z Absolwentami i Rodzicami<\/h3>\n      Po zako\u0144czeniu oficjalnej cz\u0119\u015bci uroczysto\u015bci zako\u0144czenia lat nauki w klasach czwartych,    <\/a>\n<\/article>\t\t\t\t\t\t<\/div>\n\t\t\t\t\t\t\t\t\t\t\t<div class=\"col-sm-3\">\n\t\t\t\t\t\t\t\n<article class=\"format-standard\">\n    <span class=\"date text-right\"><i class=\"fal fa-calendar-alt\"><\/i> 25-04-2026<\/span>\n    <a href=\"https:\/\/pb.edu.pl\/liceum-ogolnoksztalcace\/2026\/04\/25\/wszyscy-ukonczyli-szkole-z-wyroznieniem\/\">\n      <div class=\"article-image\">\n        <img loading=\"lazy\" decoding=\"async\" width=\"480\" height=\"300\" src=\"https:\/\/pb.edu.pl\/liceum-ogolnoksztalcace\/wp-content\/uploads\/sites\/10\/2026\/04\/Zakonczenie-klas-maturalnych-5-1-480x300.jpg\" class=\"attachment-medium-image-16x10 size-medium-image-16x10 wp-post-image\" alt=\"\" srcset=\"https:\/\/pb.edu.pl\/liceum-ogolnoksztalcace\/wp-content\/uploads\/sites\/10\/2026\/04\/Zakonczenie-klas-maturalnych-5-1-480x300.jpg 480w, https:\/\/pb.edu.pl\/liceum-ogolnoksztalcace\/wp-content\/uploads\/sites\/10\/2026\/04\/Zakonczenie-klas-maturalnych-5-1-300x188.jpg 300w, https:\/\/pb.edu.pl\/liceum-ogolnoksztalcace\/wp-content\/uploads\/sites\/10\/2026\/04\/Zakonczenie-klas-maturalnych-5-1-1024x640.jpg 1024w, https:\/\/pb.edu.pl\/liceum-ogolnoksztalcace\/wp-content\/uploads\/sites\/10\/2026\/04\/Zakonczenie-klas-maturalnych-5-1-768x480.jpg 768w, https:\/\/pb.edu.pl\/liceum-ogolnoksztalcace\/wp-content\/uploads\/sites\/10\/2026\/04\/Zakonczenie-klas-maturalnych-5-1-1536x960.jpg 1536w, https:\/\/pb.edu.pl\/liceum-ogolnoksztalcace\/wp-content\/uploads\/sites\/10\/2026\/04\/Zakonczenie-klas-maturalnych-5-1.jpg 2048w\" sizes=\"auto, (max-width: 480px) 100vw, 480px\" \/>      <\/div>\n      <h3>Wszyscy uko\u0144czyli szko\u0142\u0119 z wyr\u00f3\u017cnieniem!<\/h3>\n      55 maturzyst\u00f3w z Akademickie Liceum Og\u00f3lnokszta\u0142c\u0105ce Politechniki Bia\u0142ostockiej rozpoczyna nowy etap!    <\/a>\n<\/article>\t\t\t\t\t\t<\/div>\n\t\t\t\t\t\t\t\t\t\t\t<div class=\"col-sm-3\">\n\t\t\t\t\t\t\t\n<article class=\"format-standard\">\n    <span class=\"date text-right\"><i class=\"fal fa-calendar-alt\"><\/i> 23-04-2026<\/span>\n    <a href=\"https:\/\/pb.edu.pl\/liceum-ogolnoksztalcace\/2026\/04\/23\/zaproszenie\/\">\n      <div class=\"article-image\">\n        <img loading=\"lazy\" decoding=\"async\" width=\"480\" height=\"300\" src=\"https:\/\/pb.edu.pl\/liceum-ogolnoksztalcace\/wp-content\/uploads\/sites\/10\/2026\/04\/na-impreze-z-okazji-1-480x300.png\" class=\"attachment-medium-image-16x10 size-medium-image-16x10 wp-post-image\" alt=\"\" \/>      <\/div>\n      <h3>Zaproszenie<\/h3>\n      Serdecznie zapraszamy Absolwent\u00f3w oraz Rodzic\u00f3w na uroczyste rozdanie \u015bwiadectw i nagr\u00f3d,    <\/a>\n<\/article>\t\t\t\t\t\t<\/div>\n\t\t\t\t\t\t\t\t\t\t\t<div class=\"col-sm-3\">\n\t\t\t\t\t\t\t\n<article class=\"format-standard\">\n    <span class=\"date text-right\"><i class=\"fal fa-calendar-alt\"><\/i> 23-04-2026<\/span>\n    <a href=\"https:\/\/pb.edu.pl\/liceum-ogolnoksztalcace\/2026\/04\/23\/dwoch-uczniow-z-sukcesem-matematycznym\/\">\n      <div class=\"article-image\">\n        <img loading=\"lazy\" decoding=\"async\" width=\"480\" height=\"300\" src=\"https:\/\/pb.edu.pl\/liceum-ogolnoksztalcace\/wp-content\/uploads\/sites\/10\/2026\/04\/Konkur-Matematyczny-Politechniki-Bialostockiej-fot-Dariusz-Piekut-PB-1-480x300.jpg\" class=\"attachment-medium-image-16x10 size-medium-image-16x10 wp-post-image\" alt=\"\" srcset=\"https:\/\/pb.edu.pl\/liceum-ogolnoksztalcace\/wp-content\/uploads\/sites\/10\/2026\/04\/Konkur-Matematyczny-Politechniki-Bialostockiej-fot-Dariusz-Piekut-PB-1-480x300.jpg 480w, https:\/\/pb.edu.pl\/liceum-ogolnoksztalcace\/wp-content\/uploads\/sites\/10\/2026\/04\/Konkur-Matematyczny-Politechniki-Bialostockiej-fot-Dariusz-Piekut-PB-1-300x188.jpg 300w, https:\/\/pb.edu.pl\/liceum-ogolnoksztalcace\/wp-content\/uploads\/sites\/10\/2026\/04\/Konkur-Matematyczny-Politechniki-Bialostockiej-fot-Dariusz-Piekut-PB-1-1024x640.jpg 1024w, https:\/\/pb.edu.pl\/liceum-ogolnoksztalcace\/wp-content\/uploads\/sites\/10\/2026\/04\/Konkur-Matematyczny-Politechniki-Bialostockiej-fot-Dariusz-Piekut-PB-1-768x480.jpg 768w, https:\/\/pb.edu.pl\/liceum-ogolnoksztalcace\/wp-content\/uploads\/sites\/10\/2026\/04\/Konkur-Matematyczny-Politechniki-Bialostockiej-fot-Dariusz-Piekut-PB-1-1536x960.jpg 1536w, https:\/\/pb.edu.pl\/liceum-ogolnoksztalcace\/wp-content\/uploads\/sites\/10\/2026\/04\/Konkur-Matematyczny-Politechniki-Bialostockiej-fot-Dariusz-Piekut-PB-1-2048x1280.jpg 2048w\" sizes=\"auto, (max-width: 480px) 100vw, 480px\" \/>      <\/div>\n      <h3>Dw\u00f3ch uczni\u00f3w z sukcesem matematycznym<\/h3>\n      28 marca uczniowie Akademickiego Liceum Og\u00f3lnokszta\u0142c\u0105cego wzi\u0119li udzia\u0142 w XVIII Konkursie    <\/a>\n<\/article>\t\t\t\t\t\t<\/div>\n\t\t\t\t\t\t\t\t\t\t\t<div class=\"col-sm-3\">\n\t\t\t\t\t\t\t\n<article class=\"format-standard\">\n    <span class=\"date text-right\"><i class=\"fal fa-calendar-alt\"><\/i> 23-04-2026<\/span>\n    <a href=\"https:\/\/pb.edu.pl\/liceum-ogolnoksztalcace\/2026\/04\/23\/zoltej-kanapy-z-udzialem-zosi\/\">\n      <div class=\"article-image\">\n        <img loading=\"lazy\" decoding=\"async\" width=\"480\" height=\"300\" src=\"https:\/\/pb.edu.pl\/liceum-ogolnoksztalcace\/wp-content\/uploads\/sites\/10\/2026\/04\/p-480x300.jpg\" class=\"attachment-medium-image-16x10 size-medium-image-16x10 wp-post-image\" alt=\"\" \/>      <\/div>\n      <h3>\u017b\u00f3\u0142tej Kanapy z udzia\u0142em Zosi<\/h3>\n      Co pi\u0105te dziecko w Polsce do\u015bwiadczy\u0142o przemocy w sieci. &nbsp; A\u017c    <\/a>\n<\/article>\t\t\t\t\t\t<\/div>\n\t\t\t\t\t\t\t\t\t\t\t<div class=\"col-sm-3\">\n\t\t\t\t\t\t\t\n<article class=\"format-standard\">\n    <span class=\"date text-right\"><i class=\"fal fa-calendar-alt\"><\/i> 22-04-2026<\/span>\n    <a href=\"https:\/\/pb.edu.pl\/liceum-ogolnoksztalcace\/2026\/04\/22\/laureaci-konkursu-el-robo-mech-2\/\">\n      <div class=\"article-image\">\n        <img loading=\"lazy\" decoding=\"async\" width=\"480\" height=\"300\" src=\"https:\/\/pb.edu.pl\/liceum-ogolnoksztalcace\/wp-content\/uploads\/sites\/10\/2026\/04\/IMG_0187-480x300.jpg\" class=\"attachment-medium-image-16x10 size-medium-image-16x10 wp-post-image\" alt=\"\" \/>      <\/div>\n      <h3>Laureaci konkursu El-Robo-Mech<\/h3>\n      Pi\u0119ciu naszych uczni\u00f3w zosta\u0142o laureatami konkursu El-Robo-Mech. 15 kwietnia 2026 roku    <\/a>\n<\/article>\t\t\t\t\t\t<\/div>\n\t\t\t\t\t\n\t\t\t\t\n\t\t\t\t\t<\/div>\n\t\t\n\t<nav class=\"navigation pagination\" aria-label=\"Stronicowanie wpis\u00f3w\">\n\t\t<h2 class=\"screen-reader-text\">Stronicowanie wpis\u00f3w<\/h2>\n\t\t<div class=\"nav-links\"><span aria-current=\"page\" class=\"page-numbers current\">1<\/span>\n<a class=\"page-numbers\" href=\"https:\/\/pb.edu.pl\/liceum-ogolnoksztalcace\/wp-json\/wp\/v2\/pages\/28\/page\/2\/\">2<\/a>\n<a class=\"page-numbers\" href=\"https:\/\/pb.edu.pl\/liceum-ogolnoksztalcace\/wp-json\/wp\/v2\/pages\/28\/page\/3\/\">3<\/a>\n<span class=\"page-numbers dots\">&hellip;<\/span>\n<a class=\"page-numbers\" href=\"https:\/\/pb.edu.pl\/liceum-ogolnoksztalcace\/wp-json\/wp\/v2\/pages\/28\/page\/84\/\">84<\/a>\n<a class=\"next page-numbers\" href=\"https:\/\/pb.edu.pl\/liceum-ogolnoksztalcace\/wp-json\/wp\/v2\/pages\/28\/page\/2\/\">Nast\u0119pne<\/a><\/div>\n\t<\/nav>\t\t\t<\/div>\n\n","protected":false},"excerpt":{"rendered":"","protected":false},"author":2,"featured_media":0,"parent":0,"menu_order":1,"comment_status":"closed","ping_status":"closed","template":"","meta":{"_acf_changed":false,"ngg_post_thumbnail":0,"footnotes":""},"class_list":["post-28","page","type-page","status-publish","hentry"],"acf":[],"yoast_head":"<!-- This site is optimized with the Yoast SEO plugin v27.0 - https:\/\/yoast.com\/product\/yoast-seo-wordpress\/ -->\n<title>Akademickie Liceum Og\u00f3lnokszta\u0142c\u0105ce Politechniki Bia\u0142ostockiej - Aktualno\u015bci<\/title>\n<meta name=\"robots\" content=\"index, follow, max-snippet:-1, max-image-preview:large, max-video-preview:-1\" \/>\n<link rel=\"canonical\" href=\"https:\/\/pb.edu.pl\/liceum-ogolnoksztalcace\/aktualnosci\/\" \/>\n<script type=\"application\/ld+json\" class=\"yoast-schema-graph\">{\"@context\":\"https:\/\/schema.org\",\"@graph\":[{\"@type\":\"WebPage\",\"@id\":\"https:\/\/pb.edu.pl\/liceum-ogolnoksztalcace\/aktualnosci\/\",\"url\":\"https:\/\/pb.edu.pl\/liceum-ogolnoksztalcace\/aktualnosci\/\",\"name\":\"Akademickie Liceum Og\u00f3lnokszta\u0142c\u0105ce Politechniki Bia\u0142ostockiej - Aktualno\u015bci\",\"isPartOf\":{\"@id\":\"https:\/\/pb.edu.pl\/liceum-ogolnoksztalcace\/#website\"},\"datePublished\":\"2017-11-13T21:07:17+00:00\",\"dateModified\":\"2017-11-14T20:23:23+00:00\",\"breadcrumb\":{\"@id\":\"https:\/\/pb.edu.pl\/liceum-ogolnoksztalcace\/aktualnosci\/#breadcrumb\"},\"inLanguage\":\"pl-PL\",\"potentialAction\":[{\"@type\":\"ReadAction\",\"target\":[\"https:\/\/pb.edu.pl\/liceum-ogolnoksztalcace\/aktualnosci\/\"]}]},{\"@type\":\"BreadcrumbList\",\"@id\":\"https:\/\/pb.edu.pl\/liceum-ogolnoksztalcace\/aktualnosci\/#breadcrumb\",\"itemListElement\":[{\"@type\":\"ListItem\",\"position\":1,\"name\":\"Home\",\"item\":\"https:\/\/pb.edu.pl\/liceum-ogolnoksztalcace\/\"},{\"@type\":\"ListItem\",\"position\":2,\"name\":\"Aktualno\u015bci\"}]},{\"@type\":\"WebSite\",\"@id\":\"https:\/\/pb.edu.pl\/liceum-ogolnoksztalcace\/#website\",\"url\":\"https:\/\/pb.edu.pl\/liceum-ogolnoksztalcace\/\",\"name\":\"Akademickie Liceum Og\u00f3lnokszta\u0142c\u0105ce Politechniki Bia\u0142ostockiej\",\"description\":\"\",\"potentialAction\":[{\"@type\":\"SearchAction\",\"target\":{\"@type\":\"EntryPoint\",\"urlTemplate\":\"https:\/\/pb.edu.pl\/liceum-ogolnoksztalcace\/?s={search_term_string}\"},\"query-input\":{\"@type\":\"PropertyValueSpecification\",\"valueRequired\":true,\"valueName\":\"search_term_string\"}}],\"inLanguage\":\"pl-PL\"}]}<\/script>\n<!-- \/ Yoast SEO plugin. -->","yoast_head_json":{"title":"Akademickie Liceum Og\u00f3lnokszta\u0142c\u0105ce Politechniki Bia\u0142ostockiej - Aktualno\u015bci","robots":{"index":"index","follow":"follow","max-snippet":"max-snippet:-1","max-image-preview":"max-image-preview:large","max-video-preview":"max-video-preview:-1"},"canonical":"https:\/\/pb.edu.pl\/liceum-ogolnoksztalcace\/aktualnosci\/","schema":{"@context":"https:\/\/schema.org","@graph":[{"@type":"WebPage","@id":"https:\/\/pb.edu.pl\/liceum-ogolnoksztalcace\/aktualnosci\/","url":"https:\/\/pb.edu.pl\/liceum-ogolnoksztalcace\/aktualnosci\/","name":"Akademickie Liceum Og\u00f3lnokszta\u0142c\u0105ce Politechniki Bia\u0142ostockiej - Aktualno\u015bci","isPartOf":{"@id":"https:\/\/pb.edu.pl\/liceum-ogolnoksztalcace\/#website"},"datePublished":"2017-11-13T21:07:17+00:00","dateModified":"2017-11-14T20:23:23+00:00","breadcrumb":{"@id":"https:\/\/pb.edu.pl\/liceum-ogolnoksztalcace\/aktualnosci\/#breadcrumb"},"inLanguage":"pl-PL","potentialAction":[{"@type":"ReadAction","target":["https:\/\/pb.edu.pl\/liceum-ogolnoksztalcace\/aktualnosci\/"]}]},{"@type":"BreadcrumbList","@id":"https:\/\/pb.edu.pl\/liceum-ogolnoksztalcace\/aktualnosci\/#breadcrumb","itemListElement":[{"@type":"ListItem","position":1,"name":"Home","item":"https:\/\/pb.edu.pl\/liceum-ogolnoksztalcace\/"},{"@type":"ListItem","position":2,"name":"Aktualno\u015bci"}]},{"@type":"WebSite","@id":"https:\/\/pb.edu.pl\/liceum-ogolnoksztalcace\/#website","url":"https:\/\/pb.edu.pl\/liceum-ogolnoksztalcace\/","name":"Akademickie Liceum Og\u00f3lnokszta\u0142c\u0105ce Politechniki Bia\u0142ostockiej","description":"","potentialAction":[{"@type":"SearchAction","target":{"@type":"EntryPoint","urlTemplate":"https:\/\/pb.edu.pl\/liceum-ogolnoksztalcace\/?s={search_term_string}"},"query-input":{"@type":"PropertyValueSpecification","valueRequired":true,"valueName":"search_term_string"}}],"inLanguage":"pl-PL"}]}},"_links":{"self":[{"href":"https:\/\/pb.edu.pl\/liceum-ogolnoksztalcace\/wp-json\/wp\/v2\/pages\/28","targetHints":{"allow":["GET"]}}],"collection":[{"href":"https:\/\/pb.edu.pl\/liceum-ogolnoksztalcace\/wp-json\/wp\/v2\/pages"}],"about":[{"href":"https:\/\/pb.edu.pl\/liceum-ogolnoksztalcace\/wp-json\/wp\/v2\/types\/page"}],"author":[{"embeddable":true,"href":"https:\/\/pb.edu.pl\/liceum-ogolnoksztalcace\/wp-json\/wp\/v2\/users\/2"}],"replies":[{"embeddable":true,"href":"https:\/\/pb.edu.pl\/liceum-ogolnoksztalcace\/wp-json\/wp\/v2\/comments?post=28"}],"version-history":[{"count":0,"href":"https:\/\/pb.edu.pl\/liceum-ogolnoksztalcace\/wp-json\/wp\/v2\/pages\/28\/revisions"}],"wp:attachment":[{"href":"https:\/\/pb.edu.pl\/liceum-ogolnoksztalcace\/wp-json\/wp\/v2\/media?parent=28"}],"curies":[{"name":"wp","href":"https:\/\/api.w.org\/{rel}","templated":true}]}}