{"id":2490,"date":"2019-01-20T21:11:35","date_gmt":"2019-01-20T20:11:35","guid":{"rendered":"https:\/\/pb.edu.pl\/liceum-ogolnoksztalcace\/?page_id=2490"},"modified":"2025-06-02T19:56:05","modified_gmt":"2025-06-02T17:56:05","slug":"sukcesy","status":"publish","type":"page","link":"https:\/\/pb.edu.pl\/liceum-ogolnoksztalcace\/o-szkole\/sukcesy\/","title":{"rendered":"O szkole"},"content":{"rendered":"<div class=\"row\">\n<div class=\"col-md-6\">\n<h1>O szkole<\/h1>\n<\/div>\n<div class=\"col-md-6\">\n<div class=\"text-right\"><a class=\"lang pl disabled\" title=\"Polish\" href=\"\/liceum-ogolnoksztalcace\/o-szkole\/sukcesy\/\">PL<\/a> <a class=\"lang en\" title=\"switch to English\" href=\"\/liceum-ogolnoksztalcace\/about-school\/\">EN<\/a> <a class=\"lang ru\" title=\"switch to Russian\" href=\"\/liceum-ogolnoksztalcace\/\u043e-\u0448\u043a\u043e\u043b\u0435\/\">RU<\/a> <a class=\"lang de\" title=\"switch to German\" href=\"\/liceum-ogolnoksztalcace\/uber-die-schule\/\">DE<\/a><\/div>\n<\/div><\/div>\n<p><strong>ALOPB to szko\u0142a niepubliczna o uprawnieniach szko\u0142y publicznej<\/strong>, kt\u00f3ra funkcjonuje w strukturach uczelni. Powsta\u0142a w 2016 roku z my\u015bl\u0105 o zdolnych i ambitnych uczniach zainteresowanych nauk\u0105 przedmiot\u00f3w \u015bcis\u0142ych, chc\u0105cych korzysta\u0107 z nowoczesnych technologii oraz z doskonale wyposa\u017conej bazy dydaktycznej Politechniki Bia\u0142ostockiej. Liceum stawia na nauczanie w rozszerzonym zakresie matematyki, informatyki, fizyki, chemii, biologii oraz j\u0119zyka angielskiego. Jako drugi j\u0119zyk obcy uczniowie mog\u0105 wybra\u0107 j\u0119zyk niemiecki lub j\u0119zyk rosyjski.<\/p>\n<p>Nasza szko\u0142a jest nietypowa. Dlaczego? Ze wzgl\u0119du na to, \u017ce mo\u017cemy pochwali\u0107 si\u0119 oryginalnym podej\u015bciem do nauczania \u2013 nasi nauczyciele to w wi\u0119kszo\u015bci pasjonaci, a wi\u0119c lekcje z nimi s\u0105 inspiruj\u0105ce i nastawione na ucznia. Zwracamy uwag\u0119 na \u015bwiatopogl\u0105d, indywidualno\u015b\u0107 oraz pasje naszych uczni\u00f3w. Dzi\u0119ki temu wszyscy czuj\u0105 si\u0119 tu dobrze. Nasza szko\u0142a jest ma\u0142a \u2013 to wielki atut, wszyscy si\u0119 znaj\u0105, uczniowie nie s\u0105 anonimowi, wi\u0119c czuj\u0105 si\u0119 bezpiecznie.<\/p>\n<p>Uczniowie, kt\u00f3rzy tu przychodz\u0105 \u0142\u0105cz\u0105 solidn\u0105 wiedz\u0119 og\u00f3ln\u0105 z naukami \u015bcis\u0142ymi i technicznymi \u2013 nie bez przyczyny jeste\u015bmy cz\u0119\u015bci\u0105 Politechniki Bia\u0142ostockiej. Wsp\u00f3\u0142praca z uczelni\u0105 daje naszym uczniom dost\u0119p do laboratori\u00f3w, specjalistycznych pracowni oraz kontaktu z wyk\u0142adowcami. W przysz\u0142o\u015bci na pewno \u0142atwiej odnale\u017a\u0107 si\u0119 im na studiach wy\u017cszych \u2013 oni maj\u0105 uczelniane korytarze oraz studencki dyskurs na co dzie\u0144.<\/p>\n<p>ALO PB chwali si\u0119 nie tylko dobr\u0105 atmosfer\u0105, ale r\u00f3wnie\u017c wynikami, kt\u00f3re s\u0105 tak wa\u017cne, gdy my\u015bli si\u0119 o przysz\u0142o\u015bci. Od 2018 roku nasi uczniowie zdobyli 114 indeks\u00f3w na studia wy\u017csze, z czego 75. w latach 2023-2024. Nasza zdawalno\u015b\u0107 matur to oczywi\u015bcie 100%, ale warto przywo\u0142a\u0107 tu r\u00f3wnie\u017c wyniki z wojew\u00f3dztwa podlaskiego, gdzie od lat plasujemy si\u0119 na podium zdawalno\u015bci rozszerze\u0144: matematyka, j\u0119zyk angielski oraz informatyka.<\/p>\n<p>Uczniowie s\u0105 olimpijczykami, finalistami oraz zdobywaj\u0105 stypendia szczeg\u00f3lnie w dziedzinie innowacyjnej my\u015bli technicznej.<\/p>\n<p>Je\u015bli szukasz miejsca, gdzie matematyka nie jest tylko liczbami, a pasja do nauki zara\u017ca nawet tych, kt\u00f3rzy jeszcze wczoraj uwa\u017cali, \u017ce \u201ex\u201d to imi\u0119 kolegi z klasy, a gdy patrzysz na wykres, to nie widzisz tylko linii, ale te\u017c i potencjaln\u0105 tras\u0119 do odkrywania nowych pasji&#8230; to zapraszamy.<\/p>\n<p>Nauka nie musi by\u0107 nudna, je\u015bli masz odpowiedni\u0105 ekip\u0119.&nbsp;<\/p>\n<blockquote><p><strong>zALOgowani w przysz\u0142o\u015b\u0107.<\/strong><\/p><\/blockquote>\n<div class=\"h3\">W szkole funkcjonuj\u0105 profile:<\/div>\n<ul>\n<li>Architektura i budownictwo<\/li>\n<li>Przemys\u0142 przysz\u0142o\u015bci<\/li>\n<li>Informatyka<\/li>\n<li>Programowanie<\/li>\n<\/ul>\n<div class=\"h3\">Nasi uczniowie mog\u0105 si\u0119 poszczyci\u0107:<\/div>\n<ul>\n<li>indeksami na uczelnie wy\u017csze zdobytymi ju\u017c nawet w pierwszym roku nauki w ALO PB (m.in. Politechnika Bia\u0142ostocka, Uniwersytet Medyczny w Gda\u0144sku, Politechnika Gda\u0144ska, Politechnika Warszawska),<\/li>\n<li>licznymi stypendiami m.in. Prezesa Rady Ministr\u00f3w, artystycznymi, za innowacyjn\u0105 my\u015bl techniczn\u0105, programu \u201eOdkrywcy Diament\u00f3w\u201d oraz Centrum Nauki Kopernik,<\/li>\n<li>wieloma tytu\u0142ami laureata lub finalisty og\u00f3lnopolskich olimpiad przedmiotowych,<\/li>\n<li>tytu\u0142ami laureata i finalisty zdobytymi na r\u00f3\u017cnych og\u00f3lnopolskich konkursach \u2013 technicznych, informatycznych, \u015bcis\u0142ych, j\u0119zykowych, spo\u0142ecznych, a nawet prawnych i artystycznych (np. Projekt z Klas\u0105, El-Robo-Mech, M\u0142ody Innowator, Projektanci Edukacji, Og\u00f3lnopolski Konkurs Wiedzy Ekonomicznej i Przedsi\u0119biorczo\u015bci, Misja Ksi\u0105\u017cka, Og\u00f3lnopolska Olimpiada Wiedzy o Prawach Ucznia, Matematyka Stosowana, mi\u0119dzynarodowych zawod\u00f3w matematycznych N\u00e1boj, Galileo).<\/li>\n<\/ul>\n<div class=\"h3\">A oto niekt\u00f3re z naszych sukces\u00f3w:<\/div>\n<p>&nbsp;<\/p>\n<p>ponad 1\/5 uczni\u00f3w ALOPB jest w gronie stypendyst\u00f3w Prezydenta Miasta Bia\u0142egostoku za innowacyjn\u0105 my\u015bl techniczn\u0105<\/p>\n<p>3 uczni\u00f3w otrzyma\u0142o stypendium Prezesa Rady Ministr\u00f3w<\/p>\n<p>7 uczni\u00f3w wyr\u00f3\u017cniono stypendium artystycznym Marsza\u0142ka Wojew\u00f3dztwa Podlaskiego<\/p>\n<p>2 uczni\u00f3w otrzyma\u0142o wyr\u00f3\u017cnienie Prezydenta Bia\u0142egostoku &#8222;Diligentiae &#8211; za pilno\u015b\u0107&#8221;<\/p>\n<p>wielu uczni\u00f3w LOPB jest w gronie stypendyst\u00f3w programu &#8222;Odkrywcy Diament\u00f3w&#8221;<\/p>\n<p>finali\u015bci konkursu Matematyka Stosowana o Indeks Politechniki Bia\u0142ostockiej (wygrane indeksy na Politechnik\u0119 Bia\u0142ostock\u0105)<\/p>\n<p>finalistka konkursu chemicznego Wygraj Indeks Politechniki Gda\u0144skiej &#8211; zdobywczyni indeksu!<\/p>\n<p>III miejsce w Konkursie Pisania Gier Komputerowych D\u017cemik 2019 &#8211; kategoria Unity 3D<\/p>\n<p>laureaci Og\u00f3lnopolskiego Konkursu Naukowego Explory 2018<\/p>\n<p>laureaci Og\u00f3lnopolskiego Konkursu Projekt z Klas\u0105 2018 i 2019<\/p>\n<p>finali\u015bci konkursu o indeks Politechniki Bia\u0142ostockiej El-Robo-Mech2019<\/p>\n<p>laureaci Konkursu M\u0142ody Innowator 2019<\/p>\n<p>laureaci Konkursu Projektanci Edukacji<\/p>\n<p>finali\u015bci Olimpiady Innowacji Technicznych i Wynalazczo\u015bci 2018<\/p>\n<p>finalistka Og\u00f3lnopolskiego Konkursu Wiedzy Ekonomicznej i Przedsi\u0119biorczo\u015bci (wygrany indeks na Politechnik\u0119 Warszawsk\u0105)<\/p>\n<p>finalista Og\u00f3lnopolskiego Konkursu Wiedzy o Kanadzie Discover Canada 2019 (wygrany indeks na Politechnik\u0119 \u015al\u0105sk\u0105)<\/p>\n<p>finalistka Og\u00f3lnopolskiej Olimpiady J\u0119zyka Niemieckiego 2019<\/p>\n<p>zdobyty Laur Br\u0105zowego Pi\u00f3ra w Konkursie Misja Ksi\u0105\u017cka za napisanie zbioru opowiada\u0144<\/p>\n<p>finalista Olimpiady Prawos\u0142awnej Wiedzy Religijnej (odwo\u0142ano ostatni etap Olimpiady z uwagi na pandemi\u0119 COVID-19)<\/p>\n<p>&nbsp;<\/p>\n<p><strong>ROBOTYKA:<\/strong><\/p>\n<p>&nbsp;<\/p>\n<p>I miejsce na Mi\u0119dzynarodowym Konkursie Robots Intellects na Litwie<\/p>\n<p>I i III miejsce w Og\u00f3lnopolskim Konkursie Robomeeting 2019 kategoria minisumo<\/p>\n<p>II i III miejsce w Og\u00f3lnopolskim Konkursie Robomeeting 2019 kategoria freestyle<\/p>\n<p>II miejsce w Og\u00f3lnopolskim Konkursie Elektryzuj\u0105ca Pasja 2019<\/p>\n<p>I miejsce w Og\u00f3lnopolskim Konkursie EastRobo 2019 kategoria freestyle<\/p>\n<p>II i III miejsce w Og\u00f3lnopolskim Konkursie mikroBot 2019<\/p>\n<p>br\u0105zowe wyr\u00f3\u017cnienie podczas Informatix w Bukareszcie 2019<\/p>\n<p>&nbsp;<\/p>\n<p><strong>Rok szkolny 2018\/2019<\/strong><\/p>\n<p align=\"left\">Laureat Etapu Og\u00f3lnopolskiego Konkursu Naukowego Explory w Gdyni<\/p>\n<p align=\"left\">Finalista Etapu Og\u00f3lnopolskiego Konkursu Naukowego Explory w Gdyni<\/p>\n<p align=\"left\">&nbsp;Laureat Og\u00f3lnopolskiego Konkursu &#8222;Projekt z klas\u0105&#8221; &#8211; dwa zespo\u0142y<\/p>\n<p align=\"left\">Laureat konkursu o indeks PB El-Robo-Mech &#8211; dwa zespo\u0142y&nbsp;<\/p>\n<p align=\"left\">Finalista konkursu o indeks PB El-Robo-Mech &#8211; cztery zespo\u0142y<\/p>\n<p align=\"left\">Br\u0105zowe wyr\u00f3\u017cnienie podczas Infomatrix w Bukareszcie<\/p>\n<p align=\"left\">II miejsce w kategorii freestyle Og\u00f3lnopolskiego Konkursu Robomeeting<\/p>\n<p align=\"left\">III miejsce w kategorii freestyle Og\u00f3lnopolskiego Konkursu Robomeeting<\/p>\n<p align=\"left\">I miejsce w kategorii minisumo Og\u00f3lnopolskiego Konkursu Robomeeting<\/p>\n<p align=\"left\">III miejsce w kategorii minisumo Og\u00f3lnopolskiego Konkursu Robomeeting<\/p>\n<p align=\"left\">I miejsce w kategorii freestyle Og\u00f3lnopolskiego Konkursu EastRobo<\/p>\n<p align=\"left\">Laureat Etapu Wojew\u00f3dzkiego Konkursu M\u0142ody Innowator (I miejsce)<\/p>\n<p align=\"left\">Laureat Etapu Wojew\u00f3dzkiego Konkursu M\u0142ody Innowator (II miejsce)<\/p>\n<p align=\"left\">Laureat Etapu Wojew\u00f3dzkiego Konkursu M\u0142ody Innowator (III miejsce)<\/p>\n<p align=\"left\">II miejsce w kategorii minisumo Og\u00f3lnopolskiego Konkursu mikroBot w Krakowie<\/p>\n<p align=\"left\">III miejsce w kategorii minisumo Og\u00f3lnopolskiego Konkursu mikroBot w Krakowie<\/p>\n<p align=\"left\">Laureat Etapu Og\u00f3lnopolskiego Konkursu M\u0142ody Innowator (III miejsce) w Warszawie<\/p>\n<p>&nbsp;<\/p>\n<p><strong>Rok szkolny 2017\/2018<\/strong><\/p>\n<p>Og\u00f3lnopolski konkurs Projekt z klas\u0105 &#8211; tytu\u0142 laureata &#8211; 2 uczni\u00f3w (1 zesp\u00f3\u0142)<\/p>\n<p>Og\u00f3lnopolski Turniej Robot\u00f3w RoboMeeting 2018 &#8211; Bia\u0142ystok &#8211; kategoria minisumo &#8211; I miejsce<\/p>\n<p>Og\u00f3lnopolski Turniej Robot\u00f3w RoboMeeting 2018 &#8211; Bia\u0142ystok &#8211; kategoria minisumo &#8211; III miejsce<\/p>\n<p>Konkurs Naukowy Explory &#8211; Bydgoszcz &#8211; laureat eliminacji p\u00f3\u0142fina\u0142owych &#8211; 2 zespo\u0142y<\/p>\n<p>Konkurs o indeks El-Robo-Mech &#8211; Bia\u0142ystok &#8211; I miejsce<\/p>\n<p>Konkurs o indeks El-Robo-Mech &#8211; Bia\u0142ystok &#8211; III miejsce<\/p>\n<p>Olimpiada Innowacji Technicznych i Wynalazczo\u015bci &#8211; Warszawa &#8211; tytu\u0142 finalisty (3 uczni\u00f3w)<\/p>\n<p>Konkurs Elektryzuj\u0105ca Pasja &#8211; Wroc\u0142aw &#8211; II miejsce<\/p>\n<p>Mi\u0119dzynarodowy Turniej Robots Intellects 2018 &#8211; Kowno &#8211; kategoria freestyle &#8211; I miejsce<\/p>\n<p>Konkurs M\u0142ody Innowator &#8211; tytu\u0142 laureata &#8211; 2 uczni\u00f3w<\/p>\n<p>Turniej RoboGame 2018 &#8211; Bia\u0142ystok &#8211; kategoria freestyle &#8211; II miejsce<\/p>\n<p>Stypendium Prezydenta Miasta za innowacyjn\u0105 my\u015bl techniczn\u0105 &#8211; 18 uczni\u00f3w<\/p>\n<p>&nbsp;<\/p>\n<p><strong>Rok szkolny 2016\/2017<\/strong><\/p>\n<p>Mi\u0119dzynarodowy Turniej Robot\u00f3w Cyberbot 2017 &#8211; Pozna\u0144 &#8211; kategoria freestyle &#8211; III miejsce<\/p>\n<p>Mi\u0119dzynarodowy Turniej Robot\u00f3w Eastrobo 2017 &#8211; Bia\u0142ystok &#8211; kategoria freestyle &#8211; I miejsce<\/p>\n<p>Stypendium Prezydenta Miasta za innowacyjn\u0105 my\u015bl techniczn\u0105 &#8211; 3 uczni\u00f3w<\/p>\n<p>&nbsp;<\/p>\n<p><strong>J\u0118ZYK NIEMIECKI<\/strong><\/p>\n<p><strong>Rok szkolny 2017\/2018<\/strong><\/p>\n<p>II edycja Og\u00f3lnopolskiego Konkursu j. Niemieckiego \u201eVerstehen\u201d &#8211; I, IV, VII i XVIII miejsce w Polsce<\/p>\n<p>XIX edycja Og\u00f3lnopolskiego Konkursu J\u0119zyka Niemieckiego &#8222;Sprachdoktor&#8221; &#8211; I, II i III miejsce w woj. podlaskim<\/p>\n<p>&nbsp;<\/p>\n<p><strong>Rok szkolny 2016\/2017<\/strong><\/p>\n<p>I edycja Og\u00f3lnopolskiego Konkursu j. Niemieckiego \u201eVerstehen\u201d &#8211; III miejsce w Polsce<\/p>\n<p>XVIII edycja Og\u00f3lnopolskiego Konkursu J\u0119zyka Niemieckiego &#8222;Sprachdoktor&#8221;&nbsp;<em>&#8211;<\/em> II miejsce w woj. podlaskim<\/p>\n<p>XV edycja Og\u00f3lnopolskiego konkursu j\u0119zyka niemieckiego \u201eDeutschfreund\u201d &#8211; IV miejsce w woj. podlaskim<\/p>\n<p>&nbsp;<\/p>\n","protected":false},"excerpt":{"rendered":"<p>ALOPB to szko\u0142a niepubliczna o uprawnieniach szko\u0142y publicznej, kt\u00f3ra funkcjonuje w strukturach uczelni. Powsta\u0142a w<\/p>\n","protected":false},"author":2,"featured_media":0,"parent":18,"menu_order":0,"comment_status":"closed","ping_status":"closed","template":"templates\/dzial.php","meta":{"_acf_changed":false,"ngg_post_thumbnail":0,"footnotes":""},"class_list":["post-2490","page","type-page","status-publish","hentry"],"acf":[],"yoast_head":"<!-- This site is optimized with the Yoast SEO plugin v27.0 - https:\/\/yoast.com\/product\/yoast-seo-wordpress\/ -->\n<title>Akademickie Liceum Og\u00f3lnokszta\u0142c\u0105ce Politechniki Bia\u0142ostockiej - O szkole<\/title>\n<meta name=\"description\" content=\"ALOPB to szko\u0142a niepubliczna o uprawnieniach szko\u0142y publicznej, kt\u00f3ra funkcjonuje w strukturach uczelni. Powsta\u0142a w 2016 roku z my\u015bl\u0105 o zdolnych i\" \/>\n<meta name=\"robots\" content=\"index, follow, max-snippet:-1, max-image-preview:large, max-video-preview:-1\" \/>\n<link rel=\"canonical\" href=\"https:\/\/pb.edu.pl\/liceum-ogolnoksztalcace\/o-szkole\/sukcesy\/\" \/>\n<meta name=\"twitter:label1\" content=\"Szacowany czas czytania\" \/>\n\t<meta name=\"twitter:data1\" content=\"7 minut\" \/>\n<script type=\"application\/ld+json\" class=\"yoast-schema-graph\">{\"@context\":\"https:\/\/schema.org\",\"@graph\":[{\"@type\":\"WebPage\",\"@id\":\"https:\/\/pb.edu.pl\/liceum-ogolnoksztalcace\/o-szkole\/sukcesy\/\",\"url\":\"https:\/\/pb.edu.pl\/liceum-ogolnoksztalcace\/o-szkole\/sukcesy\/\",\"name\":\"Akademickie Liceum Og\u00f3lnokszta\u0142c\u0105ce Politechniki Bia\u0142ostockiej - O szkole\",\"isPartOf\":{\"@id\":\"https:\/\/pb.edu.pl\/liceum-ogolnoksztalcace\/#website\"},\"datePublished\":\"2019-01-20T20:11:35+00:00\",\"dateModified\":\"2025-06-02T17:56:05+00:00\",\"description\":\"ALOPB to szko\u0142a niepubliczna o uprawnieniach szko\u0142y publicznej, kt\u00f3ra funkcjonuje w strukturach uczelni. Powsta\u0142a w 2016 roku z my\u015bl\u0105 o zdolnych i\",\"breadcrumb\":{\"@id\":\"https:\/\/pb.edu.pl\/liceum-ogolnoksztalcace\/o-szkole\/sukcesy\/#breadcrumb\"},\"inLanguage\":\"pl-PL\",\"potentialAction\":[{\"@type\":\"ReadAction\",\"target\":[\"https:\/\/pb.edu.pl\/liceum-ogolnoksztalcace\/o-szkole\/sukcesy\/\"]}]},{\"@type\":\"BreadcrumbList\",\"@id\":\"https:\/\/pb.edu.pl\/liceum-ogolnoksztalcace\/o-szkole\/sukcesy\/#breadcrumb\",\"itemListElement\":[{\"@type\":\"ListItem\",\"position\":1,\"name\":\"Home\",\"item\":\"https:\/\/pb.edu.pl\/liceum-ogolnoksztalcace\/\"},{\"@type\":\"ListItem\",\"position\":2,\"name\":\"Szko\u0142a\",\"item\":\"https:\/\/pb.edu.pl\/liceum-ogolnoksztalcace\/o-szkole\/\"},{\"@type\":\"ListItem\",\"position\":3,\"name\":\"O szkole\"}]},{\"@type\":\"WebSite\",\"@id\":\"https:\/\/pb.edu.pl\/liceum-ogolnoksztalcace\/#website\",\"url\":\"https:\/\/pb.edu.pl\/liceum-ogolnoksztalcace\/\",\"name\":\"Akademickie Liceum Og\u00f3lnokszta\u0142c\u0105ce Politechniki Bia\u0142ostockiej\",\"description\":\"\",\"potentialAction\":[{\"@type\":\"SearchAction\",\"target\":{\"@type\":\"EntryPoint\",\"urlTemplate\":\"https:\/\/pb.edu.pl\/liceum-ogolnoksztalcace\/?s={search_term_string}\"},\"query-input\":{\"@type\":\"PropertyValueSpecification\",\"valueRequired\":true,\"valueName\":\"search_term_string\"}}],\"inLanguage\":\"pl-PL\"}]}<\/script>\n<!-- \/ Yoast SEO plugin. -->","yoast_head_json":{"title":"Akademickie Liceum Og\u00f3lnokszta\u0142c\u0105ce Politechniki Bia\u0142ostockiej - O szkole","description":"ALOPB to szko\u0142a niepubliczna o uprawnieniach szko\u0142y publicznej, kt\u00f3ra funkcjonuje w strukturach uczelni. Powsta\u0142a w 2016 roku z my\u015bl\u0105 o zdolnych i","robots":{"index":"index","follow":"follow","max-snippet":"max-snippet:-1","max-image-preview":"max-image-preview:large","max-video-preview":"max-video-preview:-1"},"canonical":"https:\/\/pb.edu.pl\/liceum-ogolnoksztalcace\/o-szkole\/sukcesy\/","twitter_misc":{"Szacowany czas czytania":"7 minut"},"schema":{"@context":"https:\/\/schema.org","@graph":[{"@type":"WebPage","@id":"https:\/\/pb.edu.pl\/liceum-ogolnoksztalcace\/o-szkole\/sukcesy\/","url":"https:\/\/pb.edu.pl\/liceum-ogolnoksztalcace\/o-szkole\/sukcesy\/","name":"Akademickie Liceum Og\u00f3lnokszta\u0142c\u0105ce Politechniki Bia\u0142ostockiej - O szkole","isPartOf":{"@id":"https:\/\/pb.edu.pl\/liceum-ogolnoksztalcace\/#website"},"datePublished":"2019-01-20T20:11:35+00:00","dateModified":"2025-06-02T17:56:05+00:00","description":"ALOPB to szko\u0142a niepubliczna o uprawnieniach szko\u0142y publicznej, kt\u00f3ra funkcjonuje w strukturach uczelni. Powsta\u0142a w 2016 roku z my\u015bl\u0105 o zdolnych i","breadcrumb":{"@id":"https:\/\/pb.edu.pl\/liceum-ogolnoksztalcace\/o-szkole\/sukcesy\/#breadcrumb"},"inLanguage":"pl-PL","potentialAction":[{"@type":"ReadAction","target":["https:\/\/pb.edu.pl\/liceum-ogolnoksztalcace\/o-szkole\/sukcesy\/"]}]},{"@type":"BreadcrumbList","@id":"https:\/\/pb.edu.pl\/liceum-ogolnoksztalcace\/o-szkole\/sukcesy\/#breadcrumb","itemListElement":[{"@type":"ListItem","position":1,"name":"Home","item":"https:\/\/pb.edu.pl\/liceum-ogolnoksztalcace\/"},{"@type":"ListItem","position":2,"name":"Szko\u0142a","item":"https:\/\/pb.edu.pl\/liceum-ogolnoksztalcace\/o-szkole\/"},{"@type":"ListItem","position":3,"name":"O szkole"}]},{"@type":"WebSite","@id":"https:\/\/pb.edu.pl\/liceum-ogolnoksztalcace\/#website","url":"https:\/\/pb.edu.pl\/liceum-ogolnoksztalcace\/","name":"Akademickie Liceum Og\u00f3lnokszta\u0142c\u0105ce Politechniki Bia\u0142ostockiej","description":"","potentialAction":[{"@type":"SearchAction","target":{"@type":"EntryPoint","urlTemplate":"https:\/\/pb.edu.pl\/liceum-ogolnoksztalcace\/?s={search_term_string}"},"query-input":{"@type":"PropertyValueSpecification","valueRequired":true,"valueName":"search_term_string"}}],"inLanguage":"pl-PL"}]}},"_links":{"self":[{"href":"https:\/\/pb.edu.pl\/liceum-ogolnoksztalcace\/wp-json\/wp\/v2\/pages\/2490","targetHints":{"allow":["GET"]}}],"collection":[{"href":"https:\/\/pb.edu.pl\/liceum-ogolnoksztalcace\/wp-json\/wp\/v2\/pages"}],"about":[{"href":"https:\/\/pb.edu.pl\/liceum-ogolnoksztalcace\/wp-json\/wp\/v2\/types\/page"}],"author":[{"embeddable":true,"href":"https:\/\/pb.edu.pl\/liceum-ogolnoksztalcace\/wp-json\/wp\/v2\/users\/2"}],"replies":[{"embeddable":true,"href":"https:\/\/pb.edu.pl\/liceum-ogolnoksztalcace\/wp-json\/wp\/v2\/comments?post=2490"}],"version-history":[{"count":0,"href":"https:\/\/pb.edu.pl\/liceum-ogolnoksztalcace\/wp-json\/wp\/v2\/pages\/2490\/revisions"}],"up":[{"embeddable":true,"href":"https:\/\/pb.edu.pl\/liceum-ogolnoksztalcace\/wp-json\/wp\/v2\/pages\/18"}],"wp:attachment":[{"href":"https:\/\/pb.edu.pl\/liceum-ogolnoksztalcace\/wp-json\/wp\/v2\/media?parent=2490"}],"curies":[{"name":"wp","href":"https:\/\/api.w.org\/{rel}","templated":true}]}}