{"id":24,"date":"2017-11-13T22:06:45","date_gmt":"2017-11-13T21:06:45","guid":{"rendered":"https:\/\/pb.edu.pl\/liceum-ogolnoksztalcace\/?page_id=24"},"modified":"2023-06-28T08:42:30","modified_gmt":"2023-06-28T06:42:30","slug":"rekrutacja","status":"publish","type":"page","link":"https:\/\/pb.edu.pl\/liceum-ogolnoksztalcace\/rekrutacja\/","title":{"rendered":"Rekrutacja do ALOPB"},"content":{"rendered":"<div class=\"row\">\n<div class=\"col-sm-4 text-center\" style=\"margin-bottom: 25px\"><a class=\"button\" style=\"width: 100%;padding: 0px 5px 10px 5px;border: solid 1px #fff\" href=\"\/liceum-ogolnoksztalcace\/rekrutacja\/harmonogram\/\"><img loading=\"lazy\" decoding=\"async\" class=\"aligncenter wp-image-6161 size-medium\" src=\"https:\/\/pb.edu.pl\/liceum-ogolnoksztalcace\/wp-content\/uploads\/sites\/10\/2021\/05\/box-harmonogram-300x200.jpg\" alt=\"\" width=\"300\" height=\"200\" srcset=\"https:\/\/pb.edu.pl\/liceum-ogolnoksztalcace\/wp-content\/uploads\/sites\/10\/2021\/05\/box-harmonogram-300x200.jpg 300w, https:\/\/pb.edu.pl\/liceum-ogolnoksztalcace\/wp-content\/uploads\/sites\/10\/2021\/05\/box-harmonogram-480x320.jpg 480w, https:\/\/pb.edu.pl\/liceum-ogolnoksztalcace\/wp-content\/uploads\/sites\/10\/2021\/05\/box-harmonogram.jpg 640w\" sizes=\"auto, (max-width: 300px) 100vw, 300px\" \/><span class=\"lead\"><strong>Harmonogram rekrutacji<\/strong><\/span><\/a><\/div>\n<div class=\"col-sm-4 text-center\" style=\"margin-bottom: 25px\"><a class=\"button\" style=\"width: 100%;padding: 0px 5px 10px 5px;border: solid 1px #fff\" href=\"\/liceum-ogolnoksztalcace\/rekrutacja\/regulamin\/\"><img loading=\"lazy\" decoding=\"async\" class=\"aligncenter wp-image-6166 size-medium\" src=\"https:\/\/pb.edu.pl\/liceum-ogolnoksztalcace\/wp-content\/uploads\/sites\/10\/2021\/05\/box-regulamin1-300x200.jpg\" alt=\"\" width=\"300\" height=\"200\" srcset=\"https:\/\/pb.edu.pl\/liceum-ogolnoksztalcace\/wp-content\/uploads\/sites\/10\/2021\/05\/box-regulamin1-300x200.jpg 300w, https:\/\/pb.edu.pl\/liceum-ogolnoksztalcace\/wp-content\/uploads\/sites\/10\/2021\/05\/box-regulamin1-480x320.jpg 480w, https:\/\/pb.edu.pl\/liceum-ogolnoksztalcace\/wp-content\/uploads\/sites\/10\/2021\/05\/box-regulamin1.jpg 640w\" sizes=\"auto, (max-width: 300px) 100vw, 300px\" \/><span class=\"lead\"><strong>Regulamin rekrutacji<\/strong><\/span><\/a><\/div>\n<div class=\"col-sm-4 text-center\" style=\"margin-bottom: 25px\"><a class=\"button\" style=\"width: 100%;padding: 0px 5px 10px 5px;border: solid 1px #fff\" href=\"\/liceum-ogolnoksztalcace\/rekrutacja\/kwestionariusz\/\"><img loading=\"lazy\" decoding=\"async\" class=\"aligncenter wp-image-6164 size-medium\" src=\"https:\/\/pb.edu.pl\/liceum-ogolnoksztalcace\/wp-content\/uploads\/sites\/10\/2021\/05\/box-kwestionariusz-300x200.jpg\" alt=\"\" width=\"300\" height=\"200\" srcset=\"https:\/\/pb.edu.pl\/liceum-ogolnoksztalcace\/wp-content\/uploads\/sites\/10\/2021\/05\/box-kwestionariusz-300x200.jpg 300w, https:\/\/pb.edu.pl\/liceum-ogolnoksztalcace\/wp-content\/uploads\/sites\/10\/2021\/05\/box-kwestionariusz-480x320.jpg 480w, https:\/\/pb.edu.pl\/liceum-ogolnoksztalcace\/wp-content\/uploads\/sites\/10\/2021\/05\/box-kwestionariusz.jpg 640w\" sizes=\"auto, (max-width: 300px) 100vw, 300px\" \/><span class=\"lead\"><strong>Kwestionariusz i Umowa o Nauk\u0119<\/strong><\/span><\/a><\/div>\n<div class=\"col-sm-4 text-center\" style=\"margin-bottom: 25px\">&nbsp;<\/div>\n<\/div>\n<div class=\"row\">\n<div class=\"col-sm-4 text-center\" style=\"margin-bottom: 25px\"><a class=\"button\" style=\"width: 100%;padding: 0px 5px 10px 5px;border: solid 1px #fff\" href=\"\/liceum-ogolnoksztalcace\/dzien-otwarty\/\"><img loading=\"lazy\" decoding=\"async\" class=\"aligncenter wp-image-6165 size-medium\" src=\"https:\/\/pb.edu.pl\/liceum-ogolnoksztalcace\/wp-content\/uploads\/sites\/10\/2021\/05\/box-poznaj-alo1-300x200.jpg\" alt=\"\" width=\"300\" height=\"200\" srcset=\"https:\/\/pb.edu.pl\/liceum-ogolnoksztalcace\/wp-content\/uploads\/sites\/10\/2021\/05\/box-poznaj-alo1-300x200.jpg 300w, https:\/\/pb.edu.pl\/liceum-ogolnoksztalcace\/wp-content\/uploads\/sites\/10\/2021\/05\/box-poznaj-alo1-480x320.jpg 480w, https:\/\/pb.edu.pl\/liceum-ogolnoksztalcace\/wp-content\/uploads\/sites\/10\/2021\/05\/box-poznaj-alo1.jpg 640w\" sizes=\"auto, (max-width: 300px) 100vw, 300px\" \/><span class=\"lead\"><strong>#poznajALOPB<\/strong><\/span><\/a><\/div>\n<div class=\"col-sm-4 text-center\"><a class=\"button\" style=\"width: 100%;padding: 0px 5px 10px 5px;border: solid 1px #fff\" href=\"\/liceum-ogolnoksztalcace\/o-szkole\/kadra-pedagogiczna\/\"><img loading=\"lazy\" decoding=\"async\" class=\"aligncenter wp-image-6163 size-medium\" src=\"https:\/\/pb.edu.pl\/liceum-ogolnoksztalcace\/wp-content\/uploads\/sites\/10\/2021\/05\/box-kadra-300x200.jpg\" alt=\"\" width=\"300\" height=\"200\" srcset=\"https:\/\/pb.edu.pl\/liceum-ogolnoksztalcace\/wp-content\/uploads\/sites\/10\/2021\/05\/box-kadra-300x200.jpg 300w, https:\/\/pb.edu.pl\/liceum-ogolnoksztalcace\/wp-content\/uploads\/sites\/10\/2021\/05\/box-kadra-480x320.jpg 480w, https:\/\/pb.edu.pl\/liceum-ogolnoksztalcace\/wp-content\/uploads\/sites\/10\/2021\/05\/box-kadra.jpg 640w\" sizes=\"auto, (max-width: 300px) 100vw, 300px\" \/><span class=\"lead\"><strong>Poznaj kadr\u0119 ALOPB<\/strong><\/span><\/a><\/div>\n<div class=\"col-sm-4 text-center\" style=\"margin-bottom: 25px\"><a class=\"button no-icon\" style=\"width: 100%;padding: 0px 5px 10px 5px;border: solid 1px #fff\" title=\"otworzy si\u0119 w nowej karcie\" href=\"\/liceum-ogolnoksztalcace\/rekrutacja\/profile\/\" rel=\"noopener noreferrer\"><img loading=\"lazy\" decoding=\"async\" class=\"aligncenter wp-image-6162 size-medium\" src=\"https:\/\/pb.edu.pl\/liceum-ogolnoksztalcace\/wp-content\/uploads\/sites\/10\/2021\/05\/box-informator1-300x200.jpg\" alt=\"\" width=\"300\" height=\"200\" srcset=\"https:\/\/pb.edu.pl\/liceum-ogolnoksztalcace\/wp-content\/uploads\/sites\/10\/2021\/05\/box-informator1-300x200.jpg 300w, https:\/\/pb.edu.pl\/liceum-ogolnoksztalcace\/wp-content\/uploads\/sites\/10\/2021\/05\/box-informator1-480x320.jpg 480w, https:\/\/pb.edu.pl\/liceum-ogolnoksztalcace\/wp-content\/uploads\/sites\/10\/2021\/05\/box-informator1.jpg 640w\" sizes=\"auto, (max-width: 300px) 100vw, 300px\" \/><span class=\"lead\"><strong>Profile i ko\u0142a zainteresowa\u0144<\/strong><\/span><\/a><\/div>\n<\/div>\n","protected":false},"excerpt":{"rendered":"<p>Harmonogram rekrutacji Regulamin rekrutacji Kwestionariusz i Umowa o Nauk\u0119 &nbsp; #poznajALOPB Poznaj kadr\u0119 ALOPB Profile<\/p>\n","protected":false},"author":2,"featured_media":0,"parent":0,"menu_order":5,"comment_status":"closed","ping_status":"closed","template":"","meta":{"_acf_changed":false,"ngg_post_thumbnail":0,"footnotes":""},"class_list":["post-24","page","type-page","status-publish","hentry"],"acf":[],"yoast_head":"<!-- This site is optimized with the Yoast SEO plugin v27.0 - https:\/\/yoast.com\/product\/yoast-seo-wordpress\/ -->\n<title>Akademickie Liceum Og\u00f3lnokszta\u0142c\u0105ce Politechniki Bia\u0142ostockiej - Rekrutacja<\/title>\n<meta name=\"description\" content=\"Rekrutacja kandydat\u00f3w do Liceum Og\u00f3lnokszta\u0142c\u0105cego Politechniki Bia\u0142ostockiej na rok szkolny 2020\/2021\" \/>\n<meta name=\"robots\" content=\"index, follow, max-snippet:-1, max-image-preview:large, max-video-preview:-1\" \/>\n<link rel=\"canonical\" href=\"https:\/\/pb.edu.pl\/liceum-ogolnoksztalcace\/rekrutacja\/\" \/>\n<meta name=\"twitter:label1\" content=\"Szacowany czas czytania\" \/>\n\t<meta name=\"twitter:data1\" content=\"2 minuty\" \/>\n<script type=\"application\/ld+json\" class=\"yoast-schema-graph\">{\"@context\":\"https:\/\/schema.org\",\"@graph\":[{\"@type\":\"WebPage\",\"@id\":\"https:\/\/pb.edu.pl\/liceum-ogolnoksztalcace\/rekrutacja\/\",\"url\":\"https:\/\/pb.edu.pl\/liceum-ogolnoksztalcace\/rekrutacja\/\",\"name\":\"Akademickie Liceum Og\u00f3lnokszta\u0142c\u0105ce Politechniki Bia\u0142ostockiej - Rekrutacja\",\"isPartOf\":{\"@id\":\"https:\/\/pb.edu.pl\/liceum-ogolnoksztalcace\/#website\"},\"primaryImageOfPage\":{\"@id\":\"https:\/\/pb.edu.pl\/liceum-ogolnoksztalcace\/rekrutacja\/#primaryimage\"},\"image\":{\"@id\":\"https:\/\/pb.edu.pl\/liceum-ogolnoksztalcace\/rekrutacja\/#primaryimage\"},\"thumbnailUrl\":\"https:\/\/pb.edu.pl\/liceum-ogolnoksztalcace\/wp-content\/uploads\/sites\/10\/2021\/05\/box-harmonogram-300x200.jpg\",\"datePublished\":\"2017-11-13T21:06:45+00:00\",\"dateModified\":\"2023-06-28T06:42:30+00:00\",\"description\":\"Rekrutacja kandydat\u00f3w do Liceum Og\u00f3lnokszta\u0142c\u0105cego Politechniki Bia\u0142ostockiej na rok szkolny 2020\/2021\",\"breadcrumb\":{\"@id\":\"https:\/\/pb.edu.pl\/liceum-ogolnoksztalcace\/rekrutacja\/#breadcrumb\"},\"inLanguage\":\"pl-PL\",\"potentialAction\":[{\"@type\":\"ReadAction\",\"target\":[\"https:\/\/pb.edu.pl\/liceum-ogolnoksztalcace\/rekrutacja\/\"]}]},{\"@type\":\"ImageObject\",\"inLanguage\":\"pl-PL\",\"@id\":\"https:\/\/pb.edu.pl\/liceum-ogolnoksztalcace\/rekrutacja\/#primaryimage\",\"url\":\"https:\/\/pb.edu.pl\/liceum-ogolnoksztalcace\/wp-content\/uploads\/sites\/10\/2021\/05\/box-harmonogram.jpg\",\"contentUrl\":\"https:\/\/pb.edu.pl\/liceum-ogolnoksztalcace\/wp-content\/uploads\/sites\/10\/2021\/05\/box-harmonogram.jpg\",\"width\":640,\"height\":427},{\"@type\":\"BreadcrumbList\",\"@id\":\"https:\/\/pb.edu.pl\/liceum-ogolnoksztalcace\/rekrutacja\/#breadcrumb\",\"itemListElement\":[{\"@type\":\"ListItem\",\"position\":1,\"name\":\"Home\",\"item\":\"https:\/\/pb.edu.pl\/liceum-ogolnoksztalcace\/\"},{\"@type\":\"ListItem\",\"position\":2,\"name\":\"Rekrutacja do ALOPB\"}]},{\"@type\":\"WebSite\",\"@id\":\"https:\/\/pb.edu.pl\/liceum-ogolnoksztalcace\/#website\",\"url\":\"https:\/\/pb.edu.pl\/liceum-ogolnoksztalcace\/\",\"name\":\"Akademickie Liceum Og\u00f3lnokszta\u0142c\u0105ce Politechniki Bia\u0142ostockiej\",\"description\":\"\",\"potentialAction\":[{\"@type\":\"SearchAction\",\"target\":{\"@type\":\"EntryPoint\",\"urlTemplate\":\"https:\/\/pb.edu.pl\/liceum-ogolnoksztalcace\/?s={search_term_string}\"},\"query-input\":{\"@type\":\"PropertyValueSpecification\",\"valueRequired\":true,\"valueName\":\"search_term_string\"}}],\"inLanguage\":\"pl-PL\"}]}<\/script>\n<!-- \/ Yoast SEO plugin. -->","yoast_head_json":{"title":"Akademickie Liceum Og\u00f3lnokszta\u0142c\u0105ce Politechniki Bia\u0142ostockiej - Rekrutacja","description":"Rekrutacja kandydat\u00f3w do Liceum Og\u00f3lnokszta\u0142c\u0105cego Politechniki Bia\u0142ostockiej na rok szkolny 2020\/2021","robots":{"index":"index","follow":"follow","max-snippet":"max-snippet:-1","max-image-preview":"max-image-preview:large","max-video-preview":"max-video-preview:-1"},"canonical":"https:\/\/pb.edu.pl\/liceum-ogolnoksztalcace\/rekrutacja\/","twitter_misc":{"Szacowany czas czytania":"2 minuty"},"schema":{"@context":"https:\/\/schema.org","@graph":[{"@type":"WebPage","@id":"https:\/\/pb.edu.pl\/liceum-ogolnoksztalcace\/rekrutacja\/","url":"https:\/\/pb.edu.pl\/liceum-ogolnoksztalcace\/rekrutacja\/","name":"Akademickie Liceum Og\u00f3lnokszta\u0142c\u0105ce Politechniki Bia\u0142ostockiej - Rekrutacja","isPartOf":{"@id":"https:\/\/pb.edu.pl\/liceum-ogolnoksztalcace\/#website"},"primaryImageOfPage":{"@id":"https:\/\/pb.edu.pl\/liceum-ogolnoksztalcace\/rekrutacja\/#primaryimage"},"image":{"@id":"https:\/\/pb.edu.pl\/liceum-ogolnoksztalcace\/rekrutacja\/#primaryimage"},"thumbnailUrl":"https:\/\/pb.edu.pl\/liceum-ogolnoksztalcace\/wp-content\/uploads\/sites\/10\/2021\/05\/box-harmonogram-300x200.jpg","datePublished":"2017-11-13T21:06:45+00:00","dateModified":"2023-06-28T06:42:30+00:00","description":"Rekrutacja kandydat\u00f3w do Liceum Og\u00f3lnokszta\u0142c\u0105cego Politechniki Bia\u0142ostockiej na rok szkolny 2020\/2021","breadcrumb":{"@id":"https:\/\/pb.edu.pl\/liceum-ogolnoksztalcace\/rekrutacja\/#breadcrumb"},"inLanguage":"pl-PL","potentialAction":[{"@type":"ReadAction","target":["https:\/\/pb.edu.pl\/liceum-ogolnoksztalcace\/rekrutacja\/"]}]},{"@type":"ImageObject","inLanguage":"pl-PL","@id":"https:\/\/pb.edu.pl\/liceum-ogolnoksztalcace\/rekrutacja\/#primaryimage","url":"https:\/\/pb.edu.pl\/liceum-ogolnoksztalcace\/wp-content\/uploads\/sites\/10\/2021\/05\/box-harmonogram.jpg","contentUrl":"https:\/\/pb.edu.pl\/liceum-ogolnoksztalcace\/wp-content\/uploads\/sites\/10\/2021\/05\/box-harmonogram.jpg","width":640,"height":427},{"@type":"BreadcrumbList","@id":"https:\/\/pb.edu.pl\/liceum-ogolnoksztalcace\/rekrutacja\/#breadcrumb","itemListElement":[{"@type":"ListItem","position":1,"name":"Home","item":"https:\/\/pb.edu.pl\/liceum-ogolnoksztalcace\/"},{"@type":"ListItem","position":2,"name":"Rekrutacja do ALOPB"}]},{"@type":"WebSite","@id":"https:\/\/pb.edu.pl\/liceum-ogolnoksztalcace\/#website","url":"https:\/\/pb.edu.pl\/liceum-ogolnoksztalcace\/","name":"Akademickie Liceum Og\u00f3lnokszta\u0142c\u0105ce Politechniki Bia\u0142ostockiej","description":"","potentialAction":[{"@type":"SearchAction","target":{"@type":"EntryPoint","urlTemplate":"https:\/\/pb.edu.pl\/liceum-ogolnoksztalcace\/?s={search_term_string}"},"query-input":{"@type":"PropertyValueSpecification","valueRequired":true,"valueName":"search_term_string"}}],"inLanguage":"pl-PL"}]}},"_links":{"self":[{"href":"https:\/\/pb.edu.pl\/liceum-ogolnoksztalcace\/wp-json\/wp\/v2\/pages\/24","targetHints":{"allow":["GET"]}}],"collection":[{"href":"https:\/\/pb.edu.pl\/liceum-ogolnoksztalcace\/wp-json\/wp\/v2\/pages"}],"about":[{"href":"https:\/\/pb.edu.pl\/liceum-ogolnoksztalcace\/wp-json\/wp\/v2\/types\/page"}],"author":[{"embeddable":true,"href":"https:\/\/pb.edu.pl\/liceum-ogolnoksztalcace\/wp-json\/wp\/v2\/users\/2"}],"replies":[{"embeddable":true,"href":"https:\/\/pb.edu.pl\/liceum-ogolnoksztalcace\/wp-json\/wp\/v2\/comments?post=24"}],"version-history":[{"count":0,"href":"https:\/\/pb.edu.pl\/liceum-ogolnoksztalcace\/wp-json\/wp\/v2\/pages\/24\/revisions"}],"wp:attachment":[{"href":"https:\/\/pb.edu.pl\/liceum-ogolnoksztalcace\/wp-json\/wp\/v2\/media?parent=24"}],"curies":[{"name":"wp","href":"https:\/\/api.w.org\/{rel}","templated":true}]}}