{"id":12831,"date":"2024-06-27T13:06:16","date_gmt":"2024-06-27T11:06:16","guid":{"rendered":"https:\/\/pb.edu.pl\/liceum-ogolnoksztalcace\/?page_id=12831"},"modified":"2025-08-23T11:33:57","modified_gmt":"2025-08-23T09:33:57","slug":"adapciak","status":"publish","type":"page","link":"https:\/\/pb.edu.pl\/liceum-ogolnoksztalcace\/adapciak\/","title":{"rendered":"Adapciak"},"content":{"rendered":"<div class=\"h2\">\n<div class=\"xdj266r x14z9mp xat24cr x1lziwak x1vvkbs x126k92a\">\n<div dir=\"auto\">Wa\u017cne informacje &#8211; Adapciak<\/div>\n<div dir=\"auto\">&nbsp;<\/div>\n<\/div>\n<div class=\"x14z9mp xat24cr x1lziwak x1vvkbs xtlvy1s x126k92a\">\n<div dir=\"auto\">Zbi\u00f3rka w poniedzia\u0142ek 25.08.25r. o 7:15 g\u00f3rny parking PB, przy wej\u015bciu do ALO (Wydzia\u0142 Informatyki). Prosimy o punktualno\u015b\u0107.<\/div>\n<div dir=\"auto\">&nbsp;<\/div>\n<div dir=\"auto\">Powr\u00f3t do Bia\u0142egostoku we \u015brod\u0119 27.08.25r. ok godz. 16:00-17:00.<\/div>\n<div dir=\"auto\">&nbsp;<\/div>\n<\/div>\n<div class=\"x14z9mp xat24cr x1lziwak x1vvkbs xtlvy1s x126k92a\">\n<div dir=\"auto\">Wychowawcy oraz kierownik wycieczki b\u0119d\u0105 na Was czeka\u0107.<\/div>\n<\/div>\n<\/div>\n<div class=\"h3\" data-start=\"84\" data-end=\"121\"><span class=\"relative -mx-px my-[-0.2rem] rounded px-px py-[0.2rem] transition-colors duration-100 ease-in-out\">Drodzy Uczniowie klas pierwszych!&nbsp;<\/span><span class=\"relative -mx-px my-[-0.2rem] rounded px-px py-[0.2rem] transition-colors duration-100 ease-in-out\">Z rado\u015bci\u0105 zapraszamy Was na wyj\u0105tkowy Ob\u00f3z Adaptacyjny \u201eAdapciak 2025\u201d organizowany przez Akademickie Liceum Og\u00f3lnokszta\u0142c\u0105ce PB.<\/span><\/div>\n<div data-start=\"84\" data-end=\"121\">To trzy dni pe\u0142ne zabawy, integracji, relaksu i niezapomnianych chwil nad jeziorem Serwy w pi\u0119knym Hotelu Albatros.<\/div>\n<div data-start=\"84\" data-end=\"121\">&nbsp;<\/div>\n<p data-start=\"84\" data-end=\"121\"><span class=\"relative -mx-px my-[-0.2rem] rounded px-px py-[0.2rem] transition-colors duration-100 ease-in-out\">To doskona\u0142a okazja, by:<\/span><\/p>\n<ul data-start=\"162\" data-end=\"285\">\n<li data-start=\"162\" data-end=\"203\">\n<p data-start=\"164\" data-end=\"203\"><span class=\"relative -mx-px my-[-0.2rem] rounded px-px py-[0.2rem] transition-colors duration-100 ease-in-out\">lepiej pozna\u0107 r\u00f3wie\u015bnik\u00f3w z klasy i ze szko\u0142y,<\/span><\/p>\n<\/li>\n<li data-start=\"204\" data-end=\"245\">\n<p data-start=\"206\" data-end=\"245\"><span class=\"relative -mx-px my-[-0.2rem] rounded px-px py-[0.2rem] transition-colors duration-100 ease-in-out\">zintegrowa\u0107 si\u0119 z klas\u0105, wychowawcami i pedagogami,<\/span><\/p>\n<\/li>\n<li data-start=\"246\" data-end=\"285\">\n<p data-start=\"248\" data-end=\"285\"><span class=\"relative -mx-px my-[-0.2rem] rounded px-px py-[0.2rem] transition-colors duration-100 ease-in-out\">prze\u017cy\u0107 niezapomnian\u0105 przygod\u0119 tu\u017c przed rozpocz\u0119ciem roku szkolnego!<\/span><\/p>\n<\/li>\n<\/ul>\n<p data-start=\"679\" data-end=\"704\"><strong data-start=\"682\" data-end=\"704\">W programie m.in.:<\/strong><\/p>\n<ul data-start=\"705\" data-end=\"959\">\n<li data-start=\"705\" data-end=\"723\">\n<p data-start=\"707\" data-end=\"723\">Sp\u0142yw kajakowy<\/p>\n<\/li>\n<li data-start=\"724\" data-end=\"746\">\n<p data-start=\"726\" data-end=\"746\">Wypady nad jezioro<\/p>\n<\/li>\n<li data-start=\"747\" data-end=\"776\">\n<p data-start=\"749\" data-end=\"776\">Integracyjne gry i zabawy<\/p>\n<\/li>\n<li data-start=\"777\" data-end=\"801\">\n<p data-start=\"779\" data-end=\"801\">Konkursy z nagrodami<\/p>\n<\/li>\n<li data-start=\"802\" data-end=\"851\">\n<p data-start=\"804\" data-end=\"851\">Spotkania z wychowawcami i Kadr\u0105 Pedagogiczn\u0105<\/p>\n<\/li>\n<li data-start=\"852\" data-end=\"890\">\n<p data-start=\"854\" data-end=\"890\">Pi\u0142ka no\u017cna, siatk\u00f3wka, koszyk\u00f3wka<\/p>\n<\/li>\n<li data-start=\"891\" data-end=\"922\">\n<p data-start=\"893\" data-end=\"922\">Ognisko i wieczorne rozmowy<\/p>\n<\/li>\n<li data-start=\"923\" data-end=\"959\">\n<p data-start=\"925\" data-end=\"959\">Bal przebiera\u0144c\u00f3w i dyskoteka<\/p>\n<\/li>\n<\/ul>\n<p data-start=\"961\" data-end=\"1010\"><strong data-start=\"964\" data-end=\"989\">Koszt wyjazdu: 650 z\u0142<\/strong><\/p>\n<p data-start=\"961\" data-end=\"1010\"><strong data-start=\"992\" data-end=\"1010\">Cena obejmuje:<\/strong><\/p>\n<ul data-start=\"1011\" data-end=\"1221\">\n<li data-start=\"1011\" data-end=\"1053\">\n<p data-start=\"1013\" data-end=\"1053\">Opiek\u0119 przez ca\u0142y czas trwania wyjazdu<\/p>\n<\/li>\n<li data-start=\"1054\" data-end=\"1078\">\n<p data-start=\"1056\" data-end=\"1078\">Transport autokarowy<\/p>\n<\/li>\n<li data-start=\"1079\" data-end=\"1135\">\n<p data-start=\"1081\" data-end=\"1135\">Noclegi i pe\u0142ne wy\u017cywienie (r\u00f3wnie\u017c diety specjalne)<\/p>\n<\/li>\n<li data-start=\"1136\" data-end=\"1171\">\n<p data-start=\"1138\" data-end=\"1171\">Zaj\u0119cia integracyjne i sportowe<\/p>\n<\/li>\n<li data-start=\"1172\" data-end=\"1193\">\n<p data-start=\"1174\" data-end=\"1193\">Ubezpieczenie NNW<\/p>\n<\/li>\n<li data-start=\"1194\" data-end=\"1221\">\n<p data-start=\"1196\" data-end=\"1221\">Nagrody i niespodzianki<\/p>\n<\/li>\n<\/ul>\n<p>Co zabra\u0107 ze sob\u0105?<\/p>\n<h4 data-start=\"279\" data-end=\"308\"><strong data-start=\"287\" data-end=\"308\">Ubrania i obuwie:<\/strong><\/h4>\n<ul data-start=\"309\" data-end=\"655\">\n<li data-start=\"309\" data-end=\"364\">\n<p data-start=\"311\" data-end=\"364\">Wygodne ubrania na ka\u017cdy dzie\u0144 (sportowe i codzienne)<\/p>\n<\/li>\n<li data-start=\"365\" data-end=\"402\">\n<p data-start=\"367\" data-end=\"402\">Ciep\u0142a bluza \/ sweter (na wieczory)<\/p>\n<\/li>\n<li data-start=\"403\" data-end=\"441\">\n<p data-start=\"405\" data-end=\"441\">Kurtka przeciwdeszczowa lub peleryna<\/p>\n<\/li>\n<li data-start=\"442\" data-end=\"486\">\n<p data-start=\"444\" data-end=\"486\">Str\u00f3j k\u0105pielowy (sp\u0142yw kajakowy \/ jezioro)<\/p>\n<\/li>\n<li data-start=\"487\" data-end=\"543\">\n<p data-start=\"489\" data-end=\"543\">Czapka z daszkiem lub kapelusz (ochrona przed s\u0142o\u0144cem)<\/p>\n<\/li>\n<li data-start=\"544\" data-end=\"552\">\n<p data-start=\"546\" data-end=\"552\">Pi\u017cama<\/p>\n<\/li>\n<li data-start=\"553\" data-end=\"594\">\n<p data-start=\"555\" data-end=\"594\">Bielizna i skarpetki (na 3 dni + zapas)<\/p>\n<\/li>\n<li data-start=\"595\" data-end=\"618\">\n<p data-start=\"597\" data-end=\"618\">Wygodne buty sportowe<\/p>\n<\/li>\n<li data-start=\"619\" data-end=\"655\">\n<p data-start=\"621\" data-end=\"655\">Klapki pod prysznic i\/lub na pla\u017c\u0119<\/p>\n<\/li>\n<\/ul>\n<h4 data-start=\"657\" data-end=\"687\"><strong data-start=\"665\" data-end=\"687\">Higiena i zdrowie:<\/strong><\/h4>\n<ul data-start=\"688\" data-end=\"961\">\n<li data-start=\"688\" data-end=\"727\">\n<p data-start=\"690\" data-end=\"727\">R\u0119cznik k\u0105pielowy&nbsp;<\/p>\n<\/li>\n<li data-start=\"728\" data-end=\"758\">\n<p data-start=\"730\" data-end=\"758\">Szczoteczka i pasta do z\u0119b\u00f3w<\/p>\n<\/li>\n<li data-start=\"759\" data-end=\"786\">\n<p data-start=\"761\" data-end=\"786\">\u017bel pod prysznic, szampon<\/p>\n<\/li>\n<li data-start=\"787\" data-end=\"799\">\n<p data-start=\"789\" data-end=\"799\">Dezodorant<\/p>\n<\/li>\n<li data-start=\"800\" data-end=\"819\">\n<p data-start=\"802\" data-end=\"819\">Krem z filtrem UV<\/p>\n<\/li>\n<li data-start=\"820\" data-end=\"861\">\n<p data-start=\"822\" data-end=\"861\">\u015arodek na komary \/ kleszcze (np. spray)<\/p>\n<\/li>\n<li data-start=\"862\" data-end=\"918\">\n<p data-start=\"864\" data-end=\"918\">Leki, je\u015bli przyjmujesz na sta\u0142e (z opisem stosowania)<\/p>\n<\/li>\n<li data-start=\"919\" data-end=\"961\">\n<p data-start=\"921\" data-end=\"961\">Chusteczki higieniczne, mokre chusteczki<\/p>\n<\/li>\n<\/ul>\n<h4 data-start=\"963\" data-end=\"992\"><strong data-start=\"971\" data-end=\"992\">Rzeczy podr\u0119czne:<\/strong><\/h4>\n<ul data-start=\"993\" data-end=\"1272\">\n<li data-start=\"993\" data-end=\"1025\">\n<p data-start=\"995\" data-end=\"1025\">Ma\u0142y plecak na wycieczki\/sp\u0142yw<\/p>\n<\/li>\n<li data-start=\"1026\" data-end=\"1067\">\n<p data-start=\"1028\" data-end=\"1067\">Butelka na wod\u0119 (najlepiej wielorazowy bidon)<\/p>\n<\/li>\n<li data-start=\"1097\" data-end=\"1140\">\n<p data-start=\"1099\" data-end=\"1140\">Notes + d\u0142ugopis (do zapisk\u00f3w, konkurs\u00f3w)<\/p>\n<\/li>\n<li data-start=\"1141\" data-end=\"1179\">\n<p data-start=\"1143\" data-end=\"1179\">Str\u00f3j przebiera\u0144ca na bal tematyczny<\/p>\n<\/li>\n<li data-start=\"1180\" data-end=\"1227\">\n<p data-start=\"1182\" data-end=\"1227\">Ma\u0142y powerbank\/\u0142adowark\u0119 (je\u015bli chcesz \u0142adowa\u0107 telefon\/s\u0142uchawki)<\/p>\n<\/li>\n<li data-start=\"1228\" data-end=\"1272\">\n<p data-start=\"1230\" data-end=\"1272\">Prowiant i nap\u00f3j na drog\u0119 (pierwszy dzie\u0144)<\/p>\n<\/li>\n<\/ul>\n<h4 data-start=\"1274\" data-end=\"1306\"><strong data-start=\"1282\" data-end=\"1306\">Dokumenty i finanse:<\/strong><\/h4>\n<ul data-start=\"1307\" data-end=\"1421\">\n<li data-start=\"1307\" data-end=\"1328\">\n<p data-start=\"1309\" data-end=\"1328\">Legitymacja szkolna<\/p>\n<\/li>\n<li data-start=\"1362\" data-end=\"1421\">\n<p data-start=\"1364\" data-end=\"1421\">Kieszonkowe (ma\u0142a kwota, np. 20\u201350 z\u0142, na w\u0142asne wydatki)<\/p>\n<\/li>\n<\/ul>\n<h4 data-start=\"1423\" data-end=\"1447\"><strong data-start=\"1431\" data-end=\"1447\">Opcjonalnie:<\/strong><\/h4>\n<ul data-start=\"1448\" data-end=\"1543\">\n<li data-start=\"1448\" data-end=\"1483\">\n<p data-start=\"1450\" data-end=\"1483\">Ulubiona ksi\u0105\u017cka, gra karciana, gitara i inne instrumenty<\/p>\n<\/li>\n<li data-start=\"1517\" data-end=\"1543\">\n<p data-start=\"1519\" data-end=\"1543\">Okulary przeciws\u0142oneczne<\/p>\n<\/li>\n<li data-start=\"1517\" data-end=\"1543\">Inne<\/li>\n<\/ul>\n<p><strong data-start=\"1226\" data-end=\"1292\">Wp\u0142aty prosimy kierowa\u0107 na konto Stowarzyszenia Pro-Innovatio:&nbsp;<\/strong><strong data-start=\"1295\" data-end=\"1331\">24 1600 1462 1713 7337 5000 0001<\/strong><br data-start=\"1331\" data-end=\"1334\">Tytu\u0142 przelewu:&nbsp;<em data-start=\"1350\" data-end=\"1388\">Adapciak, imi\u0119 i nazwisko uczestnika<\/em><\/p>\n<p>&nbsp;<\/p>\n<p><a href=\"https:\/\/pb.edu.pl\/liceum-ogolnoksztalcace\/wp-content\/uploads\/sites\/10\/2025\/08\/wyjazd-integracyjny.png\"><img loading=\"lazy\" decoding=\"async\" class=\"alignnone size-large wp-image-16669\" src=\"https:\/\/pb.edu.pl\/liceum-ogolnoksztalcace\/wp-content\/uploads\/sites\/10\/2025\/08\/wyjazd-integracyjny-724x1024.png\" alt=\"\" width=\"724\" height=\"1024\" srcset=\"https:\/\/pb.edu.pl\/liceum-ogolnoksztalcace\/wp-content\/uploads\/sites\/10\/2025\/08\/wyjazd-integracyjny-724x1024.png 724w, https:\/\/pb.edu.pl\/liceum-ogolnoksztalcace\/wp-content\/uploads\/sites\/10\/2025\/08\/wyjazd-integracyjny-212x300.png 212w, https:\/\/pb.edu.pl\/liceum-ogolnoksztalcace\/wp-content\/uploads\/sites\/10\/2025\/08\/wyjazd-integracyjny-768x1086.png 768w, https:\/\/pb.edu.pl\/liceum-ogolnoksztalcace\/wp-content\/uploads\/sites\/10\/2025\/08\/wyjazd-integracyjny-1086x1536.png 1086w, https:\/\/pb.edu.pl\/liceum-ogolnoksztalcace\/wp-content\/uploads\/sites\/10\/2025\/08\/wyjazd-integracyjny-1448x2048.png 1448w, https:\/\/pb.edu.pl\/liceum-ogolnoksztalcace\/wp-content\/uploads\/sites\/10\/2025\/08\/wyjazd-integracyjny.png 1587w\" sizes=\"auto, (max-width: 724px) 100vw, 724px\" \/><\/a> <a href=\"https:\/\/pb.edu.pl\/liceum-ogolnoksztalcace\/wp-content\/uploads\/sites\/10\/2025\/08\/ADAPCIAK-1.png\"><img loading=\"lazy\" decoding=\"async\" class=\"alignnone size-large wp-image-16670\" src=\"https:\/\/pb.edu.pl\/liceum-ogolnoksztalcace\/wp-content\/uploads\/sites\/10\/2025\/08\/ADAPCIAK-1-724x1024.png\" alt=\"\" width=\"724\" height=\"1024\" srcset=\"https:\/\/pb.edu.pl\/liceum-ogolnoksztalcace\/wp-content\/uploads\/sites\/10\/2025\/08\/ADAPCIAK-1-724x1024.png 724w, https:\/\/pb.edu.pl\/liceum-ogolnoksztalcace\/wp-content\/uploads\/sites\/10\/2025\/08\/ADAPCIAK-1-212x300.png 212w, https:\/\/pb.edu.pl\/liceum-ogolnoksztalcace\/wp-content\/uploads\/sites\/10\/2025\/08\/ADAPCIAK-1-768x1086.png 768w, https:\/\/pb.edu.pl\/liceum-ogolnoksztalcace\/wp-content\/uploads\/sites\/10\/2025\/08\/ADAPCIAK-1-1086x1536.png 1086w, https:\/\/pb.edu.pl\/liceum-ogolnoksztalcace\/wp-content\/uploads\/sites\/10\/2025\/08\/ADAPCIAK-1-1448x2048.png 1448w, https:\/\/pb.edu.pl\/liceum-ogolnoksztalcace\/wp-content\/uploads\/sites\/10\/2025\/08\/ADAPCIAK-1.png 1587w\" sizes=\"auto, (max-width: 724px) 100vw, 724px\" \/><\/a><\/p>\n<p>&nbsp;<\/p>\n","protected":false},"excerpt":{"rendered":"<p>Wa\u017cne informacje &#8211; Adapciak &nbsp; Zbi\u00f3rka w poniedzia\u0142ek 25.08.25r. o 7:15 g\u00f3rny parking PB, przy<\/p>\n","protected":false},"author":2,"featured_media":0,"parent":0,"menu_order":10,"comment_status":"closed","ping_status":"closed","template":"","meta":{"_acf_changed":false,"ngg_post_thumbnail":0,"footnotes":""},"class_list":["post-12831","page","type-page","status-publish","hentry"],"acf":[],"yoast_head":"<!-- This site is optimized with the Yoast SEO plugin v27.0 - https:\/\/yoast.com\/product\/yoast-seo-wordpress\/ -->\n<title>Akademickie Liceum Og\u00f3lnokszta\u0142c\u0105ce Politechniki Bia\u0142ostockiej - Adapciak<\/title>\n<meta name=\"description\" content=\"Wa\u017cne informacje - Adapciak &nbsp; Zbi\u00f3rka w poniedzia\u0142ek 25.08.25r. o 7:15 g\u00f3rny parking PB, przy wej\u015bciu do ALO (Wydzia\u0142 Informatyki). Prosimy o\" \/>\n<meta name=\"robots\" content=\"index, follow, max-snippet:-1, max-image-preview:large, max-video-preview:-1\" \/>\n<link rel=\"canonical\" href=\"https:\/\/pb.edu.pl\/liceum-ogolnoksztalcace\/adapciak\/\" \/>\n<meta name=\"twitter:label1\" content=\"Szacowany czas czytania\" \/>\n\t<meta name=\"twitter:data1\" content=\"3 minuty\" \/>\n<script type=\"application\/ld+json\" class=\"yoast-schema-graph\">{\"@context\":\"https:\/\/schema.org\",\"@graph\":[{\"@type\":\"WebPage\",\"@id\":\"https:\/\/pb.edu.pl\/liceum-ogolnoksztalcace\/adapciak\/\",\"url\":\"https:\/\/pb.edu.pl\/liceum-ogolnoksztalcace\/adapciak\/\",\"name\":\"Akademickie Liceum Og\u00f3lnokszta\u0142c\u0105ce Politechniki Bia\u0142ostockiej - Adapciak\",\"isPartOf\":{\"@id\":\"https:\/\/pb.edu.pl\/liceum-ogolnoksztalcace\/#website\"},\"primaryImageOfPage\":{\"@id\":\"https:\/\/pb.edu.pl\/liceum-ogolnoksztalcace\/adapciak\/#primaryimage\"},\"image\":{\"@id\":\"https:\/\/pb.edu.pl\/liceum-ogolnoksztalcace\/adapciak\/#primaryimage\"},\"thumbnailUrl\":\"https:\/\/pb.edu.pl\/liceum-ogolnoksztalcace\/wp-content\/uploads\/sites\/10\/2025\/08\/wyjazd-integracyjny-724x1024.png\",\"datePublished\":\"2024-06-27T11:06:16+00:00\",\"dateModified\":\"2025-08-23T09:33:57+00:00\",\"description\":\"Wa\u017cne informacje - Adapciak &nbsp; Zbi\u00f3rka w poniedzia\u0142ek 25.08.25r. o 7:15 g\u00f3rny parking PB, przy wej\u015bciu do ALO (Wydzia\u0142 Informatyki). Prosimy o\",\"breadcrumb\":{\"@id\":\"https:\/\/pb.edu.pl\/liceum-ogolnoksztalcace\/adapciak\/#breadcrumb\"},\"inLanguage\":\"pl-PL\",\"potentialAction\":[{\"@type\":\"ReadAction\",\"target\":[\"https:\/\/pb.edu.pl\/liceum-ogolnoksztalcace\/adapciak\/\"]}]},{\"@type\":\"ImageObject\",\"inLanguage\":\"pl-PL\",\"@id\":\"https:\/\/pb.edu.pl\/liceum-ogolnoksztalcace\/adapciak\/#primaryimage\",\"url\":\"https:\/\/pb.edu.pl\/liceum-ogolnoksztalcace\/wp-content\/uploads\/sites\/10\/2025\/08\/wyjazd-integracyjny.png\",\"contentUrl\":\"https:\/\/pb.edu.pl\/liceum-ogolnoksztalcace\/wp-content\/uploads\/sites\/10\/2025\/08\/wyjazd-integracyjny.png\",\"width\":1587,\"height\":2245},{\"@type\":\"BreadcrumbList\",\"@id\":\"https:\/\/pb.edu.pl\/liceum-ogolnoksztalcace\/adapciak\/#breadcrumb\",\"itemListElement\":[{\"@type\":\"ListItem\",\"position\":1,\"name\":\"Home\",\"item\":\"https:\/\/pb.edu.pl\/liceum-ogolnoksztalcace\/\"},{\"@type\":\"ListItem\",\"position\":2,\"name\":\"Adapciak\"}]},{\"@type\":\"WebSite\",\"@id\":\"https:\/\/pb.edu.pl\/liceum-ogolnoksztalcace\/#website\",\"url\":\"https:\/\/pb.edu.pl\/liceum-ogolnoksztalcace\/\",\"name\":\"Akademickie Liceum Og\u00f3lnokszta\u0142c\u0105ce Politechniki Bia\u0142ostockiej\",\"description\":\"\",\"potentialAction\":[{\"@type\":\"SearchAction\",\"target\":{\"@type\":\"EntryPoint\",\"urlTemplate\":\"https:\/\/pb.edu.pl\/liceum-ogolnoksztalcace\/?s={search_term_string}\"},\"query-input\":{\"@type\":\"PropertyValueSpecification\",\"valueRequired\":true,\"valueName\":\"search_term_string\"}}],\"inLanguage\":\"pl-PL\"}]}<\/script>\n<!-- \/ Yoast SEO plugin. -->","yoast_head_json":{"title":"Akademickie Liceum Og\u00f3lnokszta\u0142c\u0105ce Politechniki Bia\u0142ostockiej - Adapciak","description":"Wa\u017cne informacje - Adapciak &nbsp; Zbi\u00f3rka w poniedzia\u0142ek 25.08.25r. o 7:15 g\u00f3rny parking PB, przy wej\u015bciu do ALO (Wydzia\u0142 Informatyki). Prosimy o","robots":{"index":"index","follow":"follow","max-snippet":"max-snippet:-1","max-image-preview":"max-image-preview:large","max-video-preview":"max-video-preview:-1"},"canonical":"https:\/\/pb.edu.pl\/liceum-ogolnoksztalcace\/adapciak\/","twitter_misc":{"Szacowany czas czytania":"3 minuty"},"schema":{"@context":"https:\/\/schema.org","@graph":[{"@type":"WebPage","@id":"https:\/\/pb.edu.pl\/liceum-ogolnoksztalcace\/adapciak\/","url":"https:\/\/pb.edu.pl\/liceum-ogolnoksztalcace\/adapciak\/","name":"Akademickie Liceum Og\u00f3lnokszta\u0142c\u0105ce Politechniki Bia\u0142ostockiej - Adapciak","isPartOf":{"@id":"https:\/\/pb.edu.pl\/liceum-ogolnoksztalcace\/#website"},"primaryImageOfPage":{"@id":"https:\/\/pb.edu.pl\/liceum-ogolnoksztalcace\/adapciak\/#primaryimage"},"image":{"@id":"https:\/\/pb.edu.pl\/liceum-ogolnoksztalcace\/adapciak\/#primaryimage"},"thumbnailUrl":"https:\/\/pb.edu.pl\/liceum-ogolnoksztalcace\/wp-content\/uploads\/sites\/10\/2025\/08\/wyjazd-integracyjny-724x1024.png","datePublished":"2024-06-27T11:06:16+00:00","dateModified":"2025-08-23T09:33:57+00:00","description":"Wa\u017cne informacje - Adapciak &nbsp; Zbi\u00f3rka w poniedzia\u0142ek 25.08.25r. o 7:15 g\u00f3rny parking PB, przy wej\u015bciu do ALO (Wydzia\u0142 Informatyki). Prosimy o","breadcrumb":{"@id":"https:\/\/pb.edu.pl\/liceum-ogolnoksztalcace\/adapciak\/#breadcrumb"},"inLanguage":"pl-PL","potentialAction":[{"@type":"ReadAction","target":["https:\/\/pb.edu.pl\/liceum-ogolnoksztalcace\/adapciak\/"]}]},{"@type":"ImageObject","inLanguage":"pl-PL","@id":"https:\/\/pb.edu.pl\/liceum-ogolnoksztalcace\/adapciak\/#primaryimage","url":"https:\/\/pb.edu.pl\/liceum-ogolnoksztalcace\/wp-content\/uploads\/sites\/10\/2025\/08\/wyjazd-integracyjny.png","contentUrl":"https:\/\/pb.edu.pl\/liceum-ogolnoksztalcace\/wp-content\/uploads\/sites\/10\/2025\/08\/wyjazd-integracyjny.png","width":1587,"height":2245},{"@type":"BreadcrumbList","@id":"https:\/\/pb.edu.pl\/liceum-ogolnoksztalcace\/adapciak\/#breadcrumb","itemListElement":[{"@type":"ListItem","position":1,"name":"Home","item":"https:\/\/pb.edu.pl\/liceum-ogolnoksztalcace\/"},{"@type":"ListItem","position":2,"name":"Adapciak"}]},{"@type":"WebSite","@id":"https:\/\/pb.edu.pl\/liceum-ogolnoksztalcace\/#website","url":"https:\/\/pb.edu.pl\/liceum-ogolnoksztalcace\/","name":"Akademickie Liceum Og\u00f3lnokszta\u0142c\u0105ce Politechniki Bia\u0142ostockiej","description":"","potentialAction":[{"@type":"SearchAction","target":{"@type":"EntryPoint","urlTemplate":"https:\/\/pb.edu.pl\/liceum-ogolnoksztalcace\/?s={search_term_string}"},"query-input":{"@type":"PropertyValueSpecification","valueRequired":true,"valueName":"search_term_string"}}],"inLanguage":"pl-PL"}]}},"_links":{"self":[{"href":"https:\/\/pb.edu.pl\/liceum-ogolnoksztalcace\/wp-json\/wp\/v2\/pages\/12831","targetHints":{"allow":["GET"]}}],"collection":[{"href":"https:\/\/pb.edu.pl\/liceum-ogolnoksztalcace\/wp-json\/wp\/v2\/pages"}],"about":[{"href":"https:\/\/pb.edu.pl\/liceum-ogolnoksztalcace\/wp-json\/wp\/v2\/types\/page"}],"author":[{"embeddable":true,"href":"https:\/\/pb.edu.pl\/liceum-ogolnoksztalcace\/wp-json\/wp\/v2\/users\/2"}],"replies":[{"embeddable":true,"href":"https:\/\/pb.edu.pl\/liceum-ogolnoksztalcace\/wp-json\/wp\/v2\/comments?post=12831"}],"version-history":[{"count":0,"href":"https:\/\/pb.edu.pl\/liceum-ogolnoksztalcace\/wp-json\/wp\/v2\/pages\/12831\/revisions"}],"wp:attachment":[{"href":"https:\/\/pb.edu.pl\/liceum-ogolnoksztalcace\/wp-json\/wp\/v2\/media?parent=12831"}],"curies":[{"name":"wp","href":"https:\/\/api.w.org\/{rel}","templated":true}]}}