{"id":11587,"date":"2024-03-12T22:36:10","date_gmt":"2024-03-12T21:36:10","guid":{"rendered":"https:\/\/pb.edu.pl\/liceum-ogolnoksztalcace\/?page_id=11587"},"modified":"2025-07-01T12:08:22","modified_gmt":"2025-07-01T10:08:22","slug":"stowarzyszenie-pro-innovatio","status":"publish","type":"page","link":"https:\/\/pb.edu.pl\/liceum-ogolnoksztalcace\/stowarzyszenie-pro-innovatio\/","title":{"rendered":"Stowarzyszenie Pro-Innovatio"},"content":{"rendered":"<div class=\"h3\">Cel dzia\u0142ania Stowarzyszenia:<\/div>\n<ol>\n<li>Zrzeszenie uczni\u00f3w, absolwent\u00f3w, nauczycieli i przedstawicieli \u015brodowiska ALO PB.<\/li>\n<li>Aktywizowanie i organizacja \u015brodowisk absolwent\u00f3w, rozwijanie kontakt\u00f3w, wymiany do\u015bwiadcze\u0144 i wsp\u00f3\u0142pracy.<\/li>\n<li>Wsp\u00f3\u0142praca z samorz\u0105dem uczniowskim ALO PB i wspieranie go w jego dzia\u0142alno\u015bci na rzecz uczni\u00f3w.<\/li>\n<li>Tworzenie warunk\u00f3w do nawi\u0105zywania i utrzymywania wi\u0119zi mi\u0119dzy absolwentami oraz wspieranie w trudnych sytuacjach \u017cyciowych poprzez r\u00f3\u017cne formy pomocy.<\/li>\n<li>Kultywowanie pami\u0119ci i tradycji szko\u0142y ALO PB i Politechniki Bia\u0142ostockiej oraz okolicznego dziedzictwa przyrodniczego i kulturowego.<\/li>\n<li>Udzielanie wsparcia i wszechstronnej pomocy w dzia\u0142alno\u015bci Politechniki Bia\u0142ostockiej.<\/li>\n<li>Wsp\u00f3\u0142praca z terenowymi organizacjami administracji samorz\u0105dowej i rz\u0105dowej w zakresie spo\u0142eczno-gospodarczym i naukowo-edukacyjnym oraz z innymi stowarzyszeniami w kraju i za granic\u0105, dzia\u0142anie w kierunku pozwalaj\u0105cym utrzymywanie wysokiej pozycji i presti\u017cu Politechniki Bia\u0142ostockiej oraz Stowarzyszenia.<\/li>\n<li>Wsp\u00f3\u0142dzia\u0142anie z organami administracji pa\u0144stwowej, samorz\u0105dowej, funduszami, instytucjami, fundacjami, organizacjami i stowarzyszeniami.<\/li>\n<li>Wsp\u00f3\u0142praca ze Stowarzyszeniem Absolwent\u00f3w Politechniki Bia\u0142ostockiej, Fundacj\u0105 na rzecz rozwoju Politechniki Bia\u0142ostockiej.<\/li>\n<li>Wymiana do\u015bwiadcze\u0144 z innymi stowarzyszeniami, organizacjami oraz uczelniami i plac\u00f3wkami o\u015bwiatowymi o podobnym profilu dzia\u0142alno\u015bci, wsp\u00f3\u0142praca z w\u0142adzami uczelni PB na rzecz jej rozwoju.<\/li>\n<li>Wspieranie dzia\u0142alno\u015bci i zada\u0144 statutowych Akademickiego Liceum Og\u00f3lnokszta\u0142c\u0105cego Politechniki Bia\u0142ostockiej.<\/li>\n<\/ol>\n<p><strong>KRS:<\/strong> 0001087884<br \/>\n<strong>NIP:<\/strong> 5423481038<br \/>\n<strong>REGON:<\/strong> 527789519<br \/>\n<strong>NUMER KONTA:<\/strong> 24 1600 1462 1713 7337 5000 0001<\/p>\n","protected":false},"excerpt":{"rendered":"<p>Cel dzia\u0142ania Stowarzyszenia: Zrzeszenie uczni\u00f3w, absolwent\u00f3w, nauczycieli i przedstawicieli \u015brodowiska ALO PB. Aktywizowanie i organizacja<\/p>\n","protected":false},"author":2,"featured_media":0,"parent":0,"menu_order":10,"comment_status":"closed","ping_status":"closed","template":"","meta":{"_acf_changed":false,"ngg_post_thumbnail":0,"footnotes":""},"class_list":["post-11587","page","type-page","status-publish","hentry"],"acf":[],"yoast_head":"<!-- This site is optimized with the Yoast SEO plugin v27.0 - https:\/\/yoast.com\/product\/yoast-seo-wordpress\/ -->\n<title>Akademickie Liceum Og\u00f3lnokszta\u0142c\u0105ce Politechniki Bia\u0142ostockiej - Stowarzyszenie Pro-Innovatio<\/title>\n<meta name=\"description\" content=\"Cel dzia\u0142ania Stowarzyszenia: Zrzeszenie uczni\u00f3w, absolwent\u00f3w, nauczycieli i przedstawicieli \u015brodowiska ALO PB. Aktywizowanie i organizacja \u015brodowisk\" \/>\n<meta name=\"robots\" content=\"index, follow, max-snippet:-1, max-image-preview:large, max-video-preview:-1\" \/>\n<link rel=\"canonical\" href=\"https:\/\/pb.edu.pl\/liceum-ogolnoksztalcace\/stowarzyszenie-pro-innovatio\/\" \/>\n<meta name=\"twitter:label1\" content=\"Szacowany czas czytania\" \/>\n\t<meta name=\"twitter:data1\" content=\"2 minuty\" \/>\n<script type=\"application\/ld+json\" class=\"yoast-schema-graph\">{\"@context\":\"https:\/\/schema.org\",\"@graph\":[{\"@type\":\"WebPage\",\"@id\":\"https:\/\/pb.edu.pl\/liceum-ogolnoksztalcace\/stowarzyszenie-pro-innovatio\/\",\"url\":\"https:\/\/pb.edu.pl\/liceum-ogolnoksztalcace\/stowarzyszenie-pro-innovatio\/\",\"name\":\"Akademickie Liceum Og\u00f3lnokszta\u0142c\u0105ce Politechniki Bia\u0142ostockiej - Stowarzyszenie Pro-Innovatio\",\"isPartOf\":{\"@id\":\"https:\/\/pb.edu.pl\/liceum-ogolnoksztalcace\/#website\"},\"datePublished\":\"2024-03-12T21:36:10+00:00\",\"dateModified\":\"2025-07-01T10:08:22+00:00\",\"description\":\"Cel dzia\u0142ania Stowarzyszenia: Zrzeszenie uczni\u00f3w, absolwent\u00f3w, nauczycieli i przedstawicieli \u015brodowiska ALO PB. Aktywizowanie i organizacja \u015brodowisk\",\"breadcrumb\":{\"@id\":\"https:\/\/pb.edu.pl\/liceum-ogolnoksztalcace\/stowarzyszenie-pro-innovatio\/#breadcrumb\"},\"inLanguage\":\"pl-PL\",\"potentialAction\":[{\"@type\":\"ReadAction\",\"target\":[\"https:\/\/pb.edu.pl\/liceum-ogolnoksztalcace\/stowarzyszenie-pro-innovatio\/\"]}]},{\"@type\":\"BreadcrumbList\",\"@id\":\"https:\/\/pb.edu.pl\/liceum-ogolnoksztalcace\/stowarzyszenie-pro-innovatio\/#breadcrumb\",\"itemListElement\":[{\"@type\":\"ListItem\",\"position\":1,\"name\":\"Home\",\"item\":\"https:\/\/pb.edu.pl\/liceum-ogolnoksztalcace\/\"},{\"@type\":\"ListItem\",\"position\":2,\"name\":\"Stowarzyszenie Pro-Innovatio\"}]},{\"@type\":\"WebSite\",\"@id\":\"https:\/\/pb.edu.pl\/liceum-ogolnoksztalcace\/#website\",\"url\":\"https:\/\/pb.edu.pl\/liceum-ogolnoksztalcace\/\",\"name\":\"Akademickie Liceum Og\u00f3lnokszta\u0142c\u0105ce Politechniki Bia\u0142ostockiej\",\"description\":\"\",\"potentialAction\":[{\"@type\":\"SearchAction\",\"target\":{\"@type\":\"EntryPoint\",\"urlTemplate\":\"https:\/\/pb.edu.pl\/liceum-ogolnoksztalcace\/?s={search_term_string}\"},\"query-input\":{\"@type\":\"PropertyValueSpecification\",\"valueRequired\":true,\"valueName\":\"search_term_string\"}}],\"inLanguage\":\"pl-PL\"}]}<\/script>\n<!-- \/ Yoast SEO plugin. -->","yoast_head_json":{"title":"Akademickie Liceum Og\u00f3lnokszta\u0142c\u0105ce Politechniki Bia\u0142ostockiej - Stowarzyszenie Pro-Innovatio","description":"Cel dzia\u0142ania Stowarzyszenia: Zrzeszenie uczni\u00f3w, absolwent\u00f3w, nauczycieli i przedstawicieli \u015brodowiska ALO PB. Aktywizowanie i organizacja \u015brodowisk","robots":{"index":"index","follow":"follow","max-snippet":"max-snippet:-1","max-image-preview":"max-image-preview:large","max-video-preview":"max-video-preview:-1"},"canonical":"https:\/\/pb.edu.pl\/liceum-ogolnoksztalcace\/stowarzyszenie-pro-innovatio\/","twitter_misc":{"Szacowany czas czytania":"2 minuty"},"schema":{"@context":"https:\/\/schema.org","@graph":[{"@type":"WebPage","@id":"https:\/\/pb.edu.pl\/liceum-ogolnoksztalcace\/stowarzyszenie-pro-innovatio\/","url":"https:\/\/pb.edu.pl\/liceum-ogolnoksztalcace\/stowarzyszenie-pro-innovatio\/","name":"Akademickie Liceum Og\u00f3lnokszta\u0142c\u0105ce Politechniki Bia\u0142ostockiej - Stowarzyszenie Pro-Innovatio","isPartOf":{"@id":"https:\/\/pb.edu.pl\/liceum-ogolnoksztalcace\/#website"},"datePublished":"2024-03-12T21:36:10+00:00","dateModified":"2025-07-01T10:08:22+00:00","description":"Cel dzia\u0142ania Stowarzyszenia: Zrzeszenie uczni\u00f3w, absolwent\u00f3w, nauczycieli i przedstawicieli \u015brodowiska ALO PB. Aktywizowanie i organizacja \u015brodowisk","breadcrumb":{"@id":"https:\/\/pb.edu.pl\/liceum-ogolnoksztalcace\/stowarzyszenie-pro-innovatio\/#breadcrumb"},"inLanguage":"pl-PL","potentialAction":[{"@type":"ReadAction","target":["https:\/\/pb.edu.pl\/liceum-ogolnoksztalcace\/stowarzyszenie-pro-innovatio\/"]}]},{"@type":"BreadcrumbList","@id":"https:\/\/pb.edu.pl\/liceum-ogolnoksztalcace\/stowarzyszenie-pro-innovatio\/#breadcrumb","itemListElement":[{"@type":"ListItem","position":1,"name":"Home","item":"https:\/\/pb.edu.pl\/liceum-ogolnoksztalcace\/"},{"@type":"ListItem","position":2,"name":"Stowarzyszenie Pro-Innovatio"}]},{"@type":"WebSite","@id":"https:\/\/pb.edu.pl\/liceum-ogolnoksztalcace\/#website","url":"https:\/\/pb.edu.pl\/liceum-ogolnoksztalcace\/","name":"Akademickie Liceum Og\u00f3lnokszta\u0142c\u0105ce Politechniki Bia\u0142ostockiej","description":"","potentialAction":[{"@type":"SearchAction","target":{"@type":"EntryPoint","urlTemplate":"https:\/\/pb.edu.pl\/liceum-ogolnoksztalcace\/?s={search_term_string}"},"query-input":{"@type":"PropertyValueSpecification","valueRequired":true,"valueName":"search_term_string"}}],"inLanguage":"pl-PL"}]}},"_links":{"self":[{"href":"https:\/\/pb.edu.pl\/liceum-ogolnoksztalcace\/wp-json\/wp\/v2\/pages\/11587","targetHints":{"allow":["GET"]}}],"collection":[{"href":"https:\/\/pb.edu.pl\/liceum-ogolnoksztalcace\/wp-json\/wp\/v2\/pages"}],"about":[{"href":"https:\/\/pb.edu.pl\/liceum-ogolnoksztalcace\/wp-json\/wp\/v2\/types\/page"}],"author":[{"embeddable":true,"href":"https:\/\/pb.edu.pl\/liceum-ogolnoksztalcace\/wp-json\/wp\/v2\/users\/2"}],"replies":[{"embeddable":true,"href":"https:\/\/pb.edu.pl\/liceum-ogolnoksztalcace\/wp-json\/wp\/v2\/comments?post=11587"}],"version-history":[{"count":0,"href":"https:\/\/pb.edu.pl\/liceum-ogolnoksztalcace\/wp-json\/wp\/v2\/pages\/11587\/revisions"}],"wp:attachment":[{"href":"https:\/\/pb.edu.pl\/liceum-ogolnoksztalcace\/wp-json\/wp\/v2\/media?parent=11587"}],"curies":[{"name":"wp","href":"https:\/\/api.w.org\/{rel}","templated":true}]}}