{"id":11287,"date":"2024-02-09T21:44:44","date_gmt":"2024-02-09T20:44:44","guid":{"rendered":"https:\/\/pb.edu.pl\/liceum-ogolnoksztalcace\/?page_id=11287"},"modified":"2025-12-01T15:53:05","modified_gmt":"2025-12-01T14:53:05","slug":"partnerzy","status":"publish","type":"page","link":"https:\/\/pb.edu.pl\/liceum-ogolnoksztalcace\/partnerzy\/","title":{"rendered":"Partnerzy"},"content":{"rendered":"<div class=\"h1 text-center\"><span style=\"font-size: 24pt\">Partnerzy strategiczni<\/span><\/div>\n<p>&nbsp;<\/p>\n<div class=\"organizer-logos\">\n<a class=\"partnerzy-logos-item\" href=\"https:\/\/podlaskie.eu\/\" target=\"_blank\" rel=\"noopener\"><img decoding=\"async\" style=\"height: 160px !important\" src=\"https:\/\/pb.edu.pl\/liceum-ogolnoksztalcace\/wp-content\/uploads\/sites\/10\/2025\/12\/logo-wojewodztwa-podlaskiego-scaled.jpg\" alt=\"logo wojew\u00f3dztwa podlaskiego\" \/><\/a><br \/>\n<a class=\"partnerzy-logos-item\" href=\"https:\/\/podlaskie.eu\/urzad\/zarzad\/zarzad-wojewodztwa-podlaskiego.html\" target=\"_blank\" rel=\"noopener\"><img decoding=\"async\" style=\"height: 160px !important\" src=\"https:\/\/pb.edu.pl\/liceum-ogolnoksztalcace\/wp-content\/uploads\/sites\/10\/2025\/12\/patronat-honorowy-marszalka-wojewodztwa-podlaskiego.jpg\" alt=\"honorowy patronat marsza\u0142ka wojew\u00f3dztwa podlaskiego\" \/><\/a>\n<\/div>\n<div class=\"h1 text-center\"><span style=\"font-size: 24pt\">Partnerzy ALO PB<\/span><\/div>\n<p>&nbsp;<\/p>\n<div class=\"organizer-logos\">\n<a class=\"organizer-logos-item\" href=\"https:\/\/biaform.com.pl\/\" target=\"_blank\" rel=\"noopener\"><img decoding=\"async\" src=\"https:\/\/pb.edu.pl\/liceum-ogolnoksztalcace\/wp-content\/uploads\/sites\/10\/2024\/02\/biaform.jpg\" alt=\"logo biaform\" \/><\/a><br \/>\n<a class=\"organizer-logos-item\" href=\"https:\/\/pnwm.org\/\" target=\"_blank\" rel=\"noopener\"><img decoding=\"async\" src=\"https:\/\/pb.edu.pl\/liceum-ogolnoksztalcace\/wp-content\/uploads\/sites\/10\/2024\/02\/polsko-niemiecka-wspolpraca-mlodziezy.jpg\" alt=\"PNWM (Polsko-Niemiecka Wsp\u00f3\u0142praca M\u0142odzie\u017cy) logo\" \/><\/a><br \/>\n<a class=\"organizer-logos-item\" href=\"https:\/\/www.facebook.com\/fundacjauzdolnieni\/\" target=\"_blank\" rel=\"noopener\"><img decoding=\"async\" src=\"https:\/\/pb.edu.pl\/liceum-ogolnoksztalcace\/wp-content\/uploads\/sites\/10\/2024\/02\/fundacja-uzdolnieni.png\" alt=\"Fundacja Uzdolnieni logo\" \/><\/a><br \/>\n<a class=\"organizer-logos-item\" href=\"https:\/\/joinus4health.eu\/pl\/\" target=\"_blank\" rel=\"noopener\"><img decoding=\"async\" src=\"https:\/\/pb.edu.pl\/liceum-ogolnoksztalcace\/wp-content\/uploads\/sites\/10\/2024\/02\/joinus4health.jpg\" alt=\"JoinUs4Health logo\" \/><\/a><br \/>\n<a class=\"organizer-logos-item\" href=\"https:\/\/pb.edu.pl\/absolwenci\/stowarzyszenie-absolwentow\/\" target=\"_blank\" rel=\"noopener\"><img decoding=\"async\" src=\"https:\/\/pb.edu.pl\/liceum-ogolnoksztalcace\/wp-content\/uploads\/sites\/10\/2024\/02\/absolwenci.jpg\" alt=\"Stowarzyszenie Absolwent\u00f3w Politechniki Bia\u0142ostockiej logo\" \/><\/a><br \/>\n<a class=\"organizer-logos-item\" href=\"https:\/\/www.forsitis.org\/terapia\/\" target=\"_blank\" rel=\"noopener\"><img decoding=\"async\" src=\"https:\/\/pb.edu.pl\/liceum-ogolnoksztalcace\/wp-content\/uploads\/sites\/10\/2024\/02\/fundacja-forsitis.jpg\" alt=\"Fundacja Fors-Itis logo\" \/><\/a><br \/>\n<a class=\"organizer-logos-item\" href=\"https:\/\/www.forttrzecipomiechowek.org\/\" target=\"_blank\" rel=\"noopener\"><img loading=\"lazy\" decoding=\"async\" src=\"https:\/\/pb.edu.pl\/liceum-ogolnoksztalcace\/wp-content\/uploads\/sites\/10\/2024\/02\/fortpomiechowek.jpg\" alt=\"Fundacja Fort III Pomiech\u00f3wek logo\" width=\"320\" height=\"180\" class=\"alignnone size-full wp-image-11310\" srcset=\"https:\/\/pb.edu.pl\/liceum-ogolnoksztalcace\/wp-content\/uploads\/sites\/10\/2024\/02\/fortpomiechowek.jpg 320w, https:\/\/pb.edu.pl\/liceum-ogolnoksztalcace\/wp-content\/uploads\/sites\/10\/2024\/02\/fortpomiechowek-300x169.jpg 300w\" sizes=\"auto, (max-width: 320px) 100vw, 320px\" \/><\/a><br \/>\n<a class=\"organizer-logos-item\" href=\"https:\/\/www.facebook.com\/BiamanPlatonTV\/?locale=pl_PL\/\" target=\"_blank\" rel=\"noopener\"><img loading=\"lazy\" decoding=\"async\" src=\"https:\/\/pb.edu.pl\/liceum-ogolnoksztalcace\/wp-content\/uploads\/sites\/10\/2024\/02\/platon-tv.jpg\" alt=\"PlatonTV logo\" width=\"180\" height=\"180\" class=\"alignnone size-full wp-image-11312\" \/><\/a><br \/>\n<a class=\"organizer-logos-item\" href=\"https:\/\/ipn.gov.pl\/pl\/kontakt\/oddzialy-ipn\/oddzial-ipn-w-bialymsto\" target=\"_blank\" rel=\"noopener\"><img loading=\"lazy\" decoding=\"async\" src=\"https:\/\/pb.edu.pl\/liceum-ogolnoksztalcace\/wp-content\/uploads\/sites\/10\/2024\/02\/ipn.png\" alt=\"Instytut Pami\u0119ci Narodowej Bia\u0142ystok logo\" width=\"358\" height=\"141\" class=\"alignnone size-full wp-image-11313\" srcset=\"https:\/\/pb.edu.pl\/liceum-ogolnoksztalcace\/wp-content\/uploads\/sites\/10\/2024\/02\/ipn.png 358w, https:\/\/pb.edu.pl\/liceum-ogolnoksztalcace\/wp-content\/uploads\/sites\/10\/2024\/02\/ipn-300x118.png 300w\" sizes=\"auto, (max-width: 358px) 100vw, 358px\" \/><\/a>\n<\/div>\n","protected":false},"excerpt":{"rendered":"<p>Partnerzy strategiczni &nbsp; Partnerzy ALO PB &nbsp;<\/p>\n","protected":false},"author":2,"featured_media":0,"parent":0,"menu_order":0,"comment_status":"closed","ping_status":"closed","template":"","meta":{"_acf_changed":false,"ngg_post_thumbnail":0,"footnotes":""},"class_list":["post-11287","page","type-page","status-publish","hentry"],"acf":[],"yoast_head":"<!-- This site is optimized with the Yoast SEO plugin v27.0 - https:\/\/yoast.com\/product\/yoast-seo-wordpress\/ -->\n<title>Akademickie Liceum Og\u00f3lnokszta\u0142c\u0105ce Politechniki Bia\u0142ostockiej - Partnerzy<\/title>\n<meta name=\"description\" content=\"Partnerzy strategiczni &nbsp;      Partnerzy ALO PB &nbsp;\" \/>\n<meta name=\"robots\" content=\"index, follow, max-snippet:-1, max-image-preview:large, max-video-preview:-1\" \/>\n<link rel=\"canonical\" href=\"https:\/\/pb.edu.pl\/liceum-ogolnoksztalcace\/partnerzy\/\" \/>\n<meta name=\"twitter:label1\" content=\"Szacowany czas czytania\" \/>\n\t<meta name=\"twitter:data1\" content=\"2 minuty\" \/>\n<script type=\"application\/ld+json\" class=\"yoast-schema-graph\">{\"@context\":\"https:\/\/schema.org\",\"@graph\":[{\"@type\":\"WebPage\",\"@id\":\"https:\/\/pb.edu.pl\/liceum-ogolnoksztalcace\/partnerzy\/\",\"url\":\"https:\/\/pb.edu.pl\/liceum-ogolnoksztalcace\/partnerzy\/\",\"name\":\"Akademickie Liceum Og\u00f3lnokszta\u0142c\u0105ce Politechniki Bia\u0142ostockiej - Partnerzy\",\"isPartOf\":{\"@id\":\"https:\/\/pb.edu.pl\/liceum-ogolnoksztalcace\/#website\"},\"primaryImageOfPage\":{\"@id\":\"https:\/\/pb.edu.pl\/liceum-ogolnoksztalcace\/partnerzy\/#primaryimage\"},\"image\":{\"@id\":\"https:\/\/pb.edu.pl\/liceum-ogolnoksztalcace\/partnerzy\/#primaryimage\"},\"thumbnailUrl\":\"https:\/\/pb.edu.pl\/liceum-ogolnoksztalcace\/wp-content\/uploads\/sites\/10\/2025\/12\/logo-wojewodztwa-podlaskiego-scaled.jpg\",\"datePublished\":\"2024-02-09T20:44:44+00:00\",\"dateModified\":\"2025-12-01T14:53:05+00:00\",\"description\":\"Partnerzy strategiczni &nbsp; Partnerzy ALO PB &nbsp;\",\"breadcrumb\":{\"@id\":\"https:\/\/pb.edu.pl\/liceum-ogolnoksztalcace\/partnerzy\/#breadcrumb\"},\"inLanguage\":\"pl-PL\",\"potentialAction\":[{\"@type\":\"ReadAction\",\"target\":[\"https:\/\/pb.edu.pl\/liceum-ogolnoksztalcace\/partnerzy\/\"]}]},{\"@type\":\"ImageObject\",\"inLanguage\":\"pl-PL\",\"@id\":\"https:\/\/pb.edu.pl\/liceum-ogolnoksztalcace\/partnerzy\/#primaryimage\",\"url\":\"https:\/\/pb.edu.pl\/liceum-ogolnoksztalcace\/wp-content\/uploads\/sites\/10\/2025\/12\/logo-wojewodztwa-podlaskiego-scaled.jpg\",\"contentUrl\":\"https:\/\/pb.edu.pl\/liceum-ogolnoksztalcace\/wp-content\/uploads\/sites\/10\/2025\/12\/logo-wojewodztwa-podlaskiego-scaled.jpg\",\"width\":2560,\"height\":1308},{\"@type\":\"BreadcrumbList\",\"@id\":\"https:\/\/pb.edu.pl\/liceum-ogolnoksztalcace\/partnerzy\/#breadcrumb\",\"itemListElement\":[{\"@type\":\"ListItem\",\"position\":1,\"name\":\"Home\",\"item\":\"https:\/\/pb.edu.pl\/liceum-ogolnoksztalcace\/\"},{\"@type\":\"ListItem\",\"position\":2,\"name\":\"Partnerzy\"}]},{\"@type\":\"WebSite\",\"@id\":\"https:\/\/pb.edu.pl\/liceum-ogolnoksztalcace\/#website\",\"url\":\"https:\/\/pb.edu.pl\/liceum-ogolnoksztalcace\/\",\"name\":\"Akademickie Liceum Og\u00f3lnokszta\u0142c\u0105ce Politechniki Bia\u0142ostockiej\",\"description\":\"\",\"potentialAction\":[{\"@type\":\"SearchAction\",\"target\":{\"@type\":\"EntryPoint\",\"urlTemplate\":\"https:\/\/pb.edu.pl\/liceum-ogolnoksztalcace\/?s={search_term_string}\"},\"query-input\":{\"@type\":\"PropertyValueSpecification\",\"valueRequired\":true,\"valueName\":\"search_term_string\"}}],\"inLanguage\":\"pl-PL\"}]}<\/script>\n<!-- \/ Yoast SEO plugin. -->","yoast_head_json":{"title":"Akademickie Liceum Og\u00f3lnokszta\u0142c\u0105ce Politechniki Bia\u0142ostockiej - Partnerzy","description":"Partnerzy strategiczni &nbsp;      Partnerzy ALO PB &nbsp;","robots":{"index":"index","follow":"follow","max-snippet":"max-snippet:-1","max-image-preview":"max-image-preview:large","max-video-preview":"max-video-preview:-1"},"canonical":"https:\/\/pb.edu.pl\/liceum-ogolnoksztalcace\/partnerzy\/","twitter_misc":{"Szacowany czas czytania":"2 minuty"},"schema":{"@context":"https:\/\/schema.org","@graph":[{"@type":"WebPage","@id":"https:\/\/pb.edu.pl\/liceum-ogolnoksztalcace\/partnerzy\/","url":"https:\/\/pb.edu.pl\/liceum-ogolnoksztalcace\/partnerzy\/","name":"Akademickie Liceum Og\u00f3lnokszta\u0142c\u0105ce Politechniki Bia\u0142ostockiej - Partnerzy","isPartOf":{"@id":"https:\/\/pb.edu.pl\/liceum-ogolnoksztalcace\/#website"},"primaryImageOfPage":{"@id":"https:\/\/pb.edu.pl\/liceum-ogolnoksztalcace\/partnerzy\/#primaryimage"},"image":{"@id":"https:\/\/pb.edu.pl\/liceum-ogolnoksztalcace\/partnerzy\/#primaryimage"},"thumbnailUrl":"https:\/\/pb.edu.pl\/liceum-ogolnoksztalcace\/wp-content\/uploads\/sites\/10\/2025\/12\/logo-wojewodztwa-podlaskiego-scaled.jpg","datePublished":"2024-02-09T20:44:44+00:00","dateModified":"2025-12-01T14:53:05+00:00","description":"Partnerzy strategiczni &nbsp; Partnerzy ALO PB &nbsp;","breadcrumb":{"@id":"https:\/\/pb.edu.pl\/liceum-ogolnoksztalcace\/partnerzy\/#breadcrumb"},"inLanguage":"pl-PL","potentialAction":[{"@type":"ReadAction","target":["https:\/\/pb.edu.pl\/liceum-ogolnoksztalcace\/partnerzy\/"]}]},{"@type":"ImageObject","inLanguage":"pl-PL","@id":"https:\/\/pb.edu.pl\/liceum-ogolnoksztalcace\/partnerzy\/#primaryimage","url":"https:\/\/pb.edu.pl\/liceum-ogolnoksztalcace\/wp-content\/uploads\/sites\/10\/2025\/12\/logo-wojewodztwa-podlaskiego-scaled.jpg","contentUrl":"https:\/\/pb.edu.pl\/liceum-ogolnoksztalcace\/wp-content\/uploads\/sites\/10\/2025\/12\/logo-wojewodztwa-podlaskiego-scaled.jpg","width":2560,"height":1308},{"@type":"BreadcrumbList","@id":"https:\/\/pb.edu.pl\/liceum-ogolnoksztalcace\/partnerzy\/#breadcrumb","itemListElement":[{"@type":"ListItem","position":1,"name":"Home","item":"https:\/\/pb.edu.pl\/liceum-ogolnoksztalcace\/"},{"@type":"ListItem","position":2,"name":"Partnerzy"}]},{"@type":"WebSite","@id":"https:\/\/pb.edu.pl\/liceum-ogolnoksztalcace\/#website","url":"https:\/\/pb.edu.pl\/liceum-ogolnoksztalcace\/","name":"Akademickie Liceum Og\u00f3lnokszta\u0142c\u0105ce Politechniki Bia\u0142ostockiej","description":"","potentialAction":[{"@type":"SearchAction","target":{"@type":"EntryPoint","urlTemplate":"https:\/\/pb.edu.pl\/liceum-ogolnoksztalcace\/?s={search_term_string}"},"query-input":{"@type":"PropertyValueSpecification","valueRequired":true,"valueName":"search_term_string"}}],"inLanguage":"pl-PL"}]}},"_links":{"self":[{"href":"https:\/\/pb.edu.pl\/liceum-ogolnoksztalcace\/wp-json\/wp\/v2\/pages\/11287","targetHints":{"allow":["GET"]}}],"collection":[{"href":"https:\/\/pb.edu.pl\/liceum-ogolnoksztalcace\/wp-json\/wp\/v2\/pages"}],"about":[{"href":"https:\/\/pb.edu.pl\/liceum-ogolnoksztalcace\/wp-json\/wp\/v2\/types\/page"}],"author":[{"embeddable":true,"href":"https:\/\/pb.edu.pl\/liceum-ogolnoksztalcace\/wp-json\/wp\/v2\/users\/2"}],"replies":[{"embeddable":true,"href":"https:\/\/pb.edu.pl\/liceum-ogolnoksztalcace\/wp-json\/wp\/v2\/comments?post=11287"}],"version-history":[{"count":0,"href":"https:\/\/pb.edu.pl\/liceum-ogolnoksztalcace\/wp-json\/wp\/v2\/pages\/11287\/revisions"}],"wp:attachment":[{"href":"https:\/\/pb.edu.pl\/liceum-ogolnoksztalcace\/wp-json\/wp\/v2\/media?parent=11287"}],"curies":[{"name":"wp","href":"https:\/\/api.w.org\/{rel}","templated":true}]}}