{"id":10910,"date":"2023-12-01T10:27:52","date_gmt":"2023-12-01T09:27:52","guid":{"rendered":"https:\/\/pb.edu.pl\/liceum-ogolnoksztalcace\/?page_id=10910"},"modified":"2024-07-17T09:55:07","modified_gmt":"2024-07-17T07:55:07","slug":"naboj-junior","status":"publish","type":"page","link":"https:\/\/pb.edu.pl\/liceum-ogolnoksztalcace\/konkursy\/naboj-junior\/","title":{"rendered":"N\u00e1boj Junior"},"content":{"rendered":"<p><strong>N\u00e1boj Junior<\/strong> to zawody dru\u017cynowe dla uczni\u00f3w szk\u00f3\u0142 podstawowych. W ci\u0105gu 2 godzin dru\u017cyny pr\u00f3buj\u0105 rozwi\u0105za\u0107 jak najwi\u0119cej zada\u0144. Poziom trudno\u015bci zada\u0144 jest dostosowany do wiedzy uczni\u00f3w 7 i 8 klasy szko\u0142y podstawowej. Dru\u017cyny sk\u0142adaj\u0105 si\u0119 z maksymalnie czterech uczni\u00f3w&nbsp;z tej samej szko\u0142y. Uczniowie mog\u0105 by\u0107 z r\u00f3\u017cnych klas.<\/p>\n<p>Dru\u017cyny rozwi\u0105zuj\u0105 zadania w miejscu zawod\u00f3w pod nadzorem, w zgodzie z zasadami. Ka\u017cda dru\u017cyna ma 6 zada\u0144 dost\u0119pnych w danym momencie i mo\u017ce rozwi\u0105za\u0107 ka\u017cde z nich. Rozwi\u0105zaniem zadania jest przewa\u017cnie liczba. Po rozwi\u0105zaniu zadania jeden z cz\u0142onk\u00f3w dru\u017cyny udaje si\u0119 sprawdzi\u0107 wynik do wyznaczonych organizator\u00f3w. W przypadku poprawnego wyniku dostaje on nowe zadanie, a jego zesp\u00f3\u0142 dostaje punkt za rozwi\u0105zane zadanie. W przypadku nieprawid\u0142owego wyniku cz\u0142onek zespo\u0142u wraca, a zesp\u00f3\u0142 rozwi\u0105zuje zadanie dalej. Nie ma ogranicze\u0144 co do liczby pr\u00f3b przes\u0142ania zadania, jednak po 3 b\u0142\u0119dnej pr\u00f3bie organizator mo\u017ce poprosi\u0107 o wyja\u015bnienie rozwi\u0105zania zadania &#8211; sam wynik mo\u017ce nie wystarczy\u0107 do zaliczenia zadania. Celem jest rozwi\u0105zanie jak&nbsp;najwi\u0119kszej liczby zada\u0144&nbsp;w jak najkr\u00f3tszym czasie.<\/p>\n<p>Bie\u017c\u0105ce wyniki s\u0105 publikowane w czasie zawod\u00f3w. Przez ostatnie 15 minut zawod\u00f3w nie s\u0105 one aktualizowane. W ka\u017cdym mie\u015bcie zawod\u00f3w zwyci\u0119zc\u0105 zostaje dru\u017cyna z najwi\u0119ksz\u0105 liczb\u0105 punkt\u00f3w. W przypadku r\u00f3wnej liczby punkt\u00f3w rozstrzyga numer najwy\u017cej rozwi\u0105zanego zadania (lub drugiego najwy\u017cszego itp.). Je\u015bli nadal jest remis mi\u0119dzy obiema dru\u017cynami, decyduj\u0105cy jest czas podania wyniku ostatniego (pod wzgl\u0119dem momentu rozwi\u0105zania) zadania (wygrywa wcze\u015bniejszy czas).<\/p>\n<p>Wi\u0119cej o konkursie: <a title=\"\" href=\"https:\/\/junior.naboj.org\/pl\/pl\/\" target=\"_blank\" rel=\"noopener\">https:\/\/junior.naboj.org\/pl\/pl\/<\/a><\/p>\n","protected":false},"excerpt":{"rendered":"<p>N\u00e1boj Junior to zawody dru\u017cynowe dla uczni\u00f3w szk\u00f3\u0142 podstawowych. W ci\u0105gu 2 godzin dru\u017cyny pr\u00f3buj\u0105<\/p>\n","protected":false},"author":2,"featured_media":0,"parent":10410,"menu_order":2,"comment_status":"closed","ping_status":"closed","template":"","meta":{"_acf_changed":false,"ngg_post_thumbnail":0,"footnotes":""},"class_list":["post-10910","page","type-page","status-publish","hentry"],"acf":[],"yoast_head":"<!-- This site is optimized with the Yoast SEO plugin v27.0 - https:\/\/yoast.com\/product\/yoast-seo-wordpress\/ -->\n<title>Akademickie Liceum Og\u00f3lnokszta\u0142c\u0105ce Politechniki Bia\u0142ostockiej - N\u00e1boj Junior<\/title>\n<meta name=\"description\" content=\"N\u00e1boj Junior to zawody dru\u017cynowe dla uczni\u00f3w szk\u00f3\u0142 podstawowych. W ci\u0105gu 2 godzin dru\u017cyny pr\u00f3buj\u0105 rozwi\u0105za\u0107 jak najwi\u0119cej zada\u0144. Poziom trudno\u015bci zada\u0144\" \/>\n<meta name=\"robots\" content=\"index, follow, max-snippet:-1, max-image-preview:large, max-video-preview:-1\" \/>\n<link rel=\"canonical\" href=\"https:\/\/pb.edu.pl\/liceum-ogolnoksztalcace\/konkursy\/naboj-junior\/\" \/>\n<meta name=\"twitter:label1\" content=\"Szacowany czas czytania\" \/>\n\t<meta name=\"twitter:data1\" content=\"2 minuty\" \/>\n<script type=\"application\/ld+json\" class=\"yoast-schema-graph\">{\"@context\":\"https:\/\/schema.org\",\"@graph\":[{\"@type\":\"WebPage\",\"@id\":\"https:\/\/pb.edu.pl\/liceum-ogolnoksztalcace\/konkursy\/naboj-junior\/\",\"url\":\"https:\/\/pb.edu.pl\/liceum-ogolnoksztalcace\/konkursy\/naboj-junior\/\",\"name\":\"Akademickie Liceum Og\u00f3lnokszta\u0142c\u0105ce Politechniki Bia\u0142ostockiej - N\u00e1boj Junior\",\"isPartOf\":{\"@id\":\"https:\/\/pb.edu.pl\/liceum-ogolnoksztalcace\/#website\"},\"datePublished\":\"2023-12-01T09:27:52+00:00\",\"dateModified\":\"2024-07-17T07:55:07+00:00\",\"description\":\"N\u00e1boj Junior to zawody dru\u017cynowe dla uczni\u00f3w szk\u00f3\u0142 podstawowych. W ci\u0105gu 2 godzin dru\u017cyny pr\u00f3buj\u0105 rozwi\u0105za\u0107 jak najwi\u0119cej zada\u0144. Poziom trudno\u015bci zada\u0144\",\"breadcrumb\":{\"@id\":\"https:\/\/pb.edu.pl\/liceum-ogolnoksztalcace\/konkursy\/naboj-junior\/#breadcrumb\"},\"inLanguage\":\"pl-PL\",\"potentialAction\":[{\"@type\":\"ReadAction\",\"target\":[\"https:\/\/pb.edu.pl\/liceum-ogolnoksztalcace\/konkursy\/naboj-junior\/\"]}]},{\"@type\":\"BreadcrumbList\",\"@id\":\"https:\/\/pb.edu.pl\/liceum-ogolnoksztalcace\/konkursy\/naboj-junior\/#breadcrumb\",\"itemListElement\":[{\"@type\":\"ListItem\",\"position\":1,\"name\":\"Home\",\"item\":\"https:\/\/pb.edu.pl\/liceum-ogolnoksztalcace\/\"},{\"@type\":\"ListItem\",\"position\":2,\"name\":\"Konkursy\",\"item\":\"https:\/\/pb.edu.pl\/liceum-ogolnoksztalcace\/konkursy\/\"},{\"@type\":\"ListItem\",\"position\":3,\"name\":\"N\u00e1boj Junior\"}]},{\"@type\":\"WebSite\",\"@id\":\"https:\/\/pb.edu.pl\/liceum-ogolnoksztalcace\/#website\",\"url\":\"https:\/\/pb.edu.pl\/liceum-ogolnoksztalcace\/\",\"name\":\"Akademickie Liceum Og\u00f3lnokszta\u0142c\u0105ce Politechniki Bia\u0142ostockiej\",\"description\":\"\",\"potentialAction\":[{\"@type\":\"SearchAction\",\"target\":{\"@type\":\"EntryPoint\",\"urlTemplate\":\"https:\/\/pb.edu.pl\/liceum-ogolnoksztalcace\/?s={search_term_string}\"},\"query-input\":{\"@type\":\"PropertyValueSpecification\",\"valueRequired\":true,\"valueName\":\"search_term_string\"}}],\"inLanguage\":\"pl-PL\"}]}<\/script>\n<!-- \/ Yoast SEO plugin. -->","yoast_head_json":{"title":"Akademickie Liceum Og\u00f3lnokszta\u0142c\u0105ce Politechniki Bia\u0142ostockiej - N\u00e1boj Junior","description":"N\u00e1boj Junior to zawody dru\u017cynowe dla uczni\u00f3w szk\u00f3\u0142 podstawowych. W ci\u0105gu 2 godzin dru\u017cyny pr\u00f3buj\u0105 rozwi\u0105za\u0107 jak najwi\u0119cej zada\u0144. Poziom trudno\u015bci zada\u0144","robots":{"index":"index","follow":"follow","max-snippet":"max-snippet:-1","max-image-preview":"max-image-preview:large","max-video-preview":"max-video-preview:-1"},"canonical":"https:\/\/pb.edu.pl\/liceum-ogolnoksztalcace\/konkursy\/naboj-junior\/","twitter_misc":{"Szacowany czas czytania":"2 minuty"},"schema":{"@context":"https:\/\/schema.org","@graph":[{"@type":"WebPage","@id":"https:\/\/pb.edu.pl\/liceum-ogolnoksztalcace\/konkursy\/naboj-junior\/","url":"https:\/\/pb.edu.pl\/liceum-ogolnoksztalcace\/konkursy\/naboj-junior\/","name":"Akademickie Liceum Og\u00f3lnokszta\u0142c\u0105ce Politechniki Bia\u0142ostockiej - N\u00e1boj Junior","isPartOf":{"@id":"https:\/\/pb.edu.pl\/liceum-ogolnoksztalcace\/#website"},"datePublished":"2023-12-01T09:27:52+00:00","dateModified":"2024-07-17T07:55:07+00:00","description":"N\u00e1boj Junior to zawody dru\u017cynowe dla uczni\u00f3w szk\u00f3\u0142 podstawowych. W ci\u0105gu 2 godzin dru\u017cyny pr\u00f3buj\u0105 rozwi\u0105za\u0107 jak najwi\u0119cej zada\u0144. Poziom trudno\u015bci zada\u0144","breadcrumb":{"@id":"https:\/\/pb.edu.pl\/liceum-ogolnoksztalcace\/konkursy\/naboj-junior\/#breadcrumb"},"inLanguage":"pl-PL","potentialAction":[{"@type":"ReadAction","target":["https:\/\/pb.edu.pl\/liceum-ogolnoksztalcace\/konkursy\/naboj-junior\/"]}]},{"@type":"BreadcrumbList","@id":"https:\/\/pb.edu.pl\/liceum-ogolnoksztalcace\/konkursy\/naboj-junior\/#breadcrumb","itemListElement":[{"@type":"ListItem","position":1,"name":"Home","item":"https:\/\/pb.edu.pl\/liceum-ogolnoksztalcace\/"},{"@type":"ListItem","position":2,"name":"Konkursy","item":"https:\/\/pb.edu.pl\/liceum-ogolnoksztalcace\/konkursy\/"},{"@type":"ListItem","position":3,"name":"N\u00e1boj Junior"}]},{"@type":"WebSite","@id":"https:\/\/pb.edu.pl\/liceum-ogolnoksztalcace\/#website","url":"https:\/\/pb.edu.pl\/liceum-ogolnoksztalcace\/","name":"Akademickie Liceum Og\u00f3lnokszta\u0142c\u0105ce Politechniki Bia\u0142ostockiej","description":"","potentialAction":[{"@type":"SearchAction","target":{"@type":"EntryPoint","urlTemplate":"https:\/\/pb.edu.pl\/liceum-ogolnoksztalcace\/?s={search_term_string}"},"query-input":{"@type":"PropertyValueSpecification","valueRequired":true,"valueName":"search_term_string"}}],"inLanguage":"pl-PL"}]}},"_links":{"self":[{"href":"https:\/\/pb.edu.pl\/liceum-ogolnoksztalcace\/wp-json\/wp\/v2\/pages\/10910","targetHints":{"allow":["GET"]}}],"collection":[{"href":"https:\/\/pb.edu.pl\/liceum-ogolnoksztalcace\/wp-json\/wp\/v2\/pages"}],"about":[{"href":"https:\/\/pb.edu.pl\/liceum-ogolnoksztalcace\/wp-json\/wp\/v2\/types\/page"}],"author":[{"embeddable":true,"href":"https:\/\/pb.edu.pl\/liceum-ogolnoksztalcace\/wp-json\/wp\/v2\/users\/2"}],"replies":[{"embeddable":true,"href":"https:\/\/pb.edu.pl\/liceum-ogolnoksztalcace\/wp-json\/wp\/v2\/comments?post=10910"}],"version-history":[{"count":0,"href":"https:\/\/pb.edu.pl\/liceum-ogolnoksztalcace\/wp-json\/wp\/v2\/pages\/10910\/revisions"}],"up":[{"embeddable":true,"href":"https:\/\/pb.edu.pl\/liceum-ogolnoksztalcace\/wp-json\/wp\/v2\/pages\/10410"}],"wp:attachment":[{"href":"https:\/\/pb.edu.pl\/liceum-ogolnoksztalcace\/wp-json\/wp\/v2\/media?parent=10910"}],"curies":[{"name":"wp","href":"https:\/\/api.w.org\/{rel}","templated":true}]}}