{"id":107,"date":"2017-11-13T22:56:06","date_gmt":"2017-11-13T21:56:06","guid":{"rendered":"https:\/\/pb.edu.pl\/liceum-ogolnoksztalcace\/?page_id=107"},"modified":"2025-05-30T09:28:05","modified_gmt":"2025-05-30T07:28:05","slug":"profile","status":"publish","type":"page","link":"https:\/\/pb.edu.pl\/liceum-ogolnoksztalcace\/rekrutacja\/profile\/","title":{"rendered":"Profile i ko\u0142a zainteresowa\u0144"},"content":{"rendered":"<p>&nbsp;<\/p>\n<div class=\"table-responsive\">\n<table class=\"table table-bordered\">\n<tbody>\n<tr>\n<td style=\"text-align: center; vertical-align: middle;\" colspan=\"6\" width=\"960\">\n<div class=\"h3\">PROFILE OBOWI\u0104ZUJ\u0104CE W ALO PB<\/div>\n<\/td>\n<\/tr>\n<tr>\n<td style=\"text-align: center; vertical-align: middle;\" colspan=\"2\" width=\"320\"><strong>1A<\/strong><\/td>\n<td style=\"text-align: center; vertical-align: middle;\" colspan=\"2\" width=\"320\"><strong>1B <\/strong><\/td>\n<td style=\"text-align: center; vertical-align: middle;\" colspan=\"2\" width=\"320\"><strong>1C<\/strong><\/td>\n<\/tr>\n<tr>\n<td style=\"text-align: center; vertical-align: middle;\" width=\"160\"><strong>ARCHITEKTURA I BUDOWNICTWO<\/strong><\/td>\n<td style=\"text-align: center; vertical-align: middle;\" width=\"160\"><strong>PRZEMYS\u0141 PRZYSZ\u0141O\u015aCI<\/strong><\/td>\n<td style=\"text-align: center; vertical-align: middle;\" width=\"160\"><strong>INFORMATYKA<\/strong><\/td>\n<td style=\"text-align: center; vertical-align: middle;\" width=\"160\"><strong>PROGRAMOWANIE<\/strong><\/td>\n<td style=\"text-align: center; vertical-align: middle;\" width=\"160\"><strong>EKOTECHNOLOGIA<\/strong><\/td>\n<td style=\"text-align: center; vertical-align: middle;\" width=\"160\"><strong>EKOIN\u017bYNIERIA<\/strong><\/td>\n<\/tr>\n<tr>\n<td style=\"text-align: center; vertical-align: top;\" width=\"160\">rozszerzenia:<br \/>\n<strong>MATEMATYKA<\/strong><br \/>\n<strong>FIZYKA<\/strong><br \/>\n<strong>J\u0118ZYK ANGIELSKI<\/strong><\/td>\n<td style=\"text-align: center; vertical-align: top;\" width=\"160\">rozszerzenia:<br \/>\n<strong>MATEMATYKA<\/strong><br \/>\n<strong>INFORMATYKA<\/strong><br \/>\n<strong>J\u0118ZYK ANGIELSKI<\/strong><\/td>\n<td style=\"text-align: center; vertical-align: top;\" width=\"160\">rozszerzenia:<br \/>\n<strong>MATEMATYKA<\/strong><br \/>\n<strong>INFORMATYKA<\/strong><br \/>\n<strong>J\u0118ZYK ANGIELSKI<\/strong><\/td>\n<td style=\"text-align: center; vertical-align: top;\" width=\"160\">rozszerzenia:<br \/>\n<strong>MATEMATYKA<\/strong><br \/>\n<strong>INFORMATYKA<\/strong><br \/>\n<strong>FIZYKA<\/strong><\/td>\n<td style=\"text-align: center; vertical-align: top;\" width=\"160\">rozszerzenia:<br \/>\n<strong>MATEMATYKA<\/strong><br \/>\n<strong>CHEMIA<\/strong><br \/>\n<strong>J\u0118ZYK ANGIELSKI<\/strong><\/td>\n<td style=\"text-align: center; vertical-align: top;\" width=\"160\">rozszerzenia:<br \/>\n<strong>MATEMATYKA<\/strong><br \/>\n<strong>BIOLOGIA<\/strong><br \/>\n<strong>J\u0118ZYK ANGIELSKI<\/strong><\/td>\n<\/tr>\n<tr>\n<td style=\"text-align: center; vertical-align: top;\" width=\"160\">przedmioty uzupe\u0142niaj\u0105ce:<br \/>\n<em>GRAFIKA KOMPUTEROWA<\/em><br \/>\n<em>RYSUNEK ODR\u0118CZNY<\/em><\/td>\n<td style=\"text-align: center; vertical-align: top;\" width=\"160\">przedmioty uzupe\u0142niaj\u0105ce:<br \/>\n<em>ROBOTYKA<\/em><br \/>\n<em>PROGRAMOWANIE AI<\/em><\/td>\n<td style=\"text-align: center; vertical-align: top;\" width=\"160\">przedmioty uzupe\u0142niaj\u0105ce:<br \/>\n<em>GRAFIKA KOMPUTEROWA<\/em><br \/>\n<em>GAME DEVELOPMENT<\/em><\/td>\n<td style=\"text-align: center; vertical-align: top;\" width=\"160\">przedmioty uzupe\u0142niaj\u0105ce:<br \/>\n<em>TECHNOLOGIE WEB PROGRAMOWANIE AI<\/em><\/td>\n<td style=\"text-align: center; vertical-align: top;\" width=\"160\">przedmioty uzupe\u0142niaj\u0105ce:<br \/>\n<em>ON\/OFF ENERGY<\/em><br \/>\n<em>CHEMLAB<\/em><\/td>\n<td style=\"text-align: center; vertical-align: top;\" width=\"160\">przedmioty uzupe\u0142niaj\u0105ce:<br \/>\n<em>BIOIN\u017bYNIERIA<\/em><br \/>\n<em>BIOLAB<\/em><\/td>\n<\/tr>\n<tr>\n<td style=\"text-align: center; vertical-align: top;\" width=\"160\">patronat:<\/p>\n<p>Wydzia\u0142 Architektury PB<\/p>\n<p>Wydzia\u0142 Budownictwa i Nauk o \u015arodowisku PB<\/td>\n<td style=\"text-align: center; vertical-align: top;\" width=\"160\">patronat:<\/p>\n<p>Wydzia\u0142 Elektryczny PB<\/p>\n<p>Wydzia\u0142 Mechaniczny PB<\/td>\n<td style=\"text-align: center; vertical-align: top;\" width=\"160\">patronat:<\/p>\n<p>Wydzia\u0142 Informatyki PB<\/td>\n<td style=\"text-align: center; vertical-align: top;\" width=\"160\">patronat:<\/p>\n<p>Wydzia\u0142 Informatyki PB<\/p>\n<p>Wydzia\u0142 In\u017cynierii Zarz\u0105dzania PB<\/td>\n<td style=\"text-align: center; vertical-align: top;\" width=\"160\">patronat:<\/p>\n<p>Wydzia\u0142 Elektryczny PB<\/p>\n<p>Wydzia\u0142 Budownictwa i Nauk o \u015arodowisku PB<\/td>\n<td style=\"text-align: center; vertical-align: top;\" width=\"160\">patronat:<\/p>\n<p>Wydzia\u0142 Mechaniczny PB<\/p>\n<p>Wydzia\u0142 Budownictwa i Nauk o \u015arodowisku PB<\/td>\n<\/tr>\n<tr>\n<td style=\"text-align: center; vertical-align: middle;\" colspan=\"6\" width=\"960\"><strong>J\u0118ZYKI OBCE DO WYBORU: HISZPA\u0143SKI \/ NIEMIECKI \/ ROSYJSKI <\/strong><\/td>\n<\/tr>\n<\/tbody>\n<\/table>\n<\/div>\n","protected":false},"excerpt":{"rendered":"<p>&nbsp; PROFILE OBOWI\u0104ZUJ\u0104CE W ALO PB 1A 1B 1C ARCHITEKTURA I BUDOWNICTWO PRZEMYS\u0141 PRZYSZ\u0141O\u015aCI INFORMATYKA<\/p>\n","protected":false},"author":2,"featured_media":0,"parent":24,"menu_order":3,"comment_status":"closed","ping_status":"closed","template":"","meta":{"_acf_changed":false,"ngg_post_thumbnail":0,"footnotes":""},"class_list":["post-107","page","type-page","status-publish","hentry"],"acf":[],"yoast_head":"<!-- This site is optimized with the Yoast SEO plugin v27.0 - https:\/\/yoast.com\/product\/yoast-seo-wordpress\/ -->\n<title>Akademickie Liceum Og\u00f3lnokszta\u0142c\u0105ce Politechniki Bia\u0142ostockiej - Profile i ko\u0142a zainteresowa\u0144<\/title>\n<meta name=\"description\" content=\"&nbsp; PROFILE OBOWI\u0104ZUJ\u0104CE W ALO PB 1A 1B 1C ARCHITEKTURA I BUDOWNICTWO PRZEMYS\u0141 PRZYSZ\u0141O\u015aCI INFORMATYKA PROGRAMOWANIE EKOTECHNOLOGIA EKOIN\u017bYNIERIA\" \/>\n<meta name=\"robots\" content=\"index, follow, max-snippet:-1, max-image-preview:large, max-video-preview:-1\" \/>\n<link rel=\"canonical\" href=\"https:\/\/pb.edu.pl\/liceum-ogolnoksztalcace\/rekrutacja\/profile\/\" \/>\n<meta name=\"twitter:label1\" content=\"Szacowany czas czytania\" \/>\n\t<meta name=\"twitter:data1\" content=\"1 minuta\" \/>\n<script type=\"application\/ld+json\" class=\"yoast-schema-graph\">{\"@context\":\"https:\/\/schema.org\",\"@graph\":[{\"@type\":\"WebPage\",\"@id\":\"https:\/\/pb.edu.pl\/liceum-ogolnoksztalcace\/rekrutacja\/profile\/\",\"url\":\"https:\/\/pb.edu.pl\/liceum-ogolnoksztalcace\/rekrutacja\/profile\/\",\"name\":\"Akademickie Liceum Og\u00f3lnokszta\u0142c\u0105ce Politechniki Bia\u0142ostockiej - Profile i ko\u0142a zainteresowa\u0144\",\"isPartOf\":{\"@id\":\"https:\/\/pb.edu.pl\/liceum-ogolnoksztalcace\/#website\"},\"datePublished\":\"2017-11-13T21:56:06+00:00\",\"dateModified\":\"2025-05-30T07:28:05+00:00\",\"description\":\"&nbsp; PROFILE OBOWI\u0104ZUJ\u0104CE W ALO PB 1A 1B 1C ARCHITEKTURA I BUDOWNICTWO PRZEMYS\u0141 PRZYSZ\u0141O\u015aCI INFORMATYKA PROGRAMOWANIE EKOTECHNOLOGIA EKOIN\u017bYNIERIA\",\"breadcrumb\":{\"@id\":\"https:\/\/pb.edu.pl\/liceum-ogolnoksztalcace\/rekrutacja\/profile\/#breadcrumb\"},\"inLanguage\":\"pl-PL\",\"potentialAction\":[{\"@type\":\"ReadAction\",\"target\":[\"https:\/\/pb.edu.pl\/liceum-ogolnoksztalcace\/rekrutacja\/profile\/\"]}]},{\"@type\":\"BreadcrumbList\",\"@id\":\"https:\/\/pb.edu.pl\/liceum-ogolnoksztalcace\/rekrutacja\/profile\/#breadcrumb\",\"itemListElement\":[{\"@type\":\"ListItem\",\"position\":1,\"name\":\"Home\",\"item\":\"https:\/\/pb.edu.pl\/liceum-ogolnoksztalcace\/\"},{\"@type\":\"ListItem\",\"position\":2,\"name\":\"Rekrutacja do ALOPB\",\"item\":\"https:\/\/pb.edu.pl\/liceum-ogolnoksztalcace\/rekrutacja\/\"},{\"@type\":\"ListItem\",\"position\":3,\"name\":\"Profile i ko\u0142a zainteresowa\u0144\"}]},{\"@type\":\"WebSite\",\"@id\":\"https:\/\/pb.edu.pl\/liceum-ogolnoksztalcace\/#website\",\"url\":\"https:\/\/pb.edu.pl\/liceum-ogolnoksztalcace\/\",\"name\":\"Akademickie Liceum Og\u00f3lnokszta\u0142c\u0105ce Politechniki Bia\u0142ostockiej\",\"description\":\"\",\"potentialAction\":[{\"@type\":\"SearchAction\",\"target\":{\"@type\":\"EntryPoint\",\"urlTemplate\":\"https:\/\/pb.edu.pl\/liceum-ogolnoksztalcace\/?s={search_term_string}\"},\"query-input\":{\"@type\":\"PropertyValueSpecification\",\"valueRequired\":true,\"valueName\":\"search_term_string\"}}],\"inLanguage\":\"pl-PL\"}]}<\/script>\n<!-- \/ Yoast SEO plugin. -->","yoast_head_json":{"title":"Akademickie Liceum Og\u00f3lnokszta\u0142c\u0105ce Politechniki Bia\u0142ostockiej - Profile i ko\u0142a zainteresowa\u0144","description":"&nbsp; PROFILE OBOWI\u0104ZUJ\u0104CE W ALO PB 1A 1B 1C ARCHITEKTURA I BUDOWNICTWO PRZEMYS\u0141 PRZYSZ\u0141O\u015aCI INFORMATYKA PROGRAMOWANIE EKOTECHNOLOGIA EKOIN\u017bYNIERIA","robots":{"index":"index","follow":"follow","max-snippet":"max-snippet:-1","max-image-preview":"max-image-preview:large","max-video-preview":"max-video-preview:-1"},"canonical":"https:\/\/pb.edu.pl\/liceum-ogolnoksztalcace\/rekrutacja\/profile\/","twitter_misc":{"Szacowany czas czytania":"1 minuta"},"schema":{"@context":"https:\/\/schema.org","@graph":[{"@type":"WebPage","@id":"https:\/\/pb.edu.pl\/liceum-ogolnoksztalcace\/rekrutacja\/profile\/","url":"https:\/\/pb.edu.pl\/liceum-ogolnoksztalcace\/rekrutacja\/profile\/","name":"Akademickie Liceum Og\u00f3lnokszta\u0142c\u0105ce Politechniki Bia\u0142ostockiej - Profile i ko\u0142a zainteresowa\u0144","isPartOf":{"@id":"https:\/\/pb.edu.pl\/liceum-ogolnoksztalcace\/#website"},"datePublished":"2017-11-13T21:56:06+00:00","dateModified":"2025-05-30T07:28:05+00:00","description":"&nbsp; PROFILE OBOWI\u0104ZUJ\u0104CE W ALO PB 1A 1B 1C ARCHITEKTURA I BUDOWNICTWO PRZEMYS\u0141 PRZYSZ\u0141O\u015aCI INFORMATYKA PROGRAMOWANIE EKOTECHNOLOGIA EKOIN\u017bYNIERIA","breadcrumb":{"@id":"https:\/\/pb.edu.pl\/liceum-ogolnoksztalcace\/rekrutacja\/profile\/#breadcrumb"},"inLanguage":"pl-PL","potentialAction":[{"@type":"ReadAction","target":["https:\/\/pb.edu.pl\/liceum-ogolnoksztalcace\/rekrutacja\/profile\/"]}]},{"@type":"BreadcrumbList","@id":"https:\/\/pb.edu.pl\/liceum-ogolnoksztalcace\/rekrutacja\/profile\/#breadcrumb","itemListElement":[{"@type":"ListItem","position":1,"name":"Home","item":"https:\/\/pb.edu.pl\/liceum-ogolnoksztalcace\/"},{"@type":"ListItem","position":2,"name":"Rekrutacja do ALOPB","item":"https:\/\/pb.edu.pl\/liceum-ogolnoksztalcace\/rekrutacja\/"},{"@type":"ListItem","position":3,"name":"Profile i ko\u0142a zainteresowa\u0144"}]},{"@type":"WebSite","@id":"https:\/\/pb.edu.pl\/liceum-ogolnoksztalcace\/#website","url":"https:\/\/pb.edu.pl\/liceum-ogolnoksztalcace\/","name":"Akademickie Liceum Og\u00f3lnokszta\u0142c\u0105ce Politechniki Bia\u0142ostockiej","description":"","potentialAction":[{"@type":"SearchAction","target":{"@type":"EntryPoint","urlTemplate":"https:\/\/pb.edu.pl\/liceum-ogolnoksztalcace\/?s={search_term_string}"},"query-input":{"@type":"PropertyValueSpecification","valueRequired":true,"valueName":"search_term_string"}}],"inLanguage":"pl-PL"}]}},"_links":{"self":[{"href":"https:\/\/pb.edu.pl\/liceum-ogolnoksztalcace\/wp-json\/wp\/v2\/pages\/107","targetHints":{"allow":["GET"]}}],"collection":[{"href":"https:\/\/pb.edu.pl\/liceum-ogolnoksztalcace\/wp-json\/wp\/v2\/pages"}],"about":[{"href":"https:\/\/pb.edu.pl\/liceum-ogolnoksztalcace\/wp-json\/wp\/v2\/types\/page"}],"author":[{"embeddable":true,"href":"https:\/\/pb.edu.pl\/liceum-ogolnoksztalcace\/wp-json\/wp\/v2\/users\/2"}],"replies":[{"embeddable":true,"href":"https:\/\/pb.edu.pl\/liceum-ogolnoksztalcace\/wp-json\/wp\/v2\/comments?post=107"}],"version-history":[{"count":0,"href":"https:\/\/pb.edu.pl\/liceum-ogolnoksztalcace\/wp-json\/wp\/v2\/pages\/107\/revisions"}],"up":[{"embeddable":true,"href":"https:\/\/pb.edu.pl\/liceum-ogolnoksztalcace\/wp-json\/wp\/v2\/pages\/24"}],"wp:attachment":[{"href":"https:\/\/pb.edu.pl\/liceum-ogolnoksztalcace\/wp-json\/wp\/v2\/media?parent=107"}],"curies":[{"name":"wp","href":"https:\/\/api.w.org\/{rel}","templated":true}]}}