{"id":105,"date":"2017-11-13T22:55:19","date_gmt":"2017-11-13T21:55:19","guid":{"rendered":"https:\/\/pb.edu.pl\/liceum-ogolnoksztalcace\/?page_id=105"},"modified":"2025-05-20T17:39:15","modified_gmt":"2025-05-20T15:39:15","slug":"regulamin","status":"publish","type":"page","link":"https:\/\/pb.edu.pl\/liceum-ogolnoksztalcace\/rekrutacja\/regulamin\/","title":{"rendered":"Regulamin rekrutacji 2025\/2026"},"content":{"rendered":"<p style=\"text-align: center\">&nbsp;<\/p>\n<p style=\"text-align: center\"><strong>Regulamin rekrutacji kandydat\u00f3w<\/strong><\/p>\n<p style=\"text-align: center\"><strong>do klas pierwszych Akademickiego Liceum Og\u00f3lnokszta\u0142c\u0105cego<\/strong><\/p>\n<p style=\"text-align: center\"><strong>Politechniki Bia\u0142ostockiej na rok szkolny 2025\/2026<\/strong><\/p>\n<p>&nbsp;<\/p>\n<ol>\n<li>Rekrutacja do Akademickiego Liceum Og\u00f3lnokszta\u0142c\u0105cego Politechniki Bia\u0142ostockiej, odbywa si\u0119 poza miejskim systemem rekrutacji.<\/li>\n<li>Do wykonania czynno\u015bci zwi\u0105zanych z przyjmowaniem kandydat\u00f3w do klas pierwszych Dyrektor Liceum powo\u0142uje Komisj\u0119 Rekrutacyjn\u0105 i ustala jej Regulamin.<\/li>\n<li>Limit miejsc w klasach pierwszych Liceum w roku szkolnym 2025\/2026 wynosi<\/li>\n<li>Absolwenci szk\u00f3\u0142 podstawowych zainteresowani przyst\u0105pieniem do procesu rekrutacji zobowi\u0105zani s\u0105 do dostarczenia do Sekretariatu Szko\u0142y, w terminie zgodnym z harmonogramem rekrutacji (Za\u0142\u0105cznik nr 1), Kwestionariusza zg\u0142oszenia do Akademickiego Liceum Og\u00f3lnokszta\u0142c\u0105cego Politechniki Bia\u0142ostockiej (Za\u0142\u0105cznik nr 2).<\/li>\n<li>W celu potwierdzenia ch\u0119ci ucz\u0119szczania do Liceum nale\u017cy do dnia 8 lipca 2025 r. do godziny 15:00 uzupe\u0142ni\u0107 z\u0142o\u017cony kwestionariusz o nast\u0119puj\u0105ce dokumenty:\n<ul>\n<li>\u015bwiadectwo uko\u0144czenia szko\u0142y podstawowej,<\/li>\n<li>za\u015bwiadczenie o wynikach egzaminu \u00f3smoklasisty,<\/li>\n<li>podpisane zdj\u0119cie w formie papierowej i elektronicznej na adres alopb@pb.edu.pl (w&nbsp;tytule nale\u017cy poda\u0107 dopisek \u201eRekrutacja 2025\u201d oraz imi\u0119 i nazwisko),<\/li>\n<li>za\u015bwiadczenia potwierdzaj\u0105ce uzyskanie tytu\u0142\u00f3w laureata lub finalisty og\u00f3lnopolskiej olimpiady przedmiotowej lub konkursu przedmiotowego o zasi\u0119gu wojew\u00f3dzkim lub ponadwojew\u00f3dzkim przeprowadzonych zgodnie z przepisami wydanymi na podstawie art. 22 ust. 2 pkt 8 ustawy o systemie o\u015bwiaty z <strong>przedmiot\u00f3w<\/strong>: matematyka, fizyka, informatyka, biologia, chemia.<\/li>\n<\/ul>\n<\/li>\n<li>\u015awiadectwo uko\u0144czenia szko\u0142y podstawowej oraz za\u015bwiadczenie o wynikach egzaminu \u00f3smoklasisty mog\u0105 by\u0107 sk\u0142adane przez kandydata w oryginale, notarialnie po\u015bwiadczonej kopii, w postaci urz\u0119dowo po\u015bwiadczonego odpisu, zgodnie z art. 76 \u00a7 1 ustawy z dnia 14 czerwca 1960 roku Kodeks post\u0119powania administracyjnego lub wyci\u0105gu z dokumentu albo w postaci kopii po\u015bwiadczonej przez dyrektora szko\u0142y, kt\u00f3r\u0105 uko\u0144czy\u0142 kandydat.<\/li>\n<li>W przypadku wi\u0119kszej liczby kandydat\u00f3w, ni\u017c limit miejsc, o przyj\u0119ciu do Liceum decyduje liczba punkt\u00f3w uzyskanych w post\u0119powaniu rekrutacyjnym, obliczona na podstawie nast\u0119puj\u0105cego wzoru (<strong>L<\/strong>): <strong>L = 4 x ( M + P + A + D1 + D2 ) + 1 x EM + 0,5 x EP + 0,5 x EA<\/strong>, gdzie:<\/li>\n<\/ol>\n<p><strong>M, P, A<\/strong> \u2013 ocena na \u015bwiadectwie uko\u0144czenia szko\u0142y podstawowej uzyskana odpowiednio z&nbsp;przedmiot\u00f3w matematyka, j\u0119zyk polski, j\u0119zyk angielski;<\/p>\n<p><strong>D1, D2<\/strong> \u2013 dwie najwy\u017csze oceny na \u015bwiadectwie uko\u0144czenia szko\u0142y podstawowej uzyskane spo\u015br\u00f3d przedmiot\u00f3w: fizyka, informatyka, biologia, chemia;<\/p>\n<p><strong>EM, EP, EA <\/strong>\u2013 wynik uzyskany na egzaminie \u00f3smoklasisty odpowiednio z matematyki, j\u0119zyka polskiego i j\u0119zyka angielskiego (wyra\u017cony w procentach), zgodnie z za\u015bwiadczeniem o&nbsp;szczeg\u00f3\u0142owych wynikach z egzaminu.<\/p>\n<ol start=\"8\">\n<li>Maksymalna liczba punkt\u00f3w mo\u017cliwych do uzyskania przez Kandydata na podstawie powy\u017cszego wzoru wynosi<strong> 320<\/strong>.<\/li>\n<li>Laureaci olimpiad i konkurs\u00f3w, o kt\u00f3rym mowa w pkt. 5.4., dodatkowo otrzymuj\u0105<br \/>\nw post\u0119powaniu rekrutacyjnym <strong>100 <\/strong>punkt\u00f3w za ka\u017cdy z wymienionych przedmiot\u00f3w.<\/li>\n<li>Finali\u015bci olimpiad i konkurs\u00f3w, o kt\u00f3rym mowa w pkt. 5.4., dodatkowo otrzymuj\u0105<br \/>\nw post\u0119powaniu rekrutacyjnym <strong>75 <\/strong>punkt\u00f3w za ka\u017cdy z wymienionych przedmiot\u00f3w.<\/li>\n<li>Komisja Rekrutacyjna ustala list\u0119 kandydat\u00f3w przyj\u0119tych na ustalone profile.<\/li>\n<li>Profile zostan\u0105 uruchomione przy minimalnej liczbie 10 uczni\u00f3w. Przy mniejszej liczbie uczni\u00f3w w grupie decyzj\u0119 o uruchomieniu profili podejmuje Rektor Politechniki Bia\u0142ostockiej.<\/li>\n<li>Lista kandydat\u00f3w przyj\u0119tych na poszczeg\u00f3lne profile do Akademickiego Liceum Og\u00f3lnokszta\u0142c\u0105cego Politechniki Bia\u0142ostockiej zostanie og\u0142oszona poprzez wywieszenie listy na tablicy og\u0142osze\u0144 znajduj\u0105cej si\u0119 przy sekretariacie szko\u0142y (ul. Wiejska 45A, pok. B27), w terminie zgodnym z harmonogramem.<\/li>\n<li>Ostateczne wpisanie na list\u0119 uczni\u00f3w odbywa si\u0119 po podpisaniu Umowy o Nauk\u0119 (Za\u0142\u0105cznik nr&nbsp;3) i wp\u0142aceniu jednorazowego wpisowego okre\u015blonego w Umowie.<\/li>\n<li>W przypadku niewype\u0142nienia limitu miejsc mo\u017ce zosta\u0107 przeprowadzona rekrutacja uzupe\u0142niaj\u0105ca z uwzgl\u0119dnieniem utworzonych profili.<\/li>\n<\/ol>\n<p><a href=\"https:\/\/pb.edu.pl\/liceum-ogolnoksztalcace\/wp-content\/uploads\/sites\/10\/2025\/05\/Regulamin-pracy-Komisji-Rekrutacyjnej-2025-2026.docx\">Regulamin pracy Komisji Rekrutacyjnej 2025-2026<\/a><\/p>\n","protected":false},"excerpt":{"rendered":"<p>&nbsp; Regulamin rekrutacji kandydat\u00f3w do klas pierwszych Akademickiego Liceum Og\u00f3lnokszta\u0142c\u0105cego Politechniki Bia\u0142ostockiej na rok szkolny<\/p>\n","protected":false},"author":2,"featured_media":0,"parent":24,"menu_order":2,"comment_status":"closed","ping_status":"closed","template":"","meta":{"_acf_changed":false,"ngg_post_thumbnail":0,"footnotes":""},"class_list":["post-105","page","type-page","status-publish","hentry"],"acf":[],"yoast_head":"<!-- This site is optimized with the Yoast SEO plugin v27.0 - https:\/\/yoast.com\/product\/yoast-seo-wordpress\/ -->\n<title>Akademickie Liceum Og\u00f3lnokszta\u0142c\u0105ce Politechniki Bia\u0142ostockiej - Regulamin rekrutacji 2025\/2026<\/title>\n<meta name=\"description\" content=\"&nbsp; Regulamin rekrutacji kandydat\u00f3w do klas pierwszych Akademickiego Liceum Og\u00f3lnokszta\u0142c\u0105cego Politechniki Bia\u0142ostockiej na rok szkolny 2025\/2026\" \/>\n<meta name=\"robots\" content=\"index, follow, max-snippet:-1, max-image-preview:large, max-video-preview:-1\" \/>\n<link rel=\"canonical\" href=\"https:\/\/pb.edu.pl\/liceum-ogolnoksztalcace\/rekrutacja\/regulamin\/\" \/>\n<meta name=\"twitter:label1\" content=\"Szacowany czas czytania\" \/>\n\t<meta name=\"twitter:data1\" content=\"4 minuty\" \/>\n<script type=\"application\/ld+json\" class=\"yoast-schema-graph\">{\"@context\":\"https:\/\/schema.org\",\"@graph\":[{\"@type\":\"WebPage\",\"@id\":\"https:\/\/pb.edu.pl\/liceum-ogolnoksztalcace\/rekrutacja\/regulamin\/\",\"url\":\"https:\/\/pb.edu.pl\/liceum-ogolnoksztalcace\/rekrutacja\/regulamin\/\",\"name\":\"Akademickie Liceum Og\u00f3lnokszta\u0142c\u0105ce Politechniki Bia\u0142ostockiej - Regulamin rekrutacji 2025\/2026\",\"isPartOf\":{\"@id\":\"https:\/\/pb.edu.pl\/liceum-ogolnoksztalcace\/#website\"},\"datePublished\":\"2017-11-13T21:55:19+00:00\",\"dateModified\":\"2025-05-20T15:39:15+00:00\",\"description\":\"&nbsp; Regulamin rekrutacji kandydat\u00f3w do klas pierwszych Akademickiego Liceum Og\u00f3lnokszta\u0142c\u0105cego Politechniki Bia\u0142ostockiej na rok szkolny 2025\/2026\",\"breadcrumb\":{\"@id\":\"https:\/\/pb.edu.pl\/liceum-ogolnoksztalcace\/rekrutacja\/regulamin\/#breadcrumb\"},\"inLanguage\":\"pl-PL\",\"potentialAction\":[{\"@type\":\"ReadAction\",\"target\":[\"https:\/\/pb.edu.pl\/liceum-ogolnoksztalcace\/rekrutacja\/regulamin\/\"]}]},{\"@type\":\"BreadcrumbList\",\"@id\":\"https:\/\/pb.edu.pl\/liceum-ogolnoksztalcace\/rekrutacja\/regulamin\/#breadcrumb\",\"itemListElement\":[{\"@type\":\"ListItem\",\"position\":1,\"name\":\"Home\",\"item\":\"https:\/\/pb.edu.pl\/liceum-ogolnoksztalcace\/\"},{\"@type\":\"ListItem\",\"position\":2,\"name\":\"Rekrutacja do ALOPB\",\"item\":\"https:\/\/pb.edu.pl\/liceum-ogolnoksztalcace\/rekrutacja\/\"},{\"@type\":\"ListItem\",\"position\":3,\"name\":\"Regulamin rekrutacji 2025\/2026\"}]},{\"@type\":\"WebSite\",\"@id\":\"https:\/\/pb.edu.pl\/liceum-ogolnoksztalcace\/#website\",\"url\":\"https:\/\/pb.edu.pl\/liceum-ogolnoksztalcace\/\",\"name\":\"Akademickie Liceum Og\u00f3lnokszta\u0142c\u0105ce Politechniki Bia\u0142ostockiej\",\"description\":\"\",\"potentialAction\":[{\"@type\":\"SearchAction\",\"target\":{\"@type\":\"EntryPoint\",\"urlTemplate\":\"https:\/\/pb.edu.pl\/liceum-ogolnoksztalcace\/?s={search_term_string}\"},\"query-input\":{\"@type\":\"PropertyValueSpecification\",\"valueRequired\":true,\"valueName\":\"search_term_string\"}}],\"inLanguage\":\"pl-PL\"}]}<\/script>\n<!-- \/ Yoast SEO plugin. -->","yoast_head_json":{"title":"Akademickie Liceum Og\u00f3lnokszta\u0142c\u0105ce Politechniki Bia\u0142ostockiej - Regulamin rekrutacji 2025\/2026","description":"&nbsp; Regulamin rekrutacji kandydat\u00f3w do klas pierwszych Akademickiego Liceum Og\u00f3lnokszta\u0142c\u0105cego Politechniki Bia\u0142ostockiej na rok szkolny 2025\/2026","robots":{"index":"index","follow":"follow","max-snippet":"max-snippet:-1","max-image-preview":"max-image-preview:large","max-video-preview":"max-video-preview:-1"},"canonical":"https:\/\/pb.edu.pl\/liceum-ogolnoksztalcace\/rekrutacja\/regulamin\/","twitter_misc":{"Szacowany czas czytania":"4 minuty"},"schema":{"@context":"https:\/\/schema.org","@graph":[{"@type":"WebPage","@id":"https:\/\/pb.edu.pl\/liceum-ogolnoksztalcace\/rekrutacja\/regulamin\/","url":"https:\/\/pb.edu.pl\/liceum-ogolnoksztalcace\/rekrutacja\/regulamin\/","name":"Akademickie Liceum Og\u00f3lnokszta\u0142c\u0105ce Politechniki Bia\u0142ostockiej - Regulamin rekrutacji 2025\/2026","isPartOf":{"@id":"https:\/\/pb.edu.pl\/liceum-ogolnoksztalcace\/#website"},"datePublished":"2017-11-13T21:55:19+00:00","dateModified":"2025-05-20T15:39:15+00:00","description":"&nbsp; Regulamin rekrutacji kandydat\u00f3w do klas pierwszych Akademickiego Liceum Og\u00f3lnokszta\u0142c\u0105cego Politechniki Bia\u0142ostockiej na rok szkolny 2025\/2026","breadcrumb":{"@id":"https:\/\/pb.edu.pl\/liceum-ogolnoksztalcace\/rekrutacja\/regulamin\/#breadcrumb"},"inLanguage":"pl-PL","potentialAction":[{"@type":"ReadAction","target":["https:\/\/pb.edu.pl\/liceum-ogolnoksztalcace\/rekrutacja\/regulamin\/"]}]},{"@type":"BreadcrumbList","@id":"https:\/\/pb.edu.pl\/liceum-ogolnoksztalcace\/rekrutacja\/regulamin\/#breadcrumb","itemListElement":[{"@type":"ListItem","position":1,"name":"Home","item":"https:\/\/pb.edu.pl\/liceum-ogolnoksztalcace\/"},{"@type":"ListItem","position":2,"name":"Rekrutacja do ALOPB","item":"https:\/\/pb.edu.pl\/liceum-ogolnoksztalcace\/rekrutacja\/"},{"@type":"ListItem","position":3,"name":"Regulamin rekrutacji 2025\/2026"}]},{"@type":"WebSite","@id":"https:\/\/pb.edu.pl\/liceum-ogolnoksztalcace\/#website","url":"https:\/\/pb.edu.pl\/liceum-ogolnoksztalcace\/","name":"Akademickie Liceum Og\u00f3lnokszta\u0142c\u0105ce Politechniki Bia\u0142ostockiej","description":"","potentialAction":[{"@type":"SearchAction","target":{"@type":"EntryPoint","urlTemplate":"https:\/\/pb.edu.pl\/liceum-ogolnoksztalcace\/?s={search_term_string}"},"query-input":{"@type":"PropertyValueSpecification","valueRequired":true,"valueName":"search_term_string"}}],"inLanguage":"pl-PL"}]}},"_links":{"self":[{"href":"https:\/\/pb.edu.pl\/liceum-ogolnoksztalcace\/wp-json\/wp\/v2\/pages\/105","targetHints":{"allow":["GET"]}}],"collection":[{"href":"https:\/\/pb.edu.pl\/liceum-ogolnoksztalcace\/wp-json\/wp\/v2\/pages"}],"about":[{"href":"https:\/\/pb.edu.pl\/liceum-ogolnoksztalcace\/wp-json\/wp\/v2\/types\/page"}],"author":[{"embeddable":true,"href":"https:\/\/pb.edu.pl\/liceum-ogolnoksztalcace\/wp-json\/wp\/v2\/users\/2"}],"replies":[{"embeddable":true,"href":"https:\/\/pb.edu.pl\/liceum-ogolnoksztalcace\/wp-json\/wp\/v2\/comments?post=105"}],"version-history":[{"count":0,"href":"https:\/\/pb.edu.pl\/liceum-ogolnoksztalcace\/wp-json\/wp\/v2\/pages\/105\/revisions"}],"up":[{"embeddable":true,"href":"https:\/\/pb.edu.pl\/liceum-ogolnoksztalcace\/wp-json\/wp\/v2\/pages\/24"}],"wp:attachment":[{"href":"https:\/\/pb.edu.pl\/liceum-ogolnoksztalcace\/wp-json\/wp\/v2\/media?parent=105"}],"curies":[{"name":"wp","href":"https:\/\/api.w.org\/{rel}","templated":true}]}}