{"id":10412,"date":"2023-10-19T09:56:33","date_gmt":"2023-10-19T07:56:33","guid":{"rendered":"https:\/\/pb.edu.pl\/liceum-ogolnoksztalcace\/?page_id=10412"},"modified":"2025-06-24T09:06:39","modified_gmt":"2025-06-24T07:06:39","slug":"ekologia-a-zielona-akupunktura-miasta","status":"publish","type":"page","link":"https:\/\/pb.edu.pl\/liceum-ogolnoksztalcace\/konkursy\/ekologia-a-zielona-akupunktura-miasta\/","title":{"rendered":"Ekologia a zielona akupunktura miasta"},"content":{"rendered":"<div class=\"h2 text-center\">Konkurs ALO PB!<br \/>\nKoncepcja zagospodarowania przestrzeni miasta z wykorzystaniem zielonej akupunktury.<br \/>\nZach\u0119camy do uczestnictwa.<\/div>\n<div class=\"text-center\">\n<p><a href=\"#formularz\">Formularz zg\u0142oszeniowy do konkursu<\/a><\/p>\n<\/div>\n<div class=\"h3\">Wprowadzenie<\/div>\n<p>Miejska Zielona Akupunktura jest recept\u0105 na trudno\u015bci zwi\u0105zane z tworzeniem na terenie miast nowych wielkopowierzchniowych teren\u00f3w zieleni (park\u00f3w, skwer\u00f3w). Polega ona na wykorzystaniu niewielkich powierzchni, rozrzuconych w postaci punkt\u00f3w na terenie aglomeracji, do sadzenia zieleni. W zielone przestrzenie mo\u017cna przekszta\u0142ca\u0107 takie obiekty jak: ma\u0142e wewn\u0119trzne dziedzi\u0144ce (patia), alejki mi\u0119dzy budynkami, opuszczone dzia\u0142ki, elewacje i dachy budynk\u00f3w (zielone \u015bciany i zielone dachy), pasy zieleni przyulicznej; w ide\u0119 zielonej akupunktury wpisuj\u0105 si\u0119: \u0142\u0105ki kwietne, zielone przystanki autobusowe, ogrody deszczowe, niewielkie sztuczne mokrad\u0142a, parki kieszonkowe, ogrody spo\u0142eczne itp. Przedsi\u0119wzi\u0119cia tego typu mog\u0105 w istotny spos\u00f3b pozytywnie wp\u0142ywa\u0107 na miasto i jego mieszka\u0144c\u00f3w, m.in. poprawia\u0107 estetyk\u0119 przestrzeni, podnosi\u0107 komfort \u017cycia, umo\u017cliwia\u0107 bli\u017cszy i cz\u0119stszy kontakt z natur\u0105, sch\u0142adza\u0107 miejsk\u0105 wysp\u0119 ciep\u0142a, zwi\u0119ksza\u0107 retencj\u0119 w\u00f3d opadowych, uzupe\u0142nia\u0107\/tworzy\u0107 sie\u0107 zielonych korytarzy na terenie miasta itp. Jednym z cel\u00f3w zielonej akupunktury jest wprowadzanie\/przywracanie rodzimych gatunk\u00f3w ro\u015blin na terenach zurbanizowanych.<\/p>\n<div class=\"h3\">Zadanie konkursowe Etap I<\/div>\n<p><strong>Temat: Koncepcja zagospodarowania przestrzeni miasta z wykorzystaniem zielonej akupunktury<\/strong><\/p>\n<p>Instrukcja wykonania zadania konkursowego<\/p>\n<ol>\n<li>W granicach wybranego miasta nale\u017cy zinwentaryzowa\u0107 pi\u0119\u0107 istniej\u0105cych obiekt\u00f3w, kt\u00f3re spe\u0142niaj\u0105 kryteria \u201ezielonego punktu\u201d. Inwentaryzacj\u0119 nale\u017cy przeprowadzi\u0107 z wykorzystaniem karty inwentaryzacyjnej, b\u0119d\u0105cej za\u0142\u0105cznikiem do niniejszej instrukcji (Za\u0142\u0105cznik nr 1). Nast\u0119pnie nale\u017cy zaprojektowa\u0107 trzy nowe obiekty (wybra\u0107 typ obiektu i jego lokalizacj\u0119 na terenie miasta), kt\u00f3re uzupe\u0142ni\u0105 istniej\u0105c\u0105 sie\u0107 zielonej akupunktury. Opis nowych obiekt\u00f3w nale\u017cy przeprowadzi\u0107 z wykorzystaniem karty, b\u0119d\u0105cej za\u0142\u0105cznikiem do niniejszej instrukcji (Za\u0142\u0105cznik nr 2).<\/li>\n<li>Praca konkursowa powinna zawiera\u0107: stron\u0119 tytu\u0142ow\u0105 (Za\u0142\u0105cznik 3), karty inwentaryzowanych obiekt\u00f3w (5 kart), karty projektowanych obiekt\u00f3w (3 karty) oraz Podsumowanie i wnioski, powinna by\u0107 sformatowana jak do wydruku (marginesy 2,5 cm, czcionka Times New Roman 12, interlinia 1,15) i zapisana w pliku PDF (nazwa pliku: Miasto_Nazwisko autora_Szko\u0142a).<strong> Gotowe prace musz\u0105 zosta\u0107 nades\u0142ane na adres: <i class=\"fal fa-envelope\"><\/i> <a href=\"#\" rel=\"nofollow\"  onclick=\"this.href='mailto:' + 'liceum' + '@' + 'pb.edu.pl'\">liceum [at] pb.edu.pl<\/a> <\/strong>Do Konkursu nale\u017cy si\u0119 zg\u0142asza\u0107 do <strong>8 listopada 2024 roku<\/strong>. Prace nale\u017cy nadsy\u0142a\u0107 do <strong>20 listopada 2024 roku<\/strong>.<\/li>\n<\/ol>\n<p>Autorzy dziesi\u0119ciu najlepszych prac zostan\u0105 zakwalifikowani do drugiego etapu konkursu.<\/p>\n<div class=\"h3\">Zadanie konkursowe Etap II<\/div>\n<p><strong>Temat: Koncepcja projektowa \u201ezielonego punktu\u201d<\/strong><\/p>\n<p>Instrukcja wykonania zadania konkursowego<\/p>\n<ol>\n<li>Autor pracy kr\u00f3tko omawia trzy zaprojektowane przez siebie \u201ezielone punkty\u201d. Nast\u0119pnie wybiera jeden z nich i przedstawia jego projekt w formie graficznej (rysunki, fotografie) wykorzystuj\u0105c do tego prezentacj\u0119 multimedialn\u0105. Prezentacja powinna zawiera\u0107 nast\u0119puj\u0105ce elementy (kolejne slajdy):<br \/>\na) Lokalizacja (miasto, dzielnica, ulica)<br \/>\nb) Stan istniej\u0105cy \u2013 dokumentacja fotograficzna<br \/>\nc) Widoki obiektu (wizja autorska \u2013 zeskanowane rysunki odr\u0119czne)<br \/>\nd) Wykaz ro\u015blin u\u017cytych w projekcie (nazwy gatunk\u00f3w i ich zdj\u0119cia)<br \/>\ne) Metryczka (Nazwa szko\u0142y, imi\u0119 i nazwisko autora, klasa, rok szkolny)<\/li>\n<li>Wyst\u0105pienie powinno trwa\u0107 nie d\u0142u\u017cej ni\u017c 15 minut.<\/li>\n<\/ol>\n<p><strong>Przydatne dokumenty:<\/strong><\/p>\n<p><a class=\"doc\" href=\"https:\/\/pb.edu.pl\/liceum-ogolnoksztalcace\/wp-content\/uploads\/sites\/10\/2023\/10\/Zalacznik-1_Karta-inwentaryzowanego-obiektu.docx\">Za\u0142\u0105cznik 1 &#8211; Karta inwentaryzowanego obiektu<\/a><\/p>\n<p><a class=\"doc\" href=\"https:\/\/pb.edu.pl\/liceum-ogolnoksztalcace\/wp-content\/uploads\/sites\/10\/2023\/10\/Zalacznik-2_Karta-projektowanego-obiektu.docx\">Za\u0142\u0105cznik 2 &#8211; Karta projektowanego obiektu<\/a><\/p>\n<p><a class=\"doc\" href=\"https:\/\/pb.edu.pl\/liceum-ogolnoksztalcace\/wp-content\/uploads\/sites\/10\/2023\/10\/Zalacznik-3_Strona-tytulowa.docx\">Za\u0142\u0105cznik 3 &#8211; Strona tytu\u0142owa<\/a><\/p>\n<p>Wi\u0119cej informacji w <a class=\"pdf\" href=\"https:\/\/pb.edu.pl\/liceum-ogolnoksztalcace\/wp-content\/uploads\/sites\/10\/2024\/10\/Regulamin-konkursu-Ekologia-a-zielona-akupunktura-miasta.pdf\" target=\"_blank\" data-id=\"13638\" rel=\"noopener\">Regulaminie konkursu Ekologia a zielona akupunktura miasta <span>(PDF, 206 KB, otworzy si\u0119 w nowej karcie)<\/span><\/a><br \/>\n<a name=\"formularz\"><\/a><br \/>\n&nbsp;<\/p>\n<div class=\"h2\">Formularz zg\u0142oszeniowy do konkursu<\/div>\n<p> Przyjmowanie zg\u0142osze\u0144 zako\u0144czone.<\/p>\n","protected":false},"excerpt":{"rendered":"<p>Konkurs ALO PB! Koncepcja zagospodarowania przestrzeni miasta z wykorzystaniem zielonej akupunktury. Zach\u0119camy do uczestnictwa. Formularz<\/p>\n","protected":false},"author":2,"featured_media":0,"parent":10410,"menu_order":1,"comment_status":"closed","ping_status":"closed","template":"","meta":{"_acf_changed":false,"ngg_post_thumbnail":0,"footnotes":""},"class_list":["post-10412","page","type-page","status-publish","hentry"],"acf":[],"yoast_head":"<!-- This site is optimized with the Yoast SEO plugin v27.0 - https:\/\/yoast.com\/product\/yoast-seo-wordpress\/ -->\n<title>Akademickie Liceum Og\u00f3lnokszta\u0142c\u0105ce Politechniki Bia\u0142ostockiej - Ekologia a zielona akupunktura miasta<\/title>\n<meta name=\"description\" content=\"Konkurs ALO PB! Koncepcja zagospodarowania przestrzeni miasta z wykorzystaniem zielonej akupunktury. Zach\u0119camy do uczestnictwa. Formularz zg\u0142oszeniowy do\" \/>\n<meta name=\"robots\" content=\"index, follow, max-snippet:-1, max-image-preview:large, max-video-preview:-1\" \/>\n<link rel=\"canonical\" href=\"https:\/\/pb.edu.pl\/liceum-ogolnoksztalcace\/konkursy\/ekologia-a-zielona-akupunktura-miasta\/\" \/>\n<meta name=\"twitter:label1\" content=\"Szacowany czas czytania\" \/>\n\t<meta name=\"twitter:data1\" content=\"3 minuty\" \/>\n<script type=\"application\/ld+json\" class=\"yoast-schema-graph\">{\"@context\":\"https:\/\/schema.org\",\"@graph\":[{\"@type\":\"WebPage\",\"@id\":\"https:\/\/pb.edu.pl\/liceum-ogolnoksztalcace\/konkursy\/ekologia-a-zielona-akupunktura-miasta\/\",\"url\":\"https:\/\/pb.edu.pl\/liceum-ogolnoksztalcace\/konkursy\/ekologia-a-zielona-akupunktura-miasta\/\",\"name\":\"Akademickie Liceum Og\u00f3lnokszta\u0142c\u0105ce Politechniki Bia\u0142ostockiej - Ekologia a zielona akupunktura miasta\",\"isPartOf\":{\"@id\":\"https:\/\/pb.edu.pl\/liceum-ogolnoksztalcace\/#website\"},\"datePublished\":\"2023-10-19T07:56:33+00:00\",\"dateModified\":\"2025-06-24T07:06:39+00:00\",\"description\":\"Konkurs ALO PB! Koncepcja zagospodarowania przestrzeni miasta z wykorzystaniem zielonej akupunktury. Zach\u0119camy do uczestnictwa. Formularz zg\u0142oszeniowy do\",\"breadcrumb\":{\"@id\":\"https:\/\/pb.edu.pl\/liceum-ogolnoksztalcace\/konkursy\/ekologia-a-zielona-akupunktura-miasta\/#breadcrumb\"},\"inLanguage\":\"pl-PL\",\"potentialAction\":[{\"@type\":\"ReadAction\",\"target\":[\"https:\/\/pb.edu.pl\/liceum-ogolnoksztalcace\/konkursy\/ekologia-a-zielona-akupunktura-miasta\/\"]}]},{\"@type\":\"BreadcrumbList\",\"@id\":\"https:\/\/pb.edu.pl\/liceum-ogolnoksztalcace\/konkursy\/ekologia-a-zielona-akupunktura-miasta\/#breadcrumb\",\"itemListElement\":[{\"@type\":\"ListItem\",\"position\":1,\"name\":\"Home\",\"item\":\"https:\/\/pb.edu.pl\/liceum-ogolnoksztalcace\/\"},{\"@type\":\"ListItem\",\"position\":2,\"name\":\"Konkursy\",\"item\":\"https:\/\/pb.edu.pl\/liceum-ogolnoksztalcace\/konkursy\/\"},{\"@type\":\"ListItem\",\"position\":3,\"name\":\"Ekologia a zielona akupunktura miasta\"}]},{\"@type\":\"WebSite\",\"@id\":\"https:\/\/pb.edu.pl\/liceum-ogolnoksztalcace\/#website\",\"url\":\"https:\/\/pb.edu.pl\/liceum-ogolnoksztalcace\/\",\"name\":\"Akademickie Liceum Og\u00f3lnokszta\u0142c\u0105ce Politechniki Bia\u0142ostockiej\",\"description\":\"\",\"potentialAction\":[{\"@type\":\"SearchAction\",\"target\":{\"@type\":\"EntryPoint\",\"urlTemplate\":\"https:\/\/pb.edu.pl\/liceum-ogolnoksztalcace\/?s={search_term_string}\"},\"query-input\":{\"@type\":\"PropertyValueSpecification\",\"valueRequired\":true,\"valueName\":\"search_term_string\"}}],\"inLanguage\":\"pl-PL\"}]}<\/script>\n<!-- \/ Yoast SEO plugin. -->","yoast_head_json":{"title":"Akademickie Liceum Og\u00f3lnokszta\u0142c\u0105ce Politechniki Bia\u0142ostockiej - Ekologia a zielona akupunktura miasta","description":"Konkurs ALO PB! Koncepcja zagospodarowania przestrzeni miasta z wykorzystaniem zielonej akupunktury. Zach\u0119camy do uczestnictwa. Formularz zg\u0142oszeniowy do","robots":{"index":"index","follow":"follow","max-snippet":"max-snippet:-1","max-image-preview":"max-image-preview:large","max-video-preview":"max-video-preview:-1"},"canonical":"https:\/\/pb.edu.pl\/liceum-ogolnoksztalcace\/konkursy\/ekologia-a-zielona-akupunktura-miasta\/","twitter_misc":{"Szacowany czas czytania":"3 minuty"},"schema":{"@context":"https:\/\/schema.org","@graph":[{"@type":"WebPage","@id":"https:\/\/pb.edu.pl\/liceum-ogolnoksztalcace\/konkursy\/ekologia-a-zielona-akupunktura-miasta\/","url":"https:\/\/pb.edu.pl\/liceum-ogolnoksztalcace\/konkursy\/ekologia-a-zielona-akupunktura-miasta\/","name":"Akademickie Liceum Og\u00f3lnokszta\u0142c\u0105ce Politechniki Bia\u0142ostockiej - Ekologia a zielona akupunktura miasta","isPartOf":{"@id":"https:\/\/pb.edu.pl\/liceum-ogolnoksztalcace\/#website"},"datePublished":"2023-10-19T07:56:33+00:00","dateModified":"2025-06-24T07:06:39+00:00","description":"Konkurs ALO PB! Koncepcja zagospodarowania przestrzeni miasta z wykorzystaniem zielonej akupunktury. Zach\u0119camy do uczestnictwa. Formularz zg\u0142oszeniowy do","breadcrumb":{"@id":"https:\/\/pb.edu.pl\/liceum-ogolnoksztalcace\/konkursy\/ekologia-a-zielona-akupunktura-miasta\/#breadcrumb"},"inLanguage":"pl-PL","potentialAction":[{"@type":"ReadAction","target":["https:\/\/pb.edu.pl\/liceum-ogolnoksztalcace\/konkursy\/ekologia-a-zielona-akupunktura-miasta\/"]}]},{"@type":"BreadcrumbList","@id":"https:\/\/pb.edu.pl\/liceum-ogolnoksztalcace\/konkursy\/ekologia-a-zielona-akupunktura-miasta\/#breadcrumb","itemListElement":[{"@type":"ListItem","position":1,"name":"Home","item":"https:\/\/pb.edu.pl\/liceum-ogolnoksztalcace\/"},{"@type":"ListItem","position":2,"name":"Konkursy","item":"https:\/\/pb.edu.pl\/liceum-ogolnoksztalcace\/konkursy\/"},{"@type":"ListItem","position":3,"name":"Ekologia a zielona akupunktura miasta"}]},{"@type":"WebSite","@id":"https:\/\/pb.edu.pl\/liceum-ogolnoksztalcace\/#website","url":"https:\/\/pb.edu.pl\/liceum-ogolnoksztalcace\/","name":"Akademickie Liceum Og\u00f3lnokszta\u0142c\u0105ce Politechniki Bia\u0142ostockiej","description":"","potentialAction":[{"@type":"SearchAction","target":{"@type":"EntryPoint","urlTemplate":"https:\/\/pb.edu.pl\/liceum-ogolnoksztalcace\/?s={search_term_string}"},"query-input":{"@type":"PropertyValueSpecification","valueRequired":true,"valueName":"search_term_string"}}],"inLanguage":"pl-PL"}]}},"_links":{"self":[{"href":"https:\/\/pb.edu.pl\/liceum-ogolnoksztalcace\/wp-json\/wp\/v2\/pages\/10412","targetHints":{"allow":["GET"]}}],"collection":[{"href":"https:\/\/pb.edu.pl\/liceum-ogolnoksztalcace\/wp-json\/wp\/v2\/pages"}],"about":[{"href":"https:\/\/pb.edu.pl\/liceum-ogolnoksztalcace\/wp-json\/wp\/v2\/types\/page"}],"author":[{"embeddable":true,"href":"https:\/\/pb.edu.pl\/liceum-ogolnoksztalcace\/wp-json\/wp\/v2\/users\/2"}],"replies":[{"embeddable":true,"href":"https:\/\/pb.edu.pl\/liceum-ogolnoksztalcace\/wp-json\/wp\/v2\/comments?post=10412"}],"version-history":[{"count":0,"href":"https:\/\/pb.edu.pl\/liceum-ogolnoksztalcace\/wp-json\/wp\/v2\/pages\/10412\/revisions"}],"up":[{"embeddable":true,"href":"https:\/\/pb.edu.pl\/liceum-ogolnoksztalcace\/wp-json\/wp\/v2\/pages\/10410"}],"wp:attachment":[{"href":"https:\/\/pb.edu.pl\/liceum-ogolnoksztalcace\/wp-json\/wp\/v2\/media?parent=10412"}],"curies":[{"name":"wp","href":"https:\/\/api.w.org\/{rel}","templated":true}]}}