{"id":103,"date":"2017-11-13T22:54:47","date_gmt":"2017-11-13T21:54:47","guid":{"rendered":"https:\/\/pb.edu.pl\/liceum-ogolnoksztalcace\/?page_id=103"},"modified":"2025-06-06T14:01:59","modified_gmt":"2025-06-06T12:01:59","slug":"harmonogram","status":"publish","type":"page","link":"https:\/\/pb.edu.pl\/liceum-ogolnoksztalcace\/rekrutacja\/harmonogram\/","title":{"rendered":"Harmonogram rekrutacji 2025\/2026"},"content":{"rendered":"<div class=\"h3\" style=\"text-align: center\">Harmonogram rekrutacji 2025\/2026<\/div>\n<p style=\"text-align: center\"><strong>Harmonogram rekrutacji kandydat\u00f3w<\/strong><\/p>\n<p style=\"text-align: center\"><strong>Akademickiego Liceum Og\u00f3lnokszta\u0142c\u0105cego Politechniki Bia\u0142ostockiej<\/strong><\/p>\n<p style=\"text-align: center\"><strong>na rok szkolny 2025\/2026<\/strong><\/p>\n<table style=\"width: 115.957%\" width=\"1140\">\n<tbody>\n<tr>\n<td style=\"width: 28.7719%\" width=\"328\">&nbsp;<\/p>\n<p>12.05 \u2013 23.06.2025 (do godz. 15<sup>00<\/sup>)<\/p>\n<p>&nbsp;<\/td>\n<td style=\"width: 71.1404%\" width=\"812\">Z\u0142o\u017cenie kwestionariusza kandydata do Liceum (do pobrania na stronie Liceum w zak\u0142adce&nbsp;<a href=\"https:\/\/pb.edu.pl\/liceum-ogolnoksztalcace\/rekrutacja\/kwestionariusz\">rekrutacja<\/a>).<\/td>\n<\/tr>\n<tr>\n<td style=\"width: 28.7719%\" width=\"328\">&nbsp;<\/p>\n<p>04.07&nbsp; \u2013 &nbsp;08.07.2025 (do godz. 15<sup>00<\/sup>)<\/p>\n<p>&nbsp;<\/td>\n<td style=\"width: 71.1404%\" width=\"812\">Uzupe\u0142nienie kwestionariusza kandydata do Liceum o dokumenty okre\u015blone w Regulaminie.<\/td>\n<\/tr>\n<tr>\n<td style=\"width: 28.7719%\" width=\"328\">08.07&nbsp; \u2013 09.07.2025<\/td>\n<td style=\"width: 71.1404%\" width=\"812\">&nbsp;<\/p>\n<p>Weryfikacja przez Komisj\u0119 Rekrutacyjn\u0105 wniosk\u00f3w o przyj\u0119cie do Liceum, ustalenie listy kandydat\u00f3w i utworzonych profili.<\/p>\n<p>&nbsp;<\/td>\n<\/tr>\n<tr>\n<td style=\"width: 28.7719%\" width=\"328\">&nbsp;<\/p>\n<p>09.07.2025 r., godz. 10<sup>00<\/sup><\/p>\n<p>&nbsp;<\/td>\n<td style=\"width: 71.1404%\" width=\"812\">Podanie do publicznej wiadomo\u015bci przez Komisj\u0119 Rekrutacyjn\u0105 listy kandydat\u00f3w przyj\u0119tych na poszczeg\u00f3lne profile.<\/td>\n<\/tr>\n<tr>\n<td style=\"width: 28.7719%\" width=\"328\">&nbsp;<\/p>\n<p>09.07 \u2013 17.07.2025<\/p>\n<p>&nbsp;<\/td>\n<td style=\"width: 71.1404%\" width=\"812\">Podpisanie Um\u00f3w o Nauk\u0119.&nbsp;&nbsp;&nbsp;&nbsp;<\/td>\n<\/tr>\n<tr>\n<td style=\"width: 28.7719%\" width=\"328\">&nbsp;<\/p>\n<p>17.07 \u2013 18.07.2025<\/p>\n<p>&nbsp;<\/td>\n<td style=\"width: 71.1404%\" width=\"812\">Uzupe\u0142nienie listy kandydat\u00f3w w przypadku pojawienia si\u0119 wolnych miejsc z uwzgl\u0119dnieniem utworzonych profili. O przyj\u0119ciu kandydata decyduj\u0105 wyniki rekrutacji i rozmowa kwalifikacyjna z dyrektorem szko\u0142y. Dotyczy to uczni\u00f3w nieprzyj\u0119tych do Liceum w pierwszym terminie.<\/td>\n<\/tr>\n<\/tbody>\n<\/table>\n<p>&nbsp;<\/p>\n<p>&nbsp;<\/p>\n<p>&nbsp;<\/p>\n","protected":false},"excerpt":{"rendered":"<p>Harmonogram rekrutacji 2025\/2026 Harmonogram rekrutacji kandydat\u00f3w Akademickiego Liceum Og\u00f3lnokszta\u0142c\u0105cego Politechniki Bia\u0142ostockiej na rok szkolny 2025\/2026<\/p>\n","protected":false},"author":2,"featured_media":350,"parent":24,"menu_order":1,"comment_status":"closed","ping_status":"closed","template":"","meta":{"_acf_changed":false,"ngg_post_thumbnail":0,"footnotes":""},"class_list":["post-103","page","type-page","status-publish","has-post-thumbnail","hentry"],"acf":[],"yoast_head":"<!-- This site is optimized with the Yoast SEO plugin v27.0 - https:\/\/yoast.com\/product\/yoast-seo-wordpress\/ -->\n<title>Akademickie Liceum Og\u00f3lnokszta\u0142c\u0105ce Politechniki Bia\u0142ostockiej - Harmonogram rekrutacji 2025\/2026<\/title>\n<meta name=\"description\" content=\"Harmonogram rekrutacji 2025\/2026 Harmonogram rekrutacji kandydat\u00f3w Akademickiego Liceum Og\u00f3lnokszta\u0142c\u0105cego Politechniki Bia\u0142ostockiej na rok szkolny\" \/>\n<meta name=\"robots\" content=\"index, follow, max-snippet:-1, max-image-preview:large, max-video-preview:-1\" \/>\n<link rel=\"canonical\" href=\"https:\/\/pb.edu.pl\/liceum-ogolnoksztalcace\/rekrutacja\/harmonogram\/\" \/>\n<meta name=\"twitter:label1\" content=\"Szacowany czas czytania\" \/>\n\t<meta name=\"twitter:data1\" content=\"1 minuta\" \/>\n<script type=\"application\/ld+json\" class=\"yoast-schema-graph\">{\"@context\":\"https:\/\/schema.org\",\"@graph\":[{\"@type\":\"WebPage\",\"@id\":\"https:\/\/pb.edu.pl\/liceum-ogolnoksztalcace\/rekrutacja\/harmonogram\/\",\"url\":\"https:\/\/pb.edu.pl\/liceum-ogolnoksztalcace\/rekrutacja\/harmonogram\/\",\"name\":\"Akademickie Liceum Og\u00f3lnokszta\u0142c\u0105ce Politechniki Bia\u0142ostockiej - Harmonogram rekrutacji 2025\/2026\",\"isPartOf\":{\"@id\":\"https:\/\/pb.edu.pl\/liceum-ogolnoksztalcace\/#website\"},\"primaryImageOfPage\":{\"@id\":\"https:\/\/pb.edu.pl\/liceum-ogolnoksztalcace\/rekrutacja\/harmonogram\/#primaryimage\"},\"image\":{\"@id\":\"https:\/\/pb.edu.pl\/liceum-ogolnoksztalcace\/rekrutacja\/harmonogram\/#primaryimage\"},\"thumbnailUrl\":\"https:\/\/pb.edu.pl\/liceum-ogolnoksztalcace\/wp-content\/uploads\/sites\/10\/2017\/11\/logo_pb_new_0.png\",\"datePublished\":\"2017-11-13T21:54:47+00:00\",\"dateModified\":\"2025-06-06T12:01:59+00:00\",\"description\":\"Harmonogram rekrutacji 2025\/2026 Harmonogram rekrutacji kandydat\u00f3w Akademickiego Liceum Og\u00f3lnokszta\u0142c\u0105cego Politechniki Bia\u0142ostockiej na rok szkolny\",\"breadcrumb\":{\"@id\":\"https:\/\/pb.edu.pl\/liceum-ogolnoksztalcace\/rekrutacja\/harmonogram\/#breadcrumb\"},\"inLanguage\":\"pl-PL\",\"potentialAction\":[{\"@type\":\"ReadAction\",\"target\":[\"https:\/\/pb.edu.pl\/liceum-ogolnoksztalcace\/rekrutacja\/harmonogram\/\"]}]},{\"@type\":\"ImageObject\",\"inLanguage\":\"pl-PL\",\"@id\":\"https:\/\/pb.edu.pl\/liceum-ogolnoksztalcace\/rekrutacja\/harmonogram\/#primaryimage\",\"url\":\"https:\/\/pb.edu.pl\/liceum-ogolnoksztalcace\/wp-content\/uploads\/sites\/10\/2017\/11\/logo_pb_new_0.png\",\"contentUrl\":\"https:\/\/pb.edu.pl\/liceum-ogolnoksztalcace\/wp-content\/uploads\/sites\/10\/2017\/11\/logo_pb_new_0.png\",\"width\":230,\"height\":59,\"caption\":\"logo Liceum PB\"},{\"@type\":\"BreadcrumbList\",\"@id\":\"https:\/\/pb.edu.pl\/liceum-ogolnoksztalcace\/rekrutacja\/harmonogram\/#breadcrumb\",\"itemListElement\":[{\"@type\":\"ListItem\",\"position\":1,\"name\":\"Home\",\"item\":\"https:\/\/pb.edu.pl\/liceum-ogolnoksztalcace\/\"},{\"@type\":\"ListItem\",\"position\":2,\"name\":\"Rekrutacja do ALOPB\",\"item\":\"https:\/\/pb.edu.pl\/liceum-ogolnoksztalcace\/rekrutacja\/\"},{\"@type\":\"ListItem\",\"position\":3,\"name\":\"Harmonogram rekrutacji 2025\/2026\"}]},{\"@type\":\"WebSite\",\"@id\":\"https:\/\/pb.edu.pl\/liceum-ogolnoksztalcace\/#website\",\"url\":\"https:\/\/pb.edu.pl\/liceum-ogolnoksztalcace\/\",\"name\":\"Akademickie Liceum Og\u00f3lnokszta\u0142c\u0105ce Politechniki Bia\u0142ostockiej\",\"description\":\"\",\"potentialAction\":[{\"@type\":\"SearchAction\",\"target\":{\"@type\":\"EntryPoint\",\"urlTemplate\":\"https:\/\/pb.edu.pl\/liceum-ogolnoksztalcace\/?s={search_term_string}\"},\"query-input\":{\"@type\":\"PropertyValueSpecification\",\"valueRequired\":true,\"valueName\":\"search_term_string\"}}],\"inLanguage\":\"pl-PL\"}]}<\/script>\n<!-- \/ Yoast SEO plugin. -->","yoast_head_json":{"title":"Akademickie Liceum Og\u00f3lnokszta\u0142c\u0105ce Politechniki Bia\u0142ostockiej - Harmonogram rekrutacji 2025\/2026","description":"Harmonogram rekrutacji 2025\/2026 Harmonogram rekrutacji kandydat\u00f3w Akademickiego Liceum Og\u00f3lnokszta\u0142c\u0105cego Politechniki Bia\u0142ostockiej na rok szkolny","robots":{"index":"index","follow":"follow","max-snippet":"max-snippet:-1","max-image-preview":"max-image-preview:large","max-video-preview":"max-video-preview:-1"},"canonical":"https:\/\/pb.edu.pl\/liceum-ogolnoksztalcace\/rekrutacja\/harmonogram\/","twitter_misc":{"Szacowany czas czytania":"1 minuta"},"schema":{"@context":"https:\/\/schema.org","@graph":[{"@type":"WebPage","@id":"https:\/\/pb.edu.pl\/liceum-ogolnoksztalcace\/rekrutacja\/harmonogram\/","url":"https:\/\/pb.edu.pl\/liceum-ogolnoksztalcace\/rekrutacja\/harmonogram\/","name":"Akademickie Liceum Og\u00f3lnokszta\u0142c\u0105ce Politechniki Bia\u0142ostockiej - Harmonogram rekrutacji 2025\/2026","isPartOf":{"@id":"https:\/\/pb.edu.pl\/liceum-ogolnoksztalcace\/#website"},"primaryImageOfPage":{"@id":"https:\/\/pb.edu.pl\/liceum-ogolnoksztalcace\/rekrutacja\/harmonogram\/#primaryimage"},"image":{"@id":"https:\/\/pb.edu.pl\/liceum-ogolnoksztalcace\/rekrutacja\/harmonogram\/#primaryimage"},"thumbnailUrl":"https:\/\/pb.edu.pl\/liceum-ogolnoksztalcace\/wp-content\/uploads\/sites\/10\/2017\/11\/logo_pb_new_0.png","datePublished":"2017-11-13T21:54:47+00:00","dateModified":"2025-06-06T12:01:59+00:00","description":"Harmonogram rekrutacji 2025\/2026 Harmonogram rekrutacji kandydat\u00f3w Akademickiego Liceum Og\u00f3lnokszta\u0142c\u0105cego Politechniki Bia\u0142ostockiej na rok szkolny","breadcrumb":{"@id":"https:\/\/pb.edu.pl\/liceum-ogolnoksztalcace\/rekrutacja\/harmonogram\/#breadcrumb"},"inLanguage":"pl-PL","potentialAction":[{"@type":"ReadAction","target":["https:\/\/pb.edu.pl\/liceum-ogolnoksztalcace\/rekrutacja\/harmonogram\/"]}]},{"@type":"ImageObject","inLanguage":"pl-PL","@id":"https:\/\/pb.edu.pl\/liceum-ogolnoksztalcace\/rekrutacja\/harmonogram\/#primaryimage","url":"https:\/\/pb.edu.pl\/liceum-ogolnoksztalcace\/wp-content\/uploads\/sites\/10\/2017\/11\/logo_pb_new_0.png","contentUrl":"https:\/\/pb.edu.pl\/liceum-ogolnoksztalcace\/wp-content\/uploads\/sites\/10\/2017\/11\/logo_pb_new_0.png","width":230,"height":59,"caption":"logo Liceum PB"},{"@type":"BreadcrumbList","@id":"https:\/\/pb.edu.pl\/liceum-ogolnoksztalcace\/rekrutacja\/harmonogram\/#breadcrumb","itemListElement":[{"@type":"ListItem","position":1,"name":"Home","item":"https:\/\/pb.edu.pl\/liceum-ogolnoksztalcace\/"},{"@type":"ListItem","position":2,"name":"Rekrutacja do ALOPB","item":"https:\/\/pb.edu.pl\/liceum-ogolnoksztalcace\/rekrutacja\/"},{"@type":"ListItem","position":3,"name":"Harmonogram rekrutacji 2025\/2026"}]},{"@type":"WebSite","@id":"https:\/\/pb.edu.pl\/liceum-ogolnoksztalcace\/#website","url":"https:\/\/pb.edu.pl\/liceum-ogolnoksztalcace\/","name":"Akademickie Liceum Og\u00f3lnokszta\u0142c\u0105ce Politechniki Bia\u0142ostockiej","description":"","potentialAction":[{"@type":"SearchAction","target":{"@type":"EntryPoint","urlTemplate":"https:\/\/pb.edu.pl\/liceum-ogolnoksztalcace\/?s={search_term_string}"},"query-input":{"@type":"PropertyValueSpecification","valueRequired":true,"valueName":"search_term_string"}}],"inLanguage":"pl-PL"}]}},"_links":{"self":[{"href":"https:\/\/pb.edu.pl\/liceum-ogolnoksztalcace\/wp-json\/wp\/v2\/pages\/103","targetHints":{"allow":["GET"]}}],"collection":[{"href":"https:\/\/pb.edu.pl\/liceum-ogolnoksztalcace\/wp-json\/wp\/v2\/pages"}],"about":[{"href":"https:\/\/pb.edu.pl\/liceum-ogolnoksztalcace\/wp-json\/wp\/v2\/types\/page"}],"author":[{"embeddable":true,"href":"https:\/\/pb.edu.pl\/liceum-ogolnoksztalcace\/wp-json\/wp\/v2\/users\/2"}],"replies":[{"embeddable":true,"href":"https:\/\/pb.edu.pl\/liceum-ogolnoksztalcace\/wp-json\/wp\/v2\/comments?post=103"}],"version-history":[{"count":0,"href":"https:\/\/pb.edu.pl\/liceum-ogolnoksztalcace\/wp-json\/wp\/v2\/pages\/103\/revisions"}],"up":[{"embeddable":true,"href":"https:\/\/pb.edu.pl\/liceum-ogolnoksztalcace\/wp-json\/wp\/v2\/pages\/24"}],"wp:featuredmedia":[{"embeddable":true,"href":"https:\/\/pb.edu.pl\/liceum-ogolnoksztalcace\/wp-json\/wp\/v2\/media\/350"}],"wp:attachment":[{"href":"https:\/\/pb.edu.pl\/liceum-ogolnoksztalcace\/wp-json\/wp\/v2\/media?parent=103"}],"curies":[{"name":"wp","href":"https:\/\/api.w.org\/{rel}","templated":true}]}}