{"id":272,"date":"2020-05-20T22:41:10","date_gmt":"2020-05-20T20:41:10","guid":{"rendered":"https:\/\/pb.edu.pl\/konferencja-kol\/?page_id=272"},"modified":"2024-04-12T21:36:06","modified_gmt":"2024-04-12T19:36:06","slug":"utrwalanie-i-rozpowszechnianie-wizerunku-uczestnikow-konferencji","status":"publish","type":"page","link":"https:\/\/pb.edu.pl\/konferencja-kol\/zgody\/utrwalanie-i-rozpowszechnianie-wizerunku-uczestnikow-konferencji\/","title":{"rendered":"Utrwalanie i rozpowszechnianie wizerunku uczestnik\u00f3w konferencji"},"content":{"rendered":"<p>Podczas wydarzenia Wielka Konferencja K\u00f3\u0142 Naukowych Politechniki Bia\u0142ostockiej w dniu 26.04.2024 roku b\u0119d\u0105 wykonywane fotografie.<\/p>\n<p>Osoby, kt\u00f3re nie wyra\u017caj\u0105 zgody na utrwalenie ich wizerunku proszone s\u0105 o zg\u0142oszenie tego faktu bezpo\u015brednio fotografowi lub organizatorowi. Dalsze uczestniczenie w wydarzeniu bez powy\u017cszego zg\u0142oszenia, Administrator traktuje jako wyra\u017ane dzia\u0142anie potwierdzaj\u0105ce przyzwolenie na przetwarzanie wizerunku jako danej osobowej.<\/p>\n<p><strong>Wszystkie osoby uprasza si\u0119 o zapoznanie z poni\u017csz\u0105 klauzul\u0105 informacyjn\u0105.<\/strong><\/p>\n<div class=\"h3\">Informacja o przetwarzaniu wizerunku jako danej osobowej:<\/div>\n<ol>\n<li>Administratorem danych osobowych jest Politechnika Bia\u0142ostocka, z siedzib\u0105 w Bia\u0142ymstoku, ul. Wiejska 45A, 15-351 Bia\u0142ystok (dalej Uczelnia). W celu skontaktowania si\u0119 z Uczelni\u0105, osoba, kt\u00f3rej dane osobowe s\u0105 przetwarzane mo\u017ce napisa\u0107 e-mail do Inspektora Ochrony Danych, na adres: <a href=\"mailto:iod@pb.edu.pl\">iod@pb.edu.pl<\/a>.<\/li>\n<li>Dane osobowe b\u0119d\u0105 przetwarzane w celach informacyjno-promocyjnych na podstawie udzielonej zgody \u2013 6 ust. 1 lit. a RODO<sup>1<\/sup>.<\/li>\n<li>Odbiorcami Pani\/Pana wizerunku mog\u0105 by\u0107 u\u017cytkownicy stron internetowych Administratora i portali spo\u0142eczno\u015bciowych, na kt\u00f3rych Administrator posiada konta.<\/li>\n<li>Wizerunek przechowywany b\u0119dzie do czasu wycofania udzielonej zgody.<\/li>\n<li>Udzielona zgoda jest dobrowolna. W przypadku niewyra\u017cania zgody na fotografowanie oraz utrwalanie wizerunku uprasza si\u0119 o opuszczenie sali lub zg\u0142oszenie odpowiedniej osobie.<\/li>\n<li>Przys\u0142uguje Pani\/Panu prawo dost\u0119pu do tre\u015bci swoich danych, otrzymywania ich kopii oraz z zastrze\u017ceniem przepis\u00f3w prawa przys\u0142uguje prawo do:\n<ol type=\"a\">\n<li>cofni\u0119cia udzielonej zgody, z zastrze\u017ceniem, \u017ce cofni\u0119cie zgody nie b\u0119dzie wp\u0142ywa\u0107 na zgodno\u015b\u0107 z prawem przetwarzania, kt\u00f3rego dokonano na podstawie Pani\/Pana zgody przed jej wycofaniem,<\/li>\n<li>usuni\u0119cia danych,<\/li>\n<li>ograniczenia przetwarzania danych,<\/li>\n<li>wniesienia sprzeciwu.<\/li>\n<\/ol>\n<\/li>\n<li>Przys\u0142uguje Pani\/Panu prawo do wniesienia skargi do Prezesa Urz\u0119du Ochrony Danych Osobowych, gdy uzna Pani\/Pan, \u017ce przetwarzanie wizerunku jako danej osobowej narusza powszechnie obowi\u0105zuj\u0105ce przepisy w tym zakresie.<\/li>\n<li>Informujemy, \u017ce Administrator nie przetwarza podanych danych osobowych w spos\u00f3b opieraj\u0105cy si\u0119 na zautomatyzowanym przetwarzaniu, w tym profilowaniu.<\/li>\n<\/ol>\n<p><sup>1<\/sup> Rozporz\u0105dzenie Parlamentu Europejskiego i Rady (UE) 2016\/679 z dnia 27 kwietnia 2016 r. w sprawie ochrony os\u00f3b fizycznych w zwi\u0105zku z przetwarzaniem danych osobowych i w sprawie swobodnego przep\u0142ywu takich danych oraz uchylenia dyrektywy 95\/46\/WE (og\u00f3lne rozporz\u0105dzenie o ochronie danych) (Dz.U.UE.L.2016.119.1)<br \/>\n&nbsp;<br \/>\n&nbsp;<\/p>\n","protected":false},"excerpt":{"rendered":"<p>Podczas wydarzenia Wielka Konferencja K\u00f3\u0142 Naukowych Politechniki Bia\u0142ostockiej w dniu 26.04.2024 roku b\u0119d\u0105 wykonywane fotografie.<\/p>\n","protected":false},"author":2,"featured_media":0,"parent":30,"menu_order":1,"comment_status":"closed","ping_status":"closed","template":"","meta":{"_acf_changed":false,"ngg_post_thumbnail":0,"footnotes":""},"class_list":["post-272","page","type-page","status-publish","hentry"],"acf":[],"_links":{"self":[{"href":"https:\/\/pb.edu.pl\/konferencja-kol\/wp-json\/wp\/v2\/pages\/272","targetHints":{"allow":["GET"]}}],"collection":[{"href":"https:\/\/pb.edu.pl\/konferencja-kol\/wp-json\/wp\/v2\/pages"}],"about":[{"href":"https:\/\/pb.edu.pl\/konferencja-kol\/wp-json\/wp\/v2\/types\/page"}],"author":[{"embeddable":true,"href":"https:\/\/pb.edu.pl\/konferencja-kol\/wp-json\/wp\/v2\/users\/2"}],"replies":[{"embeddable":true,"href":"https:\/\/pb.edu.pl\/konferencja-kol\/wp-json\/wp\/v2\/comments?post=272"}],"version-history":[{"count":0,"href":"https:\/\/pb.edu.pl\/konferencja-kol\/wp-json\/wp\/v2\/pages\/272\/revisions"}],"up":[{"embeddable":true,"href":"https:\/\/pb.edu.pl\/konferencja-kol\/wp-json\/wp\/v2\/pages\/30"}],"wp:attachment":[{"href":"https:\/\/pb.edu.pl\/konferencja-kol\/wp-json\/wp\/v2\/media?parent=272"}],"curies":[{"name":"wp","href":"https:\/\/api.w.org\/{rel}","templated":true}]}}