{"id":1112,"date":"2022-01-04T22:53:33","date_gmt":"2022-01-04T21:53:33","guid":{"rendered":"https:\/\/pb.edu.pl\/konferencja-kol\/?page_id=1112"},"modified":"2024-04-19T08:31:01","modified_gmt":"2024-04-19T06:31:01","slug":"miejsce-konferencji","status":"publish","type":"page","link":"https:\/\/pb.edu.pl\/konferencja-kol\/o-konferencji\/miejsce-konferencji\/","title":{"rendered":"Miejsce konferencji"},"content":{"rendered":"<div class=\"h3\">Centrum Nowoczesnego Kszta\u0142cenia Politechniki Bia\u0142ostockiej<\/div>\n<p>ul. Zwierzyniecka 16, 15-333 Bia\u0142ystok<\/p>\n<p><a href=\"https:\/\/pb.edu.pl\/uczelnia\/mapa-kampusu\/miasteczko-akademickie-plan-przestrzenny\/\">Zobacz na mapie miasteczka akademickiego<\/a><\/p>\n<hr>\n<p><a href=\"https:\/\/pb.edu.pl\/konferencja-kol\/wp-content\/uploads\/sites\/87\/2024\/04\/mapa-stoisk.jpg\"><img loading=\"lazy\" decoding=\"async\" src=\"https:\/\/pb.edu.pl\/konferencja-kol\/wp-content\/uploads\/sites\/87\/2024\/04\/mapa-stoisk.jpg\" alt=\"\" width=\"973\" height=\"919\" class=\"aligncenter size-full wp-image-2024\" srcset=\"https:\/\/pb.edu.pl\/konferencja-kol\/wp-content\/uploads\/sites\/87\/2024\/04\/mapa-stoisk.jpg 973w, https:\/\/pb.edu.pl\/konferencja-kol\/wp-content\/uploads\/sites\/87\/2024\/04\/mapa-stoisk-300x283.jpg 300w, https:\/\/pb.edu.pl\/konferencja-kol\/wp-content\/uploads\/sites\/87\/2024\/04\/mapa-stoisk-768x725.jpg 768w\" sizes=\"auto, (max-width: 973px) 100vw, 973px\" \/><\/a><br \/>\n&nbsp;<\/p>\n<div class=\"row\">\n<div class=\"col-sm-7\">\n<strong>Stanowiska Wydzia\u0142\u00f3w:<\/strong><\/p>\n<ol>\n<li>WI \u2013 Wydzia\u0142 Informatyki<\/li>\n<li>WBiN\u015a \u2013 Wydzia\u0142 Budownictwa i Nauk o \u015arodowisku<\/li>\n<li>WIZ &#8211; Wydzia\u0142 In\u017cynierii Zarz\u0105dzania<\/li>\n<li>WE \u2013 Wydzia\u0142 Elektryczny<\/li>\n<li>WA \u2013 Wydzia\u0142 Architektury<\/li>\n<li>WM &#8211; Wydzia\u0142 Mechaniczny<\/li>\n<\/ol>\n<\/div>\n<div class=\"col-sm-5\">\n<strong>Stanowiska firm:<\/strong><\/p>\n<ol>\n<li>KAN Sp. z o.o.<\/li>\n<li>Addit Sp. z o.o.<\/li>\n<li>Polska Grupa Biogazowa<\/li>\n<li>Unibep<\/li>\n<li>PLUM Sp. z o.o.<\/li>\n<li>ELEM Sp. z o.o.<\/li>\n<li>GLOSEL sp z oo sp. k.<\/li>\n<li>SMP Poland<\/li>\n<\/ol>\n<\/div>\n<\/div>\n<p>&nbsp;<\/p>\n","protected":false},"excerpt":{"rendered":"<p>Centrum Nowoczesnego Kszta\u0142cenia Politechniki Bia\u0142ostockiej ul. Zwierzyniecka 16, 15-333 Bia\u0142ystok Zobacz na mapie miasteczka akademickiego<\/p>\n","protected":false},"author":2,"featured_media":0,"parent":1084,"menu_order":6,"comment_status":"closed","ping_status":"closed","template":"","meta":{"_acf_changed":false,"ngg_post_thumbnail":0,"footnotes":""},"class_list":["post-1112","page","type-page","status-publish","hentry"],"acf":[],"_links":{"self":[{"href":"https:\/\/pb.edu.pl\/konferencja-kol\/wp-json\/wp\/v2\/pages\/1112","targetHints":{"allow":["GET"]}}],"collection":[{"href":"https:\/\/pb.edu.pl\/konferencja-kol\/wp-json\/wp\/v2\/pages"}],"about":[{"href":"https:\/\/pb.edu.pl\/konferencja-kol\/wp-json\/wp\/v2\/types\/page"}],"author":[{"embeddable":true,"href":"https:\/\/pb.edu.pl\/konferencja-kol\/wp-json\/wp\/v2\/users\/2"}],"replies":[{"embeddable":true,"href":"https:\/\/pb.edu.pl\/konferencja-kol\/wp-json\/wp\/v2\/comments?post=1112"}],"version-history":[{"count":0,"href":"https:\/\/pb.edu.pl\/konferencja-kol\/wp-json\/wp\/v2\/pages\/1112\/revisions"}],"up":[{"embeddable":true,"href":"https:\/\/pb.edu.pl\/konferencja-kol\/wp-json\/wp\/v2\/pages\/1084"}],"wp:attachment":[{"href":"https:\/\/pb.edu.pl\/konferencja-kol\/wp-json\/wp\/v2\/media?parent=1112"}],"curies":[{"name":"wp","href":"https:\/\/api.w.org\/{rel}","templated":true}]}}