{"id":1106,"date":"2022-01-04T22:52:23","date_gmt":"2022-01-04T21:52:23","guid":{"rendered":"https:\/\/pb.edu.pl\/konferencja-kol\/?page_id=1106"},"modified":"2024-04-19T11:53:42","modified_gmt":"2024-04-19T09:53:42","slug":"program","status":"publish","type":"page","link":"https:\/\/pb.edu.pl\/konferencja-kol\/o-konferencji\/program\/","title":{"rendered":"Program"},"content":{"rendered":"<div class=\"h2 text-center\">II WIELKA KONFERENCJA K\u00d3\u0141 NAUKOWYCH PB<br \/>\n26 kwietnia 2024 r. Politechnika Bia\u0142ostocka<\/div>\n<p style=\"text-align: center;\"><strong>Motto:<\/strong> Ko\u0142a naukowe nap\u0119dzaj\u0105 innowacje<\/p>\n<p><strong>9:30 &#8211; 9:45 &#8211; Uroczysta inauguracja II Konferencji Studenckich K\u00f3\u0142 Naukowych PB<\/strong><\/p>\n<div class=\"h3 text-center\">SESJA 1 &#8211; <a href=\"\/konferencja-kol\/rejestracja\/\">zapisz si\u0119<\/a><\/div>\n<p><strong>10:00 &#8211; 10:20<\/strong> &#8211; <strong>Wyk\u0142ad zamawiany &#8211; <em>Sztuczna inteligencja w grafice i dydaktyce<\/em><\/strong><\/p>\n<ul>mgr in\u017c. Maciej Pop\u0142awski (laboratorium AuReLa, WA PB)<\/ul>\n<p><strong>10:20 &#8211; 10:45<\/strong> &#8211; <strong>Prezentacje k\u00f3\u0142 naukowych z Wydzia\u0142u Architektury:<\/strong><\/p>\n<ul>\n<li>SKN CAVE &#8211; <em>Dotknij miasta \u2013 prototyp makiety miasta Bia\u0142ystok<\/em>,<br \/>\nUrszula \u0141e\u015bniewska, Jakub Trusiewicz<\/li>\n<li>SKN FORMA &#8211; <em>Znaczenie formy w projektowaniu przestrzeni u\u017cytkowych<\/em>,<br \/>\nBartosz Skar\u017cy\u0144ski, Julia Nowacka<\/li>\n<\/ul>\n<p><strong>10:45 &#8211; 11:10<\/strong> &#8211; <strong>Prezentacje k\u00f3\u0142 naukowych z Wydzia\u0142u Budownictwa i Nauk o \u015arodowisku:<\/strong><\/p>\n<ul>\n<li>SKN Drogowiec &#8211; <em>Innowacyjna nawierzchnia hybrydowa jako efektywne rozwi\u0105zanie do budowy przystank\u00f3w autobusowych i obszar\u00f3w skrzy\u017cowa\u0144<\/em>,<br \/>\nJulia Kole\u015bnik<\/li>\n<li>SKN HELISA &#8211; <em>Wykorzystanie materia\u0142u ro\u015blinnego do usuwania metali ci\u0119\u017ckich ze \u015brodowiska<\/em>,<br \/>\nGrzegorz Sawicki<\/li>\n<\/ul>\n<p><strong>11:10 &#8211; 11:35<\/strong> &#8211; <strong>Prezentacje k\u00f3\u0142 naukowych z Wydzia\u0142u Elektrycznego:<\/strong><\/p>\n<ul>\n<li>SKN IO &#8211; <em>Roboty inspekcyjne &#8211; technologia SMART<\/em>,<br \/>\nAlan Kondrusik<\/li>\n<li>SKN Elektroniki &#8211; <em>Sterowanie numeryczne maszyn &#8211; sterownik grawera laserowego<\/em>,<br \/>\nBoles\u0142aw Kazberuk<\/li>\n<\/ul>\n<p><strong>11:35 &#8211; 11:45<\/strong> &#8211; <strong>Prezentacja oferty edukacyjnej Uczelni i mo\u017cliwo\u015bci finansowania inicjatyw podejmowanych przez Studenckie Ko\u0142a Naukowe<\/strong><\/p>\n<p><strong>11:45 &#8211; 12:00<\/strong> &#8211; Przerwa kawowa (zwiedzanie stoisk k\u00f3\u0142 naukowych i przedsi\u0119biorstw)<\/p>\n<div class=\"h3 text-center\">SESJA 2 &#8211; <a href=\"\/konferencja-kol\/rejestracja\/\">zapisz si\u0119<\/a><\/div>\n<p><strong>12:00 &#8211; 12:20<\/strong> &#8211; <strong><em>Start up \u2013 pierwsze kroki w biznesie czyli jak uczelnia wspiera m\u0142odych przedsi\u0119biorc\u00f3w<\/em><\/strong> <\/p>\n<ul>dr \u0141ukasz Siemieniuk (Akademicki Inkubator Przedsi\u0119biorczo\u015bci)<\/ul>\n<p><strong>12:20 &#8211; 13:20<\/strong> &#8211; <strong>Prezentacje firm wsp\u00f3\u0142pracuj\u0105cych z Uczelni\u0105<\/strong><\/p>\n<p><strong>13:20 &#8211; 13:45<\/strong> &#8211; <strong><em>Przedsi\u0119biorczy student<\/em> &#8211; debata podsumowuj\u0105ca z udzia\u0142em firm i student\u00f3w<\/strong><\/p>\n<p><strong>13:45 &#8211; 14:00<\/strong> &#8211; Przerwa kawowa (zwiedzanie stoisk k\u00f3\u0142 naukowych i przedsi\u0119biorstw)<\/p>\n<div class=\"h3 text-center\">SESJA 3 &#8211; <a href=\"\/konferencja-kol\/rejestracja\/\">zapisz si\u0119<\/a><\/div>\n<p><strong>14:00 &#8211; 14:25<\/strong> &#8211; <strong>Prezentacje k\u00f3\u0142 naukowych z Wydzia\u0142u Informatyki:<\/strong><\/p>\n<ul>\n<li>SKN VectoR &#8211; <em>Wirtualna Rzeczywisto\u015b\u0107 w rzeczywisto\u015bci<\/em>,<br \/>\nKamila Adamska, Jakub Pa\u0142aszewski, Hubert \u017bochowski<\/li>\n<li>SKN Math4You &#8211; <em>Kiedy delta zawodzi? Mankamenty r\u00f3wna\u0144 wielomianowych<\/em>,<br \/>\nMaciej Gnatowski, Konrad Topczewski, Izabela Duszak<\/li>\n<\/ul>\n<p><strong>14:25 &#8211; 14:50<\/strong> &#8211; <strong>Prezentacje k\u00f3\u0142 naukowych z Wydzia\u0142u In\u017cynierii Zarz\u0105dzania:<\/strong><\/p>\n<ul>\n<li>SKN Logisquad &#8211; <em>NeedsExchange Hub \u2013 koncepcja platformy do wsp\u00f3\u0142pracy uczelni\/student\u00f3w z biznesem<\/em>,<br \/>\nKacper Olesiewicz oraz Gabriela Tarasiuk<\/li>\n<li>SKN Obie\u017cy\u015bwiat &#8211; <em>Komercjalizacja produkt\u00f3w turystycznych<\/em>,<br \/>\nAleksandra Kowalczuk<\/li>\n<\/ul>\n<p><strong>14:50 &#8211; 15:15<\/strong> &#8211; <strong>Prezentacje k\u00f3\u0142 naukowych z Wydzia\u0142u Mechanicznego:<\/strong><\/p>\n<ul>\n<li>SKN Robotyk\u00f3w &#8211; <em>Rzu\u0107 wszystko i chod\u017a robi\u0107 robota<\/em>,<br \/>\nSergiusz Jakuszewicz<\/li>\n<li>SKN Orthos &#8211; <em>In\u017cynieria Biomedyczna od Kuchni<\/em>,<br \/>\nJulia Jagody\u0144ska, Kacper Snarski<\/li>\n<\/ul>\n<p><strong>15:15<\/strong> &#8211; <strong>Zako\u0144czenie II Wielkiej Konferencji K\u00f3\u0142 Naukowych PB<\/strong><\/p>\n<hr>\n<p><strong>W przestrzeni otwartej CNK b\u0119d\u0105 ustawione:<\/strong><\/p>\n<ul>\n<li>stoiska studenckich k\u00f3\u0142 naukowych,<\/li>\n<li>stoiska firm \u2013 Mecenas\u00f3w k\u00f3\u0142 naukowych,<\/li>\n<li>stoiska z ofert\u0105 Politechniki Bia\u0142ostockiej.<\/li>\n<\/ul>\n<hr>\n<div class=\"h3 text-center\">Warsztaty &#8211; <a href=\"\/konferencja-kol\/rejestracja\/\">zapisz si\u0119<\/a><\/div>\n<ol>\n<li><strong><em>Tw\u00f3rz innowacje &#8211; stosuj\u0105c metod\u0119 design thinking (my\u015blenie projektowe)<\/em><\/strong>,<br \/>\ndr Izabela Senderacka, Laboratorium Innowacji Przysz\u0142o\u015bci (FIL), WM, sala 132 , 10.15-12.00 (20 os\u00f3b)<\/li>\n<li><strong><em>Zawsze o krok przed &#8211; czyli o technikach benchmarkingowych w marketingu internetowym<\/em><\/strong>,<br \/>\nmgr Aneta Panasiuk, WBiN\u015a, sala 42A, godz. 10.15-12.00 (20 os\u00f3b)<\/li>\n<li><strong><em>Od\u015bwie\u017c CV na wiosn\u0119<\/em><\/strong>,<br \/>\nmgr Ewa Kowalczuk-Czapko, WBiN\u015a, sala 42 A, godz. 12.15-14.00 (20 os\u00f3b)<\/li>\n<\/ol>\n<p>&nbsp;<\/p>\n","protected":false},"excerpt":{"rendered":"<p>II WIELKA KONFERENCJA K\u00d3\u0141 NAUKOWYCH PB 26 kwietnia 2024 r. Politechnika Bia\u0142ostocka Motto: Ko\u0142a naukowe<\/p>\n","protected":false},"author":2,"featured_media":0,"parent":1084,"menu_order":3,"comment_status":"closed","ping_status":"closed","template":"","meta":{"_acf_changed":false,"ngg_post_thumbnail":0,"footnotes":""},"class_list":["post-1106","page","type-page","status-publish","hentry"],"acf":[],"_links":{"self":[{"href":"https:\/\/pb.edu.pl\/konferencja-kol\/wp-json\/wp\/v2\/pages\/1106","targetHints":{"allow":["GET"]}}],"collection":[{"href":"https:\/\/pb.edu.pl\/konferencja-kol\/wp-json\/wp\/v2\/pages"}],"about":[{"href":"https:\/\/pb.edu.pl\/konferencja-kol\/wp-json\/wp\/v2\/types\/page"}],"author":[{"embeddable":true,"href":"https:\/\/pb.edu.pl\/konferencja-kol\/wp-json\/wp\/v2\/users\/2"}],"replies":[{"embeddable":true,"href":"https:\/\/pb.edu.pl\/konferencja-kol\/wp-json\/wp\/v2\/comments?post=1106"}],"version-history":[{"count":0,"href":"https:\/\/pb.edu.pl\/konferencja-kol\/wp-json\/wp\/v2\/pages\/1106\/revisions"}],"up":[{"embeddable":true,"href":"https:\/\/pb.edu.pl\/konferencja-kol\/wp-json\/wp\/v2\/pages\/1084"}],"wp:attachment":[{"href":"https:\/\/pb.edu.pl\/konferencja-kol\/wp-json\/wp\/v2\/media?parent=1106"}],"curies":[{"name":"wp","href":"https:\/\/api.w.org\/{rel}","templated":true}]}}