{"id":1104,"date":"2022-01-04T22:52:02","date_gmt":"2022-01-04T21:52:02","guid":{"rendered":"https:\/\/pb.edu.pl\/konferencja-kol\/?page_id=1104"},"modified":"2024-02-19T23:10:04","modified_gmt":"2024-02-19T22:10:04","slug":"organizatorzy","status":"publish","type":"page","link":"https:\/\/pb.edu.pl\/konferencja-kol\/o-konferencji\/organizatorzy\/","title":{"rendered":"Organizatorzy"},"content":{"rendered":"<div class=\"row\">\n<div class=\"col-sm-4\">&nbsp;<\/div>\n<div class=\"col-sm-4\">\n<div class=\"image\" style=\"margin-top: 0px\"><a href=\"https:\/\/pb.edu.pl\"><img loading=\"lazy\" decoding=\"async\" style=\"padding: 0px\" src=\"https:\/\/pb.edu.pl\/konferencja-kol\/wp-content\/uploads\/sites\/87\/2022\/01\/logo-PB-322px.jpg\" alt=\"logo Politechniki Bia\u0142ostockiej\" width=\"1244\" height=\"322\"><\/a><\/div>\n<\/div>\n<div class=\"col-sm-4\">&nbsp;<\/div>\n<\/div>\n<p>&nbsp;<br \/>\n<!--\n\n\n<div class=\"row\">\n\n\n<div class=\"col-sm-2\">\n\n\n<div class=\"image\" style=\"margin-top: 12px\"><img loading=\"lazy\" decoding=\"async\" class=\"aligncenter size-full wp-image-1616\" src=\"https:\/\/pb.edu.pl\/konferencja-kol\/wp-content\/uploads\/sites\/87\/2022\/10\/ADaBiz.jpg\" alt=\"logo Studenckie Ko\u0142o Naukowe ADaBiz\" width=\"500\" height=\"500\" srcset=\"https:\/\/pb.edu.pl\/konferencja-kol\/wp-content\/uploads\/sites\/87\/2022\/10\/ADaBiz.jpg 500w, https:\/\/pb.edu.pl\/konferencja-kol\/wp-content\/uploads\/sites\/87\/2022\/10\/ADaBiz-300x300.jpg 300w, https:\/\/pb.edu.pl\/konferencja-kol\/wp-content\/uploads\/sites\/87\/2022\/10\/ADaBiz-150x150.jpg 150w\" sizes=\"auto, (max-width: 500px) 100vw, 500px\" \/><\/div>\n\n\n<\/div>\n\n\n\n\n<div class=\"col-sm-2\">\n\n\n<div class=\"image\" style=\"margin-top: 12px\"><img loading=\"lazy\" decoding=\"async\" class=\"aligncenter size-full wp-image-1619\" src=\"https:\/\/pb.edu.pl\/konferencja-kol\/wp-content\/uploads\/sites\/87\/2022\/10\/BIOINVENTION.jpg\" alt=\"logo Ko\u0142o Naukowe BIOINVENTION\" width=\"500\" height=\"500\" srcset=\"https:\/\/pb.edu.pl\/konferencja-kol\/wp-content\/uploads\/sites\/87\/2022\/10\/BIOINVENTION.jpg 500w, https:\/\/pb.edu.pl\/konferencja-kol\/wp-content\/uploads\/sites\/87\/2022\/10\/BIOINVENTION-300x300.jpg 300w, https:\/\/pb.edu.pl\/konferencja-kol\/wp-content\/uploads\/sites\/87\/2022\/10\/BIOINVENTION-150x150.jpg 150w\" sizes=\"auto, (max-width: 500px) 100vw, 500px\" \/><\/div>\n\n\n<\/div>\n\n\n\n\n<div class=\"col-sm-2\">\n\n\n<div class=\"image\" style=\"margin-top: 12px\"><img loading=\"lazy\" decoding=\"async\" class=\"aligncenter size-full wp-image-1621\" src=\"https:\/\/pb.edu.pl\/konferencja-kol\/wp-content\/uploads\/sites\/87\/2022\/10\/BLANK-CANVAS.jpg\" alt=\"logo Ko\u0142o Naukowe BLANK CANVAS\" width=\"500\" height=\"500\" srcset=\"https:\/\/pb.edu.pl\/konferencja-kol\/wp-content\/uploads\/sites\/87\/2022\/10\/BLANK-CANVAS.jpg 500w, https:\/\/pb.edu.pl\/konferencja-kol\/wp-content\/uploads\/sites\/87\/2022\/10\/BLANK-CANVAS-300x300.jpg 300w, https:\/\/pb.edu.pl\/konferencja-kol\/wp-content\/uploads\/sites\/87\/2022\/10\/BLANK-CANVAS-150x150.jpg 150w\" sizes=\"auto, (max-width: 500px) 100vw, 500px\" \/><\/div>\n\n\n<\/div>\n\n\n\n\n<div class=\"col-sm-2\">\n\n\n<div class=\"image\" style=\"margin-top: 12px\"><img loading=\"lazy\" decoding=\"async\" class=\"aligncenter size-full wp-image-1624\" src=\"https:\/\/pb.edu.pl\/konferencja-kol\/wp-content\/uploads\/sites\/87\/2022\/10\/CAVE.jpg\" alt=\"logo Ko\u0142o Naukowe CAVE\" width=\"500\" height=\"500\" srcset=\"https:\/\/pb.edu.pl\/konferencja-kol\/wp-content\/uploads\/sites\/87\/2022\/10\/CAVE.jpg 500w, https:\/\/pb.edu.pl\/konferencja-kol\/wp-content\/uploads\/sites\/87\/2022\/10\/CAVE-300x300.jpg 300w, https:\/\/pb.edu.pl\/konferencja-kol\/wp-content\/uploads\/sites\/87\/2022\/10\/CAVE-150x150.jpg 150w\" sizes=\"auto, (max-width: 500px) 100vw, 500px\" \/><\/div>\n\n\n<\/div>\n\n\n\n\n<div class=\"col-sm-2\">\n\n\n<div class=\"image\" style=\"margin-top: 12px\"><img loading=\"lazy\" decoding=\"async\" class=\"aligncenter size-full wp-image-1626\" src=\"https:\/\/pb.edu.pl\/konferencja-kol\/wp-content\/uploads\/sites\/87\/2022\/10\/CIEMNIA.jpg\" alt=\"logo Ko\u0142o Naukowe CIEMNIA\" width=\"500\" height=\"500\" srcset=\"https:\/\/pb.edu.pl\/konferencja-kol\/wp-content\/uploads\/sites\/87\/2022\/10\/CIEMNIA.jpg 500w, https:\/\/pb.edu.pl\/konferencja-kol\/wp-content\/uploads\/sites\/87\/2022\/10\/CIEMNIA-300x300.jpg 300w, https:\/\/pb.edu.pl\/konferencja-kol\/wp-content\/uploads\/sites\/87\/2022\/10\/CIEMNIA-150x150.jpg 150w\" sizes=\"auto, (max-width: 500px) 100vw, 500px\" \/><\/div>\n\n\n<\/div>\n\n\n\n\n<div class=\"col-sm-2\">\n\n\n<div class=\"image\" style=\"margin-top: 12px\"><img loading=\"lazy\" decoding=\"async\" class=\"aligncenter size-full wp-image-1628\" src=\"https:\/\/pb.edu.pl\/konferencja-kol\/wp-content\/uploads\/sites\/87\/2022\/10\/CIEPLOWNIK.jpg\" alt=\"logo Ko\u0142o Naukowe CIEP\u0141OWNIK\" width=\"500\" height=\"500\" srcset=\"https:\/\/pb.edu.pl\/konferencja-kol\/wp-content\/uploads\/sites\/87\/2022\/10\/CIEPLOWNIK.jpg 500w, https:\/\/pb.edu.pl\/konferencja-kol\/wp-content\/uploads\/sites\/87\/2022\/10\/CIEPLOWNIK-300x300.jpg 300w, https:\/\/pb.edu.pl\/konferencja-kol\/wp-content\/uploads\/sites\/87\/2022\/10\/CIEPLOWNIK-150x150.jpg 150w\" sizes=\"auto, (max-width: 500px) 100vw, 500px\" \/><\/div>\n\n\n<\/div>\n\n\n<\/div>\n\n\n&nbsp;\n\n\n<div class=\"row\">\n\n\n<div class=\"col-sm-2\">\n\n\n<div class=\"image\" style=\"margin-top: 12px\"><img loading=\"lazy\" decoding=\"async\" class=\"aligncenter size-full wp-image-1663\" src=\"https:\/\/pb.edu.pl\/konferencja-kol\/wp-content\/uploads\/sites\/87\/2022\/10\/conkrecik-small.jpg\" alt=\"logo Ko\u0142o Naukowe CONKRECIK\" width=\"393\" height=\"500\"><\/div>\n\n\n<\/div>\n\n\n\n\n<div class=\"col-sm-2\">\n\n\n<div class=\"image\" style=\"margin-top: 12px\"><img loading=\"lazy\" decoding=\"async\" class=\"aligncenter size-full wp-image-1630\" src=\"https:\/\/pb.edu.pl\/konferencja-kol\/wp-content\/uploads\/sites\/87\/2022\/10\/DROGOWIEC.jpg\" alt=\"logo Ko\u0142o Naukowe DROGOWIEC\" width=\"500\" height=\"509\" srcset=\"https:\/\/pb.edu.pl\/konferencja-kol\/wp-content\/uploads\/sites\/87\/2022\/10\/DROGOWIEC.jpg 500w, https:\/\/pb.edu.pl\/konferencja-kol\/wp-content\/uploads\/sites\/87\/2022\/10\/DROGOWIEC-295x300.jpg 295w\" sizes=\"auto, (max-width: 500px) 100vw, 500px\" \/><\/div>\n\n\n<\/div>\n\n\n\n\n<div class=\"col-sm-2\">\n\n\n<div class=\"image\" style=\"margin-top: 12px\"><img loading=\"lazy\" decoding=\"async\" class=\"aligncenter size-full wp-image-1632\" src=\"https:\/\/pb.edu.pl\/konferencja-kol\/wp-content\/uploads\/sites\/87\/2022\/10\/FORMA.jpg\" alt=\"logo Ko\u0142o Naukowe FORMA\" width=\"500\" height=\"500\" srcset=\"https:\/\/pb.edu.pl\/konferencja-kol\/wp-content\/uploads\/sites\/87\/2022\/10\/FORMA.jpg 500w, https:\/\/pb.edu.pl\/konferencja-kol\/wp-content\/uploads\/sites\/87\/2022\/10\/FORMA-300x300.jpg 300w, https:\/\/pb.edu.pl\/konferencja-kol\/wp-content\/uploads\/sites\/87\/2022\/10\/FORMA-150x150.jpg 150w\" sizes=\"auto, (max-width: 500px) 100vw, 500px\" \/><\/div>\n\n\n<\/div>\n\n\n\n\n<div class=\"col-sm-2\">\n\n\n<div class=\"image\" style=\"margin-top: 12px\"><img loading=\"lazy\" decoding=\"async\" class=\"aligncenter size-full wp-image-1633\" src=\"https:\/\/pb.edu.pl\/konferencja-kol\/wp-content\/uploads\/sites\/87\/2022\/10\/INDUSTRY-4_0.jpg\" alt=\"logo Ko\u0142o Naukowe INDUSTRY 4_0\" width=\"500\" height=\"500\" srcset=\"https:\/\/pb.edu.pl\/konferencja-kol\/wp-content\/uploads\/sites\/87\/2022\/10\/INDUSTRY-4_0.jpg 500w, https:\/\/pb.edu.pl\/konferencja-kol\/wp-content\/uploads\/sites\/87\/2022\/10\/INDUSTRY-4_0-300x300.jpg 300w, https:\/\/pb.edu.pl\/konferencja-kol\/wp-content\/uploads\/sites\/87\/2022\/10\/INDUSTRY-4_0-150x150.jpg 150w\" sizes=\"auto, (max-width: 500px) 100vw, 500px\" \/><\/div>\n\n\n<\/div>\n\n\n\n\n<div class=\"col-sm-2\">\n\n\n<div class=\"image\" style=\"margin-top: 12px\"><img loading=\"lazy\" decoding=\"async\" class=\"aligncenter size-full wp-image-1634\" src=\"https:\/\/pb.edu.pl\/konferencja-kol\/wp-content\/uploads\/sites\/87\/2022\/10\/KNK.jpg\" alt=\"logo Ko\u0142o Naukowe KNK\" width=\"500\" height=\"500\" srcset=\"https:\/\/pb.edu.pl\/konferencja-kol\/wp-content\/uploads\/sites\/87\/2022\/10\/KNK.jpg 500w, https:\/\/pb.edu.pl\/konferencja-kol\/wp-content\/uploads\/sites\/87\/2022\/10\/KNK-300x300.jpg 300w, https:\/\/pb.edu.pl\/konferencja-kol\/wp-content\/uploads\/sites\/87\/2022\/10\/KNK-150x150.jpg 150w\" sizes=\"auto, (max-width: 500px) 100vw, 500px\" \/><\/div>\n\n\n<\/div>\n\n\n\n\n<div class=\"col-sm-2\">\n\n\n<div class=\"image\" style=\"margin-top: 12px\"><img loading=\"lazy\" decoding=\"async\" class=\"aligncenter size-full wp-image-1635\" src=\"https:\/\/pb.edu.pl\/konferencja-kol\/wp-content\/uploads\/sites\/87\/2022\/10\/LESNIKOW.jpg\" alt=\"logo Ko\u0142o Naukowe Le\u015bnik\u00f3w INL PB\" width=\"500\" height=\"500\" srcset=\"https:\/\/pb.edu.pl\/konferencja-kol\/wp-content\/uploads\/sites\/87\/2022\/10\/LESNIKOW.jpg 500w, https:\/\/pb.edu.pl\/konferencja-kol\/wp-content\/uploads\/sites\/87\/2022\/10\/LESNIKOW-300x300.jpg 300w, https:\/\/pb.edu.pl\/konferencja-kol\/wp-content\/uploads\/sites\/87\/2022\/10\/LESNIKOW-150x150.jpg 150w\" sizes=\"auto, (max-width: 500px) 100vw, 500px\" \/><\/div>\n\n\n<\/div>\n\n\n<\/div>\n\n\n&nbsp;\n\n\n<div class=\"row\">\n\n\n<div class=\"col-sm-2\">\n\n\n<div class=\"image\" style=\"margin-top: 12px\"><img loading=\"lazy\" decoding=\"async\" class=\"aligncenter size-full wp-image-1637\" src=\"https:\/\/pb.edu.pl\/konferencja-kol\/wp-content\/uploads\/sites\/87\/2022\/10\/LogiSQUAD.jpg\" alt=\"logo Ko\u0142o Naukowe LogiSQUAD\" width=\"500\" height=\"500\" srcset=\"https:\/\/pb.edu.pl\/konferencja-kol\/wp-content\/uploads\/sites\/87\/2022\/10\/LogiSQUAD.jpg 500w, https:\/\/pb.edu.pl\/konferencja-kol\/wp-content\/uploads\/sites\/87\/2022\/10\/LogiSQUAD-300x300.jpg 300w, https:\/\/pb.edu.pl\/konferencja-kol\/wp-content\/uploads\/sites\/87\/2022\/10\/LogiSQUAD-150x150.jpg 150w\" sizes=\"auto, (max-width: 500px) 100vw, 500px\" \/><\/div>\n\n\n<\/div>\n\n\n\n\n<div class=\"col-sm-2\">\n\n\n<div class=\"image\" style=\"margin-top: 12px\"><img loading=\"lazy\" decoding=\"async\" class=\"aligncenter size-full wp-image-1638\" src=\"https:\/\/pb.edu.pl\/konferencja-kol\/wp-content\/uploads\/sites\/87\/2022\/10\/logo-cerber-motorsport.jpg\" alt=\"logo cerber motorsport\" width=\"500\" height=\"500\" srcset=\"https:\/\/pb.edu.pl\/konferencja-kol\/wp-content\/uploads\/sites\/87\/2022\/10\/logo-cerber-motorsport.jpg 500w, https:\/\/pb.edu.pl\/konferencja-kol\/wp-content\/uploads\/sites\/87\/2022\/10\/logo-cerber-motorsport-300x300.jpg 300w, https:\/\/pb.edu.pl\/konferencja-kol\/wp-content\/uploads\/sites\/87\/2022\/10\/logo-cerber-motorsport-150x150.jpg 150w\" sizes=\"auto, (max-width: 500px) 100vw, 500px\" \/><\/div>\n\n\n<\/div>\n\n\n\n\n<div class=\"col-sm-2\">\n\n\n<div class=\"image\" style=\"margin-top: 12px\"><img loading=\"lazy\" decoding=\"async\" class=\"aligncenter size-full wp-image-1639\" src=\"https:\/\/pb.edu.pl\/konferencja-kol\/wp-content\/uploads\/sites\/87\/2022\/10\/LOTNICZE.jpg\" alt=\"logo Lotnicze Ko\u0142o Naukowe \" width=\"500\" height=\"500\" srcset=\"https:\/\/pb.edu.pl\/konferencja-kol\/wp-content\/uploads\/sites\/87\/2022\/10\/LOTNICZE.jpg 500w, https:\/\/pb.edu.pl\/konferencja-kol\/wp-content\/uploads\/sites\/87\/2022\/10\/LOTNICZE-300x300.jpg 300w, https:\/\/pb.edu.pl\/konferencja-kol\/wp-content\/uploads\/sites\/87\/2022\/10\/LOTNICZE-150x150.jpg 150w\" sizes=\"auto, (max-width: 500px) 100vw, 500px\" \/><\/div>\n\n\n<\/div>\n\n\n\n\n<div class=\"col-sm-2\">\n\n\n<div class=\"image\" style=\"margin-top: 12px\"><img loading=\"lazy\" decoding=\"async\" class=\"aligncenter size-full wp-image-1640\" src=\"https:\/\/pb.edu.pl\/konferencja-kol\/wp-content\/uploads\/sites\/87\/2022\/10\/ORHTOS.jpg\" alt=\"logo Studenckie Ko\u0142o Naukowe ORHTOS \" width=\"500\" height=\"500\" srcset=\"https:\/\/pb.edu.pl\/konferencja-kol\/wp-content\/uploads\/sites\/87\/2022\/10\/ORHTOS.jpg 500w, https:\/\/pb.edu.pl\/konferencja-kol\/wp-content\/uploads\/sites\/87\/2022\/10\/ORHTOS-300x300.jpg 300w, https:\/\/pb.edu.pl\/konferencja-kol\/wp-content\/uploads\/sites\/87\/2022\/10\/ORHTOS-150x150.jpg 150w\" sizes=\"auto, (max-width: 500px) 100vw, 500px\" \/><\/div>\n\n\n<\/div>\n\n\n\n\n<div class=\"col-sm-2\">\n\n\n<div class=\"image\" style=\"margin-top: 12px\"><img loading=\"lazy\" decoding=\"async\" class=\"aligncenter size-full wp-image-1642\" src=\"https:\/\/pb.edu.pl\/konferencja-kol\/wp-content\/uploads\/sites\/87\/2022\/10\/PRZEDSIEBIORCZOSC.jpg\" alt=\"logo Ko\u0142o Naukowe Przedsi\u0119biorczo\u015b\u0107\" width=\"500\" height=\"500\" srcset=\"https:\/\/pb.edu.pl\/konferencja-kol\/wp-content\/uploads\/sites\/87\/2022\/10\/PRZEDSIEBIORCZOSC.jpg 500w, https:\/\/pb.edu.pl\/konferencja-kol\/wp-content\/uploads\/sites\/87\/2022\/10\/PRZEDSIEBIORCZOSC-300x300.jpg 300w, https:\/\/pb.edu.pl\/konferencja-kol\/wp-content\/uploads\/sites\/87\/2022\/10\/PRZEDSIEBIORCZOSC-150x150.jpg 150w\" sizes=\"auto, (max-width: 500px) 100vw, 500px\" \/><\/div>\n\n\n<\/div>\n\n\n\n\n<div class=\"col-sm-2\">\n\n\n<div class=\"image\" style=\"margin-top: 12px\"><img loading=\"lazy\" decoding=\"async\" class=\"aligncenter size-full wp-image-1643\" src=\"https:\/\/pb.edu.pl\/konferencja-kol\/wp-content\/uploads\/sites\/87\/2022\/10\/ROBOTYKOW.jpg\" alt=\"logo Ko\u0142o Naukowe Robotyk\u00f3w\" width=\"500\" height=\"500\" srcset=\"https:\/\/pb.edu.pl\/konferencja-kol\/wp-content\/uploads\/sites\/87\/2022\/10\/ROBOTYKOW.jpg 500w, https:\/\/pb.edu.pl\/konferencja-kol\/wp-content\/uploads\/sites\/87\/2022\/10\/ROBOTYKOW-300x300.jpg 300w, https:\/\/pb.edu.pl\/konferencja-kol\/wp-content\/uploads\/sites\/87\/2022\/10\/ROBOTYKOW-150x150.jpg 150w\" sizes=\"auto, (max-width: 500px) 100vw, 500px\" \/><\/div>\n\n\n<\/div>\n\n\n<\/div>\n\n\n&nbsp;\n\n\n<div class=\"row\">\n\n\n<div class=\"col-sm-2\"><img loading=\"lazy\" decoding=\"async\" class=\"alignnone wp-image-1686\" src=\"https:\/\/pb.edu.pl\/konferencja-kol\/wp-content\/uploads\/sites\/87\/2022\/10\/logo_KN_IO-300x300.png\" alt=\"\" width=\"136\" height=\"136\" srcset=\"https:\/\/pb.edu.pl\/konferencja-kol\/wp-content\/uploads\/sites\/87\/2022\/10\/logo_KN_IO-300x300.png 300w, https:\/\/pb.edu.pl\/konferencja-kol\/wp-content\/uploads\/sites\/87\/2022\/10\/logo_KN_IO-150x150.png 150w, https:\/\/pb.edu.pl\/konferencja-kol\/wp-content\/uploads\/sites\/87\/2022\/10\/logo_KN_IO.png 476w\" sizes=\"auto, (max-width: 136px) 100vw, 136px\" \/><\/div>\n\n\n\n\n<div class=\"col-sm-2\">\n\n\n<div class=\"image\" style=\"margin-top: 12px\"><img loading=\"lazy\" decoding=\"async\" class=\"aligncenter size-full wp-image-1644\" src=\"https:\/\/pb.edu.pl\/konferencja-kol\/wp-content\/uploads\/sites\/87\/2022\/10\/ROLKA.jpg\" alt=\"logo Rolnicze ko\u0142o Akademicki Rolka\" width=\"500\" height=\"500\" srcset=\"https:\/\/pb.edu.pl\/konferencja-kol\/wp-content\/uploads\/sites\/87\/2022\/10\/ROLKA.jpg 500w, https:\/\/pb.edu.pl\/konferencja-kol\/wp-content\/uploads\/sites\/87\/2022\/10\/ROLKA-300x300.jpg 300w, https:\/\/pb.edu.pl\/konferencja-kol\/wp-content\/uploads\/sites\/87\/2022\/10\/ROLKA-150x150.jpg 150w\" sizes=\"auto, (max-width: 500px) 100vw, 500px\" \/><\/div>\n\n\n<\/div>\n\n\n\n\n<div class=\"col-sm-2\">\n\n\n<div class=\"image\" style=\"margin-top: 12px\"><img loading=\"lazy\" decoding=\"async\" class=\"aligncenter size-full wp-image-1645\" src=\"https:\/\/pb.edu.pl\/konferencja-kol\/wp-content\/uploads\/sites\/87\/2022\/10\/VHS.jpg\" alt=\"logo Ko\u0142o Naukowe VHS\" width=\"1000\" height=\"1000\" srcset=\"https:\/\/pb.edu.pl\/konferencja-kol\/wp-content\/uploads\/sites\/87\/2022\/10\/VHS.jpg 1000w, https:\/\/pb.edu.pl\/konferencja-kol\/wp-content\/uploads\/sites\/87\/2022\/10\/VHS-300x300.jpg 300w, https:\/\/pb.edu.pl\/konferencja-kol\/wp-content\/uploads\/sites\/87\/2022\/10\/VHS-150x150.jpg 150w, https:\/\/pb.edu.pl\/konferencja-kol\/wp-content\/uploads\/sites\/87\/2022\/10\/VHS-768x768.jpg 768w\" sizes=\"auto, (max-width: 1000px) 100vw, 1000px\" \/><\/div>\n\n\n<\/div>\n\n\n\n\n<div class=\"col-sm-2\">\n\n\n<div class=\"image\" style=\"margin-top: 12px\"><img loading=\"lazy\" decoding=\"async\" class=\"aligncenter size-full wp-image-1647\" src=\"https:\/\/pb.edu.pl\/konferencja-kol\/wp-content\/uploads\/sites\/87\/2022\/10\/WARSZTAT.jpg\" alt=\"logo Ko\u0142o Naukowe WARSZTAT\" width=\"500\" height=\"500\" srcset=\"https:\/\/pb.edu.pl\/konferencja-kol\/wp-content\/uploads\/sites\/87\/2022\/10\/WARSZTAT.jpg 500w, https:\/\/pb.edu.pl\/konferencja-kol\/wp-content\/uploads\/sites\/87\/2022\/10\/WARSZTAT-300x300.jpg 300w, https:\/\/pb.edu.pl\/konferencja-kol\/wp-content\/uploads\/sites\/87\/2022\/10\/WARSZTAT-150x150.jpg 150w\" sizes=\"auto, (max-width: 500px) 100vw, 500px\" \/><\/div>\n\n\n<\/div>\n\n\n\n\n<div class=\"col-sm-2\">\n\n\n<div class=\"image\" style=\"margin-top: 12px\"><img loading=\"lazy\" decoding=\"async\" class=\"aligncenter size-full wp-image-1648\" src=\"https:\/\/pb.edu.pl\/konferencja-kol\/wp-content\/uploads\/sites\/87\/2022\/10\/ZP.jpg\" alt=\"logo Studenckie Ko\u0142o Naukowe Zarz\u0105dzanie Produkcj\u0105 \" width=\"500\" height=\"500\" srcset=\"https:\/\/pb.edu.pl\/konferencja-kol\/wp-content\/uploads\/sites\/87\/2022\/10\/ZP.jpg 500w, https:\/\/pb.edu.pl\/konferencja-kol\/wp-content\/uploads\/sites\/87\/2022\/10\/ZP-300x300.jpg 300w, https:\/\/pb.edu.pl\/konferencja-kol\/wp-content\/uploads\/sites\/87\/2022\/10\/ZP-150x150.jpg 150w\" sizes=\"auto, (max-width: 500px) 100vw, 500px\" \/><\/div>\n\n\n<\/div>\n\n\n\n\n<div class=\"col-sm-2\">\n\n\n<div class=\"image\" style=\"margin-top: 12px\"><img loading=\"lazy\" decoding=\"async\" class=\"aligncenter size-full wp-image-1684\" src=\"https:\/\/pb.edu.pl\/konferencja-kol\/wp-content\/uploads\/sites\/87\/2022\/10\/logo_KN_w_sieci_rzeczy-300x300.png\" alt=\"logo Ko\u0142o naukowe w sieci rzeczy\" width=\"300\" height=\"300\" srcset=\"https:\/\/pb.edu.pl\/konferencja-kol\/wp-content\/uploads\/sites\/87\/2022\/10\/logo_KN_w_sieci_rzeczy-300x300.png 300w, https:\/\/pb.edu.pl\/konferencja-kol\/wp-content\/uploads\/sites\/87\/2022\/10\/logo_KN_w_sieci_rzeczy-1024x1024.png 1024w, https:\/\/pb.edu.pl\/konferencja-kol\/wp-content\/uploads\/sites\/87\/2022\/10\/logo_KN_w_sieci_rzeczy-150x150.png 150w, https:\/\/pb.edu.pl\/konferencja-kol\/wp-content\/uploads\/sites\/87\/2022\/10\/logo_KN_w_sieci_rzeczy-768x768.png 768w, https:\/\/pb.edu.pl\/konferencja-kol\/wp-content\/uploads\/sites\/87\/2022\/10\/logo_KN_w_sieci_rzeczy-1536x1536.png 1536w, https:\/\/pb.edu.pl\/konferencja-kol\/wp-content\/uploads\/sites\/87\/2022\/10\/logo_KN_w_sieci_rzeczy.png 1999w\" sizes=\"auto, (max-width: 300px) 100vw, 300px\" \/><\/div>\n\n\n<\/div>\n\n\n<\/div>\n\n\n&nbsp;\n\n\n<div class=\"row\">\n\n\n<div class=\"col-sm-2\">\n\n\n<div class=\"image\" style=\"margin-top: 12px\"><img loading=\"lazy\" decoding=\"async\" class=\" wp-image-1779 size-full aligncenter\" src=\"https:\/\/pb.edu.pl\/konferencja-kol\/wp-content\/uploads\/sites\/87\/2022\/10\/MALA-ARCHITEKTURA-300x300.jpg\" alt=\"logo ko\u0142a naukowe Ma\u0142a Architektura\" width=\"151\" height=\"151\" srcset=\"https:\/\/pb.edu.pl\/konferencja-kol\/wp-content\/uploads\/sites\/87\/2022\/10\/MALA-ARCHITEKTURA-300x300.jpg 300w, https:\/\/pb.edu.pl\/konferencja-kol\/wp-content\/uploads\/sites\/87\/2022\/10\/MALA-ARCHITEKTURA-150x150.jpg 150w, https:\/\/pb.edu.pl\/konferencja-kol\/wp-content\/uploads\/sites\/87\/2022\/10\/MALA-ARCHITEKTURA.jpg 500w\" sizes=\"auto, (max-width: 151px) 100vw, 151px\" \/><\/div>\n\n\n<\/div>\n\n\n\n\n<div class=\"col-sm-2\">\n\n\n<div class=\"image\" style=\"margin-top: 12px\"><img loading=\"lazy\" decoding=\"async\" class=\"size-full aligncenter wp-image-1687\" src=\"https:\/\/pb.edu.pl\/konferencja-kol\/wp-content\/uploads\/sites\/87\/2022\/10\/logo_KN_AiR-300x242.png\" alt=\"logo Ko\u0142o Naukowe Automatyki i Robotyki\" width=\"161\" height=\"130\" srcset=\"https:\/\/pb.edu.pl\/konferencja-kol\/wp-content\/uploads\/sites\/87\/2022\/10\/logo_KN_AiR-300x242.png 300w, https:\/\/pb.edu.pl\/konferencja-kol\/wp-content\/uploads\/sites\/87\/2022\/10\/logo_KN_AiR-1024x827.png 1024w, https:\/\/pb.edu.pl\/konferencja-kol\/wp-content\/uploads\/sites\/87\/2022\/10\/logo_KN_AiR-768x620.png 768w, https:\/\/pb.edu.pl\/konferencja-kol\/wp-content\/uploads\/sites\/87\/2022\/10\/logo_KN_AiR-1536x1240.png 1536w, https:\/\/pb.edu.pl\/konferencja-kol\/wp-content\/uploads\/sites\/87\/2022\/10\/logo_KN_AiR-2048x1653.png 2048w\" sizes=\"auto, (max-width: 161px) 100vw, 161px\" \/><\/div>\n\n\n<\/div>\n\n\n<\/div>\n\n\n&nbsp;\n&nbsp;\n--><\/p>\n","protected":false},"excerpt":{"rendered":"<p>&nbsp; &nbsp; &nbsp;<\/p>\n","protected":false},"author":2,"featured_media":0,"parent":1084,"menu_order":2,"comment_status":"closed","ping_status":"closed","template":"","meta":{"_acf_changed":false,"ngg_post_thumbnail":0,"footnotes":""},"class_list":["post-1104","page","type-page","status-publish","hentry"],"acf":[],"_links":{"self":[{"href":"https:\/\/pb.edu.pl\/konferencja-kol\/wp-json\/wp\/v2\/pages\/1104","targetHints":{"allow":["GET"]}}],"collection":[{"href":"https:\/\/pb.edu.pl\/konferencja-kol\/wp-json\/wp\/v2\/pages"}],"about":[{"href":"https:\/\/pb.edu.pl\/konferencja-kol\/wp-json\/wp\/v2\/types\/page"}],"author":[{"embeddable":true,"href":"https:\/\/pb.edu.pl\/konferencja-kol\/wp-json\/wp\/v2\/users\/2"}],"replies":[{"embeddable":true,"href":"https:\/\/pb.edu.pl\/konferencja-kol\/wp-json\/wp\/v2\/comments?post=1104"}],"version-history":[{"count":0,"href":"https:\/\/pb.edu.pl\/konferencja-kol\/wp-json\/wp\/v2\/pages\/1104\/revisions"}],"up":[{"embeddable":true,"href":"https:\/\/pb.edu.pl\/konferencja-kol\/wp-json\/wp\/v2\/pages\/1084"}],"wp:attachment":[{"href":"https:\/\/pb.edu.pl\/konferencja-kol\/wp-json\/wp\/v2\/media?parent=1104"}],"curies":[{"name":"wp","href":"https:\/\/api.w.org\/{rel}","templated":true}]}}