{"id":1101,"date":"2022-01-04T22:51:43","date_gmt":"2022-01-04T21:51:43","guid":{"rendered":"https:\/\/pb.edu.pl\/konferencja-kol\/?page_id=1101"},"modified":"2024-02-19T23:19:59","modified_gmt":"2024-02-19T22:19:59","slug":"cele-konferencji","status":"publish","type":"page","link":"https:\/\/pb.edu.pl\/konferencja-kol\/o-konferencji\/cele-konferencji\/","title":{"rendered":"Cele konferencji"},"content":{"rendered":"<p>Celem konferencji jest stworzenie mo\u017cliwo\u015bci zaprezentowania osi\u0105gni\u0119\u0107 naukowych, organizacyjnych, wynik\u00f3w bada\u0144 oraz wymiany do\u015bwiadcze\u0144 w zakresie wsp\u00f3\u0142pracy z przemys\u0142em w ramach aktywnej dzia\u0142alno\u015bci k\u00f3\u0142 naukowych PB.<\/p>\n<p>Wydarzenie jest skierowane g\u0142\u00f3wnie do student\u00f3w 1 roku, aby pokaza\u0107 im mo\u017cliwo\u015bci rozwijania swoich zainteresowa\u0144 i pasji na naszej Uczelni, r\u00f3wnie\u017c w kontek\u015bcie przysz\u0142ego zawodu, a tak\u017ce do uczni\u00f3w szk\u00f3\u0142 \u015brednich poszukuj\u0105cych kierunk\u00f3w studi\u00f3w.<br \/>\n<!--\n<strong>Na oficjalnym kanale YT Politechniki Bia\u0142ostockiej <a href=\"https:\/\/www.youtube.com\/watch?v=qwgzcZpo7Jk\">youtu.be\/qwgzcZpo7Jk<\/a> uczniowie, b\u0119d\u0105 mogli \u015bledzi\u0107 wyst\u0105pienia poszczeg\u00f3lnych k\u00f3\u0142 naukowych.<\/strong>\n\n--><\/p>\n","protected":false},"excerpt":{"rendered":"<p>Celem konferencji jest stworzenie mo\u017cliwo\u015bci zaprezentowania osi\u0105gni\u0119\u0107 naukowych, organizacyjnych, wynik\u00f3w bada\u0144 oraz wymiany do\u015bwiadcze\u0144 w<\/p>\n","protected":false},"author":2,"featured_media":0,"parent":1084,"menu_order":1,"comment_status":"closed","ping_status":"closed","template":"","meta":{"_acf_changed":false,"ngg_post_thumbnail":0,"footnotes":""},"class_list":["post-1101","page","type-page","status-publish","hentry"],"acf":[],"_links":{"self":[{"href":"https:\/\/pb.edu.pl\/konferencja-kol\/wp-json\/wp\/v2\/pages\/1101","targetHints":{"allow":["GET"]}}],"collection":[{"href":"https:\/\/pb.edu.pl\/konferencja-kol\/wp-json\/wp\/v2\/pages"}],"about":[{"href":"https:\/\/pb.edu.pl\/konferencja-kol\/wp-json\/wp\/v2\/types\/page"}],"author":[{"embeddable":true,"href":"https:\/\/pb.edu.pl\/konferencja-kol\/wp-json\/wp\/v2\/users\/2"}],"replies":[{"embeddable":true,"href":"https:\/\/pb.edu.pl\/konferencja-kol\/wp-json\/wp\/v2\/comments?post=1101"}],"version-history":[{"count":0,"href":"https:\/\/pb.edu.pl\/konferencja-kol\/wp-json\/wp\/v2\/pages\/1101\/revisions"}],"up":[{"embeddable":true,"href":"https:\/\/pb.edu.pl\/konferencja-kol\/wp-json\/wp\/v2\/pages\/1084"}],"wp:attachment":[{"href":"https:\/\/pb.edu.pl\/konferencja-kol\/wp-json\/wp\/v2\/media?parent=1101"}],"curies":[{"name":"wp","href":"https:\/\/api.w.org\/{rel}","templated":true}]}}