{"id":23,"date":"2019-09-25T00:05:45","date_gmt":"2019-09-24T22:05:45","guid":{"rendered":"https:\/\/pb.edu.pl\/kompetencje3600\/?page_id=23"},"modified":"2026-02-17T14:22:50","modified_gmt":"2026-02-17T13:22:50","slug":"kontakt","status":"publish","type":"page","link":"https:\/\/pb.edu.pl\/kompetencje360\/kontakt\/","title":{"rendered":"Kontakt"},"content":{"rendered":"<h2>\u201eKompetencje 360\u00b0 &#8211; Administracja wspieraj\u0105ca rozw\u00f3j nowoczesnej Politechniki Bia\u0142ostockiej\u201d (nr umowy FERS.01.05-IP.08-002\/25-00)<\/h2>\n<h3 class=\"h3\">Biuro Projektu:<\/h3>\n<p>Biuro ds. Rozwoju i Program\u00f3w Mi\u0119dzynarodowych<br \/>\nPolitechnika Bia\u0142ostocka<br \/>\n15-351 Bia\u0142ystok<br \/>\nul. Wiejska 45 A, <strong>pok\u00f3j B1<\/strong><br \/>\n&nbsp;<br \/>\n<i class=\"fal fa-phone\"><\/i>tel. 85 746 91 63, 85 746 93 37<\/p>\n<p><i class=\"fal fa-envelope\"><\/i> <a href=\"#\" rel=\"nofollow\"  onclick=\"this.href='mailto:' + 'kompetencje360' + '@' + 'pb.edu.pl'\">kompetencje360 [at] pb.edu.pl<\/a>\n<hr>\n<p><a title=\"Informacja KPON\" href=\"\/kompetencje360\/informacja-kpon\/\">Informacja o mo\u017cliwo\u015bci zg\u0142aszania do Instytucji Zarz\u0105dzaj\u0105cej lub Instytucji Po\u015brednicz\u0105cej podejrzenia o niezgodno\u015bci Projektu lub dzia\u0142a\u0144 Beneficjenta z Konwencj\u0105 o prawach os\u00f3b niepe\u0142nosprawnych sporz\u0105dzon\u0105 w Nowym Jorku dnia 13 grudnia 2006 r. (Dz. U. z 2012 r. poz. 1169, z p\u00f3\u017an. zm.), zwanej dalej \u201eKPON\u201d<\/a><\/p>\n","protected":false},"excerpt":{"rendered":"<p>\u201eKompetencje 360\u00b0 &#8211; Administracja wspieraj\u0105ca rozw\u00f3j nowoczesnej Politechniki Bia\u0142ostockiej\u201d (nr umowy FERS.01.05-IP.08-002\/25-00) Biuro Projektu: Biuro<\/p>\n","protected":false},"author":2,"featured_media":0,"parent":0,"menu_order":6,"comment_status":"closed","ping_status":"closed","template":"","meta":{"_acf_changed":false,"ngg_post_thumbnail":0,"footnotes":""},"class_list":["post-23","page","type-page","status-publish","hentry"],"acf":[],"_links":{"self":[{"href":"https:\/\/pb.edu.pl\/kompetencje360\/wp-json\/wp\/v2\/pages\/23","targetHints":{"allow":["GET"]}}],"collection":[{"href":"https:\/\/pb.edu.pl\/kompetencje360\/wp-json\/wp\/v2\/pages"}],"about":[{"href":"https:\/\/pb.edu.pl\/kompetencje360\/wp-json\/wp\/v2\/types\/page"}],"author":[{"embeddable":true,"href":"https:\/\/pb.edu.pl\/kompetencje360\/wp-json\/wp\/v2\/users\/2"}],"replies":[{"embeddable":true,"href":"https:\/\/pb.edu.pl\/kompetencje360\/wp-json\/wp\/v2\/comments?post=23"}],"version-history":[{"count":5,"href":"https:\/\/pb.edu.pl\/kompetencje360\/wp-json\/wp\/v2\/pages\/23\/revisions"}],"predecessor-version":[{"id":1255,"href":"https:\/\/pb.edu.pl\/kompetencje360\/wp-json\/wp\/v2\/pages\/23\/revisions\/1255"}],"wp:attachment":[{"href":"https:\/\/pb.edu.pl\/kompetencje360\/wp-json\/wp\/v2\/media?parent=23"}],"curies":[{"name":"wp","href":"https:\/\/api.w.org\/{rel}","templated":true}]}}