{"id":17,"date":"2019-09-25T00:03:49","date_gmt":"2019-09-24T22:03:49","guid":{"rendered":"https:\/\/pb.edu.pl\/kompetencje3600\/?page_id=17"},"modified":"2026-02-16T16:03:18","modified_gmt":"2026-02-16T15:03:18","slug":"o-projekcie","status":"publish","type":"page","link":"https:\/\/pb.edu.pl\/kompetencje360\/o-projekcie\/","title":{"rendered":"O projekcie"},"content":{"rendered":"<h2>Projekt <strong>&#8222;KOMPETENCJE 360\u00b0 \u2013 Administracja wspieraj\u0105ca rozw\u00f3j nowoczesnej Politechniki Bia\u0142ostockiej&#8221;<\/strong> (nr umowy FERS.01.05-IP.08-002\/25-00) realizowany jest w ramach programu Fundusze Europejskie dla Rozwoju Spo\u0142ecznego 2021-2027 wsp\u00f3\u0142finansowanego ze \u015brodk\u00f3w Europejskiego Funduszu Spo\u0142ecznego Plus.<\/h2>\n<p><strong>G\u0142\u00f3wnym celem projektu<\/strong> jest wsparcie Politechniki Bia\u0142ostockiej w zakresie dzia\u0142a\u0144 podnosz\u0105cych kompetencje i kwalifikacje kadry kierowniczej lub zaanga\u017cowanej w procesy administrowania uczelni\u0105. Projekt zak\u0142ada realizacj\u0119 5 kompleksowych zada\u0144, kt\u00f3rych celem jest wzmocnienie potencja\u0142u administracyjnego PB poprzez rozw\u00f3j kompetencji: zarz\u0105dczych (dla kadry kierowniczej), cyfrowych, zielonotransformacyjnych, a tak\u017ce umiej\u0119tno\u015bci transwersalnych, analitycznych, merytorycznych i j\u0119zykowych.<\/p>\n<h3>Cel projektu b\u0119dzie realizowany w ramach 5 merytorycznych zada\u0144 w ramach, kt\u00f3rych zaplanowano:&nbsp;<\/h3>\n<ul>\n<li>Diagnoz\u0119 i profilowanie kompetencji kadry administracyjnej i kierowniczej PB z wykorzystaniem narz\u0119dzi psychometrycznych.<\/li>\n<li>Rozw\u00f3j wiedzy, umiej\u0119tno\u015bci i postaw umo\u017cliwiaj\u0105cych zarz\u0105dzanie zmian\u0105 \u015brodowiskow\u0105 w duchu zr\u00f3wnowa\u017conego rozwoju, zgodnie z wytycznymi Europejskiego Zielonego \u0141adu, strategi\u0105 ESG (Environmental, Social, Governance) oraz celami zr\u00f3wnowa\u017conego rozwoju ONZ (SDGs).<\/li>\n<li>Kompleksowe i systematyczne podniesienie kompetencji cyfrowych kadry administracyjnej oraz kierowniczej Politechniki Bia\u0142ostockiej.<\/li>\n<li>Rozw\u00f3j kompetencji zarz\u0105dczych, strategicznych i komunikacyjnych kadry kierowniczej Politechniki Bia\u0142ostockiej, odpowiadaj\u0105cych aktualnym i przysz\u0142ym wyzwaniom stoj\u0105cym przed uczelniami wy\u017cszymi w Polsce i w Europie.<\/li>\n<li>Kompleksowe podniesienie kompetencji horyzontalnych kadry administracyjnej PB \u2013 obejmuj\u0105cych komunikacj\u0119 interpersonaln\u0105, analityczne my\u015blenie, umiej\u0119tno\u015b\u0107 rozwi\u0105zywania problem\u00f3w, prac\u0119 zespo\u0142ow\u0105 oraz kompetencje j\u0119zykowe.<\/li>\n<\/ul>\n<h3>Grupa docelowa:<\/h3>\n<p>Grup\u0119 docelow\u0105 stanowi\u0105 pracownicy Politechniki Bia\u0142ostockiej odpowiedzialni za zarz\u0105dzanie, administracj\u0119 oraz wsparcie organizacyjne uczelni \u2013 zar\u00f3wno na poziomie centralnym, rektorskim, jak i wydzia\u0142owym, a tak\u017ce pracownicy nieb\u0119d\u0105cy nauczycielami akademickimi.<\/p>\n<h3>Rezultaty realizacji:<\/h3>\n<p><strong>G\u0142\u00f3wne rezultaty<\/strong>&nbsp;b\u0119d\u0105 osi\u0105gni\u0119te poprzez nast\u0119puj\u0105ce dzia\u0142ania:<\/p>\n<ul>\n<li>Zadanie 1: Diagnoza i profilowanie kompetencji kadry administracyjnej i kierowniczej PB z wykorzystaniem narz\u0119dzi psychometrycznych.<\/li>\n<li>Zadanie 2: Zielona Uczelnia 360\u00b0<\/li>\n<li>Zadanie 3: Cyfrowa Administracja 360\u00b0<\/li>\n<li>Zadanie 4: Liderzy Uczelni \u2013 Kompetencje Zarz\u0105dcze dla Przysz\u0142o\u015bci PB<\/li>\n<li>Zadanie 5: Akademia Kompetencji 360\u00b0 \u2013 Analityka, Komunikacja, J\u0119zyk, Profesjonalizm<\/li>\n<\/ul>\n<h3><strong>Okres realizacji projektu:<\/strong><\/h3>\n<p>01.04.2026 r. \u2013 31.01.2029 r.<\/p>\n<h3>Bud\u017cet projektu:<\/h3>\n<p><strong>Warto\u015b\u0107 ca\u0142ego projektu:<\/strong> 2 989 551,50 z\u0142<\/p>\n<p><strong>Dofinansowanie:<\/strong> 2 896 500,00 z\u0142, w tym:<\/p>\n<p><strong>Dofinansowanie ze \u015brodk\u00f3w europejskich<\/strong>: 2 579 810,00 z\u0142, co stanowi 89,07 % wydatk\u00f3w kwalifikowalnych projektu.<\/p>\n<h4>&nbsp;<\/h4>\n","protected":false},"excerpt":{"rendered":"<p>Projekt &#8222;KOMPETENCJE 360\u00b0 \u2013 Administracja wspieraj\u0105ca rozw\u00f3j nowoczesnej Politechniki Bia\u0142ostockiej&#8221; (nr umowy FERS.01.05-IP.08-002\/25-00) realizowany jest<\/p>\n","protected":false},"author":2,"featured_media":0,"parent":0,"menu_order":3,"comment_status":"closed","ping_status":"closed","template":"","meta":{"_acf_changed":false,"ngg_post_thumbnail":0,"footnotes":""},"class_list":["post-17","page","type-page","status-publish","hentry"],"acf":[],"_links":{"self":[{"href":"https:\/\/pb.edu.pl\/kompetencje360\/wp-json\/wp\/v2\/pages\/17","targetHints":{"allow":["GET"]}}],"collection":[{"href":"https:\/\/pb.edu.pl\/kompetencje360\/wp-json\/wp\/v2\/pages"}],"about":[{"href":"https:\/\/pb.edu.pl\/kompetencje360\/wp-json\/wp\/v2\/types\/page"}],"author":[{"embeddable":true,"href":"https:\/\/pb.edu.pl\/kompetencje360\/wp-json\/wp\/v2\/users\/2"}],"replies":[{"embeddable":true,"href":"https:\/\/pb.edu.pl\/kompetencje360\/wp-json\/wp\/v2\/comments?post=17"}],"version-history":[{"count":4,"href":"https:\/\/pb.edu.pl\/kompetencje360\/wp-json\/wp\/v2\/pages\/17\/revisions"}],"predecessor-version":[{"id":1239,"href":"https:\/\/pb.edu.pl\/kompetencje360\/wp-json\/wp\/v2\/pages\/17\/revisions\/1239"}],"wp:attachment":[{"href":"https:\/\/pb.edu.pl\/kompetencje360\/wp-json\/wp\/v2\/media?parent=17"}],"curies":[{"name":"wp","href":"https:\/\/api.w.org\/{rel}","templated":true}]}}