{"id":1268,"date":"2026-02-17T14:40:41","date_gmt":"2026-02-17T13:40:41","guid":{"rendered":"https:\/\/pb.edu.pl\/kompetencje360\/?page_id=1268"},"modified":"2026-05-08T14:31:24","modified_gmt":"2026-05-08T12:31:24","slug":"harmonogramy-rekrutacji","status":"publish","type":"page","link":"https:\/\/pb.edu.pl\/kompetencje360\/harmonogramy\/harmonogramy-rekrutacji\/","title":{"rendered":"Harmonogramy rekrutacji"},"content":{"rendered":"<p>29.04.2026 godz. 12:00 &#8211; start rekrutacji<\/p>\n<p>12.05.2026 godzina 23:59 &#8211; koniec rekrutacji<\/p>\n<p>13.05.2026 &#8211; 20.05.2026 &#8211; weryfikacja zg\u0142osze\u0144<\/p>\n<p>21.05.2026 &#8211; 29.05.2026 &#8211; ocena zg\u0142osze\u0144 przez komisj\u0119 rekrutacyjn\u0105<\/p>\n<p>01.06.2026 &#8211; og\u0142oszenie wynik\u00f3w rekrutacji<\/p>\n<p>&nbsp;<\/p>\n<p>&nbsp;<\/p>\n","protected":false},"excerpt":{"rendered":"<p>29.04.2026 godz. 12:00 &#8211; start rekrutacji 12.05.2026 godzina 23:59 &#8211; koniec rekrutacji 13.05.2026 &#8211; 20.05.2026<\/p>\n","protected":false},"author":192,"featured_media":0,"parent":15,"menu_order":0,"comment_status":"closed","ping_status":"closed","template":"","meta":{"_acf_changed":false,"ngg_post_thumbnail":0,"footnotes":""},"class_list":["post-1268","page","type-page","status-publish","hentry"],"acf":[],"_links":{"self":[{"href":"https:\/\/pb.edu.pl\/kompetencje360\/wp-json\/wp\/v2\/pages\/1268","targetHints":{"allow":["GET"]}}],"collection":[{"href":"https:\/\/pb.edu.pl\/kompetencje360\/wp-json\/wp\/v2\/pages"}],"about":[{"href":"https:\/\/pb.edu.pl\/kompetencje360\/wp-json\/wp\/v2\/types\/page"}],"author":[{"embeddable":true,"href":"https:\/\/pb.edu.pl\/kompetencje360\/wp-json\/wp\/v2\/users\/192"}],"replies":[{"embeddable":true,"href":"https:\/\/pb.edu.pl\/kompetencje360\/wp-json\/wp\/v2\/comments?post=1268"}],"version-history":[{"count":4,"href":"https:\/\/pb.edu.pl\/kompetencje360\/wp-json\/wp\/v2\/pages\/1268\/revisions"}],"predecessor-version":[{"id":1324,"href":"https:\/\/pb.edu.pl\/kompetencje360\/wp-json\/wp\/v2\/pages\/1268\/revisions\/1324"}],"up":[{"embeddable":true,"href":"https:\/\/pb.edu.pl\/kompetencje360\/wp-json\/wp\/v2\/pages\/15"}],"wp:attachment":[{"href":"https:\/\/pb.edu.pl\/kompetencje360\/wp-json\/wp\/v2\/media?parent=1268"}],"curies":[{"name":"wp","href":"https:\/\/api.w.org\/{rel}","templated":true}]}}