{"id":1027,"date":"2025-10-01T11:09:58","date_gmt":"2025-10-01T09:09:58","guid":{"rendered":"https:\/\/pb.edu.pl\/kompetencje360\/?page_id=1027"},"modified":"2026-03-31T11:59:45","modified_gmt":"2026-03-31T09:59:45","slug":"harmonogram-wsparcia","status":"publish","type":"page","link":"https:\/\/pb.edu.pl\/kompetencje360\/harmonogramy\/harmonogram-wsparcia\/","title":{"rendered":"Harmonogram wsparcia"},"content":{"rendered":"<p>Harmonogram pojawi si\u0119 po zako\u0144czeniu rekrutacji, realizacji diagnozy, zam\u00f3wieniu szkole\u0144.<\/p>\n","protected":false},"excerpt":{"rendered":"<p>Harmonogram pojawi si\u0119 po zako\u0144czeniu rekrutacji, realizacji diagnozy, zam\u00f3wieniu szkole\u0144.<\/p>\n","protected":false},"author":65,"featured_media":0,"parent":15,"menu_order":0,"comment_status":"closed","ping_status":"closed","template":"","meta":{"_acf_changed":false,"ngg_post_thumbnail":0,"footnotes":""},"class_list":["post-1027","page","type-page","status-publish","hentry"],"acf":[],"_links":{"self":[{"href":"https:\/\/pb.edu.pl\/kompetencje360\/wp-json\/wp\/v2\/pages\/1027","targetHints":{"allow":["GET"]}}],"collection":[{"href":"https:\/\/pb.edu.pl\/kompetencje360\/wp-json\/wp\/v2\/pages"}],"about":[{"href":"https:\/\/pb.edu.pl\/kompetencje360\/wp-json\/wp\/v2\/types\/page"}],"author":[{"embeddable":true,"href":"https:\/\/pb.edu.pl\/kompetencje360\/wp-json\/wp\/v2\/users\/65"}],"replies":[{"embeddable":true,"href":"https:\/\/pb.edu.pl\/kompetencje360\/wp-json\/wp\/v2\/comments?post=1027"}],"version-history":[{"count":5,"href":"https:\/\/pb.edu.pl\/kompetencje360\/wp-json\/wp\/v2\/pages\/1027\/revisions"}],"predecessor-version":[{"id":1296,"href":"https:\/\/pb.edu.pl\/kompetencje360\/wp-json\/wp\/v2\/pages\/1027\/revisions\/1296"}],"up":[{"embeddable":true,"href":"https:\/\/pb.edu.pl\/kompetencje360\/wp-json\/wp\/v2\/pages\/15"}],"wp:attachment":[{"href":"https:\/\/pb.edu.pl\/kompetencje360\/wp-json\/wp\/v2\/media?parent=1027"}],"curies":[{"name":"wp","href":"https:\/\/api.w.org\/{rel}","templated":true}]}}