{"id":3067,"date":"2025-03-29T15:00:40","date_gmt":"2025-03-29T14:00:40","guid":{"rendered":"https:\/\/pb.edu.pl\/km\/?page_id=3067"},"modified":"2026-02-14T12:27:48","modified_gmt":"2026-02-14T11:27:48","slug":"konkurs-2025","status":"publish","type":"page","link":"https:\/\/pb.edu.pl\/km\/konkurs-2025\/","title":{"rendered":"Konkurs 2025"},"content":{"rendered":"<article class=\"hentry bordered-content\">\n<header>\n<h3><strong>Zach\u0119camy do przeczytania zada\u0144 oraz rozwi\u0105za\u0144 z tegorocznego konkursu<\/strong><\/h3>\n<p><a href=\"https:\/\/pb.edu.pl\/km\/wp-content\/uploads\/sites\/121\/2025\/03\/zad_kon_I_25.pdf\"><strong>Kategoria klas pierwszych<\/strong><\/a><\/p>\n<p><strong><a href=\"https:\/\/pb.edu.pl\/km\/wp-content\/uploads\/sites\/121\/2025\/03\/zad_kon_II_25.pdf\">Kategoria klas drugich<\/a><\/strong><\/p>\n<p><strong><a href=\"https:\/\/pb.edu.pl\/km\/wp-content\/uploads\/sites\/121\/2025\/03\/zad_kon_III_25.pdf\">Kategoria klas trzecich<\/a><\/strong><\/p>\n<p><strong><a href=\"https:\/\/pb.edu.pl\/km\/wp-content\/uploads\/sites\/121\/2025\/04\/r_zad_kon_I_25.pdf\">Rozwi\u0105zania &#8211; klasy pierwsze<\/a><\/strong><\/p>\n<p><strong><a href=\"https:\/\/pb.edu.pl\/km\/wp-content\/uploads\/sites\/121\/2025\/04\/r_zad_kon_II_25.pdf\">Rozwi\u0105zania &#8211; klasy drugie<\/a><\/strong><\/p>\n<p><a href=\"https:\/\/pb.edu.pl\/km\/wp-content\/uploads\/sites\/121\/2025\/04\/r_zad_kon_III_25.pdf\"><strong>Rozwi\u0105zania &#8211; klasy trzecie<\/strong><\/a><\/p>\n<h3>&nbsp;<\/h3>\n<h3 class=\"entry-title\" style=\"text-align: center\"><strong>Laureaci 2025<\/strong><\/h3>\n<\/header>\n<div class=\"entry-content\">\n<div class=\"article\">\n<p style=\"text-align: center\"><strong>Nagroda G\u0142\u00f3wna im. Edwarda Zycha<\/strong><\/p>\n<table style=\"width: 61.5879%;height: 30px;margin-left: auto;margin-right: auto\" border=\"1\" cellspacing=\"1\" cellpadding=\"0\">\n<tbody>\n<tr bgcolor=\"#ffff33\">\n<td style=\"width: 55.0898%\">Filip Muszytowski<\/td>\n<td style=\"width: 44.6108%\" rowspan=\"1\">III LO Gdynia<\/td>\n<\/tr>\n<\/tbody>\n<\/table>\n<p>&nbsp;<\/p>\n<p style=\"text-align: center\"><strong>Nagroda G\u0142\u00f3wna im. Edmunda Puczy\u0142owskiego<\/strong><\/p>\n<table style=\"width: 672px;height: 30px;margin-left: auto;margin-right: auto\" border=\"1\" cellspacing=\"1\" cellpadding=\"0\">\n<tbody>\n<tr bgcolor=\"#ffff33\">\n<td>Wojciech Bartnicki<\/td>\n<td rowspan=\"1\">I LO Bia\u0142ystok<\/td>\n<\/tr>\n<\/tbody>\n<\/table>\n<h2 style=\"text-align: center\">Kategoria klas pierwszych<\/h2>\n<p style=\"text-align: center\"><strong>Nagrody indywidualne<\/strong><\/p>\n<p style=\"text-align: center\">Liczby w czwartej kolumnie oznaczaj\u0105 sumy<br \/>\nuzyskanych punkt\u00f3w (na 24 mo\u017cliwe).<\/p>\n<div style=\"text-align: center\">\n<table style=\"width: 61.5879%;margin-left: auto;margin-right: auto;height: 167px\" border=\"1\" cellspacing=\"1\" cellpadding=\"0\">\n<tbody>\n<tr style=\"height: 42px\" bgcolor=\"#ffd5bf\">\n<td style=\"height: 42px\" width=\"2%\">\n<p style=\"text-align: center\">1<\/p>\n<\/td>\n<td style=\"height: 42px\">Hanna Aleksiejuk<\/td>\n<td style=\"height: 42px\">I LO Bia\u0142ystok<\/td>\n<td style=\"height: 42px\">10<\/td>\n<td style=\"height: 42px\">nagroda III stopnia<\/td>\n<\/tr>\n<tr style=\"height: 31px\" bgcolor=\"#ccffcc\">\n<td style=\"height: 125px\" rowspan=\"5\" width=\"2%\">2<\/td>\n<td style=\"height: 31px\">Szymon Dunda<\/td>\n<td style=\"height: 31px\">I LO Bia\u0142ystok<\/td>\n<td style=\"height: 125px\" rowspan=\"5\">8<\/td>\n<td style=\"height: 104px\" rowspan=\"5\">wyr\u00f3\u017cnienia<\/td>\n<\/tr>\n<tr style=\"height: 21px\" bgcolor=\"#ccffcc\">\n<td style=\"height: 21px\">Szymon Okurowski<\/td>\n<td style=\"height: 21px\">II LO Bia\u0142ystok<\/td>\n<\/tr>\n<tr style=\"height: 21px\" bgcolor=\"#ccffcc\">\n<td style=\"height: 21px\">Wiktor Pawlicki<\/td>\n<td style=\"height: 52px\" rowspan=\"2\">I LO Bia\u0142ystok<\/td>\n<\/tr>\n<tr style=\"height: 31px\" bgcolor=\"#ccffcc\">\n<td style=\"height: 31px\">Tomasz Samsonowicz<\/td>\n<\/tr>\n<tr style=\"height: 21px\" bgcolor=\"#ccffcc\">\n<td style=\"height: 21px\">Kacper Wnorowski<\/td>\n<td style=\"height: 21px\">II LO Bia\u0142ystok<\/td>\n<\/tr>\n<\/tbody>\n<\/table>\n<\/div>\n<h3 style=\"text-align: center\">Nagrodzone zespo\u0142y<\/h3>\n<p style=\"text-align: center\">Liczby w czwartej kolumnie oznaczaj\u0105 sumy uzyskanych punkt\u00f3w.<\/p>\n<table style=\"width: 61.5879%;margin-left: auto;margin-right: auto;height: 115px\" border=\"1\" cellspacing=\"1\" cellpadding=\"0\">\n<tbody>\n<tr style=\"background-color: #ffd5bf\">\n<td style=\"width: 6%;text-align: center;height: 42px\" valign=\"middle\">\n<p style=\"text-align: center\">1<\/p>\n<\/td>\n<td style=\"width: 39%;text-align: center;height: 42px\" valign=\"middle\">Szymon Dunda, Wiktor Pawlicki, Tomasz Samsonowicz<\/td>\n<td style=\"text-align: center;height: 42px\" rowspan=\"1\" valign=\"middle\">I Liceum Og\u00f3lnokszta\u0142c\u0105ce Bia\u0142ystok<\/td>\n<td style=\"text-align: center;height: 42px\" valign=\"middle\">\n<p style=\"text-align: center\">24<\/p>\n<\/td>\n<\/tr>\n<tr style=\"background-color: #ccffcc\">\n<td style=\"width: 6%;text-align: center;height: 31px\">\n<p style=\"text-align: center\">2<\/p>\n<\/td>\n<td style=\"width: 39%;text-align: center;height: 31px\">Szymon Okurowski, Kacper Wnorowski<\/td>\n<td style=\"text-align: center;height: 31px\" rowspan=\"1\" valign=\"middle\">II Liceum Og\u00f3lnokszta\u0142c\u0105ce Bia\u0142ystok<\/td>\n<td style=\"text-align: center;height: 31px\">\n<p style=\"text-align: center\">16<\/p>\n<\/td>\n<\/tr>\n<tr style=\"height: 42px\" bgcolor=\"#ccffcc\">\n<td style=\"text-align: center;height: 42px\">3<\/td>\n<td style=\"text-align: center;height: 42px\">Hanna Aleksiejuk, Krzysztof Kundzicz, Gregory Porubov<\/td>\n<td style=\"text-align: center;height: 42px\">I Liceum Og\u00f3lnokszta\u0142c\u0105ce Bia\u0142ystok (II zesp\u00f3\u0142)<\/td>\n<td style=\"text-align: center;height: 42px\">14<\/td>\n<\/tr>\n<\/tbody>\n<\/table>\n<div class=\"article\">\n<p>&nbsp;<\/p>\n<h2 style=\"text-align: center\">Kategoria klas drugich<\/h2>\n<p style=\"text-align: center\"><strong>Nagrody indywidualne<\/strong><\/p>\n<p style=\"text-align: center\">Liczby w czwartej kolumnie oznaczaj\u0105 sumy<br \/>\nuzyskanych punkt\u00f3w (na 24 mo\u017cliwe).<\/p>\n<div style=\"text-align: center\">\n<table style=\"width: 61.5879%;margin-left: auto;margin-right: auto;height: 250px\" border=\"1\" cellspacing=\"1\" cellpadding=\"0\">\n<tbody>\n<tr style=\"height: 31px\" bgcolor=\"#ffff33\">\n<td style=\"height: 31px;width: 2%\" width=\"2%\">\n<p style=\"text-align: center\">1<\/p>\n<\/td>\n<td style=\"height: 31px;width: 31.0709%\">Filip Muszytowski<\/td>\n<td style=\"height: 31px;width: 33.9367%\">III LO Gdynia<\/td>\n<td style=\"height: 31px;width: 3.92157%\">24<\/td>\n<td style=\"height: 31px;width: 28.9593%\">nagroda I stopnia<\/td>\n<\/tr>\n<tr style=\"height: 42px\" bgcolor=\"#e9e9e9\">\n<td style=\"height: 42px;width: 2%\" width=\"2%\">\n<p style=\"text-align: center\">2<\/p>\n<\/td>\n<td style=\"height: 42px;width: 31.0709%\">Jan Ksepko<\/td>\n<td style=\"height: 42px;width: 33.9367%\">I LO Bia\u0142ystok<\/td>\n<td style=\"height: 42px;width: 3.92157%\">18<\/td>\n<td style=\"height: 42px;width: 28.9593%\">nagroda II stopnia<\/td>\n<\/tr>\n<tr style=\"height: 31px\" bgcolor=\"#ffd5bf\">\n<td style=\"height: 31px;width: 2%\" width=\"2%\">\n<p style=\"text-align: center\">3<\/p>\n<\/td>\n<td style=\"height: 31px;width: 31.0709%\">Maciej Szeweluk<\/td>\n<td style=\"height: 31px;width: 33.9367%\">II LO Bia\u0142ystok<\/td>\n<td style=\"height: 31px;width: 3.92157%\">13<\/td>\n<td style=\"height: 177px;width: 28.9593%\" rowspan=\"7\">nagrody III stopnia<\/td>\n<\/tr>\n<tr style=\"height: 31px\" bgcolor=\"#ffd5bf\">\n<td style=\"height: 115px;width: 2%\" rowspan=\"5\" width=\"2%\">\n<p style=\"text-align: center\">4<\/p>\n<\/td>\n<td style=\"height: 31px;width: 31.0709%\">Jakub D\u0119bowski<\/td>\n<td style=\"height: 31px;width: 33.9367%\">III LO Gdynia<\/td>\n<td style=\"height: 115px;width: 3.92157%\" rowspan=\"5\">12<\/td>\n<\/tr>\n<tr style=\"height: 21px\" bgcolor=\"#ffd5bf\">\n<td style=\"height: 21px;width: 31.0709%\">Dawid Malinowski<\/td>\n<td style=\"height: 21px;width: 33.9367%\">I LO Bia\u0142ystok<\/td>\n<\/tr>\n<tr style=\"height: 21px\" bgcolor=\"#ffd5bf\">\n<td style=\"height: 21px;width: 31.0709%\">Franciszek My\u015bliwiec<\/td>\n<td style=\"height: 21px;width: 33.9367%\">I LO \u0141om\u017ca<\/td>\n<\/tr>\n<tr style=\"height: 21px\" bgcolor=\"#ffd5bf\">\n<td style=\"height: 21px;width: 31.0709%\">Mateusz S\u0142aby<\/td>\n<td style=\"height: 42px;width: 33.9367%\" rowspan=\"3\">II LO Bia\u0142ystok<\/td>\n<\/tr>\n<tr style=\"height: 21px\" bgcolor=\"#ffd5bf\">\n<td style=\"width: 31.0709%;height: 21px\">Maciej Sobolewski<\/td>\n<\/tr>\n<tr style=\"height: 31px\" bgcolor=\"#ffd5bf\">\n<td style=\"width: 2%;height: 31px\">\n<p style=\"text-align: center\">9<\/p>\n<\/td>\n<td style=\"width: 31.0709%;height: 31px\">Jakub Dero\u0144<\/td>\n<td style=\"width: 3.92157%;height: 31px\">11<\/td>\n<\/tr>\n<\/tbody>\n<\/table>\n<\/div>\n<h3 style=\"text-align: center\">Nagrodzone zespo\u0142y<\/h3>\n<p style=\"text-align: center\">Liczby w czwartej kolumnie oznaczaj\u0105 sumy uzyskanych punkt\u00f3w.<\/p>\n<table style=\"width: 61.5879%;margin-left: auto;margin-right: auto;height: 136px\" border=\"1\" cellspacing=\"1\" cellpadding=\"0\">\n<tbody>\n<tr style=\"background-color: #ffff33\">\n<td style=\"width: 6%;text-align: center;height: 31px\" valign=\"middle\">\n<p style=\"text-align: center\">1<\/p>\n<\/td>\n<td style=\"width: 39%;text-align: center;height: 31px\" valign=\"middle\">Jakub D\u0119bowski, Filip Muszytowski<\/td>\n<td style=\"text-align: center;height: 31px\" valign=\"middle\">III Liceum Og\u00f3lnokszta\u0142c\u0105ce Gdynia<\/td>\n<td style=\"text-align: center;height: 31px\" valign=\"middle\">\n<p style=\"text-align: center\">36<\/p>\n<\/td>\n<\/tr>\n<tr style=\"height: 42px\" bgcolor=\"#e9e9e9\">\n<td style=\"text-align: center;height: 84px\" rowspan=\"2\">2<\/td>\n<td style=\"text-align: center;height: 42px\">Jan Ksepko, Dawid Malinowski, Micha\u0142 Weso\u0142owski<\/td>\n<td style=\"text-align: center;height: 42px\">I Liceum Og\u00f3lnokszta\u0142c\u0105ce Bia\u0142ystok<\/td>\n<td style=\"text-align: center;height: 84px\" rowspan=\"2\">32<\/td>\n<\/tr>\n<tr style=\"height: 42px\" bgcolor=\"#e9e9e9\">\n<td style=\"text-align: center;height: 42px\">Miko\u0142aj \u0141awreszuk, Mateusz S\u0142aby, Maciej Sobolewski<\/td>\n<td style=\"text-align: center;height: 42px\">II Liceum Og\u00f3lnokszta\u0142c\u0105ce Bia\u0142ystok<\/td>\n<\/tr>\n<tr style=\"height: 21px\" bgcolor=\"#ffd5bf\">\n<td style=\"text-align: center;height: 21px\">3<\/td>\n<td style=\"text-align: center;height: 21px\">Maciej Janiszewski, Bartosz Koz\u0142owski, Franciszek My\u015bliwiec<\/td>\n<td style=\"text-align: center;height: 21px\">I Liceum Og\u00f3lnokszta\u0142c\u0105ce \u0141om\u017ca<\/td>\n<td style=\"text-align: center;height: 21px\">27<\/td>\n<\/tr>\n<\/tbody>\n<\/table>\n<div class=\"article\">\n<p>&nbsp;<\/p>\n<h2 style=\"text-align: center\">Kategoria klas trzecich<\/h2>\n<p style=\"text-align: center\"><strong>Nagrody indywidualne<\/strong><\/p>\n<p style=\"text-align: center\">Liczby w czwartej kolumnie oznaczaj\u0105 sumy<br \/>\nuzyskanych punkt\u00f3w (na 24 mo\u017cliwe).<\/p>\n<div style=\"text-align: center\">\n<table style=\"width: 61.5879%;margin-left: auto;margin-right: auto;height: 197px\" border=\"1\" cellspacing=\"1\" cellpadding=\"0\">\n<tbody>\n<tr style=\"height: 31px\" bgcolor=\"#ffff33\">\n<td style=\"width: 2%;height: 31px\" width=\"2%\">\n<p style=\"text-align: center\">1<\/p>\n<\/td>\n<td style=\"width: 33.3832%;height: 31px\">Wojciech Bartnicki<\/td>\n<td style=\"width: 25.7485%;height: 31px\">I LO Bia\u0142ystok<\/td>\n<td style=\"width: 4.64072%;height: 31px\">24<\/td>\n<td style=\"width: 34.1317%;height: 31px\">nagroda I stopnia<\/td>\n<\/tr>\n<tr style=\"height: 31px\" bgcolor=\"#e9e9e9\">\n<td style=\"width: 2%;height: 31px\" width=\"2%\">\n<p style=\"text-align: center\">2<\/p>\n<\/td>\n<td style=\"width: 33.3832%;height: 31px\">Aliaksei Brutski<\/td>\n<td style=\"width: 25.7485%;height: 31px\">II LO Bia\u0142ystok<\/td>\n<td style=\"width: 4.64072%;height: 31px\">18<\/td>\n<td style=\"width: 34.1317%;height: 31px\">nagroda II stopnia<\/td>\n<\/tr>\n<tr style=\"height: 31px\" bgcolor=\"#ffd5bf\">\n<td style=\"width: 2%;height: 31px\" width=\"2%\">\n<p style=\"text-align: center\">3<\/p>\n<\/td>\n<td style=\"width: 33.3832%;height: 31px\">Andrzej Lebejko<\/td>\n<td style=\"width: 25.7485%;height: 31px\">I LO Bia\u0142ystok<\/td>\n<td style=\"width: 4.64072%;height: 31px\">14<\/td>\n<td style=\"width: 34.1317%;height: 93px\" rowspan=\"3\">nagrody III stopnia<\/td>\n<\/tr>\n<tr style=\"height: 31px\" bgcolor=\"#ffd5bf\">\n<td style=\"width: 2%;height: 62px\" rowspan=\"2\">\n<p style=\"text-align: center\">4<\/p>\n<\/td>\n<td style=\"width: 33.3832%;height: 31px\">Micha\u0142 Iwaniuk<\/td>\n<td style=\"width: 25.7485%;height: 31px\" rowspan=\"2\">II LO Bia\u0142ystok<\/td>\n<td style=\"width: 4.64072%;height: 62px\" rowspan=\"2\">13<\/td>\n<\/tr>\n<tr style=\"height: 31px\" bgcolor=\"#ffd5bf\">\n<td style=\"width: 33.3832%;height: 31px\">Kacper Januszkiewicz<\/td>\n<\/tr>\n<tr style=\"height: 21px\" bgcolor=\"#ccffcc\">\n<td style=\"width: 2%;height: 42px\" rowspan=\"2\">\n<p style=\"text-align: center\">6<\/p>\n<\/td>\n<td style=\"width: 33.3832%;height: 21px\">Micha\u0142 J\u00f3\u017awiak<\/td>\n<td style=\"width: 25.7485%;height: 31px\" rowspan=\"1\">II LO Bia\u0142ystok<\/td>\n<td style=\"width: 4.64072%;height: 42px\" rowspan=\"2\">10<\/td>\n<td style=\"width: 34.1317%;height: 42px\" rowspan=\"2\">wyr\u00f3\u017cnienia<\/td>\n<\/tr>\n<tr style=\"height: 21px\" bgcolor=\"#ccffcc\">\n<td style=\"width: 33.3832%;height: 21px\">Stanis\u0142aw Wiszniewski<\/td>\n<td style=\"width: 25.7485%;height: 21px\">I LO \u0141om\u017ca<\/td>\n<\/tr>\n<\/tbody>\n<\/table>\n<\/div>\n<h3 style=\"text-align: center\">Nagrodzone zespo\u0142y<\/h3>\n<p style=\"text-align: center\">Liczby w czwartej kolumnie oznaczaj\u0105 sumy uzyskanych punkt\u00f3w.<\/p>\n<table style=\"width: 672px;margin-left: auto;margin-right: auto\" border=\"1\" cellspacing=\"1\" cellpadding=\"0\">\n<tbody>\n<tr style=\"background-color: #ffff33\">\n<td style=\"width: 6%;text-align: center\" valign=\"middle\">\n<p style=\"text-align: center\">1<\/p>\n<\/td>\n<td style=\"width: 39%;text-align: center\" valign=\"middle\">Wojciech Bartnicki, Andrzej Lebejko, Jakub Pop\u0142awski<\/td>\n<td style=\"text-align: center\" valign=\"middle\">I Liceum Og\u00f3lnokszta\u0142c\u0105ce Bia\u0142ystok<\/td>\n<td style=\"text-align: center\" valign=\"middle\">\n<p style=\"text-align: center\">40<\/p>\n<\/td>\n<\/tr>\n<tr style=\"background-color: #e9e9e9\">\n<td style=\"width: 6%;text-align: center\" valign=\"middle\">\n<p style=\"text-align: center\">2<\/p>\n<\/td>\n<td style=\"width: 39%;text-align: center\" valign=\"middle\">Micha\u0142 Iwaniuk, Kacper Januszkiewicz, Micha\u0142 J\u00f3\u017awiak<\/td>\n<td style=\"text-align: center\" valign=\"middle\">II Liceum Og\u00f3lnokszta\u0142c\u0105ce Bia\u0142ystok<\/td>\n<td style=\"text-align: center\" valign=\"middle\">\n<p style=\"text-align: center\">36<\/p>\n<\/td>\n<\/tr>\n<tr style=\"background-color: #ffd5bf\">\n<td style=\"width: 6%;text-align: center\" valign=\"middle\">\n<p style=\"text-align: center\">3<\/p>\n<\/td>\n<td style=\"width: 39%;text-align: center\" valign=\"middle\">Aliaksei Brutski, Micha\u0142 Karpiuk, Filip W\u0142odkowski<\/td>\n<td style=\"text-align: center\" valign=\"middle\">II Liceum Og\u00f3lnokszta\u0142c\u0105ce Bia\u0142ystok (II zesp\u00f3\u0142)<\/td>\n<td style=\"text-align: center\" valign=\"middle\">\n<p style=\"text-align: center\">32<\/p>\n<\/td>\n<\/tr>\n<\/tbody>\n<\/table>\n<\/div>\n<\/div>\n<\/div>\n<\/div>\n<p><!-- entry-content --><\/p>\n<\/article>\n<article class=\"hentry bordered-content\"><span style=\"font-size: 14pt\"><strong>Zadania konkursowe<\/strong><\/span><a href=\"https:\/\/pb.edu.pl\/km\/wp-content\/uploads\/sites\/121\/2025\/03\/zad_kon_I_25.pdf\"><strong>Kategoria klas pierwszych<\/strong><\/a><strong><a href=\"https:\/\/pb.edu.pl\/km\/wp-content\/uploads\/sites\/121\/2025\/03\/zad_kon_II_25.pdf\">Kategoria klas drugich<\/a><\/strong><strong><a href=\"https:\/\/pb.edu.pl\/km\/wp-content\/uploads\/sites\/121\/2025\/03\/zad_kon_III_25.pdf\">Kategoria klas trzecich<\/a><\/strong><strong><a href=\"https:\/\/pb.edu.pl\/km\/wp-content\/uploads\/sites\/121\/2025\/04\/r_zad_kon_I_25.pdf\">Rozwi\u0105zania &#8211; klasy pierwsze<\/a><\/strong><strong><a href=\"https:\/\/pb.edu.pl\/km\/wp-content\/uploads\/sites\/121\/2025\/04\/r_zad_kon_II_25.pdf\">Rozwi\u0105zania &#8211; klasy drugie<\/a><\/strong><a href=\"https:\/\/pb.edu.pl\/km\/wp-content\/uploads\/sites\/121\/2025\/04\/r_zad_kon_III_25.pdf\"><strong>Rozwi\u0105zania &#8211; klasy trzecie<\/strong><\/a><\/article>\n<article class=\"hentry bordered-content\"><span style=\"font-size: 14pt\"><strong>Regulamin konkursu 2025<\/strong><\/span><strong>Postanowienia og\u00f3lne<\/strong><\/p>\n<ol>\n<li>Organizatorem Konkursu Matematycznego Politechniki Bia\u0142ostockiej, zwanego dalej Konkursem, jest Centrum Popularyzacji Matematyki&nbsp;<em>SIGNUM<\/em>&nbsp;przy Wydziale Informatyki Politechniki Bia\u0142ostockiej zwane dalej&nbsp;<em>SIGNUM<\/em>.<\/li>\n<li>Celem Konkursu jest rozbudzenie zami\u0142owania do matematyki w\u015br\u00f3d m\u0142odzie\u017cy szk\u00f3\u0142 podstawowych i \u015brednich.<\/li>\n<li>Wsp\u00f3\u0142organizatorem Konkursu dodatkowo mog\u0105 by\u0107 osoby fizyczne i organizacje, kt\u00f3re wspieraj\u0105 cel Konkursu i spos\u00f3b jego realizacji oraz przyczyniaj\u0105 si\u0119 do rozwoju m\u0142odych talent\u00f3w.<\/li>\n<li>Konkurs Matematyczny Politechniki Bia\u0142ostockiej jest konkursem o charakterze naukowym.<\/li>\n<\/ol>\n<p><strong>Komisja Konkursowa<\/strong><\/p>\n<ol>\n<li>Dziekan Wydzia\u0142u Informatyki powo\u0142uje Komisj\u0119 Konkursow\u0105, zwan\u0105 dalej Komisj\u0105, oraz Przewodnicz\u0105cego Komisji Konkursowej.<\/li>\n<li>Cz\u0142onkowie Komisji upowa\u017cnieni s\u0105 do przetwarzania danych osobowych uczestnik\u00f3w Konkursu w zakresie realizacji zada\u0144 o kt\u00f3rych mowa w ust. 3.<\/li>\n<li>Zadaniem Komisji jest organizacja Konkursu i nadz\u00f3r nad jego prawid\u0142owym przebiegiem.<\/li>\n<\/ol>\n<p><strong>Zakres i zasady przeprowadzania Konkursu<\/strong><\/p>\n<ol>\n<li>Zakres Konkursu obejmuje zagadnienia matematyczne na poziomie ponadpodstawowym.<\/li>\n<li>Bie\u017c\u0105ce informacje zwi\u0105zane z konkursem oraz regulamin, zasady oceny prac, formularz zg\u0142oszeniowy publikowane b\u0119d\u0105 na stronie konkursu pod adresem: https:\/\/pb.edu.pl\/km\/.<\/li>\n<li>W Konkursie mog\u0105 uczestniczy\u0107 uczniowie szk\u00f3\u0142 ponadpodstawowych z klas I, II i III.<\/li>\n<li>Konkurs przeprowadzany jest w trzech kategoriach:\n<ul>\n<li>Juniorzy \u2013 dla uczni\u00f3w klas I szk\u00f3\u0142 \u015brednich<\/li>\n<li>Klasy drugie \u2013 dla uczni\u00f3w klas II szk\u00f3\u0142 \u015brednich<\/li>\n<li>Klasy trzecie \u2013 dla uczni\u00f3w klas III szk\u00f3\u0142 \u015brednich.<\/li>\n<\/ul>\n<\/li>\n<li>W Konkursie, we wszystkich kategoriach, bior\u0105 udzia\u0142 3-osobowe zespo\u0142y reprezentuj\u0105ce szko\u0142y. Szko\u0142a mo\u017ce zg\u0142osi\u0107 nie wi\u0119cej ni\u017c dwa zespo\u0142y w ka\u017cdej kategorii wiekowej.<\/li>\n<li>W ramach Konkursu zg\u0142oszeni uczestnicy rozwi\u0105zuj\u0105 samodzielnie (w czasie 4 godzin) cztery zadania pod nadzorem Komisji.<\/li>\n<li>Rozwi\u0105zania zada\u0144 s\u0105 oceniane niezale\u017cnie przez dw\u00f3ch sprawdzaj\u0105cych wed\u0142ug skali stosowanej w Olimpiadzie Matematycznej (0, 2, 5, 6 punkt\u00f3w). W przypadku rozbie\u017cno\u015bci ocen ostateczn\u0105 ocen\u0119 wystawia Przewodnicz\u0105cy Komisji.<\/li>\n<li>Klasyfikacja indywidualna (odr\u0119bnie w ka\u017cdej kategorii wiekowej) jest ustalana na podstawie liczby punkt\u00f3w uzyskanych przez poszczeg\u00f3lnych uczestnik\u00f3w i decyduje m.in. o nadaniu tytu\u0142u laureata (nie wi\u0119cej ni\u017c 20 uczestnikom). Klasyfikacja zespo\u0142\u00f3w w ka\u017cdej kategorii wiekowej jest ustalana na podstawie sumy punkt\u00f3w uzyskanych przez wszystkich cz\u0142onk\u00f3w poszczeg\u00f3lnych zespo\u0142\u00f3w.<\/li>\n<li>Uczestnicy konkursu musz\u0105 posiada\u0107 wa\u017cn\u0105 legitymacj\u0119 uczniowsk\u0105, kt\u00f3ra b\u0119dzie weryfikowana przed przyst\u0105pieniem do Konkursu. Aby wzi\u0105\u0107 udzia\u0142 w konkursie nale\u017cy wype\u0142ni\u0107 formularz zg\u0142oszeniowy, kt\u00f3ry mo\u017cna pobra\u0107 w formacie&nbsp;<a href=\"https:\/\/pb.edu.pl\/km\/wp-content\/uploads\/sites\/121\/2025\/02\/ZgloszenieKonkursMatemPB_2025.docx\">DOCX<\/a>&nbsp;lub&nbsp;<a href=\"https:\/\/pb.edu.pl\/km\/wp-content\/uploads\/sites\/121\/2025\/02\/ZgloszenieKonkursMatemPB_2025.pdf\">PDF<\/a>.<\/li>\n<li>Wszelkie w\u0105tpliwo\u015bci zwi\u0105zane z interpretacj\u0105 regulaminu rozstrzyga Komisja.<\/li>\n<\/ol>\n<p><strong>Zasady przyj\u0119cia laureat\u00f3w<\/strong><\/p>\n<ol>\n<li>Laureaci w kategoriach&nbsp;<em>Klasy drugie<\/em>&nbsp;i&nbsp;<em>Klasy trzecie<\/em>&nbsp;uzyskuj\u0105 prawo do przyj\u0119cia z pomini\u0119ciem konkursu \u015bwiadectw na dowolny kierunek studi\u00f3w stacjonarnych pierwszego stopnia prowadzony na Wydziale Informatyki Politechniki Bia\u0142ostockiej pod warunkiem, \u017ce w terminach zgodnych z harmonogramem rekrutacji w roku zdania egzaminu maturalnego:\n<ul>\n<li>zapisz\u0105 si\u0119 na wybrany kierunek studi\u00f3w w systemie Internetowej Rejestracji Kandydat\u00f3w,<\/li>\n<li>z\u0142o\u017c\u0105 w wymaganym terminie komplet dokument\u00f3w wymaganych od kandydata na studia wraz z orygina\u0142em dokumentu wydanego przez Organizatora Konkursu po\u015bwiadczaj\u0105cego uzyskanie statusu Laureata,<\/li>\n<li>ureguluj\u0105 op\u0142at\u0119 zwi\u0105zan\u0105 z post\u0119powaniem rekrutacyjnym.<\/li>\n<\/ul>\n<\/li>\n<\/ol>\n<p><strong>Informacja dotycz\u0105ca przetwarzania danych osobowych<\/strong><\/p>\n<ol>\n<li>Administratorem Pani\/Pana danych osobowych jest Politechnika Bia\u0142ostocka, ul. Wiejska 45A, 15-351 Bia\u0142ystok (zwana dalej Uczelni\u0105), tel.: 85&nbsp;746 90 00, www.bip.pb.edu.pl, e-mail: rektorat@pb.edu.pl.<\/li>\n<li>Przetwarzanie danych osobowych w celu realizacji zada\u0144 wynikaj\u0105cych z Regulaminu, odbywa\u0107 si\u0119 b\u0119dzie zgodnie z powszechnie obowi\u0105zuj\u0105cymi przepisami dotycz\u0105cymi ochrony danych osobowych, w szczeg\u00f3lno\u015bci rozporz\u0105dzeniem Parlamentu Europejskiego i Rady (UE) 2016\/679 z dnia 27 kwietnia 2016 r. w sprawie ochrony os\u00f3b fizycznych w zwi\u0105zku z przetwarzaniem danych osobowych i w sprawie swobodnego przep\u0142ywu takich danych oraz uchylenia dyrektywy 95\/46\/WE (og\u00f3lne rozporz\u0105dzenie o ochronie danych) (Dz. Urz. UE L 119 z 04.05.2016) oraz ustaw\u0105 z&nbsp;dnia 10 maja 2018 r. o ochronie danych osobowych (Dz.U z 2018 r. poz. 1000).<\/li>\n<li>Klauzula informacyjna dotycz\u0105ca przetwarzania danych osobowych znajduje si\u0119 w formularzu zg\u0142oszeniowym<\/li>\n<\/ol>\n<p>&nbsp;<\/p>\n<p><strong>Komitet Konkursowy 2025<\/strong><\/p>\n<ul>\n<li>prof. dr hab. Piotr Grzeszczuk \u2013 Przewodnicz\u0105cy Komitetu<\/li>\n<li>dr hab. Czes\u0142aw Bagi\u0144ski, prof. PB<\/li>\n<li>prof. dr hab. &nbsp;Zbigniew Bartosiewicz<\/li>\n<li>dr Marzena Filipowicz-Chomko<\/li>\n<li>mgr Anna Jelisiejew \u2013 sekretarz<\/li>\n<li>dr hab. Joachim Jelisiejew<\/li>\n<li>dr Marek K\u0119pczyk<\/li>\n<li>dr hab. Ryszard Mazurek, prof. PB<\/li>\n<li>dr Krzysztof Piekarski<\/li>\n<li>dr Anna Poskrobko<\/li>\n<li>dr Rajmund Stasiewicz<\/li>\n<li>mgr Kamil Zabielski<\/li>\n<\/ul>\n<\/article>\n","protected":false},"excerpt":{"rendered":"<p>Zach\u0119camy do przeczytania zada\u0144 oraz rozwi\u0105za\u0144 z tegorocznego konkursu Kategoria klas pierwszych Kategoria klas drugich<\/p>\n","protected":false},"author":161,"featured_media":0,"parent":0,"menu_order":0,"comment_status":"closed","ping_status":"closed","template":"","meta":{"_acf_changed":false,"ngg_post_thumbnail":0,"footnotes":""},"class_list":["post-3067","page","type-page","status-publish","hentry"],"acf":[],"_links":{"self":[{"href":"https:\/\/pb.edu.pl\/km\/wp-json\/wp\/v2\/pages\/3067","targetHints":{"allow":["GET"]}}],"collection":[{"href":"https:\/\/pb.edu.pl\/km\/wp-json\/wp\/v2\/pages"}],"about":[{"href":"https:\/\/pb.edu.pl\/km\/wp-json\/wp\/v2\/types\/page"}],"author":[{"embeddable":true,"href":"https:\/\/pb.edu.pl\/km\/wp-json\/wp\/v2\/users\/161"}],"replies":[{"embeddable":true,"href":"https:\/\/pb.edu.pl\/km\/wp-json\/wp\/v2\/comments?post=3067"}],"version-history":[{"count":2,"href":"https:\/\/pb.edu.pl\/km\/wp-json\/wp\/v2\/pages\/3067\/revisions"}],"predecessor-version":[{"id":3139,"href":"https:\/\/pb.edu.pl\/km\/wp-json\/wp\/v2\/pages\/3067\/revisions\/3139"}],"wp:attachment":[{"href":"https:\/\/pb.edu.pl\/km\/wp-json\/wp\/v2\/media?parent=3067"}],"curies":[{"name":"wp","href":"https:\/\/api.w.org\/{rel}","templated":true}]}}