{"id":2546,"date":"2024-04-08T08:37:45","date_gmt":"2024-04-08T06:37:45","guid":{"rendered":"https:\/\/pb.edu.pl\/km\/?page_id=2546"},"modified":"2024-04-13T13:10:42","modified_gmt":"2024-04-13T11:10:42","slug":"konkurs-2010","status":"publish","type":"page","link":"https:\/\/pb.edu.pl\/km\/konkurs-2010\/","title":{"rendered":"Konkurs 2010"},"content":{"rendered":"<article class=\"hentry bordered-content\">\n<header><\/header>\n<div class=\"entry-content\">\n<div>\n<h3 class=\"entry-title\"><a title=\"Galeria 2010\" href=\"https:\/\/pb.edu.pl\/km\/konkurs-2010\/galeria-2010\/\">Galeria<\/a><\/h3>\n<\/div>\n<hr>\n<h3 style=\"clear: both\"><span style=\"color: inherit;font-family: Saira, sans-serif;font-size: 2rem\">Zako\u0144czenie konkursu<\/span><\/h3>\n<\/div>\n<\/article>\n<article class=\"hentry bordered-content\">\n<div class=\"entry-content\">\n<p style=\"text-align: center\">Uroczysto\u015b\u0107 zako\u0144czenia Konkursu Matematycznego odb\u0119dzie si\u0119<\/p>\n<div style=\"text-align: center\">&nbsp;<\/div>\n<p style=\"text-align: center\"><strong>28.05. br. o godzinie 10.15<\/strong><\/p>\n<div style=\"text-align: center\">&nbsp;<\/div>\n<p style=\"text-align: center\">w sali 23C w budynku Rektoratu PB ul. Wiejska 45A.<\/p>\n<div style=\"text-align: center\">&nbsp;<\/div>\n<p style=\"text-align: center\"><strong>Serdecznie zapraszamy!<\/strong><\/p>\n<\/div>\n<p><!-- entry-content --><\/p>\n<\/article>\n<article class=\"hentry bordered-content\">\n<header>\n<hr>\n<h3 class=\"entry-title\">Laureaci<\/h3>\n<\/header>\n<div class=\"entry-content\">\n<p><a class=\"zadania-link\" href=\"https:\/\/pb.edu.pl\/km\/wp-content\/uploads\/sites\/121\/2024\/04\/wyniki2010.pdf\">Wyniki w pliku PDF<\/a><\/p>\n<\/div>\n<p><!-- entry-content --><\/p>\n<\/article>\n<article class=\"hentry bordered-content\">\n<header>\n<hr>\n<h3 class=\"entry-title\">Rozwi\u0105zania zada\u0144 konkursowych &#8212; klasy drugie<\/h3>\n<\/header>\n<div class=\"entry-content\">\n<p><a class=\"zadania-link\" href=\"https:\/\/pb.edu.pl\/km\/wp-content\/uploads\/sites\/121\/2024\/04\/rozw_ii_10.pdf\">Plik PDF<\/a><\/p>\n<\/div>\n<p><!-- entry-content --><\/p>\n<\/article>\n<article class=\"hentry bordered-content\">\n<header>\n<hr>\n<h3 class=\"entry-title\">Zadania konkursowe &#8212; klasy drugie<\/h3>\n<\/header>\n<div class=\"entry-content\">\n<p><a class=\"zadania-link\" href=\"https:\/\/pb.edu.pl\/km\/wp-content\/uploads\/sites\/121\/2024\/04\/zad_kon_ii_10.pdf\">Plik PDF<\/a><\/p>\n<\/div>\n<p><!-- entry-content --><\/p>\n<\/article>\n<article class=\"hentry bordered-content\">\n<header>\n<hr>\n<h3 class=\"entry-title\">Rozwi\u0105zania zada\u0144 konkursowych &#8212; klasy pierwsze<\/h3>\n<\/header>\n<div class=\"entry-content\">\n<p><a class=\"zadania-link\" href=\"https:\/\/pb.edu.pl\/km\/wp-content\/uploads\/sites\/121\/2024\/04\/rozw_i_10.pdf\">Plik PDF<\/a><\/p>\n<\/div>\n<p><!-- entry-content --><\/p>\n<\/article>\n<article class=\"hentry bordered-content\">\n<header>\n<hr>\n<h3 class=\"entry-title\">Zadania konkursowe &#8212; klasy pierwsze<\/h3>\n<\/header>\n<div class=\"entry-content\">\n<p><a class=\"zadania-link\" href=\"https:\/\/pb.edu.pl\/km\/wp-content\/uploads\/sites\/121\/2024\/04\/zad_kon_i_10.pdf\">Plik PDF<\/a><\/p>\n<\/div>\n<p><!-- entry-content --><\/p>\n<\/article>\n","protected":false},"excerpt":{"rendered":"<p>Galeria Zako\u0144czenie konkursu Uroczysto\u015b\u0107 zako\u0144czenia Konkursu Matematycznego odb\u0119dzie si\u0119 &nbsp; 28.05. br. o godzinie 10.15<\/p>\n","protected":false},"author":161,"featured_media":0,"parent":0,"menu_order":0,"comment_status":"closed","ping_status":"closed","template":"","meta":{"_acf_changed":false,"ngg_post_thumbnail":0,"footnotes":""},"class_list":["post-2546","page","type-page","status-publish","hentry"],"acf":[],"_links":{"self":[{"href":"https:\/\/pb.edu.pl\/km\/wp-json\/wp\/v2\/pages\/2546","targetHints":{"allow":["GET"]}}],"collection":[{"href":"https:\/\/pb.edu.pl\/km\/wp-json\/wp\/v2\/pages"}],"about":[{"href":"https:\/\/pb.edu.pl\/km\/wp-json\/wp\/v2\/types\/page"}],"author":[{"embeddable":true,"href":"https:\/\/pb.edu.pl\/km\/wp-json\/wp\/v2\/users\/161"}],"replies":[{"embeddable":true,"href":"https:\/\/pb.edu.pl\/km\/wp-json\/wp\/v2\/comments?post=2546"}],"version-history":[{"count":0,"href":"https:\/\/pb.edu.pl\/km\/wp-json\/wp\/v2\/pages\/2546\/revisions"}],"wp:attachment":[{"href":"https:\/\/pb.edu.pl\/km\/wp-json\/wp\/v2\/media?parent=2546"}],"curies":[{"name":"wp","href":"https:\/\/api.w.org\/{rel}","templated":true}]}}