{"id":2526,"date":"2024-04-03T14:25:29","date_gmt":"2024-04-03T12:25:29","guid":{"rendered":"https:\/\/pb.edu.pl\/km\/?page_id=2526"},"modified":"2024-04-13T13:18:14","modified_gmt":"2024-04-13T11:18:14","slug":"konkurs-2012","status":"publish","type":"page","link":"https:\/\/pb.edu.pl\/km\/konkurs-2012\/","title":{"rendered":"Konkurs 2012"},"content":{"rendered":"<article class=\"hentry bordered-content\">\n<header>\n<h3 class=\"entry-title\"><a title=\"Galeria 2012\" href=\"https:\/\/pb.edu.pl\/km\/konkurs-2012\/galeria-2012\/\">Zdj\u0119cia z zako\u0144czenia 2012<\/a><\/h3>\n<\/header>\n<div class=\"entry-content\">\n<p><span style=\"font-size: 12pt\"><strong>Z ma\u0142ym op\u00f3\u017anieniem, ale s\u0105 \ud83d\ude42<\/strong><\/span><\/p>\n<div style=\"clear: both\">\n<hr>\n<\/div>\n<\/div>\n<p><!-- entry-content --><\/p>\n<\/article>\n<article class=\"hentry bordered-content\">\n<header>\n<h3 class=\"entry-title\">Rozwi\u0105zania zada\u0144 konkursowych &#8212; klasy drugie<\/h3>\n<\/header>\n<div class=\"entry-content\">\n<p><a class=\"zadania-link\" href=\"https:\/\/pb.edu.pl\/km\/wp-content\/uploads\/sites\/121\/2024\/04\/rozw_ii_12.pdf\">Plik PDF<\/a><\/p>\n<\/div>\n<p><!-- entry-content --><\/p>\n<\/article>\n<article class=\"hentry bordered-content\">\n<header>\n<hr>\n<h3 class=\"entry-title\">Rozwi\u0105zania zada\u0144 konkursowych &#8212; klasy pierwsze<\/h3>\n<\/header>\n<div class=\"entry-content\">\n<p><a class=\"zadania-link\" href=\"https:\/\/pb.edu.pl\/km\/wp-content\/uploads\/sites\/121\/2024\/04\/rozw_i_12.pdf\">Plik PDF<\/a><\/p>\n<\/div>\n<p><!-- entry-content --><\/p>\n<\/article>\n<article class=\"hentry bordered-content\">\n<header>\n<hr>\n<h3 class=\"entry-title\">Rozwi\u0105zania zada\u0144 konkursowych gimnazjum<\/h3>\n<\/header>\n<div class=\"entry-content\">\n<p><a class=\"zadania-link\" href=\"https:\/\/pb.edu.pl\/km\/wp-content\/uploads\/sites\/121\/2024\/04\/rozw_gim_12.pdf\">Plik PDF<\/a><\/p>\n<\/div>\n<p><!-- entry-content --><\/p>\n<\/article>\n<article class=\"hentry bordered-content\">\n<header>\n<hr>\n<h3 class=\"entry-title\">Zako\u0144czenie konkursu<\/h3>\n<\/header>\n<div class=\"entry-content\">\n<p><span style=\"font-size: 12pt\"><span style=\"font-family: verdana,geneva\">Zako\u0144czenie konkursu odb\u0119dzie si\u0119 dnia 1 czerwca 2012 w auli II<\/span><span style=\"font-family: verdana,geneva\"> (wej\u015bcie z boku budynku)<\/span><span style=\"font-family: verdana,geneva\"> Wydzia\u0142u Elektrycznego Politechniki Bia\u0142ostockiej (ul. Wiejska 45D) o godzinie 12.00. Zapraszamy wszystkich nagrodzonych i zainteresowanych!<\/span><\/span><\/p>\n<\/div>\n<p><!-- entry-content --><\/p>\n<\/article>\n<article class=\"hentry bordered-content\">\n<header>\n<hr>\n<h3 class=\"entry-title\">Laureaci 2012<\/h3>\n<\/header>\n<div class=\"entry-content\">\n<div>\n<p>&nbsp;<\/p>\n<h2 style=\"text-align: center\">Kategoria gimnazjum<\/h2>\n<p style=\"text-align: center\">&nbsp;<\/p>\n<p style=\"text-align: center\">Nagrody indywidualne<\/p>\n<p style=\"text-align: center\">Liczby w czwartej kolumnie oznaczaj\u0105 sumy uzyskanych punkt\u00f3w (na 24 mo\u017cliwe).<\/p>\n<div style=\"text-align: center\">\n<table style=\"width: 672px;height: 418px\" border=\"1\" cellspacing=\"1\" cellpadding=\"0\">\n<tbody>\n<tr>\n<td bgcolor=\"#ffff33\" width=\"2%\">1<\/td>\n<td bgcolor=\"#ffff33\" width=\"18%\">Witali Bu\u0142atow<\/td>\n<td bgcolor=\"#ffff33\">Publiczne Gimnazjum nr 5 w Bia\u0142ymstoku<\/td>\n<td bgcolor=\"#ffff33\">19<\/td>\n<td bgcolor=\"#ffff33\">\n<p style=\"text-align: center\">nagroda I stopnia<\/p>\n<\/td>\n<\/tr>\n<tr bgcolor=\"#e9e9e9\">\n<td width=\"2%\">\n<p style=\"text-align: center\">2<\/p>\n<\/td>\n<td width=\"18%\">Maciej Mucha<\/td>\n<td>Publiczne Gimnazjum nr 32 w Bia\u0142ymstoku<\/td>\n<td>\n<p style=\"text-align: center\">17<\/p>\n<\/td>\n<td>\n<p style=\"text-align: center\">nagroda II stopnia<\/p>\n<\/td>\n<\/tr>\n<tr bgcolor=\"#ffd5bf\">\n<td width=\"2%\">\n<p style=\"text-align: center\">3<\/p>\n<\/td>\n<td width=\"18%\">Maciej Bogacki<\/td>\n<td>Publiczne Gimnazjum nr 32 w Bia\u0142ymstoku<\/td>\n<td>\n<p style=\"text-align: center\">14<\/p>\n<\/td>\n<td rowspan=\"3\">\n<p style=\"text-align: center\">nagrody III stopnia<\/p>\n<\/td>\n<\/tr>\n<tr bgcolor=\"#ffd5bf\">\n<td rowspan=\"2\">4<\/td>\n<td>Marek Harasimczuk<\/td>\n<td>Publiczne Gimnazjum nr 3 w Bia\u0142ymstoku<\/td>\n<td rowspan=\"2\">\n<p style=\"text-align: center\">12<\/p>\n<\/td>\n<\/tr>\n<tr bgcolor=\"#ffd5bf\">\n<td width=\"18%\">Mateusz Wendo\u0142owicz<\/td>\n<td>Publiczne Gimnazjum nr 32 w Bia\u0142ymstoku<\/td>\n<\/tr>\n<tr bgcolor=\"#ccffcc\">\n<td width=\"2%\">\n<p style=\"text-align: center\">6<\/p>\n<\/td>\n<td width=\"18%\">Tomasz Kaczmarek<\/td>\n<td>Publiczne Gimnazjum nr 7 w Bia\u0142ymstoku<\/td>\n<td>\n<p style=\"text-align: center\">8<\/p>\n<\/td>\n<td rowspan=\"6\">\n<p style=\"text-align: center\">wyr\u00f3\u017cnienia<\/p>\n<\/td>\n<\/tr>\n<tr bgcolor=\"#ccffcc\">\n<td rowspan=\"3\" width=\"2%\">\n<p style=\"text-align: center\">7<\/p>\n<\/td>\n<td width=\"18%\">Bartosz Ko\u0142odziejski<\/td>\n<td>Publiczne Gimnazjum nr 6 w \u0141om\u017cy<\/td>\n<td rowspan=\"3\">\n<p style=\"text-align: center\">6<\/p>\n<\/td>\n<\/tr>\n<tr style=\"background-color: #ccffcc\">\n<td>Damian Rakus<\/td>\n<td>Publiczne Gimnazjum nr 32 w Bia\u0142ymstoku<\/td>\n<\/tr>\n<tr style=\"background-color: #ccffcc\">\n<td>Wiktoria Ustymowicz<\/td>\n<td>Publiczne Gimnazjum nr 7 w Bia\u0142ymstoku<\/td>\n<\/tr>\n<tr style=\"background-color: #ccffcc\">\n<td rowspan=\"2\" width=\"2%\">\n<p style=\"text-align: center\">10<\/p>\n<\/td>\n<td>Mateusz Lipi\u0144ski<\/td>\n<td>Publiczne Gimnazjum nr 6 w \u0141om\u017cy<\/td>\n<td style=\"text-align: center\" rowspan=\"2\">5<\/td>\n<\/tr>\n<tr style=\"background-color: #ccffcc\">\n<td>Magdalena Mojsa<\/td>\n<td>Publiczne Gimnazjum nr 1 w \u0141apach<\/td>\n<\/tr>\n<\/tbody>\n<\/table>\n<\/div>\n<h2 style=\"text-align: center\">Kategoria klas pierwszych<\/h2>\n<p style=\"text-align: center\">Nagrody indywidualne<\/p>\n<p style=\"text-align: center\">Liczby w czwartej kolumnie oznaczaj\u0105 sumy uzyskanych punkt\u00f3w (na 24 mo\u017cliwe).<\/p>\n<div style=\"text-align: center\">\n<table style=\"width: 672px;height: 418px\" border=\"1\" cellspacing=\"1\" cellpadding=\"0\">\n<tbody>\n<tr>\n<td bgcolor=\"#ffff33\" width=\"2%\">1<\/td>\n<td bgcolor=\"#ffff33\" width=\"18%\">Marek Soko\u0142owski<\/td>\n<td bgcolor=\"#ffff33\">I Liceum Og\u00f3lnokszta\u0142c\u0105ce im. T. Ko\u015bciuszki w \u0141om\u017cy<\/td>\n<td bgcolor=\"#ffff33\">24<\/td>\n<td bgcolor=\"#ffff33\">\n<p style=\"text-align: center\">nagroda I stopnia<\/p>\n<\/td>\n<\/tr>\n<tr bgcolor=\"#e9e9e9\">\n<td width=\"2%\">\n<p style=\"text-align: center\">2<\/p>\n<\/td>\n<td width=\"18%\">Micha\u0142 Mursztyn<\/td>\n<td>III Liceum Og\u00f3lnokszta\u0142c\u0105ce im. K. K. Baczy\u0144skiego w Bia\u0142ymstoku<\/td>\n<td>\n<p style=\"text-align: center\">18<\/p>\n<\/td>\n<td>\n<p style=\"text-align: center\">nagroda II stopnia<\/p>\n<\/td>\n<\/tr>\n<tr bgcolor=\"#ffd5bf\">\n<td rowspan=\"2\" width=\"2%\">\n<p style=\"text-align: center\">3<\/p>\n<\/td>\n<td width=\"18%\">Szymon Jarocki<\/td>\n<td>I Liceum Og\u00f3lnokszta\u0142c\u0105ce im. A. Mickiewicza w Bia\u0142ymstoku<\/td>\n<td rowspan=\"2\">\n<p style=\"text-align: center\">14<\/p>\n<\/td>\n<td rowspan=\"3\">\n<p style=\"text-align: center\">nagrody III stopnia<\/p>\n<\/td>\n<\/tr>\n<tr bgcolor=\"#ffd5bf\">\n<td width=\"18%\">Krystian Plackowski<\/td>\n<td>I Liceum Og\u00f3lnokszta\u0142c\u0105ce im. A. Mickiewicza w Bia\u0142ymstoku<\/td>\n<\/tr>\n<tr bgcolor=\"#ffd5bf\">\n<td width=\"2%\">\n<p style=\"text-align: center\">5<\/p>\n<\/td>\n<td>Maria Banel<\/td>\n<td>I Liceum Og\u00f3lnokszta\u0142c\u0105ce im. A. Mickiewicza w Bia\u0142ymstoku<\/td>\n<td>12<\/td>\n<\/tr>\n<tr bgcolor=\"#ccffcc\">\n<td width=\"2%\">\n<p style=\"text-align: center\">6<\/p>\n<\/td>\n<td width=\"18%\">Rafa\u0142 Grajewski<\/td>\n<td>II Liceum Og\u00f3lnokszta\u0142c\u0105ce im. Anny z Sapieh\u00f3w Jab\u0142onowskiej w Bia\u0142ymstoku<\/td>\n<td>\n<p style=\"text-align: center\">10<\/p>\n<\/td>\n<td rowspan=\"4\">\n<p style=\"text-align: center\">wyr\u00f3\u017cnienia<\/p>\n<\/td>\n<\/tr>\n<tr bgcolor=\"#ccffcc\">\n<td width=\"2%\">\n<p style=\"text-align: center\">7<\/p>\n<\/td>\n<td width=\"18%\">\u0141ukasz Sznajder<\/td>\n<td>II Liceum Og\u00f3lnokszta\u0142c\u0105ce im. Anny z Sapieh\u00f3w Jab\u0142onowskiej w Bia\u0142ymstoku<\/td>\n<td>\n<p style=\"text-align: center\">8<\/p>\n<\/td>\n<\/tr>\n<tr bgcolor=\"#ccffcc\">\n<td rowspan=\"2\">8<\/td>\n<td width=\"18%\">Kamil Jab\u0142onowski<\/td>\n<td>II Liceum Og\u00f3lnokszta\u0142c\u0105ce im. Anny z Sapieh\u00f3w Jab\u0142onowskiej w Bia\u0142ymstoku<\/td>\n<td rowspan=\"2\">\n<p style=\"text-align: center\">6<\/p>\n<\/td>\n<\/tr>\n<tr style=\"background-color: #ccffcc\">\n<td>Grzegorz Pierczy\u0144ski<\/td>\n<td>I Liceum Og\u00f3lnokszta\u0142c\u0105ce im. T. Ko\u015bciuszki w \u0141om\u017cy<\/td>\n<\/tr>\n<\/tbody>\n<\/table>\n<\/div>\n<p style=\"text-align: center\">Nagrodzone zespo\u0142y<\/p>\n<p>Liczby w czwartej kolumnie oznaczaj\u0105 sumy uzyskanych punkt\u00f3w.<\/p>\n<div style=\"text-align: center\">\n<table style=\"width: 672px\" border=\"1\" cellspacing=\"1\" cellpadding=\"0\">\n<tbody>\n<tr>\n<td style=\"width: 6%;background-color: #ffff33\" valign=\"middle\">\n<p style=\"text-align: center\">1<\/p>\n<\/td>\n<td valign=\"top\" bgcolor=\"#ffff33\" width=\"39%\">Grzegorz Pierczy\u0144ski, Marek Soko\u0142owski, Piotr Zaborszczyk<\/td>\n<td valign=\"top\" bgcolor=\"#ffff33\">I Liceum Og\u00f3lnokszta\u0142c\u0105ce im. T. Ko\u015bciuszki w \u0141om\u017cy<\/td>\n<td style=\"background-color: #ffff33\" valign=\"middle\">\n<p style=\"text-align: center\">30<\/p>\n<\/td>\n<\/tr>\n<tr style=\"background-color: #ffff33\">\n<td style=\"width: 6%\" valign=\"middle\">\n<p style=\"text-align: center\">2<\/p>\n<\/td>\n<td style=\"width: 39%\" valign=\"middle\">Maria Banel, Anna Bokiniec, Szymon Jarocki<\/td>\n<td valign=\"middle\">I Liceum Og\u00f3lnokszta\u0142c\u0105ce im. A. Mickiewicza w Bia\u0142ymstoku<\/td>\n<td valign=\"middle\">\n<p style=\"text-align: center\">28<\/p>\n<\/td>\n<\/tr>\n<tr bgcolor=\"#e9e9e9\">\n<td style=\"width: 6%\" valign=\"middle\">\n<p style=\"text-align: center\">3<\/p>\n<\/td>\n<td>Rafa\u0142 Grajewski, Aleksandra Karczewska, \u0141ukasz Sznajder<\/td>\n<td>II Liceum Og\u00f3lnokszta\u0142c\u0105ce im. Anny z Sapieh\u00f3w Jab\u0142onowskiej w Bia\u0142ymstoku<\/td>\n<td>23<\/td>\n<\/tr>\n<tr style=\"background-color: #e9e9e9\">\n<td valign=\"middle\">\n<p style=\"text-align: center\">4<\/p>\n<\/td>\n<td valign=\"middle\">Adrian Ja\u0142oszewski, Krystian Plackowski, Magdalena Szarkowska<\/td>\n<td valign=\"middle\">I Liceum Og\u00f3lnokszta\u0142c\u0105ce im. A. Mickiewicza w Bia\u0142ymstoku (drugi zesp\u00f3\u0142)<\/td>\n<td valign=\"middle\">\n<p style=\"text-align: center\">21<\/p>\n<\/td>\n<\/tr>\n<tr style=\"background-color: #e9e9e9\">\n<td style=\"width: 6%\" valign=\"middle\">\n<p style=\"text-align: center\">5<\/p>\n<\/td>\n<td style=\"width: 6%\" valign=\"middle\">Micha\u0142 Mursztyn, Adrianna Truszkowska, Sylwia Truszkowska<\/td>\n<td style=\"width: 6%\" valign=\"middle\">III Liceum Og\u00f3lnokszta\u0142c\u0105ce im. K. K. Baczy\u0144skiego w Bia\u0142ymstoku<\/td>\n<td style=\"width: 6%\" valign=\"middle\">\n<p style=\"text-align: center\">20<\/p>\n<\/td>\n<\/tr>\n<\/tbody>\n<\/table>\n<\/div>\n<\/div>\n<div id=\"_mcePaste\" style=\"position: absolute;left: -10000px;top: 0px;width: 1px;height: 1px;overflow: hidden;text-align: center\">\n<table style=\"height: 418px\" border=\"1\" cellspacing=\"1\" cellpadding=\"0\">\n<tbody>\n<tr bgcolor=\"#e9e9e9\">\n<td>I Liceum Og\u00f3lnokszta\u0142c\u0105ce im. A. Mickiewicza w Bia\u0142ymstoku<\/td>\n<\/tr>\n<\/tbody>\n<\/table>\n<\/div>\n<h2 style=\"text-align: center\">Kategoria klas drugich<\/h2>\n<p style=\"text-align: center\">Nagrody indywidualne<\/p>\n<p style=\"text-align: center\">Liczby w czwartej kolumnie oznaczaj\u0105 sumy uzyskanych punkt\u00f3w (na 24 mo\u017cliwe).<\/p>\n<div style=\"text-align: center\">\n<table style=\"width: 672px;height: 418px\" border=\"1\" cellspacing=\"1\" cellpadding=\"0\">\n<tbody>\n<tr>\n<td bgcolor=\"#ffff33\" width=\"2%\">1<\/td>\n<td bgcolor=\"#ffff33\" width=\"18%\">Kamil D\u0119bowski<\/td>\n<td bgcolor=\"#ffff33\">I Liceum Og\u00f3lnokszta\u0142c\u0105ce im. Marii Konopnickiej w Suwa\u0142kach<\/td>\n<td bgcolor=\"#ffff33\">24<\/td>\n<td bgcolor=\"#ffff33\">\n<p style=\"text-align: center\">nagroda I stopnia<\/p>\n<\/td>\n<\/tr>\n<tr bgcolor=\"#ffd5bf\">\n<td rowspan=\"3\" width=\"2%\">\n<p style=\"text-align: center\">2<\/p>\n<\/td>\n<td width=\"18%\">Jakub Dardzi\u0144ski<\/td>\n<td>I Liceum Og\u00f3lnokszta\u0142c\u0105ce im. T. Ko\u015bciuszki w \u0141om\u017cy<\/td>\n<td rowspan=\"3\" valign=\"middle\">\n<p style=\"text-align: center\">14<\/p>\n<\/td>\n<td rowspan=\"4\">\n<p style=\"text-align: center\">nagrody III stopnia<\/p>\n<\/td>\n<\/tr>\n<tr bgcolor=\"#ffd5bf\">\n<td width=\"18%\">Alicja Gosiewska<\/td>\n<td>IV Liceum Og\u00f3lnokszta\u0142c\u0105ce im. C. K. Norwida w Bia\u0142ymstoku<\/td>\n<\/tr>\n<tr bgcolor=\"#ffd5bf\">\n<td width=\"18%\">Damian Sadowski<\/td>\n<td>I Liceum Og\u00f3lnokszta\u0142c\u0105ce im. A. Mickiewicza w Bia\u0142ymstoku<\/td>\n<\/tr>\n<tr bgcolor=\"#ffd5bf\">\n<td>3<\/td>\n<td>\u0141ukasz Artemiuk<\/td>\n<td>I Liceum Og\u00f3lnokszta\u0142c\u0105ce im. A. Mickiewicza w Bia\u0142ymstoku<\/td>\n<td>13<\/td>\n<\/tr>\n<tr bgcolor=\"#ccffcc\">\n<td width=\"2%\">\n<p style=\"text-align: center\">11<\/p>\n<\/td>\n<td width=\"18%\">Paulina Pietrzyk<\/td>\n<td>I Liceum Og\u00f3lnokszta\u0142c\u0105ce im. A. Mickiewicza w Bia\u0142ymstoku<\/td>\n<td rowspan=\"2\">\n<p style=\"text-align: center\">12<\/p>\n<\/td>\n<td rowspan=\"8\">\n<p style=\"text-align: center\">wyr\u00f3\u017cnienia<\/p>\n<\/td>\n<\/tr>\n<tr bgcolor=\"#ccffcc\">\n<td width=\"2%\">\n<p style=\"text-align: center\">12<\/p>\n<\/td>\n<td width=\"18%\">Michalina Tumialis<\/td>\n<td>I Liceum Og\u00f3lnokszta\u0142c\u0105ce im. Marii Konopnickiej w Suwa\u0142kach<\/td>\n<\/tr>\n<tr bgcolor=\"#ccffcc\">\n<td rowspan=\"6\" width=\"2%\">\n<p style=\"text-align: center\">13<\/p>\n<\/td>\n<td width=\"18%\">\u0141ukasz \u0141uniewski<\/td>\n<td>I Liceum Og\u00f3lnokszta\u0142c\u0105ce im. T. Ko\u015bciuszki w \u0141om\u017cy<\/td>\n<td rowspan=\"2\">\n<p style=\"text-align: center\">11<\/p>\n<\/td>\n<\/tr>\n<tr bgcolor=\"#ccffcc\">\n<td width=\"18%\">Kamil Olszewski<\/td>\n<td>I Liceum Og\u00f3lnokszta\u0142c\u0105ce im. T. Ko\u015bciuszki w \u0141om\u017cy<\/td>\n<\/tr>\n<tr bgcolor=\"#ccffcc\">\n<td width=\"18%\">Bruno Sarnowski<\/td>\n<td>I Liceum Og\u00f3lnokszta\u0142c\u0105ce im. T. Ko\u015bciuszki w \u0141om\u017cy<\/td>\n<td rowspan=\"3\">\n<p style=\"text-align: center\">8<\/p>\n<\/td>\n<\/tr>\n<tr bgcolor=\"#ccffcc\">\n<td width=\"18%\">Sylwia W\u0105do\u0142owska<\/td>\n<td>I Liceum Og\u00f3lnokszta\u0142c\u0105ce im. T. Ko\u015bciuszki w \u0141om\u017cy<\/td>\n<\/tr>\n<tr bgcolor=\"#ccffcc\">\n<td width=\"18%\">Marcin Zawadzki<\/td>\n<td>I Liceum Og\u00f3lnokszta\u0142c\u0105ce im. Marii Konopnickiej w Suwa\u0142kach<\/td>\n<\/tr>\n<tr style=\"background-color: #ccffcc\">\n<td>Rados\u0142aw Slesarczyk<\/td>\n<td>IV Liceum Og\u00f3lnokszta\u0142c\u0105ce im. C. K. Norwida w Bia\u0142ymstoku<\/td>\n<td>7<\/td>\n<\/tr>\n<\/tbody>\n<\/table>\n<\/div>\n<p style=\"text-align: center\">Nagrodzone zespo\u0142y<\/p>\n<p>Liczby w czwartej kolumnie oznaczaj\u0105 sumy uzyskanych punkt\u00f3w.<\/p>\n<div style=\"text-align: center\">\n<table style=\"width: 672px\" border=\"1\" cellspacing=\"1\" cellpadding=\"0\">\n<tbody>\n<tr>\n<td valign=\"top\" bgcolor=\"#ffff33\" width=\"6%\">\n<p style=\"text-align: center\">1<\/p>\n<\/td>\n<td valign=\"top\" bgcolor=\"#ffff33\" width=\"39%\">Kamil D\u0119bowski, Michalina Tumialis, Marcin Zawadzki<\/td>\n<td valign=\"top\" bgcolor=\"#ffff33\">I Liceum Og\u00f3lnokszta\u0142c\u0105ce im. Marii Konopnickiej w Suwa\u0142kach<\/td>\n<td style=\"background-color: #ffff33\" valign=\"middle\">\n<p style=\"text-align: center\">44<\/p>\n<\/td>\n<\/tr>\n<tr bgcolor=\"#e9e9e9\">\n<td style=\"width: 6%\" rowspan=\"2\" valign=\"middle\">\n<p style=\"text-align: center\">2<\/p>\n<\/td>\n<td valign=\"top\" width=\"39%\">Jakub Dardzi\u0144ski, \u0141ukasz \u0141uniewski, Bruno Sarnowski<\/td>\n<td valign=\"top\">I Liceum Og\u00f3lnokszta\u0142c\u0105ce im. T. Ko\u015bciuszki w \u0141om\u017cy<\/td>\n<td rowspan=\"2\" valign=\"middle\">\n<p style=\"text-align: center\">33<\/p>\n<\/td>\n<\/tr>\n<tr style=\"background-color: #e9e9e9\">\n<td>\u0141ukasz Artemiuk, Hubert Kami\u0144ski, Damian Sadowski<\/td>\n<td>I Liceum Og\u00f3lnokszta\u0142c\u0105ce im. A. Mickiewicza w Bia\u0142ymstoku<\/td>\n<\/tr>\n<tr bgcolor=\"#ffd5bf\">\n<td valign=\"top\" width=\"6%\">\n<p style=\"text-align: center\">4<\/p>\n<\/td>\n<td valign=\"top\" width=\"39%\">Alicja Gosiewska, Jakub Sawicki, Rados\u0142aw Slesarczyk<\/td>\n<td valign=\"top\">IV Liceum Og\u00f3lnokszta\u0142c\u0105ce im. C. K. Norwida w Bia\u0142ymstoku<\/td>\n<td valign=\"middle\">\n<p style=\"text-align: center\">23<\/p>\n<\/td>\n<\/tr>\n<tr bgcolor=\"#ffd5bf\">\n<td valign=\"middle\">\n<p style=\"text-align: center\">5<\/p>\n<\/td>\n<td valign=\"middle\">Krzysztof Gromadzki, Kamil Olszewski, Sylwia W\u0105do\u0142owska<\/td>\n<td valign=\"middle\">I Liceum Og\u00f3lnokszta\u0142c\u0105ce im. T. Ko\u015bciuszki w \u0141om\u017cy (drugi zesp\u00f3\u0142)<\/td>\n<td valign=\"middle\">\n<p style=\"text-align: center\">21<\/p>\n<\/td>\n<\/tr>\n<\/tbody>\n<\/table>\n<\/div>\n<div id=\"_mcePaste\" style=\"position: absolute;left: -10000px;top: 0px;width: 1px;height: 1px;overflow: hidden;text-align: center\">\n<table style=\"height: 418px\" border=\"1\" cellspacing=\"1\" cellpadding=\"0\">\n<tbody>\n<tr bgcolor=\"#e9e9e9\">\n<td>I Liceum Og\u00f3lnokszta\u0142c\u0105ce im. A. Mickiewicza w Bia\u0142ymstoku<\/td>\n<\/tr>\n<\/tbody>\n<\/table>\n<\/div>\n<p style=\"text-align: center\">&nbsp;<\/p>\n<\/div>\n<p style=\"text-align: center\"><!-- entry-content --><\/p>\n<\/article>\n<article class=\"hentry bordered-content\">\n<header>\n<hr>\n<h3 class=\"entry-title\">Zadania konkursowe &#8212; klasy drugie 2012<\/h3>\n<\/header>\n<div class=\"entry-content\">\n<p><a class=\"zadania-link\" href=\"https:\/\/pb.edu.pl\/km\/wp-content\/uploads\/sites\/121\/2024\/04\/zad_kon_ii_12.pdf\">Plik PDF<\/a><\/p>\n<\/div>\n<p><!-- entry-content --><\/p>\n<\/article>\n","protected":false},"excerpt":{"rendered":"<p>Zdj\u0119cia z zako\u0144czenia 2012 Z ma\u0142ym op\u00f3\u017anieniem, ale s\u0105 \ud83d\ude42 Rozwi\u0105zania zada\u0144 konkursowych &#8212; klasy<\/p>\n","protected":false},"author":161,"featured_media":0,"parent":0,"menu_order":0,"comment_status":"closed","ping_status":"closed","template":"","meta":{"_acf_changed":false,"ngg_post_thumbnail":0,"footnotes":""},"class_list":["post-2526","page","type-page","status-publish","hentry"],"acf":[],"_links":{"self":[{"href":"https:\/\/pb.edu.pl\/km\/wp-json\/wp\/v2\/pages\/2526","targetHints":{"allow":["GET"]}}],"collection":[{"href":"https:\/\/pb.edu.pl\/km\/wp-json\/wp\/v2\/pages"}],"about":[{"href":"https:\/\/pb.edu.pl\/km\/wp-json\/wp\/v2\/types\/page"}],"author":[{"embeddable":true,"href":"https:\/\/pb.edu.pl\/km\/wp-json\/wp\/v2\/users\/161"}],"replies":[{"embeddable":true,"href":"https:\/\/pb.edu.pl\/km\/wp-json\/wp\/v2\/comments?post=2526"}],"version-history":[{"count":0,"href":"https:\/\/pb.edu.pl\/km\/wp-json\/wp\/v2\/pages\/2526\/revisions"}],"wp:attachment":[{"href":"https:\/\/pb.edu.pl\/km\/wp-json\/wp\/v2\/media?parent=2526"}],"curies":[{"name":"wp","href":"https:\/\/api.w.org\/{rel}","templated":true}]}}