{"id":2502,"date":"2024-04-03T13:43:22","date_gmt":"2024-04-03T11:43:22","guid":{"rendered":"https:\/\/pb.edu.pl\/km\/?page_id=2502"},"modified":"2024-04-13T13:19:24","modified_gmt":"2024-04-13T11:19:24","slug":"konkurs-2013","status":"publish","type":"page","link":"https:\/\/pb.edu.pl\/km\/konkurs-2013\/","title":{"rendered":"Konkurs 2013"},"content":{"rendered":"<article class=\"hentry bordered-content\">\n<header><\/header>\n<div class=\"entry-content\">\n<div>\n<article class=\"hentry bordered-content\">\n<header>\n<h3 class=\"entry-title\"><a title=\"Galeria 2013\" href=\"https:\/\/pb.edu.pl\/km\/konkurs-2013\/galeria-2013\/\" rel=\"bookmark\">Zdj\u0119cia z zako\u0144czenia<\/a><\/h3>\n<\/header>\n<div class=\"entry-content\">\n<div>\n<hr>\n<\/div>\n<\/div>\n<\/article>\n<article class=\"hentry bordered-content\">\n<header><\/header>\n<\/article>\n<\/div>\n<div style=\"clear: both\"><span style=\"color: inherit;font-family: Saira, sans-serif;font-size: 2rem\">Rozwi\u0105zania zada\u0144 konkursowych &#8212; klasy drugie 2013<\/span><\/div>\n<\/div>\n<\/article>\n<article class=\"hentry bordered-content\">\n<div class=\"entry-content\">\n<p><a class=\"zadania-link\" href=\"https:\/\/pb.edu.pl\/km\/wp-content\/uploads\/sites\/121\/2024\/04\/rozw_ii_13.pdf\">Plik PDF<\/a><\/p>\n<\/div>\n<p><!-- entry-content --><\/p>\n<\/article>\n<article class=\"hentry bordered-content\">\n<header>\n<hr>\n<h3 class=\"entry-title\">Rozwi\u0105zania zada\u0144 konkursowych &#8212; klasy pierwsze 2013<\/h3>\n<\/header>\n<div class=\"entry-content\">\n<p><a class=\"zadania-link\" href=\"https:\/\/pb.edu.pl\/km\/wp-content\/uploads\/sites\/121\/2024\/04\/rozw_i_13.pdf\">Plik PDF<\/a><\/p>\n<\/div>\n<p><!-- entry-content --><\/p>\n<\/article>\n<article class=\"hentry bordered-content\">\n<header>\n<hr>\n<h3 class=\"entry-title\">Laureaci 2013<\/h3>\n<\/header>\n<div class=\"entry-content\">\n<p>&nbsp;<\/p>\n<div class=\"article\">\n<p>&nbsp;<\/p>\n<h2 style=\"text-align: center\">Kategoria gimnazjum<\/h2>\n<p>&nbsp;<\/p>\n<p style=\"text-align: center\">Nagrody indywidualne<\/p>\n<p style=\"text-align: center\">Liczby w czwartej kolumnie oznaczaj\u0105 sumy uzyskanych punkt\u00f3w (na 24 mo\u017cliwe).<\/p>\n<div style=\"text-align: center\">\n<table style=\"width: 49.27%;height: 411px\" border=\"1\" cellspacing=\"1\" cellpadding=\"0\" align=\"center\">\n<tbody>\n<tr style=\"height: 45px\" bgcolor=\"#ffff33\">\n<td style=\"height: 45px;width: 2.5891%\" width=\"2%\">\n<p style=\"text-align: center\">1<\/p>\n<\/td>\n<td style=\"height: 45px;width: 23.4168%\">Jan Murawski<\/td>\n<td style=\"height: 45px;width: 49.7791%\">Publiczne Gimnazjum nr 6 w \u0141om\u017cy<\/td>\n<td style=\"height: 45px;width: 3.38733%\">20<\/td>\n<td style=\"height: 45px;width: 20.0295%\">nagroda I stopnia<\/td>\n<\/tr>\n<tr style=\"height: 45px\" bgcolor=\"#e9e9e9\">\n<td style=\"height: 45px;width: 2.5891%\" width=\"2%\">\n<p style=\"text-align: center\">2<\/p>\n<\/td>\n<td style=\"height: 45px;width: 23.4168%\">Mateusz Wendo\u0142owicz<\/td>\n<td style=\"height: 45px;width: 49.7791%\">Publiczne Gimnazjum nr 32 w Bia\u0142ymstoku<\/td>\n<td style=\"height: 45px;width: 3.38733%\">17<\/td>\n<td style=\"height: 135px;width: 20.0295%\" rowspan=\"3\">nagrody II stopnia<\/td>\n<\/tr>\n<tr style=\"height: 45px\" bgcolor=\"#e9e9e9\">\n<td style=\"height: 45px;width: 2.5891%\" width=\"2%\">\n<p style=\"text-align: center\">3<\/p>\n<\/td>\n<td style=\"height: 45px;width: 23.4168%\">Karolina Tkaczuk<\/td>\n<td style=\"height: 45px;width: 49.7791%\">Publiczne Gimnazjum nr 3 w Bielsku Podlaskim<\/td>\n<td style=\"height: 45px;width: 3.38733%\">16<\/td>\n<\/tr>\n<tr style=\"height: 45px\" bgcolor=\"#e9e9e9\">\n<td style=\"height: 45px;width: 2.5891%\" width=\"2%\">\n<p style=\"text-align: center\">4<\/p>\n<\/td>\n<td style=\"height: 45px;width: 23.4168%\">Maciej Mucha<\/td>\n<td style=\"height: 45px;width: 49.7791%\">Publiczne Gimnazjum nr 32 w Bia\u0142ymstoku<\/td>\n<td style=\"height: 45px;width: 3.38733%\">14<\/td>\n<\/tr>\n<tr style=\"height: 31px\" bgcolor=\"#ffd5bf\">\n<td style=\"height: 62px;width: 2.5891%\" rowspan=\"2\" width=\"2%\">\n<p style=\"text-align: center\">5<\/p>\n<\/td>\n<td style=\"height: 31px;width: 23.4168%\">Grzegorz Ignatowicz<\/td>\n<td style=\"height: 31px;width: 49.7791%\">Publiczne Gimnazjum nr 3 w Bielsku Podlaskim<\/td>\n<td style=\"height: 62px;width: 3.38733%\" rowspan=\"2\">11<\/td>\n<td style=\"height: 62px;width: 20.0295%\" rowspan=\"2\">nagrody III stopnia<\/td>\n<\/tr>\n<tr style=\"height: 31px\" bgcolor=\"#ffd5bf\">\n<td style=\"height: 31px;width: 23.4168%\">Pawe\u0142 Kope\u0107<\/td>\n<td style=\"height: 31px;width: 49.7791%\">Publiczne Gimnazjum nr 32 w Bia\u0142ymstoku<\/td>\n<\/tr>\n<tr style=\"height: 31px\" bgcolor=\"#ccffcc\">\n<td style=\"height: 124px;width: 2.5891%\" rowspan=\"4\" width=\"2%\">\n<p style=\"text-align: center\">7<\/p>\n<\/td>\n<td style=\"height: 31px;width: 23.4168%\">Kinga Bronakowska<\/td>\n<td style=\"height: 31px;width: 49.7791%\">Publiczne Gimnazjum nr 6 w \u0141om\u017cy<\/td>\n<td style=\"height: 124px;width: 3.38733%\" rowspan=\"4\">8<\/td>\n<td style=\"height: 169px;width: 20.0295%\" rowspan=\"5\">wyr\u00f3\u017cnienia<\/td>\n<\/tr>\n<tr style=\"height: 31px\" bgcolor=\"#ccffcc\">\n<td style=\"height: 31px;width: 23.4168%\">Mateusz Jaroszuk<\/td>\n<td style=\"height: 31px;width: 49.7791%\">Publiczne Gimnazjum nr 32 w Bia\u0142ymstoku<\/td>\n<\/tr>\n<tr style=\"height: 31px\" bgcolor=\"#ccffcc\">\n<td style=\"height: 31px;width: 23.4168%\">Adam Karwowski<\/td>\n<td style=\"height: 31px;width: 49.7791%\">Publiczne Gimnazjum nr 6 w \u0141om\u017cy<\/td>\n<\/tr>\n<tr style=\"height: 31px\" bgcolor=\"#ccffcc\">\n<td style=\"height: 31px;width: 23.4168%\">Damian Rakus<\/td>\n<td style=\"height: 31px;width: 49.7791%\">Publiczne Gimnazjum nr 32 w Bia\u0142ymstoku<\/td>\n<\/tr>\n<tr style=\"height: 45px\" bgcolor=\"#ccffcc\">\n<td style=\"height: 45px;width: 2.5891%\" width=\"2%\">\n<p style=\"text-align: center\">11<\/p>\n<\/td>\n<td style=\"height: 45px;width: 23.4168%\">Julia Szydlik<\/td>\n<td style=\"height: 45px;width: 49.7791%\">Publiczne Gimnazjum nr 32 w Bia\u0142ymstoku<\/td>\n<td style=\"height: 45px;width: 3.38733%\">7<\/td>\n<\/tr>\n<\/tbody>\n<\/table>\n<\/div>\n<div class=\"article\">\n<p>&nbsp;<\/p>\n<h2 style=\"text-align: center\">Kategoria klas pierwszych<\/h2>\n<p>&nbsp;<\/p>\n<p style=\"text-align: center\">Nagrody indywidualne<\/p>\n<p style=\"text-align: center\">Liczby w czwartej kolumnie oznaczaj\u0105 sumy uzyskanych punkt\u00f3w (na 24 mo\u017cliwe).<\/p>\n<div style=\"text-align: center\">\n<table style=\"width: 49.27%;height: 474px\" border=\"1\" cellspacing=\"1\" cellpadding=\"0\" align=\"center\">\n<tbody>\n<tr style=\"height: 43px\" bgcolor=\"#ffff33\">\n<td style=\"height: 43px;width: 3.47275%\" width=\"2%\">\n<p style=\"text-align: center\">1<\/p>\n<\/td>\n<td style=\"height: 43px;width: 18.4094%\">Przemys\u0142aw Perkowski<\/td>\n<td style=\"height: 43px;width: 56.9956%\">I Liceum Og\u00f3lnokszta\u0142c\u0105ce im. A. Mickiewicza w Bia\u0142ymstoku<\/td>\n<td style=\"height: 43px;width: 3.38734%\">20<\/td>\n<td style=\"height: 86px;width: 16.9367%\" rowspan=\"2\">nagrody I stopnia<\/td>\n<\/tr>\n<tr style=\"height: 43px\" bgcolor=\"#ffff33\">\n<td style=\"height: 43px;width: 3.47275%\" width=\"2%\">\n<p style=\"text-align: center\">2<\/p>\n<\/td>\n<td style=\"height: 43px;width: 18.4094%\">Micha\u0142 Swidzi\u0144ski<\/td>\n<td style=\"height: 43px;width: 56.9956%\">II Liceum Og\u00f3lnokszta\u0142c\u0105ce im. Anny z Sapieh\u00f3w Jab\u0142onowskiej w Bia\u0142ymstoku<\/td>\n<td style=\"height: 43px;width: 3.38734%\">18<\/td>\n<\/tr>\n<tr style=\"height: 43px\" bgcolor=\"#e9e9e9\">\n<td style=\"height: 43px;width: 3.47275%\" width=\"2%\">\n<p style=\"text-align: center\">3<\/p>\n<\/td>\n<td style=\"height: 43px;width: 18.4094%\">Maciej Bogacki<\/td>\n<td style=\"height: 43px;width: 56.9956%\">II Liceum Og\u00f3lnokszta\u0142c\u0105ce im. Anny z Sapieh\u00f3w Jab\u0142onowskiej w Bia\u0142ymstoku<\/td>\n<td style=\"height: 43px;width: 3.38734%\">14<\/td>\n<td style=\"height: 43px;width: 16.9367%\">nagroda II stopnia<\/td>\n<\/tr>\n<tr style=\"height: 43px\" bgcolor=\"#ffd5bf\">\n<td style=\"height: 43px;width: 3.47275%\" width=\"2%\">\n<p style=\"text-align: center\">4<\/p>\n<\/td>\n<td style=\"height: 43px;width: 18.4094%\">Mariusz Bia\u0142asz<\/td>\n<td style=\"height: 43px;width: 56.9956%\">I Liceum Og\u00f3lnokszta\u0142c\u0105ce im. A. Mickiewicza w Bia\u0142ymstoku<\/td>\n<td style=\"height: 43px;width: 3.38734%\">12<\/td>\n<td style=\"height: 151px;width: 16.9367%\" rowspan=\"4\">nagrody III stopnia<\/td>\n<\/tr>\n<tr style=\"height: 43px\" bgcolor=\"#ffd5bf\">\n<td style=\"height: 108px;width: 3.47275%\" rowspan=\"3\" width=\"2%\">\n<p style=\"text-align: center\">5<\/p>\n<\/td>\n<td style=\"height: 43px;width: 18.4094%\">Beata Kakareko<\/td>\n<td style=\"height: 43px;width: 56.9956%\">II Liceum Og\u00f3lnokszta\u0142c\u0105ce im. Anny z Sapieh\u00f3w Jab\u0142onowskiej w Bia\u0142ymstoku<\/td>\n<td style=\"height: 108px;width: 3.38734%\" rowspan=\"3\">11<\/td>\n<\/tr>\n<tr style=\"height: 22px\" bgcolor=\"#ffd5bf\">\n<td style=\"height: 22px;width: 18.4094%\">Anna Koz\u0142owska<\/td>\n<td style=\"height: 22px;width: 56.9956%\">I Liceum Og\u00f3lnokszta\u0142c\u0105ce im. T. Ko\u015bciuszki w \u0141om\u017cy<\/td>\n<\/tr>\n<tr style=\"height: 43px\" bgcolor=\"#ffd5bf\">\n<td style=\"height: 43px;width: 18.4094%\">Weronika Miszkiel<\/td>\n<td style=\"height: 43px;width: 56.9956%\">I Liceum Og\u00f3lnokszta\u0142c\u0105ce im. A. Mickiewicza w Bia\u0142ymstoku<\/td>\n<\/tr>\n<tr style=\"height: 43px\" bgcolor=\"#ccffcc\">\n<td style=\"height: 151px;width: 3.47275%\" rowspan=\"4\" width=\"2%\">\n<p style=\"text-align: center\">8<\/p>\n<\/td>\n<td style=\"height: 43px;width: 18.4094%\">Daniel Fiedosiuk<\/td>\n<td style=\"height: 43px;width: 56.9956%\">I Liceum Og\u00f3lnokszta\u0142c\u0105ce im. A. Mickiewicza w Bia\u0142ymstoku<\/td>\n<td style=\"height: 151px;width: 3.38734%\" rowspan=\"4\">8<\/td>\n<td style=\"height: 194px;width: 16.9367%\" rowspan=\"5\">wyr\u00f3\u017cnienia<\/td>\n<\/tr>\n<tr style=\"height: 43px\" bgcolor=\"#ccffcc\">\n<td style=\"height: 43px;width: 18.4094%\">Pawe\u0142 Gryc<\/td>\n<td style=\"height: 43px;width: 56.9956%\">VI Liceum Og\u00f3lnokszta\u0142c\u0105ce im. Kr\u00f3la Zygmunta Augusta w Bia\u0142ymstoku<\/td>\n<\/tr>\n<tr style=\"height: 43px\" bgcolor=\"#ccffcc\">\n<td style=\"height: 43px;width: 18.4094%\">Marek Harasimczuk<\/td>\n<td style=\"height: 43px;width: 56.9956%\">II Liceum Og\u00f3lnokszta\u0142c\u0105ce im. Anny z Sapieh\u00f3w Jab\u0142onowskiej w Bia\u0142ymstoku<\/td>\n<\/tr>\n<tr style=\"height: 22px\" bgcolor=\"#ccffcc\">\n<td style=\"height: 22px;width: 18.4094%\">\u0141ukasz Szab\u0142owski<\/td>\n<td style=\"height: 22px;width: 56.9956%\">I Liceum Og\u00f3lnokszta\u0142c\u0105ce im. T. Ko\u015bciuszki w \u0141om\u017cy<\/td>\n<\/tr>\n<tr style=\"height: 43px\" bgcolor=\"#ccffcc\">\n<td style=\"height: 43px;width: 3.47275%\" width=\"2%\">\n<p style=\"text-align: center\">12<\/p>\n<\/td>\n<td style=\"height: 43px;width: 18.4094%\">Jacek Andrzejewski<\/td>\n<td style=\"height: 43px;width: 56.9956%\">Liceum Og\u00f3lnokszta\u0142c\u0105ce im. Miko\u0142aja Kopernika w Sok\u00f3\u0142ce<\/td>\n<td style=\"height: 43px;width: 3.38734%\">7<\/td>\n<\/tr>\n<\/tbody>\n<\/table>\n<\/div>\n<div class=\"article\">\n<p>&nbsp;<\/p>\n<div style=\"text-align: center\">\n<p>Nagrodzone zespo\u0142y<\/p>\n<p>Liczby w czwartej kolumnie oznaczaj\u0105 sumy uzyskanych punkt\u00f3w.<\/p>\n<\/div>\n<table style=\"width: 51.0116%;height: 384px\" border=\"1\" cellspacing=\"1\" cellpadding=\"0\" align=\"center\">\n<tbody>\n<tr style=\"height: 64px\">\n<td style=\"width: 6%;background-color: #ffff33;text-align: center;height: 64px\" valign=\"middle\">\n<p style=\"text-align: center\">1<\/p>\n<\/td>\n<td style=\"text-align: center;width: 19.8779%;height: 64px\" valign=\"top\" bgcolor=\"#ffff33\" width=\"39%\">Filip Makowski, Weronika Miszkiel, Przemys\u0142aw Perkowski<\/td>\n<td style=\"text-align: center;width: 40.4239%;height: 64px\" valign=\"top\" bgcolor=\"#ffff33\">I Liceum Og\u00f3lnokszta\u0142c\u0105ce im. A. Mickiewicza w Bia\u0142ymstoku<\/td>\n<td style=\"background-color: #ffff33;text-align: center;width: 12.7062%;height: 64px\" valign=\"middle\">\n<p style=\"text-align: center\">36<\/p>\n<\/td>\n<\/tr>\n<tr style=\"background-color: #ffff33\">\n<td style=\"width: 6%;text-align: center;height: 64px\" valign=\"middle\">\n<p style=\"text-align: center\">2<\/p>\n<\/td>\n<td style=\"width: 19.8779%;text-align: center;height: 64px\" valign=\"middle\">Maciej Bogacki, Micha\u0142 Kamie\u0144ski, Micha\u0142 Swidzi\u0144ski<\/td>\n<td style=\"text-align: center;width: 40.4239%;height: 64px\" valign=\"middle\">II Liceum Og\u00f3lnokszta\u0142c\u0105ce im. Anny z Sapieh\u00f3w Jab\u0142onowskiej w Bia\u0142ymstoku<\/td>\n<td style=\"text-align: center;width: 12.7062%;height: 64px\" valign=\"middle\">\n<p style=\"text-align: center\">34<\/p>\n<\/td>\n<\/tr>\n<tr style=\"height: 64px\" bgcolor=\"#ffd5bf\">\n<td style=\"width: 6%;text-align: center;height: 64px\" valign=\"middle\">\n<p style=\"text-align: center\">3<\/p>\n<\/td>\n<td style=\"text-align: center;width: 19.8779%;height: 64px\">Marek Harasimczuk, Beata Kakareko,<br \/>\nMateusz Saniewski<\/td>\n<td style=\"text-align: center;width: 40.4239%;height: 64px\">II Liceum Og\u00f3lnokszta\u0142c\u0105ce im. Anny z Sapieh\u00f3w Jab\u0142onowskiej w Bia\u0142ymstoku (drugi zesp\u00f3\u0142)<\/td>\n<td style=\"text-align: center;width: 12.7062%;height: 64px\">21<\/td>\n<\/tr>\n<tr style=\"background-color: #ffd5bf\">\n<td style=\"text-align: center;width: 6%;height: 64px\" valign=\"middle\">\n<p style=\"text-align: center\">4<\/p>\n<\/td>\n<td style=\"text-align: center;width: 19.8779%;height: 64px\" valign=\"middle\">Mariusz Bia\u0142asz, Daniel Fiedosiuk,<br \/>\nPrzemys\u0142aw P\u0142o\u0144ski<\/td>\n<td style=\"text-align: center;width: 40.4239%;height: 64px\" valign=\"middle\">I Liceum Og\u00f3lnokszta\u0142c\u0105ce im. A. Mickiewicza w Bia\u0142ymstoku (drugi zesp\u00f3\u0142)<\/td>\n<td style=\"text-align: center;width: 12.7062%;height: 64px\" valign=\"middle\">\n<p style=\"text-align: center\">20<\/p>\n<\/td>\n<\/tr>\n<tr style=\"background-color: #ffd5bf\">\n<td style=\"width: 6%;text-align: center;height: 64px\" valign=\"middle\">\n<p style=\"text-align: center\">5<\/p>\n<\/td>\n<td style=\"width: 19.8779%;text-align: center;height: 64px\" valign=\"middle\">Katarzyna Mroczkowska, Katarzyna Pawelczyk, \u0141ukasz Szab\u0142owski<\/td>\n<td style=\"width: 40.4239%;text-align: center;height: 64px\" valign=\"middle\">I Liceum Og\u00f3lnokszta\u0142c\u0105ce im. T. Ko\u015bciuszki w \u0141om\u017cy<\/td>\n<td style=\"width: 12.7062%;text-align: center;height: 64px\" valign=\"middle\">\n<p style=\"text-align: center\">19<\/p>\n<\/td>\n<\/tr>\n<tr style=\"background-color: #ffd5bf\">\n<td style=\"text-align: center;width: 6%;height: 64px\">6<\/td>\n<td style=\"text-align: center;width: 19.8779%;height: 64px\">Antoni Chojnowski, Magdalena Konopka, Anna Koz\u0142owska<\/td>\n<td style=\"text-align: center;width: 40.4239%;height: 64px\">I Liceum Og\u00f3lnokszta\u0142c\u0105ce im. T. Ko\u015bciuszki w \u0141om\u017cy (drugi zesp\u00f3\u0142)<\/td>\n<td style=\"text-align: center;width: 12.7062%;height: 64px\">18<\/td>\n<\/tr>\n<\/tbody>\n<\/table>\n<h2 style=\"text-align: center\">Kategoria klas drugich<\/h2>\n<p style=\"text-align: center\">Nagrody indywidualne<\/p>\n<p style=\"text-align: center\">Liczby w czwartej kolumnie oznaczaj\u0105 sumy uzyskanych punkt\u00f3w (na 24 mo\u017cliwe).<\/p>\n<div style=\"text-align: center\">\n<table style=\"width: 49.27%;height: 505px\" border=\"1\" cellspacing=\"1\" cellpadding=\"0\" align=\"center\">\n<tbody>\n<tr style=\"height: 32px\" bgcolor=\"#ffff33\">\n<td style=\"height: 32px;width: 3.03093%\" width=\"2%\">\n<p style=\"text-align: center\">1<\/p>\n<\/td>\n<td style=\"height: 32px;width: 20.3241%\">Marek Soko\u0142owski<\/td>\n<td style=\"height: 32px;width: 55.3755%\">I Liceum Og\u00f3lnokszta\u0142c\u0105ce im. T. Ko\u015bciuszki w \u0141om\u017cy<\/td>\n<td style=\"height: 32px;width: 3.53461%\">24<\/td>\n<td style=\"height: 75px;width: 16.9367%\" rowspan=\"2\">nagrody I stopnia<\/td>\n<\/tr>\n<tr style=\"height: 43px\" bgcolor=\"#ffff33\">\n<td style=\"height: 43px;width: 3.03093%\" width=\"2%\">\n<p style=\"text-align: center\">2<\/p>\n<\/td>\n<td style=\"height: 43px;width: 20.3241%\">Krystian Plackowski<\/td>\n<td style=\"height: 43px;width: 55.3755%\">I Liceum Og\u00f3lnokszta\u0142c\u0105ce im. A. Mickiewicza w Bia\u0142ymstoku<\/td>\n<td style=\"height: 43px;width: 3.53461%\">22<\/td>\n<\/tr>\n<tr style=\"height: 43px\" bgcolor=\"#e9e9e9\">\n<td style=\"height: 43px;width: 3.03093%\" width=\"2%\">\n<p style=\"text-align: center\">3<\/p>\n<\/td>\n<td style=\"height: 43px;width: 20.3241%\">Szymon Jarocki<\/td>\n<td style=\"height: 43px;width: 55.3755%\">I Liceum Og\u00f3lnokszta\u0142c\u0105ce im. A. Mickiewicza w Bia\u0142ymstoku<\/td>\n<td style=\"height: 43px;width: 3.53461%\">18<\/td>\n<td style=\"height: 129px;width: 16.9367%\" rowspan=\"3\">nagrody II stopnia<\/td>\n<\/tr>\n<tr style=\"height: 43px\" bgcolor=\"#e9e9e9\">\n<td style=\"height: 86px;width: 3.03093%\" rowspan=\"2\" width=\"2%\">\n<p style=\"text-align: center\">4<\/p>\n<\/td>\n<td style=\"height: 43px;width: 20.3241%\">Maria Banel<\/td>\n<td style=\"height: 43px;width: 55.3755%\">I Liceum Og\u00f3lnokszta\u0142c\u0105ce im. A. Mickiewicza w Bia\u0142ymstoku<\/td>\n<td style=\"height: 86px;width: 3.53461%\" rowspan=\"2\">16<\/td>\n<\/tr>\n<tr style=\"height: 43px\" bgcolor=\"#e9e9e9\">\n<td style=\"height: 43px;width: 20.3241%\">Magdalena Szarkowska<\/td>\n<td style=\"height: 43px;width: 55.3755%\">I Liceum Og\u00f3lnokszta\u0142c\u0105ce im. A. Mickiewicza w Bia\u0142ymstoku<\/td>\n<\/tr>\n<tr style=\"height: 43px\" bgcolor=\"#ffd5bf\">\n<td style=\"height: 43px;width: 3.03093%\" width=\"2%\">\n<p style=\"text-align: center\">6<\/p>\n<\/td>\n<td style=\"height: 43px;width: 20.3241%\">Maciej Roszkowski<\/td>\n<td style=\"height: 43px;width: 55.3755%\">I Liceum Og\u00f3lnokszta\u0142c\u0105ce im. G. Piramowicza w Augustowie<\/td>\n<td style=\"height: 43px;width: 3.53461%\">14<\/td>\n<td style=\"height: 43px;width: 16.9367%\">nagroda III stopnia<\/td>\n<\/tr>\n<tr style=\"height: 43px\" bgcolor=\"#ccffcc\">\n<td style=\"height: 43px;width: 3.03093%\" width=\"2%\">\n<p style=\"text-align: center\">7<\/p>\n<\/td>\n<td style=\"height: 43px;width: 20.3241%\">Adrian Ja\u0142oszewski<\/td>\n<td style=\"height: 43px;width: 55.3755%\">I Liceum Og\u00f3lnokszta\u0142c\u0105ce im. A. Mickiewicza w Bia\u0142ymstoku<\/td>\n<td style=\"height: 43px;width: 3.53461%\">12<\/td>\n<td style=\"height: 258px;width: 16.9367%\" rowspan=\"6\">wyr\u00f3\u017cnienia<\/td>\n<\/tr>\n<tr style=\"height: 43px\" bgcolor=\"#ccffcc\">\n<td style=\"height: 172px;width: 3.03093%\" rowspan=\"4\" width=\"2%\">\n<p style=\"text-align: center\">8<\/p>\n<\/td>\n<td style=\"height: 43px;width: 20.3241%\">Kamil Jab\u0142onowski<\/td>\n<td style=\"height: 43px;width: 55.3755%\">II Liceum Og\u00f3lnokszta\u0142c\u0105ce im. Anny z Sapieh\u00f3w Jab\u0142onowskiej w Bia\u0142ymstoku<\/td>\n<td style=\"height: 172px;width: 3.53461%\" rowspan=\"4\">11<\/td>\n<\/tr>\n<tr style=\"height: 43px\" bgcolor=\"#ccffcc\">\n<td style=\"height: 43px;width: 20.3241%\">Grzegorz Pierczy\u0144ski<\/td>\n<td style=\"height: 43px;width: 55.3755%\">I Liceum Og\u00f3lnokszta\u0142c\u0105ce im. T. Ko\u015bciuszki w \u0141om\u017cy<\/td>\n<\/tr>\n<tr style=\"height: 43px\" bgcolor=\"#ccffcc\">\n<td style=\"height: 43px;width: 20.3241%\">\u0141ukasz Sznajder<\/td>\n<td style=\"height: 43px;width: 55.3755%\">II Liceum Og\u00f3lnokszta\u0142c\u0105ce im. Anny z Sapieh\u00f3w Jab\u0142onowskiej w Bia\u0142ymstoku<\/td>\n<\/tr>\n<tr style=\"height: 43px\" bgcolor=\"#ccffcc\">\n<td style=\"height: 43px;width: 20.3241%\">Karolina Szymczuk<\/td>\n<td style=\"height: 43px;width: 55.3755%\">I Liceum Og\u00f3lnokszta\u0142c\u0105ce im. A. Mickiewicza w Bia\u0142ymstoku<\/td>\n<\/tr>\n<tr style=\"height: 43px\" bgcolor=\"#ccffcc\">\n<td style=\"height: 43px;width: 3.03093%\" width=\"2%\">\n<p style=\"text-align: center\">12<\/p>\n<\/td>\n<td style=\"height: 43px;width: 20.3241%\">Rafa\u0142 Grajewski<\/td>\n<td style=\"height: 43px;width: 55.3755%\">II Liceum Og\u00f3lnokszta\u0142c\u0105ce im. Anny z Sapieh\u00f3w Jab\u0142onowskiej w Bia\u0142ymstoku<\/td>\n<td style=\"height: 43px;width: 3.53461%\">8<\/td>\n<\/tr>\n<\/tbody>\n<\/table>\n<\/div>\n<\/div>\n<\/div>\n<\/div>\n<div id=\"_mcePaste\" style=\"position: absolute;left: -10000px;top: 0px;width: 1px;height: 1px;overflow: hidden\">\n<table border=\"0\" cellspacing=\"0\" align=\"center\">\n<colgroup width=\"106\"><\/colgroup>\n<colgroup width=\"97\"><\/colgroup>\n<tbody>\n<tr>\n<td style=\"text-align: left;border: 1px solid #181615\" bgcolor=\"#FFCC99\" height=\"20\"><span style=\"font-size: small\">Harasimczuk<\/span><\/td>\n<td style=\"text-align: left;border: 1px solid #181615\" bgcolor=\"#FFCC99\"><span style=\"font-size: small\">Marek<\/span><\/td>\n<\/tr>\n<tr>\n<td style=\"text-align: left;border: 1px solid #181615\" bgcolor=\"#FFCC99\" height=\"20\"><span style=\"font-size: small\">Kakareko<\/span><\/td>\n<td style=\"text-align: left;border: 1px solid #181615\" bgcolor=\"#FFCC99\"><span style=\"font-size: small\">Beata<\/span><\/td>\n<\/tr>\n<tr>\n<td style=\"text-align: left;border: 1px solid #181615\" bgcolor=\"#FFCC99\" height=\"20\"><span style=\"font-size: small\">Saniewski<\/span><\/td>\n<td style=\"text-align: left;border: 1px solid #181615\" bgcolor=\"#FFCC99\"><span style=\"font-size: small\">Mateusz<\/span><\/td>\n<\/tr>\n<\/tbody>\n<\/table>\n<\/div>\n<p style=\"text-align: center\">Nagrodzone zespo\u0142y<\/p>\n<p style=\"text-align: center\">Liczby w czwartej kolumnie oznaczaj\u0105 sumy uzyskanych punkt\u00f3w.<\/p>\n<table style=\"width: 50.7215%;height: 172px\" border=\"1\" cellspacing=\"1\" cellpadding=\"0\" align=\"center\">\n<tbody>\n<tr style=\"height: 43px\">\n<td style=\"width: 6%;background-color: #ffff33;text-align: center;height: 43px\" valign=\"middle\">\n<p style=\"text-align: center\">1<\/p>\n<\/td>\n<td style=\"text-align: center;width: 26.2284%;background-color: #ffff33;height: 43px\" valign=\"middle\">Maria Banel, Szymon Jarocki, Magdalena Szarkowska<\/td>\n<td style=\"text-align: center;width: 34.0734%;height: 43px\" valign=\"top\" bgcolor=\"#ffff33\">I Liceum Og\u00f3lnokszta\u0142c\u0105ce im. A. Mickiewicza w Bia\u0142ymstoku<\/td>\n<td style=\"background-color: #ffff33;text-align: center;width: 12.1171%;height: 43px\" valign=\"middle\">\n<p style=\"text-align: center\">50<\/p>\n<\/td>\n<\/tr>\n<tr style=\"background-color: #e9e9e9\">\n<td style=\"text-align: center;width: 6%;height: 43px\" valign=\"middle\">\n<p style=\"text-align: center\">2<\/p>\n<\/td>\n<td style=\"text-align: center;width: 26.2284%;height: 43px\" valign=\"middle\">Adrian Ja\u0142oszewski, Krystian Plackowski, Karolina Szymczuk<\/td>\n<td style=\"text-align: center;width: 34.0734%;height: 43px\" valign=\"middle\">I Liceum Og\u00f3lnokszta\u0142c\u0105ce im. A. Mickiewicza w Bia\u0142ymstoku (drugi zesp\u00f3\u0142)<\/td>\n<td style=\"text-align: center;width: 12.1171%;height: 43px\" valign=\"middle\">\n<p style=\"text-align: center\">45<\/p>\n<\/td>\n<\/tr>\n<tr style=\"background-color: #ffd5bf\">\n<td style=\"width: 6%;text-align: center;height: 43px\" valign=\"middle\">\n<p style=\"text-align: center\">3<\/p>\n<\/td>\n<td style=\"width: 26.2284%;text-align: center;height: 43px\" valign=\"middle\">Grzegorz Pierczy\u0144ski, Maciej Pikuli\u0144ski, Marek Soko\u0142owski<\/td>\n<td style=\"width: 34.0734%;text-align: center;height: 43px\" valign=\"middle\">I Liceum Og\u00f3lnokszta\u0142c\u0105ce im. T. Ko\u015bciuszki w \u0141om\u017cy<\/td>\n<td style=\"width: 12.1171%;text-align: center;height: 43px\" valign=\"middle\">\n<p style=\"text-align: center\">41<\/p>\n<\/td>\n<\/tr>\n<tr style=\"background-color: #ccffcc\">\n<td style=\"text-align: center;width: 6%;height: 43px\">4<\/td>\n<td style=\"text-align: center;width: 26.2284%;height: 43px\">Hubert Jatkowski, Maciej Roszkowski, \u0141ukasz Wolski<\/td>\n<td style=\"text-align: center;width: 34.0734%;height: 43px\">I Liceum Og\u00f3lnokszta\u0142c\u0105ce im. G. Piramowicza w Augustowie<\/td>\n<td style=\"text-align: center;width: 12.1171%;height: 43px\">22<\/td>\n<\/tr>\n<\/tbody>\n<\/table>\n<\/div>\n<p><!-- entry-content --><\/p>\n<\/article>\n<article class=\"hentry bordered-content\">\n<header>\n<hr>\n<h3 class=\"entry-title\">Rozwi\u0105zania zada\u0144 konkursowych &#8212; gimnazjum 2013<\/h3>\n<\/header>\n<div class=\"entry-content\">\n<p><a class=\"zadania-link\" href=\"https:\/\/pb.edu.pl\/km\/wp-content\/uploads\/sites\/121\/2024\/04\/rozw_gim_13.pdf\">Plik PDF<\/a><\/p>\n<\/div>\n<p><!-- entry-content --><\/p>\n<\/article>\n<article class=\"hentry bordered-content\">\n<header>\n<hr>\n<h3 class=\"entry-title\">Zadania konkursowe &#8212; klasy drugie 2013<\/h3>\n<\/header>\n<div class=\"entry-content\">\n<p><a class=\"zadania-link\" href=\"https:\/\/pb.edu.pl\/km\/wp-content\/uploads\/sites\/121\/2024\/04\/zad_kon_ii_13.pdf\">Plik PDF<\/a><\/p>\n<\/div>\n<p><!-- entry-content --><\/p>\n<\/article>\n<article class=\"hentry bordered-content\">\n<header>\n<hr>\n<h3 class=\"entry-title\">Zadania konkursowe &#8212; klasy pierwsze 2013<\/h3>\n<\/header>\n<div class=\"entry-content\">\n<p><a class=\"zadania-link\" href=\"https:\/\/pb.edu.pl\/km\/wp-content\/uploads\/sites\/121\/2024\/04\/zad_kon_i_13.pdf\">Plik PDF<\/a><\/p>\n<\/div>\n<p><!-- entry-content --><\/p>\n<\/article>\n","protected":false},"excerpt":{"rendered":"<p>Zdj\u0119cia z zako\u0144czenia Rozwi\u0105zania zada\u0144 konkursowych &#8212; klasy drugie 2013 Plik PDF Rozwi\u0105zania zada\u0144 konkursowych<\/p>\n","protected":false},"author":161,"featured_media":0,"parent":0,"menu_order":0,"comment_status":"closed","ping_status":"closed","template":"","meta":{"_acf_changed":false,"ngg_post_thumbnail":0,"footnotes":""},"class_list":["post-2502","page","type-page","status-publish","hentry"],"acf":[],"_links":{"self":[{"href":"https:\/\/pb.edu.pl\/km\/wp-json\/wp\/v2\/pages\/2502","targetHints":{"allow":["GET"]}}],"collection":[{"href":"https:\/\/pb.edu.pl\/km\/wp-json\/wp\/v2\/pages"}],"about":[{"href":"https:\/\/pb.edu.pl\/km\/wp-json\/wp\/v2\/types\/page"}],"author":[{"embeddable":true,"href":"https:\/\/pb.edu.pl\/km\/wp-json\/wp\/v2\/users\/161"}],"replies":[{"embeddable":true,"href":"https:\/\/pb.edu.pl\/km\/wp-json\/wp\/v2\/comments?post=2502"}],"version-history":[{"count":0,"href":"https:\/\/pb.edu.pl\/km\/wp-json\/wp\/v2\/pages\/2502\/revisions"}],"wp:attachment":[{"href":"https:\/\/pb.edu.pl\/km\/wp-json\/wp\/v2\/media?parent=2502"}],"curies":[{"name":"wp","href":"https:\/\/api.w.org\/{rel}","templated":true}]}}