{"id":2492,"date":"2024-04-03T11:12:26","date_gmt":"2024-04-03T09:12:26","guid":{"rendered":"https:\/\/pb.edu.pl\/km\/?page_id=2492"},"modified":"2024-04-13T13:22:11","modified_gmt":"2024-04-13T11:22:11","slug":"konkurs-2014","status":"publish","type":"page","link":"https:\/\/pb.edu.pl\/km\/konkurs-2014\/","title":{"rendered":"Konkurs 2014"},"content":{"rendered":"<article class=\"hentry bordered-content\">\n<header>\n<h3 class=\"entry-title\">Zako\u0144czenie konkursu<\/h3>\n<\/header>\n<div class=\"entry-content\">\n<div style=\"text-align: center\"><span style=\"font-size: 12pt\"><strong>Zako\u0144czenie Konkursu odb\u0119dzie si\u0119 26 maja o godzinie 12:15 w auli I Wydzia\u0142u Elektrycznego PB, ul. Wiejska 45D.<\/strong><\/span><\/div>\n<p>&nbsp;<\/p>\n<div style=\"text-align: center\"><span style=\"font-size: 12pt\"><strong>Serdecznie zapraszamy!<\/strong><\/span><\/div>\n<\/div>\n<\/article>\n<article class=\"hentry bordered-content\">\n<header>\n<h3 class=\"entry-title\">&nbsp;<\/h3>\n<hr>\n<h3 class=\"entry-title\">Laureaci 2014<\/h3>\n<\/header>\n<div class=\"entry-content\">\n<div class=\"article\" style=\"text-align: center\">\n<h2 style=\"text-align: center\">Kategoria gimnazjum<\/h2>\n<p style=\"text-align: center\">Nagrody indywidualne<\/p>\n<p style=\"text-align: center\">Liczby w czwartej kolumnie oznaczaj\u0105 sumy uzyskanych punkt\u00f3w (na 24 mo\u017cliwe).<\/p>\n<div>\n<table style=\"width: 672px;height: 418px;margin-left: auto;margin-right: auto\" border=\"1\" cellspacing=\"1\" cellpadding=\"0\">\n<tbody>\n<tr bgcolor=\"#ffff33\">\n<td width=\"2%\">\n<p style=\"text-align: center\">1<\/p>\n<\/td>\n<td>Karolina Tkaczuk<\/td>\n<td>Publiczne Gimnazjum nr 3 im. Jaros\u0142awa Kostycewicza w Bielsku Podlaskim<\/td>\n<td>23<\/td>\n<td>nagroda I stopnia<\/td>\n<\/tr>\n<tr bgcolor=\"#e9e9e9\">\n<td rowspan=\"2\" width=\"2%\">\n<p style=\"text-align: center\">2<\/p>\n<\/td>\n<td>Franciszek Budrowski<\/td>\n<td>Spo\u0142eczne Gimnazjum STO nr 2 w Bia\u0142ymstoku<\/td>\n<td rowspan=\"2\">20<\/td>\n<td rowspan=\"3\">nagrody II stopnia<\/td>\n<\/tr>\n<tr bgcolor=\"#e9e9e9\">\n<td>Jacek Jakimiuk<\/td>\n<td>Publiczne Gimnazjum nr 3 im. Izabeli Branickiej w Bia\u0142ymstoku<\/td>\n<\/tr>\n<tr bgcolor=\"#e9e9e9\">\n<td width=\"2%\">\n<p style=\"text-align: center\">4<\/p>\n<\/td>\n<td>Tomasz Smolarczyk<\/td>\n<td>Spo\u0142eczne Gimnazjum STO nr 2 w Bia\u0142ymstoku<\/td>\n<td>18<\/td>\n<\/tr>\n<tr bgcolor=\"#ffd5bf\">\n<td width=\"2%\">\n<p style=\"text-align: center\">5<\/p>\n<\/td>\n<td>Jan Murawski<\/td>\n<td>Publiczne Gimnazjum nr 6 im. T. Ko\u015bciuszki w \u0141om\u017cy<\/td>\n<td>14<\/td>\n<td rowspan=\"2\">nagrody III stopnia<\/td>\n<\/tr>\n<tr bgcolor=\"#ffd5bf\">\n<td width=\"2%\">\n<p style=\"text-align: center\">6<\/p>\n<\/td>\n<td>Julia Szydlik<\/td>\n<td>Publiczne Gimnazjum nr 32 w Bia\u0142ymstoku<\/td>\n<td>12<\/td>\n<\/tr>\n<tr bgcolor=\"#ccffcc\">\n<td rowspan=\"3\" width=\"2%\">\n<p style=\"text-align: center\">7<\/p>\n<\/td>\n<td>Marta Banel<\/td>\n<td>Publiczne Gimnazjum nr 1 im. ks. W\u0142. Rabczy\u0144skiego w Wasilkowie<\/td>\n<td rowspan=\"3\">8<\/td>\n<td rowspan=\"4\">wyr\u00f3\u017cnienia<\/td>\n<\/tr>\n<tr bgcolor=\"#ccffcc\">\n<td>Grzegorz Ignatowicz<\/td>\n<td>Publiczne Gimnazjum nr 3 im. Jaros\u0142awa Kostycewicza w Bielsku Podlaskim<\/td>\n<\/tr>\n<tr bgcolor=\"#ccffcc\">\n<td>Anna Stpiczy\u0144ska<\/td>\n<td>Publiczne Gimnazjum nr 6 im. T. Ko\u015bciuszki w \u0141om\u017cy<\/td>\n<\/tr>\n<tr bgcolor=\"#ccffcc\">\n<td width=\"2%\">\n<p style=\"text-align: center\">10<\/p>\n<\/td>\n<td>Dariusz Klimowicz<\/td>\n<td>Publiczne Gimnazjum nr 32 w Bia\u0142ymstoku<\/td>\n<td>7<\/td>\n<\/tr>\n<\/tbody>\n<\/table>\n<\/div>\n<div class=\"article\">\n<h2 style=\"text-align: center\">Kategoria klas pierwszych<\/h2>\n<p style=\"text-align: center\">Nagrody indywidualne<\/p>\n<p style=\"text-align: center\">Liczby w czwartej kolumnie oznaczaj\u0105 sumy uzyskanych punkt\u00f3w (na 24 mo\u017cliwe).<\/p>\n<div style=\"text-align: center\">\n<table style=\"width: 672px;height: 418px;margin-left: auto;margin-right: auto\" border=\"1\" cellspacing=\"1\" cellpadding=\"0\">\n<tbody>\n<tr bgcolor=\"#ffff33\">\n<td width=\"2%\">\n<p style=\"text-align: center\">1<\/p>\n<\/td>\n<td>Micha\u0142 \u0141upi\u0144ski<\/td>\n<td>I Liceum Og\u00f3lnokszta\u0142c\u0105ce im. T. Ko\u015bciuszki w \u0141om\u017cy<\/td>\n<td>24<\/td>\n<td>nagroda I stopnia<\/td>\n<\/tr>\n<tr bgcolor=\"#e9e9e9\">\n<td width=\"2%\">\n<p style=\"text-align: center\">2<\/p>\n<\/td>\n<td>Kinga Bronakowska<\/td>\n<td>I Liceum Og\u00f3lnokszta\u0142c\u0105ce im. T. Ko\u015bciuszki w \u0141om\u017cy<\/td>\n<td>20<\/td>\n<td rowspan=\"2\">nagrody II stopnia<\/td>\n<\/tr>\n<tr bgcolor=\"#e9e9e9\">\n<td width=\"2%\">\n<p style=\"text-align: center\">3<\/p>\n<\/td>\n<td>\u0141ukasz Grabowski<\/td>\n<td>I Liceum Og\u00f3lnokszta\u0142c\u0105ce im. T. Ko\u015bciuszki w \u0141om\u017cy<\/td>\n<td>19<\/td>\n<\/tr>\n<tr bgcolor=\"#ffd5bf\">\n<td rowspan=\"3\" width=\"2%\">\n<p style=\"text-align: center\">4<\/p>\n<\/td>\n<td>Anna Bia\u0142okozowicz<\/td>\n<td>I Liceum Og\u00f3lnokszta\u0142c\u0105ce im. A. Mickiewicza w Bia\u0142ymstoku<\/td>\n<td rowspan=\"3\">17<\/td>\n<td rowspan=\"4\">nagrody III stopnia<\/td>\n<\/tr>\n<tr bgcolor=\"#ffd5bf\">\n<td>Anna Muszy\u0144ska<\/td>\n<td>I Liceum Og\u00f3lnokszta\u0142c\u0105ce im. A. Mickiewicza w Bia\u0142ymstoku<\/td>\n<\/tr>\n<tr bgcolor=\"#ffd5bf\">\n<td>Mateusz Wendo\u0142owicz<\/td>\n<td>II Liceum Og\u00f3lnokszta\u0142c\u0105ce im. Anny z Sapieh\u00f3w Jab\u0142onowskiej w Bia\u0142ymstoku<\/td>\n<\/tr>\n<tr bgcolor=\"#ffd5bf\">\n<td width=\"2%\">\n<p style=\"text-align: center\">7<\/p>\n<\/td>\n<td>Dominik Korz\u0105tkowski<\/td>\n<td>I Liceum Og\u00f3lnokszta\u0142c\u0105ce im. A. Mickiewicza w Bia\u0142ymstoku<\/td>\n<td>14<\/td>\n<\/tr>\n<tr bgcolor=\"#ccffcc\">\n<td rowspan=\"4\" width=\"2%\">\n<p style=\"text-align: center\">8<\/p>\n<\/td>\n<td>Adam Karwowski<\/td>\n<td>I Liceum Og\u00f3lnokszta\u0142c\u0105ce im. T. Ko\u015bciuszki w \u0141om\u017cy<\/td>\n<td rowspan=\"4\">12<\/td>\n<td rowspan=\"5\">wyr\u00f3\u017cnienia<\/td>\n<\/tr>\n<tr bgcolor=\"#ccffcc\">\n<td>Maciej Mucha<\/td>\n<td>II Liceum Og\u00f3lnokszta\u0142c\u0105ce im. Anny z Sapieh\u00f3w Jab\u0142onowskiej w Bia\u0142ymstoku<\/td>\n<\/tr>\n<tr bgcolor=\"#ccffcc\">\n<td>Jakub Niewi\u0144ski<\/td>\n<td>VI Liceum Og\u00f3lnokszta\u0142c\u0105ce im. A. Mickiewicza w Bia\u0142ymstoku<\/td>\n<\/tr>\n<tr bgcolor=\"#ccffcc\">\n<td>Marek Smolarczyk<\/td>\n<td>I Liceum Og\u00f3lnokszta\u0142c\u0105ce im. A. Mickiewicza w Bia\u0142ymstoku<\/td>\n<\/tr>\n<tr bgcolor=\"#ccffcc\">\n<td width=\"2%\">\n<p style=\"text-align: center\">12<\/p>\n<\/td>\n<td>Monika Zieli\u0144ska<\/td>\n<td>I Liceum Og\u00f3lnokszta\u0142c\u0105ce im. A. Mickiewicza w Bia\u0142ymstoku<\/td>\n<td>10<\/td>\n<\/tr>\n<\/tbody>\n<\/table>\n<\/div>\n<div class=\"article\">\n<div style=\"text-align: center\">&nbsp;<\/div>\n<p style=\"text-align: center\">Nagrodzone zespo\u0142y<\/p>\n<p>Liczby w czwartej kolumnie oznaczaj\u0105 sumy uzyskanych punkt\u00f3w.<\/p>\n<h2 style=\"text-align: center\">&nbsp;<\/h2>\n<table style=\"width: 672px;margin-left: auto;margin-right: auto\" border=\"1\" cellspacing=\"1\" cellpadding=\"0\">\n<tbody>\n<tr>\n<td style=\"width: 6%;background-color: #ffff33;text-align: center\" valign=\"middle\">\n<p style=\"text-align: center\">1<\/p>\n<\/td>\n<td style=\"text-align: center\" valign=\"top\" bgcolor=\"#ffff33\" width=\"39%\">Kinga Bronakowska, Adam Karwowski, Micha\u0142 \u0141upi\u0144ski<\/td>\n<td style=\"text-align: center\" valign=\"top\" bgcolor=\"#ffff33\">I Liceum Og\u00f3lnokszta\u0142c\u0105ce im. T. Ko\u015bciuszki w \u0141om\u017cy<\/td>\n<td style=\"background-color: #ffff33;text-align: center\" valign=\"middle\">\n<p style=\"text-align: center\">56<\/p>\n<\/td>\n<\/tr>\n<tr style=\"background-color: #e9e9e9\">\n<td style=\"width: 6%;text-align: center\" valign=\"middle\">\n<p style=\"text-align: center\">2<\/p>\n<\/td>\n<td style=\"width: 39%;text-align: center\" valign=\"middle\">Anna Bia\u0142okozowicz, Anna Muszy\u0144ska, Monika Zieli\u0144ska<\/td>\n<td style=\"text-align: center\" valign=\"middle\">I Liceum Og\u00f3lnokszta\u0142c\u0105ce im. A. Mickiewicza w Bia\u0142ymstoku<\/td>\n<td style=\"text-align: center\" valign=\"middle\">\n<p style=\"text-align: center\">44<\/p>\n<\/td>\n<\/tr>\n<tr style=\"background-color: #ffd5bf\">\n<td style=\"text-align: center\" valign=\"middle\">\n<p style=\"text-align: center\">4<\/p>\n<\/td>\n<td style=\"text-align: center\" valign=\"middle\">Szymon Buczy\u0144ski, \u0141ukasz Grabowski, Igor Ko\u0142akowski<\/td>\n<td style=\"text-align: center\" valign=\"middle\">I Liceum Og\u00f3lnokszta\u0142c\u0105ce im. T. Ko\u015bciuszki w \u0141om\u017cy (drugi zesp\u00f3\u0142)<\/td>\n<td style=\"text-align: center\" valign=\"middle\">\n<p style=\"text-align: center\">33<\/p>\n<\/td>\n<\/tr>\n<tr style=\"background-color: #ffd5bf\">\n<td style=\"width: 6%;text-align: center\" valign=\"middle\">\n<p style=\"text-align: center\">5<\/p>\n<\/td>\n<td style=\"width: 6%;text-align: center\" valign=\"middle\">Dominik Korz\u0105tkowski, Marek Smolarczyk, Dominika Wasilewska<\/td>\n<td style=\"width: 6%;text-align: center\" valign=\"middle\">I Liceum Og\u00f3lnokszta\u0142c\u0105ce im. A. Mickiewicza w Bia\u0142ymstoku (drugi zesp\u00f3\u0142)<\/td>\n<td style=\"width: 6%;text-align: center\" valign=\"middle\">\n<p style=\"text-align: center\">32<\/p>\n<\/td>\n<\/tr>\n<\/tbody>\n<\/table>\n<h2 style=\"text-align: center\">&nbsp;<\/h2>\n<h2 style=\"text-align: center\">Kategoria klas drugich<\/h2>\n<p style=\"text-align: center\">Nagrody indywidualne<\/p>\n<p style=\"text-align: center\">Liczby w czwartej kolumnie oznaczaj\u0105 sumy uzyskanych punkt\u00f3w (na 24 mo\u017cliwe).<\/p>\n<div style=\"text-align: center\">\n<table style=\"width: 672px;height: 418px;margin-left: auto;margin-right: auto\" border=\"1\" cellspacing=\"1\" cellpadding=\"0\">\n<tbody>\n<tr bgcolor=\"#ffff33\">\n<td width=\"2%\">\n<p style=\"text-align: center\">1<\/p>\n<\/td>\n<td>Micha\u0142 Swidzi\u0144ski<\/td>\n<td>II Liceum Og\u00f3lnokszta\u0142c\u0105ce im. Anny z Sapieh\u00f3w Jab\u0142onowskiej w Bia\u0142ymstoku<\/td>\n<td>24<\/td>\n<td>nagroda I stopnia<\/td>\n<\/tr>\n<tr bgcolor=\"#e9e9e9\">\n<td rowspan=\"2\" width=\"2%\">\n<p style=\"text-align: center\">2<\/p>\n<\/td>\n<td>Przemys\u0142aw Koz\u0142owski<\/td>\n<td>I Liceum Og\u00f3lnokszta\u0142c\u0105ce im. A. Mickiewicza w Bia\u0142ymstoku<\/td>\n<td rowspan=\"2\">18<\/td>\n<td rowspan=\"3\">nagrody II stopnia<\/td>\n<\/tr>\n<tr bgcolor=\"#e9e9e9\">\n<td>Weronika Miszkiel<\/td>\n<td>I Liceum Og\u00f3lnokszta\u0142c\u0105ce im. A. Mickiewicza w Bia\u0142ymstoku<\/td>\n<\/tr>\n<tr bgcolor=\"#e9e9e9\">\n<td width=\"2%\">\n<p style=\"text-align: center\">4<\/p>\n<\/td>\n<td>Emanuel Zarzecki<\/td>\n<td>I Liceum Og\u00f3lnokszta\u0142c\u0105ce im. T. Ko\u015bciuszki w \u0141om\u017cy<\/td>\n<td>16<\/td>\n<\/tr>\n<tr bgcolor=\"#ffd5bf\">\n<td width=\"2%\">\n<p style=\"text-align: center\">5<\/p>\n<\/td>\n<td>\u0141ukasz Szab\u0142owski<\/td>\n<td>I Liceum Og\u00f3lnokszta\u0142c\u0105ce im. T. Ko\u015bciuszki w \u0141om\u017cy<\/td>\n<td>14<\/td>\n<td>nagroda III stopnia<\/td>\n<\/tr>\n<tr bgcolor=\"#ccffcc\">\n<td width=\"2%\">\n<p style=\"text-align: center\">6<\/p>\n<\/td>\n<td>Anna Koz\u0142owska<\/td>\n<td>I Liceum Og\u00f3lnokszta\u0142c\u0105ce im. T. Ko\u015bciuszki w \u0141om\u017cy<\/td>\n<td>9<\/td>\n<td rowspan=\"6\">wyr\u00f3\u017cnienia<\/td>\n<\/tr>\n<tr bgcolor=\"#ccffcc\">\n<td rowspan=\"5\" width=\"2%\">\n<p style=\"text-align: center\">7<\/p>\n<\/td>\n<td>Jacek Andrzejewski<\/td>\n<td>Liceum Og\u00f3lnokszta\u0142c\u0105ce im. Miko\u0142aja Kopernika w Sok\u00f3\u0142ce<\/td>\n<td rowspan=\"5\">8<\/td>\n<\/tr>\n<tr bgcolor=\"#ccffcc\">\n<td>Witali Bu\u0142atow<\/td>\n<td>IV Liceum Og\u00f3lnokszta\u0142c\u0105ce im. C.K Norwida w Bia\u0142ymstoku<\/td>\n<\/tr>\n<tr bgcolor=\"#ccffcc\">\n<td>Kamil Kundzicz<\/td>\n<td>Liceum Og\u00f3lnokszta\u0142c\u0105ce im. Miko\u0142aja Kopernika w Sok\u00f3\u0142ce<\/td>\n<\/tr>\n<tr bgcolor=\"#ccffcc\">\n<td>Micha\u0142 Mieszkuniec<\/td>\n<td>III Liceum Og\u00f3lnokszta\u0142c\u0105ce im. K.K. Baczy\u0144skiego w Bia\u0142ymstoku<\/td>\n<\/tr>\n<tr bgcolor=\"#ccffcc\">\n<td>Przemys\u0142aw Perkowski<\/td>\n<td>I Liceum Og\u00f3lnokszta\u0142c\u0105ce im. A. Mickiewicza w Bia\u0142ymstoku<\/td>\n<\/tr>\n<\/tbody>\n<\/table>\n<\/div>\n<div class=\"article\">\n<div style=\"text-align: center\">&nbsp;<\/div>\n<p style=\"text-align: center\">Nagrodzone zespo\u0142y<\/p>\n<p>Liczby w czwartej kolumnie oznaczaj\u0105 sumy uzyskanych punkt\u00f3w.<\/p>\n<h2 style=\"text-align: center\">&nbsp;<\/h2>\n<table style=\"width: 672px;margin-left: auto;margin-right: auto\" border=\"1\" cellspacing=\"1\" cellpadding=\"0\">\n<tbody>\n<tr>\n<td style=\"width: 6%;background-color: #ffff33;text-align: center\" valign=\"middle\">\n<p style=\"text-align: center\">1<\/p>\n<\/td>\n<td style=\"text-align: center\" valign=\"top\" bgcolor=\"#ffff33\" width=\"39%\">Przemys\u0142aw Koz\u0142owski, Weronika Miszkiel, Przemys\u0142aw Perkowski<\/td>\n<td style=\"text-align: center\" valign=\"top\" bgcolor=\"#ffff33\">I Liceum Og\u00f3lnokszta\u0142c\u0105ce im. A. Mickiewicza w Bia\u0142ymstoku<\/td>\n<td style=\"background-color: #ffff33;text-align: center\" valign=\"middle\">\n<p style=\"text-align: center\">44<\/p>\n<\/td>\n<\/tr>\n<tr style=\"background-color: #e9e9e9\">\n<td style=\"width: 6%;text-align: center\" valign=\"middle\">\n<p style=\"text-align: center\">2<\/p>\n<\/td>\n<td style=\"width: 39%;text-align: center\" valign=\"middle\">Natalia Snopko, Beata Kakareko, Micha\u0142 Swidzi\u0144ski<\/td>\n<td style=\"text-align: center\" valign=\"middle\">II Liceum Og\u00f3lnokszta\u0142c\u0105ce im. Anny z Sapieh\u00f3w Jab\u0142onowskiej w Bia\u0142ymstoku<\/td>\n<td style=\"text-align: center\" valign=\"middle\">\n<p style=\"text-align: center\">29<\/p>\n<\/td>\n<\/tr>\n<tr style=\"background-color: #ffd5bf\">\n<td style=\"text-align: center\" valign=\"middle\">\n<p style=\"text-align: center\">4<\/p>\n<\/td>\n<td style=\"text-align: center\" valign=\"middle\">Aleksandra Dajnowicz, Katarzyna Pawelczyk, Emanuel Zarzecki<\/td>\n<td style=\"text-align: center\" valign=\"middle\">I Liceum Og\u00f3lnokszta\u0142c\u0105ce im. T. Ko\u015bciuszki w \u0141om\u017cy<\/td>\n<td style=\"text-align: center\" valign=\"middle\">\n<p style=\"text-align: center\">24<\/p>\n<\/td>\n<\/tr>\n<\/tbody>\n<\/table>\n<\/div>\n<\/div>\n<\/div>\n<\/div>\n<\/div>\n<p><!-- entry-content --><\/p>\n<\/article>\n<article class=\"hentry bordered-content\">\n<header>\n<hr>\n<h3 class=\"entry-title\">Rozwi\u0105zania zada\u0144 konkursowych &#8212; klasy drugie 2014<\/h3>\n<\/header>\n<div class=\"entry-content\">\n<p><a class=\"zadania-link\" href=\"https:\/\/pb.edu.pl\/km\/wp-content\/uploads\/sites\/121\/2024\/04\/rozw_II_14.pdf\">Plik PDF<\/a><\/p>\n<\/div>\n<\/article>\n<article class=\"hentry bordered-content\">\n<header>\n<hr>\n<h3 class=\"entry-title\">Rozwi\u0105zania zada\u0144 konkursowych &#8212; klasy pierwsze 2014<\/h3>\n<\/header>\n<div class=\"entry-content\">\n<p><a class=\"zadania-link\" href=\"https:\/\/pb.edu.pl\/km\/wp-content\/uploads\/sites\/121\/2024\/04\/rozw_I_14.pdf\">Plik PDF<\/a><\/p>\n<\/div>\n<\/article>\n<article class=\"hentry bordered-content\">\n<header>\n<hr>\n<h3 class=\"entry-title\">Rozwi\u0105zania zada\u0144 konkursowych &#8212; gimnazjum 2014<\/h3>\n<\/header>\n<div class=\"entry-content\">\n<p><a class=\"zadania-link\" href=\"https:\/\/pb.edu.pl\/km\/wp-content\/uploads\/sites\/121\/2024\/04\/rozw_gim_14.pdf\">Plik PDF<\/a><\/p>\n<\/div>\n<\/article>\n<article class=\"hentry bordered-content\">\n<header>\n<hr>\n<h3 class=\"entry-title\">Zadania konkursowe &#8212; klasy drugie 2014<\/h3>\n<\/header>\n<div class=\"entry-content\">\n<p><a class=\"zadania-link\" href=\"https:\/\/pb.edu.pl\/km\/wp-content\/uploads\/sites\/121\/2024\/04\/zad_kon_II_14.pdf\">Plik PDF<\/a><\/p>\n<\/div>\n<hr>\n<h3><span style=\"color: inherit;font-family: Saira, sans-serif;font-size: 14pt\">Zadania konkursowe &#8212; klasy pierwsze 2014<\/span><\/h3>\n<\/article>\n<article class=\"hentry bordered-content\">\n<div class=\"entry-content\">\n<p><a class=\"zadania-link\" href=\"https:\/\/pb.edu.pl\/km\/wp-content\/uploads\/sites\/121\/2024\/04\/zad_kon_I_14.pdf\">Plik PDF<\/a><\/p>\n<\/div>\n<p><!-- entry-content --><\/p>\n<\/article>\n","protected":false},"excerpt":{"rendered":"<p>Zako\u0144czenie konkursu Zako\u0144czenie Konkursu odb\u0119dzie si\u0119 26 maja o godzinie 12:15 w auli I Wydzia\u0142u<\/p>\n","protected":false},"author":161,"featured_media":0,"parent":0,"menu_order":0,"comment_status":"closed","ping_status":"closed","template":"","meta":{"_acf_changed":false,"ngg_post_thumbnail":0,"footnotes":""},"class_list":["post-2492","page","type-page","status-publish","hentry"],"acf":[],"_links":{"self":[{"href":"https:\/\/pb.edu.pl\/km\/wp-json\/wp\/v2\/pages\/2492","targetHints":{"allow":["GET"]}}],"collection":[{"href":"https:\/\/pb.edu.pl\/km\/wp-json\/wp\/v2\/pages"}],"about":[{"href":"https:\/\/pb.edu.pl\/km\/wp-json\/wp\/v2\/types\/page"}],"author":[{"embeddable":true,"href":"https:\/\/pb.edu.pl\/km\/wp-json\/wp\/v2\/users\/161"}],"replies":[{"embeddable":true,"href":"https:\/\/pb.edu.pl\/km\/wp-json\/wp\/v2\/comments?post=2492"}],"version-history":[{"count":0,"href":"https:\/\/pb.edu.pl\/km\/wp-json\/wp\/v2\/pages\/2492\/revisions"}],"wp:attachment":[{"href":"https:\/\/pb.edu.pl\/km\/wp-json\/wp\/v2\/media?parent=2492"}],"curies":[{"name":"wp","href":"https:\/\/api.w.org\/{rel}","templated":true}]}}