{"id":2483,"date":"2024-04-03T10:42:39","date_gmt":"2024-04-03T08:42:39","guid":{"rendered":"https:\/\/pb.edu.pl\/km\/?page_id=2483"},"modified":"2024-04-13T13:23:10","modified_gmt":"2024-04-13T11:23:10","slug":"konkurs-2015","status":"publish","type":"page","link":"https:\/\/pb.edu.pl\/km\/konkurs-2015\/","title":{"rendered":"Konkurs 2015"},"content":{"rendered":"<article class=\"hentry bordered-content\">\n<header><\/header>\n<article class=\"hentry bordered-content\">\n<header>\n<h3 class=\"entry-title\"><a title=\"Galeria 2015\" href=\"https:\/\/pb.edu.pl\/km\/konkurs-2015\/galeria-2015\/\" rel=\"bookmark\">Zdj\u0119cia z zako\u0144czenia<\/a><\/h3>\n<\/header>\n<div class=\"entry-content\">\n<div>\n<hr>\n<\/div>\n<\/div>\n<\/article>\n<p><span style=\"color: inherit;font-family: Saira, sans-serif;font-size: 2rem\">Zako\u0144czenie konkursu<\/span><\/p>\n<\/article>\n<article class=\"hentry bordered-content\">\n<div class=\"entry-content\">\n<div style=\"text-align: center;line-height: 1.3\"><span style=\"font-size: 12pt\"><strong>Zako\u0144czenie Konkursu odb\u0119dzie si\u0119 3 czerwca o godzinie 12:15 w auli 12B Wydzia\u0142u Informatyki PB, ul. Wiejska 45A (w tej samej sali, w kt\u00f3rej odbywa\u0142 si\u0119 konkurs dla uczni\u00f3w liceum).<\/strong><\/span><\/div>\n<p>&nbsp;<\/p>\n<div style=\"text-align: center\"><span style=\"font-size: 12pt\"><strong>Serdecznie zapraszamy!<\/strong><\/span><\/div>\n<\/div>\n<p><!-- entry-content --><\/p>\n<\/article>\n<article class=\"hentry bordered-content\">\n<header>\n<hr>\n<h3 class=\"entry-title\">Rozwi\u0105zania zada\u0144 konkursowych &#8212; klasy drugie 2015<\/h3>\n<\/header>\n<div class=\"entry-content\">\n<p><a class=\"zadania-link\" href=\"https:\/\/pb.edu.pl\/km\/wp-content\/uploads\/sites\/121\/2024\/04\/rozw_II_15.pdf\">Plik PDF<\/a><\/p>\n<\/div>\n<p><!-- entry-content --><\/p>\n<\/article>\n<article class=\"hentry bordered-content\">\n<header>\n<hr>\n<h3 class=\"entry-title\">Rozwi\u0105zania zada\u0144 konkursowych &#8212; klasy pierwsze 201<a title=\"Permalink to Rozwi\u0105zania zada\u0144 konkursowych -- klasy pierwsze 2015\" href=\"..\/konkurs-2015__rozwizania-zada-konkursowych-klasy-pierwsze-2015.html\" rel=\"bookmark\">5<\/a><\/h3>\n<\/header>\n<div class=\"entry-content\">\n<p><a class=\"zadania-link\" href=\"https:\/\/pb.edu.pl\/km\/wp-content\/uploads\/sites\/121\/2024\/04\/rozw_I_15.pdf\">Plik PDF<\/a><\/p>\n<\/div>\n<p><!-- entry-content --><\/p>\n<\/article>\n<article class=\"hentry bordered-content\">\n<header>\n<hr>\n<h3 class=\"entry-title\">Zadania konkursowe &#8212; klasy drugie 2015<\/h3>\n<\/header>\n<div class=\"entry-content\">\n<p><a class=\"zadania-link\" href=\"https:\/\/pb.edu.pl\/km\/wp-content\/uploads\/sites\/121\/2024\/04\/zad_kon_ii_15.pdf\">Plik PDF<\/a><\/p>\n<\/div>\n<p><!-- entry-content --><\/p>\n<\/article>\n<article class=\"hentry bordered-content\">\n<header>\n<hr>\n<h3 class=\"entry-title\">Zadania konkursowe &#8212; klasy pierwsze 2015<\/h3>\n<\/header>\n<div class=\"entry-content\">\n<p><a class=\"zadania-link\" href=\"https:\/\/pb.edu.pl\/km\/wp-content\/uploads\/sites\/121\/2024\/04\/zad_kon_i_15.pdf\">Plik PDF<\/a><\/p>\n<\/div>\n<p><!-- entry-content --><\/p>\n<\/article>\n<article class=\"hentry bordered-content\">\n<header>\n<hr>\n<h3 class=\"entry-title\">Laureaci 2015<\/h3>\n<\/header>\n<div class=\"entry-content\">\n<div class=\"article\">\n<p>&nbsp;<\/p>\n<h2 style=\"text-align: center\">Kategoria gimnazjum<\/h2>\n<p>&nbsp;<\/p>\n<p style=\"text-align: center\">Nagrody indywidualne<\/p>\n<p style=\"text-align: center\">Liczby w czwartej kolumnie oznaczaj\u0105 sumy uzyskanych punkt\u00f3w (na 24 mo\u017cliwe).<\/p>\n<div style=\"text-align: center\">\n<table style=\"width: 672px;height: 418px;margin-left: auto;margin-right: auto\" border=\"1\" cellspacing=\"1\" cellpadding=\"0\">\n<tbody>\n<tr bgcolor=\"#ffff33\">\n<td width=\"4%\">\n<p style=\"text-align: center\">1<\/p>\n<\/td>\n<td>Jagoda Maria Bracha<\/td>\n<td>Pryw. Gimn. im. Kr\u00f3lowej Jadwigi, Lublin<\/td>\n<td>24<\/td>\n<td>nagroda I stopnia<\/td>\n<\/tr>\n<tr bgcolor=\"#e9e9e9\">\n<td rowspan=\"2\" width=\"4%\">\n<p style=\"text-align: center\">2<\/p>\n<\/td>\n<td>Grzegorz Kiersnowski<\/td>\n<td>PG 32 w Bia\u0142ymstoku<\/td>\n<td rowspan=\"2\">19<\/td>\n<td rowspan=\"4\">nagrody II stopnia<\/td>\n<\/tr>\n<tr bgcolor=\"#e9e9e9\">\n<td>Damian Werpachowski<\/td>\n<td>PG 32 w Bia\u0142ymstoku<\/td>\n<\/tr>\n<tr bgcolor=\"#e9e9e9\">\n<td rowspan=\"2\" width=\"4%\">\n<p style=\"text-align: center\">4<\/p>\n<\/td>\n<td>Tomasz Modzelewski<\/td>\n<td>PG 6 im. T. Ko\u015bciuszki w \u0141om\u017cy<\/td>\n<td rowspan=\"2\">18<\/td>\n<\/tr>\n<tr bgcolor=\"#e9e9e9\">\n<td>Anna Stpiczy\u0144ska<\/td>\n<td>PG 6 im. T. Ko\u015bciuszki w \u0141om\u017cy<\/td>\n<\/tr>\n<tr bgcolor=\"#ffd5bf\">\n<td width=\"4%\">\n<p style=\"text-align: center\">6<\/p>\n<\/td>\n<td>Alicja Turowska<\/td>\n<td>PG 6 im. T. Ko\u015bciuszki w \u0141om\u017cy<\/td>\n<td>16<\/td>\n<td rowspan=\"2\">nagrody III stopnia<\/td>\n<\/tr>\n<tr bgcolor=\"#ffd5bf\">\n<td width=\"4%\">\n<p style=\"text-align: center\">7<\/p>\n<\/td>\n<td>Aleksandra Kasperuk<\/td>\n<td>PG 2 Siemiatycze<\/td>\n<td>13<\/td>\n<\/tr>\n<tr bgcolor=\"#ccffcc\">\n<td width=\"4%\">\n<p style=\"text-align: center\">8<\/p>\n<\/td>\n<td>Szymon Tworkowski<\/td>\n<td>PG 1 Bia\u0142ystok<\/td>\n<td>10<\/td>\n<td rowspan=\"5\">wyr\u00f3\u017cnienia<\/td>\n<\/tr>\n<tr bgcolor=\"#ccffcc\">\n<td rowspan=\"4\" width=\"4%\">\n<p style=\"text-align: center\">9<\/p>\n<\/td>\n<td>Grzegorz Kobus<\/td>\n<td>PG 32 w Bia\u0142ymstoku<\/td>\n<td rowspan=\"4\">8<\/td>\n<\/tr>\n<tr bgcolor=\"#ccffcc\">\n<td>Kamil Rogowski<\/td>\n<td>PG 6 im. T. Ko\u015bciuszki w \u0141om\u017cy<\/td>\n<\/tr>\n<tr bgcolor=\"#ccffcc\">\n<td>Krzysztof Sk\u0142adanek<\/td>\n<td>PG 32 w Bia\u0142ymstoku<\/td>\n<\/tr>\n<tr bgcolor=\"#ccffcc\">\n<td>Tomasz Smolarczyk<\/td>\n<td>SG STO 2 Bia\u0142ystok<\/td>\n<\/tr>\n<\/tbody>\n<\/table>\n<\/div>\n<div class=\"article\">\n<p>&nbsp;<\/p>\n<h2 style=\"text-align: center\">Kategoria klas pierwszych<\/h2>\n<p>&nbsp;<\/p>\n<p style=\"text-align: center\">Nagrody indywidualne<\/p>\n<p style=\"text-align: center\">Liczby w czwartej kolumnie oznaczaj\u0105 sumy uzyskanych punkt\u00f3w (na 24 mo\u017cliwe).<\/p>\n<div style=\"text-align: center\">\n<table style=\"width: 672px;height: 418px;margin-left: auto;margin-right: auto\" border=\"1\" cellspacing=\"1\" cellpadding=\"0\">\n<tbody>\n<tr bgcolor=\"#ffff33\">\n<td rowspan=\"3\" width=\"4%\">\n<p style=\"text-align: center\">1<\/p>\n<\/td>\n<td>Marta Banel<\/td>\n<td>I LO Bia\u0142ystok<\/td>\n<td rowspan=\"3\">24<\/td>\n<td rowspan=\"3\">nagrody I stopnia<\/td>\n<\/tr>\n<tr bgcolor=\"#ffff33\">\n<td>Franciszek Budrowski<\/td>\n<td>I LO Bia\u0142ystok<\/td>\n<\/tr>\n<tr bgcolor=\"#ffff33\">\n<td>Jan Murawski<\/td>\n<td>I LO \u0141om\u017ca<\/td>\n<\/tr>\n<tr bgcolor=\"#e9e9e9\">\n<td width=\"4%\">\n<p style=\"text-align: center\">4<\/p>\n<\/td>\n<td>Karolina Tkaczuk<\/td>\n<td>II LO DNJB Bielsk Podl.<\/td>\n<td>20<\/td>\n<td>nagroda II stopnia<\/td>\n<\/tr>\n<tr bgcolor=\"#ccffcc\">\n<td rowspan=\"3\" width=\"4%\">\n<p style=\"text-align: center\">5<\/p>\n<\/td>\n<td>Anna Bo\u017cuk<\/td>\n<td>II LO Bia\u0142ystok<\/td>\n<td rowspan=\"3\">12<\/td>\n<td rowspan=\"8\">wyr\u00f3\u017cnienia<\/td>\n<\/tr>\n<tr bgcolor=\"#ccffcc\">\n<td>Wiktoria Gr\u0105dzka<\/td>\n<td>I LO Bia\u0142ystok<\/td>\n<\/tr>\n<tr bgcolor=\"#ccffcc\">\n<td>Jakub Trzcinka<\/td>\n<td>III LO Bia\u0142ystok<\/td>\n<\/tr>\n<tr bgcolor=\"#ccffcc\">\n<td rowspan=\"3\" width=\"4%\">\n<p style=\"text-align: center\">8<\/p>\n<\/td>\n<td>Dariusz Klimowicz<\/td>\n<td>II LO Bia\u0142ystok<\/td>\n<td rowspan=\"3\">11<\/td>\n<\/tr>\n<tr bgcolor=\"#ccffcc\">\n<td>Kamil Kojro<\/td>\n<td>I LO \u0141om\u017ca<\/td>\n<\/tr>\n<tr bgcolor=\"#ccffcc\">\n<td>Aleksandra Kondrat<\/td>\n<td>II LO Bia\u0142ystok<\/td>\n<\/tr>\n<tr bgcolor=\"#ccffcc\">\n<td rowspan=\"2\" width=\"4%\">\n<p style=\"text-align: center\">11<\/p>\n<\/td>\n<td>Jakub My\u015bliwiec<\/td>\n<td>II LO Bia\u0142ystok<\/td>\n<td rowspan=\"2\">10<\/td>\n<\/tr>\n<tr bgcolor=\"#ccffcc\">\n<td>Magdalena Samordak<\/td>\n<td>I LO \u0141om\u017ca<\/td>\n<\/tr>\n<\/tbody>\n<\/table>\n<\/div>\n<div class=\"article\">\n<p>&nbsp;<\/p>\n<p style=\"text-align: center\">Nagrodzone zespo\u0142y<\/p>\n<p style=\"text-align: center\">Liczby w czwartej kolumnie oznaczaj\u0105 sumy uzyskanych punkt\u00f3w.<\/p>\n<h2 style=\"text-align: center\">&nbsp;<\/h2>\n<table style=\"width: 672px;margin-left: auto;margin-right: auto\" border=\"1\" cellspacing=\"1\" cellpadding=\"0\">\n<tbody>\n<tr>\n<td style=\"width: 6%;background-color: #ffff33;text-align: center\" valign=\"middle\">\n<p style=\"text-align: center\">1<\/p>\n<\/td>\n<td style=\"text-align: center\" valign=\"top\" bgcolor=\"#ffff33\" width=\"39%\">Marta Banel, Franciszek Budrowski, Jolanta Mozyrska<\/td>\n<td style=\"text-align: center\" valign=\"top\" bgcolor=\"#ffff33\">I Liceum Og\u00f3lnokszta\u0142c\u0105ce im. A. Mickiewicza w Bia\u0142ymstoku<\/td>\n<td style=\"background-color: #ffff33;text-align: center\" valign=\"middle\">\n<p style=\"text-align: center\">50<\/p>\n<\/td>\n<\/tr>\n<tr style=\"background-color: #e9e9e9\">\n<td style=\"width: 6%;text-align: center\" valign=\"middle\">\n<p style=\"text-align: center\">2<\/p>\n<\/td>\n<td style=\"width: 39%;text-align: center\" valign=\"middle\">Bartosz Chrostowski, Jan Murawski, Magdalena Samordak<\/td>\n<td style=\"text-align: center\" valign=\"middle\">I Liceum Og\u00f3lnokszta\u0142c\u0105ce im. T. Ko\u015bciuszki w \u0141om\u017cy<\/td>\n<td style=\"text-align: center\" valign=\"middle\">\n<p style=\"text-align: center\">42<\/p>\n<\/td>\n<\/tr>\n<tr style=\"background-color: #ffd5bf\">\n<td style=\"text-align: center\" valign=\"middle\">\n<p style=\"text-align: center\">3<\/p>\n<\/td>\n<td style=\"text-align: center\" valign=\"middle\">Dariusz Klimowicz, Aleksandra Kondrat, Jakub My\u015bliwiec<\/td>\n<td style=\"text-align: center\" valign=\"middle\">II Liceum Og\u00f3lnokszta\u0142c\u0105ce im. Anny z Sapieh\u00f3w Jab\u0142onowskiej w Bia\u0142ymstoku<\/td>\n<td style=\"text-align: center\" valign=\"middle\">\n<p style=\"text-align: center\">32<\/p>\n<\/td>\n<\/tr>\n<\/tbody>\n<\/table>\n<h2 style=\"text-align: center\">Kategoria klas drugich<\/h2>\n<p>&nbsp;<\/p>\n<p style=\"text-align: center\">Nagrody indywidualne<\/p>\n<p style=\"text-align: center\">Liczby w czwartej kolumnie oznaczaj\u0105 sumy uzyskanych punkt\u00f3w (na 24 mo\u017cliwe).<\/p>\n<div style=\"text-align: center\">\n<table style=\"width: 672px;height: 418px;margin-left: auto;margin-right: auto\" border=\"1\" cellspacing=\"1\" cellpadding=\"0\">\n<tbody>\n<tr bgcolor=\"#ffff33\">\n<td width=\"4%\">\n<p style=\"text-align: center\">1<\/p>\n<\/td>\n<td>Micha\u0142 \u0141upi\u0144ski<\/td>\n<td>I LO \u0141om\u017ca<\/td>\n<td>24<\/td>\n<td>nagroda I stopnia<\/td>\n<\/tr>\n<tr bgcolor=\"#e9e9e9\">\n<td width=\"4%\">\n<p style=\"text-align: center\">2<\/p>\n<\/td>\n<td>Wojciech Ciszewski<\/td>\n<td>I LO Suwa\u0142ki<\/td>\n<td>18<\/td>\n<td rowspan=\"4\">nagrody II stopnia<\/td>\n<\/tr>\n<tr bgcolor=\"#e9e9e9\">\n<td rowspan=\"2\" width=\"4%\">\n<p style=\"text-align: center\">3<\/p>\n<\/td>\n<td>Piotr Gierda<\/td>\n<td>II LO Bia\u0142ystok<\/td>\n<td rowspan=\"2\">17<\/td>\n<\/tr>\n<tr bgcolor=\"#e9e9e9\">\n<td>Dominik Korz\u0105tkowski<\/td>\n<td>I LO Bia\u0142ystok<\/td>\n<\/tr>\n<tr bgcolor=\"#e9e9e9\">\n<td width=\"4%\">\n<p style=\"text-align: center\">5<\/p>\n<\/td>\n<td>Maciej Mucha<\/td>\n<td>II LO Bia\u0142ystok<\/td>\n<td>16<\/td>\n<\/tr>\n<tr bgcolor=\"#ffd5bf\">\n<td width=\"4%\">\n<p style=\"text-align: center\">6<\/p>\n<\/td>\n<td>Micha\u0142 Prze\u0142omski<\/td>\n<td>I LO Suwa\u0142ki<\/td>\n<td>14<\/td>\n<td>nagroda III stopnia<\/td>\n<\/tr>\n<tr bgcolor=\"#ccffcc\">\n<td rowspan=\"2\" width=\"4%\">\n<p style=\"text-align: center\">7<\/p>\n<\/td>\n<td>Anna Bia\u0142okozowicz<\/td>\n<td>I LO Bia\u0142ystok<\/td>\n<td rowspan=\"2\">12<\/td>\n<td rowspan=\"4\">wyr\u00f3\u017cnienia<\/td>\n<\/tr>\n<tr bgcolor=\"#ccffcc\">\n<td>Adam Skibicki<\/td>\n<td>III LO Bia\u0142ystok<\/td>\n<\/tr>\n<tr bgcolor=\"#ccffcc\">\n<td rowspan=\"2\" width=\"4%\">\n<p style=\"text-align: center\">9<\/p>\n<\/td>\n<td>Jakub Litwinowicz<\/td>\n<td>III LO Bia\u0142ystok<\/td>\n<td rowspan=\"2\">11<\/td>\n<\/tr>\n<tr bgcolor=\"#ccffcc\">\n<td>Szymon Sidoruk<\/td>\n<td>VI LO Bia\u0142ystok<\/td>\n<\/tr>\n<\/tbody>\n<\/table>\n<\/div>\n<div style=\"text-align: center\">\n<p style=\"text-align: center\">Nagrodzone zespo\u0142y<\/p>\n<p style=\"text-align: center\">Liczby w czwartej kolumnie oznaczaj\u0105 sumy uzyskanych punkt\u00f3w.<\/p>\n<h2 style=\"text-align: center\">&nbsp;<\/h2>\n<table style=\"width: 672px;margin-left: auto;margin-right: auto\" border=\"1\" cellspacing=\"1\" cellpadding=\"0\">\n<tbody>\n<tr>\n<td style=\"width: 6%;background-color: #ffff33;text-align: center\" valign=\"middle\">\n<p style=\"text-align: center\">1<\/p>\n<\/td>\n<td style=\"text-align: center\" valign=\"top\" bgcolor=\"#ffff33\" width=\"39%\">Piotr Gierda, Maciej Mucha, Mateusz Wendo\u0142owicz<\/td>\n<td style=\"text-align: center\" valign=\"top\" bgcolor=\"#ffff33\">II Liceum Og\u00f3lnokszta\u0142c\u0105ce im. Anny z Sapieh\u00f3w Jab\u0142onowskiej w Bia\u0142ymstoku<\/td>\n<td style=\"background-color: #ffff33;text-align: center\" valign=\"middle\">\n<p style=\"text-align: center\">39<\/p>\n<\/td>\n<\/tr>\n<tr style=\"background-color: #e9e9e9\">\n<td style=\"width: 6%;text-align: center\" valign=\"middle\">\n<p style=\"text-align: center\">2<\/p>\n<\/td>\n<td style=\"width: 39%;text-align: center\" valign=\"middle\">Micha\u0142 Bronikowski, Wojciech Ciszewski, Micha\u0142 Prze\u0142omski<\/td>\n<td style=\"text-align: center\" valign=\"middle\">I Liceum Og\u00f3lnokszta\u0142c\u0105ce im. Marii Konopnickiej w Suwa\u0142kach<\/td>\n<td style=\"text-align: center\" valign=\"middle\">\n<p style=\"text-align: center\">32<\/p>\n<\/td>\n<\/tr>\n<tr style=\"background-color: #e9e9e9\">\n<td>3<\/td>\n<td>Kinga Bronakowska, Micha\u0142 \u0141upi\u0144ski<\/td>\n<td>I Liceum Og\u00f3lnokszta\u0142c\u0105ce im. T. Ko\u015bciuszki w \u0141om\u017cy<\/td>\n<td>30<\/td>\n<\/tr>\n<tr style=\"background-color: #e9e9e9\">\n<td rowspan=\"2\">4<\/td>\n<td>Jakub Litwinowicz, Magdalena Proszewska, Adam Skibicki<\/td>\n<td>III Liceum Og\u00f3lnokszta\u0142c\u0105ce im. K. K. Baczy\u0144skiego w Bia\u0142ymstoku<\/td>\n<td rowspan=\"2\">29<\/td>\n<\/tr>\n<tr style=\"background-color: #e9e9e9\">\n<td>Bartosz Cybulski, Dominik Korz\u0105tkowski, Anna Muszy\u0144ska<\/td>\n<td>I Liceum Og\u00f3lnokszta\u0142c\u0105ce im. A. Mickiewicza w Bia\u0142ymstoku<\/td>\n<\/tr>\n<\/tbody>\n<\/table>\n<\/div>\n<\/div>\n<\/div>\n<\/div>\n<\/div>\n<p><!-- entry-content --><\/p>\n<\/article>\n","protected":false},"excerpt":{"rendered":"<p>Zdj\u0119cia z zako\u0144czenia Zako\u0144czenie konkursu Zako\u0144czenie Konkursu odb\u0119dzie si\u0119 3 czerwca o godzinie 12:15 w<\/p>\n","protected":false},"author":161,"featured_media":0,"parent":0,"menu_order":0,"comment_status":"closed","ping_status":"closed","template":"","meta":{"_acf_changed":false,"ngg_post_thumbnail":0,"footnotes":""},"class_list":["post-2483","page","type-page","status-publish","hentry"],"acf":[],"_links":{"self":[{"href":"https:\/\/pb.edu.pl\/km\/wp-json\/wp\/v2\/pages\/2483","targetHints":{"allow":["GET"]}}],"collection":[{"href":"https:\/\/pb.edu.pl\/km\/wp-json\/wp\/v2\/pages"}],"about":[{"href":"https:\/\/pb.edu.pl\/km\/wp-json\/wp\/v2\/types\/page"}],"author":[{"embeddable":true,"href":"https:\/\/pb.edu.pl\/km\/wp-json\/wp\/v2\/users\/161"}],"replies":[{"embeddable":true,"href":"https:\/\/pb.edu.pl\/km\/wp-json\/wp\/v2\/comments?post=2483"}],"version-history":[{"count":0,"href":"https:\/\/pb.edu.pl\/km\/wp-json\/wp\/v2\/pages\/2483\/revisions"}],"wp:attachment":[{"href":"https:\/\/pb.edu.pl\/km\/wp-json\/wp\/v2\/media?parent=2483"}],"curies":[{"name":"wp","href":"https:\/\/api.w.org\/{rel}","templated":true}]}}